{"id":213597,"date":"2025-03-14T15:34:21","date_gmt":"2025-03-14T14:34:21","guid":{"rendered":"https:\/\/shop.bantam.ch\/produit\/falteimer-schildkroet\/"},"modified":"2026-05-10T23:24:23","modified_gmt":"2026-05-10T21:24:23","slug":"falteimer-schildkroet","status":"publish","type":"product","link":"https:\/\/shop.bantam.ch\/de\/produkt\/falteimer-schildkroet\/","title":{"rendered":"Falteimer SCHILDKR\u00d6T"},"content":{"rendered":"<p>Wer kennt nicht das Problem kurz vor Abreise in den Urlaub: der Koffer bzw. das Auto quillt eh schon \u00fcber und die Familie bringt eine Sache nach der anderen, die noch mitgenommen werden soll. Zumindest beim Sand-\/Strandspielzeug bietet der neue innovative Falteimer von Schildkr\u00f6t eine L\u00f6sung: Er ist dank der hochwertigen Silikon-Wand wie eine Ziehharmonika zusammenfaltbar und nimmt am Ende nur noch minimalen Platz ein.&nbsp;<\/p>\n<p>Ma\u00dfe: \u00d8 20cm Oberseite, 11 cm Boden, H\u00f6he: 4 &#8211; max. 16cm, Fassungsverm\u00f6gen ca. 2 Liter, mit Tragegriff.&nbsp;<\/p>\n<p>\u00dcber Schildkr\u00f6t: Die \u00fcber 100 Jahre alte deutsche Marke Schildkr\u00f6t gilt als Erfinder des Tischtennisballs. Heute bietet Schildkr\u00f6t neben Tischtennis auch eine sehr umfangreiche Funsport-, Rollsport- und Fitness-Kollektion an und gilt in gewissen Bereichen als Marktf\u00fchrer. Die Produktentwicklung erfolgt ausnahmslos in Deutschland. Die weltweiten Produktionsst\u00e4tten werden streng \u00fcberwacht und gen\u00fcgen h\u00f6chsten Sozialstandards.<\/p>\n","protected":false},"excerpt":{"rendered":"<p>Wer kennt nicht das Problem kurz vor Abreise in den Urlaub: der Koffer bzw. das Auto quillt eh schon \u00fcber und die Familie bringt eine Sache nach der anderen, die noch mitgenommen werden soll. Zumindest beim Sand-\/Strandspielzeug bietet der neue innovative Falteimer von Schildkr\u00f6t eine L\u00f6sung: Er ist dank der hochwertigen Silikon-Wand wie eine Ziehharmonika [&hellip;]<\/p>\n","protected":false},"featured_media":213589,"template":"","meta":{"_acf_changed":false},"product_featured_cat":[],"product_brand":[],"product_cat":[4458,4048],"product_tag":[],"class_list":{"0":"post-213597","1":"product","2":"type-product","3":"status-publish","4":"has-post-thumbnail","6":"product_cat-spielzeug","7":"product_cat-strandartikel","9":"first","10":"instock","11":"taxable","12":"shipping-taxable","13":"purchasable","14":"product-type-simple"},"acf":[],"yoast_head":"<!-- This site is optimized with the Yoast SEO plugin v27.5 - https:\/\/yoast.com\/product\/yoast-seo-wordpress\/ -->\n<title>Falteimer SCHILDKR\u00d6T - Bantam<\/title>\n<meta name=\"robots\" content=\"index, follow, max-snippet:-1, max-image-preview:large, max-video-preview:-1\" \/>\n<link rel=\"canonical\" href=\"https:\/\/shop.bantam.ch\/de\/produkt\/falteimer-schildkroet\/\" \/>\n<meta property=\"og:locale\" content=\"de_DE\" \/>\n<meta property=\"og:type\" content=\"article\" \/>\n<meta property=\"og:title\" content=\"Falteimer SCHILDKR\u00d6T - Bantam\" \/>\n<meta property=\"og:description\" content=\"Wer kennt nicht das Problem kurz vor Abreise in den Urlaub: der Koffer bzw. das Auto quillt eh schon \u00fcber und die Familie bringt eine Sache nach der anderen, die noch mitgenommen werden soll. Zumindest beim Sand-\/Strandspielzeug bietet der neue innovative Falteimer von Schildkr\u00f6t eine L\u00f6sung: Er ist dank der hochwertigen Silikon-Wand wie eine Ziehharmonika [&hellip;]\" \/>\n<meta property=\"og:url\" content=\"https:\/\/shop.bantam.ch\/de\/produkt\/falteimer-schildkroet\/\" \/>\n<meta property=\"og:site_name\" content=\"Bantam\" \/>\n<meta property=\"article:modified_time\" content=\"2026-05-10T21:24:23+00:00\" \/>\n<meta name=\"twitter:card\" content=\"summary_large_image\" \/>\n<meta name=\"twitter:label1\" content=\"Gesch\u00e4tzte Lesezeit\" \/>\n\t<meta name=\"twitter:data1\" content=\"1\u00a0Minute\" \/>\n<script type=\"application\/ld+json\" class=\"yoast-schema-graph\">{\"@context\":\"https:\\\/\\\/schema.org\",\"@graph\":[{\"@type\":\"WebPage\",\"@id\":\"https:\\\/\\\/shop.bantam.ch\\\/de\\\/produkt\\\/falteimer-schildkroet\\\/\",\"url\":\"https:\\\/\\\/shop.bantam.ch\\\/de\\\/produkt\\\/falteimer-schildkroet\\\/\",\"name\":\"Falteimer SCHILDKR\u00d6T - Bantam\",\"isPartOf\":{\"@id\":\"https:\\\/\\\/shop.bantam.ch\\\/de\\\/#website\"},\"primaryImageOfPage\":{\"@id\":\"https:\\\/\\\/shop.bantam.ch\\\/de\\\/produkt\\\/falteimer-schildkroet\\\/#primaryimage\"},\"image\":{\"@id\":\"https:\\\/\\\/shop.bantam.ch\\\/de\\\/produkt\\\/falteimer-schildkroet\\\/#primaryimage\"},\"thumbnailUrl\":\"https:\\\/\\\/shop.bantam.ch\\\/wp-content\\\/uploads\\\/2025\\\/03\\\/Movera-L-9962477100.jpg\",\"datePublished\":\"2025-03-14T14:34:21+00:00\",\"dateModified\":\"2026-05-10T21:24:23+00:00\",\"breadcrumb\":{\"@id\":\"https:\\\/\\\/shop.bantam.ch\\\/de\\\/produkt\\\/falteimer-schildkroet\\\/#breadcrumb\"},\"inLanguage\":\"de\",\"potentialAction\":[{\"@type\":\"ReadAction\",\"target\":[\"https:\\\/\\\/shop.bantam.ch\\\/de\\\/produkt\\\/falteimer-schildkroet\\\/\"]}]},{\"@type\":\"ImageObject\",\"inLanguage\":\"de\",\"@id\":\"https:\\\/\\\/shop.bantam.ch\\\/de\\\/produkt\\\/falteimer-schildkroet\\\/#primaryimage\",\"url\":\"https:\\\/\\\/shop.bantam.ch\\\/wp-content\\\/uploads\\\/2025\\\/03\\\/Movera-L-9962477100.jpg\",\"contentUrl\":\"https:\\\/\\\/shop.bantam.ch\\\/wp-content\\\/uploads\\\/2025\\\/03\\\/Movera-L-9962477100.jpg\",\"width\":640,\"height\":960},{\"@type\":\"BreadcrumbList\",\"@id\":\"https:\\\/\\\/shop.bantam.ch\\\/de\\\/produkt\\\/falteimer-schildkroet\\\/#breadcrumb\",\"itemListElement\":[{\"@type\":\"ListItem\",\"position\":1,\"name\":\"Accueil\",\"item\":\"https:\\\/\\\/shop.bantam.ch\\\/de\\\/\"},{\"@type\":\"ListItem\",\"position\":2,\"name\":\"Shop\",\"item\":\"https:\\\/\\\/shop.bantam.ch\\\/de\\\/shop\\\/\"},{\"@type\":\"ListItem\",\"position\":3,\"name\":\"Falteimer SCHILDKR\u00d6T\"}]},{\"@type\":\"WebSite\",\"@id\":\"https:\\\/\\\/shop.bantam.ch\\\/de\\\/#website\",\"url\":\"https:\\\/\\\/shop.bantam.ch\\\/de\\\/\",\"name\":\"Bantam\",\"description\":\"\",\"publisher\":{\"@id\":\"https:\\\/\\\/shop.bantam.ch\\\/de\\\/#organization\"},\"inLanguage\":\"de\"},{\"@type\":\"Organization\",\"@id\":\"https:\\\/\\\/shop.bantam.ch\\\/de\\\/#organization\",\"name\":\"Bantam\",\"url\":\"https:\\\/\\\/shop.bantam.ch\\\/de\\\/\",\"logo\":{\"@type\":\"ImageObject\",\"inLanguage\":\"de\",\"@id\":\"https:\\\/\\\/shop.bantam.ch\\\/de\\\/#\\\/schema\\\/logo\\\/image\\\/\",\"url\":\"https:\\\/\\\/shop.bantam.ch\\\/wp-content\\\/uploads\\\/2022\\\/12\\\/bantam-logo.png\",\"contentUrl\":\"https:\\\/\\\/shop.bantam.ch\\\/wp-content\\\/uploads\\\/2022\\\/12\\\/bantam-logo.png\",\"width\":320,\"height\":71,\"caption\":\"Bantam\"},\"image\":{\"@id\":\"https:\\\/\\\/shop.bantam.ch\\\/de\\\/#\\\/schema\\\/logo\\\/image\\\/\"}}]}<\/script>\n<!-- \/ Yoast SEO plugin. -->","yoast_head_json":{"title":"Falteimer SCHILDKR\u00d6T - Bantam","robots":{"index":"index","follow":"follow","max-snippet":"max-snippet:-1","max-image-preview":"max-image-preview:large","max-video-preview":"max-video-preview:-1"},"canonical":"https:\/\/shop.bantam.ch\/de\/produkt\/falteimer-schildkroet\/","og_locale":"de_DE","og_type":"article","og_title":"Falteimer SCHILDKR\u00d6T - Bantam","og_description":"Wer kennt nicht das Problem kurz vor Abreise in den Urlaub: der Koffer bzw. das Auto quillt eh schon \u00fcber und die Familie bringt eine Sache nach der anderen, die noch mitgenommen werden soll. Zumindest beim Sand-\/Strandspielzeug bietet der neue innovative Falteimer von Schildkr\u00f6t eine L\u00f6sung: Er ist dank der hochwertigen Silikon-Wand wie eine Ziehharmonika [&hellip;]","og_url":"https:\/\/shop.bantam.ch\/de\/produkt\/falteimer-schildkroet\/","og_site_name":"Bantam","article_modified_time":"2026-05-10T21:24:23+00:00","twitter_card":"summary_large_image","twitter_misc":{"Gesch\u00e4tzte Lesezeit":"1\u00a0Minute"},"schema":{"@context":"https:\/\/schema.org","@graph":[{"@type":"WebPage","@id":"https:\/\/shop.bantam.ch\/de\/produkt\/falteimer-schildkroet\/","url":"https:\/\/shop.bantam.ch\/de\/produkt\/falteimer-schildkroet\/","name":"Falteimer SCHILDKR\u00d6T - Bantam","isPartOf":{"@id":"https:\/\/shop.bantam.ch\/de\/#website"},"primaryImageOfPage":{"@id":"https:\/\/shop.bantam.ch\/de\/produkt\/falteimer-schildkroet\/#primaryimage"},"image":{"@id":"https:\/\/shop.bantam.ch\/de\/produkt\/falteimer-schildkroet\/#primaryimage"},"thumbnailUrl":"https:\/\/shop.bantam.ch\/wp-content\/uploads\/2025\/03\/Movera-L-9962477100.jpg","datePublished":"2025-03-14T14:34:21+00:00","dateModified":"2026-05-10T21:24:23+00:00","breadcrumb":{"@id":"https:\/\/shop.bantam.ch\/de\/produkt\/falteimer-schildkroet\/#breadcrumb"},"inLanguage":"de","potentialAction":[{"@type":"ReadAction","target":["https:\/\/shop.bantam.ch\/de\/produkt\/falteimer-schildkroet\/"]}]},{"@type":"ImageObject","inLanguage":"de","@id":"https:\/\/shop.bantam.ch\/de\/produkt\/falteimer-schildkroet\/#primaryimage","url":"https:\/\/shop.bantam.ch\/wp-content\/uploads\/2025\/03\/Movera-L-9962477100.jpg","contentUrl":"https:\/\/shop.bantam.ch\/wp-content\/uploads\/2025\/03\/Movera-L-9962477100.jpg","width":640,"height":960},{"@type":"BreadcrumbList","@id":"https:\/\/shop.bantam.ch\/de\/produkt\/falteimer-schildkroet\/#breadcrumb","itemListElement":[{"@type":"ListItem","position":1,"name":"Accueil","item":"https:\/\/shop.bantam.ch\/de\/"},{"@type":"ListItem","position":2,"name":"Shop","item":"https:\/\/shop.bantam.ch\/de\/shop\/"},{"@type":"ListItem","position":3,"name":"Falteimer SCHILDKR\u00d6T"}]},{"@type":"WebSite","@id":"https:\/\/shop.bantam.ch\/de\/#website","url":"https:\/\/shop.bantam.ch\/de\/","name":"Bantam","description":"","publisher":{"@id":"https:\/\/shop.bantam.ch\/de\/#organization"},"inLanguage":"de"},{"@type":"Organization","@id":"https:\/\/shop.bantam.ch\/de\/#organization","name":"Bantam","url":"https:\/\/shop.bantam.ch\/de\/","logo":{"@type":"ImageObject","inLanguage":"de","@id":"https:\/\/shop.bantam.ch\/de\/#\/schema\/logo\/image\/","url":"https:\/\/shop.bantam.ch\/wp-content\/uploads\/2022\/12\/bantam-logo.png","contentUrl":"https:\/\/shop.bantam.ch\/wp-content\/uploads\/2022\/12\/bantam-logo.png","width":320,"height":71,"caption":"Bantam"},"image":{"@id":"https:\/\/shop.bantam.ch\/de\/#\/schema\/logo\/image\/"}}]}},"_links":{"self":[{"href":"https:\/\/shop.bantam.ch\/de\/wp-json\/wp\/v2\/product\/213597","targetHints":{"allow":["GET"]}}],"collection":[{"href":"https:\/\/shop.bantam.ch\/de\/wp-json\/wp\/v2\/product"}],"about":[{"href":"https:\/\/shop.bantam.ch\/de\/wp-json\/wp\/v2\/types\/product"}],"wp:featuredmedia":[{"embeddable":true,"href":"https:\/\/shop.bantam.ch\/de\/wp-json\/wp\/v2\/media\/213589"}],"wp:attachment":[{"href":"https:\/\/shop.bantam.ch\/de\/wp-json\/wp\/v2\/media?parent=213597"}],"wp:term":[{"taxonomy":"product_featured_cat","embeddable":true,"href":"https:\/\/shop.bantam.ch\/de\/wp-json\/wp\/v2\/product_featured_cat?post=213597"},{"taxonomy":"product_brand","embeddable":true,"href":"https:\/\/shop.bantam.ch\/de\/wp-json\/wp\/v2\/product_brand?post=213597"},{"taxonomy":"product_cat","embeddable":true,"href":"https:\/\/shop.bantam.ch\/de\/wp-json\/wp\/v2\/product_cat?post=213597"},{"taxonomy":"product_tag","embeddable":true,"href":"https:\/\/shop.bantam.ch\/de\/wp-json\/wp\/v2\/product_tag?post=213597"}],"curies":[{"name":"wp","href":"https:\/\/api.w.org\/{rel}","templated":true}]}}