{"id":213527,"date":"2025-03-14T15:32:34","date_gmt":"2025-03-14T14:32:34","guid":{"rendered":"https:\/\/shop.bantam.ch\/produit\/campingfuehrer-ecc-oesterreich-schweiz-2025\/"},"modified":"2026-05-10T23:24:02","modified_gmt":"2026-05-10T21:24:02","slug":"campingfuehrer-ecc-oesterreich-schweiz-2025","status":"publish","type":"product","link":"https:\/\/shop.bantam.ch\/de\/produkt\/campingfuehrer-ecc-oesterreich-schweiz-2025\/","title":{"rendered":"Campingf\u00fchrer ECC \u00d6sterreich \/ Schweiz 2025"},"content":{"rendered":"<p>Der clubunabh\u00e4ngige ECC Campingf\u00fchrer \u00d6sterreich \/ Schweiz beinhaltet Campingpl\u00e4tze &#8211; in einem Band &#8211; mit genauen Adressen und detaillierten Angaben zu Ausstattung, Preisen und Freizeitm\u00f6glichkeiten auf den Pl\u00e4tzen und rund um die Pl\u00e4tze. Im ECC findet man sowohl gro\u00dfe als auch kleine Pl\u00e4tze, vom einfachen Ein- bis Zwei-Sterne-Platz bis zum luxuri\u00f6sen F\u00fcnf-Sterne Camping &#8211; also Pl\u00e4tze f\u00fcr jeden Geschmack. Es gibt keine &#8222;Vertragspl\u00e4tze&#8220; o.\u00c4. Ausf\u00fchrliche Beschreibung der Anfahrtswege (mit GPS-Koordinaten). \u00dcbersichtliche und aktuelle Karten f\u00fcr jedes Land &#8211; eingeteilt nach touristischen Regionen &#8211; um die genaue Lage der Pl\u00e4tze schnell festzustellen. Bewertung der Campingpl\u00e4tze in f\u00fcnf Kategorien.&nbsp;<\/p>\n","protected":false},"excerpt":{"rendered":"<p>Der clubunabh\u00e4ngige ECC Campingf\u00fchrer \u00d6sterreich \/ Schweiz beinhaltet Campingpl\u00e4tze &#8211; in einem Band &#8211; mit genauen Adressen und detaillierten Angaben zu Ausstattung, Preisen und Freizeitm\u00f6glichkeiten auf den Pl\u00e4tzen und rund um die Pl\u00e4tze. Im ECC findet man sowohl gro\u00dfe als auch kleine Pl\u00e4tze, vom einfachen Ein- bis Zwei-Sterne-Platz bis zum luxuri\u00f6sen F\u00fcnf-Sterne Camping &#8211; also [&hellip;]<\/p>\n","protected":false},"featured_media":213525,"template":"","meta":{"_acf_changed":false},"product_featured_cat":[],"product_brand":[],"product_cat":[4352],"product_tag":[],"class_list":{"0":"post-213527","1":"product","2":"type-product","3":"status-publish","4":"has-post-thumbnail","6":"product_cat-reisefuehrer","8":"first","9":"instock","10":"taxable","11":"shipping-taxable","12":"purchasable","13":"product-type-simple"},"acf":[],"yoast_head":"<!-- This site is optimized with the Yoast SEO plugin v27.5 - https:\/\/yoast.com\/product\/yoast-seo-wordpress\/ -->\n<title>Campingf\u00fchrer ECC \u00d6sterreich \/ Schweiz 2025 - Bantam<\/title>\n<meta name=\"robots\" content=\"index, follow, max-snippet:-1, max-image-preview:large, max-video-preview:-1\" \/>\n<link rel=\"canonical\" href=\"https:\/\/shop.bantam.ch\/de\/produkt\/campingfuehrer-ecc-oesterreich-schweiz-2025\/\" \/>\n<meta property=\"og:locale\" content=\"de_DE\" \/>\n<meta property=\"og:type\" content=\"article\" \/>\n<meta property=\"og:title\" content=\"Campingf\u00fchrer ECC \u00d6sterreich \/ Schweiz 2025 - Bantam\" \/>\n<meta property=\"og:description\" content=\"Der clubunabh\u00e4ngige ECC Campingf\u00fchrer \u00d6sterreich \/ Schweiz beinhaltet Campingpl\u00e4tze &#8211; in einem Band &#8211; mit genauen Adressen und detaillierten Angaben zu Ausstattung, Preisen und Freizeitm\u00f6glichkeiten auf den Pl\u00e4tzen und rund um die Pl\u00e4tze. Im ECC findet man sowohl gro\u00dfe als auch kleine Pl\u00e4tze, vom einfachen Ein- bis Zwei-Sterne-Platz bis zum luxuri\u00f6sen F\u00fcnf-Sterne Camping &#8211; also [&hellip;]\" \/>\n<meta property=\"og:url\" content=\"https:\/\/shop.bantam.ch\/de\/produkt\/campingfuehrer-ecc-oesterreich-schweiz-2025\/\" \/>\n<meta property=\"og:site_name\" content=\"Bantam\" \/>\n<meta property=\"article:modified_time\" content=\"2026-05-10T21:24:02+00:00\" \/>\n<meta name=\"twitter:card\" content=\"summary_large_image\" \/>\n<meta name=\"twitter:label1\" content=\"Gesch\u00e4tzte Lesezeit\" \/>\n\t<meta name=\"twitter:data1\" content=\"1\u00a0Minute\" \/>\n<script type=\"application\/ld+json\" class=\"yoast-schema-graph\">{\"@context\":\"https:\\\/\\\/schema.org\",\"@graph\":[{\"@type\":\"WebPage\",\"@id\":\"https:\\\/\\\/shop.bantam.ch\\\/de\\\/produkt\\\/campingfuehrer-ecc-oesterreich-schweiz-2025\\\/\",\"url\":\"https:\\\/\\\/shop.bantam.ch\\\/de\\\/produkt\\\/campingfuehrer-ecc-oesterreich-schweiz-2025\\\/\",\"name\":\"Campingf\u00fchrer ECC \u00d6sterreich \\\/ Schweiz 2025 - Bantam\",\"isPartOf\":{\"@id\":\"https:\\\/\\\/shop.bantam.ch\\\/de\\\/#website\"},\"primaryImageOfPage\":{\"@id\":\"https:\\\/\\\/shop.bantam.ch\\\/de\\\/produkt\\\/campingfuehrer-ecc-oesterreich-schweiz-2025\\\/#primaryimage\"},\"image\":{\"@id\":\"https:\\\/\\\/shop.bantam.ch\\\/de\\\/produkt\\\/campingfuehrer-ecc-oesterreich-schweiz-2025\\\/#primaryimage\"},\"thumbnailUrl\":\"https:\\\/\\\/shop.bantam.ch\\\/wp-content\\\/uploads\\\/2025\\\/03\\\/Movera-L-9962460100.jpg\",\"datePublished\":\"2025-03-14T14:32:34+00:00\",\"dateModified\":\"2026-05-10T21:24:02+00:00\",\"breadcrumb\":{\"@id\":\"https:\\\/\\\/shop.bantam.ch\\\/de\\\/produkt\\\/campingfuehrer-ecc-oesterreich-schweiz-2025\\\/#breadcrumb\"},\"inLanguage\":\"de\",\"potentialAction\":[{\"@type\":\"ReadAction\",\"target\":[\"https:\\\/\\\/shop.bantam.ch\\\/de\\\/produkt\\\/campingfuehrer-ecc-oesterreich-schweiz-2025\\\/\"]}]},{\"@type\":\"ImageObject\",\"inLanguage\":\"de\",\"@id\":\"https:\\\/\\\/shop.bantam.ch\\\/de\\\/produkt\\\/campingfuehrer-ecc-oesterreich-schweiz-2025\\\/#primaryimage\",\"url\":\"https:\\\/\\\/shop.bantam.ch\\\/wp-content\\\/uploads\\\/2025\\\/03\\\/Movera-L-9962460100.jpg\",\"contentUrl\":\"https:\\\/\\\/shop.bantam.ch\\\/wp-content\\\/uploads\\\/2025\\\/03\\\/Movera-L-9962460100.jpg\",\"width\":640,\"height\":1080},{\"@type\":\"BreadcrumbList\",\"@id\":\"https:\\\/\\\/shop.bantam.ch\\\/de\\\/produkt\\\/campingfuehrer-ecc-oesterreich-schweiz-2025\\\/#breadcrumb\",\"itemListElement\":[{\"@type\":\"ListItem\",\"position\":1,\"name\":\"Accueil\",\"item\":\"https:\\\/\\\/shop.bantam.ch\\\/de\\\/\"},{\"@type\":\"ListItem\",\"position\":2,\"name\":\"Shop\",\"item\":\"https:\\\/\\\/shop.bantam.ch\\\/de\\\/shop\\\/\"},{\"@type\":\"ListItem\",\"position\":3,\"name\":\"Campingf\u00fchrer ECC \u00d6sterreich \\\/ Schweiz 2025\"}]},{\"@type\":\"WebSite\",\"@id\":\"https:\\\/\\\/shop.bantam.ch\\\/de\\\/#website\",\"url\":\"https:\\\/\\\/shop.bantam.ch\\\/de\\\/\",\"name\":\"Bantam\",\"description\":\"\",\"publisher\":{\"@id\":\"https:\\\/\\\/shop.bantam.ch\\\/de\\\/#organization\"},\"inLanguage\":\"de\"},{\"@type\":\"Organization\",\"@id\":\"https:\\\/\\\/shop.bantam.ch\\\/de\\\/#organization\",\"name\":\"Bantam\",\"url\":\"https:\\\/\\\/shop.bantam.ch\\\/de\\\/\",\"logo\":{\"@type\":\"ImageObject\",\"inLanguage\":\"de\",\"@id\":\"https:\\\/\\\/shop.bantam.ch\\\/de\\\/#\\\/schema\\\/logo\\\/image\\\/\",\"url\":\"https:\\\/\\\/shop.bantam.ch\\\/wp-content\\\/uploads\\\/2022\\\/12\\\/bantam-logo.png\",\"contentUrl\":\"https:\\\/\\\/shop.bantam.ch\\\/wp-content\\\/uploads\\\/2022\\\/12\\\/bantam-logo.png\",\"width\":320,\"height\":71,\"caption\":\"Bantam\"},\"image\":{\"@id\":\"https:\\\/\\\/shop.bantam.ch\\\/de\\\/#\\\/schema\\\/logo\\\/image\\\/\"}}]}<\/script>\n<!-- \/ Yoast SEO plugin. -->","yoast_head_json":{"title":"Campingf\u00fchrer ECC \u00d6sterreich \/ Schweiz 2025 - Bantam","robots":{"index":"index","follow":"follow","max-snippet":"max-snippet:-1","max-image-preview":"max-image-preview:large","max-video-preview":"max-video-preview:-1"},"canonical":"https:\/\/shop.bantam.ch\/de\/produkt\/campingfuehrer-ecc-oesterreich-schweiz-2025\/","og_locale":"de_DE","og_type":"article","og_title":"Campingf\u00fchrer ECC \u00d6sterreich \/ Schweiz 2025 - Bantam","og_description":"Der clubunabh\u00e4ngige ECC Campingf\u00fchrer \u00d6sterreich \/ Schweiz beinhaltet Campingpl\u00e4tze &#8211; in einem Band &#8211; mit genauen Adressen und detaillierten Angaben zu Ausstattung, Preisen und Freizeitm\u00f6glichkeiten auf den Pl\u00e4tzen und rund um die Pl\u00e4tze. Im ECC findet man sowohl gro\u00dfe als auch kleine Pl\u00e4tze, vom einfachen Ein- bis Zwei-Sterne-Platz bis zum luxuri\u00f6sen F\u00fcnf-Sterne Camping &#8211; also [&hellip;]","og_url":"https:\/\/shop.bantam.ch\/de\/produkt\/campingfuehrer-ecc-oesterreich-schweiz-2025\/","og_site_name":"Bantam","article_modified_time":"2026-05-10T21:24:02+00:00","twitter_card":"summary_large_image","twitter_misc":{"Gesch\u00e4tzte Lesezeit":"1\u00a0Minute"},"schema":{"@context":"https:\/\/schema.org","@graph":[{"@type":"WebPage","@id":"https:\/\/shop.bantam.ch\/de\/produkt\/campingfuehrer-ecc-oesterreich-schweiz-2025\/","url":"https:\/\/shop.bantam.ch\/de\/produkt\/campingfuehrer-ecc-oesterreich-schweiz-2025\/","name":"Campingf\u00fchrer ECC \u00d6sterreich \/ Schweiz 2025 - Bantam","isPartOf":{"@id":"https:\/\/shop.bantam.ch\/de\/#website"},"primaryImageOfPage":{"@id":"https:\/\/shop.bantam.ch\/de\/produkt\/campingfuehrer-ecc-oesterreich-schweiz-2025\/#primaryimage"},"image":{"@id":"https:\/\/shop.bantam.ch\/de\/produkt\/campingfuehrer-ecc-oesterreich-schweiz-2025\/#primaryimage"},"thumbnailUrl":"https:\/\/shop.bantam.ch\/wp-content\/uploads\/2025\/03\/Movera-L-9962460100.jpg","datePublished":"2025-03-14T14:32:34+00:00","dateModified":"2026-05-10T21:24:02+00:00","breadcrumb":{"@id":"https:\/\/shop.bantam.ch\/de\/produkt\/campingfuehrer-ecc-oesterreich-schweiz-2025\/#breadcrumb"},"inLanguage":"de","potentialAction":[{"@type":"ReadAction","target":["https:\/\/shop.bantam.ch\/de\/produkt\/campingfuehrer-ecc-oesterreich-schweiz-2025\/"]}]},{"@type":"ImageObject","inLanguage":"de","@id":"https:\/\/shop.bantam.ch\/de\/produkt\/campingfuehrer-ecc-oesterreich-schweiz-2025\/#primaryimage","url":"https:\/\/shop.bantam.ch\/wp-content\/uploads\/2025\/03\/Movera-L-9962460100.jpg","contentUrl":"https:\/\/shop.bantam.ch\/wp-content\/uploads\/2025\/03\/Movera-L-9962460100.jpg","width":640,"height":1080},{"@type":"BreadcrumbList","@id":"https:\/\/shop.bantam.ch\/de\/produkt\/campingfuehrer-ecc-oesterreich-schweiz-2025\/#breadcrumb","itemListElement":[{"@type":"ListItem","position":1,"name":"Accueil","item":"https:\/\/shop.bantam.ch\/de\/"},{"@type":"ListItem","position":2,"name":"Shop","item":"https:\/\/shop.bantam.ch\/de\/shop\/"},{"@type":"ListItem","position":3,"name":"Campingf\u00fchrer ECC \u00d6sterreich \/ Schweiz 2025"}]},{"@type":"WebSite","@id":"https:\/\/shop.bantam.ch\/de\/#website","url":"https:\/\/shop.bantam.ch\/de\/","name":"Bantam","description":"","publisher":{"@id":"https:\/\/shop.bantam.ch\/de\/#organization"},"inLanguage":"de"},{"@type":"Organization","@id":"https:\/\/shop.bantam.ch\/de\/#organization","name":"Bantam","url":"https:\/\/shop.bantam.ch\/de\/","logo":{"@type":"ImageObject","inLanguage":"de","@id":"https:\/\/shop.bantam.ch\/de\/#\/schema\/logo\/image\/","url":"https:\/\/shop.bantam.ch\/wp-content\/uploads\/2022\/12\/bantam-logo.png","contentUrl":"https:\/\/shop.bantam.ch\/wp-content\/uploads\/2022\/12\/bantam-logo.png","width":320,"height":71,"caption":"Bantam"},"image":{"@id":"https:\/\/shop.bantam.ch\/de\/#\/schema\/logo\/image\/"}}]}},"_links":{"self":[{"href":"https:\/\/shop.bantam.ch\/de\/wp-json\/wp\/v2\/product\/213527","targetHints":{"allow":["GET"]}}],"collection":[{"href":"https:\/\/shop.bantam.ch\/de\/wp-json\/wp\/v2\/product"}],"about":[{"href":"https:\/\/shop.bantam.ch\/de\/wp-json\/wp\/v2\/types\/product"}],"wp:featuredmedia":[{"embeddable":true,"href":"https:\/\/shop.bantam.ch\/de\/wp-json\/wp\/v2\/media\/213525"}],"wp:attachment":[{"href":"https:\/\/shop.bantam.ch\/de\/wp-json\/wp\/v2\/media?parent=213527"}],"wp:term":[{"taxonomy":"product_featured_cat","embeddable":true,"href":"https:\/\/shop.bantam.ch\/de\/wp-json\/wp\/v2\/product_featured_cat?post=213527"},{"taxonomy":"product_brand","embeddable":true,"href":"https:\/\/shop.bantam.ch\/de\/wp-json\/wp\/v2\/product_brand?post=213527"},{"taxonomy":"product_cat","embeddable":true,"href":"https:\/\/shop.bantam.ch\/de\/wp-json\/wp\/v2\/product_cat?post=213527"},{"taxonomy":"product_tag","embeddable":true,"href":"https:\/\/shop.bantam.ch\/de\/wp-json\/wp\/v2\/product_tag?post=213527"}],"curies":[{"name":"wp","href":"https:\/\/api.w.org\/{rel}","templated":true}]}}