{"id":213515,"date":"2025-03-14T15:32:13","date_gmt":"2025-03-14T14:32:13","guid":{"rendered":"https:\/\/shop.bantam.ch\/produit\/bordatlas-2025-2-baende-deutschland-europa\/"},"modified":"2026-05-10T23:23:56","modified_gmt":"2026-05-10T21:23:56","slug":"bordatlas-2025-2-baende-deutschland-europa","status":"publish","type":"product","link":"https:\/\/shop.bantam.ch\/de\/produkt\/bordatlas-2025-2-baende-deutschland-europa\/","title":{"rendered":"Bordatlas 2025, 2 B\u00e4nde Deutschland \/ Europa"},"content":{"rendered":"<p>Im BORDATLAS Stellplatzf\u00fchrer 2025 erwarten Sie 7.200 Wohnmobil-Stellpl\u00e4tze in Deutschland und Europa, au\u00dferdem aktualisierte gro\u00dfformatige Landkarten. Perfekt um flexibel vor Ort den passenden \u00dcbernachtungsplatz zu finden oder nat\u00fcrlich, um im Voraus die n\u00e4chste Reise mit dem Reisemobil zu planen. Rund 3.800 der Stellpl\u00e4tze befinden sich in Deutschland, die restlichen Pl\u00e4tze verteilen sich auf 36 europ\u00e4ische L\u00e4nder und bilden das separat gebundene Europa-Band.<\/p>\n<p>Inhalt:&nbsp;<\/p>\n<ul>\n<li>7.200 Stellpl\u00e4tze in Deutschland und 36 europ\u00e4ischen L\u00e4ndern<\/li>\n<li>Rund 3.800 der Pl\u00e4tze in Deutschland<\/li>\n<li>Gro\u00dfe Landkarten dank gro\u00dfem Buchformat, f\u00fcr eine komfortable Reiseplanung<\/li>\n<li>Komplette Stellplatz-Informationen mit touristischer Lage, max. Fahrzeug-L\u00e4nge, Gespann-Erlaubnis, Preis, GPS-Daten, Kontaktdaten, detaillierte Stellplatzausstattung und Infrastruktur<\/li>\n<li>Service-EXTRA: Notfallnummern und Verkehrsregeln in Europa speziell f\u00fcr Wohnmobilfahrer<\/li>\n<li>Stellplatz-Rabatte und -Gutscheine im Gesamtwert von 600 Euro<\/li>\n<li>Gratis-Pl\u00e4tze und Pl\u00e4tze mit Gespann-Erlaubnis sind auf den Landkarten extra gekennzeichnet<\/li>\n<\/ul>\n","protected":false},"excerpt":{"rendered":"<p>Im BORDATLAS Stellplatzf\u00fchrer 2025 erwarten Sie 7.200 Wohnmobil-Stellpl\u00e4tze in Deutschland und Europa, au\u00dferdem aktualisierte gro\u00dfformatige Landkarten. Perfekt um flexibel vor Ort den passenden \u00dcbernachtungsplatz zu finden oder nat\u00fcrlich, um im Voraus die n\u00e4chste Reise mit dem Reisemobil zu planen. Rund 3.800 der Stellpl\u00e4tze befinden sich in Deutschland, die restlichen Pl\u00e4tze verteilen sich auf 36 europ\u00e4ische [&hellip;]<\/p>\n","protected":false},"featured_media":213513,"template":"","meta":{"_acf_changed":false},"product_featured_cat":[],"product_brand":[],"product_cat":[4350],"product_tag":[],"class_list":{"0":"post-213515","1":"product","2":"type-product","3":"status-publish","4":"has-post-thumbnail","6":"product_cat-sachbuecher","8":"first","9":"instock","10":"taxable","11":"shipping-taxable","12":"purchasable","13":"product-type-simple"},"acf":[],"yoast_head":"<!-- This site is optimized with the Yoast SEO plugin v27.5 - https:\/\/yoast.com\/product\/yoast-seo-wordpress\/ -->\n<title>Bordatlas 2025, 2 B\u00e4nde Deutschland \/ Europa - Bantam<\/title>\n<meta name=\"robots\" content=\"index, follow, max-snippet:-1, max-image-preview:large, max-video-preview:-1\" \/>\n<link rel=\"canonical\" href=\"https:\/\/shop.bantam.ch\/de\/produkt\/bordatlas-2025-2-baende-deutschland-europa\/\" \/>\n<meta property=\"og:locale\" content=\"de_DE\" \/>\n<meta property=\"og:type\" content=\"article\" \/>\n<meta property=\"og:title\" content=\"Bordatlas 2025, 2 B\u00e4nde Deutschland \/ Europa - Bantam\" \/>\n<meta property=\"og:description\" content=\"Im BORDATLAS Stellplatzf\u00fchrer 2025 erwarten Sie 7.200 Wohnmobil-Stellpl\u00e4tze in Deutschland und Europa, au\u00dferdem aktualisierte gro\u00dfformatige Landkarten. Perfekt um flexibel vor Ort den passenden \u00dcbernachtungsplatz zu finden oder nat\u00fcrlich, um im Voraus die n\u00e4chste Reise mit dem Reisemobil zu planen. Rund 3.800 der Stellpl\u00e4tze befinden sich in Deutschland, die restlichen Pl\u00e4tze verteilen sich auf 36 europ\u00e4ische [&hellip;]\" \/>\n<meta property=\"og:url\" content=\"https:\/\/shop.bantam.ch\/de\/produkt\/bordatlas-2025-2-baende-deutschland-europa\/\" \/>\n<meta property=\"og:site_name\" content=\"Bantam\" \/>\n<meta property=\"article:modified_time\" content=\"2026-05-10T21:23:56+00:00\" \/>\n<meta name=\"twitter:card\" content=\"summary_large_image\" \/>\n<meta name=\"twitter:label1\" content=\"Gesch\u00e4tzte Lesezeit\" \/>\n\t<meta name=\"twitter:data1\" content=\"1\u00a0Minute\" \/>\n<script type=\"application\/ld+json\" class=\"yoast-schema-graph\">{\"@context\":\"https:\\\/\\\/schema.org\",\"@graph\":[{\"@type\":\"WebPage\",\"@id\":\"https:\\\/\\\/shop.bantam.ch\\\/de\\\/produkt\\\/bordatlas-2025-2-baende-deutschland-europa\\\/\",\"url\":\"https:\\\/\\\/shop.bantam.ch\\\/de\\\/produkt\\\/bordatlas-2025-2-baende-deutschland-europa\\\/\",\"name\":\"Bordatlas 2025, 2 B\u00e4nde Deutschland \\\/ Europa - Bantam\",\"isPartOf\":{\"@id\":\"https:\\\/\\\/shop.bantam.ch\\\/de\\\/#website\"},\"primaryImageOfPage\":{\"@id\":\"https:\\\/\\\/shop.bantam.ch\\\/de\\\/produkt\\\/bordatlas-2025-2-baende-deutschland-europa\\\/#primaryimage\"},\"image\":{\"@id\":\"https:\\\/\\\/shop.bantam.ch\\\/de\\\/produkt\\\/bordatlas-2025-2-baende-deutschland-europa\\\/#primaryimage\"},\"thumbnailUrl\":\"https:\\\/\\\/shop.bantam.ch\\\/wp-content\\\/uploads\\\/2025\\\/03\\\/Movera-L-9962457100.jpg\",\"datePublished\":\"2025-03-14T14:32:13+00:00\",\"dateModified\":\"2026-05-10T21:23:56+00:00\",\"breadcrumb\":{\"@id\":\"https:\\\/\\\/shop.bantam.ch\\\/de\\\/produkt\\\/bordatlas-2025-2-baende-deutschland-europa\\\/#breadcrumb\"},\"inLanguage\":\"de\",\"potentialAction\":[{\"@type\":\"ReadAction\",\"target\":[\"https:\\\/\\\/shop.bantam.ch\\\/de\\\/produkt\\\/bordatlas-2025-2-baende-deutschland-europa\\\/\"]}]},{\"@type\":\"ImageObject\",\"inLanguage\":\"de\",\"@id\":\"https:\\\/\\\/shop.bantam.ch\\\/de\\\/produkt\\\/bordatlas-2025-2-baende-deutschland-europa\\\/#primaryimage\",\"url\":\"https:\\\/\\\/shop.bantam.ch\\\/wp-content\\\/uploads\\\/2025\\\/03\\\/Movera-L-9962457100.jpg\",\"contentUrl\":\"https:\\\/\\\/shop.bantam.ch\\\/wp-content\\\/uploads\\\/2025\\\/03\\\/Movera-L-9962457100.jpg\",\"width\":640,\"height\":839},{\"@type\":\"BreadcrumbList\",\"@id\":\"https:\\\/\\\/shop.bantam.ch\\\/de\\\/produkt\\\/bordatlas-2025-2-baende-deutschland-europa\\\/#breadcrumb\",\"itemListElement\":[{\"@type\":\"ListItem\",\"position\":1,\"name\":\"Accueil\",\"item\":\"https:\\\/\\\/shop.bantam.ch\\\/de\\\/\"},{\"@type\":\"ListItem\",\"position\":2,\"name\":\"Shop\",\"item\":\"https:\\\/\\\/shop.bantam.ch\\\/de\\\/shop\\\/\"},{\"@type\":\"ListItem\",\"position\":3,\"name\":\"Bordatlas 2025, 2 B\u00e4nde Deutschland \\\/ Europa\"}]},{\"@type\":\"WebSite\",\"@id\":\"https:\\\/\\\/shop.bantam.ch\\\/de\\\/#website\",\"url\":\"https:\\\/\\\/shop.bantam.ch\\\/de\\\/\",\"name\":\"Bantam\",\"description\":\"\",\"publisher\":{\"@id\":\"https:\\\/\\\/shop.bantam.ch\\\/de\\\/#organization\"},\"inLanguage\":\"de\"},{\"@type\":\"Organization\",\"@id\":\"https:\\\/\\\/shop.bantam.ch\\\/de\\\/#organization\",\"name\":\"Bantam\",\"url\":\"https:\\\/\\\/shop.bantam.ch\\\/de\\\/\",\"logo\":{\"@type\":\"ImageObject\",\"inLanguage\":\"de\",\"@id\":\"https:\\\/\\\/shop.bantam.ch\\\/de\\\/#\\\/schema\\\/logo\\\/image\\\/\",\"url\":\"https:\\\/\\\/shop.bantam.ch\\\/wp-content\\\/uploads\\\/2022\\\/12\\\/bantam-logo.png\",\"contentUrl\":\"https:\\\/\\\/shop.bantam.ch\\\/wp-content\\\/uploads\\\/2022\\\/12\\\/bantam-logo.png\",\"width\":320,\"height\":71,\"caption\":\"Bantam\"},\"image\":{\"@id\":\"https:\\\/\\\/shop.bantam.ch\\\/de\\\/#\\\/schema\\\/logo\\\/image\\\/\"}}]}<\/script>\n<!-- \/ Yoast SEO plugin. -->","yoast_head_json":{"title":"Bordatlas 2025, 2 B\u00e4nde Deutschland \/ Europa - Bantam","robots":{"index":"index","follow":"follow","max-snippet":"max-snippet:-1","max-image-preview":"max-image-preview:large","max-video-preview":"max-video-preview:-1"},"canonical":"https:\/\/shop.bantam.ch\/de\/produkt\/bordatlas-2025-2-baende-deutschland-europa\/","og_locale":"de_DE","og_type":"article","og_title":"Bordatlas 2025, 2 B\u00e4nde Deutschland \/ Europa - Bantam","og_description":"Im BORDATLAS Stellplatzf\u00fchrer 2025 erwarten Sie 7.200 Wohnmobil-Stellpl\u00e4tze in Deutschland und Europa, au\u00dferdem aktualisierte gro\u00dfformatige Landkarten. Perfekt um flexibel vor Ort den passenden \u00dcbernachtungsplatz zu finden oder nat\u00fcrlich, um im Voraus die n\u00e4chste Reise mit dem Reisemobil zu planen. Rund 3.800 der Stellpl\u00e4tze befinden sich in Deutschland, die restlichen Pl\u00e4tze verteilen sich auf 36 europ\u00e4ische [&hellip;]","og_url":"https:\/\/shop.bantam.ch\/de\/produkt\/bordatlas-2025-2-baende-deutschland-europa\/","og_site_name":"Bantam","article_modified_time":"2026-05-10T21:23:56+00:00","twitter_card":"summary_large_image","twitter_misc":{"Gesch\u00e4tzte Lesezeit":"1\u00a0Minute"},"schema":{"@context":"https:\/\/schema.org","@graph":[{"@type":"WebPage","@id":"https:\/\/shop.bantam.ch\/de\/produkt\/bordatlas-2025-2-baende-deutschland-europa\/","url":"https:\/\/shop.bantam.ch\/de\/produkt\/bordatlas-2025-2-baende-deutschland-europa\/","name":"Bordatlas 2025, 2 B\u00e4nde Deutschland \/ Europa - Bantam","isPartOf":{"@id":"https:\/\/shop.bantam.ch\/de\/#website"},"primaryImageOfPage":{"@id":"https:\/\/shop.bantam.ch\/de\/produkt\/bordatlas-2025-2-baende-deutschland-europa\/#primaryimage"},"image":{"@id":"https:\/\/shop.bantam.ch\/de\/produkt\/bordatlas-2025-2-baende-deutschland-europa\/#primaryimage"},"thumbnailUrl":"https:\/\/shop.bantam.ch\/wp-content\/uploads\/2025\/03\/Movera-L-9962457100.jpg","datePublished":"2025-03-14T14:32:13+00:00","dateModified":"2026-05-10T21:23:56+00:00","breadcrumb":{"@id":"https:\/\/shop.bantam.ch\/de\/produkt\/bordatlas-2025-2-baende-deutschland-europa\/#breadcrumb"},"inLanguage":"de","potentialAction":[{"@type":"ReadAction","target":["https:\/\/shop.bantam.ch\/de\/produkt\/bordatlas-2025-2-baende-deutschland-europa\/"]}]},{"@type":"ImageObject","inLanguage":"de","@id":"https:\/\/shop.bantam.ch\/de\/produkt\/bordatlas-2025-2-baende-deutschland-europa\/#primaryimage","url":"https:\/\/shop.bantam.ch\/wp-content\/uploads\/2025\/03\/Movera-L-9962457100.jpg","contentUrl":"https:\/\/shop.bantam.ch\/wp-content\/uploads\/2025\/03\/Movera-L-9962457100.jpg","width":640,"height":839},{"@type":"BreadcrumbList","@id":"https:\/\/shop.bantam.ch\/de\/produkt\/bordatlas-2025-2-baende-deutschland-europa\/#breadcrumb","itemListElement":[{"@type":"ListItem","position":1,"name":"Accueil","item":"https:\/\/shop.bantam.ch\/de\/"},{"@type":"ListItem","position":2,"name":"Shop","item":"https:\/\/shop.bantam.ch\/de\/shop\/"},{"@type":"ListItem","position":3,"name":"Bordatlas 2025, 2 B\u00e4nde Deutschland \/ Europa"}]},{"@type":"WebSite","@id":"https:\/\/shop.bantam.ch\/de\/#website","url":"https:\/\/shop.bantam.ch\/de\/","name":"Bantam","description":"","publisher":{"@id":"https:\/\/shop.bantam.ch\/de\/#organization"},"inLanguage":"de"},{"@type":"Organization","@id":"https:\/\/shop.bantam.ch\/de\/#organization","name":"Bantam","url":"https:\/\/shop.bantam.ch\/de\/","logo":{"@type":"ImageObject","inLanguage":"de","@id":"https:\/\/shop.bantam.ch\/de\/#\/schema\/logo\/image\/","url":"https:\/\/shop.bantam.ch\/wp-content\/uploads\/2022\/12\/bantam-logo.png","contentUrl":"https:\/\/shop.bantam.ch\/wp-content\/uploads\/2022\/12\/bantam-logo.png","width":320,"height":71,"caption":"Bantam"},"image":{"@id":"https:\/\/shop.bantam.ch\/de\/#\/schema\/logo\/image\/"}}]}},"_links":{"self":[{"href":"https:\/\/shop.bantam.ch\/de\/wp-json\/wp\/v2\/product\/213515","targetHints":{"allow":["GET"]}}],"collection":[{"href":"https:\/\/shop.bantam.ch\/de\/wp-json\/wp\/v2\/product"}],"about":[{"href":"https:\/\/shop.bantam.ch\/de\/wp-json\/wp\/v2\/types\/product"}],"wp:featuredmedia":[{"embeddable":true,"href":"https:\/\/shop.bantam.ch\/de\/wp-json\/wp\/v2\/media\/213513"}],"wp:attachment":[{"href":"https:\/\/shop.bantam.ch\/de\/wp-json\/wp\/v2\/media?parent=213515"}],"wp:term":[{"taxonomy":"product_featured_cat","embeddable":true,"href":"https:\/\/shop.bantam.ch\/de\/wp-json\/wp\/v2\/product_featured_cat?post=213515"},{"taxonomy":"product_brand","embeddable":true,"href":"https:\/\/shop.bantam.ch\/de\/wp-json\/wp\/v2\/product_brand?post=213515"},{"taxonomy":"product_cat","embeddable":true,"href":"https:\/\/shop.bantam.ch\/de\/wp-json\/wp\/v2\/product_cat?post=213515"},{"taxonomy":"product_tag","embeddable":true,"href":"https:\/\/shop.bantam.ch\/de\/wp-json\/wp\/v2\/product_tag?post=213515"}],"curies":[{"name":"wp","href":"https:\/\/api.w.org\/{rel}","templated":true}]}}