{"id":213507,"date":"2025-03-14T15:32:01","date_gmt":"2025-03-14T14:32:01","guid":{"rendered":"https:\/\/shop.bantam.ch\/produit\/stellplatzfuehrer-adac-deutschland-europa-2025\/"},"modified":"2026-05-11T23:22:16","modified_gmt":"2026-05-11T21:22:16","slug":"stellplatzfuehrer-adac-deutschland-europa-2025","status":"publish","type":"product","link":"https:\/\/shop.bantam.ch\/de\/produkt\/stellplatzfuehrer-adac-deutschland-europa-2025\/","title":{"rendered":"Stellplatzf\u00fchrer ADAC Deutschland \/ Europa 2025"},"content":{"rendered":"<p>Frei, unabh\u00e4ngig, f\u00fcr jedes Budget: Unterwegs im eigenen Zuhause mit Sicherheit den perfekten Stellplatz in ganz Europa finden\u2013 daf\u00fcr steht der ADAC Stellplatzf\u00fchrer mit rund 6.000 Wohnmobil-Stellpl\u00e4tzen in 35 europ\u00e4ischen L\u00e4ndern &#8211; davon rund 550 im Band verzeichnete Pl\u00e4tze auf Bauernh\u00f6fen und Weing\u00fctern. F\u00fcr eine einfache Auswahl der Pl\u00e4tze bewertet der ADAC Stellplatzf\u00fchrer die Ausstattung der Pl\u00e4tze in praktische Kategorien mit \u00fcbersichtlichen Skalen. Gro\u00dfformatige Planungskarten erlauben den \u00dcberblick \u00fcber alle Stellpl\u00e4tze und ihr Angebot. Mit rund 2500 Rabatt-Angeboten spart die ADAC Campcard bares Geld, das beiliegende Coupon-Heft gew\u00e4hrt Rabatte von \u00fcber 125 Euro. In Zusammenarbeit mit PiNCAMP, dem Campingportal des ADAC.<\/p>\n","protected":false},"excerpt":{"rendered":"<p>Frei, unabh\u00e4ngig, f\u00fcr jedes Budget: Unterwegs im eigenen Zuhause mit Sicherheit den perfekten Stellplatz in ganz Europa finden\u2013 daf\u00fcr steht der ADAC Stellplatzf\u00fchrer mit rund 6.000 Wohnmobil-Stellpl\u00e4tzen in 35 europ\u00e4ischen L\u00e4ndern &#8211; davon rund 550 im Band verzeichnete Pl\u00e4tze auf Bauernh\u00f6fen und Weing\u00fctern. F\u00fcr eine einfache Auswahl der Pl\u00e4tze bewertet der ADAC Stellplatzf\u00fchrer die Ausstattung [&hellip;]<\/p>\n","protected":false},"featured_media":213505,"template":"","meta":{"_acf_changed":false},"product_featured_cat":[],"product_brand":[],"product_cat":[4346],"product_tag":[],"class_list":{"0":"post-213507","1":"product","2":"type-product","3":"status-publish","4":"has-post-thumbnail","6":"product_cat-stellplatzfuehrer","8":"first","9":"instock","10":"taxable","11":"shipping-taxable","12":"purchasable","13":"product-type-simple"},"acf":[],"yoast_head":"<!-- This site is optimized with the Yoast SEO plugin v27.5 - https:\/\/yoast.com\/product\/yoast-seo-wordpress\/ -->\n<title>Stellplatzf\u00fchrer ADAC Deutschland \/ Europa 2025 - Bantam<\/title>\n<meta name=\"robots\" content=\"index, follow, max-snippet:-1, max-image-preview:large, max-video-preview:-1\" \/>\n<link rel=\"canonical\" href=\"https:\/\/shop.bantam.ch\/de\/produkt\/stellplatzfuehrer-adac-deutschland-europa-2025\/\" \/>\n<meta property=\"og:locale\" content=\"de_DE\" \/>\n<meta property=\"og:type\" content=\"article\" \/>\n<meta property=\"og:title\" content=\"Stellplatzf\u00fchrer ADAC Deutschland \/ Europa 2025 - Bantam\" \/>\n<meta property=\"og:description\" content=\"Frei, unabh\u00e4ngig, f\u00fcr jedes Budget: Unterwegs im eigenen Zuhause mit Sicherheit den perfekten Stellplatz in ganz Europa finden\u2013 daf\u00fcr steht der ADAC Stellplatzf\u00fchrer mit rund 6.000 Wohnmobil-Stellpl\u00e4tzen in 35 europ\u00e4ischen L\u00e4ndern &#8211; davon rund 550 im Band verzeichnete Pl\u00e4tze auf Bauernh\u00f6fen und Weing\u00fctern. F\u00fcr eine einfache Auswahl der Pl\u00e4tze bewertet der ADAC Stellplatzf\u00fchrer die Ausstattung [&hellip;]\" \/>\n<meta property=\"og:url\" content=\"https:\/\/shop.bantam.ch\/de\/produkt\/stellplatzfuehrer-adac-deutschland-europa-2025\/\" \/>\n<meta property=\"og:site_name\" content=\"Bantam\" \/>\n<meta property=\"article:modified_time\" content=\"2026-05-11T21:22:16+00:00\" \/>\n<meta name=\"twitter:card\" content=\"summary_large_image\" \/>\n<meta name=\"twitter:label1\" content=\"Gesch\u00e4tzte Lesezeit\" \/>\n\t<meta name=\"twitter:data1\" content=\"1\u00a0Minute\" \/>\n<script type=\"application\/ld+json\" class=\"yoast-schema-graph\">{\"@context\":\"https:\\\/\\\/schema.org\",\"@graph\":[{\"@type\":\"WebPage\",\"@id\":\"https:\\\/\\\/shop.bantam.ch\\\/de\\\/produkt\\\/stellplatzfuehrer-adac-deutschland-europa-2025\\\/\",\"url\":\"https:\\\/\\\/shop.bantam.ch\\\/de\\\/produkt\\\/stellplatzfuehrer-adac-deutschland-europa-2025\\\/\",\"name\":\"Stellplatzf\u00fchrer ADAC Deutschland \\\/ Europa 2025 - Bantam\",\"isPartOf\":{\"@id\":\"https:\\\/\\\/shop.bantam.ch\\\/de\\\/#website\"},\"primaryImageOfPage\":{\"@id\":\"https:\\\/\\\/shop.bantam.ch\\\/de\\\/produkt\\\/stellplatzfuehrer-adac-deutschland-europa-2025\\\/#primaryimage\"},\"image\":{\"@id\":\"https:\\\/\\\/shop.bantam.ch\\\/de\\\/produkt\\\/stellplatzfuehrer-adac-deutschland-europa-2025\\\/#primaryimage\"},\"thumbnailUrl\":\"https:\\\/\\\/shop.bantam.ch\\\/wp-content\\\/uploads\\\/2025\\\/03\\\/Movera-L-9962455100.jpg\",\"datePublished\":\"2025-03-14T14:32:01+00:00\",\"dateModified\":\"2026-05-11T21:22:16+00:00\",\"breadcrumb\":{\"@id\":\"https:\\\/\\\/shop.bantam.ch\\\/de\\\/produkt\\\/stellplatzfuehrer-adac-deutschland-europa-2025\\\/#breadcrumb\"},\"inLanguage\":\"de\",\"potentialAction\":[{\"@type\":\"ReadAction\",\"target\":[\"https:\\\/\\\/shop.bantam.ch\\\/de\\\/produkt\\\/stellplatzfuehrer-adac-deutschland-europa-2025\\\/\"]}]},{\"@type\":\"ImageObject\",\"inLanguage\":\"de\",\"@id\":\"https:\\\/\\\/shop.bantam.ch\\\/de\\\/produkt\\\/stellplatzfuehrer-adac-deutschland-europa-2025\\\/#primaryimage\",\"url\":\"https:\\\/\\\/shop.bantam.ch\\\/wp-content\\\/uploads\\\/2025\\\/03\\\/Movera-L-9962455100.jpg\",\"contentUrl\":\"https:\\\/\\\/shop.bantam.ch\\\/wp-content\\\/uploads\\\/2025\\\/03\\\/Movera-L-9962455100.jpg\",\"width\":640,\"height\":998},{\"@type\":\"BreadcrumbList\",\"@id\":\"https:\\\/\\\/shop.bantam.ch\\\/de\\\/produkt\\\/stellplatzfuehrer-adac-deutschland-europa-2025\\\/#breadcrumb\",\"itemListElement\":[{\"@type\":\"ListItem\",\"position\":1,\"name\":\"Accueil\",\"item\":\"https:\\\/\\\/shop.bantam.ch\\\/de\\\/\"},{\"@type\":\"ListItem\",\"position\":2,\"name\":\"Shop\",\"item\":\"https:\\\/\\\/shop.bantam.ch\\\/de\\\/shop\\\/\"},{\"@type\":\"ListItem\",\"position\":3,\"name\":\"Stellplatzf\u00fchrer ADAC Deutschland \\\/ Europa 2025\"}]},{\"@type\":\"WebSite\",\"@id\":\"https:\\\/\\\/shop.bantam.ch\\\/de\\\/#website\",\"url\":\"https:\\\/\\\/shop.bantam.ch\\\/de\\\/\",\"name\":\"Bantam\",\"description\":\"\",\"publisher\":{\"@id\":\"https:\\\/\\\/shop.bantam.ch\\\/de\\\/#organization\"},\"inLanguage\":\"de\"},{\"@type\":\"Organization\",\"@id\":\"https:\\\/\\\/shop.bantam.ch\\\/de\\\/#organization\",\"name\":\"Bantam\",\"url\":\"https:\\\/\\\/shop.bantam.ch\\\/de\\\/\",\"logo\":{\"@type\":\"ImageObject\",\"inLanguage\":\"de\",\"@id\":\"https:\\\/\\\/shop.bantam.ch\\\/de\\\/#\\\/schema\\\/logo\\\/image\\\/\",\"url\":\"https:\\\/\\\/shop.bantam.ch\\\/wp-content\\\/uploads\\\/2022\\\/12\\\/bantam-logo.png\",\"contentUrl\":\"https:\\\/\\\/shop.bantam.ch\\\/wp-content\\\/uploads\\\/2022\\\/12\\\/bantam-logo.png\",\"width\":320,\"height\":71,\"caption\":\"Bantam\"},\"image\":{\"@id\":\"https:\\\/\\\/shop.bantam.ch\\\/de\\\/#\\\/schema\\\/logo\\\/image\\\/\"}}]}<\/script>\n<!-- \/ Yoast SEO plugin. -->","yoast_head_json":{"title":"Stellplatzf\u00fchrer ADAC Deutschland \/ Europa 2025 - Bantam","robots":{"index":"index","follow":"follow","max-snippet":"max-snippet:-1","max-image-preview":"max-image-preview:large","max-video-preview":"max-video-preview:-1"},"canonical":"https:\/\/shop.bantam.ch\/de\/produkt\/stellplatzfuehrer-adac-deutschland-europa-2025\/","og_locale":"de_DE","og_type":"article","og_title":"Stellplatzf\u00fchrer ADAC Deutschland \/ Europa 2025 - Bantam","og_description":"Frei, unabh\u00e4ngig, f\u00fcr jedes Budget: Unterwegs im eigenen Zuhause mit Sicherheit den perfekten Stellplatz in ganz Europa finden\u2013 daf\u00fcr steht der ADAC Stellplatzf\u00fchrer mit rund 6.000 Wohnmobil-Stellpl\u00e4tzen in 35 europ\u00e4ischen L\u00e4ndern &#8211; davon rund 550 im Band verzeichnete Pl\u00e4tze auf Bauernh\u00f6fen und Weing\u00fctern. F\u00fcr eine einfache Auswahl der Pl\u00e4tze bewertet der ADAC Stellplatzf\u00fchrer die Ausstattung [&hellip;]","og_url":"https:\/\/shop.bantam.ch\/de\/produkt\/stellplatzfuehrer-adac-deutschland-europa-2025\/","og_site_name":"Bantam","article_modified_time":"2026-05-11T21:22:16+00:00","twitter_card":"summary_large_image","twitter_misc":{"Gesch\u00e4tzte Lesezeit":"1\u00a0Minute"},"schema":{"@context":"https:\/\/schema.org","@graph":[{"@type":"WebPage","@id":"https:\/\/shop.bantam.ch\/de\/produkt\/stellplatzfuehrer-adac-deutschland-europa-2025\/","url":"https:\/\/shop.bantam.ch\/de\/produkt\/stellplatzfuehrer-adac-deutschland-europa-2025\/","name":"Stellplatzf\u00fchrer ADAC Deutschland \/ Europa 2025 - Bantam","isPartOf":{"@id":"https:\/\/shop.bantam.ch\/de\/#website"},"primaryImageOfPage":{"@id":"https:\/\/shop.bantam.ch\/de\/produkt\/stellplatzfuehrer-adac-deutschland-europa-2025\/#primaryimage"},"image":{"@id":"https:\/\/shop.bantam.ch\/de\/produkt\/stellplatzfuehrer-adac-deutschland-europa-2025\/#primaryimage"},"thumbnailUrl":"https:\/\/shop.bantam.ch\/wp-content\/uploads\/2025\/03\/Movera-L-9962455100.jpg","datePublished":"2025-03-14T14:32:01+00:00","dateModified":"2026-05-11T21:22:16+00:00","breadcrumb":{"@id":"https:\/\/shop.bantam.ch\/de\/produkt\/stellplatzfuehrer-adac-deutschland-europa-2025\/#breadcrumb"},"inLanguage":"de","potentialAction":[{"@type":"ReadAction","target":["https:\/\/shop.bantam.ch\/de\/produkt\/stellplatzfuehrer-adac-deutschland-europa-2025\/"]}]},{"@type":"ImageObject","inLanguage":"de","@id":"https:\/\/shop.bantam.ch\/de\/produkt\/stellplatzfuehrer-adac-deutschland-europa-2025\/#primaryimage","url":"https:\/\/shop.bantam.ch\/wp-content\/uploads\/2025\/03\/Movera-L-9962455100.jpg","contentUrl":"https:\/\/shop.bantam.ch\/wp-content\/uploads\/2025\/03\/Movera-L-9962455100.jpg","width":640,"height":998},{"@type":"BreadcrumbList","@id":"https:\/\/shop.bantam.ch\/de\/produkt\/stellplatzfuehrer-adac-deutschland-europa-2025\/#breadcrumb","itemListElement":[{"@type":"ListItem","position":1,"name":"Accueil","item":"https:\/\/shop.bantam.ch\/de\/"},{"@type":"ListItem","position":2,"name":"Shop","item":"https:\/\/shop.bantam.ch\/de\/shop\/"},{"@type":"ListItem","position":3,"name":"Stellplatzf\u00fchrer ADAC Deutschland \/ Europa 2025"}]},{"@type":"WebSite","@id":"https:\/\/shop.bantam.ch\/de\/#website","url":"https:\/\/shop.bantam.ch\/de\/","name":"Bantam","description":"","publisher":{"@id":"https:\/\/shop.bantam.ch\/de\/#organization"},"inLanguage":"de"},{"@type":"Organization","@id":"https:\/\/shop.bantam.ch\/de\/#organization","name":"Bantam","url":"https:\/\/shop.bantam.ch\/de\/","logo":{"@type":"ImageObject","inLanguage":"de","@id":"https:\/\/shop.bantam.ch\/de\/#\/schema\/logo\/image\/","url":"https:\/\/shop.bantam.ch\/wp-content\/uploads\/2022\/12\/bantam-logo.png","contentUrl":"https:\/\/shop.bantam.ch\/wp-content\/uploads\/2022\/12\/bantam-logo.png","width":320,"height":71,"caption":"Bantam"},"image":{"@id":"https:\/\/shop.bantam.ch\/de\/#\/schema\/logo\/image\/"}}]}},"_links":{"self":[{"href":"https:\/\/shop.bantam.ch\/de\/wp-json\/wp\/v2\/product\/213507","targetHints":{"allow":["GET"]}}],"collection":[{"href":"https:\/\/shop.bantam.ch\/de\/wp-json\/wp\/v2\/product"}],"about":[{"href":"https:\/\/shop.bantam.ch\/de\/wp-json\/wp\/v2\/types\/product"}],"wp:featuredmedia":[{"embeddable":true,"href":"https:\/\/shop.bantam.ch\/de\/wp-json\/wp\/v2\/media\/213505"}],"wp:attachment":[{"href":"https:\/\/shop.bantam.ch\/de\/wp-json\/wp\/v2\/media?parent=213507"}],"wp:term":[{"taxonomy":"product_featured_cat","embeddable":true,"href":"https:\/\/shop.bantam.ch\/de\/wp-json\/wp\/v2\/product_featured_cat?post=213507"},{"taxonomy":"product_brand","embeddable":true,"href":"https:\/\/shop.bantam.ch\/de\/wp-json\/wp\/v2\/product_brand?post=213507"},{"taxonomy":"product_cat","embeddable":true,"href":"https:\/\/shop.bantam.ch\/de\/wp-json\/wp\/v2\/product_cat?post=213507"},{"taxonomy":"product_tag","embeddable":true,"href":"https:\/\/shop.bantam.ch\/de\/wp-json\/wp\/v2\/product_tag?post=213507"}],"curies":[{"name":"wp","href":"https:\/\/api.w.org\/{rel}","templated":true}]}}