{"id":213483,"date":"2025-03-14T15:31:25","date_gmt":"2025-03-14T14:31:25","guid":{"rendered":"https:\/\/shop.bantam.ch\/produit\/faltstuhl-uquip-rocky-2-0-fb-boulder\/"},"modified":"2026-05-03T23:22:27","modified_gmt":"2026-05-03T21:22:27","slug":"faltstuhl-uquip-rocky-2-0-fb-boulder","status":"publish","type":"product","link":"https:\/\/shop.bantam.ch\/de\/produkt\/faltstuhl-uquip-rocky-2-0-fb-boulder\/","title":{"rendered":"Faltstuhl uquip ROCKY 2.0 Fb. boulder"},"content":{"rendered":"<p>ROCKY 2.0 ist ein besonders komfortabler Faltstuhl zum Schaukeln. Version 2.0 bietet einen optimierten Stand und eine verbesserte Sicherheitsfunktion. Die Sitzposition l\u00e4sst sich nun individuell einstellen und der Flaschenhalter kann auf beiden Seiten angebracht werden. Eine zweite Tasche bietet zus\u00e4tzlichen Stauraum. Die breiten F\u00fc\u00dfe verhindern Einsinken in weichem Untergrund, das stabile Stahlgest\u00e4nge und das hochwertige Rip-Stop Polyester erm\u00f6glichen die hohe Traglast von 120 kg.<\/p>\n<p>Material:<br \/>\nBezug 100 % Polyester<br \/>\nGestell Stahl<\/p>\n<p>&nbsp;<\/p>\n","protected":false},"excerpt":{"rendered":"<p>ROCKY 2.0 ist ein besonders komfortabler Faltstuhl zum Schaukeln. Version 2.0 bietet einen optimierten Stand und eine verbesserte Sicherheitsfunktion. Die Sitzposition l\u00e4sst sich nun individuell einstellen und der Flaschenhalter kann auf beiden Seiten angebracht werden. Eine zweite Tasche bietet zus\u00e4tzlichen Stauraum. Die breiten F\u00fc\u00dfe verhindern Einsinken in weichem Untergrund, das stabile Stahlgest\u00e4nge und das hochwertige [&hellip;]<\/p>\n","protected":false},"featured_media":213473,"template":"","meta":{"_acf_changed":false},"product_featured_cat":[],"product_brand":[],"product_cat":[4972],"product_tag":[],"class_list":{"0":"post-213483","1":"product","2":"type-product","3":"status-publish","4":"has-post-thumbnail","6":"product_cat-campingstuehle","8":"first","9":"instock","10":"taxable","11":"shipping-taxable","12":"purchasable","13":"product-type-simple"},"acf":[],"yoast_head":"<!-- This site is optimized with the Yoast SEO plugin v27.5 - https:\/\/yoast.com\/product\/yoast-seo-wordpress\/ -->\n<title>Faltstuhl uquip ROCKY 2.0 Fb. boulder - Bantam<\/title>\n<meta name=\"robots\" content=\"index, follow, max-snippet:-1, max-image-preview:large, max-video-preview:-1\" \/>\n<link rel=\"canonical\" href=\"https:\/\/shop.bantam.ch\/de\/produkt\/faltstuhl-uquip-rocky-2-0-fb-boulder\/\" \/>\n<meta property=\"og:locale\" content=\"de_DE\" \/>\n<meta property=\"og:type\" content=\"article\" \/>\n<meta property=\"og:title\" content=\"Faltstuhl uquip ROCKY 2.0 Fb. boulder - Bantam\" \/>\n<meta property=\"og:description\" content=\"ROCKY 2.0 ist ein besonders komfortabler Faltstuhl zum Schaukeln. Version 2.0 bietet einen optimierten Stand und eine verbesserte Sicherheitsfunktion. Die Sitzposition l\u00e4sst sich nun individuell einstellen und der Flaschenhalter kann auf beiden Seiten angebracht werden. Eine zweite Tasche bietet zus\u00e4tzlichen Stauraum. Die breiten F\u00fc\u00dfe verhindern Einsinken in weichem Untergrund, das stabile Stahlgest\u00e4nge und das hochwertige [&hellip;]\" \/>\n<meta property=\"og:url\" content=\"https:\/\/shop.bantam.ch\/de\/produkt\/faltstuhl-uquip-rocky-2-0-fb-boulder\/\" \/>\n<meta property=\"og:site_name\" content=\"Bantam\" \/>\n<meta property=\"article:modified_time\" content=\"2026-05-03T21:22:27+00:00\" \/>\n<meta name=\"twitter:card\" content=\"summary_large_image\" \/>\n<script type=\"application\/ld+json\" class=\"yoast-schema-graph\">{\"@context\":\"https:\\\/\\\/schema.org\",\"@graph\":[{\"@type\":\"WebPage\",\"@id\":\"https:\\\/\\\/shop.bantam.ch\\\/de\\\/produkt\\\/faltstuhl-uquip-rocky-2-0-fb-boulder\\\/\",\"url\":\"https:\\\/\\\/shop.bantam.ch\\\/de\\\/produkt\\\/faltstuhl-uquip-rocky-2-0-fb-boulder\\\/\",\"name\":\"Faltstuhl uquip ROCKY 2.0 Fb. boulder - Bantam\",\"isPartOf\":{\"@id\":\"https:\\\/\\\/shop.bantam.ch\\\/de\\\/#website\"},\"primaryImageOfPage\":{\"@id\":\"https:\\\/\\\/shop.bantam.ch\\\/de\\\/produkt\\\/faltstuhl-uquip-rocky-2-0-fb-boulder\\\/#primaryimage\"},\"image\":{\"@id\":\"https:\\\/\\\/shop.bantam.ch\\\/de\\\/produkt\\\/faltstuhl-uquip-rocky-2-0-fb-boulder\\\/#primaryimage\"},\"thumbnailUrl\":\"https:\\\/\\\/shop.bantam.ch\\\/wp-content\\\/uploads\\\/2025\\\/03\\\/Movera-L-9966038100.jpg\",\"datePublished\":\"2025-03-14T14:31:25+00:00\",\"dateModified\":\"2026-05-03T21:22:27+00:00\",\"breadcrumb\":{\"@id\":\"https:\\\/\\\/shop.bantam.ch\\\/de\\\/produkt\\\/faltstuhl-uquip-rocky-2-0-fb-boulder\\\/#breadcrumb\"},\"inLanguage\":\"de\",\"potentialAction\":[{\"@type\":\"ReadAction\",\"target\":[\"https:\\\/\\\/shop.bantam.ch\\\/de\\\/produkt\\\/faltstuhl-uquip-rocky-2-0-fb-boulder\\\/\"]}]},{\"@type\":\"ImageObject\",\"inLanguage\":\"de\",\"@id\":\"https:\\\/\\\/shop.bantam.ch\\\/de\\\/produkt\\\/faltstuhl-uquip-rocky-2-0-fb-boulder\\\/#primaryimage\",\"url\":\"https:\\\/\\\/shop.bantam.ch\\\/wp-content\\\/uploads\\\/2025\\\/03\\\/Movera-L-9966038100.jpg\",\"contentUrl\":\"https:\\\/\\\/shop.bantam.ch\\\/wp-content\\\/uploads\\\/2025\\\/03\\\/Movera-L-9966038100.jpg\",\"width\":640,\"height\":768},{\"@type\":\"BreadcrumbList\",\"@id\":\"https:\\\/\\\/shop.bantam.ch\\\/de\\\/produkt\\\/faltstuhl-uquip-rocky-2-0-fb-boulder\\\/#breadcrumb\",\"itemListElement\":[{\"@type\":\"ListItem\",\"position\":1,\"name\":\"Accueil\",\"item\":\"https:\\\/\\\/shop.bantam.ch\\\/de\\\/\"},{\"@type\":\"ListItem\",\"position\":2,\"name\":\"Shop\",\"item\":\"https:\\\/\\\/shop.bantam.ch\\\/de\\\/shop\\\/\"},{\"@type\":\"ListItem\",\"position\":3,\"name\":\"Faltstuhl uquip ROCKY 2.0 Fb. boulder\"}]},{\"@type\":\"WebSite\",\"@id\":\"https:\\\/\\\/shop.bantam.ch\\\/de\\\/#website\",\"url\":\"https:\\\/\\\/shop.bantam.ch\\\/de\\\/\",\"name\":\"Bantam\",\"description\":\"\",\"publisher\":{\"@id\":\"https:\\\/\\\/shop.bantam.ch\\\/de\\\/#organization\"},\"inLanguage\":\"de\"},{\"@type\":\"Organization\",\"@id\":\"https:\\\/\\\/shop.bantam.ch\\\/de\\\/#organization\",\"name\":\"Bantam\",\"url\":\"https:\\\/\\\/shop.bantam.ch\\\/de\\\/\",\"logo\":{\"@type\":\"ImageObject\",\"inLanguage\":\"de\",\"@id\":\"https:\\\/\\\/shop.bantam.ch\\\/de\\\/#\\\/schema\\\/logo\\\/image\\\/\",\"url\":\"https:\\\/\\\/shop.bantam.ch\\\/wp-content\\\/uploads\\\/2022\\\/12\\\/bantam-logo.png\",\"contentUrl\":\"https:\\\/\\\/shop.bantam.ch\\\/wp-content\\\/uploads\\\/2022\\\/12\\\/bantam-logo.png\",\"width\":320,\"height\":71,\"caption\":\"Bantam\"},\"image\":{\"@id\":\"https:\\\/\\\/shop.bantam.ch\\\/de\\\/#\\\/schema\\\/logo\\\/image\\\/\"}}]}<\/script>\n<!-- \/ Yoast SEO plugin. -->","yoast_head_json":{"title":"Faltstuhl uquip ROCKY 2.0 Fb. boulder - Bantam","robots":{"index":"index","follow":"follow","max-snippet":"max-snippet:-1","max-image-preview":"max-image-preview:large","max-video-preview":"max-video-preview:-1"},"canonical":"https:\/\/shop.bantam.ch\/de\/produkt\/faltstuhl-uquip-rocky-2-0-fb-boulder\/","og_locale":"de_DE","og_type":"article","og_title":"Faltstuhl uquip ROCKY 2.0 Fb. boulder - Bantam","og_description":"ROCKY 2.0 ist ein besonders komfortabler Faltstuhl zum Schaukeln. Version 2.0 bietet einen optimierten Stand und eine verbesserte Sicherheitsfunktion. Die Sitzposition l\u00e4sst sich nun individuell einstellen und der Flaschenhalter kann auf beiden Seiten angebracht werden. Eine zweite Tasche bietet zus\u00e4tzlichen Stauraum. Die breiten F\u00fc\u00dfe verhindern Einsinken in weichem Untergrund, das stabile Stahlgest\u00e4nge und das hochwertige [&hellip;]","og_url":"https:\/\/shop.bantam.ch\/de\/produkt\/faltstuhl-uquip-rocky-2-0-fb-boulder\/","og_site_name":"Bantam","article_modified_time":"2026-05-03T21:22:27+00:00","twitter_card":"summary_large_image","schema":{"@context":"https:\/\/schema.org","@graph":[{"@type":"WebPage","@id":"https:\/\/shop.bantam.ch\/de\/produkt\/faltstuhl-uquip-rocky-2-0-fb-boulder\/","url":"https:\/\/shop.bantam.ch\/de\/produkt\/faltstuhl-uquip-rocky-2-0-fb-boulder\/","name":"Faltstuhl uquip ROCKY 2.0 Fb. boulder - Bantam","isPartOf":{"@id":"https:\/\/shop.bantam.ch\/de\/#website"},"primaryImageOfPage":{"@id":"https:\/\/shop.bantam.ch\/de\/produkt\/faltstuhl-uquip-rocky-2-0-fb-boulder\/#primaryimage"},"image":{"@id":"https:\/\/shop.bantam.ch\/de\/produkt\/faltstuhl-uquip-rocky-2-0-fb-boulder\/#primaryimage"},"thumbnailUrl":"https:\/\/shop.bantam.ch\/wp-content\/uploads\/2025\/03\/Movera-L-9966038100.jpg","datePublished":"2025-03-14T14:31:25+00:00","dateModified":"2026-05-03T21:22:27+00:00","breadcrumb":{"@id":"https:\/\/shop.bantam.ch\/de\/produkt\/faltstuhl-uquip-rocky-2-0-fb-boulder\/#breadcrumb"},"inLanguage":"de","potentialAction":[{"@type":"ReadAction","target":["https:\/\/shop.bantam.ch\/de\/produkt\/faltstuhl-uquip-rocky-2-0-fb-boulder\/"]}]},{"@type":"ImageObject","inLanguage":"de","@id":"https:\/\/shop.bantam.ch\/de\/produkt\/faltstuhl-uquip-rocky-2-0-fb-boulder\/#primaryimage","url":"https:\/\/shop.bantam.ch\/wp-content\/uploads\/2025\/03\/Movera-L-9966038100.jpg","contentUrl":"https:\/\/shop.bantam.ch\/wp-content\/uploads\/2025\/03\/Movera-L-9966038100.jpg","width":640,"height":768},{"@type":"BreadcrumbList","@id":"https:\/\/shop.bantam.ch\/de\/produkt\/faltstuhl-uquip-rocky-2-0-fb-boulder\/#breadcrumb","itemListElement":[{"@type":"ListItem","position":1,"name":"Accueil","item":"https:\/\/shop.bantam.ch\/de\/"},{"@type":"ListItem","position":2,"name":"Shop","item":"https:\/\/shop.bantam.ch\/de\/shop\/"},{"@type":"ListItem","position":3,"name":"Faltstuhl uquip ROCKY 2.0 Fb. boulder"}]},{"@type":"WebSite","@id":"https:\/\/shop.bantam.ch\/de\/#website","url":"https:\/\/shop.bantam.ch\/de\/","name":"Bantam","description":"","publisher":{"@id":"https:\/\/shop.bantam.ch\/de\/#organization"},"inLanguage":"de"},{"@type":"Organization","@id":"https:\/\/shop.bantam.ch\/de\/#organization","name":"Bantam","url":"https:\/\/shop.bantam.ch\/de\/","logo":{"@type":"ImageObject","inLanguage":"de","@id":"https:\/\/shop.bantam.ch\/de\/#\/schema\/logo\/image\/","url":"https:\/\/shop.bantam.ch\/wp-content\/uploads\/2022\/12\/bantam-logo.png","contentUrl":"https:\/\/shop.bantam.ch\/wp-content\/uploads\/2022\/12\/bantam-logo.png","width":320,"height":71,"caption":"Bantam"},"image":{"@id":"https:\/\/shop.bantam.ch\/de\/#\/schema\/logo\/image\/"}}]}},"_links":{"self":[{"href":"https:\/\/shop.bantam.ch\/de\/wp-json\/wp\/v2\/product\/213483","targetHints":{"allow":["GET"]}}],"collection":[{"href":"https:\/\/shop.bantam.ch\/de\/wp-json\/wp\/v2\/product"}],"about":[{"href":"https:\/\/shop.bantam.ch\/de\/wp-json\/wp\/v2\/types\/product"}],"wp:featuredmedia":[{"embeddable":true,"href":"https:\/\/shop.bantam.ch\/de\/wp-json\/wp\/v2\/media\/213473"}],"wp:attachment":[{"href":"https:\/\/shop.bantam.ch\/de\/wp-json\/wp\/v2\/media?parent=213483"}],"wp:term":[{"taxonomy":"product_featured_cat","embeddable":true,"href":"https:\/\/shop.bantam.ch\/de\/wp-json\/wp\/v2\/product_featured_cat?post=213483"},{"taxonomy":"product_brand","embeddable":true,"href":"https:\/\/shop.bantam.ch\/de\/wp-json\/wp\/v2\/product_brand?post=213483"},{"taxonomy":"product_cat","embeddable":true,"href":"https:\/\/shop.bantam.ch\/de\/wp-json\/wp\/v2\/product_cat?post=213483"},{"taxonomy":"product_tag","embeddable":true,"href":"https:\/\/shop.bantam.ch\/de\/wp-json\/wp\/v2\/product_tag?post=213483"}],"curies":[{"name":"wp","href":"https:\/\/api.w.org\/{rel}","templated":true}]}}