{"id":213399,"date":"2025-03-14T15:29:57","date_gmt":"2025-03-14T14:29:57","guid":{"rendered":"https:\/\/shop.bantam.ch\/produit\/universalreiniger-clean-caravaning-inhalt-1l\/"},"modified":"2026-04-19T23:30:32","modified_gmt":"2026-04-19T21:30:32","slug":"universalreiniger-clean-caravaning-inhalt-1l","status":"publish","type":"product","link":"https:\/\/shop.bantam.ch\/de\/produkt\/universalreiniger-clean-caravaning-inhalt-1l\/","title":{"rendered":"Universalreiniger CLEAN CARAVANING Inhalt 1l"},"content":{"rendered":"<p>Clean Caravaning ist ein nicht sch\u00e4umendes Monoprodukt, das mit Wasser zwischen 3% und 10% verd\u00fcnnt wird.<\/p>\n<p>Es reinigt und entfettet zahlreiche abwaschbare Oberfl\u00e4chen und wird im Bereich von Wohnwagen, Wohnmobilen und Mobilheimen zur Reinigung einer Vielzahl von Untergr\u00fcnden wie z. B. Karosserien, Alkoven, Kofferraum, Motoren, PVC, Materialien verzinktem Material, Planen, Vorzelten, Glas, Aluminium und Chrom, Felgen, Dichtungen, Badezimmer, K\u00fcchen usw.<\/p>\n<p>Er ist ideal f\u00fcr schwierige Reinigungen, entfernt schwarze Schlieren unter den Scheiben und eignet sich auch f\u00fcr Textilien, Teppichb\u00f6den, Teppiche, Skai und Lederinterieur.<\/p>\n<p>Er hinterl\u00e4sst keine Streifen und hat die Besonderheit, dass er Folgendes wirksam beseitigt den statischen Film auf Ihren Oberfl\u00e4chen und hinterl\u00e4sst eine sch\u00fctzende wasserabweisende Schicht, die hilft, die Aggressionen der Zeit (Verschmutzung, Salz usw.)zu bek\u00e4mpfen.<\/p>\n<p>Es ver\u00e4ndert die Aufkleber nicht und l\u00e4sst sie ihre urspr\u00fcngliche Farbe zur\u00fcckerhalten.<\/p>\n<p>Clean Caravaning erm\u00f6glicht eine dauerhafte Wirkung.<\/p>\n<p>Stellen Sie den Glanz Ihrer Untergr\u00fcnde in nur wenigen Minuten wieder her.<\/p>\n<ul>\n<li>&#8211; Reiniger<\/li>\n<li>&#8211; Fleckenentferner<\/li>\n<li>&#8211; Entfetter<\/li>\n<li>&#8211; 98 % abbaubar<\/li>\n<\/ul>\n","protected":false},"excerpt":{"rendered":"<p>Clean Caravaning ist ein nicht sch\u00e4umendes Monoprodukt, das mit Wasser zwischen 3% und 10% verd\u00fcnnt wird. Es reinigt und entfettet zahlreiche abwaschbare Oberfl\u00e4chen und wird im Bereich von Wohnwagen, Wohnmobilen und Mobilheimen zur Reinigung einer Vielzahl von Untergr\u00fcnden wie z. B. Karosserien, Alkoven, Kofferraum, Motoren, PVC, Materialien verzinktem Material, Planen, Vorzelten, Glas, Aluminium und Chrom, [&hellip;]<\/p>\n","protected":false},"featured_media":213396,"template":"","meta":{"_acf_changed":false},"product_featured_cat":[],"product_brand":[],"product_cat":[4152],"product_tag":[],"class_list":{"0":"post-213399","1":"product","2":"type-product","3":"status-publish","4":"has-post-thumbnail","6":"product_cat-pflege-reinigungsmittel","8":"first","9":"instock","10":"taxable","11":"shipping-taxable","12":"purchasable","13":"product-type-simple"},"acf":[],"yoast_head":"<!-- This site is optimized with the Yoast SEO plugin v27.4 - https:\/\/yoast.com\/product\/yoast-seo-wordpress\/ -->\n<title>Universalreiniger CLEAN CARAVANING Inhalt 1l - Bantam Camping AG<\/title>\n<meta name=\"robots\" content=\"index, follow, max-snippet:-1, max-image-preview:large, max-video-preview:-1\" \/>\n<link rel=\"canonical\" href=\"https:\/\/shop.bantam.ch\/de\/produkt\/universalreiniger-clean-caravaning-inhalt-1l\/\" \/>\n<meta property=\"og:locale\" content=\"de_DE\" \/>\n<meta property=\"og:type\" content=\"article\" \/>\n<meta property=\"og:title\" content=\"Universalreiniger CLEAN CARAVANING Inhalt 1l - Bantam Camping AG\" \/>\n<meta property=\"og:description\" content=\"Clean Caravaning ist ein nicht sch\u00e4umendes Monoprodukt, das mit Wasser zwischen 3% und 10% verd\u00fcnnt wird. Es reinigt und entfettet zahlreiche abwaschbare Oberfl\u00e4chen und wird im Bereich von Wohnwagen, Wohnmobilen und Mobilheimen zur Reinigung einer Vielzahl von Untergr\u00fcnden wie z. B. Karosserien, Alkoven, Kofferraum, Motoren, PVC, Materialien verzinktem Material, Planen, Vorzelten, Glas, Aluminium und Chrom, [&hellip;]\" \/>\n<meta property=\"og:url\" content=\"https:\/\/shop.bantam.ch\/de\/produkt\/universalreiniger-clean-caravaning-inhalt-1l\/\" \/>\n<meta property=\"og:site_name\" content=\"Bantam Camping AG\" \/>\n<meta property=\"article:modified_time\" content=\"2026-04-19T21:30:32+00:00\" \/>\n<meta name=\"twitter:card\" content=\"summary_large_image\" \/>\n<meta name=\"twitter:label1\" content=\"Gesch\u00e4tzte Lesezeit\" \/>\n\t<meta name=\"twitter:data1\" content=\"1\u00a0Minute\" \/>\n<script type=\"application\/ld+json\" class=\"yoast-schema-graph\">{\"@context\":\"https:\\\/\\\/schema.org\",\"@graph\":[{\"@type\":\"WebPage\",\"@id\":\"https:\\\/\\\/shop.bantam.ch\\\/de\\\/produkt\\\/universalreiniger-clean-caravaning-inhalt-1l\\\/\",\"url\":\"https:\\\/\\\/shop.bantam.ch\\\/de\\\/produkt\\\/universalreiniger-clean-caravaning-inhalt-1l\\\/\",\"name\":\"Universalreiniger CLEAN CARAVANING Inhalt 1l - Bantam Camping AG\",\"isPartOf\":{\"@id\":\"https:\\\/\\\/shop.bantam.ch\\\/de\\\/#website\"},\"primaryImageOfPage\":{\"@id\":\"https:\\\/\\\/shop.bantam.ch\\\/de\\\/produkt\\\/universalreiniger-clean-caravaning-inhalt-1l\\\/#primaryimage\"},\"image\":{\"@id\":\"https:\\\/\\\/shop.bantam.ch\\\/de\\\/produkt\\\/universalreiniger-clean-caravaning-inhalt-1l\\\/#primaryimage\"},\"thumbnailUrl\":\"https:\\\/\\\/shop.bantam.ch\\\/wp-content\\\/uploads\\\/2025\\\/03\\\/Movera-L-9966024100.png\",\"datePublished\":\"2025-03-14T14:29:57+00:00\",\"dateModified\":\"2026-04-19T21:30:32+00:00\",\"breadcrumb\":{\"@id\":\"https:\\\/\\\/shop.bantam.ch\\\/de\\\/produkt\\\/universalreiniger-clean-caravaning-inhalt-1l\\\/#breadcrumb\"},\"inLanguage\":\"de\",\"potentialAction\":[{\"@type\":\"ReadAction\",\"target\":[\"https:\\\/\\\/shop.bantam.ch\\\/de\\\/produkt\\\/universalreiniger-clean-caravaning-inhalt-1l\\\/\"]}]},{\"@type\":\"ImageObject\",\"inLanguage\":\"de\",\"@id\":\"https:\\\/\\\/shop.bantam.ch\\\/de\\\/produkt\\\/universalreiniger-clean-caravaning-inhalt-1l\\\/#primaryimage\",\"url\":\"https:\\\/\\\/shop.bantam.ch\\\/wp-content\\\/uploads\\\/2025\\\/03\\\/Movera-L-9966024100.png\",\"contentUrl\":\"https:\\\/\\\/shop.bantam.ch\\\/wp-content\\\/uploads\\\/2025\\\/03\\\/Movera-L-9966024100.png\",\"width\":640,\"height\":537},{\"@type\":\"BreadcrumbList\",\"@id\":\"https:\\\/\\\/shop.bantam.ch\\\/de\\\/produkt\\\/universalreiniger-clean-caravaning-inhalt-1l\\\/#breadcrumb\",\"itemListElement\":[{\"@type\":\"ListItem\",\"position\":1,\"name\":\"Accueil\",\"item\":\"https:\\\/\\\/shop.bantam.ch\\\/de\\\/\"},{\"@type\":\"ListItem\",\"position\":2,\"name\":\"Shop\",\"item\":\"https:\\\/\\\/shop.bantam.ch\\\/de\\\/shop\\\/\"},{\"@type\":\"ListItem\",\"position\":3,\"name\":\"Universalreiniger CLEAN CARAVANING Inhalt 1l\"}]},{\"@type\":\"WebSite\",\"@id\":\"https:\\\/\\\/shop.bantam.ch\\\/de\\\/#website\",\"url\":\"https:\\\/\\\/shop.bantam.ch\\\/de\\\/\",\"name\":\"Bantam Camping AG\",\"description\":\"\",\"publisher\":{\"@id\":\"https:\\\/\\\/shop.bantam.ch\\\/de\\\/#organization\"},\"inLanguage\":\"de\"},{\"@type\":\"Organization\",\"@id\":\"https:\\\/\\\/shop.bantam.ch\\\/de\\\/#organization\",\"name\":\"Bantam Camping AG\",\"url\":\"https:\\\/\\\/shop.bantam.ch\\\/de\\\/\",\"logo\":{\"@type\":\"ImageObject\",\"inLanguage\":\"de\",\"@id\":\"https:\\\/\\\/shop.bantam.ch\\\/de\\\/#\\\/schema\\\/logo\\\/image\\\/\",\"url\":\"https:\\\/\\\/shop.bantam.ch\\\/wp-content\\\/uploads\\\/2022\\\/12\\\/bantam-logo.png\",\"contentUrl\":\"https:\\\/\\\/shop.bantam.ch\\\/wp-content\\\/uploads\\\/2022\\\/12\\\/bantam-logo.png\",\"width\":320,\"height\":71,\"caption\":\"Bantam Camping AG\"},\"image\":{\"@id\":\"https:\\\/\\\/shop.bantam.ch\\\/de\\\/#\\\/schema\\\/logo\\\/image\\\/\"}}]}<\/script>\n<!-- \/ Yoast SEO plugin. -->","yoast_head_json":{"title":"Universalreiniger CLEAN CARAVANING Inhalt 1l - Bantam Camping AG","robots":{"index":"index","follow":"follow","max-snippet":"max-snippet:-1","max-image-preview":"max-image-preview:large","max-video-preview":"max-video-preview:-1"},"canonical":"https:\/\/shop.bantam.ch\/de\/produkt\/universalreiniger-clean-caravaning-inhalt-1l\/","og_locale":"de_DE","og_type":"article","og_title":"Universalreiniger CLEAN CARAVANING Inhalt 1l - Bantam Camping AG","og_description":"Clean Caravaning ist ein nicht sch\u00e4umendes Monoprodukt, das mit Wasser zwischen 3% und 10% verd\u00fcnnt wird. Es reinigt und entfettet zahlreiche abwaschbare Oberfl\u00e4chen und wird im Bereich von Wohnwagen, Wohnmobilen und Mobilheimen zur Reinigung einer Vielzahl von Untergr\u00fcnden wie z. B. Karosserien, Alkoven, Kofferraum, Motoren, PVC, Materialien verzinktem Material, Planen, Vorzelten, Glas, Aluminium und Chrom, [&hellip;]","og_url":"https:\/\/shop.bantam.ch\/de\/produkt\/universalreiniger-clean-caravaning-inhalt-1l\/","og_site_name":"Bantam Camping AG","article_modified_time":"2026-04-19T21:30:32+00:00","twitter_card":"summary_large_image","twitter_misc":{"Gesch\u00e4tzte Lesezeit":"1\u00a0Minute"},"schema":{"@context":"https:\/\/schema.org","@graph":[{"@type":"WebPage","@id":"https:\/\/shop.bantam.ch\/de\/produkt\/universalreiniger-clean-caravaning-inhalt-1l\/","url":"https:\/\/shop.bantam.ch\/de\/produkt\/universalreiniger-clean-caravaning-inhalt-1l\/","name":"Universalreiniger CLEAN CARAVANING Inhalt 1l - Bantam Camping AG","isPartOf":{"@id":"https:\/\/shop.bantam.ch\/de\/#website"},"primaryImageOfPage":{"@id":"https:\/\/shop.bantam.ch\/de\/produkt\/universalreiniger-clean-caravaning-inhalt-1l\/#primaryimage"},"image":{"@id":"https:\/\/shop.bantam.ch\/de\/produkt\/universalreiniger-clean-caravaning-inhalt-1l\/#primaryimage"},"thumbnailUrl":"https:\/\/shop.bantam.ch\/wp-content\/uploads\/2025\/03\/Movera-L-9966024100.png","datePublished":"2025-03-14T14:29:57+00:00","dateModified":"2026-04-19T21:30:32+00:00","breadcrumb":{"@id":"https:\/\/shop.bantam.ch\/de\/produkt\/universalreiniger-clean-caravaning-inhalt-1l\/#breadcrumb"},"inLanguage":"de","potentialAction":[{"@type":"ReadAction","target":["https:\/\/shop.bantam.ch\/de\/produkt\/universalreiniger-clean-caravaning-inhalt-1l\/"]}]},{"@type":"ImageObject","inLanguage":"de","@id":"https:\/\/shop.bantam.ch\/de\/produkt\/universalreiniger-clean-caravaning-inhalt-1l\/#primaryimage","url":"https:\/\/shop.bantam.ch\/wp-content\/uploads\/2025\/03\/Movera-L-9966024100.png","contentUrl":"https:\/\/shop.bantam.ch\/wp-content\/uploads\/2025\/03\/Movera-L-9966024100.png","width":640,"height":537},{"@type":"BreadcrumbList","@id":"https:\/\/shop.bantam.ch\/de\/produkt\/universalreiniger-clean-caravaning-inhalt-1l\/#breadcrumb","itemListElement":[{"@type":"ListItem","position":1,"name":"Accueil","item":"https:\/\/shop.bantam.ch\/de\/"},{"@type":"ListItem","position":2,"name":"Shop","item":"https:\/\/shop.bantam.ch\/de\/shop\/"},{"@type":"ListItem","position":3,"name":"Universalreiniger CLEAN CARAVANING Inhalt 1l"}]},{"@type":"WebSite","@id":"https:\/\/shop.bantam.ch\/de\/#website","url":"https:\/\/shop.bantam.ch\/de\/","name":"Bantam Camping AG","description":"","publisher":{"@id":"https:\/\/shop.bantam.ch\/de\/#organization"},"inLanguage":"de"},{"@type":"Organization","@id":"https:\/\/shop.bantam.ch\/de\/#organization","name":"Bantam Camping AG","url":"https:\/\/shop.bantam.ch\/de\/","logo":{"@type":"ImageObject","inLanguage":"de","@id":"https:\/\/shop.bantam.ch\/de\/#\/schema\/logo\/image\/","url":"https:\/\/shop.bantam.ch\/wp-content\/uploads\/2022\/12\/bantam-logo.png","contentUrl":"https:\/\/shop.bantam.ch\/wp-content\/uploads\/2022\/12\/bantam-logo.png","width":320,"height":71,"caption":"Bantam Camping AG"},"image":{"@id":"https:\/\/shop.bantam.ch\/de\/#\/schema\/logo\/image\/"}}]}},"_links":{"self":[{"href":"https:\/\/shop.bantam.ch\/de\/wp-json\/wp\/v2\/product\/213399","targetHints":{"allow":["GET"]}}],"collection":[{"href":"https:\/\/shop.bantam.ch\/de\/wp-json\/wp\/v2\/product"}],"about":[{"href":"https:\/\/shop.bantam.ch\/de\/wp-json\/wp\/v2\/types\/product"}],"wp:featuredmedia":[{"embeddable":true,"href":"https:\/\/shop.bantam.ch\/de\/wp-json\/wp\/v2\/media\/213396"}],"wp:attachment":[{"href":"https:\/\/shop.bantam.ch\/de\/wp-json\/wp\/v2\/media?parent=213399"}],"wp:term":[{"taxonomy":"product_featured_cat","embeddable":true,"href":"https:\/\/shop.bantam.ch\/de\/wp-json\/wp\/v2\/product_featured_cat?post=213399"},{"taxonomy":"product_brand","embeddable":true,"href":"https:\/\/shop.bantam.ch\/de\/wp-json\/wp\/v2\/product_brand?post=213399"},{"taxonomy":"product_cat","embeddable":true,"href":"https:\/\/shop.bantam.ch\/de\/wp-json\/wp\/v2\/product_cat?post=213399"},{"taxonomy":"product_tag","embeddable":true,"href":"https:\/\/shop.bantam.ch\/de\/wp-json\/wp\/v2\/product_tag?post=213399"}],"curies":[{"name":"wp","href":"https:\/\/api.w.org\/{rel}","templated":true}]}}