{"id":213356,"date":"2025-03-14T15:28:48","date_gmt":"2025-03-14T14:28:48","guid":{"rendered":"https:\/\/shop.bantam.ch\/produit\/satanlage-onelight-60-pl\/"},"modified":"2026-04-19T01:53:33","modified_gmt":"2026-04-18T23:53:33","slug":"satanlage-onelight-60-pl","status":"publish","type":"product","link":"https:\/\/shop.bantam.ch\/de\/produkt\/satanlage-onelight-60-pl\/","title":{"rendered":"Satanlage ONELIGHT 60 PL"},"content":{"rendered":"<p>Die vollautomatischen Onelight HD bieten ein hervorragendes Preis-Leistungs-Verh\u00e4ltnis und \u00fcberzeugen durch ihr modernes Design. Mit ihrem geringen Platzbedarf und Gewicht sind sie besonders praktisch. Die Anlagen zeichnen sich durch einen niedrigen Stromverbrauch, schnelle Ausrichtung und eine gute Empfangsreichweite aus. Die Modellvariante Onelight 60 HD ist zudem mit einem gesiebten Platinium-Spiegel ausgestattet. LTEasy \u2013 Integrierte LTE-Antenne in der Dachdurchf\u00fchrung. ALDEN entwickelte das LTE-Ready System LTEasy f\u00fcr Reisemobile und Caravans, um neben perfektem Satellitenempfang auch eine zuverl\u00e4ssige Mobilfunkverbindung zu gew\u00e4hrleisten. Es ist ideal zur Nutzung des vollen Funktionsumfangs von ALDEN Smart-TVs.<\/p>\n<ul>\n<li>Preis \u2013 Leistung: TOP!!&nbsp;<\/li>\n<li>Einfache Bedienung&nbsp;<\/li>\n<li>Leichtgewicht<\/li>\n<li>Serienm\u00e4\u00dfig mit LTEasy<\/li>\n<\/ul>\n","protected":false},"excerpt":{"rendered":"<p>Die vollautomatischen Onelight HD bieten ein hervorragendes Preis-Leistungs-Verh\u00e4ltnis und \u00fcberzeugen durch ihr modernes Design. Mit ihrem geringen Platzbedarf und Gewicht sind sie besonders praktisch. Die Anlagen zeichnen sich durch einen niedrigen Stromverbrauch, schnelle Ausrichtung und eine gute Empfangsreichweite aus. Die Modellvariante Onelight 60 HD ist zudem mit einem gesiebten Platinium-Spiegel ausgestattet. LTEasy \u2013 Integrierte LTE-Antenne [&hellip;]<\/p>\n","protected":false},"featured_media":213334,"template":"","meta":{"_acf_changed":false},"product_featured_cat":[],"product_brand":[],"product_cat":[4530],"product_tag":[],"class_list":{"0":"post-213356","1":"product","2":"type-product","3":"status-publish","4":"has-post-thumbnail","6":"product_cat-sat-tv-komplettsysteme","8":"first","9":"instock","10":"taxable","11":"shipping-taxable","12":"purchasable","13":"product-type-variable"},"acf":[],"yoast_head":"<!-- This site is optimized with the Yoast SEO plugin v27.4 - https:\/\/yoast.com\/product\/yoast-seo-wordpress\/ -->\n<title>Satanlage ONELIGHT 60 PL - Bantam Camping AG<\/title>\n<meta name=\"robots\" content=\"index, follow, max-snippet:-1, max-image-preview:large, max-video-preview:-1\" \/>\n<link rel=\"canonical\" href=\"https:\/\/shop.bantam.ch\/de\/produkt\/satanlage-onelight-60-pl\/\" \/>\n<meta property=\"og:locale\" content=\"de_DE\" \/>\n<meta property=\"og:type\" content=\"article\" \/>\n<meta property=\"og:title\" content=\"Satanlage ONELIGHT 60 PL - Bantam Camping AG\" \/>\n<meta property=\"og:description\" content=\"Die vollautomatischen Onelight HD bieten ein hervorragendes Preis-Leistungs-Verh\u00e4ltnis und \u00fcberzeugen durch ihr modernes Design. Mit ihrem geringen Platzbedarf und Gewicht sind sie besonders praktisch. Die Anlagen zeichnen sich durch einen niedrigen Stromverbrauch, schnelle Ausrichtung und eine gute Empfangsreichweite aus. Die Modellvariante Onelight 60 HD ist zudem mit einem gesiebten Platinium-Spiegel ausgestattet. LTEasy \u2013 Integrierte LTE-Antenne [&hellip;]\" \/>\n<meta property=\"og:url\" content=\"https:\/\/shop.bantam.ch\/de\/produkt\/satanlage-onelight-60-pl\/\" \/>\n<meta property=\"og:site_name\" content=\"Bantam Camping AG\" \/>\n<meta property=\"article:modified_time\" content=\"2026-04-18T23:53:33+00:00\" \/>\n<meta name=\"twitter:card\" content=\"summary_large_image\" \/>\n<meta name=\"twitter:label1\" content=\"Gesch\u00e4tzte Lesezeit\" \/>\n\t<meta name=\"twitter:data1\" content=\"1\u00a0Minute\" \/>\n<script type=\"application\/ld+json\" class=\"yoast-schema-graph\">{\"@context\":\"https:\\\/\\\/schema.org\",\"@graph\":[{\"@type\":\"WebPage\",\"@id\":\"https:\\\/\\\/shop.bantam.ch\\\/de\\\/produkt\\\/satanlage-onelight-60-pl\\\/\",\"url\":\"https:\\\/\\\/shop.bantam.ch\\\/de\\\/produkt\\\/satanlage-onelight-60-pl\\\/\",\"name\":\"Satanlage ONELIGHT 60 PL - Bantam Camping AG\",\"isPartOf\":{\"@id\":\"https:\\\/\\\/shop.bantam.ch\\\/de\\\/#website\"},\"primaryImageOfPage\":{\"@id\":\"https:\\\/\\\/shop.bantam.ch\\\/de\\\/produkt\\\/satanlage-onelight-60-pl\\\/#primaryimage\"},\"image\":{\"@id\":\"https:\\\/\\\/shop.bantam.ch\\\/de\\\/produkt\\\/satanlage-onelight-60-pl\\\/#primaryimage\"},\"thumbnailUrl\":\"https:\\\/\\\/shop.bantam.ch\\\/wp-content\\\/uploads\\\/2025\\\/03\\\/Movera-L-0107179100.png\",\"datePublished\":\"2025-03-14T14:28:48+00:00\",\"dateModified\":\"2026-04-18T23:53:33+00:00\",\"breadcrumb\":{\"@id\":\"https:\\\/\\\/shop.bantam.ch\\\/de\\\/produkt\\\/satanlage-onelight-60-pl\\\/#breadcrumb\"},\"inLanguage\":\"de\",\"potentialAction\":[{\"@type\":\"ReadAction\",\"target\":[\"https:\\\/\\\/shop.bantam.ch\\\/de\\\/produkt\\\/satanlage-onelight-60-pl\\\/\"]}]},{\"@type\":\"ImageObject\",\"inLanguage\":\"de\",\"@id\":\"https:\\\/\\\/shop.bantam.ch\\\/de\\\/produkt\\\/satanlage-onelight-60-pl\\\/#primaryimage\",\"url\":\"https:\\\/\\\/shop.bantam.ch\\\/wp-content\\\/uploads\\\/2025\\\/03\\\/Movera-L-0107179100.png\",\"contentUrl\":\"https:\\\/\\\/shop.bantam.ch\\\/wp-content\\\/uploads\\\/2025\\\/03\\\/Movera-L-0107179100.png\",\"width\":640,\"height\":640},{\"@type\":\"BreadcrumbList\",\"@id\":\"https:\\\/\\\/shop.bantam.ch\\\/de\\\/produkt\\\/satanlage-onelight-60-pl\\\/#breadcrumb\",\"itemListElement\":[{\"@type\":\"ListItem\",\"position\":1,\"name\":\"Accueil\",\"item\":\"https:\\\/\\\/shop.bantam.ch\\\/de\\\/\"},{\"@type\":\"ListItem\",\"position\":2,\"name\":\"Shop\",\"item\":\"https:\\\/\\\/shop.bantam.ch\\\/de\\\/shop\\\/\"},{\"@type\":\"ListItem\",\"position\":3,\"name\":\"Satanlage ONELIGHT 60 PL\"}]},{\"@type\":\"WebSite\",\"@id\":\"https:\\\/\\\/shop.bantam.ch\\\/de\\\/#website\",\"url\":\"https:\\\/\\\/shop.bantam.ch\\\/de\\\/\",\"name\":\"Bantam Camping AG\",\"description\":\"\",\"publisher\":{\"@id\":\"https:\\\/\\\/shop.bantam.ch\\\/de\\\/#organization\"},\"inLanguage\":\"de\"},{\"@type\":\"Organization\",\"@id\":\"https:\\\/\\\/shop.bantam.ch\\\/de\\\/#organization\",\"name\":\"Bantam Camping AG\",\"url\":\"https:\\\/\\\/shop.bantam.ch\\\/de\\\/\",\"logo\":{\"@type\":\"ImageObject\",\"inLanguage\":\"de\",\"@id\":\"https:\\\/\\\/shop.bantam.ch\\\/de\\\/#\\\/schema\\\/logo\\\/image\\\/\",\"url\":\"https:\\\/\\\/shop.bantam.ch\\\/wp-content\\\/uploads\\\/2022\\\/12\\\/bantam-logo.png\",\"contentUrl\":\"https:\\\/\\\/shop.bantam.ch\\\/wp-content\\\/uploads\\\/2022\\\/12\\\/bantam-logo.png\",\"width\":320,\"height\":71,\"caption\":\"Bantam Camping AG\"},\"image\":{\"@id\":\"https:\\\/\\\/shop.bantam.ch\\\/de\\\/#\\\/schema\\\/logo\\\/image\\\/\"}}]}<\/script>\n<!-- \/ Yoast SEO plugin. -->","yoast_head_json":{"title":"Satanlage ONELIGHT 60 PL - Bantam Camping AG","robots":{"index":"index","follow":"follow","max-snippet":"max-snippet:-1","max-image-preview":"max-image-preview:large","max-video-preview":"max-video-preview:-1"},"canonical":"https:\/\/shop.bantam.ch\/de\/produkt\/satanlage-onelight-60-pl\/","og_locale":"de_DE","og_type":"article","og_title":"Satanlage ONELIGHT 60 PL - Bantam Camping AG","og_description":"Die vollautomatischen Onelight HD bieten ein hervorragendes Preis-Leistungs-Verh\u00e4ltnis und \u00fcberzeugen durch ihr modernes Design. Mit ihrem geringen Platzbedarf und Gewicht sind sie besonders praktisch. Die Anlagen zeichnen sich durch einen niedrigen Stromverbrauch, schnelle Ausrichtung und eine gute Empfangsreichweite aus. Die Modellvariante Onelight 60 HD ist zudem mit einem gesiebten Platinium-Spiegel ausgestattet. LTEasy \u2013 Integrierte LTE-Antenne [&hellip;]","og_url":"https:\/\/shop.bantam.ch\/de\/produkt\/satanlage-onelight-60-pl\/","og_site_name":"Bantam Camping AG","article_modified_time":"2026-04-18T23:53:33+00:00","twitter_card":"summary_large_image","twitter_misc":{"Gesch\u00e4tzte Lesezeit":"1\u00a0Minute"},"schema":{"@context":"https:\/\/schema.org","@graph":[{"@type":"WebPage","@id":"https:\/\/shop.bantam.ch\/de\/produkt\/satanlage-onelight-60-pl\/","url":"https:\/\/shop.bantam.ch\/de\/produkt\/satanlage-onelight-60-pl\/","name":"Satanlage ONELIGHT 60 PL - Bantam Camping AG","isPartOf":{"@id":"https:\/\/shop.bantam.ch\/de\/#website"},"primaryImageOfPage":{"@id":"https:\/\/shop.bantam.ch\/de\/produkt\/satanlage-onelight-60-pl\/#primaryimage"},"image":{"@id":"https:\/\/shop.bantam.ch\/de\/produkt\/satanlage-onelight-60-pl\/#primaryimage"},"thumbnailUrl":"https:\/\/shop.bantam.ch\/wp-content\/uploads\/2025\/03\/Movera-L-0107179100.png","datePublished":"2025-03-14T14:28:48+00:00","dateModified":"2026-04-18T23:53:33+00:00","breadcrumb":{"@id":"https:\/\/shop.bantam.ch\/de\/produkt\/satanlage-onelight-60-pl\/#breadcrumb"},"inLanguage":"de","potentialAction":[{"@type":"ReadAction","target":["https:\/\/shop.bantam.ch\/de\/produkt\/satanlage-onelight-60-pl\/"]}]},{"@type":"ImageObject","inLanguage":"de","@id":"https:\/\/shop.bantam.ch\/de\/produkt\/satanlage-onelight-60-pl\/#primaryimage","url":"https:\/\/shop.bantam.ch\/wp-content\/uploads\/2025\/03\/Movera-L-0107179100.png","contentUrl":"https:\/\/shop.bantam.ch\/wp-content\/uploads\/2025\/03\/Movera-L-0107179100.png","width":640,"height":640},{"@type":"BreadcrumbList","@id":"https:\/\/shop.bantam.ch\/de\/produkt\/satanlage-onelight-60-pl\/#breadcrumb","itemListElement":[{"@type":"ListItem","position":1,"name":"Accueil","item":"https:\/\/shop.bantam.ch\/de\/"},{"@type":"ListItem","position":2,"name":"Shop","item":"https:\/\/shop.bantam.ch\/de\/shop\/"},{"@type":"ListItem","position":3,"name":"Satanlage ONELIGHT 60 PL"}]},{"@type":"WebSite","@id":"https:\/\/shop.bantam.ch\/de\/#website","url":"https:\/\/shop.bantam.ch\/de\/","name":"Bantam Camping AG","description":"","publisher":{"@id":"https:\/\/shop.bantam.ch\/de\/#organization"},"inLanguage":"de"},{"@type":"Organization","@id":"https:\/\/shop.bantam.ch\/de\/#organization","name":"Bantam Camping AG","url":"https:\/\/shop.bantam.ch\/de\/","logo":{"@type":"ImageObject","inLanguage":"de","@id":"https:\/\/shop.bantam.ch\/de\/#\/schema\/logo\/image\/","url":"https:\/\/shop.bantam.ch\/wp-content\/uploads\/2022\/12\/bantam-logo.png","contentUrl":"https:\/\/shop.bantam.ch\/wp-content\/uploads\/2022\/12\/bantam-logo.png","width":320,"height":71,"caption":"Bantam Camping AG"},"image":{"@id":"https:\/\/shop.bantam.ch\/de\/#\/schema\/logo\/image\/"}}]}},"_links":{"self":[{"href":"https:\/\/shop.bantam.ch\/de\/wp-json\/wp\/v2\/product\/213356","targetHints":{"allow":["GET"]}}],"collection":[{"href":"https:\/\/shop.bantam.ch\/de\/wp-json\/wp\/v2\/product"}],"about":[{"href":"https:\/\/shop.bantam.ch\/de\/wp-json\/wp\/v2\/types\/product"}],"wp:featuredmedia":[{"embeddable":true,"href":"https:\/\/shop.bantam.ch\/de\/wp-json\/wp\/v2\/media\/213334"}],"wp:attachment":[{"href":"https:\/\/shop.bantam.ch\/de\/wp-json\/wp\/v2\/media?parent=213356"}],"wp:term":[{"taxonomy":"product_featured_cat","embeddable":true,"href":"https:\/\/shop.bantam.ch\/de\/wp-json\/wp\/v2\/product_featured_cat?post=213356"},{"taxonomy":"product_brand","embeddable":true,"href":"https:\/\/shop.bantam.ch\/de\/wp-json\/wp\/v2\/product_brand?post=213356"},{"taxonomy":"product_cat","embeddable":true,"href":"https:\/\/shop.bantam.ch\/de\/wp-json\/wp\/v2\/product_cat?post=213356"},{"taxonomy":"product_tag","embeddable":true,"href":"https:\/\/shop.bantam.ch\/de\/wp-json\/wp\/v2\/product_tag?post=213356"}],"curies":[{"name":"wp","href":"https:\/\/api.w.org\/{rel}","templated":true}]}}