{"id":213294,"date":"2025-03-14T15:27:49","date_gmt":"2025-03-14T14:27:49","guid":{"rendered":"https:\/\/shop.bantam.ch\/produit\/dab-glasklebeantenne-innen-aktiv-smb-potentialfrei\/"},"modified":"2026-04-19T23:30:19","modified_gmt":"2026-04-19T21:30:19","slug":"dab-glasklebeantenne-innen-aktiv-smb-potentialfrei","status":"publish","type":"product","link":"https:\/\/shop.bantam.ch\/de\/produkt\/dab-glasklebeantenne-innen-aktiv-smb-potentialfrei\/","title":{"rendered":"DAB+ Glasklebeantenne innen aktiv, SMB, potentialfrei"},"content":{"rendered":"<p>Potentialfreie aktive Glasklebe-Innenantenne zur Klebebefestigung an der rechten oder linken Seite der Frontscheibe oder an Seitenscheiben. G\u00fcnstige Empfangseigenschaften. Diebstahlsicher und sicher vor mutwilliger Zerst\u00f6rung. Keine Windger\u00e4usche. Lange Lebensdauer. Bestens geeignet zum Anschluss an nachger\u00fcstete digitale Autoempf\u00e4nger. Anschlusskabel 2,5 m RG 174 mit SMB (f) Winkel.<br \/>\nHinweise:<br \/>\n5 mm Mindestabstand zwischen Antenne und Karosserie. Beschichtungs-, partikel- und heizdrahtfreie Scheibe im Montagebereich.<br \/>\nF\u00fcr Zenec, Kenwood, Pioneer, JVC Radios &amp; Multimediager\u00e4te mit integriertem DAB+ Tuner geeignet.<\/p>\n","protected":false},"excerpt":{"rendered":"<p>Potentialfreie aktive Glasklebe-Innenantenne zur Klebebefestigung an der rechten oder linken Seite der Frontscheibe oder an Seitenscheiben. G\u00fcnstige Empfangseigenschaften. Diebstahlsicher und sicher vor mutwilliger Zerst\u00f6rung. Keine Windger\u00e4usche. Lange Lebensdauer. Bestens geeignet zum Anschluss an nachger\u00fcstete digitale Autoempf\u00e4nger. Anschlusskabel 2,5 m RG 174 mit SMB (f) Winkel. Hinweise: 5 mm Mindestabstand zwischen Antenne und Karosserie. Beschichtungs-, partikel- [&hellip;]<\/p>\n","protected":false},"featured_media":213288,"template":"","meta":{"_acf_changed":false},"product_featured_cat":[],"product_brand":[],"product_cat":[5006],"product_tag":[],"class_list":{"0":"post-213294","1":"product","2":"type-product","3":"status-publish","4":"has-post-thumbnail","6":"product_cat-autoradio-zubehoer-und-antennen","8":"first","9":"instock","10":"taxable","11":"shipping-taxable","12":"purchasable","13":"product-type-simple"},"acf":[],"yoast_head":"<!-- This site is optimized with the Yoast SEO plugin v27.4 - https:\/\/yoast.com\/product\/yoast-seo-wordpress\/ -->\n<title>DAB+ Glasklebeantenne innen aktiv, SMB, potentialfrei - Bantam Camping AG<\/title>\n<meta name=\"robots\" content=\"index, follow, max-snippet:-1, max-image-preview:large, max-video-preview:-1\" \/>\n<link rel=\"canonical\" href=\"https:\/\/shop.bantam.ch\/de\/produkt\/dab-glasklebeantenne-innen-aktiv-smb-potentialfrei\/\" \/>\n<meta property=\"og:locale\" content=\"de_DE\" \/>\n<meta property=\"og:type\" content=\"article\" \/>\n<meta property=\"og:title\" content=\"DAB+ Glasklebeantenne innen aktiv, SMB, potentialfrei - Bantam Camping AG\" \/>\n<meta property=\"og:description\" content=\"Potentialfreie aktive Glasklebe-Innenantenne zur Klebebefestigung an der rechten oder linken Seite der Frontscheibe oder an Seitenscheiben. G\u00fcnstige Empfangseigenschaften. Diebstahlsicher und sicher vor mutwilliger Zerst\u00f6rung. Keine Windger\u00e4usche. Lange Lebensdauer. Bestens geeignet zum Anschluss an nachger\u00fcstete digitale Autoempf\u00e4nger. Anschlusskabel 2,5 m RG 174 mit SMB (f) Winkel. Hinweise: 5 mm Mindestabstand zwischen Antenne und Karosserie. Beschichtungs-, partikel- [&hellip;]\" \/>\n<meta property=\"og:url\" content=\"https:\/\/shop.bantam.ch\/de\/produkt\/dab-glasklebeantenne-innen-aktiv-smb-potentialfrei\/\" \/>\n<meta property=\"og:site_name\" content=\"Bantam Camping AG\" \/>\n<meta property=\"article:modified_time\" content=\"2026-04-19T21:30:19+00:00\" \/>\n<meta name=\"twitter:card\" content=\"summary_large_image\" \/>\n<script type=\"application\/ld+json\" class=\"yoast-schema-graph\">{\"@context\":\"https:\\\/\\\/schema.org\",\"@graph\":[{\"@type\":\"WebPage\",\"@id\":\"https:\\\/\\\/shop.bantam.ch\\\/de\\\/produkt\\\/dab-glasklebeantenne-innen-aktiv-smb-potentialfrei\\\/\",\"url\":\"https:\\\/\\\/shop.bantam.ch\\\/de\\\/produkt\\\/dab-glasklebeantenne-innen-aktiv-smb-potentialfrei\\\/\",\"name\":\"DAB+ Glasklebeantenne innen aktiv, SMB, potentialfrei - Bantam Camping AG\",\"isPartOf\":{\"@id\":\"https:\\\/\\\/shop.bantam.ch\\\/de\\\/#website\"},\"primaryImageOfPage\":{\"@id\":\"https:\\\/\\\/shop.bantam.ch\\\/de\\\/produkt\\\/dab-glasklebeantenne-innen-aktiv-smb-potentialfrei\\\/#primaryimage\"},\"image\":{\"@id\":\"https:\\\/\\\/shop.bantam.ch\\\/de\\\/produkt\\\/dab-glasklebeantenne-innen-aktiv-smb-potentialfrei\\\/#primaryimage\"},\"thumbnailUrl\":\"https:\\\/\\\/shop.bantam.ch\\\/wp-content\\\/uploads\\\/2025\\\/03\\\/Movera-L-9963552100.jpg\",\"datePublished\":\"2025-03-14T14:27:49+00:00\",\"dateModified\":\"2026-04-19T21:30:19+00:00\",\"breadcrumb\":{\"@id\":\"https:\\\/\\\/shop.bantam.ch\\\/de\\\/produkt\\\/dab-glasklebeantenne-innen-aktiv-smb-potentialfrei\\\/#breadcrumb\"},\"inLanguage\":\"de\",\"potentialAction\":[{\"@type\":\"ReadAction\",\"target\":[\"https:\\\/\\\/shop.bantam.ch\\\/de\\\/produkt\\\/dab-glasklebeantenne-innen-aktiv-smb-potentialfrei\\\/\"]}]},{\"@type\":\"ImageObject\",\"inLanguage\":\"de\",\"@id\":\"https:\\\/\\\/shop.bantam.ch\\\/de\\\/produkt\\\/dab-glasklebeantenne-innen-aktiv-smb-potentialfrei\\\/#primaryimage\",\"url\":\"https:\\\/\\\/shop.bantam.ch\\\/wp-content\\\/uploads\\\/2025\\\/03\\\/Movera-L-9963552100.jpg\",\"contentUrl\":\"https:\\\/\\\/shop.bantam.ch\\\/wp-content\\\/uploads\\\/2025\\\/03\\\/Movera-L-9963552100.jpg\",\"width\":640,\"height\":324},{\"@type\":\"BreadcrumbList\",\"@id\":\"https:\\\/\\\/shop.bantam.ch\\\/de\\\/produkt\\\/dab-glasklebeantenne-innen-aktiv-smb-potentialfrei\\\/#breadcrumb\",\"itemListElement\":[{\"@type\":\"ListItem\",\"position\":1,\"name\":\"Accueil\",\"item\":\"https:\\\/\\\/shop.bantam.ch\\\/de\\\/\"},{\"@type\":\"ListItem\",\"position\":2,\"name\":\"Shop\",\"item\":\"https:\\\/\\\/shop.bantam.ch\\\/de\\\/shop\\\/\"},{\"@type\":\"ListItem\",\"position\":3,\"name\":\"DAB+ Glasklebeantenne innen aktiv, SMB, potentialfrei\"}]},{\"@type\":\"WebSite\",\"@id\":\"https:\\\/\\\/shop.bantam.ch\\\/de\\\/#website\",\"url\":\"https:\\\/\\\/shop.bantam.ch\\\/de\\\/\",\"name\":\"Bantam Camping AG\",\"description\":\"\",\"publisher\":{\"@id\":\"https:\\\/\\\/shop.bantam.ch\\\/de\\\/#organization\"},\"inLanguage\":\"de\"},{\"@type\":\"Organization\",\"@id\":\"https:\\\/\\\/shop.bantam.ch\\\/de\\\/#organization\",\"name\":\"Bantam Camping AG\",\"url\":\"https:\\\/\\\/shop.bantam.ch\\\/de\\\/\",\"logo\":{\"@type\":\"ImageObject\",\"inLanguage\":\"de\",\"@id\":\"https:\\\/\\\/shop.bantam.ch\\\/de\\\/#\\\/schema\\\/logo\\\/image\\\/\",\"url\":\"https:\\\/\\\/shop.bantam.ch\\\/wp-content\\\/uploads\\\/2022\\\/12\\\/bantam-logo.png\",\"contentUrl\":\"https:\\\/\\\/shop.bantam.ch\\\/wp-content\\\/uploads\\\/2022\\\/12\\\/bantam-logo.png\",\"width\":320,\"height\":71,\"caption\":\"Bantam Camping AG\"},\"image\":{\"@id\":\"https:\\\/\\\/shop.bantam.ch\\\/de\\\/#\\\/schema\\\/logo\\\/image\\\/\"}}]}<\/script>\n<!-- \/ Yoast SEO plugin. -->","yoast_head_json":{"title":"DAB+ Glasklebeantenne innen aktiv, SMB, potentialfrei - Bantam Camping AG","robots":{"index":"index","follow":"follow","max-snippet":"max-snippet:-1","max-image-preview":"max-image-preview:large","max-video-preview":"max-video-preview:-1"},"canonical":"https:\/\/shop.bantam.ch\/de\/produkt\/dab-glasklebeantenne-innen-aktiv-smb-potentialfrei\/","og_locale":"de_DE","og_type":"article","og_title":"DAB+ Glasklebeantenne innen aktiv, SMB, potentialfrei - Bantam Camping AG","og_description":"Potentialfreie aktive Glasklebe-Innenantenne zur Klebebefestigung an der rechten oder linken Seite der Frontscheibe oder an Seitenscheiben. G\u00fcnstige Empfangseigenschaften. Diebstahlsicher und sicher vor mutwilliger Zerst\u00f6rung. Keine Windger\u00e4usche. Lange Lebensdauer. Bestens geeignet zum Anschluss an nachger\u00fcstete digitale Autoempf\u00e4nger. Anschlusskabel 2,5 m RG 174 mit SMB (f) Winkel. Hinweise: 5 mm Mindestabstand zwischen Antenne und Karosserie. Beschichtungs-, partikel- [&hellip;]","og_url":"https:\/\/shop.bantam.ch\/de\/produkt\/dab-glasklebeantenne-innen-aktiv-smb-potentialfrei\/","og_site_name":"Bantam Camping AG","article_modified_time":"2026-04-19T21:30:19+00:00","twitter_card":"summary_large_image","schema":{"@context":"https:\/\/schema.org","@graph":[{"@type":"WebPage","@id":"https:\/\/shop.bantam.ch\/de\/produkt\/dab-glasklebeantenne-innen-aktiv-smb-potentialfrei\/","url":"https:\/\/shop.bantam.ch\/de\/produkt\/dab-glasklebeantenne-innen-aktiv-smb-potentialfrei\/","name":"DAB+ Glasklebeantenne innen aktiv, SMB, potentialfrei - Bantam Camping AG","isPartOf":{"@id":"https:\/\/shop.bantam.ch\/de\/#website"},"primaryImageOfPage":{"@id":"https:\/\/shop.bantam.ch\/de\/produkt\/dab-glasklebeantenne-innen-aktiv-smb-potentialfrei\/#primaryimage"},"image":{"@id":"https:\/\/shop.bantam.ch\/de\/produkt\/dab-glasklebeantenne-innen-aktiv-smb-potentialfrei\/#primaryimage"},"thumbnailUrl":"https:\/\/shop.bantam.ch\/wp-content\/uploads\/2025\/03\/Movera-L-9963552100.jpg","datePublished":"2025-03-14T14:27:49+00:00","dateModified":"2026-04-19T21:30:19+00:00","breadcrumb":{"@id":"https:\/\/shop.bantam.ch\/de\/produkt\/dab-glasklebeantenne-innen-aktiv-smb-potentialfrei\/#breadcrumb"},"inLanguage":"de","potentialAction":[{"@type":"ReadAction","target":["https:\/\/shop.bantam.ch\/de\/produkt\/dab-glasklebeantenne-innen-aktiv-smb-potentialfrei\/"]}]},{"@type":"ImageObject","inLanguage":"de","@id":"https:\/\/shop.bantam.ch\/de\/produkt\/dab-glasklebeantenne-innen-aktiv-smb-potentialfrei\/#primaryimage","url":"https:\/\/shop.bantam.ch\/wp-content\/uploads\/2025\/03\/Movera-L-9963552100.jpg","contentUrl":"https:\/\/shop.bantam.ch\/wp-content\/uploads\/2025\/03\/Movera-L-9963552100.jpg","width":640,"height":324},{"@type":"BreadcrumbList","@id":"https:\/\/shop.bantam.ch\/de\/produkt\/dab-glasklebeantenne-innen-aktiv-smb-potentialfrei\/#breadcrumb","itemListElement":[{"@type":"ListItem","position":1,"name":"Accueil","item":"https:\/\/shop.bantam.ch\/de\/"},{"@type":"ListItem","position":2,"name":"Shop","item":"https:\/\/shop.bantam.ch\/de\/shop\/"},{"@type":"ListItem","position":3,"name":"DAB+ Glasklebeantenne innen aktiv, SMB, potentialfrei"}]},{"@type":"WebSite","@id":"https:\/\/shop.bantam.ch\/de\/#website","url":"https:\/\/shop.bantam.ch\/de\/","name":"Bantam Camping AG","description":"","publisher":{"@id":"https:\/\/shop.bantam.ch\/de\/#organization"},"inLanguage":"de"},{"@type":"Organization","@id":"https:\/\/shop.bantam.ch\/de\/#organization","name":"Bantam Camping AG","url":"https:\/\/shop.bantam.ch\/de\/","logo":{"@type":"ImageObject","inLanguage":"de","@id":"https:\/\/shop.bantam.ch\/de\/#\/schema\/logo\/image\/","url":"https:\/\/shop.bantam.ch\/wp-content\/uploads\/2022\/12\/bantam-logo.png","contentUrl":"https:\/\/shop.bantam.ch\/wp-content\/uploads\/2022\/12\/bantam-logo.png","width":320,"height":71,"caption":"Bantam Camping AG"},"image":{"@id":"https:\/\/shop.bantam.ch\/de\/#\/schema\/logo\/image\/"}}]}},"_links":{"self":[{"href":"https:\/\/shop.bantam.ch\/de\/wp-json\/wp\/v2\/product\/213294","targetHints":{"allow":["GET"]}}],"collection":[{"href":"https:\/\/shop.bantam.ch\/de\/wp-json\/wp\/v2\/product"}],"about":[{"href":"https:\/\/shop.bantam.ch\/de\/wp-json\/wp\/v2\/types\/product"}],"wp:featuredmedia":[{"embeddable":true,"href":"https:\/\/shop.bantam.ch\/de\/wp-json\/wp\/v2\/media\/213288"}],"wp:attachment":[{"href":"https:\/\/shop.bantam.ch\/de\/wp-json\/wp\/v2\/media?parent=213294"}],"wp:term":[{"taxonomy":"product_featured_cat","embeddable":true,"href":"https:\/\/shop.bantam.ch\/de\/wp-json\/wp\/v2\/product_featured_cat?post=213294"},{"taxonomy":"product_brand","embeddable":true,"href":"https:\/\/shop.bantam.ch\/de\/wp-json\/wp\/v2\/product_brand?post=213294"},{"taxonomy":"product_cat","embeddable":true,"href":"https:\/\/shop.bantam.ch\/de\/wp-json\/wp\/v2\/product_cat?post=213294"},{"taxonomy":"product_tag","embeddable":true,"href":"https:\/\/shop.bantam.ch\/de\/wp-json\/wp\/v2\/product_tag?post=213294"}],"curies":[{"name":"wp","href":"https:\/\/api.w.org\/{rel}","templated":true}]}}