{"id":213254,"date":"2025-03-14T15:24:31","date_gmt":"2025-03-14T14:24:31","guid":{"rendered":"https:\/\/shop.bantam.ch\/produit\/kompressorkuehlschrank-dometic-rc-10-4-m90-90-l\/"},"modified":"2026-04-17T23:23:46","modified_gmt":"2026-04-17T21:23:46","slug":"kompressorkuehlschrank-dometic-rc-10-4-m90-90-l","status":"publish","type":"product","link":"https:\/\/shop.bantam.ch\/de\/produkt\/kompressorkuehlschrank-dometic-rc-10-4-m90-90-l\/","title":{"rendered":"Kompressork\u00fchlschrank DOMETIC RC 10.4 M90, 90 l"},"content":{"rendered":"<p>Kompressor-K\u00fchlschrank, 90 l, TFT-Display, T\u00fcr mit Doppelscharnier<br \/>\nDieser vielseitige 90-Liter-K\u00fchlschrank f\u00fcr Campingbusse passt perfekt unter die K\u00fcchenarbeitsplatte. Bei begrenztem Platz k\u00f6nnen Bedienpanel und\/oder Kompressor abmontiert und an einer anderen Stelle im Fahrzeug installiert werden. Dank der exklusiven Vorteile der Dometic 10er Serie ist der Dometic RC 10.4M90 bereit f\u00fcr Ihr n\u00e4chstes Abenteuer: T\u00fcr mit Doppelscharnier, die sich nach links und rechts \u00f6ffnen l\u00e4sst, ein herausnehmbares Gefrierfach und ein leistungsstarkes K\u00fchlaggregat, auf das sie sich selbst in hei\u00dfen Klimazonen verlassen k\u00f6nnen. Sie werden von der selbsterkl\u00e4renden TFT-Steuerung begeistert sein, weil Sie die K\u00fchltemperatur einfach regeln und in den fast ger\u00e4uschlosen Nachtmodus wechseln oder die Booster-Funktion f\u00fcr besonders rasche K\u00fchlung aktivieren k\u00f6nnen.<\/p>\n","protected":false},"excerpt":{"rendered":"<p>Kompressor-K\u00fchlschrank, 90 l, TFT-Display, T\u00fcr mit Doppelscharnier Dieser vielseitige 90-Liter-K\u00fchlschrank f\u00fcr Campingbusse passt perfekt unter die K\u00fcchenarbeitsplatte. Bei begrenztem Platz k\u00f6nnen Bedienpanel und\/oder Kompressor abmontiert und an einer anderen Stelle im Fahrzeug installiert werden. Dank der exklusiven Vorteile der Dometic 10er Serie ist der Dometic RC 10.4M90 bereit f\u00fcr Ihr n\u00e4chstes Abenteuer: T\u00fcr mit Doppelscharnier, [&hellip;]<\/p>\n","protected":false},"featured_media":213248,"template":"","meta":{"_acf_changed":false},"product_featured_cat":[],"product_brand":[],"product_cat":[4550],"product_tag":[],"class_list":{"0":"post-213254","1":"product","2":"type-product","3":"status-publish","4":"has-post-thumbnail","6":"product_cat-kompressor-kuehlschraenke","8":"first","9":"instock","10":"taxable","11":"shipping-taxable","12":"purchasable","13":"product-type-simple"},"acf":[],"yoast_head":"<!-- This site is optimized with the Yoast SEO plugin v27.4 - https:\/\/yoast.com\/product\/yoast-seo-wordpress\/ -->\n<title>Kompressork\u00fchlschrank DOMETIC RC 10.4 M90, 90 l - Bantam Camping AG<\/title>\n<meta name=\"robots\" content=\"index, follow, max-snippet:-1, max-image-preview:large, max-video-preview:-1\" \/>\n<link rel=\"canonical\" href=\"https:\/\/shop.bantam.ch\/de\/produkt\/kompressorkuehlschrank-dometic-rc-10-4-m90-90-l\/\" \/>\n<meta property=\"og:locale\" content=\"de_DE\" \/>\n<meta property=\"og:type\" content=\"article\" \/>\n<meta property=\"og:title\" content=\"Kompressork\u00fchlschrank DOMETIC RC 10.4 M90, 90 l - Bantam Camping AG\" \/>\n<meta property=\"og:description\" content=\"Kompressor-K\u00fchlschrank, 90 l, TFT-Display, T\u00fcr mit Doppelscharnier Dieser vielseitige 90-Liter-K\u00fchlschrank f\u00fcr Campingbusse passt perfekt unter die K\u00fcchenarbeitsplatte. Bei begrenztem Platz k\u00f6nnen Bedienpanel und\/oder Kompressor abmontiert und an einer anderen Stelle im Fahrzeug installiert werden. Dank der exklusiven Vorteile der Dometic 10er Serie ist der Dometic RC 10.4M90 bereit f\u00fcr Ihr n\u00e4chstes Abenteuer: T\u00fcr mit Doppelscharnier, [&hellip;]\" \/>\n<meta property=\"og:url\" content=\"https:\/\/shop.bantam.ch\/de\/produkt\/kompressorkuehlschrank-dometic-rc-10-4-m90-90-l\/\" \/>\n<meta property=\"og:site_name\" content=\"Bantam Camping AG\" \/>\n<meta property=\"article:modified_time\" content=\"2026-04-17T21:23:46+00:00\" \/>\n<meta name=\"twitter:card\" content=\"summary_large_image\" \/>\n<meta name=\"twitter:label1\" content=\"Gesch\u00e4tzte Lesezeit\" \/>\n\t<meta name=\"twitter:data1\" content=\"1\u00a0Minute\" \/>\n<script type=\"application\/ld+json\" class=\"yoast-schema-graph\">{\"@context\":\"https:\\\/\\\/schema.org\",\"@graph\":[{\"@type\":\"WebPage\",\"@id\":\"https:\\\/\\\/shop.bantam.ch\\\/de\\\/produkt\\\/kompressorkuehlschrank-dometic-rc-10-4-m90-90-l\\\/\",\"url\":\"https:\\\/\\\/shop.bantam.ch\\\/de\\\/produkt\\\/kompressorkuehlschrank-dometic-rc-10-4-m90-90-l\\\/\",\"name\":\"Kompressork\u00fchlschrank DOMETIC RC 10.4 M90, 90 l - Bantam Camping AG\",\"isPartOf\":{\"@id\":\"https:\\\/\\\/shop.bantam.ch\\\/de\\\/#website\"},\"primaryImageOfPage\":{\"@id\":\"https:\\\/\\\/shop.bantam.ch\\\/de\\\/produkt\\\/kompressorkuehlschrank-dometic-rc-10-4-m90-90-l\\\/#primaryimage\"},\"image\":{\"@id\":\"https:\\\/\\\/shop.bantam.ch\\\/de\\\/produkt\\\/kompressorkuehlschrank-dometic-rc-10-4-m90-90-l\\\/#primaryimage\"},\"thumbnailUrl\":\"https:\\\/\\\/shop.bantam.ch\\\/wp-content\\\/uploads\\\/2025\\\/03\\\/Movera-L-9963496100.jpg\",\"datePublished\":\"2025-03-14T14:24:31+00:00\",\"dateModified\":\"2026-04-17T21:23:46+00:00\",\"breadcrumb\":{\"@id\":\"https:\\\/\\\/shop.bantam.ch\\\/de\\\/produkt\\\/kompressorkuehlschrank-dometic-rc-10-4-m90-90-l\\\/#breadcrumb\"},\"inLanguage\":\"de\",\"potentialAction\":[{\"@type\":\"ReadAction\",\"target\":[\"https:\\\/\\\/shop.bantam.ch\\\/de\\\/produkt\\\/kompressorkuehlschrank-dometic-rc-10-4-m90-90-l\\\/\"]}]},{\"@type\":\"ImageObject\",\"inLanguage\":\"de\",\"@id\":\"https:\\\/\\\/shop.bantam.ch\\\/de\\\/produkt\\\/kompressorkuehlschrank-dometic-rc-10-4-m90-90-l\\\/#primaryimage\",\"url\":\"https:\\\/\\\/shop.bantam.ch\\\/wp-content\\\/uploads\\\/2025\\\/03\\\/Movera-L-9963496100.jpg\",\"contentUrl\":\"https:\\\/\\\/shop.bantam.ch\\\/wp-content\\\/uploads\\\/2025\\\/03\\\/Movera-L-9963496100.jpg\",\"width\":640,\"height\":640},{\"@type\":\"BreadcrumbList\",\"@id\":\"https:\\\/\\\/shop.bantam.ch\\\/de\\\/produkt\\\/kompressorkuehlschrank-dometic-rc-10-4-m90-90-l\\\/#breadcrumb\",\"itemListElement\":[{\"@type\":\"ListItem\",\"position\":1,\"name\":\"Accueil\",\"item\":\"https:\\\/\\\/shop.bantam.ch\\\/de\\\/\"},{\"@type\":\"ListItem\",\"position\":2,\"name\":\"Shop\",\"item\":\"https:\\\/\\\/shop.bantam.ch\\\/de\\\/shop\\\/\"},{\"@type\":\"ListItem\",\"position\":3,\"name\":\"Kompressork\u00fchlschrank DOMETIC RC 10.4 M90, 90 l\"}]},{\"@type\":\"WebSite\",\"@id\":\"https:\\\/\\\/shop.bantam.ch\\\/de\\\/#website\",\"url\":\"https:\\\/\\\/shop.bantam.ch\\\/de\\\/\",\"name\":\"Bantam Camping AG\",\"description\":\"\",\"publisher\":{\"@id\":\"https:\\\/\\\/shop.bantam.ch\\\/de\\\/#organization\"},\"inLanguage\":\"de\"},{\"@type\":\"Organization\",\"@id\":\"https:\\\/\\\/shop.bantam.ch\\\/de\\\/#organization\",\"name\":\"Bantam Camping AG\",\"url\":\"https:\\\/\\\/shop.bantam.ch\\\/de\\\/\",\"logo\":{\"@type\":\"ImageObject\",\"inLanguage\":\"de\",\"@id\":\"https:\\\/\\\/shop.bantam.ch\\\/de\\\/#\\\/schema\\\/logo\\\/image\\\/\",\"url\":\"https:\\\/\\\/shop.bantam.ch\\\/wp-content\\\/uploads\\\/2022\\\/12\\\/bantam-logo.png\",\"contentUrl\":\"https:\\\/\\\/shop.bantam.ch\\\/wp-content\\\/uploads\\\/2022\\\/12\\\/bantam-logo.png\",\"width\":320,\"height\":71,\"caption\":\"Bantam Camping AG\"},\"image\":{\"@id\":\"https:\\\/\\\/shop.bantam.ch\\\/de\\\/#\\\/schema\\\/logo\\\/image\\\/\"}}]}<\/script>\n<!-- \/ Yoast SEO plugin. -->","yoast_head_json":{"title":"Kompressork\u00fchlschrank DOMETIC RC 10.4 M90, 90 l - Bantam Camping AG","robots":{"index":"index","follow":"follow","max-snippet":"max-snippet:-1","max-image-preview":"max-image-preview:large","max-video-preview":"max-video-preview:-1"},"canonical":"https:\/\/shop.bantam.ch\/de\/produkt\/kompressorkuehlschrank-dometic-rc-10-4-m90-90-l\/","og_locale":"de_DE","og_type":"article","og_title":"Kompressork\u00fchlschrank DOMETIC RC 10.4 M90, 90 l - Bantam Camping AG","og_description":"Kompressor-K\u00fchlschrank, 90 l, TFT-Display, T\u00fcr mit Doppelscharnier Dieser vielseitige 90-Liter-K\u00fchlschrank f\u00fcr Campingbusse passt perfekt unter die K\u00fcchenarbeitsplatte. Bei begrenztem Platz k\u00f6nnen Bedienpanel und\/oder Kompressor abmontiert und an einer anderen Stelle im Fahrzeug installiert werden. Dank der exklusiven Vorteile der Dometic 10er Serie ist der Dometic RC 10.4M90 bereit f\u00fcr Ihr n\u00e4chstes Abenteuer: T\u00fcr mit Doppelscharnier, [&hellip;]","og_url":"https:\/\/shop.bantam.ch\/de\/produkt\/kompressorkuehlschrank-dometic-rc-10-4-m90-90-l\/","og_site_name":"Bantam Camping AG","article_modified_time":"2026-04-17T21:23:46+00:00","twitter_card":"summary_large_image","twitter_misc":{"Gesch\u00e4tzte Lesezeit":"1\u00a0Minute"},"schema":{"@context":"https:\/\/schema.org","@graph":[{"@type":"WebPage","@id":"https:\/\/shop.bantam.ch\/de\/produkt\/kompressorkuehlschrank-dometic-rc-10-4-m90-90-l\/","url":"https:\/\/shop.bantam.ch\/de\/produkt\/kompressorkuehlschrank-dometic-rc-10-4-m90-90-l\/","name":"Kompressork\u00fchlschrank DOMETIC RC 10.4 M90, 90 l - Bantam Camping AG","isPartOf":{"@id":"https:\/\/shop.bantam.ch\/de\/#website"},"primaryImageOfPage":{"@id":"https:\/\/shop.bantam.ch\/de\/produkt\/kompressorkuehlschrank-dometic-rc-10-4-m90-90-l\/#primaryimage"},"image":{"@id":"https:\/\/shop.bantam.ch\/de\/produkt\/kompressorkuehlschrank-dometic-rc-10-4-m90-90-l\/#primaryimage"},"thumbnailUrl":"https:\/\/shop.bantam.ch\/wp-content\/uploads\/2025\/03\/Movera-L-9963496100.jpg","datePublished":"2025-03-14T14:24:31+00:00","dateModified":"2026-04-17T21:23:46+00:00","breadcrumb":{"@id":"https:\/\/shop.bantam.ch\/de\/produkt\/kompressorkuehlschrank-dometic-rc-10-4-m90-90-l\/#breadcrumb"},"inLanguage":"de","potentialAction":[{"@type":"ReadAction","target":["https:\/\/shop.bantam.ch\/de\/produkt\/kompressorkuehlschrank-dometic-rc-10-4-m90-90-l\/"]}]},{"@type":"ImageObject","inLanguage":"de","@id":"https:\/\/shop.bantam.ch\/de\/produkt\/kompressorkuehlschrank-dometic-rc-10-4-m90-90-l\/#primaryimage","url":"https:\/\/shop.bantam.ch\/wp-content\/uploads\/2025\/03\/Movera-L-9963496100.jpg","contentUrl":"https:\/\/shop.bantam.ch\/wp-content\/uploads\/2025\/03\/Movera-L-9963496100.jpg","width":640,"height":640},{"@type":"BreadcrumbList","@id":"https:\/\/shop.bantam.ch\/de\/produkt\/kompressorkuehlschrank-dometic-rc-10-4-m90-90-l\/#breadcrumb","itemListElement":[{"@type":"ListItem","position":1,"name":"Accueil","item":"https:\/\/shop.bantam.ch\/de\/"},{"@type":"ListItem","position":2,"name":"Shop","item":"https:\/\/shop.bantam.ch\/de\/shop\/"},{"@type":"ListItem","position":3,"name":"Kompressork\u00fchlschrank DOMETIC RC 10.4 M90, 90 l"}]},{"@type":"WebSite","@id":"https:\/\/shop.bantam.ch\/de\/#website","url":"https:\/\/shop.bantam.ch\/de\/","name":"Bantam Camping AG","description":"","publisher":{"@id":"https:\/\/shop.bantam.ch\/de\/#organization"},"inLanguage":"de"},{"@type":"Organization","@id":"https:\/\/shop.bantam.ch\/de\/#organization","name":"Bantam Camping AG","url":"https:\/\/shop.bantam.ch\/de\/","logo":{"@type":"ImageObject","inLanguage":"de","@id":"https:\/\/shop.bantam.ch\/de\/#\/schema\/logo\/image\/","url":"https:\/\/shop.bantam.ch\/wp-content\/uploads\/2022\/12\/bantam-logo.png","contentUrl":"https:\/\/shop.bantam.ch\/wp-content\/uploads\/2022\/12\/bantam-logo.png","width":320,"height":71,"caption":"Bantam Camping AG"},"image":{"@id":"https:\/\/shop.bantam.ch\/de\/#\/schema\/logo\/image\/"}}]}},"_links":{"self":[{"href":"https:\/\/shop.bantam.ch\/de\/wp-json\/wp\/v2\/product\/213254","targetHints":{"allow":["GET"]}}],"collection":[{"href":"https:\/\/shop.bantam.ch\/de\/wp-json\/wp\/v2\/product"}],"about":[{"href":"https:\/\/shop.bantam.ch\/de\/wp-json\/wp\/v2\/types\/product"}],"wp:featuredmedia":[{"embeddable":true,"href":"https:\/\/shop.bantam.ch\/de\/wp-json\/wp\/v2\/media\/213248"}],"wp:attachment":[{"href":"https:\/\/shop.bantam.ch\/de\/wp-json\/wp\/v2\/media?parent=213254"}],"wp:term":[{"taxonomy":"product_featured_cat","embeddable":true,"href":"https:\/\/shop.bantam.ch\/de\/wp-json\/wp\/v2\/product_featured_cat?post=213254"},{"taxonomy":"product_brand","embeddable":true,"href":"https:\/\/shop.bantam.ch\/de\/wp-json\/wp\/v2\/product_brand?post=213254"},{"taxonomy":"product_cat","embeddable":true,"href":"https:\/\/shop.bantam.ch\/de\/wp-json\/wp\/v2\/product_cat?post=213254"},{"taxonomy":"product_tag","embeddable":true,"href":"https:\/\/shop.bantam.ch\/de\/wp-json\/wp\/v2\/product_tag?post=213254"}],"curies":[{"name":"wp","href":"https:\/\/api.w.org\/{rel}","templated":true}]}}