{"id":213178,"date":"2025-03-14T15:22:57","date_gmt":"2025-03-14T14:22:57","guid":{"rendered":"https:\/\/shop.bantam.ch\/produit\/dreibeinliege-deluxe\/"},"modified":"2026-04-18T01:50:30","modified_gmt":"2026-04-17T23:50:30","slug":"dreibeinliege-deluxe","status":"publish","type":"product","link":"https:\/\/shop.bantam.ch\/de\/produkt\/dreibeinliege-deluxe\/","title":{"rendered":"Dreibeinliege Deluxe"},"content":{"rendered":"<p>Eine sehr komfortable und extra hohe Liege mit 3D-Polster. Die Liege ist vollst\u00e4ndig gepolstert und kommt mit einem Kissen f\u00fcr maximale Entspannung. Durch die offene Gewebestruktur verbleibt keine Feuchtigkeit in diesem hochwertig gepolsterten Stoff. Die R\u00fcckenlehne dieser Liege ist 4-fach verstellbar. Sie bietet optimalen Komfort durch die elastische Befestigung des Stoffes. F\u00fcr ein leichtes Platznehmen und Aufstehen ist die Liege extra breit, extra lang und extra hoch. Die robusten Stabilisatoren sorgen f\u00fcr optimalen Halt auf verschiedenen Untergr\u00fcnden. Inklusive praktischer Seitentasche f\u00fcr Strandaccessoires. Die Liege kann sehr flach zusammengeklappt werden, und ist mit den Tragegriffen leicht zu tragen.<\/p>\n<p>Material:<\/p>\n<p>Bezug: 100 Polyester<\/p>\n<p>Gestell: Aluminium<\/p>\n","protected":false},"excerpt":{"rendered":"<p>Eine sehr komfortable und extra hohe Liege mit 3D-Polster. Die Liege ist vollst\u00e4ndig gepolstert und kommt mit einem Kissen f\u00fcr maximale Entspannung. Durch die offene Gewebestruktur verbleibt keine Feuchtigkeit in diesem hochwertig gepolsterten Stoff. Die R\u00fcckenlehne dieser Liege ist 4-fach verstellbar. Sie bietet optimalen Komfort durch die elastische Befestigung des Stoffes. F\u00fcr ein leichtes Platznehmen [&hellip;]<\/p>\n","protected":false},"featured_media":213174,"template":"","meta":{"_acf_changed":false},"product_featured_cat":[],"product_brand":[],"product_cat":[4978],"product_tag":[],"class_list":{"0":"post-213178","1":"product","2":"type-product","3":"status-publish","4":"has-post-thumbnail","6":"product_cat-campingliegen","8":"first","9":"instock","10":"taxable","11":"shipping-taxable","12":"purchasable","13":"product-type-variable"},"acf":[],"yoast_head":"<!-- This site is optimized with the Yoast SEO plugin v27.4 - https:\/\/yoast.com\/product\/yoast-seo-wordpress\/ -->\n<title>Dreibeinliege Deluxe - Bantam Camping AG<\/title>\n<meta name=\"robots\" content=\"index, follow, max-snippet:-1, max-image-preview:large, max-video-preview:-1\" \/>\n<link rel=\"canonical\" href=\"https:\/\/shop.bantam.ch\/de\/produkt\/dreibeinliege-deluxe\/\" \/>\n<meta property=\"og:locale\" content=\"de_DE\" \/>\n<meta property=\"og:type\" content=\"article\" \/>\n<meta property=\"og:title\" content=\"Dreibeinliege Deluxe - Bantam Camping AG\" \/>\n<meta property=\"og:description\" content=\"Eine sehr komfortable und extra hohe Liege mit 3D-Polster. Die Liege ist vollst\u00e4ndig gepolstert und kommt mit einem Kissen f\u00fcr maximale Entspannung. Durch die offene Gewebestruktur verbleibt keine Feuchtigkeit in diesem hochwertig gepolsterten Stoff. Die R\u00fcckenlehne dieser Liege ist 4-fach verstellbar. Sie bietet optimalen Komfort durch die elastische Befestigung des Stoffes. F\u00fcr ein leichtes Platznehmen [&hellip;]\" \/>\n<meta property=\"og:url\" content=\"https:\/\/shop.bantam.ch\/de\/produkt\/dreibeinliege-deluxe\/\" \/>\n<meta property=\"og:site_name\" content=\"Bantam Camping AG\" \/>\n<meta property=\"article:modified_time\" content=\"2026-04-17T23:50:30+00:00\" \/>\n<meta name=\"twitter:card\" content=\"summary_large_image\" \/>\n<meta name=\"twitter:label1\" content=\"Gesch\u00e4tzte Lesezeit\" \/>\n\t<meta name=\"twitter:data1\" content=\"1\u00a0Minute\" \/>\n<script type=\"application\/ld+json\" class=\"yoast-schema-graph\">{\"@context\":\"https:\\\/\\\/schema.org\",\"@graph\":[{\"@type\":\"WebPage\",\"@id\":\"https:\\\/\\\/shop.bantam.ch\\\/de\\\/produkt\\\/dreibeinliege-deluxe\\\/\",\"url\":\"https:\\\/\\\/shop.bantam.ch\\\/de\\\/produkt\\\/dreibeinliege-deluxe\\\/\",\"name\":\"Dreibeinliege Deluxe - Bantam Camping AG\",\"isPartOf\":{\"@id\":\"https:\\\/\\\/shop.bantam.ch\\\/de\\\/#website\"},\"primaryImageOfPage\":{\"@id\":\"https:\\\/\\\/shop.bantam.ch\\\/de\\\/produkt\\\/dreibeinliege-deluxe\\\/#primaryimage\"},\"image\":{\"@id\":\"https:\\\/\\\/shop.bantam.ch\\\/de\\\/produkt\\\/dreibeinliege-deluxe\\\/#primaryimage\"},\"thumbnailUrl\":\"https:\\\/\\\/shop.bantam.ch\\\/wp-content\\\/uploads\\\/2025\\\/03\\\/Movera-L-9962432100.jpg\",\"datePublished\":\"2025-03-14T14:22:57+00:00\",\"dateModified\":\"2026-04-17T23:50:30+00:00\",\"breadcrumb\":{\"@id\":\"https:\\\/\\\/shop.bantam.ch\\\/de\\\/produkt\\\/dreibeinliege-deluxe\\\/#breadcrumb\"},\"inLanguage\":\"de\",\"potentialAction\":[{\"@type\":\"ReadAction\",\"target\":[\"https:\\\/\\\/shop.bantam.ch\\\/de\\\/produkt\\\/dreibeinliege-deluxe\\\/\"]}]},{\"@type\":\"ImageObject\",\"inLanguage\":\"de\",\"@id\":\"https:\\\/\\\/shop.bantam.ch\\\/de\\\/produkt\\\/dreibeinliege-deluxe\\\/#primaryimage\",\"url\":\"https:\\\/\\\/shop.bantam.ch\\\/wp-content\\\/uploads\\\/2025\\\/03\\\/Movera-L-9962432100.jpg\",\"contentUrl\":\"https:\\\/\\\/shop.bantam.ch\\\/wp-content\\\/uploads\\\/2025\\\/03\\\/Movera-L-9962432100.jpg\",\"width\":640,\"height\":428},{\"@type\":\"BreadcrumbList\",\"@id\":\"https:\\\/\\\/shop.bantam.ch\\\/de\\\/produkt\\\/dreibeinliege-deluxe\\\/#breadcrumb\",\"itemListElement\":[{\"@type\":\"ListItem\",\"position\":1,\"name\":\"Accueil\",\"item\":\"https:\\\/\\\/shop.bantam.ch\\\/de\\\/\"},{\"@type\":\"ListItem\",\"position\":2,\"name\":\"Shop\",\"item\":\"https:\\\/\\\/shop.bantam.ch\\\/de\\\/shop\\\/\"},{\"@type\":\"ListItem\",\"position\":3,\"name\":\"Dreibeinliege Deluxe\"}]},{\"@type\":\"WebSite\",\"@id\":\"https:\\\/\\\/shop.bantam.ch\\\/de\\\/#website\",\"url\":\"https:\\\/\\\/shop.bantam.ch\\\/de\\\/\",\"name\":\"Bantam Camping AG\",\"description\":\"\",\"publisher\":{\"@id\":\"https:\\\/\\\/shop.bantam.ch\\\/de\\\/#organization\"},\"inLanguage\":\"de\"},{\"@type\":\"Organization\",\"@id\":\"https:\\\/\\\/shop.bantam.ch\\\/de\\\/#organization\",\"name\":\"Bantam Camping AG\",\"url\":\"https:\\\/\\\/shop.bantam.ch\\\/de\\\/\",\"logo\":{\"@type\":\"ImageObject\",\"inLanguage\":\"de\",\"@id\":\"https:\\\/\\\/shop.bantam.ch\\\/de\\\/#\\\/schema\\\/logo\\\/image\\\/\",\"url\":\"https:\\\/\\\/shop.bantam.ch\\\/wp-content\\\/uploads\\\/2022\\\/12\\\/bantam-logo.png\",\"contentUrl\":\"https:\\\/\\\/shop.bantam.ch\\\/wp-content\\\/uploads\\\/2022\\\/12\\\/bantam-logo.png\",\"width\":320,\"height\":71,\"caption\":\"Bantam Camping AG\"},\"image\":{\"@id\":\"https:\\\/\\\/shop.bantam.ch\\\/de\\\/#\\\/schema\\\/logo\\\/image\\\/\"}}]}<\/script>\n<!-- \/ Yoast SEO plugin. -->","yoast_head_json":{"title":"Dreibeinliege Deluxe - Bantam Camping AG","robots":{"index":"index","follow":"follow","max-snippet":"max-snippet:-1","max-image-preview":"max-image-preview:large","max-video-preview":"max-video-preview:-1"},"canonical":"https:\/\/shop.bantam.ch\/de\/produkt\/dreibeinliege-deluxe\/","og_locale":"de_DE","og_type":"article","og_title":"Dreibeinliege Deluxe - Bantam Camping AG","og_description":"Eine sehr komfortable und extra hohe Liege mit 3D-Polster. Die Liege ist vollst\u00e4ndig gepolstert und kommt mit einem Kissen f\u00fcr maximale Entspannung. Durch die offene Gewebestruktur verbleibt keine Feuchtigkeit in diesem hochwertig gepolsterten Stoff. Die R\u00fcckenlehne dieser Liege ist 4-fach verstellbar. Sie bietet optimalen Komfort durch die elastische Befestigung des Stoffes. F\u00fcr ein leichtes Platznehmen [&hellip;]","og_url":"https:\/\/shop.bantam.ch\/de\/produkt\/dreibeinliege-deluxe\/","og_site_name":"Bantam Camping AG","article_modified_time":"2026-04-17T23:50:30+00:00","twitter_card":"summary_large_image","twitter_misc":{"Gesch\u00e4tzte Lesezeit":"1\u00a0Minute"},"schema":{"@context":"https:\/\/schema.org","@graph":[{"@type":"WebPage","@id":"https:\/\/shop.bantam.ch\/de\/produkt\/dreibeinliege-deluxe\/","url":"https:\/\/shop.bantam.ch\/de\/produkt\/dreibeinliege-deluxe\/","name":"Dreibeinliege Deluxe - Bantam Camping AG","isPartOf":{"@id":"https:\/\/shop.bantam.ch\/de\/#website"},"primaryImageOfPage":{"@id":"https:\/\/shop.bantam.ch\/de\/produkt\/dreibeinliege-deluxe\/#primaryimage"},"image":{"@id":"https:\/\/shop.bantam.ch\/de\/produkt\/dreibeinliege-deluxe\/#primaryimage"},"thumbnailUrl":"https:\/\/shop.bantam.ch\/wp-content\/uploads\/2025\/03\/Movera-L-9962432100.jpg","datePublished":"2025-03-14T14:22:57+00:00","dateModified":"2026-04-17T23:50:30+00:00","breadcrumb":{"@id":"https:\/\/shop.bantam.ch\/de\/produkt\/dreibeinliege-deluxe\/#breadcrumb"},"inLanguage":"de","potentialAction":[{"@type":"ReadAction","target":["https:\/\/shop.bantam.ch\/de\/produkt\/dreibeinliege-deluxe\/"]}]},{"@type":"ImageObject","inLanguage":"de","@id":"https:\/\/shop.bantam.ch\/de\/produkt\/dreibeinliege-deluxe\/#primaryimage","url":"https:\/\/shop.bantam.ch\/wp-content\/uploads\/2025\/03\/Movera-L-9962432100.jpg","contentUrl":"https:\/\/shop.bantam.ch\/wp-content\/uploads\/2025\/03\/Movera-L-9962432100.jpg","width":640,"height":428},{"@type":"BreadcrumbList","@id":"https:\/\/shop.bantam.ch\/de\/produkt\/dreibeinliege-deluxe\/#breadcrumb","itemListElement":[{"@type":"ListItem","position":1,"name":"Accueil","item":"https:\/\/shop.bantam.ch\/de\/"},{"@type":"ListItem","position":2,"name":"Shop","item":"https:\/\/shop.bantam.ch\/de\/shop\/"},{"@type":"ListItem","position":3,"name":"Dreibeinliege Deluxe"}]},{"@type":"WebSite","@id":"https:\/\/shop.bantam.ch\/de\/#website","url":"https:\/\/shop.bantam.ch\/de\/","name":"Bantam Camping AG","description":"","publisher":{"@id":"https:\/\/shop.bantam.ch\/de\/#organization"},"inLanguage":"de"},{"@type":"Organization","@id":"https:\/\/shop.bantam.ch\/de\/#organization","name":"Bantam Camping AG","url":"https:\/\/shop.bantam.ch\/de\/","logo":{"@type":"ImageObject","inLanguage":"de","@id":"https:\/\/shop.bantam.ch\/de\/#\/schema\/logo\/image\/","url":"https:\/\/shop.bantam.ch\/wp-content\/uploads\/2022\/12\/bantam-logo.png","contentUrl":"https:\/\/shop.bantam.ch\/wp-content\/uploads\/2022\/12\/bantam-logo.png","width":320,"height":71,"caption":"Bantam Camping AG"},"image":{"@id":"https:\/\/shop.bantam.ch\/de\/#\/schema\/logo\/image\/"}}]}},"_links":{"self":[{"href":"https:\/\/shop.bantam.ch\/de\/wp-json\/wp\/v2\/product\/213178","targetHints":{"allow":["GET"]}}],"collection":[{"href":"https:\/\/shop.bantam.ch\/de\/wp-json\/wp\/v2\/product"}],"about":[{"href":"https:\/\/shop.bantam.ch\/de\/wp-json\/wp\/v2\/types\/product"}],"wp:featuredmedia":[{"embeddable":true,"href":"https:\/\/shop.bantam.ch\/de\/wp-json\/wp\/v2\/media\/213174"}],"wp:attachment":[{"href":"https:\/\/shop.bantam.ch\/de\/wp-json\/wp\/v2\/media?parent=213178"}],"wp:term":[{"taxonomy":"product_featured_cat","embeddable":true,"href":"https:\/\/shop.bantam.ch\/de\/wp-json\/wp\/v2\/product_featured_cat?post=213178"},{"taxonomy":"product_brand","embeddable":true,"href":"https:\/\/shop.bantam.ch\/de\/wp-json\/wp\/v2\/product_brand?post=213178"},{"taxonomy":"product_cat","embeddable":true,"href":"https:\/\/shop.bantam.ch\/de\/wp-json\/wp\/v2\/product_cat?post=213178"},{"taxonomy":"product_tag","embeddable":true,"href":"https:\/\/shop.bantam.ch\/de\/wp-json\/wp\/v2\/product_tag?post=213178"}],"curies":[{"name":"wp","href":"https:\/\/api.w.org\/{rel}","templated":true}]}}