{"id":213170,"date":"2025-03-14T15:22:40","date_gmt":"2025-03-14T14:22:40","guid":{"rendered":"https:\/\/shop.bantam.ch\/produit\/relaxliege-mit-kopfpolster\/"},"modified":"2026-04-18T01:50:22","modified_gmt":"2026-04-17T23:50:22","slug":"relaxliege-mit-kopfpolster","status":"publish","type":"product","link":"https:\/\/shop.bantam.ch\/de\/produkt\/relaxliege-mit-kopfpolster\/","title":{"rendered":"Relaxliege mit Kopfpolster"},"content":{"rendered":"<p>Ein sehr luxuri\u00f6ser und bequemer Relaxstuhl mit Kopfkissen. Dieser Stuhl bietet maximalen Komfort, da er stufenlos verstellbar und mit einem durch einen Gummizug befestigten gepolsterten 3D-Stoff versehen ist. Die komfortable Polsterung des Stoffs ist besonders luftdurchl\u00e4ssig. Die Verarbeitung verleiht ihm eine stilvolle Ausstrahlung. Sowohl die R\u00fcckenlehne als auch die Armlehnen sind ergonomisch geformt und der Stuhl ist mit einem Fixiersystem versehen, mit dem er in jeder gew\u00fcnschten Position arretiert werden kann. Der Stuhl ist mit einem eloxierten H-Rahmen ausgestattet, der extra Stabilit\u00e4t und Sicherheit gew\u00e4hrleistet. Der Stuhl ist extra breit, extra tief und hat einen besonders hohen Sitz (50 cm). Der Stuhl ist im eingeklappten Zustand sehr kompakt und dadurch einfach zu transportieren in der mitgelieferten Aufbewahrungstasche.<\/p>\n<p>Material:<\/p>\n<p>Bezug: 100 % Polyester<\/p>\n<p>Gestell: Aluminium<\/p>\n<p>&nbsp;<\/p>\n","protected":false},"excerpt":{"rendered":"<p>Ein sehr luxuri\u00f6ser und bequemer Relaxstuhl mit Kopfkissen. Dieser Stuhl bietet maximalen Komfort, da er stufenlos verstellbar und mit einem durch einen Gummizug befestigten gepolsterten 3D-Stoff versehen ist. Die komfortable Polsterung des Stoffs ist besonders luftdurchl\u00e4ssig. Die Verarbeitung verleiht ihm eine stilvolle Ausstrahlung. Sowohl die R\u00fcckenlehne als auch die Armlehnen sind ergonomisch geformt und der [&hellip;]<\/p>\n","protected":false},"featured_media":0,"template":"","meta":{"_acf_changed":false},"product_featured_cat":[],"product_brand":[],"product_cat":[4978],"product_tag":[],"class_list":{"0":"post-213170","1":"product","2":"type-product","3":"status-publish","5":"product_cat-campingliegen","7":"first","8":"instock","9":"taxable","10":"shipping-taxable","11":"purchasable","12":"product-type-variable"},"acf":[],"yoast_head":"<!-- This site is optimized with the Yoast SEO plugin v27.4 - https:\/\/yoast.com\/product\/yoast-seo-wordpress\/ -->\n<title>Relaxliege mit Kopfpolster - Bantam Camping AG<\/title>\n<meta name=\"robots\" content=\"index, follow, max-snippet:-1, max-image-preview:large, max-video-preview:-1\" \/>\n<link rel=\"canonical\" href=\"https:\/\/shop.bantam.ch\/de\/produkt\/relaxliege-mit-kopfpolster\/\" \/>\n<meta property=\"og:locale\" content=\"de_DE\" \/>\n<meta property=\"og:type\" content=\"article\" \/>\n<meta property=\"og:title\" content=\"Relaxliege mit Kopfpolster - Bantam Camping AG\" \/>\n<meta property=\"og:description\" content=\"Ein sehr luxuri\u00f6ser und bequemer Relaxstuhl mit Kopfkissen. Dieser Stuhl bietet maximalen Komfort, da er stufenlos verstellbar und mit einem durch einen Gummizug befestigten gepolsterten 3D-Stoff versehen ist. Die komfortable Polsterung des Stoffs ist besonders luftdurchl\u00e4ssig. Die Verarbeitung verleiht ihm eine stilvolle Ausstrahlung. Sowohl die R\u00fcckenlehne als auch die Armlehnen sind ergonomisch geformt und der [&hellip;]\" \/>\n<meta property=\"og:url\" content=\"https:\/\/shop.bantam.ch\/de\/produkt\/relaxliege-mit-kopfpolster\/\" \/>\n<meta property=\"og:site_name\" content=\"Bantam Camping AG\" \/>\n<meta property=\"article:modified_time\" content=\"2026-04-17T23:50:22+00:00\" \/>\n<meta name=\"twitter:card\" content=\"summary_large_image\" \/>\n<meta name=\"twitter:label1\" content=\"Gesch\u00e4tzte Lesezeit\" \/>\n\t<meta name=\"twitter:data1\" content=\"1\u00a0Minute\" \/>\n<script type=\"application\/ld+json\" class=\"yoast-schema-graph\">{\"@context\":\"https:\\\/\\\/schema.org\",\"@graph\":[{\"@type\":\"WebPage\",\"@id\":\"https:\\\/\\\/shop.bantam.ch\\\/de\\\/produkt\\\/relaxliege-mit-kopfpolster\\\/\",\"url\":\"https:\\\/\\\/shop.bantam.ch\\\/de\\\/produkt\\\/relaxliege-mit-kopfpolster\\\/\",\"name\":\"Relaxliege mit Kopfpolster - Bantam Camping AG\",\"isPartOf\":{\"@id\":\"https:\\\/\\\/shop.bantam.ch\\\/de\\\/#website\"},\"datePublished\":\"2025-03-14T14:22:40+00:00\",\"dateModified\":\"2026-04-17T23:50:22+00:00\",\"breadcrumb\":{\"@id\":\"https:\\\/\\\/shop.bantam.ch\\\/de\\\/produkt\\\/relaxliege-mit-kopfpolster\\\/#breadcrumb\"},\"inLanguage\":\"de\",\"potentialAction\":[{\"@type\":\"ReadAction\",\"target\":[\"https:\\\/\\\/shop.bantam.ch\\\/de\\\/produkt\\\/relaxliege-mit-kopfpolster\\\/\"]}]},{\"@type\":\"BreadcrumbList\",\"@id\":\"https:\\\/\\\/shop.bantam.ch\\\/de\\\/produkt\\\/relaxliege-mit-kopfpolster\\\/#breadcrumb\",\"itemListElement\":[{\"@type\":\"ListItem\",\"position\":1,\"name\":\"Accueil\",\"item\":\"https:\\\/\\\/shop.bantam.ch\\\/de\\\/\"},{\"@type\":\"ListItem\",\"position\":2,\"name\":\"Shop\",\"item\":\"https:\\\/\\\/shop.bantam.ch\\\/de\\\/shop\\\/\"},{\"@type\":\"ListItem\",\"position\":3,\"name\":\"Relaxliege mit Kopfpolster\"}]},{\"@type\":\"WebSite\",\"@id\":\"https:\\\/\\\/shop.bantam.ch\\\/de\\\/#website\",\"url\":\"https:\\\/\\\/shop.bantam.ch\\\/de\\\/\",\"name\":\"Bantam Camping AG\",\"description\":\"\",\"publisher\":{\"@id\":\"https:\\\/\\\/shop.bantam.ch\\\/de\\\/#organization\"},\"inLanguage\":\"de\"},{\"@type\":\"Organization\",\"@id\":\"https:\\\/\\\/shop.bantam.ch\\\/de\\\/#organization\",\"name\":\"Bantam Camping AG\",\"url\":\"https:\\\/\\\/shop.bantam.ch\\\/de\\\/\",\"logo\":{\"@type\":\"ImageObject\",\"inLanguage\":\"de\",\"@id\":\"https:\\\/\\\/shop.bantam.ch\\\/de\\\/#\\\/schema\\\/logo\\\/image\\\/\",\"url\":\"https:\\\/\\\/shop.bantam.ch\\\/wp-content\\\/uploads\\\/2022\\\/12\\\/bantam-logo.png\",\"contentUrl\":\"https:\\\/\\\/shop.bantam.ch\\\/wp-content\\\/uploads\\\/2022\\\/12\\\/bantam-logo.png\",\"width\":320,\"height\":71,\"caption\":\"Bantam Camping AG\"},\"image\":{\"@id\":\"https:\\\/\\\/shop.bantam.ch\\\/de\\\/#\\\/schema\\\/logo\\\/image\\\/\"}}]}<\/script>\n<!-- \/ Yoast SEO plugin. -->","yoast_head_json":{"title":"Relaxliege mit Kopfpolster - Bantam Camping AG","robots":{"index":"index","follow":"follow","max-snippet":"max-snippet:-1","max-image-preview":"max-image-preview:large","max-video-preview":"max-video-preview:-1"},"canonical":"https:\/\/shop.bantam.ch\/de\/produkt\/relaxliege-mit-kopfpolster\/","og_locale":"de_DE","og_type":"article","og_title":"Relaxliege mit Kopfpolster - Bantam Camping AG","og_description":"Ein sehr luxuri\u00f6ser und bequemer Relaxstuhl mit Kopfkissen. Dieser Stuhl bietet maximalen Komfort, da er stufenlos verstellbar und mit einem durch einen Gummizug befestigten gepolsterten 3D-Stoff versehen ist. Die komfortable Polsterung des Stoffs ist besonders luftdurchl\u00e4ssig. Die Verarbeitung verleiht ihm eine stilvolle Ausstrahlung. Sowohl die R\u00fcckenlehne als auch die Armlehnen sind ergonomisch geformt und der [&hellip;]","og_url":"https:\/\/shop.bantam.ch\/de\/produkt\/relaxliege-mit-kopfpolster\/","og_site_name":"Bantam Camping AG","article_modified_time":"2026-04-17T23:50:22+00:00","twitter_card":"summary_large_image","twitter_misc":{"Gesch\u00e4tzte Lesezeit":"1\u00a0Minute"},"schema":{"@context":"https:\/\/schema.org","@graph":[{"@type":"WebPage","@id":"https:\/\/shop.bantam.ch\/de\/produkt\/relaxliege-mit-kopfpolster\/","url":"https:\/\/shop.bantam.ch\/de\/produkt\/relaxliege-mit-kopfpolster\/","name":"Relaxliege mit Kopfpolster - Bantam Camping AG","isPartOf":{"@id":"https:\/\/shop.bantam.ch\/de\/#website"},"datePublished":"2025-03-14T14:22:40+00:00","dateModified":"2026-04-17T23:50:22+00:00","breadcrumb":{"@id":"https:\/\/shop.bantam.ch\/de\/produkt\/relaxliege-mit-kopfpolster\/#breadcrumb"},"inLanguage":"de","potentialAction":[{"@type":"ReadAction","target":["https:\/\/shop.bantam.ch\/de\/produkt\/relaxliege-mit-kopfpolster\/"]}]},{"@type":"BreadcrumbList","@id":"https:\/\/shop.bantam.ch\/de\/produkt\/relaxliege-mit-kopfpolster\/#breadcrumb","itemListElement":[{"@type":"ListItem","position":1,"name":"Accueil","item":"https:\/\/shop.bantam.ch\/de\/"},{"@type":"ListItem","position":2,"name":"Shop","item":"https:\/\/shop.bantam.ch\/de\/shop\/"},{"@type":"ListItem","position":3,"name":"Relaxliege mit Kopfpolster"}]},{"@type":"WebSite","@id":"https:\/\/shop.bantam.ch\/de\/#website","url":"https:\/\/shop.bantam.ch\/de\/","name":"Bantam Camping AG","description":"","publisher":{"@id":"https:\/\/shop.bantam.ch\/de\/#organization"},"inLanguage":"de"},{"@type":"Organization","@id":"https:\/\/shop.bantam.ch\/de\/#organization","name":"Bantam Camping AG","url":"https:\/\/shop.bantam.ch\/de\/","logo":{"@type":"ImageObject","inLanguage":"de","@id":"https:\/\/shop.bantam.ch\/de\/#\/schema\/logo\/image\/","url":"https:\/\/shop.bantam.ch\/wp-content\/uploads\/2022\/12\/bantam-logo.png","contentUrl":"https:\/\/shop.bantam.ch\/wp-content\/uploads\/2022\/12\/bantam-logo.png","width":320,"height":71,"caption":"Bantam Camping AG"},"image":{"@id":"https:\/\/shop.bantam.ch\/de\/#\/schema\/logo\/image\/"}}]}},"_links":{"self":[{"href":"https:\/\/shop.bantam.ch\/de\/wp-json\/wp\/v2\/product\/213170","targetHints":{"allow":["GET"]}}],"collection":[{"href":"https:\/\/shop.bantam.ch\/de\/wp-json\/wp\/v2\/product"}],"about":[{"href":"https:\/\/shop.bantam.ch\/de\/wp-json\/wp\/v2\/types\/product"}],"wp:attachment":[{"href":"https:\/\/shop.bantam.ch\/de\/wp-json\/wp\/v2\/media?parent=213170"}],"wp:term":[{"taxonomy":"product_featured_cat","embeddable":true,"href":"https:\/\/shop.bantam.ch\/de\/wp-json\/wp\/v2\/product_featured_cat?post=213170"},{"taxonomy":"product_brand","embeddable":true,"href":"https:\/\/shop.bantam.ch\/de\/wp-json\/wp\/v2\/product_brand?post=213170"},{"taxonomy":"product_cat","embeddable":true,"href":"https:\/\/shop.bantam.ch\/de\/wp-json\/wp\/v2\/product_cat?post=213170"},{"taxonomy":"product_tag","embeddable":true,"href":"https:\/\/shop.bantam.ch\/de\/wp-json\/wp\/v2\/product_tag?post=213170"}],"curies":[{"name":"wp","href":"https:\/\/api.w.org\/{rel}","templated":true}]}}