{"id":213154,"date":"2025-03-14T15:22:02","date_gmt":"2025-03-14T14:22:02","guid":{"rendered":"https:\/\/shop.bantam.ch\/produit\/fussstuetze-air-deluxe-231\/"},"modified":"2026-04-19T01:52:31","modified_gmt":"2026-04-18T23:52:31","slug":"fussstuetze-air-deluxe-231","status":"publish","type":"product","link":"https:\/\/shop.bantam.ch\/de\/produkt\/fussstuetze-air-deluxe-231\/","title":{"rendered":"Fu\u00dfst\u00fctze Air Deluxe 231"},"content":{"rendered":"<p>Eine sehr bequeme Beinst\u00fctze. Sie kann unabh\u00e4ngig vom Stuhl genutzt und im gew\u00fcnschten Abstand positioniert werden. Mit extra komfortablem 3D-Polsterstoff versehen. Die komfortable Polsterung des Stoffs ist besonders luftdurchl\u00e4ssig. Zudem ist die Fu\u00dfst\u00fctze ergonomisch geformt und mit einem besonders stabilen Rahmen ausgestattet. Nach Gebrauch kann die Fu\u00dfbank flach und kompakt eingeklappt werden.<\/p>\n<p>Material:<\/p>\n<p>Bezug: 100 % Polyster<\/p>\n<p>Gestell: Aluminium<\/p>\n<p>&nbsp;<\/p>\n","protected":false},"excerpt":{"rendered":"<p>Eine sehr bequeme Beinst\u00fctze. Sie kann unabh\u00e4ngig vom Stuhl genutzt und im gew\u00fcnschten Abstand positioniert werden. Mit extra komfortablem 3D-Polsterstoff versehen. Die komfortable Polsterung des Stoffs ist besonders luftdurchl\u00e4ssig. Zudem ist die Fu\u00dfst\u00fctze ergonomisch geformt und mit einem besonders stabilen Rahmen ausgestattet. Nach Gebrauch kann die Fu\u00dfbank flach und kompakt eingeklappt werden. Material: Bezug: 100 [&hellip;]<\/p>\n","protected":false},"featured_media":213148,"template":"","meta":{"_acf_changed":false},"product_featured_cat":[],"product_brand":[],"product_cat":[4974],"product_tag":[],"class_list":{"0":"post-213154","1":"product","2":"type-product","3":"status-publish","4":"has-post-thumbnail","6":"product_cat-beinauflagen","8":"first","9":"instock","10":"taxable","11":"shipping-taxable","12":"purchasable","13":"product-type-variable"},"acf":[],"yoast_head":"<!-- This site is optimized with the Yoast SEO plugin v27.4 - https:\/\/yoast.com\/product\/yoast-seo-wordpress\/ -->\n<title>Fu\u00dfst\u00fctze Air Deluxe 231 - Bantam Camping AG<\/title>\n<meta name=\"robots\" content=\"index, follow, max-snippet:-1, max-image-preview:large, max-video-preview:-1\" \/>\n<link rel=\"canonical\" href=\"https:\/\/shop.bantam.ch\/de\/produkt\/fussstuetze-air-deluxe-231\/\" \/>\n<meta property=\"og:locale\" content=\"de_DE\" \/>\n<meta property=\"og:type\" content=\"article\" \/>\n<meta property=\"og:title\" content=\"Fu\u00dfst\u00fctze Air Deluxe 231 - Bantam Camping AG\" \/>\n<meta property=\"og:description\" content=\"Eine sehr bequeme Beinst\u00fctze. Sie kann unabh\u00e4ngig vom Stuhl genutzt und im gew\u00fcnschten Abstand positioniert werden. Mit extra komfortablem 3D-Polsterstoff versehen. Die komfortable Polsterung des Stoffs ist besonders luftdurchl\u00e4ssig. Zudem ist die Fu\u00dfst\u00fctze ergonomisch geformt und mit einem besonders stabilen Rahmen ausgestattet. Nach Gebrauch kann die Fu\u00dfbank flach und kompakt eingeklappt werden. Material: Bezug: 100 [&hellip;]\" \/>\n<meta property=\"og:url\" content=\"https:\/\/shop.bantam.ch\/de\/produkt\/fussstuetze-air-deluxe-231\/\" \/>\n<meta property=\"og:site_name\" content=\"Bantam Camping AG\" \/>\n<meta property=\"article:modified_time\" content=\"2026-04-18T23:52:31+00:00\" \/>\n<meta name=\"twitter:card\" content=\"summary_large_image\" \/>\n<script type=\"application\/ld+json\" class=\"yoast-schema-graph\">{\"@context\":\"https:\\\/\\\/schema.org\",\"@graph\":[{\"@type\":\"WebPage\",\"@id\":\"https:\\\/\\\/shop.bantam.ch\\\/de\\\/produkt\\\/fussstuetze-air-deluxe-231\\\/\",\"url\":\"https:\\\/\\\/shop.bantam.ch\\\/de\\\/produkt\\\/fussstuetze-air-deluxe-231\\\/\",\"name\":\"Fu\u00dfst\u00fctze Air Deluxe 231 - Bantam Camping AG\",\"isPartOf\":{\"@id\":\"https:\\\/\\\/shop.bantam.ch\\\/de\\\/#website\"},\"primaryImageOfPage\":{\"@id\":\"https:\\\/\\\/shop.bantam.ch\\\/de\\\/produkt\\\/fussstuetze-air-deluxe-231\\\/#primaryimage\"},\"image\":{\"@id\":\"https:\\\/\\\/shop.bantam.ch\\\/de\\\/produkt\\\/fussstuetze-air-deluxe-231\\\/#primaryimage\"},\"thumbnailUrl\":\"https:\\\/\\\/shop.bantam.ch\\\/wp-content\\\/uploads\\\/2025\\\/03\\\/Movera-L-9962426100.jpg\",\"datePublished\":\"2025-03-14T14:22:02+00:00\",\"dateModified\":\"2026-04-18T23:52:31+00:00\",\"breadcrumb\":{\"@id\":\"https:\\\/\\\/shop.bantam.ch\\\/de\\\/produkt\\\/fussstuetze-air-deluxe-231\\\/#breadcrumb\"},\"inLanguage\":\"de\",\"potentialAction\":[{\"@type\":\"ReadAction\",\"target\":[\"https:\\\/\\\/shop.bantam.ch\\\/de\\\/produkt\\\/fussstuetze-air-deluxe-231\\\/\"]}]},{\"@type\":\"ImageObject\",\"inLanguage\":\"de\",\"@id\":\"https:\\\/\\\/shop.bantam.ch\\\/de\\\/produkt\\\/fussstuetze-air-deluxe-231\\\/#primaryimage\",\"url\":\"https:\\\/\\\/shop.bantam.ch\\\/wp-content\\\/uploads\\\/2025\\\/03\\\/Movera-L-9962426100.jpg\",\"contentUrl\":\"https:\\\/\\\/shop.bantam.ch\\\/wp-content\\\/uploads\\\/2025\\\/03\\\/Movera-L-9962426100.jpg\",\"width\":640,\"height\":807},{\"@type\":\"BreadcrumbList\",\"@id\":\"https:\\\/\\\/shop.bantam.ch\\\/de\\\/produkt\\\/fussstuetze-air-deluxe-231\\\/#breadcrumb\",\"itemListElement\":[{\"@type\":\"ListItem\",\"position\":1,\"name\":\"Accueil\",\"item\":\"https:\\\/\\\/shop.bantam.ch\\\/de\\\/\"},{\"@type\":\"ListItem\",\"position\":2,\"name\":\"Shop\",\"item\":\"https:\\\/\\\/shop.bantam.ch\\\/de\\\/shop\\\/\"},{\"@type\":\"ListItem\",\"position\":3,\"name\":\"Fu\u00dfst\u00fctze Air Deluxe 231\"}]},{\"@type\":\"WebSite\",\"@id\":\"https:\\\/\\\/shop.bantam.ch\\\/de\\\/#website\",\"url\":\"https:\\\/\\\/shop.bantam.ch\\\/de\\\/\",\"name\":\"Bantam Camping AG\",\"description\":\"\",\"publisher\":{\"@id\":\"https:\\\/\\\/shop.bantam.ch\\\/de\\\/#organization\"},\"inLanguage\":\"de\"},{\"@type\":\"Organization\",\"@id\":\"https:\\\/\\\/shop.bantam.ch\\\/de\\\/#organization\",\"name\":\"Bantam Camping AG\",\"url\":\"https:\\\/\\\/shop.bantam.ch\\\/de\\\/\",\"logo\":{\"@type\":\"ImageObject\",\"inLanguage\":\"de\",\"@id\":\"https:\\\/\\\/shop.bantam.ch\\\/de\\\/#\\\/schema\\\/logo\\\/image\\\/\",\"url\":\"https:\\\/\\\/shop.bantam.ch\\\/wp-content\\\/uploads\\\/2022\\\/12\\\/bantam-logo.png\",\"contentUrl\":\"https:\\\/\\\/shop.bantam.ch\\\/wp-content\\\/uploads\\\/2022\\\/12\\\/bantam-logo.png\",\"width\":320,\"height\":71,\"caption\":\"Bantam Camping AG\"},\"image\":{\"@id\":\"https:\\\/\\\/shop.bantam.ch\\\/de\\\/#\\\/schema\\\/logo\\\/image\\\/\"}}]}<\/script>\n<!-- \/ Yoast SEO plugin. -->","yoast_head_json":{"title":"Fu\u00dfst\u00fctze Air Deluxe 231 - Bantam Camping AG","robots":{"index":"index","follow":"follow","max-snippet":"max-snippet:-1","max-image-preview":"max-image-preview:large","max-video-preview":"max-video-preview:-1"},"canonical":"https:\/\/shop.bantam.ch\/de\/produkt\/fussstuetze-air-deluxe-231\/","og_locale":"de_DE","og_type":"article","og_title":"Fu\u00dfst\u00fctze Air Deluxe 231 - Bantam Camping AG","og_description":"Eine sehr bequeme Beinst\u00fctze. Sie kann unabh\u00e4ngig vom Stuhl genutzt und im gew\u00fcnschten Abstand positioniert werden. Mit extra komfortablem 3D-Polsterstoff versehen. Die komfortable Polsterung des Stoffs ist besonders luftdurchl\u00e4ssig. Zudem ist die Fu\u00dfst\u00fctze ergonomisch geformt und mit einem besonders stabilen Rahmen ausgestattet. Nach Gebrauch kann die Fu\u00dfbank flach und kompakt eingeklappt werden. Material: Bezug: 100 [&hellip;]","og_url":"https:\/\/shop.bantam.ch\/de\/produkt\/fussstuetze-air-deluxe-231\/","og_site_name":"Bantam Camping AG","article_modified_time":"2026-04-18T23:52:31+00:00","twitter_card":"summary_large_image","schema":{"@context":"https:\/\/schema.org","@graph":[{"@type":"WebPage","@id":"https:\/\/shop.bantam.ch\/de\/produkt\/fussstuetze-air-deluxe-231\/","url":"https:\/\/shop.bantam.ch\/de\/produkt\/fussstuetze-air-deluxe-231\/","name":"Fu\u00dfst\u00fctze Air Deluxe 231 - Bantam Camping AG","isPartOf":{"@id":"https:\/\/shop.bantam.ch\/de\/#website"},"primaryImageOfPage":{"@id":"https:\/\/shop.bantam.ch\/de\/produkt\/fussstuetze-air-deluxe-231\/#primaryimage"},"image":{"@id":"https:\/\/shop.bantam.ch\/de\/produkt\/fussstuetze-air-deluxe-231\/#primaryimage"},"thumbnailUrl":"https:\/\/shop.bantam.ch\/wp-content\/uploads\/2025\/03\/Movera-L-9962426100.jpg","datePublished":"2025-03-14T14:22:02+00:00","dateModified":"2026-04-18T23:52:31+00:00","breadcrumb":{"@id":"https:\/\/shop.bantam.ch\/de\/produkt\/fussstuetze-air-deluxe-231\/#breadcrumb"},"inLanguage":"de","potentialAction":[{"@type":"ReadAction","target":["https:\/\/shop.bantam.ch\/de\/produkt\/fussstuetze-air-deluxe-231\/"]}]},{"@type":"ImageObject","inLanguage":"de","@id":"https:\/\/shop.bantam.ch\/de\/produkt\/fussstuetze-air-deluxe-231\/#primaryimage","url":"https:\/\/shop.bantam.ch\/wp-content\/uploads\/2025\/03\/Movera-L-9962426100.jpg","contentUrl":"https:\/\/shop.bantam.ch\/wp-content\/uploads\/2025\/03\/Movera-L-9962426100.jpg","width":640,"height":807},{"@type":"BreadcrumbList","@id":"https:\/\/shop.bantam.ch\/de\/produkt\/fussstuetze-air-deluxe-231\/#breadcrumb","itemListElement":[{"@type":"ListItem","position":1,"name":"Accueil","item":"https:\/\/shop.bantam.ch\/de\/"},{"@type":"ListItem","position":2,"name":"Shop","item":"https:\/\/shop.bantam.ch\/de\/shop\/"},{"@type":"ListItem","position":3,"name":"Fu\u00dfst\u00fctze Air Deluxe 231"}]},{"@type":"WebSite","@id":"https:\/\/shop.bantam.ch\/de\/#website","url":"https:\/\/shop.bantam.ch\/de\/","name":"Bantam Camping AG","description":"","publisher":{"@id":"https:\/\/shop.bantam.ch\/de\/#organization"},"inLanguage":"de"},{"@type":"Organization","@id":"https:\/\/shop.bantam.ch\/de\/#organization","name":"Bantam Camping AG","url":"https:\/\/shop.bantam.ch\/de\/","logo":{"@type":"ImageObject","inLanguage":"de","@id":"https:\/\/shop.bantam.ch\/de\/#\/schema\/logo\/image\/","url":"https:\/\/shop.bantam.ch\/wp-content\/uploads\/2022\/12\/bantam-logo.png","contentUrl":"https:\/\/shop.bantam.ch\/wp-content\/uploads\/2022\/12\/bantam-logo.png","width":320,"height":71,"caption":"Bantam Camping AG"},"image":{"@id":"https:\/\/shop.bantam.ch\/de\/#\/schema\/logo\/image\/"}}]}},"_links":{"self":[{"href":"https:\/\/shop.bantam.ch\/de\/wp-json\/wp\/v2\/product\/213154","targetHints":{"allow":["GET"]}}],"collection":[{"href":"https:\/\/shop.bantam.ch\/de\/wp-json\/wp\/v2\/product"}],"about":[{"href":"https:\/\/shop.bantam.ch\/de\/wp-json\/wp\/v2\/types\/product"}],"wp:featuredmedia":[{"embeddable":true,"href":"https:\/\/shop.bantam.ch\/de\/wp-json\/wp\/v2\/media\/213148"}],"wp:attachment":[{"href":"https:\/\/shop.bantam.ch\/de\/wp-json\/wp\/v2\/media?parent=213154"}],"wp:term":[{"taxonomy":"product_featured_cat","embeddable":true,"href":"https:\/\/shop.bantam.ch\/de\/wp-json\/wp\/v2\/product_featured_cat?post=213154"},{"taxonomy":"product_brand","embeddable":true,"href":"https:\/\/shop.bantam.ch\/de\/wp-json\/wp\/v2\/product_brand?post=213154"},{"taxonomy":"product_cat","embeddable":true,"href":"https:\/\/shop.bantam.ch\/de\/wp-json\/wp\/v2\/product_cat?post=213154"},{"taxonomy":"product_tag","embeddable":true,"href":"https:\/\/shop.bantam.ch\/de\/wp-json\/wp\/v2\/product_tag?post=213154"}],"curies":[{"name":"wp","href":"https:\/\/api.w.org\/{rel}","templated":true}]}}