{"id":213112,"date":"2025-03-14T15:21:12","date_gmt":"2025-03-14T14:21:12","guid":{"rendered":"https:\/\/shop.bantam.ch\/produit\/campingstuhl-air-deluxe-215\/"},"modified":"2026-04-19T01:52:15","modified_gmt":"2026-04-18T23:52:15","slug":"campingstuhl-air-deluxe-215","status":"publish","type":"product","link":"https:\/\/shop.bantam.ch\/de\/produkt\/campingstuhl-air-deluxe-215\/","title":{"rendered":"Campingstuhl Air Deluxe 215"},"content":{"rendered":"<p>Ein leichter und besonders stabiler Stuhl. Dieser Stuhl bietet dank der in 7 Stufen verstellbaren R\u00fcckenlehne, der verstellbaren Kopfst\u00fctze und dem gepolsterten 3D-Stoff maximalen Komfort. Die komfortable Polsterung des Stoffs ist besonders luftdurchl\u00e4ssig und h\u00e4lt, aufgrund der offenen Zellstruktur, keine Feuchtigkeit zur\u00fcck. Dadurch trocknet dieser Stuhl deutlich schneller als St\u00fchle mit herk\u00f6mmlicher Schaumstoffpolsterung. Zudem sind die R\u00fcckenlehne, die Sitzfl\u00e4che und die Armlehnen ergonomisch geformt. Der Stuhl ist mit einem eloxierten U-Rahmen ausgestattet, der extra Stabilit\u00e4t und Sicherheit gew\u00e4hrleistet. Der Stuhl ist im eingeklappten Zustand sehr kompakt und dadurch einfach zu transportieren.<\/p>\n<p>Material:&nbsp;<\/p>\n<p>Bezug: 100 % Polyester<\/p>\n<p>Gestell: Aluminium&nbsp;<\/p>\n","protected":false},"excerpt":{"rendered":"<p>Ein leichter und besonders stabiler Stuhl. Dieser Stuhl bietet dank der in 7 Stufen verstellbaren R\u00fcckenlehne, der verstellbaren Kopfst\u00fctze und dem gepolsterten 3D-Stoff maximalen Komfort. Die komfortable Polsterung des Stoffs ist besonders luftdurchl\u00e4ssig und h\u00e4lt, aufgrund der offenen Zellstruktur, keine Feuchtigkeit zur\u00fcck. Dadurch trocknet dieser Stuhl deutlich schneller als St\u00fchle mit herk\u00f6mmlicher Schaumstoffpolsterung. Zudem sind [&hellip;]<\/p>\n","protected":false},"featured_media":213106,"template":"","meta":{"_acf_changed":false},"product_featured_cat":[],"product_brand":[],"product_cat":[4972],"product_tag":[],"class_list":{"0":"post-213112","1":"product","2":"type-product","3":"status-publish","4":"has-post-thumbnail","6":"product_cat-campingstuehle","8":"first","9":"instock","10":"taxable","11":"shipping-taxable","12":"purchasable","13":"product-type-variable"},"acf":[],"yoast_head":"<!-- This site is optimized with the Yoast SEO plugin v27.4 - https:\/\/yoast.com\/product\/yoast-seo-wordpress\/ -->\n<title>Campingstuhl Air Deluxe 215 - Bantam Camping AG<\/title>\n<meta name=\"robots\" content=\"index, follow, max-snippet:-1, max-image-preview:large, max-video-preview:-1\" \/>\n<link rel=\"canonical\" href=\"https:\/\/shop.bantam.ch\/de\/produkt\/campingstuhl-air-deluxe-215\/\" \/>\n<meta property=\"og:locale\" content=\"de_DE\" \/>\n<meta property=\"og:type\" content=\"article\" \/>\n<meta property=\"og:title\" content=\"Campingstuhl Air Deluxe 215 - Bantam Camping AG\" \/>\n<meta property=\"og:description\" content=\"Ein leichter und besonders stabiler Stuhl. Dieser Stuhl bietet dank der in 7 Stufen verstellbaren R\u00fcckenlehne, der verstellbaren Kopfst\u00fctze und dem gepolsterten 3D-Stoff maximalen Komfort. Die komfortable Polsterung des Stoffs ist besonders luftdurchl\u00e4ssig und h\u00e4lt, aufgrund der offenen Zellstruktur, keine Feuchtigkeit zur\u00fcck. Dadurch trocknet dieser Stuhl deutlich schneller als St\u00fchle mit herk\u00f6mmlicher Schaumstoffpolsterung. Zudem sind [&hellip;]\" \/>\n<meta property=\"og:url\" content=\"https:\/\/shop.bantam.ch\/de\/produkt\/campingstuhl-air-deluxe-215\/\" \/>\n<meta property=\"og:site_name\" content=\"Bantam Camping AG\" \/>\n<meta property=\"article:modified_time\" content=\"2026-04-18T23:52:15+00:00\" \/>\n<meta name=\"twitter:card\" content=\"summary_large_image\" \/>\n<meta name=\"twitter:label1\" content=\"Gesch\u00e4tzte Lesezeit\" \/>\n\t<meta name=\"twitter:data1\" content=\"1\u00a0Minute\" \/>\n<script type=\"application\/ld+json\" class=\"yoast-schema-graph\">{\"@context\":\"https:\\\/\\\/schema.org\",\"@graph\":[{\"@type\":\"WebPage\",\"@id\":\"https:\\\/\\\/shop.bantam.ch\\\/de\\\/produkt\\\/campingstuhl-air-deluxe-215\\\/\",\"url\":\"https:\\\/\\\/shop.bantam.ch\\\/de\\\/produkt\\\/campingstuhl-air-deluxe-215\\\/\",\"name\":\"Campingstuhl Air Deluxe 215 - Bantam Camping AG\",\"isPartOf\":{\"@id\":\"https:\\\/\\\/shop.bantam.ch\\\/de\\\/#website\"},\"primaryImageOfPage\":{\"@id\":\"https:\\\/\\\/shop.bantam.ch\\\/de\\\/produkt\\\/campingstuhl-air-deluxe-215\\\/#primaryimage\"},\"image\":{\"@id\":\"https:\\\/\\\/shop.bantam.ch\\\/de\\\/produkt\\\/campingstuhl-air-deluxe-215\\\/#primaryimage\"},\"thumbnailUrl\":\"https:\\\/\\\/shop.bantam.ch\\\/wp-content\\\/uploads\\\/2025\\\/03\\\/Movera-L-9962421100.jpg\",\"datePublished\":\"2025-03-14T14:21:12+00:00\",\"dateModified\":\"2026-04-18T23:52:15+00:00\",\"breadcrumb\":{\"@id\":\"https:\\\/\\\/shop.bantam.ch\\\/de\\\/produkt\\\/campingstuhl-air-deluxe-215\\\/#breadcrumb\"},\"inLanguage\":\"de\",\"potentialAction\":[{\"@type\":\"ReadAction\",\"target\":[\"https:\\\/\\\/shop.bantam.ch\\\/de\\\/produkt\\\/campingstuhl-air-deluxe-215\\\/\"]}]},{\"@type\":\"ImageObject\",\"inLanguage\":\"de\",\"@id\":\"https:\\\/\\\/shop.bantam.ch\\\/de\\\/produkt\\\/campingstuhl-air-deluxe-215\\\/#primaryimage\",\"url\":\"https:\\\/\\\/shop.bantam.ch\\\/wp-content\\\/uploads\\\/2025\\\/03\\\/Movera-L-9962421100.jpg\",\"contentUrl\":\"https:\\\/\\\/shop.bantam.ch\\\/wp-content\\\/uploads\\\/2025\\\/03\\\/Movera-L-9962421100.jpg\",\"width\":640,\"height\":807},{\"@type\":\"BreadcrumbList\",\"@id\":\"https:\\\/\\\/shop.bantam.ch\\\/de\\\/produkt\\\/campingstuhl-air-deluxe-215\\\/#breadcrumb\",\"itemListElement\":[{\"@type\":\"ListItem\",\"position\":1,\"name\":\"Accueil\",\"item\":\"https:\\\/\\\/shop.bantam.ch\\\/de\\\/\"},{\"@type\":\"ListItem\",\"position\":2,\"name\":\"Shop\",\"item\":\"https:\\\/\\\/shop.bantam.ch\\\/de\\\/shop\\\/\"},{\"@type\":\"ListItem\",\"position\":3,\"name\":\"Campingstuhl Air Deluxe 215\"}]},{\"@type\":\"WebSite\",\"@id\":\"https:\\\/\\\/shop.bantam.ch\\\/de\\\/#website\",\"url\":\"https:\\\/\\\/shop.bantam.ch\\\/de\\\/\",\"name\":\"Bantam Camping AG\",\"description\":\"\",\"publisher\":{\"@id\":\"https:\\\/\\\/shop.bantam.ch\\\/de\\\/#organization\"},\"inLanguage\":\"de\"},{\"@type\":\"Organization\",\"@id\":\"https:\\\/\\\/shop.bantam.ch\\\/de\\\/#organization\",\"name\":\"Bantam Camping AG\",\"url\":\"https:\\\/\\\/shop.bantam.ch\\\/de\\\/\",\"logo\":{\"@type\":\"ImageObject\",\"inLanguage\":\"de\",\"@id\":\"https:\\\/\\\/shop.bantam.ch\\\/de\\\/#\\\/schema\\\/logo\\\/image\\\/\",\"url\":\"https:\\\/\\\/shop.bantam.ch\\\/wp-content\\\/uploads\\\/2022\\\/12\\\/bantam-logo.png\",\"contentUrl\":\"https:\\\/\\\/shop.bantam.ch\\\/wp-content\\\/uploads\\\/2022\\\/12\\\/bantam-logo.png\",\"width\":320,\"height\":71,\"caption\":\"Bantam Camping AG\"},\"image\":{\"@id\":\"https:\\\/\\\/shop.bantam.ch\\\/de\\\/#\\\/schema\\\/logo\\\/image\\\/\"}}]}<\/script>\n<!-- \/ Yoast SEO plugin. -->","yoast_head_json":{"title":"Campingstuhl Air Deluxe 215 - Bantam Camping AG","robots":{"index":"index","follow":"follow","max-snippet":"max-snippet:-1","max-image-preview":"max-image-preview:large","max-video-preview":"max-video-preview:-1"},"canonical":"https:\/\/shop.bantam.ch\/de\/produkt\/campingstuhl-air-deluxe-215\/","og_locale":"de_DE","og_type":"article","og_title":"Campingstuhl Air Deluxe 215 - Bantam Camping AG","og_description":"Ein leichter und besonders stabiler Stuhl. Dieser Stuhl bietet dank der in 7 Stufen verstellbaren R\u00fcckenlehne, der verstellbaren Kopfst\u00fctze und dem gepolsterten 3D-Stoff maximalen Komfort. Die komfortable Polsterung des Stoffs ist besonders luftdurchl\u00e4ssig und h\u00e4lt, aufgrund der offenen Zellstruktur, keine Feuchtigkeit zur\u00fcck. Dadurch trocknet dieser Stuhl deutlich schneller als St\u00fchle mit herk\u00f6mmlicher Schaumstoffpolsterung. Zudem sind [&hellip;]","og_url":"https:\/\/shop.bantam.ch\/de\/produkt\/campingstuhl-air-deluxe-215\/","og_site_name":"Bantam Camping AG","article_modified_time":"2026-04-18T23:52:15+00:00","twitter_card":"summary_large_image","twitter_misc":{"Gesch\u00e4tzte Lesezeit":"1\u00a0Minute"},"schema":{"@context":"https:\/\/schema.org","@graph":[{"@type":"WebPage","@id":"https:\/\/shop.bantam.ch\/de\/produkt\/campingstuhl-air-deluxe-215\/","url":"https:\/\/shop.bantam.ch\/de\/produkt\/campingstuhl-air-deluxe-215\/","name":"Campingstuhl Air Deluxe 215 - Bantam Camping AG","isPartOf":{"@id":"https:\/\/shop.bantam.ch\/de\/#website"},"primaryImageOfPage":{"@id":"https:\/\/shop.bantam.ch\/de\/produkt\/campingstuhl-air-deluxe-215\/#primaryimage"},"image":{"@id":"https:\/\/shop.bantam.ch\/de\/produkt\/campingstuhl-air-deluxe-215\/#primaryimage"},"thumbnailUrl":"https:\/\/shop.bantam.ch\/wp-content\/uploads\/2025\/03\/Movera-L-9962421100.jpg","datePublished":"2025-03-14T14:21:12+00:00","dateModified":"2026-04-18T23:52:15+00:00","breadcrumb":{"@id":"https:\/\/shop.bantam.ch\/de\/produkt\/campingstuhl-air-deluxe-215\/#breadcrumb"},"inLanguage":"de","potentialAction":[{"@type":"ReadAction","target":["https:\/\/shop.bantam.ch\/de\/produkt\/campingstuhl-air-deluxe-215\/"]}]},{"@type":"ImageObject","inLanguage":"de","@id":"https:\/\/shop.bantam.ch\/de\/produkt\/campingstuhl-air-deluxe-215\/#primaryimage","url":"https:\/\/shop.bantam.ch\/wp-content\/uploads\/2025\/03\/Movera-L-9962421100.jpg","contentUrl":"https:\/\/shop.bantam.ch\/wp-content\/uploads\/2025\/03\/Movera-L-9962421100.jpg","width":640,"height":807},{"@type":"BreadcrumbList","@id":"https:\/\/shop.bantam.ch\/de\/produkt\/campingstuhl-air-deluxe-215\/#breadcrumb","itemListElement":[{"@type":"ListItem","position":1,"name":"Accueil","item":"https:\/\/shop.bantam.ch\/de\/"},{"@type":"ListItem","position":2,"name":"Shop","item":"https:\/\/shop.bantam.ch\/de\/shop\/"},{"@type":"ListItem","position":3,"name":"Campingstuhl Air Deluxe 215"}]},{"@type":"WebSite","@id":"https:\/\/shop.bantam.ch\/de\/#website","url":"https:\/\/shop.bantam.ch\/de\/","name":"Bantam Camping AG","description":"","publisher":{"@id":"https:\/\/shop.bantam.ch\/de\/#organization"},"inLanguage":"de"},{"@type":"Organization","@id":"https:\/\/shop.bantam.ch\/de\/#organization","name":"Bantam Camping AG","url":"https:\/\/shop.bantam.ch\/de\/","logo":{"@type":"ImageObject","inLanguage":"de","@id":"https:\/\/shop.bantam.ch\/de\/#\/schema\/logo\/image\/","url":"https:\/\/shop.bantam.ch\/wp-content\/uploads\/2022\/12\/bantam-logo.png","contentUrl":"https:\/\/shop.bantam.ch\/wp-content\/uploads\/2022\/12\/bantam-logo.png","width":320,"height":71,"caption":"Bantam Camping AG"},"image":{"@id":"https:\/\/shop.bantam.ch\/de\/#\/schema\/logo\/image\/"}}]}},"_links":{"self":[{"href":"https:\/\/shop.bantam.ch\/de\/wp-json\/wp\/v2\/product\/213112","targetHints":{"allow":["GET"]}}],"collection":[{"href":"https:\/\/shop.bantam.ch\/de\/wp-json\/wp\/v2\/product"}],"about":[{"href":"https:\/\/shop.bantam.ch\/de\/wp-json\/wp\/v2\/types\/product"}],"wp:featuredmedia":[{"embeddable":true,"href":"https:\/\/shop.bantam.ch\/de\/wp-json\/wp\/v2\/media\/213106"}],"wp:attachment":[{"href":"https:\/\/shop.bantam.ch\/de\/wp-json\/wp\/v2\/media?parent=213112"}],"wp:term":[{"taxonomy":"product_featured_cat","embeddable":true,"href":"https:\/\/shop.bantam.ch\/de\/wp-json\/wp\/v2\/product_featured_cat?post=213112"},{"taxonomy":"product_brand","embeddable":true,"href":"https:\/\/shop.bantam.ch\/de\/wp-json\/wp\/v2\/product_brand?post=213112"},{"taxonomy":"product_cat","embeddable":true,"href":"https:\/\/shop.bantam.ch\/de\/wp-json\/wp\/v2\/product_cat?post=213112"},{"taxonomy":"product_tag","embeddable":true,"href":"https:\/\/shop.bantam.ch\/de\/wp-json\/wp\/v2\/product_tag?post=213112"}],"curies":[{"name":"wp","href":"https:\/\/api.w.org\/{rel}","templated":true}]}}