{"id":213034,"date":"2025-03-14T15:19:57","date_gmt":"2025-03-14T14:19:57","guid":{"rendered":"https:\/\/shop.bantam.ch\/produit\/smartphone-case-sandwort\/"},"modified":"2026-05-10T23:23:05","modified_gmt":"2026-05-10T21:23:05","slug":"smartphone-case-sandwort","status":"publish","type":"product","link":"https:\/\/shop.bantam.ch\/de\/produkt\/smartphone-case-sandwort\/","title":{"rendered":"Smartphone Case Sandwort"},"content":{"rendered":"<p>Die wasserdichte Smartphone-Tasche von Sandwort sch\u00fctzt Smartphones und andere elektronische Ger\u00e4te vor Wasser und Staub. Es erm\u00f6glicht die vollst\u00e4ndige Bedienung des Touchscreens und die Nutzung des Telefons, w\u00e4hrend es sich in der H\u00fclle befindet. Sie ist bis zu 1 Meter wasserdicht und gew\u00e4hrleistet, dass die Ger\u00e4te in jeder Umgebung sicher und funktionsf\u00e4hig bleiben.<\/p>\n","protected":false},"excerpt":{"rendered":"<p>Die wasserdichte Smartphone-Tasche von Sandwort sch\u00fctzt Smartphones und andere elektronische Ger\u00e4te vor Wasser und Staub. Es erm\u00f6glicht die vollst\u00e4ndige Bedienung des Touchscreens und die Nutzung des Telefons, w\u00e4hrend es sich in der H\u00fclle befindet. Sie ist bis zu 1 Meter wasserdicht und gew\u00e4hrleistet, dass die Ger\u00e4te in jeder Umgebung sicher und funktionsf\u00e4hig bleiben.<\/p>\n","protected":false},"featured_media":213030,"template":"","meta":{"_acf_changed":false},"product_featured_cat":[],"product_brand":[],"product_cat":[4450],"product_tag":[],"class_list":{"0":"post-213034","1":"product","2":"type-product","3":"status-publish","4":"has-post-thumbnail","6":"product_cat-zubehoer-fuer-rucksaecke-taschen","8":"first","9":"instock","10":"taxable","11":"shipping-taxable","12":"purchasable","13":"product-type-simple"},"acf":[],"yoast_head":"<!-- This site is optimized with the Yoast SEO plugin v27.5 - https:\/\/yoast.com\/product\/yoast-seo-wordpress\/ -->\n<title>Smartphone Case Sandwort - Bantam<\/title>\n<meta name=\"robots\" content=\"index, follow, max-snippet:-1, max-image-preview:large, max-video-preview:-1\" \/>\n<link rel=\"canonical\" href=\"https:\/\/shop.bantam.ch\/de\/produkt\/smartphone-case-sandwort\/\" \/>\n<meta property=\"og:locale\" content=\"de_DE\" \/>\n<meta property=\"og:type\" content=\"article\" \/>\n<meta property=\"og:title\" content=\"Smartphone Case Sandwort - Bantam\" \/>\n<meta property=\"og:description\" content=\"Die wasserdichte Smartphone-Tasche von Sandwort sch\u00fctzt Smartphones und andere elektronische Ger\u00e4te vor Wasser und Staub. Es erm\u00f6glicht die vollst\u00e4ndige Bedienung des Touchscreens und die Nutzung des Telefons, w\u00e4hrend es sich in der H\u00fclle befindet. Sie ist bis zu 1 Meter wasserdicht und gew\u00e4hrleistet, dass die Ger\u00e4te in jeder Umgebung sicher und funktionsf\u00e4hig bleiben.\" \/>\n<meta property=\"og:url\" content=\"https:\/\/shop.bantam.ch\/de\/produkt\/smartphone-case-sandwort\/\" \/>\n<meta property=\"og:site_name\" content=\"Bantam\" \/>\n<meta property=\"article:modified_time\" content=\"2026-05-10T21:23:05+00:00\" \/>\n<meta name=\"twitter:card\" content=\"summary_large_image\" \/>\n<script type=\"application\/ld+json\" class=\"yoast-schema-graph\">{\"@context\":\"https:\\\/\\\/schema.org\",\"@graph\":[{\"@type\":\"WebPage\",\"@id\":\"https:\\\/\\\/shop.bantam.ch\\\/de\\\/produkt\\\/smartphone-case-sandwort\\\/\",\"url\":\"https:\\\/\\\/shop.bantam.ch\\\/de\\\/produkt\\\/smartphone-case-sandwort\\\/\",\"name\":\"Smartphone Case Sandwort - Bantam\",\"isPartOf\":{\"@id\":\"https:\\\/\\\/shop.bantam.ch\\\/de\\\/#website\"},\"primaryImageOfPage\":{\"@id\":\"https:\\\/\\\/shop.bantam.ch\\\/de\\\/produkt\\\/smartphone-case-sandwort\\\/#primaryimage\"},\"image\":{\"@id\":\"https:\\\/\\\/shop.bantam.ch\\\/de\\\/produkt\\\/smartphone-case-sandwort\\\/#primaryimage\"},\"thumbnailUrl\":\"https:\\\/\\\/shop.bantam.ch\\\/wp-content\\\/uploads\\\/2025\\\/03\\\/Movera-L-9962443100.jpg\",\"datePublished\":\"2025-03-14T14:19:57+00:00\",\"dateModified\":\"2026-05-10T21:23:05+00:00\",\"breadcrumb\":{\"@id\":\"https:\\\/\\\/shop.bantam.ch\\\/de\\\/produkt\\\/smartphone-case-sandwort\\\/#breadcrumb\"},\"inLanguage\":\"de\",\"potentialAction\":[{\"@type\":\"ReadAction\",\"target\":[\"https:\\\/\\\/shop.bantam.ch\\\/de\\\/produkt\\\/smartphone-case-sandwort\\\/\"]}]},{\"@type\":\"ImageObject\",\"inLanguage\":\"de\",\"@id\":\"https:\\\/\\\/shop.bantam.ch\\\/de\\\/produkt\\\/smartphone-case-sandwort\\\/#primaryimage\",\"url\":\"https:\\\/\\\/shop.bantam.ch\\\/wp-content\\\/uploads\\\/2025\\\/03\\\/Movera-L-9962443100.jpg\",\"contentUrl\":\"https:\\\/\\\/shop.bantam.ch\\\/wp-content\\\/uploads\\\/2025\\\/03\\\/Movera-L-9962443100.jpg\",\"width\":640,\"height\":360},{\"@type\":\"BreadcrumbList\",\"@id\":\"https:\\\/\\\/shop.bantam.ch\\\/de\\\/produkt\\\/smartphone-case-sandwort\\\/#breadcrumb\",\"itemListElement\":[{\"@type\":\"ListItem\",\"position\":1,\"name\":\"Accueil\",\"item\":\"https:\\\/\\\/shop.bantam.ch\\\/de\\\/\"},{\"@type\":\"ListItem\",\"position\":2,\"name\":\"Shop\",\"item\":\"https:\\\/\\\/shop.bantam.ch\\\/de\\\/shop\\\/\"},{\"@type\":\"ListItem\",\"position\":3,\"name\":\"Smartphone Case Sandwort\"}]},{\"@type\":\"WebSite\",\"@id\":\"https:\\\/\\\/shop.bantam.ch\\\/de\\\/#website\",\"url\":\"https:\\\/\\\/shop.bantam.ch\\\/de\\\/\",\"name\":\"Bantam\",\"description\":\"\",\"publisher\":{\"@id\":\"https:\\\/\\\/shop.bantam.ch\\\/de\\\/#organization\"},\"inLanguage\":\"de\"},{\"@type\":\"Organization\",\"@id\":\"https:\\\/\\\/shop.bantam.ch\\\/de\\\/#organization\",\"name\":\"Bantam\",\"url\":\"https:\\\/\\\/shop.bantam.ch\\\/de\\\/\",\"logo\":{\"@type\":\"ImageObject\",\"inLanguage\":\"de\",\"@id\":\"https:\\\/\\\/shop.bantam.ch\\\/de\\\/#\\\/schema\\\/logo\\\/image\\\/\",\"url\":\"https:\\\/\\\/shop.bantam.ch\\\/wp-content\\\/uploads\\\/2022\\\/12\\\/bantam-logo.png\",\"contentUrl\":\"https:\\\/\\\/shop.bantam.ch\\\/wp-content\\\/uploads\\\/2022\\\/12\\\/bantam-logo.png\",\"width\":320,\"height\":71,\"caption\":\"Bantam\"},\"image\":{\"@id\":\"https:\\\/\\\/shop.bantam.ch\\\/de\\\/#\\\/schema\\\/logo\\\/image\\\/\"}}]}<\/script>\n<!-- \/ Yoast SEO plugin. -->","yoast_head_json":{"title":"Smartphone Case Sandwort - Bantam","robots":{"index":"index","follow":"follow","max-snippet":"max-snippet:-1","max-image-preview":"max-image-preview:large","max-video-preview":"max-video-preview:-1"},"canonical":"https:\/\/shop.bantam.ch\/de\/produkt\/smartphone-case-sandwort\/","og_locale":"de_DE","og_type":"article","og_title":"Smartphone Case Sandwort - Bantam","og_description":"Die wasserdichte Smartphone-Tasche von Sandwort sch\u00fctzt Smartphones und andere elektronische Ger\u00e4te vor Wasser und Staub. Es erm\u00f6glicht die vollst\u00e4ndige Bedienung des Touchscreens und die Nutzung des Telefons, w\u00e4hrend es sich in der H\u00fclle befindet. Sie ist bis zu 1 Meter wasserdicht und gew\u00e4hrleistet, dass die Ger\u00e4te in jeder Umgebung sicher und funktionsf\u00e4hig bleiben.","og_url":"https:\/\/shop.bantam.ch\/de\/produkt\/smartphone-case-sandwort\/","og_site_name":"Bantam","article_modified_time":"2026-05-10T21:23:05+00:00","twitter_card":"summary_large_image","schema":{"@context":"https:\/\/schema.org","@graph":[{"@type":"WebPage","@id":"https:\/\/shop.bantam.ch\/de\/produkt\/smartphone-case-sandwort\/","url":"https:\/\/shop.bantam.ch\/de\/produkt\/smartphone-case-sandwort\/","name":"Smartphone Case Sandwort - Bantam","isPartOf":{"@id":"https:\/\/shop.bantam.ch\/de\/#website"},"primaryImageOfPage":{"@id":"https:\/\/shop.bantam.ch\/de\/produkt\/smartphone-case-sandwort\/#primaryimage"},"image":{"@id":"https:\/\/shop.bantam.ch\/de\/produkt\/smartphone-case-sandwort\/#primaryimage"},"thumbnailUrl":"https:\/\/shop.bantam.ch\/wp-content\/uploads\/2025\/03\/Movera-L-9962443100.jpg","datePublished":"2025-03-14T14:19:57+00:00","dateModified":"2026-05-10T21:23:05+00:00","breadcrumb":{"@id":"https:\/\/shop.bantam.ch\/de\/produkt\/smartphone-case-sandwort\/#breadcrumb"},"inLanguage":"de","potentialAction":[{"@type":"ReadAction","target":["https:\/\/shop.bantam.ch\/de\/produkt\/smartphone-case-sandwort\/"]}]},{"@type":"ImageObject","inLanguage":"de","@id":"https:\/\/shop.bantam.ch\/de\/produkt\/smartphone-case-sandwort\/#primaryimage","url":"https:\/\/shop.bantam.ch\/wp-content\/uploads\/2025\/03\/Movera-L-9962443100.jpg","contentUrl":"https:\/\/shop.bantam.ch\/wp-content\/uploads\/2025\/03\/Movera-L-9962443100.jpg","width":640,"height":360},{"@type":"BreadcrumbList","@id":"https:\/\/shop.bantam.ch\/de\/produkt\/smartphone-case-sandwort\/#breadcrumb","itemListElement":[{"@type":"ListItem","position":1,"name":"Accueil","item":"https:\/\/shop.bantam.ch\/de\/"},{"@type":"ListItem","position":2,"name":"Shop","item":"https:\/\/shop.bantam.ch\/de\/shop\/"},{"@type":"ListItem","position":3,"name":"Smartphone Case Sandwort"}]},{"@type":"WebSite","@id":"https:\/\/shop.bantam.ch\/de\/#website","url":"https:\/\/shop.bantam.ch\/de\/","name":"Bantam","description":"","publisher":{"@id":"https:\/\/shop.bantam.ch\/de\/#organization"},"inLanguage":"de"},{"@type":"Organization","@id":"https:\/\/shop.bantam.ch\/de\/#organization","name":"Bantam","url":"https:\/\/shop.bantam.ch\/de\/","logo":{"@type":"ImageObject","inLanguage":"de","@id":"https:\/\/shop.bantam.ch\/de\/#\/schema\/logo\/image\/","url":"https:\/\/shop.bantam.ch\/wp-content\/uploads\/2022\/12\/bantam-logo.png","contentUrl":"https:\/\/shop.bantam.ch\/wp-content\/uploads\/2022\/12\/bantam-logo.png","width":320,"height":71,"caption":"Bantam"},"image":{"@id":"https:\/\/shop.bantam.ch\/de\/#\/schema\/logo\/image\/"}}]}},"_links":{"self":[{"href":"https:\/\/shop.bantam.ch\/de\/wp-json\/wp\/v2\/product\/213034","targetHints":{"allow":["GET"]}}],"collection":[{"href":"https:\/\/shop.bantam.ch\/de\/wp-json\/wp\/v2\/product"}],"about":[{"href":"https:\/\/shop.bantam.ch\/de\/wp-json\/wp\/v2\/types\/product"}],"wp:featuredmedia":[{"embeddable":true,"href":"https:\/\/shop.bantam.ch\/de\/wp-json\/wp\/v2\/media\/213030"}],"wp:attachment":[{"href":"https:\/\/shop.bantam.ch\/de\/wp-json\/wp\/v2\/media?parent=213034"}],"wp:term":[{"taxonomy":"product_featured_cat","embeddable":true,"href":"https:\/\/shop.bantam.ch\/de\/wp-json\/wp\/v2\/product_featured_cat?post=213034"},{"taxonomy":"product_brand","embeddable":true,"href":"https:\/\/shop.bantam.ch\/de\/wp-json\/wp\/v2\/product_brand?post=213034"},{"taxonomy":"product_cat","embeddable":true,"href":"https:\/\/shop.bantam.ch\/de\/wp-json\/wp\/v2\/product_cat?post=213034"},{"taxonomy":"product_tag","embeddable":true,"href":"https:\/\/shop.bantam.ch\/de\/wp-json\/wp\/v2\/product_tag?post=213034"}],"curies":[{"name":"wp","href":"https:\/\/api.w.org\/{rel}","templated":true}]}}