{"id":212998,"date":"2025-03-14T15:18:51","date_gmt":"2025-03-14T14:18:51","guid":{"rendered":"https:\/\/shop.bantam.ch\/produit\/lithium-batterie-tempra\/"},"modified":"2026-04-19T01:51:43","modified_gmt":"2026-04-18T23:51:43","slug":"lithium-batterie-tempra","status":"publish","type":"product","link":"https:\/\/shop.bantam.ch\/de\/produkt\/lithium-batterie-tempra\/","title":{"rendered":"Lithium Batterie Tempra"},"content":{"rendered":"<p>Diese Lithiumbatterie hat dank ihrer hochdichten Energiezellen das beste Leistungsgewicht auf dem Markt. 50 % mehr Kapazit\u00e4t in einer Standard-L5-Box (passt unter den Sitz des Fiat Ducato) \u2013 50 % mehr Autonomie f\u00fcr unterwegs! Das intelligente<br \/>\nBatteriemanagementsystem sorgt f\u00fcr eine optimale Ladung, sodass Sie die TEMPRA-Batterie an jedes beliebige Ladeger\u00e4t anschlie\u00dfen k\u00f6nnen; sogar an Ladeger\u00e4te f\u00fcr Bleis\u00e4ure-Batterien.\u00a0<\/p>\n<p>Eigenschaften:<\/p>\n<ul>\n<li>Kompatibel mit jedem Batterieladeger\u00e4t \u2013 selbst mit einem, das nicht f\u00fcr LiFePO4-Batterien geeignet ist<\/li>\n<li>50 % mehr Kapazit\u00e4t als andere L5-Batterien \u2013 mit Abmessungen von 341 x 176 x 190 mm (BxTxH) passt sie unter den Sitz eines Fiat Ducato<\/li>\n<li>Bis zu 4 Stunden mit eingeschalteter Klimaanlage und bis zu 50 % l\u00e4ngere Akkulaufzeit als eine herk\u00f6mmliche Lithiumbatterie<\/li>\n<li>Alles ist immer unter Kontrolle und sicher, sowohl f\u00fcr die Batterie als auch f\u00fcr den Benutzer<\/li>\n<li>Bis zu 70 % leichter als eine Bleis\u00e4ure-Batterie mit derselben Kapazit\u00e4t<\/li>\n<li>Chemie und interne Elektronik machen diese Batterie v\u00f6llig wartungsfrei<\/li>\n<li>Betriebstemperatur, Entladung:\u00a0-20\u00b0 C \/ +60\u00b0 C<\/li>\n<li>Betriebstemperatur, Laden (TLB100, TLB120 und TLB 150): -10\u00b0 C \/ +60\u00b0 C<\/li>\n<li>Betriebstemperatur, Laden (TLB100F, TLB120F und TLB 150F):\u00a0-30\u00b0 C \/ +60\u00b0 C<\/li>\n<li>Lagertemperaturbereich: -20\u00b0 C \/ +60\u00b0 C<\/li>\n<li>Mobile App f\u00fcr iOS, Android, Bluetooth und Dometic-Steuereinheit (optional)<\/li>\n<li>5 Jahre Garantie<\/li>\n<\/ul>\n","protected":false},"excerpt":{"rendered":"<p>Diese Lithiumbatterie hat dank ihrer hochdichten Energiezellen das beste Leistungsgewicht auf dem Markt. 50 % mehr Kapazit\u00e4t in einer Standard-L5-Box (passt unter den Sitz des Fiat Ducato) \u2013 50 % mehr Autonomie f\u00fcr unterwegs! Das intelligente Batteriemanagementsystem sorgt f\u00fcr eine optimale Ladung, sodass Sie die TEMPRA-Batterie an jedes beliebige Ladeger\u00e4t anschlie\u00dfen k\u00f6nnen; sogar an Ladeger\u00e4te [&hellip;]<\/p>\n","protected":false},"featured_media":212990,"template":"","meta":{"_acf_changed":false},"product_featured_cat":[],"product_brand":[3069],"product_cat":[5114],"product_tag":[],"class_list":{"0":"post-212998","1":"product","2":"type-product","3":"status-publish","4":"has-post-thumbnail","6":"product_brand-buttner-elektronik-de","7":"product_cat-lithium-batterien","9":"first","10":"instock","11":"taxable","12":"shipping-taxable","13":"purchasable","14":"product-type-variable"},"acf":[],"yoast_head":"<!-- This site is optimized with the Yoast SEO plugin v27.4 - https:\/\/yoast.com\/product\/yoast-seo-wordpress\/ -->\n<title>Lithium Batterie Tempra - Bantam Camping AG<\/title>\n<meta name=\"robots\" content=\"index, follow, max-snippet:-1, max-image-preview:large, max-video-preview:-1\" \/>\n<link rel=\"canonical\" href=\"https:\/\/shop.bantam.ch\/de\/produkt\/lithium-batterie-tempra\/\" \/>\n<meta property=\"og:locale\" content=\"de_DE\" \/>\n<meta property=\"og:type\" content=\"article\" \/>\n<meta property=\"og:title\" content=\"Lithium Batterie Tempra - Bantam Camping AG\" \/>\n<meta property=\"og:description\" content=\"Diese Lithiumbatterie hat dank ihrer hochdichten Energiezellen das beste Leistungsgewicht auf dem Markt. 50 % mehr Kapazit\u00e4t in einer Standard-L5-Box (passt unter den Sitz des Fiat Ducato) \u2013 50 % mehr Autonomie f\u00fcr unterwegs! Das intelligente Batteriemanagementsystem sorgt f\u00fcr eine optimale Ladung, sodass Sie die TEMPRA-Batterie an jedes beliebige Ladeger\u00e4t anschlie\u00dfen k\u00f6nnen; sogar an Ladeger\u00e4te [&hellip;]\" \/>\n<meta property=\"og:url\" content=\"https:\/\/shop.bantam.ch\/de\/produkt\/lithium-batterie-tempra\/\" \/>\n<meta property=\"og:site_name\" content=\"Bantam Camping AG\" \/>\n<meta property=\"article:modified_time\" content=\"2026-04-18T23:51:43+00:00\" \/>\n<meta property=\"og:image\" content=\"https:\/\/shop.bantam.ch\/wp-content\/uploads\/2025\/03\/Movera-L-9962434100.jpg\" \/>\n\t<meta property=\"og:image:width\" content=\"640\" \/>\n\t<meta property=\"og:image:height\" content=\"640\" \/>\n\t<meta property=\"og:image:type\" content=\"image\/jpeg\" \/>\n<meta name=\"twitter:card\" content=\"summary_large_image\" \/>\n<meta name=\"twitter:label1\" content=\"Gesch\u00e4tzte Lesezeit\" \/>\n\t<meta name=\"twitter:data1\" content=\"1\u00a0Minute\" \/>\n<script type=\"application\/ld+json\" class=\"yoast-schema-graph\">{\"@context\":\"https:\\\/\\\/schema.org\",\"@graph\":[{\"@type\":\"WebPage\",\"@id\":\"https:\\\/\\\/shop.bantam.ch\\\/de\\\/produkt\\\/lithium-batterie-tempra\\\/\",\"url\":\"https:\\\/\\\/shop.bantam.ch\\\/de\\\/produkt\\\/lithium-batterie-tempra\\\/\",\"name\":\"Lithium Batterie Tempra - Bantam Camping AG\",\"isPartOf\":{\"@id\":\"https:\\\/\\\/shop.bantam.ch\\\/de\\\/#website\"},\"primaryImageOfPage\":{\"@id\":\"https:\\\/\\\/shop.bantam.ch\\\/de\\\/produkt\\\/lithium-batterie-tempra\\\/#primaryimage\"},\"image\":{\"@id\":\"https:\\\/\\\/shop.bantam.ch\\\/de\\\/produkt\\\/lithium-batterie-tempra\\\/#primaryimage\"},\"thumbnailUrl\":\"https:\\\/\\\/shop.bantam.ch\\\/wp-content\\\/uploads\\\/2025\\\/03\\\/Movera-L-9962434100.jpg\",\"datePublished\":\"2025-03-14T14:18:51+00:00\",\"dateModified\":\"2026-04-18T23:51:43+00:00\",\"breadcrumb\":{\"@id\":\"https:\\\/\\\/shop.bantam.ch\\\/de\\\/produkt\\\/lithium-batterie-tempra\\\/#breadcrumb\"},\"inLanguage\":\"de\",\"potentialAction\":[{\"@type\":\"ReadAction\",\"target\":[\"https:\\\/\\\/shop.bantam.ch\\\/de\\\/produkt\\\/lithium-batterie-tempra\\\/\"]}]},{\"@type\":\"ImageObject\",\"inLanguage\":\"de\",\"@id\":\"https:\\\/\\\/shop.bantam.ch\\\/de\\\/produkt\\\/lithium-batterie-tempra\\\/#primaryimage\",\"url\":\"https:\\\/\\\/shop.bantam.ch\\\/wp-content\\\/uploads\\\/2025\\\/03\\\/Movera-L-9962434100.jpg\",\"contentUrl\":\"https:\\\/\\\/shop.bantam.ch\\\/wp-content\\\/uploads\\\/2025\\\/03\\\/Movera-L-9962434100.jpg\",\"width\":640,\"height\":640},{\"@type\":\"BreadcrumbList\",\"@id\":\"https:\\\/\\\/shop.bantam.ch\\\/de\\\/produkt\\\/lithium-batterie-tempra\\\/#breadcrumb\",\"itemListElement\":[{\"@type\":\"ListItem\",\"position\":1,\"name\":\"Accueil\",\"item\":\"https:\\\/\\\/shop.bantam.ch\\\/de\\\/\"},{\"@type\":\"ListItem\",\"position\":2,\"name\":\"Shop\",\"item\":\"https:\\\/\\\/shop.bantam.ch\\\/de\\\/shop\\\/\"},{\"@type\":\"ListItem\",\"position\":3,\"name\":\"Lithium Batterie Tempra\"}]},{\"@type\":\"WebSite\",\"@id\":\"https:\\\/\\\/shop.bantam.ch\\\/de\\\/#website\",\"url\":\"https:\\\/\\\/shop.bantam.ch\\\/de\\\/\",\"name\":\"Bantam Camping AG\",\"description\":\"\",\"publisher\":{\"@id\":\"https:\\\/\\\/shop.bantam.ch\\\/de\\\/#organization\"},\"inLanguage\":\"de\"},{\"@type\":\"Organization\",\"@id\":\"https:\\\/\\\/shop.bantam.ch\\\/de\\\/#organization\",\"name\":\"Bantam Camping AG\",\"url\":\"https:\\\/\\\/shop.bantam.ch\\\/de\\\/\",\"logo\":{\"@type\":\"ImageObject\",\"inLanguage\":\"de\",\"@id\":\"https:\\\/\\\/shop.bantam.ch\\\/de\\\/#\\\/schema\\\/logo\\\/image\\\/\",\"url\":\"https:\\\/\\\/shop.bantam.ch\\\/wp-content\\\/uploads\\\/2022\\\/12\\\/bantam-logo.png\",\"contentUrl\":\"https:\\\/\\\/shop.bantam.ch\\\/wp-content\\\/uploads\\\/2022\\\/12\\\/bantam-logo.png\",\"width\":320,\"height\":71,\"caption\":\"Bantam Camping AG\"},\"image\":{\"@id\":\"https:\\\/\\\/shop.bantam.ch\\\/de\\\/#\\\/schema\\\/logo\\\/image\\\/\"}}]}<\/script>\n<!-- \/ Yoast SEO plugin. -->","yoast_head_json":{"title":"Lithium Batterie Tempra - Bantam Camping AG","robots":{"index":"index","follow":"follow","max-snippet":"max-snippet:-1","max-image-preview":"max-image-preview:large","max-video-preview":"max-video-preview:-1"},"canonical":"https:\/\/shop.bantam.ch\/de\/produkt\/lithium-batterie-tempra\/","og_locale":"de_DE","og_type":"article","og_title":"Lithium Batterie Tempra - Bantam Camping AG","og_description":"Diese Lithiumbatterie hat dank ihrer hochdichten Energiezellen das beste Leistungsgewicht auf dem Markt. 50 % mehr Kapazit\u00e4t in einer Standard-L5-Box (passt unter den Sitz des Fiat Ducato) \u2013 50 % mehr Autonomie f\u00fcr unterwegs! Das intelligente Batteriemanagementsystem sorgt f\u00fcr eine optimale Ladung, sodass Sie die TEMPRA-Batterie an jedes beliebige Ladeger\u00e4t anschlie\u00dfen k\u00f6nnen; sogar an Ladeger\u00e4te [&hellip;]","og_url":"https:\/\/shop.bantam.ch\/de\/produkt\/lithium-batterie-tempra\/","og_site_name":"Bantam Camping AG","article_modified_time":"2026-04-18T23:51:43+00:00","og_image":[{"width":640,"height":640,"url":"https:\/\/shop.bantam.ch\/wp-content\/uploads\/2025\/03\/Movera-L-9962434100.jpg","type":"image\/jpeg"}],"twitter_card":"summary_large_image","twitter_misc":{"Gesch\u00e4tzte Lesezeit":"1\u00a0Minute"},"schema":{"@context":"https:\/\/schema.org","@graph":[{"@type":"WebPage","@id":"https:\/\/shop.bantam.ch\/de\/produkt\/lithium-batterie-tempra\/","url":"https:\/\/shop.bantam.ch\/de\/produkt\/lithium-batterie-tempra\/","name":"Lithium Batterie Tempra - Bantam Camping AG","isPartOf":{"@id":"https:\/\/shop.bantam.ch\/de\/#website"},"primaryImageOfPage":{"@id":"https:\/\/shop.bantam.ch\/de\/produkt\/lithium-batterie-tempra\/#primaryimage"},"image":{"@id":"https:\/\/shop.bantam.ch\/de\/produkt\/lithium-batterie-tempra\/#primaryimage"},"thumbnailUrl":"https:\/\/shop.bantam.ch\/wp-content\/uploads\/2025\/03\/Movera-L-9962434100.jpg","datePublished":"2025-03-14T14:18:51+00:00","dateModified":"2026-04-18T23:51:43+00:00","breadcrumb":{"@id":"https:\/\/shop.bantam.ch\/de\/produkt\/lithium-batterie-tempra\/#breadcrumb"},"inLanguage":"de","potentialAction":[{"@type":"ReadAction","target":["https:\/\/shop.bantam.ch\/de\/produkt\/lithium-batterie-tempra\/"]}]},{"@type":"ImageObject","inLanguage":"de","@id":"https:\/\/shop.bantam.ch\/de\/produkt\/lithium-batterie-tempra\/#primaryimage","url":"https:\/\/shop.bantam.ch\/wp-content\/uploads\/2025\/03\/Movera-L-9962434100.jpg","contentUrl":"https:\/\/shop.bantam.ch\/wp-content\/uploads\/2025\/03\/Movera-L-9962434100.jpg","width":640,"height":640},{"@type":"BreadcrumbList","@id":"https:\/\/shop.bantam.ch\/de\/produkt\/lithium-batterie-tempra\/#breadcrumb","itemListElement":[{"@type":"ListItem","position":1,"name":"Accueil","item":"https:\/\/shop.bantam.ch\/de\/"},{"@type":"ListItem","position":2,"name":"Shop","item":"https:\/\/shop.bantam.ch\/de\/shop\/"},{"@type":"ListItem","position":3,"name":"Lithium Batterie Tempra"}]},{"@type":"WebSite","@id":"https:\/\/shop.bantam.ch\/de\/#website","url":"https:\/\/shop.bantam.ch\/de\/","name":"Bantam Camping AG","description":"","publisher":{"@id":"https:\/\/shop.bantam.ch\/de\/#organization"},"inLanguage":"de"},{"@type":"Organization","@id":"https:\/\/shop.bantam.ch\/de\/#organization","name":"Bantam Camping AG","url":"https:\/\/shop.bantam.ch\/de\/","logo":{"@type":"ImageObject","inLanguage":"de","@id":"https:\/\/shop.bantam.ch\/de\/#\/schema\/logo\/image\/","url":"https:\/\/shop.bantam.ch\/wp-content\/uploads\/2022\/12\/bantam-logo.png","contentUrl":"https:\/\/shop.bantam.ch\/wp-content\/uploads\/2022\/12\/bantam-logo.png","width":320,"height":71,"caption":"Bantam Camping AG"},"image":{"@id":"https:\/\/shop.bantam.ch\/de\/#\/schema\/logo\/image\/"}}]}},"_links":{"self":[{"href":"https:\/\/shop.bantam.ch\/de\/wp-json\/wp\/v2\/product\/212998","targetHints":{"allow":["GET"]}}],"collection":[{"href":"https:\/\/shop.bantam.ch\/de\/wp-json\/wp\/v2\/product"}],"about":[{"href":"https:\/\/shop.bantam.ch\/de\/wp-json\/wp\/v2\/types\/product"}],"wp:featuredmedia":[{"embeddable":true,"href":"https:\/\/shop.bantam.ch\/de\/wp-json\/wp\/v2\/media\/212990"}],"wp:attachment":[{"href":"https:\/\/shop.bantam.ch\/de\/wp-json\/wp\/v2\/media?parent=212998"}],"wp:term":[{"taxonomy":"product_featured_cat","embeddable":true,"href":"https:\/\/shop.bantam.ch\/de\/wp-json\/wp\/v2\/product_featured_cat?post=212998"},{"taxonomy":"product_brand","embeddable":true,"href":"https:\/\/shop.bantam.ch\/de\/wp-json\/wp\/v2\/product_brand?post=212998"},{"taxonomy":"product_cat","embeddable":true,"href":"https:\/\/shop.bantam.ch\/de\/wp-json\/wp\/v2\/product_cat?post=212998"},{"taxonomy":"product_tag","embeddable":true,"href":"https:\/\/shop.bantam.ch\/de\/wp-json\/wp\/v2\/product_tag?post=212998"}],"curies":[{"name":"wp","href":"https:\/\/api.w.org\/{rel}","templated":true}]}}