{"id":212970,"date":"2025-03-14T15:18:25","date_gmt":"2025-03-14T14:18:25","guid":{"rendered":"https:\/\/shop.bantam.ch\/produit\/stuhl-cr-al-235-40-deluxe-grau\/"},"modified":"2026-04-27T23:20:42","modified_gmt":"2026-04-27T21:20:42","slug":"stuhl-cr-al-235-40-deluxe-grau","status":"publish","type":"product","link":"https:\/\/shop.bantam.ch\/de\/produkt\/stuhl-cr-al-235-40-deluxe-grau\/","title":{"rendered":"Stuhl CR AL-235\/40 Deluxe, grau"},"content":{"rendered":"<p>Ein einzigartiger und sehr kompakter Stuhl. Der Stuhl ist mit einem gepolsterten 3D-Stoff und Textilene top ausgestattet. Die komfortable Polsterung des Stoffs ist besonders luftdurchl\u00e4ssig und h\u00e4lt, aufgrund der offenen Zellstruktur, keine Feuchtigkeit zur\u00fcck. Dadurch trocknet dieser Stuhl deutlich schneller als St\u00fchle mit herk\u00f6mmlicher Schaumstoffpolsterung. Dieser Stuhl hat einen niedrigeren Sitz und eine k\u00fcrzere R\u00fcckenlehne. Somit ist dieser Stuhl ideal f\u00fcr Menschen mit k\u00fcrzeren Beinen. Er bietet dank der in 7 Stufen verstellbaren R\u00fcckenlehne maximalen Komfort. Sowohl die R\u00fcckenlehne als auch die Armlehnen sind ergonomisch geformt. Der Stuhl ist mit einem eloxierten H-Rahmen ausgestattet, der extra Stabilit\u00e4t und Sicherheit gew\u00e4hrleistet. Durch sein einzigartiges Design und die niedrigere Sitzfl\u00e4che ist dieser Stuhl sehr kompakt und leicht zu transportieren.<\/p>\n<p>Material:<\/p>\n<p>Bezug: 70 % PVC + 30 % PES<\/p>\n<p>Gestell: Aluminium<\/p>\n","protected":false},"excerpt":{"rendered":"<p>Ein einzigartiger und sehr kompakter Stuhl. Der Stuhl ist mit einem gepolsterten 3D-Stoff und Textilene top ausgestattet. Die komfortable Polsterung des Stoffs ist besonders luftdurchl\u00e4ssig und h\u00e4lt, aufgrund der offenen Zellstruktur, keine Feuchtigkeit zur\u00fcck. Dadurch trocknet dieser Stuhl deutlich schneller als St\u00fchle mit herk\u00f6mmlicher Schaumstoffpolsterung. Dieser Stuhl hat einen niedrigeren Sitz und eine k\u00fcrzere R\u00fcckenlehne. [&hellip;]<\/p>\n","protected":false},"featured_media":212968,"template":"","meta":{"_acf_changed":false},"product_featured_cat":[],"product_brand":[],"product_cat":[4972,4478],"product_tag":[],"class_list":{"0":"post-212970","1":"product","2":"type-product","3":"status-publish","4":"has-post-thumbnail","6":"product_cat-campingstuehle","7":"product_cat-stuehle-hocker-liegen","9":"first","10":"instock","11":"taxable","12":"shipping-taxable","13":"purchasable","14":"product-type-simple"},"acf":[],"yoast_head":"<!-- This site is optimized with the Yoast SEO plugin v27.4 - https:\/\/yoast.com\/product\/yoast-seo-wordpress\/ -->\n<title>Stuhl CR AL-235\/40 Deluxe, grau - Bantam<\/title>\n<meta name=\"robots\" content=\"index, follow, max-snippet:-1, max-image-preview:large, max-video-preview:-1\" \/>\n<link rel=\"canonical\" href=\"https:\/\/shop.bantam.ch\/de\/produkt\/stuhl-cr-al-235-40-deluxe-grau\/\" \/>\n<meta property=\"og:locale\" content=\"de_DE\" \/>\n<meta property=\"og:type\" content=\"article\" \/>\n<meta property=\"og:title\" content=\"Stuhl CR AL-235\/40 Deluxe, grau - Bantam\" \/>\n<meta property=\"og:description\" content=\"Ein einzigartiger und sehr kompakter Stuhl. Der Stuhl ist mit einem gepolsterten 3D-Stoff und Textilene top ausgestattet. Die komfortable Polsterung des Stoffs ist besonders luftdurchl\u00e4ssig und h\u00e4lt, aufgrund der offenen Zellstruktur, keine Feuchtigkeit zur\u00fcck. Dadurch trocknet dieser Stuhl deutlich schneller als St\u00fchle mit herk\u00f6mmlicher Schaumstoffpolsterung. Dieser Stuhl hat einen niedrigeren Sitz und eine k\u00fcrzere R\u00fcckenlehne. [&hellip;]\" \/>\n<meta property=\"og:url\" content=\"https:\/\/shop.bantam.ch\/de\/produkt\/stuhl-cr-al-235-40-deluxe-grau\/\" \/>\n<meta property=\"og:site_name\" content=\"Bantam\" \/>\n<meta property=\"article:modified_time\" content=\"2026-04-27T21:20:42+00:00\" \/>\n<meta name=\"twitter:card\" content=\"summary_large_image\" \/>\n<meta name=\"twitter:label1\" content=\"Gesch\u00e4tzte Lesezeit\" \/>\n\t<meta name=\"twitter:data1\" content=\"1\u00a0Minute\" \/>\n<script type=\"application\/ld+json\" class=\"yoast-schema-graph\">{\"@context\":\"https:\\\/\\\/schema.org\",\"@graph\":[{\"@type\":\"WebPage\",\"@id\":\"https:\\\/\\\/shop.bantam.ch\\\/de\\\/produkt\\\/stuhl-cr-al-235-40-deluxe-grau\\\/\",\"url\":\"https:\\\/\\\/shop.bantam.ch\\\/de\\\/produkt\\\/stuhl-cr-al-235-40-deluxe-grau\\\/\",\"name\":\"Stuhl CR AL-235\\\/40 Deluxe, grau - Bantam\",\"isPartOf\":{\"@id\":\"https:\\\/\\\/shop.bantam.ch\\\/de\\\/#website\"},\"primaryImageOfPage\":{\"@id\":\"https:\\\/\\\/shop.bantam.ch\\\/de\\\/produkt\\\/stuhl-cr-al-235-40-deluxe-grau\\\/#primaryimage\"},\"image\":{\"@id\":\"https:\\\/\\\/shop.bantam.ch\\\/de\\\/produkt\\\/stuhl-cr-al-235-40-deluxe-grau\\\/#primaryimage\"},\"thumbnailUrl\":\"https:\\\/\\\/shop.bantam.ch\\\/wp-content\\\/uploads\\\/2025\\\/03\\\/Movera-L-9962414100.jpg\",\"datePublished\":\"2025-03-14T14:18:25+00:00\",\"dateModified\":\"2026-04-27T21:20:42+00:00\",\"breadcrumb\":{\"@id\":\"https:\\\/\\\/shop.bantam.ch\\\/de\\\/produkt\\\/stuhl-cr-al-235-40-deluxe-grau\\\/#breadcrumb\"},\"inLanguage\":\"de\",\"potentialAction\":[{\"@type\":\"ReadAction\",\"target\":[\"https:\\\/\\\/shop.bantam.ch\\\/de\\\/produkt\\\/stuhl-cr-al-235-40-deluxe-grau\\\/\"]}]},{\"@type\":\"ImageObject\",\"inLanguage\":\"de\",\"@id\":\"https:\\\/\\\/shop.bantam.ch\\\/de\\\/produkt\\\/stuhl-cr-al-235-40-deluxe-grau\\\/#primaryimage\",\"url\":\"https:\\\/\\\/shop.bantam.ch\\\/wp-content\\\/uploads\\\/2025\\\/03\\\/Movera-L-9962414100.jpg\",\"contentUrl\":\"https:\\\/\\\/shop.bantam.ch\\\/wp-content\\\/uploads\\\/2025\\\/03\\\/Movera-L-9962414100.jpg\",\"width\":640,\"height\":960},{\"@type\":\"BreadcrumbList\",\"@id\":\"https:\\\/\\\/shop.bantam.ch\\\/de\\\/produkt\\\/stuhl-cr-al-235-40-deluxe-grau\\\/#breadcrumb\",\"itemListElement\":[{\"@type\":\"ListItem\",\"position\":1,\"name\":\"Accueil\",\"item\":\"https:\\\/\\\/shop.bantam.ch\\\/de\\\/\"},{\"@type\":\"ListItem\",\"position\":2,\"name\":\"Shop\",\"item\":\"https:\\\/\\\/shop.bantam.ch\\\/de\\\/shop\\\/\"},{\"@type\":\"ListItem\",\"position\":3,\"name\":\"Stuhl CR AL-235\\\/40 Deluxe, grau\"}]},{\"@type\":\"WebSite\",\"@id\":\"https:\\\/\\\/shop.bantam.ch\\\/de\\\/#website\",\"url\":\"https:\\\/\\\/shop.bantam.ch\\\/de\\\/\",\"name\":\"Bantam\",\"description\":\"\",\"publisher\":{\"@id\":\"https:\\\/\\\/shop.bantam.ch\\\/de\\\/#organization\"},\"inLanguage\":\"de\"},{\"@type\":\"Organization\",\"@id\":\"https:\\\/\\\/shop.bantam.ch\\\/de\\\/#organization\",\"name\":\"Bantam\",\"url\":\"https:\\\/\\\/shop.bantam.ch\\\/de\\\/\",\"logo\":{\"@type\":\"ImageObject\",\"inLanguage\":\"de\",\"@id\":\"https:\\\/\\\/shop.bantam.ch\\\/de\\\/#\\\/schema\\\/logo\\\/image\\\/\",\"url\":\"https:\\\/\\\/shop.bantam.ch\\\/wp-content\\\/uploads\\\/2022\\\/12\\\/bantam-logo.png\",\"contentUrl\":\"https:\\\/\\\/shop.bantam.ch\\\/wp-content\\\/uploads\\\/2022\\\/12\\\/bantam-logo.png\",\"width\":320,\"height\":71,\"caption\":\"Bantam\"},\"image\":{\"@id\":\"https:\\\/\\\/shop.bantam.ch\\\/de\\\/#\\\/schema\\\/logo\\\/image\\\/\"}}]}<\/script>\n<!-- \/ Yoast SEO plugin. -->","yoast_head_json":{"title":"Stuhl CR AL-235\/40 Deluxe, grau - Bantam","robots":{"index":"index","follow":"follow","max-snippet":"max-snippet:-1","max-image-preview":"max-image-preview:large","max-video-preview":"max-video-preview:-1"},"canonical":"https:\/\/shop.bantam.ch\/de\/produkt\/stuhl-cr-al-235-40-deluxe-grau\/","og_locale":"de_DE","og_type":"article","og_title":"Stuhl CR AL-235\/40 Deluxe, grau - Bantam","og_description":"Ein einzigartiger und sehr kompakter Stuhl. Der Stuhl ist mit einem gepolsterten 3D-Stoff und Textilene top ausgestattet. Die komfortable Polsterung des Stoffs ist besonders luftdurchl\u00e4ssig und h\u00e4lt, aufgrund der offenen Zellstruktur, keine Feuchtigkeit zur\u00fcck. Dadurch trocknet dieser Stuhl deutlich schneller als St\u00fchle mit herk\u00f6mmlicher Schaumstoffpolsterung. Dieser Stuhl hat einen niedrigeren Sitz und eine k\u00fcrzere R\u00fcckenlehne. [&hellip;]","og_url":"https:\/\/shop.bantam.ch\/de\/produkt\/stuhl-cr-al-235-40-deluxe-grau\/","og_site_name":"Bantam","article_modified_time":"2026-04-27T21:20:42+00:00","twitter_card":"summary_large_image","twitter_misc":{"Gesch\u00e4tzte Lesezeit":"1\u00a0Minute"},"schema":{"@context":"https:\/\/schema.org","@graph":[{"@type":"WebPage","@id":"https:\/\/shop.bantam.ch\/de\/produkt\/stuhl-cr-al-235-40-deluxe-grau\/","url":"https:\/\/shop.bantam.ch\/de\/produkt\/stuhl-cr-al-235-40-deluxe-grau\/","name":"Stuhl CR AL-235\/40 Deluxe, grau - Bantam","isPartOf":{"@id":"https:\/\/shop.bantam.ch\/de\/#website"},"primaryImageOfPage":{"@id":"https:\/\/shop.bantam.ch\/de\/produkt\/stuhl-cr-al-235-40-deluxe-grau\/#primaryimage"},"image":{"@id":"https:\/\/shop.bantam.ch\/de\/produkt\/stuhl-cr-al-235-40-deluxe-grau\/#primaryimage"},"thumbnailUrl":"https:\/\/shop.bantam.ch\/wp-content\/uploads\/2025\/03\/Movera-L-9962414100.jpg","datePublished":"2025-03-14T14:18:25+00:00","dateModified":"2026-04-27T21:20:42+00:00","breadcrumb":{"@id":"https:\/\/shop.bantam.ch\/de\/produkt\/stuhl-cr-al-235-40-deluxe-grau\/#breadcrumb"},"inLanguage":"de","potentialAction":[{"@type":"ReadAction","target":["https:\/\/shop.bantam.ch\/de\/produkt\/stuhl-cr-al-235-40-deluxe-grau\/"]}]},{"@type":"ImageObject","inLanguage":"de","@id":"https:\/\/shop.bantam.ch\/de\/produkt\/stuhl-cr-al-235-40-deluxe-grau\/#primaryimage","url":"https:\/\/shop.bantam.ch\/wp-content\/uploads\/2025\/03\/Movera-L-9962414100.jpg","contentUrl":"https:\/\/shop.bantam.ch\/wp-content\/uploads\/2025\/03\/Movera-L-9962414100.jpg","width":640,"height":960},{"@type":"BreadcrumbList","@id":"https:\/\/shop.bantam.ch\/de\/produkt\/stuhl-cr-al-235-40-deluxe-grau\/#breadcrumb","itemListElement":[{"@type":"ListItem","position":1,"name":"Accueil","item":"https:\/\/shop.bantam.ch\/de\/"},{"@type":"ListItem","position":2,"name":"Shop","item":"https:\/\/shop.bantam.ch\/de\/shop\/"},{"@type":"ListItem","position":3,"name":"Stuhl CR AL-235\/40 Deluxe, grau"}]},{"@type":"WebSite","@id":"https:\/\/shop.bantam.ch\/de\/#website","url":"https:\/\/shop.bantam.ch\/de\/","name":"Bantam","description":"","publisher":{"@id":"https:\/\/shop.bantam.ch\/de\/#organization"},"inLanguage":"de"},{"@type":"Organization","@id":"https:\/\/shop.bantam.ch\/de\/#organization","name":"Bantam","url":"https:\/\/shop.bantam.ch\/de\/","logo":{"@type":"ImageObject","inLanguage":"de","@id":"https:\/\/shop.bantam.ch\/de\/#\/schema\/logo\/image\/","url":"https:\/\/shop.bantam.ch\/wp-content\/uploads\/2022\/12\/bantam-logo.png","contentUrl":"https:\/\/shop.bantam.ch\/wp-content\/uploads\/2022\/12\/bantam-logo.png","width":320,"height":71,"caption":"Bantam"},"image":{"@id":"https:\/\/shop.bantam.ch\/de\/#\/schema\/logo\/image\/"}}]}},"_links":{"self":[{"href":"https:\/\/shop.bantam.ch\/de\/wp-json\/wp\/v2\/product\/212970","targetHints":{"allow":["GET"]}}],"collection":[{"href":"https:\/\/shop.bantam.ch\/de\/wp-json\/wp\/v2\/product"}],"about":[{"href":"https:\/\/shop.bantam.ch\/de\/wp-json\/wp\/v2\/types\/product"}],"wp:featuredmedia":[{"embeddable":true,"href":"https:\/\/shop.bantam.ch\/de\/wp-json\/wp\/v2\/media\/212968"}],"wp:attachment":[{"href":"https:\/\/shop.bantam.ch\/de\/wp-json\/wp\/v2\/media?parent=212970"}],"wp:term":[{"taxonomy":"product_featured_cat","embeddable":true,"href":"https:\/\/shop.bantam.ch\/de\/wp-json\/wp\/v2\/product_featured_cat?post=212970"},{"taxonomy":"product_brand","embeddable":true,"href":"https:\/\/shop.bantam.ch\/de\/wp-json\/wp\/v2\/product_brand?post=212970"},{"taxonomy":"product_cat","embeddable":true,"href":"https:\/\/shop.bantam.ch\/de\/wp-json\/wp\/v2\/product_cat?post=212970"},{"taxonomy":"product_tag","embeddable":true,"href":"https:\/\/shop.bantam.ch\/de\/wp-json\/wp\/v2\/product_tag?post=212970"}],"curies":[{"name":"wp","href":"https:\/\/api.w.org\/{rel}","templated":true}]}}