{"id":212952,"date":"2025-03-14T15:17:58","date_gmt":"2025-03-14T14:17:58","guid":{"rendered":"https:\/\/shop.bantam.ch\/produit\/sonnenschirm-avellino-180-x-130-cm\/"},"modified":"2026-04-18T01:49:02","modified_gmt":"2026-04-17T23:49:02","slug":"sonnenschirm-avellino-180-x-130-cm","status":"publish","type":"product","link":"https:\/\/shop.bantam.ch\/de\/produkt\/sonnenschirm-avellino-180-x-130-cm\/","title":{"rendered":"Sonnenschirm Avellino, 180 x 130 cm"},"content":{"rendered":"<p>Entdecken Sie mit unserem Avellino-Balkonschirm ein vielseitiges Multitalent, das nicht nur Ihren Balkon versch\u00f6nert, sondern sich auch hervorragend f\u00fcr Ihren Garten oder Ihre Terrasse eignet. Das anthrazitgrau pulverbeschichtete Gestell ist nicht nur optisch ansprechend, sondern bietet auch eine Reihe von Funktionen, die Ihre Sommertage noch angenehmer gestalten. Dank H\u00f6henverstellbarkeit und seitlicher Verschiebbarkeit passt sich der Schirm flexibel an Ihre Bed\u00fcrfnisse an. Die Blende l\u00e4sst sich au\u00dferdem in alle Richtungen drehen und schwenken, um den perfekten Schatten zu bieten. Der Avellino ist die flexible L\u00f6sung, um die Leichtigkeit des Sommers zu genie\u00dfen.<br \/>\nBalkonschirm AVELLINO mit einer Gr\u00f6\u00dfe von 180 x 130 cm, verrottungsfest, wasserabsto\u00dfend impr\u00e4gniert &#8211; ca. 160 g\/m\u00b2, abnehmbar f\u00fcr Handw\u00e4sche.<br \/>\nAnthrazitgrau pulverbeschichtetes Stahl-Gestell, Stock 2-teilig mit 22\/25 mm \u00d8 (Ober-\/Unterstock), in alle Richtungen dreh- und schwenkbar, bis zu 56 cm seitlich verschiebbar und bis zu 81 cm in der H\u00f6he verstellbar. Inkl. Tasche aus Polyester.<\/p>\n<p>Material:&nbsp;<\/p>\n<p>Bespannung: 100 % Polyester<\/p>\n<p>Gestell: Stahl<\/p>\n<p>&nbsp;<\/p>\n","protected":false},"excerpt":{"rendered":"<p>Entdecken Sie mit unserem Avellino-Balkonschirm ein vielseitiges Multitalent, das nicht nur Ihren Balkon versch\u00f6nert, sondern sich auch hervorragend f\u00fcr Ihren Garten oder Ihre Terrasse eignet. Das anthrazitgrau pulverbeschichtete Gestell ist nicht nur optisch ansprechend, sondern bietet auch eine Reihe von Funktionen, die Ihre Sommertage noch angenehmer gestalten. Dank H\u00f6henverstellbarkeit und seitlicher Verschiebbarkeit passt sich der [&hellip;]<\/p>\n","protected":false},"featured_media":212936,"template":"","meta":{"_acf_changed":false},"product_featured_cat":[],"product_brand":[],"product_cat":[4464],"product_tag":[],"class_list":{"0":"post-212952","1":"product","2":"type-product","3":"status-publish","4":"has-post-thumbnail","6":"product_cat-sonnenschirme","8":"first","9":"instock","10":"taxable","11":"shipping-taxable","12":"purchasable","13":"product-type-variable"},"acf":[],"yoast_head":"<!-- This site is optimized with the Yoast SEO plugin v27.4 - https:\/\/yoast.com\/product\/yoast-seo-wordpress\/ -->\n<title>Sonnenschirm Avellino, 180 x 130 cm - Bantam Camping AG<\/title>\n<meta name=\"robots\" content=\"index, follow, max-snippet:-1, max-image-preview:large, max-video-preview:-1\" \/>\n<link rel=\"canonical\" href=\"https:\/\/shop.bantam.ch\/de\/produkt\/sonnenschirm-avellino-180-x-130-cm\/\" \/>\n<meta property=\"og:locale\" content=\"de_DE\" \/>\n<meta property=\"og:type\" content=\"article\" \/>\n<meta property=\"og:title\" content=\"Sonnenschirm Avellino, 180 x 130 cm - Bantam Camping AG\" \/>\n<meta property=\"og:description\" content=\"Entdecken Sie mit unserem Avellino-Balkonschirm ein vielseitiges Multitalent, das nicht nur Ihren Balkon versch\u00f6nert, sondern sich auch hervorragend f\u00fcr Ihren Garten oder Ihre Terrasse eignet. Das anthrazitgrau pulverbeschichtete Gestell ist nicht nur optisch ansprechend, sondern bietet auch eine Reihe von Funktionen, die Ihre Sommertage noch angenehmer gestalten. Dank H\u00f6henverstellbarkeit und seitlicher Verschiebbarkeit passt sich der [&hellip;]\" \/>\n<meta property=\"og:url\" content=\"https:\/\/shop.bantam.ch\/de\/produkt\/sonnenschirm-avellino-180-x-130-cm\/\" \/>\n<meta property=\"og:site_name\" content=\"Bantam Camping AG\" \/>\n<meta property=\"article:modified_time\" content=\"2026-04-17T23:49:02+00:00\" \/>\n<meta name=\"twitter:card\" content=\"summary_large_image\" \/>\n<meta name=\"twitter:label1\" content=\"Gesch\u00e4tzte Lesezeit\" \/>\n\t<meta name=\"twitter:data1\" content=\"1\u00a0Minute\" \/>\n<script type=\"application\/ld+json\" class=\"yoast-schema-graph\">{\"@context\":\"https:\\\/\\\/schema.org\",\"@graph\":[{\"@type\":\"WebPage\",\"@id\":\"https:\\\/\\\/shop.bantam.ch\\\/de\\\/produkt\\\/sonnenschirm-avellino-180-x-130-cm\\\/\",\"url\":\"https:\\\/\\\/shop.bantam.ch\\\/de\\\/produkt\\\/sonnenschirm-avellino-180-x-130-cm\\\/\",\"name\":\"Sonnenschirm Avellino, 180 x 130 cm - Bantam Camping AG\",\"isPartOf\":{\"@id\":\"https:\\\/\\\/shop.bantam.ch\\\/de\\\/#website\"},\"primaryImageOfPage\":{\"@id\":\"https:\\\/\\\/shop.bantam.ch\\\/de\\\/produkt\\\/sonnenschirm-avellino-180-x-130-cm\\\/#primaryimage\"},\"image\":{\"@id\":\"https:\\\/\\\/shop.bantam.ch\\\/de\\\/produkt\\\/sonnenschirm-avellino-180-x-130-cm\\\/#primaryimage\"},\"thumbnailUrl\":\"https:\\\/\\\/shop.bantam.ch\\\/wp-content\\\/uploads\\\/2025\\\/03\\\/Movera-L-9962408100.jpg\",\"datePublished\":\"2025-03-14T14:17:58+00:00\",\"dateModified\":\"2026-04-17T23:49:02+00:00\",\"breadcrumb\":{\"@id\":\"https:\\\/\\\/shop.bantam.ch\\\/de\\\/produkt\\\/sonnenschirm-avellino-180-x-130-cm\\\/#breadcrumb\"},\"inLanguage\":\"de\",\"potentialAction\":[{\"@type\":\"ReadAction\",\"target\":[\"https:\\\/\\\/shop.bantam.ch\\\/de\\\/produkt\\\/sonnenschirm-avellino-180-x-130-cm\\\/\"]}]},{\"@type\":\"ImageObject\",\"inLanguage\":\"de\",\"@id\":\"https:\\\/\\\/shop.bantam.ch\\\/de\\\/produkt\\\/sonnenschirm-avellino-180-x-130-cm\\\/#primaryimage\",\"url\":\"https:\\\/\\\/shop.bantam.ch\\\/wp-content\\\/uploads\\\/2025\\\/03\\\/Movera-L-9962408100.jpg\",\"contentUrl\":\"https:\\\/\\\/shop.bantam.ch\\\/wp-content\\\/uploads\\\/2025\\\/03\\\/Movera-L-9962408100.jpg\",\"width\":640,\"height\":552},{\"@type\":\"BreadcrumbList\",\"@id\":\"https:\\\/\\\/shop.bantam.ch\\\/de\\\/produkt\\\/sonnenschirm-avellino-180-x-130-cm\\\/#breadcrumb\",\"itemListElement\":[{\"@type\":\"ListItem\",\"position\":1,\"name\":\"Accueil\",\"item\":\"https:\\\/\\\/shop.bantam.ch\\\/de\\\/\"},{\"@type\":\"ListItem\",\"position\":2,\"name\":\"Shop\",\"item\":\"https:\\\/\\\/shop.bantam.ch\\\/de\\\/shop\\\/\"},{\"@type\":\"ListItem\",\"position\":3,\"name\":\"Sonnenschirm Avellino, 180 x 130 cm\"}]},{\"@type\":\"WebSite\",\"@id\":\"https:\\\/\\\/shop.bantam.ch\\\/de\\\/#website\",\"url\":\"https:\\\/\\\/shop.bantam.ch\\\/de\\\/\",\"name\":\"Bantam Camping AG\",\"description\":\"\",\"publisher\":{\"@id\":\"https:\\\/\\\/shop.bantam.ch\\\/de\\\/#organization\"},\"inLanguage\":\"de\"},{\"@type\":\"Organization\",\"@id\":\"https:\\\/\\\/shop.bantam.ch\\\/de\\\/#organization\",\"name\":\"Bantam Camping AG\",\"url\":\"https:\\\/\\\/shop.bantam.ch\\\/de\\\/\",\"logo\":{\"@type\":\"ImageObject\",\"inLanguage\":\"de\",\"@id\":\"https:\\\/\\\/shop.bantam.ch\\\/de\\\/#\\\/schema\\\/logo\\\/image\\\/\",\"url\":\"https:\\\/\\\/shop.bantam.ch\\\/wp-content\\\/uploads\\\/2022\\\/12\\\/bantam-logo.png\",\"contentUrl\":\"https:\\\/\\\/shop.bantam.ch\\\/wp-content\\\/uploads\\\/2022\\\/12\\\/bantam-logo.png\",\"width\":320,\"height\":71,\"caption\":\"Bantam Camping AG\"},\"image\":{\"@id\":\"https:\\\/\\\/shop.bantam.ch\\\/de\\\/#\\\/schema\\\/logo\\\/image\\\/\"}}]}<\/script>\n<!-- \/ Yoast SEO plugin. -->","yoast_head_json":{"title":"Sonnenschirm Avellino, 180 x 130 cm - Bantam Camping AG","robots":{"index":"index","follow":"follow","max-snippet":"max-snippet:-1","max-image-preview":"max-image-preview:large","max-video-preview":"max-video-preview:-1"},"canonical":"https:\/\/shop.bantam.ch\/de\/produkt\/sonnenschirm-avellino-180-x-130-cm\/","og_locale":"de_DE","og_type":"article","og_title":"Sonnenschirm Avellino, 180 x 130 cm - Bantam Camping AG","og_description":"Entdecken Sie mit unserem Avellino-Balkonschirm ein vielseitiges Multitalent, das nicht nur Ihren Balkon versch\u00f6nert, sondern sich auch hervorragend f\u00fcr Ihren Garten oder Ihre Terrasse eignet. Das anthrazitgrau pulverbeschichtete Gestell ist nicht nur optisch ansprechend, sondern bietet auch eine Reihe von Funktionen, die Ihre Sommertage noch angenehmer gestalten. Dank H\u00f6henverstellbarkeit und seitlicher Verschiebbarkeit passt sich der [&hellip;]","og_url":"https:\/\/shop.bantam.ch\/de\/produkt\/sonnenschirm-avellino-180-x-130-cm\/","og_site_name":"Bantam Camping AG","article_modified_time":"2026-04-17T23:49:02+00:00","twitter_card":"summary_large_image","twitter_misc":{"Gesch\u00e4tzte Lesezeit":"1\u00a0Minute"},"schema":{"@context":"https:\/\/schema.org","@graph":[{"@type":"WebPage","@id":"https:\/\/shop.bantam.ch\/de\/produkt\/sonnenschirm-avellino-180-x-130-cm\/","url":"https:\/\/shop.bantam.ch\/de\/produkt\/sonnenschirm-avellino-180-x-130-cm\/","name":"Sonnenschirm Avellino, 180 x 130 cm - Bantam Camping AG","isPartOf":{"@id":"https:\/\/shop.bantam.ch\/de\/#website"},"primaryImageOfPage":{"@id":"https:\/\/shop.bantam.ch\/de\/produkt\/sonnenschirm-avellino-180-x-130-cm\/#primaryimage"},"image":{"@id":"https:\/\/shop.bantam.ch\/de\/produkt\/sonnenschirm-avellino-180-x-130-cm\/#primaryimage"},"thumbnailUrl":"https:\/\/shop.bantam.ch\/wp-content\/uploads\/2025\/03\/Movera-L-9962408100.jpg","datePublished":"2025-03-14T14:17:58+00:00","dateModified":"2026-04-17T23:49:02+00:00","breadcrumb":{"@id":"https:\/\/shop.bantam.ch\/de\/produkt\/sonnenschirm-avellino-180-x-130-cm\/#breadcrumb"},"inLanguage":"de","potentialAction":[{"@type":"ReadAction","target":["https:\/\/shop.bantam.ch\/de\/produkt\/sonnenschirm-avellino-180-x-130-cm\/"]}]},{"@type":"ImageObject","inLanguage":"de","@id":"https:\/\/shop.bantam.ch\/de\/produkt\/sonnenschirm-avellino-180-x-130-cm\/#primaryimage","url":"https:\/\/shop.bantam.ch\/wp-content\/uploads\/2025\/03\/Movera-L-9962408100.jpg","contentUrl":"https:\/\/shop.bantam.ch\/wp-content\/uploads\/2025\/03\/Movera-L-9962408100.jpg","width":640,"height":552},{"@type":"BreadcrumbList","@id":"https:\/\/shop.bantam.ch\/de\/produkt\/sonnenschirm-avellino-180-x-130-cm\/#breadcrumb","itemListElement":[{"@type":"ListItem","position":1,"name":"Accueil","item":"https:\/\/shop.bantam.ch\/de\/"},{"@type":"ListItem","position":2,"name":"Shop","item":"https:\/\/shop.bantam.ch\/de\/shop\/"},{"@type":"ListItem","position":3,"name":"Sonnenschirm Avellino, 180 x 130 cm"}]},{"@type":"WebSite","@id":"https:\/\/shop.bantam.ch\/de\/#website","url":"https:\/\/shop.bantam.ch\/de\/","name":"Bantam Camping AG","description":"","publisher":{"@id":"https:\/\/shop.bantam.ch\/de\/#organization"},"inLanguage":"de"},{"@type":"Organization","@id":"https:\/\/shop.bantam.ch\/de\/#organization","name":"Bantam Camping AG","url":"https:\/\/shop.bantam.ch\/de\/","logo":{"@type":"ImageObject","inLanguage":"de","@id":"https:\/\/shop.bantam.ch\/de\/#\/schema\/logo\/image\/","url":"https:\/\/shop.bantam.ch\/wp-content\/uploads\/2022\/12\/bantam-logo.png","contentUrl":"https:\/\/shop.bantam.ch\/wp-content\/uploads\/2022\/12\/bantam-logo.png","width":320,"height":71,"caption":"Bantam Camping AG"},"image":{"@id":"https:\/\/shop.bantam.ch\/de\/#\/schema\/logo\/image\/"}}]}},"_links":{"self":[{"href":"https:\/\/shop.bantam.ch\/de\/wp-json\/wp\/v2\/product\/212952","targetHints":{"allow":["GET"]}}],"collection":[{"href":"https:\/\/shop.bantam.ch\/de\/wp-json\/wp\/v2\/product"}],"about":[{"href":"https:\/\/shop.bantam.ch\/de\/wp-json\/wp\/v2\/types\/product"}],"wp:featuredmedia":[{"embeddable":true,"href":"https:\/\/shop.bantam.ch\/de\/wp-json\/wp\/v2\/media\/212936"}],"wp:attachment":[{"href":"https:\/\/shop.bantam.ch\/de\/wp-json\/wp\/v2\/media?parent=212952"}],"wp:term":[{"taxonomy":"product_featured_cat","embeddable":true,"href":"https:\/\/shop.bantam.ch\/de\/wp-json\/wp\/v2\/product_featured_cat?post=212952"},{"taxonomy":"product_brand","embeddable":true,"href":"https:\/\/shop.bantam.ch\/de\/wp-json\/wp\/v2\/product_brand?post=212952"},{"taxonomy":"product_cat","embeddable":true,"href":"https:\/\/shop.bantam.ch\/de\/wp-json\/wp\/v2\/product_cat?post=212952"},{"taxonomy":"product_tag","embeddable":true,"href":"https:\/\/shop.bantam.ch\/de\/wp-json\/wp\/v2\/product_tag?post=212952"}],"curies":[{"name":"wp","href":"https:\/\/api.w.org\/{rel}","templated":true}]}}