{"id":212478,"date":"2025-03-14T15:06:39","date_gmt":"2025-03-14T14:06:39","guid":{"rendered":"https:\/\/shop.bantam.ch\/produit\/sinus-wechselrichter-dpsi-its\/"},"modified":"2026-04-19T01:49:15","modified_gmt":"2026-04-18T23:49:15","slug":"sinus-wechselrichter-dpsi-its","status":"publish","type":"product","link":"https:\/\/shop.bantam.ch\/de\/produkt\/sinus-wechselrichter-dpsi-its\/","title":{"rendered":"Sinus Wechselrichter DPSI iTS"},"content":{"rendered":"<ul>\n<li>Reine Sinus-Ausgangsspannung sch\u00fctzt Ihre wertvollen Ger\u00e4te<\/li>\n<li>Intelligenter Umschalter f\u00fcr reibungsloses Umschalten zwischen Wechselrichter- und Netzbetrieb<\/li>\n<li>Spart Energie, wenn der Wechselrichter nicht in Betrieb ist<\/li>\n<li>Ben\u00f6tigt weniger Platz im Fahrzeug als andere auf dem Markt erh\u00e4ltliche Wechselrichter<\/li>\n<li>Der Wechselrichter kann \u00fcber ein Wanddisplay, eine App oder per Fernbedienung gesteuert werden<\/li>\n<li>Kompatibel mit N-BUS und CI-BUS f\u00fcr bequeme Installation und Benutzerfreundlichkeit<\/li>\n<li>Genaue Verbrauchskontrolle in Echtzeit mit dem Dometic TD283-Display oder der Dometic Power App<\/li>\n<li>Flaches Geh\u00e4use mit integrierter Montagehalterung<\/li>\n<li>Komfort-Sinuswechselrichter mit intelligenter Transferschaltung.<\/li>\n<\/ul>\n","protected":false},"excerpt":{"rendered":"<p>Reine Sinus-Ausgangsspannung sch\u00fctzt Ihre wertvollen Ger\u00e4te Intelligenter Umschalter f\u00fcr reibungsloses Umschalten zwischen Wechselrichter- und Netzbetrieb Spart Energie, wenn der Wechselrichter nicht in Betrieb ist Ben\u00f6tigt weniger Platz im Fahrzeug als andere auf dem Markt erh\u00e4ltliche Wechselrichter Der Wechselrichter kann \u00fcber ein Wanddisplay, eine App oder per Fernbedienung gesteuert werden Kompatibel mit N-BUS und CI-BUS f\u00fcr [&hellip;]<\/p>\n","protected":false},"featured_media":212474,"template":"","meta":{"_acf_changed":false},"product_featured_cat":[],"product_brand":[],"product_cat":[4170],"product_tag":[],"class_list":{"0":"post-212478","1":"product","2":"type-product","3":"status-publish","4":"has-post-thumbnail","6":"product_cat-wechselrichter","8":"first","9":"instock","10":"taxable","11":"shipping-taxable","12":"purchasable","13":"product-type-variable"},"acf":[],"yoast_head":"<!-- This site is optimized with the Yoast SEO plugin v27.4 - https:\/\/yoast.com\/product\/yoast-seo-wordpress\/ -->\n<title>Sinus Wechselrichter DPSI iTS - Bantam Camping AG<\/title>\n<meta name=\"robots\" content=\"index, follow, max-snippet:-1, max-image-preview:large, max-video-preview:-1\" \/>\n<link rel=\"canonical\" href=\"https:\/\/shop.bantam.ch\/de\/produkt\/sinus-wechselrichter-dpsi-its\/\" \/>\n<meta property=\"og:locale\" content=\"de_DE\" \/>\n<meta property=\"og:type\" content=\"article\" \/>\n<meta property=\"og:title\" content=\"Sinus Wechselrichter DPSI iTS - Bantam Camping AG\" \/>\n<meta property=\"og:description\" content=\"Reine Sinus-Ausgangsspannung sch\u00fctzt Ihre wertvollen Ger\u00e4te Intelligenter Umschalter f\u00fcr reibungsloses Umschalten zwischen Wechselrichter- und Netzbetrieb Spart Energie, wenn der Wechselrichter nicht in Betrieb ist Ben\u00f6tigt weniger Platz im Fahrzeug als andere auf dem Markt erh\u00e4ltliche Wechselrichter Der Wechselrichter kann \u00fcber ein Wanddisplay, eine App oder per Fernbedienung gesteuert werden Kompatibel mit N-BUS und CI-BUS f\u00fcr [&hellip;]\" \/>\n<meta property=\"og:url\" content=\"https:\/\/shop.bantam.ch\/de\/produkt\/sinus-wechselrichter-dpsi-its\/\" \/>\n<meta property=\"og:site_name\" content=\"Bantam Camping AG\" \/>\n<meta property=\"article:modified_time\" content=\"2026-04-18T23:49:15+00:00\" \/>\n<meta name=\"twitter:card\" content=\"summary_large_image\" \/>\n<script type=\"application\/ld+json\" class=\"yoast-schema-graph\">{\"@context\":\"https:\\\/\\\/schema.org\",\"@graph\":[{\"@type\":\"WebPage\",\"@id\":\"https:\\\/\\\/shop.bantam.ch\\\/de\\\/produkt\\\/sinus-wechselrichter-dpsi-its\\\/\",\"url\":\"https:\\\/\\\/shop.bantam.ch\\\/de\\\/produkt\\\/sinus-wechselrichter-dpsi-its\\\/\",\"name\":\"Sinus Wechselrichter DPSI iTS - Bantam Camping AG\",\"isPartOf\":{\"@id\":\"https:\\\/\\\/shop.bantam.ch\\\/de\\\/#website\"},\"primaryImageOfPage\":{\"@id\":\"https:\\\/\\\/shop.bantam.ch\\\/de\\\/produkt\\\/sinus-wechselrichter-dpsi-its\\\/#primaryimage\"},\"image\":{\"@id\":\"https:\\\/\\\/shop.bantam.ch\\\/de\\\/produkt\\\/sinus-wechselrichter-dpsi-its\\\/#primaryimage\"},\"thumbnailUrl\":\"https:\\\/\\\/shop.bantam.ch\\\/wp-content\\\/uploads\\\/2025\\\/03\\\/Movera-L-9958581100.jpg\",\"datePublished\":\"2025-03-14T14:06:39+00:00\",\"dateModified\":\"2026-04-18T23:49:15+00:00\",\"breadcrumb\":{\"@id\":\"https:\\\/\\\/shop.bantam.ch\\\/de\\\/produkt\\\/sinus-wechselrichter-dpsi-its\\\/#breadcrumb\"},\"inLanguage\":\"de\",\"potentialAction\":[{\"@type\":\"ReadAction\",\"target\":[\"https:\\\/\\\/shop.bantam.ch\\\/de\\\/produkt\\\/sinus-wechselrichter-dpsi-its\\\/\"]}]},{\"@type\":\"ImageObject\",\"inLanguage\":\"de\",\"@id\":\"https:\\\/\\\/shop.bantam.ch\\\/de\\\/produkt\\\/sinus-wechselrichter-dpsi-its\\\/#primaryimage\",\"url\":\"https:\\\/\\\/shop.bantam.ch\\\/wp-content\\\/uploads\\\/2025\\\/03\\\/Movera-L-9958581100.jpg\",\"contentUrl\":\"https:\\\/\\\/shop.bantam.ch\\\/wp-content\\\/uploads\\\/2025\\\/03\\\/Movera-L-9958581100.jpg\",\"width\":640,\"height\":640},{\"@type\":\"BreadcrumbList\",\"@id\":\"https:\\\/\\\/shop.bantam.ch\\\/de\\\/produkt\\\/sinus-wechselrichter-dpsi-its\\\/#breadcrumb\",\"itemListElement\":[{\"@type\":\"ListItem\",\"position\":1,\"name\":\"Accueil\",\"item\":\"https:\\\/\\\/shop.bantam.ch\\\/de\\\/\"},{\"@type\":\"ListItem\",\"position\":2,\"name\":\"Shop\",\"item\":\"https:\\\/\\\/shop.bantam.ch\\\/de\\\/shop\\\/\"},{\"@type\":\"ListItem\",\"position\":3,\"name\":\"Sinus Wechselrichter DPSI iTS\"}]},{\"@type\":\"WebSite\",\"@id\":\"https:\\\/\\\/shop.bantam.ch\\\/de\\\/#website\",\"url\":\"https:\\\/\\\/shop.bantam.ch\\\/de\\\/\",\"name\":\"Bantam Camping AG\",\"description\":\"\",\"publisher\":{\"@id\":\"https:\\\/\\\/shop.bantam.ch\\\/de\\\/#organization\"},\"inLanguage\":\"de\"},{\"@type\":\"Organization\",\"@id\":\"https:\\\/\\\/shop.bantam.ch\\\/de\\\/#organization\",\"name\":\"Bantam Camping AG\",\"url\":\"https:\\\/\\\/shop.bantam.ch\\\/de\\\/\",\"logo\":{\"@type\":\"ImageObject\",\"inLanguage\":\"de\",\"@id\":\"https:\\\/\\\/shop.bantam.ch\\\/de\\\/#\\\/schema\\\/logo\\\/image\\\/\",\"url\":\"https:\\\/\\\/shop.bantam.ch\\\/wp-content\\\/uploads\\\/2022\\\/12\\\/bantam-logo.png\",\"contentUrl\":\"https:\\\/\\\/shop.bantam.ch\\\/wp-content\\\/uploads\\\/2022\\\/12\\\/bantam-logo.png\",\"width\":320,\"height\":71,\"caption\":\"Bantam Camping AG\"},\"image\":{\"@id\":\"https:\\\/\\\/shop.bantam.ch\\\/de\\\/#\\\/schema\\\/logo\\\/image\\\/\"}}]}<\/script>\n<!-- \/ Yoast SEO plugin. -->","yoast_head_json":{"title":"Sinus Wechselrichter DPSI iTS - Bantam Camping AG","robots":{"index":"index","follow":"follow","max-snippet":"max-snippet:-1","max-image-preview":"max-image-preview:large","max-video-preview":"max-video-preview:-1"},"canonical":"https:\/\/shop.bantam.ch\/de\/produkt\/sinus-wechselrichter-dpsi-its\/","og_locale":"de_DE","og_type":"article","og_title":"Sinus Wechselrichter DPSI iTS - Bantam Camping AG","og_description":"Reine Sinus-Ausgangsspannung sch\u00fctzt Ihre wertvollen Ger\u00e4te Intelligenter Umschalter f\u00fcr reibungsloses Umschalten zwischen Wechselrichter- und Netzbetrieb Spart Energie, wenn der Wechselrichter nicht in Betrieb ist Ben\u00f6tigt weniger Platz im Fahrzeug als andere auf dem Markt erh\u00e4ltliche Wechselrichter Der Wechselrichter kann \u00fcber ein Wanddisplay, eine App oder per Fernbedienung gesteuert werden Kompatibel mit N-BUS und CI-BUS f\u00fcr [&hellip;]","og_url":"https:\/\/shop.bantam.ch\/de\/produkt\/sinus-wechselrichter-dpsi-its\/","og_site_name":"Bantam Camping AG","article_modified_time":"2026-04-18T23:49:15+00:00","twitter_card":"summary_large_image","schema":{"@context":"https:\/\/schema.org","@graph":[{"@type":"WebPage","@id":"https:\/\/shop.bantam.ch\/de\/produkt\/sinus-wechselrichter-dpsi-its\/","url":"https:\/\/shop.bantam.ch\/de\/produkt\/sinus-wechselrichter-dpsi-its\/","name":"Sinus Wechselrichter DPSI iTS - Bantam Camping AG","isPartOf":{"@id":"https:\/\/shop.bantam.ch\/de\/#website"},"primaryImageOfPage":{"@id":"https:\/\/shop.bantam.ch\/de\/produkt\/sinus-wechselrichter-dpsi-its\/#primaryimage"},"image":{"@id":"https:\/\/shop.bantam.ch\/de\/produkt\/sinus-wechselrichter-dpsi-its\/#primaryimage"},"thumbnailUrl":"https:\/\/shop.bantam.ch\/wp-content\/uploads\/2025\/03\/Movera-L-9958581100.jpg","datePublished":"2025-03-14T14:06:39+00:00","dateModified":"2026-04-18T23:49:15+00:00","breadcrumb":{"@id":"https:\/\/shop.bantam.ch\/de\/produkt\/sinus-wechselrichter-dpsi-its\/#breadcrumb"},"inLanguage":"de","potentialAction":[{"@type":"ReadAction","target":["https:\/\/shop.bantam.ch\/de\/produkt\/sinus-wechselrichter-dpsi-its\/"]}]},{"@type":"ImageObject","inLanguage":"de","@id":"https:\/\/shop.bantam.ch\/de\/produkt\/sinus-wechselrichter-dpsi-its\/#primaryimage","url":"https:\/\/shop.bantam.ch\/wp-content\/uploads\/2025\/03\/Movera-L-9958581100.jpg","contentUrl":"https:\/\/shop.bantam.ch\/wp-content\/uploads\/2025\/03\/Movera-L-9958581100.jpg","width":640,"height":640},{"@type":"BreadcrumbList","@id":"https:\/\/shop.bantam.ch\/de\/produkt\/sinus-wechselrichter-dpsi-its\/#breadcrumb","itemListElement":[{"@type":"ListItem","position":1,"name":"Accueil","item":"https:\/\/shop.bantam.ch\/de\/"},{"@type":"ListItem","position":2,"name":"Shop","item":"https:\/\/shop.bantam.ch\/de\/shop\/"},{"@type":"ListItem","position":3,"name":"Sinus Wechselrichter DPSI iTS"}]},{"@type":"WebSite","@id":"https:\/\/shop.bantam.ch\/de\/#website","url":"https:\/\/shop.bantam.ch\/de\/","name":"Bantam Camping AG","description":"","publisher":{"@id":"https:\/\/shop.bantam.ch\/de\/#organization"},"inLanguage":"de"},{"@type":"Organization","@id":"https:\/\/shop.bantam.ch\/de\/#organization","name":"Bantam Camping AG","url":"https:\/\/shop.bantam.ch\/de\/","logo":{"@type":"ImageObject","inLanguage":"de","@id":"https:\/\/shop.bantam.ch\/de\/#\/schema\/logo\/image\/","url":"https:\/\/shop.bantam.ch\/wp-content\/uploads\/2022\/12\/bantam-logo.png","contentUrl":"https:\/\/shop.bantam.ch\/wp-content\/uploads\/2022\/12\/bantam-logo.png","width":320,"height":71,"caption":"Bantam Camping AG"},"image":{"@id":"https:\/\/shop.bantam.ch\/de\/#\/schema\/logo\/image\/"}}]}},"_links":{"self":[{"href":"https:\/\/shop.bantam.ch\/de\/wp-json\/wp\/v2\/product\/212478","targetHints":{"allow":["GET"]}}],"collection":[{"href":"https:\/\/shop.bantam.ch\/de\/wp-json\/wp\/v2\/product"}],"about":[{"href":"https:\/\/shop.bantam.ch\/de\/wp-json\/wp\/v2\/types\/product"}],"wp:featuredmedia":[{"embeddable":true,"href":"https:\/\/shop.bantam.ch\/de\/wp-json\/wp\/v2\/media\/212474"}],"wp:attachment":[{"href":"https:\/\/shop.bantam.ch\/de\/wp-json\/wp\/v2\/media?parent=212478"}],"wp:term":[{"taxonomy":"product_featured_cat","embeddable":true,"href":"https:\/\/shop.bantam.ch\/de\/wp-json\/wp\/v2\/product_featured_cat?post=212478"},{"taxonomy":"product_brand","embeddable":true,"href":"https:\/\/shop.bantam.ch\/de\/wp-json\/wp\/v2\/product_brand?post=212478"},{"taxonomy":"product_cat","embeddable":true,"href":"https:\/\/shop.bantam.ch\/de\/wp-json\/wp\/v2\/product_cat?post=212478"},{"taxonomy":"product_tag","embeddable":true,"href":"https:\/\/shop.bantam.ch\/de\/wp-json\/wp\/v2\/product_tag?post=212478"}],"curies":[{"name":"wp","href":"https:\/\/api.w.org\/{rel}","templated":true}]}}