{"id":212419,"date":"2025-03-14T15:01:02","date_gmt":"2025-03-14T14:01:02","guid":{"rendered":"https:\/\/shop.bantam.ch\/produit\/lithium-batterie-mit-heizung\/"},"modified":"2026-04-19T01:48:33","modified_gmt":"2026-04-18T23:48:33","slug":"lithium-batterie-mit-heizung","status":"publish","type":"product","link":"https:\/\/shop.bantam.ch\/de\/produkt\/lithium-batterie-mit-heizung\/","title":{"rendered":"Lithium Batterie mit Heizung"},"content":{"rendered":"<p>Die neuen Batterien liefern unvergleichliche Leistung f\u00fcr Freizeit-Anwendungen und lassen Sie nicht im Stich, selbst in den anspruchsvollsten Off-Grid-Situationen, wenn Zuverl\u00e4ssigkeit am wichtigsten ist.<\/p>\n<p>Vorteile:<\/p>\n<ul>\n<li>Bis zu 20-mal l\u00e4ngere Lebensdauer im Vergleich zu herk\u00f6mmlichen Batterien<\/li>\n<li>Mehr nutzbare Energie bei reduziertem Gewicht und kleinerer Gr\u00f6\u00dfe<\/li>\n<li>Mehrere intelligente Verbindungen wie CAN-Bus, Bluetooth und mehr<\/li>\n<li>Geeignet f\u00fcr Reihen- und Parallelschaltung<\/li>\n<li>Niedrigtemperaturvarianten mit Zellheizfunktion<\/li>\n<li>Schutzklasse IP67 (50Ah &#8211; IP54)<\/li>\n<li>Wartungsfrei<\/li>\n<\/ul>\n","protected":false},"excerpt":{"rendered":"<p>Die neuen Batterien liefern unvergleichliche Leistung f\u00fcr Freizeit-Anwendungen und lassen Sie nicht im Stich, selbst in den anspruchsvollsten Off-Grid-Situationen, wenn Zuverl\u00e4ssigkeit am wichtigsten ist. Vorteile: Bis zu 20-mal l\u00e4ngere Lebensdauer im Vergleich zu herk\u00f6mmlichen Batterien Mehr nutzbare Energie bei reduziertem Gewicht und kleinerer Gr\u00f6\u00dfe Mehrere intelligente Verbindungen wie CAN-Bus, Bluetooth und mehr Geeignet f\u00fcr Reihen- [&hellip;]<\/p>\n","protected":false},"featured_media":212414,"template":"","meta":{"_acf_changed":false},"product_featured_cat":[],"product_brand":[],"product_cat":[4188],"product_tag":[],"class_list":{"0":"post-212419","1":"product","2":"type-product","3":"status-publish","4":"has-post-thumbnail","6":"product_cat-batterien","8":"first","9":"instock","10":"taxable","11":"shipping-taxable","12":"purchasable","13":"product-type-variable"},"acf":[],"yoast_head":"<!-- This site is optimized with the Yoast SEO plugin v27.4 - https:\/\/yoast.com\/product\/yoast-seo-wordpress\/ -->\n<title>Lithium Batterie mit Heizung - Bantam Camping AG<\/title>\n<meta name=\"robots\" content=\"index, follow, max-snippet:-1, max-image-preview:large, max-video-preview:-1\" \/>\n<link rel=\"canonical\" href=\"https:\/\/shop.bantam.ch\/de\/produkt\/lithium-batterie-mit-heizung\/\" \/>\n<meta property=\"og:locale\" content=\"de_DE\" \/>\n<meta property=\"og:type\" content=\"article\" \/>\n<meta property=\"og:title\" content=\"Lithium Batterie mit Heizung - Bantam Camping AG\" \/>\n<meta property=\"og:description\" content=\"Die neuen Batterien liefern unvergleichliche Leistung f\u00fcr Freizeit-Anwendungen und lassen Sie nicht im Stich, selbst in den anspruchsvollsten Off-Grid-Situationen, wenn Zuverl\u00e4ssigkeit am wichtigsten ist. Vorteile: Bis zu 20-mal l\u00e4ngere Lebensdauer im Vergleich zu herk\u00f6mmlichen Batterien Mehr nutzbare Energie bei reduziertem Gewicht und kleinerer Gr\u00f6\u00dfe Mehrere intelligente Verbindungen wie CAN-Bus, Bluetooth und mehr Geeignet f\u00fcr Reihen- [&hellip;]\" \/>\n<meta property=\"og:url\" content=\"https:\/\/shop.bantam.ch\/de\/produkt\/lithium-batterie-mit-heizung\/\" \/>\n<meta property=\"og:site_name\" content=\"Bantam Camping AG\" \/>\n<meta property=\"article:modified_time\" content=\"2026-04-18T23:48:33+00:00\" \/>\n<meta name=\"twitter:card\" content=\"summary_large_image\" \/>\n<script type=\"application\/ld+json\" class=\"yoast-schema-graph\">{\"@context\":\"https:\\\/\\\/schema.org\",\"@graph\":[{\"@type\":\"WebPage\",\"@id\":\"https:\\\/\\\/shop.bantam.ch\\\/de\\\/produkt\\\/lithium-batterie-mit-heizung\\\/\",\"url\":\"https:\\\/\\\/shop.bantam.ch\\\/de\\\/produkt\\\/lithium-batterie-mit-heizung\\\/\",\"name\":\"Lithium Batterie mit Heizung - Bantam Camping AG\",\"isPartOf\":{\"@id\":\"https:\\\/\\\/shop.bantam.ch\\\/de\\\/#website\"},\"primaryImageOfPage\":{\"@id\":\"https:\\\/\\\/shop.bantam.ch\\\/de\\\/produkt\\\/lithium-batterie-mit-heizung\\\/#primaryimage\"},\"image\":{\"@id\":\"https:\\\/\\\/shop.bantam.ch\\\/de\\\/produkt\\\/lithium-batterie-mit-heizung\\\/#primaryimage\"},\"thumbnailUrl\":\"https:\\\/\\\/shop.bantam.ch\\\/wp-content\\\/uploads\\\/2025\\\/03\\\/Movera-L-9958557100.png\",\"datePublished\":\"2025-03-14T14:01:02+00:00\",\"dateModified\":\"2026-04-18T23:48:33+00:00\",\"breadcrumb\":{\"@id\":\"https:\\\/\\\/shop.bantam.ch\\\/de\\\/produkt\\\/lithium-batterie-mit-heizung\\\/#breadcrumb\"},\"inLanguage\":\"de\",\"potentialAction\":[{\"@type\":\"ReadAction\",\"target\":[\"https:\\\/\\\/shop.bantam.ch\\\/de\\\/produkt\\\/lithium-batterie-mit-heizung\\\/\"]}]},{\"@type\":\"ImageObject\",\"inLanguage\":\"de\",\"@id\":\"https:\\\/\\\/shop.bantam.ch\\\/de\\\/produkt\\\/lithium-batterie-mit-heizung\\\/#primaryimage\",\"url\":\"https:\\\/\\\/shop.bantam.ch\\\/wp-content\\\/uploads\\\/2025\\\/03\\\/Movera-L-9958557100.png\",\"contentUrl\":\"https:\\\/\\\/shop.bantam.ch\\\/wp-content\\\/uploads\\\/2025\\\/03\\\/Movera-L-9958557100.png\",\"width\":640,\"height\":640},{\"@type\":\"BreadcrumbList\",\"@id\":\"https:\\\/\\\/shop.bantam.ch\\\/de\\\/produkt\\\/lithium-batterie-mit-heizung\\\/#breadcrumb\",\"itemListElement\":[{\"@type\":\"ListItem\",\"position\":1,\"name\":\"Accueil\",\"item\":\"https:\\\/\\\/shop.bantam.ch\\\/de\\\/\"},{\"@type\":\"ListItem\",\"position\":2,\"name\":\"Shop\",\"item\":\"https:\\\/\\\/shop.bantam.ch\\\/de\\\/shop\\\/\"},{\"@type\":\"ListItem\",\"position\":3,\"name\":\"Lithium Batterie mit Heizung\"}]},{\"@type\":\"WebSite\",\"@id\":\"https:\\\/\\\/shop.bantam.ch\\\/de\\\/#website\",\"url\":\"https:\\\/\\\/shop.bantam.ch\\\/de\\\/\",\"name\":\"Bantam Camping AG\",\"description\":\"\",\"publisher\":{\"@id\":\"https:\\\/\\\/shop.bantam.ch\\\/de\\\/#organization\"},\"inLanguage\":\"de\"},{\"@type\":\"Organization\",\"@id\":\"https:\\\/\\\/shop.bantam.ch\\\/de\\\/#organization\",\"name\":\"Bantam Camping AG\",\"url\":\"https:\\\/\\\/shop.bantam.ch\\\/de\\\/\",\"logo\":{\"@type\":\"ImageObject\",\"inLanguage\":\"de\",\"@id\":\"https:\\\/\\\/shop.bantam.ch\\\/de\\\/#\\\/schema\\\/logo\\\/image\\\/\",\"url\":\"https:\\\/\\\/shop.bantam.ch\\\/wp-content\\\/uploads\\\/2022\\\/12\\\/bantam-logo.png\",\"contentUrl\":\"https:\\\/\\\/shop.bantam.ch\\\/wp-content\\\/uploads\\\/2022\\\/12\\\/bantam-logo.png\",\"width\":320,\"height\":71,\"caption\":\"Bantam Camping AG\"},\"image\":{\"@id\":\"https:\\\/\\\/shop.bantam.ch\\\/de\\\/#\\\/schema\\\/logo\\\/image\\\/\"}}]}<\/script>\n<!-- \/ Yoast SEO plugin. -->","yoast_head_json":{"title":"Lithium Batterie mit Heizung - Bantam Camping AG","robots":{"index":"index","follow":"follow","max-snippet":"max-snippet:-1","max-image-preview":"max-image-preview:large","max-video-preview":"max-video-preview:-1"},"canonical":"https:\/\/shop.bantam.ch\/de\/produkt\/lithium-batterie-mit-heizung\/","og_locale":"de_DE","og_type":"article","og_title":"Lithium Batterie mit Heizung - Bantam Camping AG","og_description":"Die neuen Batterien liefern unvergleichliche Leistung f\u00fcr Freizeit-Anwendungen und lassen Sie nicht im Stich, selbst in den anspruchsvollsten Off-Grid-Situationen, wenn Zuverl\u00e4ssigkeit am wichtigsten ist. Vorteile: Bis zu 20-mal l\u00e4ngere Lebensdauer im Vergleich zu herk\u00f6mmlichen Batterien Mehr nutzbare Energie bei reduziertem Gewicht und kleinerer Gr\u00f6\u00dfe Mehrere intelligente Verbindungen wie CAN-Bus, Bluetooth und mehr Geeignet f\u00fcr Reihen- [&hellip;]","og_url":"https:\/\/shop.bantam.ch\/de\/produkt\/lithium-batterie-mit-heizung\/","og_site_name":"Bantam Camping AG","article_modified_time":"2026-04-18T23:48:33+00:00","twitter_card":"summary_large_image","schema":{"@context":"https:\/\/schema.org","@graph":[{"@type":"WebPage","@id":"https:\/\/shop.bantam.ch\/de\/produkt\/lithium-batterie-mit-heizung\/","url":"https:\/\/shop.bantam.ch\/de\/produkt\/lithium-batterie-mit-heizung\/","name":"Lithium Batterie mit Heizung - Bantam Camping AG","isPartOf":{"@id":"https:\/\/shop.bantam.ch\/de\/#website"},"primaryImageOfPage":{"@id":"https:\/\/shop.bantam.ch\/de\/produkt\/lithium-batterie-mit-heizung\/#primaryimage"},"image":{"@id":"https:\/\/shop.bantam.ch\/de\/produkt\/lithium-batterie-mit-heizung\/#primaryimage"},"thumbnailUrl":"https:\/\/shop.bantam.ch\/wp-content\/uploads\/2025\/03\/Movera-L-9958557100.png","datePublished":"2025-03-14T14:01:02+00:00","dateModified":"2026-04-18T23:48:33+00:00","breadcrumb":{"@id":"https:\/\/shop.bantam.ch\/de\/produkt\/lithium-batterie-mit-heizung\/#breadcrumb"},"inLanguage":"de","potentialAction":[{"@type":"ReadAction","target":["https:\/\/shop.bantam.ch\/de\/produkt\/lithium-batterie-mit-heizung\/"]}]},{"@type":"ImageObject","inLanguage":"de","@id":"https:\/\/shop.bantam.ch\/de\/produkt\/lithium-batterie-mit-heizung\/#primaryimage","url":"https:\/\/shop.bantam.ch\/wp-content\/uploads\/2025\/03\/Movera-L-9958557100.png","contentUrl":"https:\/\/shop.bantam.ch\/wp-content\/uploads\/2025\/03\/Movera-L-9958557100.png","width":640,"height":640},{"@type":"BreadcrumbList","@id":"https:\/\/shop.bantam.ch\/de\/produkt\/lithium-batterie-mit-heizung\/#breadcrumb","itemListElement":[{"@type":"ListItem","position":1,"name":"Accueil","item":"https:\/\/shop.bantam.ch\/de\/"},{"@type":"ListItem","position":2,"name":"Shop","item":"https:\/\/shop.bantam.ch\/de\/shop\/"},{"@type":"ListItem","position":3,"name":"Lithium Batterie mit Heizung"}]},{"@type":"WebSite","@id":"https:\/\/shop.bantam.ch\/de\/#website","url":"https:\/\/shop.bantam.ch\/de\/","name":"Bantam Camping AG","description":"","publisher":{"@id":"https:\/\/shop.bantam.ch\/de\/#organization"},"inLanguage":"de"},{"@type":"Organization","@id":"https:\/\/shop.bantam.ch\/de\/#organization","name":"Bantam Camping AG","url":"https:\/\/shop.bantam.ch\/de\/","logo":{"@type":"ImageObject","inLanguage":"de","@id":"https:\/\/shop.bantam.ch\/de\/#\/schema\/logo\/image\/","url":"https:\/\/shop.bantam.ch\/wp-content\/uploads\/2022\/12\/bantam-logo.png","contentUrl":"https:\/\/shop.bantam.ch\/wp-content\/uploads\/2022\/12\/bantam-logo.png","width":320,"height":71,"caption":"Bantam Camping AG"},"image":{"@id":"https:\/\/shop.bantam.ch\/de\/#\/schema\/logo\/image\/"}}]}},"_links":{"self":[{"href":"https:\/\/shop.bantam.ch\/de\/wp-json\/wp\/v2\/product\/212419","targetHints":{"allow":["GET"]}}],"collection":[{"href":"https:\/\/shop.bantam.ch\/de\/wp-json\/wp\/v2\/product"}],"about":[{"href":"https:\/\/shop.bantam.ch\/de\/wp-json\/wp\/v2\/types\/product"}],"wp:featuredmedia":[{"embeddable":true,"href":"https:\/\/shop.bantam.ch\/de\/wp-json\/wp\/v2\/media\/212414"}],"wp:attachment":[{"href":"https:\/\/shop.bantam.ch\/de\/wp-json\/wp\/v2\/media?parent=212419"}],"wp:term":[{"taxonomy":"product_featured_cat","embeddable":true,"href":"https:\/\/shop.bantam.ch\/de\/wp-json\/wp\/v2\/product_featured_cat?post=212419"},{"taxonomy":"product_brand","embeddable":true,"href":"https:\/\/shop.bantam.ch\/de\/wp-json\/wp\/v2\/product_brand?post=212419"},{"taxonomy":"product_cat","embeddable":true,"href":"https:\/\/shop.bantam.ch\/de\/wp-json\/wp\/v2\/product_cat?post=212419"},{"taxonomy":"product_tag","embeddable":true,"href":"https:\/\/shop.bantam.ch\/de\/wp-json\/wp\/v2\/product_tag?post=212419"}],"curies":[{"name":"wp","href":"https:\/\/api.w.org\/{rel}","templated":true}]}}