{"id":212344,"date":"2025-03-14T14:59:26","date_gmt":"2025-03-14T13:59:26","guid":{"rendered":"https:\/\/shop.bantam.ch\/produit\/kfz-batterielader-smart\/"},"modified":"2026-04-19T23:28:40","modified_gmt":"2026-04-19T21:28:40","slug":"kfz-batterielader-smart","status":"publish","type":"product","link":"https:\/\/shop.bantam.ch\/de\/produkt\/kfz-batterielader-smart\/","title":{"rendered":"KFZ Batterielader Smart"},"content":{"rendered":"<p>Laden Sie schonend Ihre 12 V\/24 V Fahrzeugbatterie mit dem Smart Kfz-Batterielader von EcoFlow.<br \/>\n\u2022 Einsatz in Verbindung mit den tragbaren Powerstationen der Serien RIVER und DELTA<br \/>\n\u2022 Verl\u00e4ngern Sie die Lebensdauer Ihrer Batterie durch regelm\u00e4\u00dfiges Aufladen.<br \/>\n\u2022 Ausgestattet mit einem Verpolungsschutz.<br \/>\n\u2022 12V DC Eingang: 11-15 V \u2013 7,25 V<br \/>\n\u2022 DC Ausgang: 14,2 V \u2013 6,2 A oder 28,2 V \u2013 3,2 A<\/p>\n","protected":false},"excerpt":{"rendered":"<p>Laden Sie schonend Ihre 12 V\/24 V Fahrzeugbatterie mit dem Smart Kfz-Batterielader von EcoFlow. \u2022 Einsatz in Verbindung mit den tragbaren Powerstationen der Serien RIVER und DELTA \u2022 Verl\u00e4ngern Sie die Lebensdauer Ihrer Batterie durch regelm\u00e4\u00dfiges Aufladen. \u2022 Ausgestattet mit einem Verpolungsschutz. \u2022 12V DC Eingang: 11-15 V \u2013 7,25 V \u2022 DC Ausgang: 14,2 [&hellip;]<\/p>\n","protected":false},"featured_media":212342,"template":"","meta":{"_acf_changed":false},"product_featured_cat":[],"product_brand":[],"product_cat":[4190],"product_tag":[],"class_list":{"0":"post-212344","1":"product","2":"type-product","3":"status-publish","4":"has-post-thumbnail","6":"product_cat-batterieladegeraete","8":"first","9":"instock","10":"taxable","11":"shipping-taxable","12":"purchasable","13":"product-type-simple"},"acf":[],"yoast_head":"<!-- This site is optimized with the Yoast SEO plugin v27.4 - https:\/\/yoast.com\/product\/yoast-seo-wordpress\/ -->\n<title>KFZ Batterielader Smart - Bantam Camping AG<\/title>\n<meta name=\"robots\" content=\"index, follow, max-snippet:-1, max-image-preview:large, max-video-preview:-1\" \/>\n<link rel=\"canonical\" href=\"https:\/\/shop.bantam.ch\/de\/produkt\/kfz-batterielader-smart\/\" \/>\n<meta property=\"og:locale\" content=\"de_DE\" \/>\n<meta property=\"og:type\" content=\"article\" \/>\n<meta property=\"og:title\" content=\"KFZ Batterielader Smart - Bantam Camping AG\" \/>\n<meta property=\"og:description\" content=\"Laden Sie schonend Ihre 12 V\/24 V Fahrzeugbatterie mit dem Smart Kfz-Batterielader von EcoFlow. \u2022 Einsatz in Verbindung mit den tragbaren Powerstationen der Serien RIVER und DELTA \u2022 Verl\u00e4ngern Sie die Lebensdauer Ihrer Batterie durch regelm\u00e4\u00dfiges Aufladen. \u2022 Ausgestattet mit einem Verpolungsschutz. \u2022 12V DC Eingang: 11-15 V \u2013 7,25 V \u2022 DC Ausgang: 14,2 [&hellip;]\" \/>\n<meta property=\"og:url\" content=\"https:\/\/shop.bantam.ch\/de\/produkt\/kfz-batterielader-smart\/\" \/>\n<meta property=\"og:site_name\" content=\"Bantam Camping AG\" \/>\n<meta property=\"article:modified_time\" content=\"2026-04-19T21:28:40+00:00\" \/>\n<meta name=\"twitter:card\" content=\"summary_large_image\" \/>\n<script type=\"application\/ld+json\" class=\"yoast-schema-graph\">{\"@context\":\"https:\\\/\\\/schema.org\",\"@graph\":[{\"@type\":\"WebPage\",\"@id\":\"https:\\\/\\\/shop.bantam.ch\\\/de\\\/produkt\\\/kfz-batterielader-smart\\\/\",\"url\":\"https:\\\/\\\/shop.bantam.ch\\\/de\\\/produkt\\\/kfz-batterielader-smart\\\/\",\"name\":\"KFZ Batterielader Smart - Bantam Camping AG\",\"isPartOf\":{\"@id\":\"https:\\\/\\\/shop.bantam.ch\\\/de\\\/#website\"},\"primaryImageOfPage\":{\"@id\":\"https:\\\/\\\/shop.bantam.ch\\\/de\\\/produkt\\\/kfz-batterielader-smart\\\/#primaryimage\"},\"image\":{\"@id\":\"https:\\\/\\\/shop.bantam.ch\\\/de\\\/produkt\\\/kfz-batterielader-smart\\\/#primaryimage\"},\"thumbnailUrl\":\"https:\\\/\\\/shop.bantam.ch\\\/wp-content\\\/uploads\\\/2025\\\/03\\\/Movera-L-9958536100.jpg\",\"datePublished\":\"2025-03-14T13:59:26+00:00\",\"dateModified\":\"2026-04-19T21:28:40+00:00\",\"breadcrumb\":{\"@id\":\"https:\\\/\\\/shop.bantam.ch\\\/de\\\/produkt\\\/kfz-batterielader-smart\\\/#breadcrumb\"},\"inLanguage\":\"de\",\"potentialAction\":[{\"@type\":\"ReadAction\",\"target\":[\"https:\\\/\\\/shop.bantam.ch\\\/de\\\/produkt\\\/kfz-batterielader-smart\\\/\"]}]},{\"@type\":\"ImageObject\",\"inLanguage\":\"de\",\"@id\":\"https:\\\/\\\/shop.bantam.ch\\\/de\\\/produkt\\\/kfz-batterielader-smart\\\/#primaryimage\",\"url\":\"https:\\\/\\\/shop.bantam.ch\\\/wp-content\\\/uploads\\\/2025\\\/03\\\/Movera-L-9958536100.jpg\",\"contentUrl\":\"https:\\\/\\\/shop.bantam.ch\\\/wp-content\\\/uploads\\\/2025\\\/03\\\/Movera-L-9958536100.jpg\",\"width\":640,\"height\":640},{\"@type\":\"BreadcrumbList\",\"@id\":\"https:\\\/\\\/shop.bantam.ch\\\/de\\\/produkt\\\/kfz-batterielader-smart\\\/#breadcrumb\",\"itemListElement\":[{\"@type\":\"ListItem\",\"position\":1,\"name\":\"Accueil\",\"item\":\"https:\\\/\\\/shop.bantam.ch\\\/de\\\/\"},{\"@type\":\"ListItem\",\"position\":2,\"name\":\"Shop\",\"item\":\"https:\\\/\\\/shop.bantam.ch\\\/de\\\/shop\\\/\"},{\"@type\":\"ListItem\",\"position\":3,\"name\":\"KFZ Batterielader Smart\"}]},{\"@type\":\"WebSite\",\"@id\":\"https:\\\/\\\/shop.bantam.ch\\\/de\\\/#website\",\"url\":\"https:\\\/\\\/shop.bantam.ch\\\/de\\\/\",\"name\":\"Bantam Camping AG\",\"description\":\"\",\"publisher\":{\"@id\":\"https:\\\/\\\/shop.bantam.ch\\\/de\\\/#organization\"},\"inLanguage\":\"de\"},{\"@type\":\"Organization\",\"@id\":\"https:\\\/\\\/shop.bantam.ch\\\/de\\\/#organization\",\"name\":\"Bantam Camping AG\",\"url\":\"https:\\\/\\\/shop.bantam.ch\\\/de\\\/\",\"logo\":{\"@type\":\"ImageObject\",\"inLanguage\":\"de\",\"@id\":\"https:\\\/\\\/shop.bantam.ch\\\/de\\\/#\\\/schema\\\/logo\\\/image\\\/\",\"url\":\"https:\\\/\\\/shop.bantam.ch\\\/wp-content\\\/uploads\\\/2022\\\/12\\\/bantam-logo.png\",\"contentUrl\":\"https:\\\/\\\/shop.bantam.ch\\\/wp-content\\\/uploads\\\/2022\\\/12\\\/bantam-logo.png\",\"width\":320,\"height\":71,\"caption\":\"Bantam Camping AG\"},\"image\":{\"@id\":\"https:\\\/\\\/shop.bantam.ch\\\/de\\\/#\\\/schema\\\/logo\\\/image\\\/\"}}]}<\/script>\n<!-- \/ Yoast SEO plugin. -->","yoast_head_json":{"title":"KFZ Batterielader Smart - Bantam Camping AG","robots":{"index":"index","follow":"follow","max-snippet":"max-snippet:-1","max-image-preview":"max-image-preview:large","max-video-preview":"max-video-preview:-1"},"canonical":"https:\/\/shop.bantam.ch\/de\/produkt\/kfz-batterielader-smart\/","og_locale":"de_DE","og_type":"article","og_title":"KFZ Batterielader Smart - Bantam Camping AG","og_description":"Laden Sie schonend Ihre 12 V\/24 V Fahrzeugbatterie mit dem Smart Kfz-Batterielader von EcoFlow. \u2022 Einsatz in Verbindung mit den tragbaren Powerstationen der Serien RIVER und DELTA \u2022 Verl\u00e4ngern Sie die Lebensdauer Ihrer Batterie durch regelm\u00e4\u00dfiges Aufladen. \u2022 Ausgestattet mit einem Verpolungsschutz. \u2022 12V DC Eingang: 11-15 V \u2013 7,25 V \u2022 DC Ausgang: 14,2 [&hellip;]","og_url":"https:\/\/shop.bantam.ch\/de\/produkt\/kfz-batterielader-smart\/","og_site_name":"Bantam Camping AG","article_modified_time":"2026-04-19T21:28:40+00:00","twitter_card":"summary_large_image","schema":{"@context":"https:\/\/schema.org","@graph":[{"@type":"WebPage","@id":"https:\/\/shop.bantam.ch\/de\/produkt\/kfz-batterielader-smart\/","url":"https:\/\/shop.bantam.ch\/de\/produkt\/kfz-batterielader-smart\/","name":"KFZ Batterielader Smart - Bantam Camping AG","isPartOf":{"@id":"https:\/\/shop.bantam.ch\/de\/#website"},"primaryImageOfPage":{"@id":"https:\/\/shop.bantam.ch\/de\/produkt\/kfz-batterielader-smart\/#primaryimage"},"image":{"@id":"https:\/\/shop.bantam.ch\/de\/produkt\/kfz-batterielader-smart\/#primaryimage"},"thumbnailUrl":"https:\/\/shop.bantam.ch\/wp-content\/uploads\/2025\/03\/Movera-L-9958536100.jpg","datePublished":"2025-03-14T13:59:26+00:00","dateModified":"2026-04-19T21:28:40+00:00","breadcrumb":{"@id":"https:\/\/shop.bantam.ch\/de\/produkt\/kfz-batterielader-smart\/#breadcrumb"},"inLanguage":"de","potentialAction":[{"@type":"ReadAction","target":["https:\/\/shop.bantam.ch\/de\/produkt\/kfz-batterielader-smart\/"]}]},{"@type":"ImageObject","inLanguage":"de","@id":"https:\/\/shop.bantam.ch\/de\/produkt\/kfz-batterielader-smart\/#primaryimage","url":"https:\/\/shop.bantam.ch\/wp-content\/uploads\/2025\/03\/Movera-L-9958536100.jpg","contentUrl":"https:\/\/shop.bantam.ch\/wp-content\/uploads\/2025\/03\/Movera-L-9958536100.jpg","width":640,"height":640},{"@type":"BreadcrumbList","@id":"https:\/\/shop.bantam.ch\/de\/produkt\/kfz-batterielader-smart\/#breadcrumb","itemListElement":[{"@type":"ListItem","position":1,"name":"Accueil","item":"https:\/\/shop.bantam.ch\/de\/"},{"@type":"ListItem","position":2,"name":"Shop","item":"https:\/\/shop.bantam.ch\/de\/shop\/"},{"@type":"ListItem","position":3,"name":"KFZ Batterielader Smart"}]},{"@type":"WebSite","@id":"https:\/\/shop.bantam.ch\/de\/#website","url":"https:\/\/shop.bantam.ch\/de\/","name":"Bantam Camping AG","description":"","publisher":{"@id":"https:\/\/shop.bantam.ch\/de\/#organization"},"inLanguage":"de"},{"@type":"Organization","@id":"https:\/\/shop.bantam.ch\/de\/#organization","name":"Bantam Camping AG","url":"https:\/\/shop.bantam.ch\/de\/","logo":{"@type":"ImageObject","inLanguage":"de","@id":"https:\/\/shop.bantam.ch\/de\/#\/schema\/logo\/image\/","url":"https:\/\/shop.bantam.ch\/wp-content\/uploads\/2022\/12\/bantam-logo.png","contentUrl":"https:\/\/shop.bantam.ch\/wp-content\/uploads\/2022\/12\/bantam-logo.png","width":320,"height":71,"caption":"Bantam Camping AG"},"image":{"@id":"https:\/\/shop.bantam.ch\/de\/#\/schema\/logo\/image\/"}}]}},"_links":{"self":[{"href":"https:\/\/shop.bantam.ch\/de\/wp-json\/wp\/v2\/product\/212344","targetHints":{"allow":["GET"]}}],"collection":[{"href":"https:\/\/shop.bantam.ch\/de\/wp-json\/wp\/v2\/product"}],"about":[{"href":"https:\/\/shop.bantam.ch\/de\/wp-json\/wp\/v2\/types\/product"}],"wp:featuredmedia":[{"embeddable":true,"href":"https:\/\/shop.bantam.ch\/de\/wp-json\/wp\/v2\/media\/212342"}],"wp:attachment":[{"href":"https:\/\/shop.bantam.ch\/de\/wp-json\/wp\/v2\/media?parent=212344"}],"wp:term":[{"taxonomy":"product_featured_cat","embeddable":true,"href":"https:\/\/shop.bantam.ch\/de\/wp-json\/wp\/v2\/product_featured_cat?post=212344"},{"taxonomy":"product_brand","embeddable":true,"href":"https:\/\/shop.bantam.ch\/de\/wp-json\/wp\/v2\/product_brand?post=212344"},{"taxonomy":"product_cat","embeddable":true,"href":"https:\/\/shop.bantam.ch\/de\/wp-json\/wp\/v2\/product_cat?post=212344"},{"taxonomy":"product_tag","embeddable":true,"href":"https:\/\/shop.bantam.ch\/de\/wp-json\/wp\/v2\/product_tag?post=212344"}],"curies":[{"name":"wp","href":"https:\/\/api.w.org\/{rel}","templated":true}]}}