{"id":212274,"date":"2025-03-14T14:57:27","date_gmt":"2025-03-14T13:57:27","guid":{"rendered":"https:\/\/shop.bantam.ch\/produit\/henkelbecher-cappuccino-dolomit\/"},"modified":"2026-04-18T01:45:41","modified_gmt":"2026-04-17T23:45:41","slug":"henkelbecher-cappuccino-dolomit","status":"publish","type":"product","link":"https:\/\/shop.bantam.ch\/de\/produkt\/henkelbecher-cappuccino-dolomit\/","title":{"rendered":"Henkelbecher Cappuccino Dolomit"},"content":{"rendered":"<p>Der Henkelbecher, aus robustem ABS gefertigt, bietet eine stilvolle M\u00f6glichkeit, Ihren Lieblingskaffee zu genie\u00dfen. Sein elegantes Design passt perfekt in jede Umgebung, sei es beim Camping oder zu Hause. Der Becher ist leicht und langlebig, ideal f\u00fcr den t\u00e4glichen Gebrauch. Perfekt f\u00fcr Cappuccino-Liebhaber, die Wert auf Qualit\u00e4t und Stil legen.<\/p>\n","protected":false},"excerpt":{"rendered":"<p>Der Henkelbecher, aus robustem ABS gefertigt, bietet eine stilvolle M\u00f6glichkeit, Ihren Lieblingskaffee zu genie\u00dfen. Sein elegantes Design passt perfekt in jede Umgebung, sei es beim Camping oder zu Hause. Der Becher ist leicht und langlebig, ideal f\u00fcr den t\u00e4glichen Gebrauch. Perfekt f\u00fcr Cappuccino-Liebhaber, die Wert auf Qualit\u00e4t und Stil legen.<\/p>\n","protected":false},"featured_media":212266,"template":"","meta":{"_acf_changed":false},"product_featured_cat":[],"product_brand":[],"product_cat":[4270],"product_tag":[],"class_list":{"0":"post-212274","1":"product","2":"type-product","3":"status-publish","4":"has-post-thumbnail","6":"product_cat-becher-tassen-glaeser","8":"first","9":"instock","10":"taxable","11":"shipping-taxable","12":"purchasable","13":"product-type-variable"},"acf":[],"yoast_head":"<!-- This site is optimized with the Yoast SEO plugin v27.4 - https:\/\/yoast.com\/product\/yoast-seo-wordpress\/ -->\n<title>Henkelbecher Cappuccino Dolomit - Bantam Camping AG<\/title>\n<meta name=\"robots\" content=\"index, follow, max-snippet:-1, max-image-preview:large, max-video-preview:-1\" \/>\n<link rel=\"canonical\" href=\"https:\/\/shop.bantam.ch\/de\/produkt\/henkelbecher-cappuccino-dolomit\/\" \/>\n<meta property=\"og:locale\" content=\"de_DE\" \/>\n<meta property=\"og:type\" content=\"article\" \/>\n<meta property=\"og:title\" content=\"Henkelbecher Cappuccino Dolomit - Bantam Camping AG\" \/>\n<meta property=\"og:description\" content=\"Der Henkelbecher, aus robustem ABS gefertigt, bietet eine stilvolle M\u00f6glichkeit, Ihren Lieblingskaffee zu genie\u00dfen. Sein elegantes Design passt perfekt in jede Umgebung, sei es beim Camping oder zu Hause. Der Becher ist leicht und langlebig, ideal f\u00fcr den t\u00e4glichen Gebrauch. Perfekt f\u00fcr Cappuccino-Liebhaber, die Wert auf Qualit\u00e4t und Stil legen.\" \/>\n<meta property=\"og:url\" content=\"https:\/\/shop.bantam.ch\/de\/produkt\/henkelbecher-cappuccino-dolomit\/\" \/>\n<meta property=\"og:site_name\" content=\"Bantam Camping AG\" \/>\n<meta property=\"article:modified_time\" content=\"2026-04-17T23:45:41+00:00\" \/>\n<meta name=\"twitter:card\" content=\"summary_large_image\" \/>\n<script type=\"application\/ld+json\" class=\"yoast-schema-graph\">{\"@context\":\"https:\\\/\\\/schema.org\",\"@graph\":[{\"@type\":\"WebPage\",\"@id\":\"https:\\\/\\\/shop.bantam.ch\\\/de\\\/produkt\\\/henkelbecher-cappuccino-dolomit\\\/\",\"url\":\"https:\\\/\\\/shop.bantam.ch\\\/de\\\/produkt\\\/henkelbecher-cappuccino-dolomit\\\/\",\"name\":\"Henkelbecher Cappuccino Dolomit - Bantam Camping AG\",\"isPartOf\":{\"@id\":\"https:\\\/\\\/shop.bantam.ch\\\/de\\\/#website\"},\"primaryImageOfPage\":{\"@id\":\"https:\\\/\\\/shop.bantam.ch\\\/de\\\/produkt\\\/henkelbecher-cappuccino-dolomit\\\/#primaryimage\"},\"image\":{\"@id\":\"https:\\\/\\\/shop.bantam.ch\\\/de\\\/produkt\\\/henkelbecher-cappuccino-dolomit\\\/#primaryimage\"},\"thumbnailUrl\":\"https:\\\/\\\/shop.bantam.ch\\\/wp-content\\\/uploads\\\/2025\\\/03\\\/Movera-L-9958514100.jpg\",\"datePublished\":\"2025-03-14T13:57:27+00:00\",\"dateModified\":\"2026-04-17T23:45:41+00:00\",\"breadcrumb\":{\"@id\":\"https:\\\/\\\/shop.bantam.ch\\\/de\\\/produkt\\\/henkelbecher-cappuccino-dolomit\\\/#breadcrumb\"},\"inLanguage\":\"de\",\"potentialAction\":[{\"@type\":\"ReadAction\",\"target\":[\"https:\\\/\\\/shop.bantam.ch\\\/de\\\/produkt\\\/henkelbecher-cappuccino-dolomit\\\/\"]}]},{\"@type\":\"ImageObject\",\"inLanguage\":\"de\",\"@id\":\"https:\\\/\\\/shop.bantam.ch\\\/de\\\/produkt\\\/henkelbecher-cappuccino-dolomit\\\/#primaryimage\",\"url\":\"https:\\\/\\\/shop.bantam.ch\\\/wp-content\\\/uploads\\\/2025\\\/03\\\/Movera-L-9958514100.jpg\",\"contentUrl\":\"https:\\\/\\\/shop.bantam.ch\\\/wp-content\\\/uploads\\\/2025\\\/03\\\/Movera-L-9958514100.jpg\",\"width\":500,\"height\":409},{\"@type\":\"BreadcrumbList\",\"@id\":\"https:\\\/\\\/shop.bantam.ch\\\/de\\\/produkt\\\/henkelbecher-cappuccino-dolomit\\\/#breadcrumb\",\"itemListElement\":[{\"@type\":\"ListItem\",\"position\":1,\"name\":\"Accueil\",\"item\":\"https:\\\/\\\/shop.bantam.ch\\\/de\\\/\"},{\"@type\":\"ListItem\",\"position\":2,\"name\":\"Shop\",\"item\":\"https:\\\/\\\/shop.bantam.ch\\\/de\\\/shop\\\/\"},{\"@type\":\"ListItem\",\"position\":3,\"name\":\"Henkelbecher Cappuccino Dolomit\"}]},{\"@type\":\"WebSite\",\"@id\":\"https:\\\/\\\/shop.bantam.ch\\\/de\\\/#website\",\"url\":\"https:\\\/\\\/shop.bantam.ch\\\/de\\\/\",\"name\":\"Bantam Camping AG\",\"description\":\"\",\"publisher\":{\"@id\":\"https:\\\/\\\/shop.bantam.ch\\\/de\\\/#organization\"},\"inLanguage\":\"de\"},{\"@type\":\"Organization\",\"@id\":\"https:\\\/\\\/shop.bantam.ch\\\/de\\\/#organization\",\"name\":\"Bantam Camping AG\",\"url\":\"https:\\\/\\\/shop.bantam.ch\\\/de\\\/\",\"logo\":{\"@type\":\"ImageObject\",\"inLanguage\":\"de\",\"@id\":\"https:\\\/\\\/shop.bantam.ch\\\/de\\\/#\\\/schema\\\/logo\\\/image\\\/\",\"url\":\"https:\\\/\\\/shop.bantam.ch\\\/wp-content\\\/uploads\\\/2022\\\/12\\\/bantam-logo.png\",\"contentUrl\":\"https:\\\/\\\/shop.bantam.ch\\\/wp-content\\\/uploads\\\/2022\\\/12\\\/bantam-logo.png\",\"width\":320,\"height\":71,\"caption\":\"Bantam Camping AG\"},\"image\":{\"@id\":\"https:\\\/\\\/shop.bantam.ch\\\/de\\\/#\\\/schema\\\/logo\\\/image\\\/\"}}]}<\/script>\n<!-- \/ Yoast SEO plugin. -->","yoast_head_json":{"title":"Henkelbecher Cappuccino Dolomit - Bantam Camping AG","robots":{"index":"index","follow":"follow","max-snippet":"max-snippet:-1","max-image-preview":"max-image-preview:large","max-video-preview":"max-video-preview:-1"},"canonical":"https:\/\/shop.bantam.ch\/de\/produkt\/henkelbecher-cappuccino-dolomit\/","og_locale":"de_DE","og_type":"article","og_title":"Henkelbecher Cappuccino Dolomit - Bantam Camping AG","og_description":"Der Henkelbecher, aus robustem ABS gefertigt, bietet eine stilvolle M\u00f6glichkeit, Ihren Lieblingskaffee zu genie\u00dfen. Sein elegantes Design passt perfekt in jede Umgebung, sei es beim Camping oder zu Hause. Der Becher ist leicht und langlebig, ideal f\u00fcr den t\u00e4glichen Gebrauch. Perfekt f\u00fcr Cappuccino-Liebhaber, die Wert auf Qualit\u00e4t und Stil legen.","og_url":"https:\/\/shop.bantam.ch\/de\/produkt\/henkelbecher-cappuccino-dolomit\/","og_site_name":"Bantam Camping AG","article_modified_time":"2026-04-17T23:45:41+00:00","twitter_card":"summary_large_image","schema":{"@context":"https:\/\/schema.org","@graph":[{"@type":"WebPage","@id":"https:\/\/shop.bantam.ch\/de\/produkt\/henkelbecher-cappuccino-dolomit\/","url":"https:\/\/shop.bantam.ch\/de\/produkt\/henkelbecher-cappuccino-dolomit\/","name":"Henkelbecher Cappuccino Dolomit - Bantam Camping AG","isPartOf":{"@id":"https:\/\/shop.bantam.ch\/de\/#website"},"primaryImageOfPage":{"@id":"https:\/\/shop.bantam.ch\/de\/produkt\/henkelbecher-cappuccino-dolomit\/#primaryimage"},"image":{"@id":"https:\/\/shop.bantam.ch\/de\/produkt\/henkelbecher-cappuccino-dolomit\/#primaryimage"},"thumbnailUrl":"https:\/\/shop.bantam.ch\/wp-content\/uploads\/2025\/03\/Movera-L-9958514100.jpg","datePublished":"2025-03-14T13:57:27+00:00","dateModified":"2026-04-17T23:45:41+00:00","breadcrumb":{"@id":"https:\/\/shop.bantam.ch\/de\/produkt\/henkelbecher-cappuccino-dolomit\/#breadcrumb"},"inLanguage":"de","potentialAction":[{"@type":"ReadAction","target":["https:\/\/shop.bantam.ch\/de\/produkt\/henkelbecher-cappuccino-dolomit\/"]}]},{"@type":"ImageObject","inLanguage":"de","@id":"https:\/\/shop.bantam.ch\/de\/produkt\/henkelbecher-cappuccino-dolomit\/#primaryimage","url":"https:\/\/shop.bantam.ch\/wp-content\/uploads\/2025\/03\/Movera-L-9958514100.jpg","contentUrl":"https:\/\/shop.bantam.ch\/wp-content\/uploads\/2025\/03\/Movera-L-9958514100.jpg","width":500,"height":409},{"@type":"BreadcrumbList","@id":"https:\/\/shop.bantam.ch\/de\/produkt\/henkelbecher-cappuccino-dolomit\/#breadcrumb","itemListElement":[{"@type":"ListItem","position":1,"name":"Accueil","item":"https:\/\/shop.bantam.ch\/de\/"},{"@type":"ListItem","position":2,"name":"Shop","item":"https:\/\/shop.bantam.ch\/de\/shop\/"},{"@type":"ListItem","position":3,"name":"Henkelbecher Cappuccino Dolomit"}]},{"@type":"WebSite","@id":"https:\/\/shop.bantam.ch\/de\/#website","url":"https:\/\/shop.bantam.ch\/de\/","name":"Bantam Camping AG","description":"","publisher":{"@id":"https:\/\/shop.bantam.ch\/de\/#organization"},"inLanguage":"de"},{"@type":"Organization","@id":"https:\/\/shop.bantam.ch\/de\/#organization","name":"Bantam Camping AG","url":"https:\/\/shop.bantam.ch\/de\/","logo":{"@type":"ImageObject","inLanguage":"de","@id":"https:\/\/shop.bantam.ch\/de\/#\/schema\/logo\/image\/","url":"https:\/\/shop.bantam.ch\/wp-content\/uploads\/2022\/12\/bantam-logo.png","contentUrl":"https:\/\/shop.bantam.ch\/wp-content\/uploads\/2022\/12\/bantam-logo.png","width":320,"height":71,"caption":"Bantam Camping AG"},"image":{"@id":"https:\/\/shop.bantam.ch\/de\/#\/schema\/logo\/image\/"}}]}},"_links":{"self":[{"href":"https:\/\/shop.bantam.ch\/de\/wp-json\/wp\/v2\/product\/212274","targetHints":{"allow":["GET"]}}],"collection":[{"href":"https:\/\/shop.bantam.ch\/de\/wp-json\/wp\/v2\/product"}],"about":[{"href":"https:\/\/shop.bantam.ch\/de\/wp-json\/wp\/v2\/types\/product"}],"wp:featuredmedia":[{"embeddable":true,"href":"https:\/\/shop.bantam.ch\/de\/wp-json\/wp\/v2\/media\/212266"}],"wp:attachment":[{"href":"https:\/\/shop.bantam.ch\/de\/wp-json\/wp\/v2\/media?parent=212274"}],"wp:term":[{"taxonomy":"product_featured_cat","embeddable":true,"href":"https:\/\/shop.bantam.ch\/de\/wp-json\/wp\/v2\/product_featured_cat?post=212274"},{"taxonomy":"product_brand","embeddable":true,"href":"https:\/\/shop.bantam.ch\/de\/wp-json\/wp\/v2\/product_brand?post=212274"},{"taxonomy":"product_cat","embeddable":true,"href":"https:\/\/shop.bantam.ch\/de\/wp-json\/wp\/v2\/product_cat?post=212274"},{"taxonomy":"product_tag","embeddable":true,"href":"https:\/\/shop.bantam.ch\/de\/wp-json\/wp\/v2\/product_tag?post=212274"}],"curies":[{"name":"wp","href":"https:\/\/api.w.org\/{rel}","templated":true}]}}