{"id":212215,"date":"2025-03-14T14:55:53","date_gmt":"2025-03-14T13:55:53","guid":{"rendered":"https:\/\/shop.bantam.ch\/produit\/salatschuessel-brunner-venetian\/"},"modified":"2026-05-03T01:39:00","modified_gmt":"2026-05-02T23:39:00","slug":"salatschuessel-brunner-venetian","status":"publish","type":"product","link":"https:\/\/shop.bantam.ch\/de\/produkt\/salatschuessel-brunner-venetian\/","title":{"rendered":"Salatsch\u00fcssel Brunner Venetian"},"content":{"rendered":"<p>Die Salatsch\u00fcssel aus Melamin vereint stilvolles Design mit praktischer Funktionalit\u00e4t. In einem erfrischenden Gr\u00fcnton gehalten, bringt sie eine maritime Note auf Ihren Tisch. Die Sch\u00fcssel ist bruchfest und leicht, was sie perfekt f\u00fcr Campingausfl\u00fcge oder Picknicks macht. Zudem ist sie sp\u00fclmaschinengeeignet und \u00fcberzeugt durch ihre Langlebigkeit. Ideal, um Salate und andere K\u00f6stlichkeiten stilvoll zu servieren.<\/p>\n","protected":false},"excerpt":{"rendered":"<p>Die Salatsch\u00fcssel aus Melamin vereint stilvolles Design mit praktischer Funktionalit\u00e4t. In einem erfrischenden Gr\u00fcnton gehalten, bringt sie eine maritime Note auf Ihren Tisch. Die Sch\u00fcssel ist bruchfest und leicht, was sie perfekt f\u00fcr Campingausfl\u00fcge oder Picknicks macht. Zudem ist sie sp\u00fclmaschinengeeignet und \u00fcberzeugt durch ihre Langlebigkeit. Ideal, um Salate und andere K\u00f6stlichkeiten stilvoll zu servieren.<\/p>\n","protected":false},"featured_media":212212,"template":"","meta":{"_acf_changed":false},"product_featured_cat":[],"product_brand":[],"product_cat":[4276],"product_tag":[],"class_list":{"0":"post-212215","1":"product","2":"type-product","3":"status-publish","4":"has-post-thumbnail","6":"product_cat-schuesseln-schalen","8":"first","9":"instock","10":"taxable","11":"shipping-taxable","12":"purchasable","13":"product-type-variable"},"acf":[],"yoast_head":"<!-- This site is optimized with the Yoast SEO plugin v27.5 - https:\/\/yoast.com\/product\/yoast-seo-wordpress\/ -->\n<title>Salatsch\u00fcssel Brunner Venetian - Bantam<\/title>\n<meta name=\"robots\" content=\"index, follow, max-snippet:-1, max-image-preview:large, max-video-preview:-1\" \/>\n<link rel=\"canonical\" href=\"https:\/\/shop.bantam.ch\/de\/produkt\/salatschuessel-brunner-venetian\/\" \/>\n<meta property=\"og:locale\" content=\"de_DE\" \/>\n<meta property=\"og:type\" content=\"article\" \/>\n<meta property=\"og:title\" content=\"Salatsch\u00fcssel Brunner Venetian - Bantam\" \/>\n<meta property=\"og:description\" content=\"Die Salatsch\u00fcssel aus Melamin vereint stilvolles Design mit praktischer Funktionalit\u00e4t. In einem erfrischenden Gr\u00fcnton gehalten, bringt sie eine maritime Note auf Ihren Tisch. Die Sch\u00fcssel ist bruchfest und leicht, was sie perfekt f\u00fcr Campingausfl\u00fcge oder Picknicks macht. Zudem ist sie sp\u00fclmaschinengeeignet und \u00fcberzeugt durch ihre Langlebigkeit. Ideal, um Salate und andere K\u00f6stlichkeiten stilvoll zu servieren.\" \/>\n<meta property=\"og:url\" content=\"https:\/\/shop.bantam.ch\/de\/produkt\/salatschuessel-brunner-venetian\/\" \/>\n<meta property=\"og:site_name\" content=\"Bantam\" \/>\n<meta property=\"article:modified_time\" content=\"2026-05-02T23:39:00+00:00\" \/>\n<meta name=\"twitter:card\" content=\"summary_large_image\" \/>\n<script type=\"application\/ld+json\" class=\"yoast-schema-graph\">{\"@context\":\"https:\\\/\\\/schema.org\",\"@graph\":[{\"@type\":\"WebPage\",\"@id\":\"https:\\\/\\\/shop.bantam.ch\\\/de\\\/produkt\\\/salatschuessel-brunner-venetian\\\/\",\"url\":\"https:\\\/\\\/shop.bantam.ch\\\/de\\\/produkt\\\/salatschuessel-brunner-venetian\\\/\",\"name\":\"Salatsch\u00fcssel Brunner Venetian - Bantam\",\"isPartOf\":{\"@id\":\"https:\\\/\\\/shop.bantam.ch\\\/de\\\/#website\"},\"primaryImageOfPage\":{\"@id\":\"https:\\\/\\\/shop.bantam.ch\\\/de\\\/produkt\\\/salatschuessel-brunner-venetian\\\/#primaryimage\"},\"image\":{\"@id\":\"https:\\\/\\\/shop.bantam.ch\\\/de\\\/produkt\\\/salatschuessel-brunner-venetian\\\/#primaryimage\"},\"thumbnailUrl\":\"https:\\\/\\\/shop.bantam.ch\\\/wp-content\\\/uploads\\\/2025\\\/03\\\/Movera-L-9958489100.jpg\",\"datePublished\":\"2025-03-14T13:55:53+00:00\",\"dateModified\":\"2026-05-02T23:39:00+00:00\",\"breadcrumb\":{\"@id\":\"https:\\\/\\\/shop.bantam.ch\\\/de\\\/produkt\\\/salatschuessel-brunner-venetian\\\/#breadcrumb\"},\"inLanguage\":\"de\",\"potentialAction\":[{\"@type\":\"ReadAction\",\"target\":[\"https:\\\/\\\/shop.bantam.ch\\\/de\\\/produkt\\\/salatschuessel-brunner-venetian\\\/\"]}]},{\"@type\":\"ImageObject\",\"inLanguage\":\"de\",\"@id\":\"https:\\\/\\\/shop.bantam.ch\\\/de\\\/produkt\\\/salatschuessel-brunner-venetian\\\/#primaryimage\",\"url\":\"https:\\\/\\\/shop.bantam.ch\\\/wp-content\\\/uploads\\\/2025\\\/03\\\/Movera-L-9958489100.jpg\",\"contentUrl\":\"https:\\\/\\\/shop.bantam.ch\\\/wp-content\\\/uploads\\\/2025\\\/03\\\/Movera-L-9958489100.jpg\",\"width\":640,\"height\":213},{\"@type\":\"BreadcrumbList\",\"@id\":\"https:\\\/\\\/shop.bantam.ch\\\/de\\\/produkt\\\/salatschuessel-brunner-venetian\\\/#breadcrumb\",\"itemListElement\":[{\"@type\":\"ListItem\",\"position\":1,\"name\":\"Accueil\",\"item\":\"https:\\\/\\\/shop.bantam.ch\\\/de\\\/\"},{\"@type\":\"ListItem\",\"position\":2,\"name\":\"Shop\",\"item\":\"https:\\\/\\\/shop.bantam.ch\\\/de\\\/shop\\\/\"},{\"@type\":\"ListItem\",\"position\":3,\"name\":\"Salatsch\u00fcssel Brunner Venetian\"}]},{\"@type\":\"WebSite\",\"@id\":\"https:\\\/\\\/shop.bantam.ch\\\/de\\\/#website\",\"url\":\"https:\\\/\\\/shop.bantam.ch\\\/de\\\/\",\"name\":\"Bantam\",\"description\":\"\",\"publisher\":{\"@id\":\"https:\\\/\\\/shop.bantam.ch\\\/de\\\/#organization\"},\"inLanguage\":\"de\"},{\"@type\":\"Organization\",\"@id\":\"https:\\\/\\\/shop.bantam.ch\\\/de\\\/#organization\",\"name\":\"Bantam\",\"url\":\"https:\\\/\\\/shop.bantam.ch\\\/de\\\/\",\"logo\":{\"@type\":\"ImageObject\",\"inLanguage\":\"de\",\"@id\":\"https:\\\/\\\/shop.bantam.ch\\\/de\\\/#\\\/schema\\\/logo\\\/image\\\/\",\"url\":\"https:\\\/\\\/shop.bantam.ch\\\/wp-content\\\/uploads\\\/2022\\\/12\\\/bantam-logo.png\",\"contentUrl\":\"https:\\\/\\\/shop.bantam.ch\\\/wp-content\\\/uploads\\\/2022\\\/12\\\/bantam-logo.png\",\"width\":320,\"height\":71,\"caption\":\"Bantam\"},\"image\":{\"@id\":\"https:\\\/\\\/shop.bantam.ch\\\/de\\\/#\\\/schema\\\/logo\\\/image\\\/\"}}]}<\/script>\n<!-- \/ Yoast SEO plugin. -->","yoast_head_json":{"title":"Salatsch\u00fcssel Brunner Venetian - Bantam","robots":{"index":"index","follow":"follow","max-snippet":"max-snippet:-1","max-image-preview":"max-image-preview:large","max-video-preview":"max-video-preview:-1"},"canonical":"https:\/\/shop.bantam.ch\/de\/produkt\/salatschuessel-brunner-venetian\/","og_locale":"de_DE","og_type":"article","og_title":"Salatsch\u00fcssel Brunner Venetian - Bantam","og_description":"Die Salatsch\u00fcssel aus Melamin vereint stilvolles Design mit praktischer Funktionalit\u00e4t. In einem erfrischenden Gr\u00fcnton gehalten, bringt sie eine maritime Note auf Ihren Tisch. Die Sch\u00fcssel ist bruchfest und leicht, was sie perfekt f\u00fcr Campingausfl\u00fcge oder Picknicks macht. Zudem ist sie sp\u00fclmaschinengeeignet und \u00fcberzeugt durch ihre Langlebigkeit. Ideal, um Salate und andere K\u00f6stlichkeiten stilvoll zu servieren.","og_url":"https:\/\/shop.bantam.ch\/de\/produkt\/salatschuessel-brunner-venetian\/","og_site_name":"Bantam","article_modified_time":"2026-05-02T23:39:00+00:00","twitter_card":"summary_large_image","schema":{"@context":"https:\/\/schema.org","@graph":[{"@type":"WebPage","@id":"https:\/\/shop.bantam.ch\/de\/produkt\/salatschuessel-brunner-venetian\/","url":"https:\/\/shop.bantam.ch\/de\/produkt\/salatschuessel-brunner-venetian\/","name":"Salatsch\u00fcssel Brunner Venetian - Bantam","isPartOf":{"@id":"https:\/\/shop.bantam.ch\/de\/#website"},"primaryImageOfPage":{"@id":"https:\/\/shop.bantam.ch\/de\/produkt\/salatschuessel-brunner-venetian\/#primaryimage"},"image":{"@id":"https:\/\/shop.bantam.ch\/de\/produkt\/salatschuessel-brunner-venetian\/#primaryimage"},"thumbnailUrl":"https:\/\/shop.bantam.ch\/wp-content\/uploads\/2025\/03\/Movera-L-9958489100.jpg","datePublished":"2025-03-14T13:55:53+00:00","dateModified":"2026-05-02T23:39:00+00:00","breadcrumb":{"@id":"https:\/\/shop.bantam.ch\/de\/produkt\/salatschuessel-brunner-venetian\/#breadcrumb"},"inLanguage":"de","potentialAction":[{"@type":"ReadAction","target":["https:\/\/shop.bantam.ch\/de\/produkt\/salatschuessel-brunner-venetian\/"]}]},{"@type":"ImageObject","inLanguage":"de","@id":"https:\/\/shop.bantam.ch\/de\/produkt\/salatschuessel-brunner-venetian\/#primaryimage","url":"https:\/\/shop.bantam.ch\/wp-content\/uploads\/2025\/03\/Movera-L-9958489100.jpg","contentUrl":"https:\/\/shop.bantam.ch\/wp-content\/uploads\/2025\/03\/Movera-L-9958489100.jpg","width":640,"height":213},{"@type":"BreadcrumbList","@id":"https:\/\/shop.bantam.ch\/de\/produkt\/salatschuessel-brunner-venetian\/#breadcrumb","itemListElement":[{"@type":"ListItem","position":1,"name":"Accueil","item":"https:\/\/shop.bantam.ch\/de\/"},{"@type":"ListItem","position":2,"name":"Shop","item":"https:\/\/shop.bantam.ch\/de\/shop\/"},{"@type":"ListItem","position":3,"name":"Salatsch\u00fcssel Brunner Venetian"}]},{"@type":"WebSite","@id":"https:\/\/shop.bantam.ch\/de\/#website","url":"https:\/\/shop.bantam.ch\/de\/","name":"Bantam","description":"","publisher":{"@id":"https:\/\/shop.bantam.ch\/de\/#organization"},"inLanguage":"de"},{"@type":"Organization","@id":"https:\/\/shop.bantam.ch\/de\/#organization","name":"Bantam","url":"https:\/\/shop.bantam.ch\/de\/","logo":{"@type":"ImageObject","inLanguage":"de","@id":"https:\/\/shop.bantam.ch\/de\/#\/schema\/logo\/image\/","url":"https:\/\/shop.bantam.ch\/wp-content\/uploads\/2022\/12\/bantam-logo.png","contentUrl":"https:\/\/shop.bantam.ch\/wp-content\/uploads\/2022\/12\/bantam-logo.png","width":320,"height":71,"caption":"Bantam"},"image":{"@id":"https:\/\/shop.bantam.ch\/de\/#\/schema\/logo\/image\/"}}]}},"_links":{"self":[{"href":"https:\/\/shop.bantam.ch\/de\/wp-json\/wp\/v2\/product\/212215","targetHints":{"allow":["GET"]}}],"collection":[{"href":"https:\/\/shop.bantam.ch\/de\/wp-json\/wp\/v2\/product"}],"about":[{"href":"https:\/\/shop.bantam.ch\/de\/wp-json\/wp\/v2\/types\/product"}],"wp:featuredmedia":[{"embeddable":true,"href":"https:\/\/shop.bantam.ch\/de\/wp-json\/wp\/v2\/media\/212212"}],"wp:attachment":[{"href":"https:\/\/shop.bantam.ch\/de\/wp-json\/wp\/v2\/media?parent=212215"}],"wp:term":[{"taxonomy":"product_featured_cat","embeddable":true,"href":"https:\/\/shop.bantam.ch\/de\/wp-json\/wp\/v2\/product_featured_cat?post=212215"},{"taxonomy":"product_brand","embeddable":true,"href":"https:\/\/shop.bantam.ch\/de\/wp-json\/wp\/v2\/product_brand?post=212215"},{"taxonomy":"product_cat","embeddable":true,"href":"https:\/\/shop.bantam.ch\/de\/wp-json\/wp\/v2\/product_cat?post=212215"},{"taxonomy":"product_tag","embeddable":true,"href":"https:\/\/shop.bantam.ch\/de\/wp-json\/wp\/v2\/product_tag?post=212215"}],"curies":[{"name":"wp","href":"https:\/\/api.w.org\/{rel}","templated":true}]}}