{"id":212197,"date":"2025-03-14T14:55:16","date_gmt":"2025-03-14T13:55:16","guid":{"rendered":"https:\/\/shop.bantam.ch\/produit\/essteller-brunner-venetian\/"},"modified":"2026-04-18T01:44:31","modified_gmt":"2026-04-17T23:44:31","slug":"essteller-brunner-venetian","status":"publish","type":"product","link":"https:\/\/shop.bantam.ch\/de\/produkt\/essteller-brunner-venetian\/","title":{"rendered":"Essteller Brunner Venetian"},"content":{"rendered":"<p>Der Essteller aus Melamin bietet eine stilvolle und praktische L\u00f6sung f\u00fcr Ihr Camping- oder Outdoor-Dinner. Mit seinem eleganten Gr\u00fcn-Ton bringt er eine frische, maritime Atmosph\u00e4re auf Ihren Tisch. Gefertigt aus robustem Melamin, ist der Teller bruchfest, leicht und sp\u00fclmaschinengeeignet \u2013 ideal f\u00fcr unterwegs. Sein ansprechendes Design kombiniert Funktionalit\u00e4t mit \u00c4sthetik und macht jede Mahlzeit zu einem besonderen Erlebnis.<\/p>\n","protected":false},"excerpt":{"rendered":"<p>Der Essteller aus Melamin bietet eine stilvolle und praktische L\u00f6sung f\u00fcr Ihr Camping- oder Outdoor-Dinner. Mit seinem eleganten Gr\u00fcn-Ton bringt er eine frische, maritime Atmosph\u00e4re auf Ihren Tisch. Gefertigt aus robustem Melamin, ist der Teller bruchfest, leicht und sp\u00fclmaschinengeeignet \u2013 ideal f\u00fcr unterwegs. Sein ansprechendes Design kombiniert Funktionalit\u00e4t mit \u00c4sthetik und macht jede Mahlzeit zu [&hellip;]<\/p>\n","protected":false},"featured_media":212194,"template":"","meta":{"_acf_changed":false},"product_featured_cat":[],"product_brand":[],"product_cat":[4272],"product_tag":[],"class_list":{"0":"post-212197","1":"product","2":"type-product","3":"status-publish","4":"has-post-thumbnail","6":"product_cat-teller-eierbecher","8":"first","9":"instock","10":"taxable","11":"shipping-taxable","12":"purchasable","13":"product-type-variable"},"acf":[],"yoast_head":"<!-- This site is optimized with the Yoast SEO plugin v27.4 - https:\/\/yoast.com\/product\/yoast-seo-wordpress\/ -->\n<title>Essteller Brunner Venetian - Bantam Camping AG<\/title>\n<meta name=\"robots\" content=\"index, follow, max-snippet:-1, max-image-preview:large, max-video-preview:-1\" \/>\n<link rel=\"canonical\" href=\"https:\/\/shop.bantam.ch\/de\/produkt\/essteller-brunner-venetian\/\" \/>\n<meta property=\"og:locale\" content=\"de_DE\" \/>\n<meta property=\"og:type\" content=\"article\" \/>\n<meta property=\"og:title\" content=\"Essteller Brunner Venetian - Bantam Camping AG\" \/>\n<meta property=\"og:description\" content=\"Der Essteller aus Melamin bietet eine stilvolle und praktische L\u00f6sung f\u00fcr Ihr Camping- oder Outdoor-Dinner. Mit seinem eleganten Gr\u00fcn-Ton bringt er eine frische, maritime Atmosph\u00e4re auf Ihren Tisch. Gefertigt aus robustem Melamin, ist der Teller bruchfest, leicht und sp\u00fclmaschinengeeignet \u2013 ideal f\u00fcr unterwegs. Sein ansprechendes Design kombiniert Funktionalit\u00e4t mit \u00c4sthetik und macht jede Mahlzeit zu [&hellip;]\" \/>\n<meta property=\"og:url\" content=\"https:\/\/shop.bantam.ch\/de\/produkt\/essteller-brunner-venetian\/\" \/>\n<meta property=\"og:site_name\" content=\"Bantam Camping AG\" \/>\n<meta property=\"article:modified_time\" content=\"2026-04-17T23:44:31+00:00\" \/>\n<meta name=\"twitter:card\" content=\"summary_large_image\" \/>\n<script type=\"application\/ld+json\" class=\"yoast-schema-graph\">{\"@context\":\"https:\\\/\\\/schema.org\",\"@graph\":[{\"@type\":\"WebPage\",\"@id\":\"https:\\\/\\\/shop.bantam.ch\\\/de\\\/produkt\\\/essteller-brunner-venetian\\\/\",\"url\":\"https:\\\/\\\/shop.bantam.ch\\\/de\\\/produkt\\\/essteller-brunner-venetian\\\/\",\"name\":\"Essteller Brunner Venetian - Bantam Camping AG\",\"isPartOf\":{\"@id\":\"https:\\\/\\\/shop.bantam.ch\\\/de\\\/#website\"},\"primaryImageOfPage\":{\"@id\":\"https:\\\/\\\/shop.bantam.ch\\\/de\\\/produkt\\\/essteller-brunner-venetian\\\/#primaryimage\"},\"image\":{\"@id\":\"https:\\\/\\\/shop.bantam.ch\\\/de\\\/produkt\\\/essteller-brunner-venetian\\\/#primaryimage\"},\"thumbnailUrl\":\"https:\\\/\\\/shop.bantam.ch\\\/wp-content\\\/uploads\\\/2025\\\/03\\\/Movera-L-9958486100.jpg\",\"datePublished\":\"2025-03-14T13:55:16+00:00\",\"dateModified\":\"2026-04-17T23:44:31+00:00\",\"breadcrumb\":{\"@id\":\"https:\\\/\\\/shop.bantam.ch\\\/de\\\/produkt\\\/essteller-brunner-venetian\\\/#breadcrumb\"},\"inLanguage\":\"de\",\"potentialAction\":[{\"@type\":\"ReadAction\",\"target\":[\"https:\\\/\\\/shop.bantam.ch\\\/de\\\/produkt\\\/essteller-brunner-venetian\\\/\"]}]},{\"@type\":\"ImageObject\",\"inLanguage\":\"de\",\"@id\":\"https:\\\/\\\/shop.bantam.ch\\\/de\\\/produkt\\\/essteller-brunner-venetian\\\/#primaryimage\",\"url\":\"https:\\\/\\\/shop.bantam.ch\\\/wp-content\\\/uploads\\\/2025\\\/03\\\/Movera-L-9958486100.jpg\",\"contentUrl\":\"https:\\\/\\\/shop.bantam.ch\\\/wp-content\\\/uploads\\\/2025\\\/03\\\/Movera-L-9958486100.jpg\",\"width\":640,\"height\":640},{\"@type\":\"BreadcrumbList\",\"@id\":\"https:\\\/\\\/shop.bantam.ch\\\/de\\\/produkt\\\/essteller-brunner-venetian\\\/#breadcrumb\",\"itemListElement\":[{\"@type\":\"ListItem\",\"position\":1,\"name\":\"Accueil\",\"item\":\"https:\\\/\\\/shop.bantam.ch\\\/de\\\/\"},{\"@type\":\"ListItem\",\"position\":2,\"name\":\"Shop\",\"item\":\"https:\\\/\\\/shop.bantam.ch\\\/de\\\/shop\\\/\"},{\"@type\":\"ListItem\",\"position\":3,\"name\":\"Essteller Brunner Venetian\"}]},{\"@type\":\"WebSite\",\"@id\":\"https:\\\/\\\/shop.bantam.ch\\\/de\\\/#website\",\"url\":\"https:\\\/\\\/shop.bantam.ch\\\/de\\\/\",\"name\":\"Bantam Camping AG\",\"description\":\"\",\"publisher\":{\"@id\":\"https:\\\/\\\/shop.bantam.ch\\\/de\\\/#organization\"},\"inLanguage\":\"de\"},{\"@type\":\"Organization\",\"@id\":\"https:\\\/\\\/shop.bantam.ch\\\/de\\\/#organization\",\"name\":\"Bantam Camping AG\",\"url\":\"https:\\\/\\\/shop.bantam.ch\\\/de\\\/\",\"logo\":{\"@type\":\"ImageObject\",\"inLanguage\":\"de\",\"@id\":\"https:\\\/\\\/shop.bantam.ch\\\/de\\\/#\\\/schema\\\/logo\\\/image\\\/\",\"url\":\"https:\\\/\\\/shop.bantam.ch\\\/wp-content\\\/uploads\\\/2022\\\/12\\\/bantam-logo.png\",\"contentUrl\":\"https:\\\/\\\/shop.bantam.ch\\\/wp-content\\\/uploads\\\/2022\\\/12\\\/bantam-logo.png\",\"width\":320,\"height\":71,\"caption\":\"Bantam Camping AG\"},\"image\":{\"@id\":\"https:\\\/\\\/shop.bantam.ch\\\/de\\\/#\\\/schema\\\/logo\\\/image\\\/\"}}]}<\/script>\n<!-- \/ Yoast SEO plugin. -->","yoast_head_json":{"title":"Essteller Brunner Venetian - Bantam Camping AG","robots":{"index":"index","follow":"follow","max-snippet":"max-snippet:-1","max-image-preview":"max-image-preview:large","max-video-preview":"max-video-preview:-1"},"canonical":"https:\/\/shop.bantam.ch\/de\/produkt\/essteller-brunner-venetian\/","og_locale":"de_DE","og_type":"article","og_title":"Essteller Brunner Venetian - Bantam Camping AG","og_description":"Der Essteller aus Melamin bietet eine stilvolle und praktische L\u00f6sung f\u00fcr Ihr Camping- oder Outdoor-Dinner. Mit seinem eleganten Gr\u00fcn-Ton bringt er eine frische, maritime Atmosph\u00e4re auf Ihren Tisch. Gefertigt aus robustem Melamin, ist der Teller bruchfest, leicht und sp\u00fclmaschinengeeignet \u2013 ideal f\u00fcr unterwegs. Sein ansprechendes Design kombiniert Funktionalit\u00e4t mit \u00c4sthetik und macht jede Mahlzeit zu [&hellip;]","og_url":"https:\/\/shop.bantam.ch\/de\/produkt\/essteller-brunner-venetian\/","og_site_name":"Bantam Camping AG","article_modified_time":"2026-04-17T23:44:31+00:00","twitter_card":"summary_large_image","schema":{"@context":"https:\/\/schema.org","@graph":[{"@type":"WebPage","@id":"https:\/\/shop.bantam.ch\/de\/produkt\/essteller-brunner-venetian\/","url":"https:\/\/shop.bantam.ch\/de\/produkt\/essteller-brunner-venetian\/","name":"Essteller Brunner Venetian - Bantam Camping AG","isPartOf":{"@id":"https:\/\/shop.bantam.ch\/de\/#website"},"primaryImageOfPage":{"@id":"https:\/\/shop.bantam.ch\/de\/produkt\/essteller-brunner-venetian\/#primaryimage"},"image":{"@id":"https:\/\/shop.bantam.ch\/de\/produkt\/essteller-brunner-venetian\/#primaryimage"},"thumbnailUrl":"https:\/\/shop.bantam.ch\/wp-content\/uploads\/2025\/03\/Movera-L-9958486100.jpg","datePublished":"2025-03-14T13:55:16+00:00","dateModified":"2026-04-17T23:44:31+00:00","breadcrumb":{"@id":"https:\/\/shop.bantam.ch\/de\/produkt\/essteller-brunner-venetian\/#breadcrumb"},"inLanguage":"de","potentialAction":[{"@type":"ReadAction","target":["https:\/\/shop.bantam.ch\/de\/produkt\/essteller-brunner-venetian\/"]}]},{"@type":"ImageObject","inLanguage":"de","@id":"https:\/\/shop.bantam.ch\/de\/produkt\/essteller-brunner-venetian\/#primaryimage","url":"https:\/\/shop.bantam.ch\/wp-content\/uploads\/2025\/03\/Movera-L-9958486100.jpg","contentUrl":"https:\/\/shop.bantam.ch\/wp-content\/uploads\/2025\/03\/Movera-L-9958486100.jpg","width":640,"height":640},{"@type":"BreadcrumbList","@id":"https:\/\/shop.bantam.ch\/de\/produkt\/essteller-brunner-venetian\/#breadcrumb","itemListElement":[{"@type":"ListItem","position":1,"name":"Accueil","item":"https:\/\/shop.bantam.ch\/de\/"},{"@type":"ListItem","position":2,"name":"Shop","item":"https:\/\/shop.bantam.ch\/de\/shop\/"},{"@type":"ListItem","position":3,"name":"Essteller Brunner Venetian"}]},{"@type":"WebSite","@id":"https:\/\/shop.bantam.ch\/de\/#website","url":"https:\/\/shop.bantam.ch\/de\/","name":"Bantam Camping AG","description":"","publisher":{"@id":"https:\/\/shop.bantam.ch\/de\/#organization"},"inLanguage":"de"},{"@type":"Organization","@id":"https:\/\/shop.bantam.ch\/de\/#organization","name":"Bantam Camping AG","url":"https:\/\/shop.bantam.ch\/de\/","logo":{"@type":"ImageObject","inLanguage":"de","@id":"https:\/\/shop.bantam.ch\/de\/#\/schema\/logo\/image\/","url":"https:\/\/shop.bantam.ch\/wp-content\/uploads\/2022\/12\/bantam-logo.png","contentUrl":"https:\/\/shop.bantam.ch\/wp-content\/uploads\/2022\/12\/bantam-logo.png","width":320,"height":71,"caption":"Bantam Camping AG"},"image":{"@id":"https:\/\/shop.bantam.ch\/de\/#\/schema\/logo\/image\/"}}]}},"_links":{"self":[{"href":"https:\/\/shop.bantam.ch\/de\/wp-json\/wp\/v2\/product\/212197","targetHints":{"allow":["GET"]}}],"collection":[{"href":"https:\/\/shop.bantam.ch\/de\/wp-json\/wp\/v2\/product"}],"about":[{"href":"https:\/\/shop.bantam.ch\/de\/wp-json\/wp\/v2\/types\/product"}],"wp:featuredmedia":[{"embeddable":true,"href":"https:\/\/shop.bantam.ch\/de\/wp-json\/wp\/v2\/media\/212194"}],"wp:attachment":[{"href":"https:\/\/shop.bantam.ch\/de\/wp-json\/wp\/v2\/media?parent=212197"}],"wp:term":[{"taxonomy":"product_featured_cat","embeddable":true,"href":"https:\/\/shop.bantam.ch\/de\/wp-json\/wp\/v2\/product_featured_cat?post=212197"},{"taxonomy":"product_brand","embeddable":true,"href":"https:\/\/shop.bantam.ch\/de\/wp-json\/wp\/v2\/product_brand?post=212197"},{"taxonomy":"product_cat","embeddable":true,"href":"https:\/\/shop.bantam.ch\/de\/wp-json\/wp\/v2\/product_cat?post=212197"},{"taxonomy":"product_tag","embeddable":true,"href":"https:\/\/shop.bantam.ch\/de\/wp-json\/wp\/v2\/product_tag?post=212197"}],"curies":[{"name":"wp","href":"https:\/\/api.w.org\/{rel}","templated":true}]}}