{"id":212064,"date":"2025-03-14T14:52:04","date_gmt":"2025-03-14T13:52:04","guid":{"rendered":"https:\/\/shop.bantam.ch\/produit\/truma-luftverteiler-2g\/"},"modified":"2026-04-19T01:45:51","modified_gmt":"2026-04-18T23:45:51","slug":"truma-luftverteiler-2g","status":"publish","type":"product","link":"https:\/\/shop.bantam.ch\/de\/produkt\/truma-luftverteiler-2g\/","title":{"rendered":"Truma Luftverteiler 2G"},"content":{"rendered":"<p>Der neue Luftverteiler der Aventa 2. Generation ist besonders flach gestaltet, um die Durchgangsh\u00f6he des Freizeitfahrzeugs ann\u00e4hernd beizubehalten. Angeboten werden die Farben cappuccino und stone. Au\u00dferdem gibt es den Luftverteiler als Basic- und Premium-Variante.&nbsp;<br \/>\nDiese unterscheiden sich darin, dass bei der Premium-Variante eine integrierte LED f\u00fcr ein angenehmes Lichtambiente sorgt. Au\u00dferdem bieten die Luftausl\u00e4sse eine h\u00f6here Anzahl an Verstellm\u00f6glichkeiten.<br \/>\nLieferumfang:<br \/>\nLuftverteiler, Montagerahmen, Fernbedienung inkl. Wandhalterung, Montagematerial (Schrauben, Klemmen)&nbsp;<\/p>\n","protected":false},"excerpt":{"rendered":"<p>Der neue Luftverteiler der Aventa 2. Generation ist besonders flach gestaltet, um die Durchgangsh\u00f6he des Freizeitfahrzeugs ann\u00e4hernd beizubehalten. Angeboten werden die Farben cappuccino und stone. Au\u00dferdem gibt es den Luftverteiler als Basic- und Premium-Variante.&nbsp; Diese unterscheiden sich darin, dass bei der Premium-Variante eine integrierte LED f\u00fcr ein angenehmes Lichtambiente sorgt. Au\u00dferdem bieten die Luftausl\u00e4sse eine [&hellip;]<\/p>\n","protected":false},"featured_media":212058,"template":"","meta":{"_acf_changed":false},"product_featured_cat":[],"product_brand":[],"product_cat":[4558],"product_tag":[],"class_list":{"0":"post-212064","1":"product","2":"type-product","3":"status-publish","4":"has-post-thumbnail","6":"product_cat-zubehoer-fuer-klimaanlagen","8":"first","9":"instock","10":"taxable","11":"shipping-taxable","12":"purchasable","13":"product-type-variable"},"acf":[],"yoast_head":"<!-- This site is optimized with the Yoast SEO plugin v27.4 - https:\/\/yoast.com\/product\/yoast-seo-wordpress\/ -->\n<title>Truma Luftverteiler 2G - Bantam Camping AG<\/title>\n<meta name=\"robots\" content=\"index, follow, max-snippet:-1, max-image-preview:large, max-video-preview:-1\" \/>\n<link rel=\"canonical\" href=\"https:\/\/shop.bantam.ch\/de\/produkt\/truma-luftverteiler-2g\/\" \/>\n<meta property=\"og:locale\" content=\"de_DE\" \/>\n<meta property=\"og:type\" content=\"article\" \/>\n<meta property=\"og:title\" content=\"Truma Luftverteiler 2G - Bantam Camping AG\" \/>\n<meta property=\"og:description\" content=\"Der neue Luftverteiler der Aventa 2. Generation ist besonders flach gestaltet, um die Durchgangsh\u00f6he des Freizeitfahrzeugs ann\u00e4hernd beizubehalten. Angeboten werden die Farben cappuccino und stone. Au\u00dferdem gibt es den Luftverteiler als Basic- und Premium-Variante.&nbsp; Diese unterscheiden sich darin, dass bei der Premium-Variante eine integrierte LED f\u00fcr ein angenehmes Lichtambiente sorgt. Au\u00dferdem bieten die Luftausl\u00e4sse eine [&hellip;]\" \/>\n<meta property=\"og:url\" content=\"https:\/\/shop.bantam.ch\/de\/produkt\/truma-luftverteiler-2g\/\" \/>\n<meta property=\"og:site_name\" content=\"Bantam Camping AG\" \/>\n<meta property=\"article:modified_time\" content=\"2026-04-18T23:45:51+00:00\" \/>\n<meta name=\"twitter:card\" content=\"summary_large_image\" \/>\n<script type=\"application\/ld+json\" class=\"yoast-schema-graph\">{\"@context\":\"https:\\\/\\\/schema.org\",\"@graph\":[{\"@type\":\"WebPage\",\"@id\":\"https:\\\/\\\/shop.bantam.ch\\\/de\\\/produkt\\\/truma-luftverteiler-2g\\\/\",\"url\":\"https:\\\/\\\/shop.bantam.ch\\\/de\\\/produkt\\\/truma-luftverteiler-2g\\\/\",\"name\":\"Truma Luftverteiler 2G - Bantam Camping AG\",\"isPartOf\":{\"@id\":\"https:\\\/\\\/shop.bantam.ch\\\/de\\\/#website\"},\"primaryImageOfPage\":{\"@id\":\"https:\\\/\\\/shop.bantam.ch\\\/de\\\/produkt\\\/truma-luftverteiler-2g\\\/#primaryimage\"},\"image\":{\"@id\":\"https:\\\/\\\/shop.bantam.ch\\\/de\\\/produkt\\\/truma-luftverteiler-2g\\\/#primaryimage\"},\"thumbnailUrl\":\"https:\\\/\\\/shop.bantam.ch\\\/wp-content\\\/uploads\\\/2025\\\/03\\\/Movera-L-9958460100.jpg\",\"datePublished\":\"2025-03-14T13:52:04+00:00\",\"dateModified\":\"2026-04-18T23:45:51+00:00\",\"breadcrumb\":{\"@id\":\"https:\\\/\\\/shop.bantam.ch\\\/de\\\/produkt\\\/truma-luftverteiler-2g\\\/#breadcrumb\"},\"inLanguage\":\"de\",\"potentialAction\":[{\"@type\":\"ReadAction\",\"target\":[\"https:\\\/\\\/shop.bantam.ch\\\/de\\\/produkt\\\/truma-luftverteiler-2g\\\/\"]}]},{\"@type\":\"ImageObject\",\"inLanguage\":\"de\",\"@id\":\"https:\\\/\\\/shop.bantam.ch\\\/de\\\/produkt\\\/truma-luftverteiler-2g\\\/#primaryimage\",\"url\":\"https:\\\/\\\/shop.bantam.ch\\\/wp-content\\\/uploads\\\/2025\\\/03\\\/Movera-L-9958460100.jpg\",\"contentUrl\":\"https:\\\/\\\/shop.bantam.ch\\\/wp-content\\\/uploads\\\/2025\\\/03\\\/Movera-L-9958460100.jpg\",\"width\":640,\"height\":480},{\"@type\":\"BreadcrumbList\",\"@id\":\"https:\\\/\\\/shop.bantam.ch\\\/de\\\/produkt\\\/truma-luftverteiler-2g\\\/#breadcrumb\",\"itemListElement\":[{\"@type\":\"ListItem\",\"position\":1,\"name\":\"Accueil\",\"item\":\"https:\\\/\\\/shop.bantam.ch\\\/de\\\/\"},{\"@type\":\"ListItem\",\"position\":2,\"name\":\"Shop\",\"item\":\"https:\\\/\\\/shop.bantam.ch\\\/de\\\/shop\\\/\"},{\"@type\":\"ListItem\",\"position\":3,\"name\":\"Truma Luftverteiler 2G\"}]},{\"@type\":\"WebSite\",\"@id\":\"https:\\\/\\\/shop.bantam.ch\\\/de\\\/#website\",\"url\":\"https:\\\/\\\/shop.bantam.ch\\\/de\\\/\",\"name\":\"Bantam Camping AG\",\"description\":\"\",\"publisher\":{\"@id\":\"https:\\\/\\\/shop.bantam.ch\\\/de\\\/#organization\"},\"inLanguage\":\"de\"},{\"@type\":\"Organization\",\"@id\":\"https:\\\/\\\/shop.bantam.ch\\\/de\\\/#organization\",\"name\":\"Bantam Camping AG\",\"url\":\"https:\\\/\\\/shop.bantam.ch\\\/de\\\/\",\"logo\":{\"@type\":\"ImageObject\",\"inLanguage\":\"de\",\"@id\":\"https:\\\/\\\/shop.bantam.ch\\\/de\\\/#\\\/schema\\\/logo\\\/image\\\/\",\"url\":\"https:\\\/\\\/shop.bantam.ch\\\/wp-content\\\/uploads\\\/2022\\\/12\\\/bantam-logo.png\",\"contentUrl\":\"https:\\\/\\\/shop.bantam.ch\\\/wp-content\\\/uploads\\\/2022\\\/12\\\/bantam-logo.png\",\"width\":320,\"height\":71,\"caption\":\"Bantam Camping AG\"},\"image\":{\"@id\":\"https:\\\/\\\/shop.bantam.ch\\\/de\\\/#\\\/schema\\\/logo\\\/image\\\/\"}}]}<\/script>\n<!-- \/ Yoast SEO plugin. -->","yoast_head_json":{"title":"Truma Luftverteiler 2G - Bantam Camping AG","robots":{"index":"index","follow":"follow","max-snippet":"max-snippet:-1","max-image-preview":"max-image-preview:large","max-video-preview":"max-video-preview:-1"},"canonical":"https:\/\/shop.bantam.ch\/de\/produkt\/truma-luftverteiler-2g\/","og_locale":"de_DE","og_type":"article","og_title":"Truma Luftverteiler 2G - Bantam Camping AG","og_description":"Der neue Luftverteiler der Aventa 2. Generation ist besonders flach gestaltet, um die Durchgangsh\u00f6he des Freizeitfahrzeugs ann\u00e4hernd beizubehalten. Angeboten werden die Farben cappuccino und stone. Au\u00dferdem gibt es den Luftverteiler als Basic- und Premium-Variante.&nbsp; Diese unterscheiden sich darin, dass bei der Premium-Variante eine integrierte LED f\u00fcr ein angenehmes Lichtambiente sorgt. Au\u00dferdem bieten die Luftausl\u00e4sse eine [&hellip;]","og_url":"https:\/\/shop.bantam.ch\/de\/produkt\/truma-luftverteiler-2g\/","og_site_name":"Bantam Camping AG","article_modified_time":"2026-04-18T23:45:51+00:00","twitter_card":"summary_large_image","schema":{"@context":"https:\/\/schema.org","@graph":[{"@type":"WebPage","@id":"https:\/\/shop.bantam.ch\/de\/produkt\/truma-luftverteiler-2g\/","url":"https:\/\/shop.bantam.ch\/de\/produkt\/truma-luftverteiler-2g\/","name":"Truma Luftverteiler 2G - Bantam Camping AG","isPartOf":{"@id":"https:\/\/shop.bantam.ch\/de\/#website"},"primaryImageOfPage":{"@id":"https:\/\/shop.bantam.ch\/de\/produkt\/truma-luftverteiler-2g\/#primaryimage"},"image":{"@id":"https:\/\/shop.bantam.ch\/de\/produkt\/truma-luftverteiler-2g\/#primaryimage"},"thumbnailUrl":"https:\/\/shop.bantam.ch\/wp-content\/uploads\/2025\/03\/Movera-L-9958460100.jpg","datePublished":"2025-03-14T13:52:04+00:00","dateModified":"2026-04-18T23:45:51+00:00","breadcrumb":{"@id":"https:\/\/shop.bantam.ch\/de\/produkt\/truma-luftverteiler-2g\/#breadcrumb"},"inLanguage":"de","potentialAction":[{"@type":"ReadAction","target":["https:\/\/shop.bantam.ch\/de\/produkt\/truma-luftverteiler-2g\/"]}]},{"@type":"ImageObject","inLanguage":"de","@id":"https:\/\/shop.bantam.ch\/de\/produkt\/truma-luftverteiler-2g\/#primaryimage","url":"https:\/\/shop.bantam.ch\/wp-content\/uploads\/2025\/03\/Movera-L-9958460100.jpg","contentUrl":"https:\/\/shop.bantam.ch\/wp-content\/uploads\/2025\/03\/Movera-L-9958460100.jpg","width":640,"height":480},{"@type":"BreadcrumbList","@id":"https:\/\/shop.bantam.ch\/de\/produkt\/truma-luftverteiler-2g\/#breadcrumb","itemListElement":[{"@type":"ListItem","position":1,"name":"Accueil","item":"https:\/\/shop.bantam.ch\/de\/"},{"@type":"ListItem","position":2,"name":"Shop","item":"https:\/\/shop.bantam.ch\/de\/shop\/"},{"@type":"ListItem","position":3,"name":"Truma Luftverteiler 2G"}]},{"@type":"WebSite","@id":"https:\/\/shop.bantam.ch\/de\/#website","url":"https:\/\/shop.bantam.ch\/de\/","name":"Bantam Camping AG","description":"","publisher":{"@id":"https:\/\/shop.bantam.ch\/de\/#organization"},"inLanguage":"de"},{"@type":"Organization","@id":"https:\/\/shop.bantam.ch\/de\/#organization","name":"Bantam Camping AG","url":"https:\/\/shop.bantam.ch\/de\/","logo":{"@type":"ImageObject","inLanguage":"de","@id":"https:\/\/shop.bantam.ch\/de\/#\/schema\/logo\/image\/","url":"https:\/\/shop.bantam.ch\/wp-content\/uploads\/2022\/12\/bantam-logo.png","contentUrl":"https:\/\/shop.bantam.ch\/wp-content\/uploads\/2022\/12\/bantam-logo.png","width":320,"height":71,"caption":"Bantam Camping AG"},"image":{"@id":"https:\/\/shop.bantam.ch\/de\/#\/schema\/logo\/image\/"}}]}},"_links":{"self":[{"href":"https:\/\/shop.bantam.ch\/de\/wp-json\/wp\/v2\/product\/212064","targetHints":{"allow":["GET"]}}],"collection":[{"href":"https:\/\/shop.bantam.ch\/de\/wp-json\/wp\/v2\/product"}],"about":[{"href":"https:\/\/shop.bantam.ch\/de\/wp-json\/wp\/v2\/types\/product"}],"wp:featuredmedia":[{"embeddable":true,"href":"https:\/\/shop.bantam.ch\/de\/wp-json\/wp\/v2\/media\/212058"}],"wp:attachment":[{"href":"https:\/\/shop.bantam.ch\/de\/wp-json\/wp\/v2\/media?parent=212064"}],"wp:term":[{"taxonomy":"product_featured_cat","embeddable":true,"href":"https:\/\/shop.bantam.ch\/de\/wp-json\/wp\/v2\/product_featured_cat?post=212064"},{"taxonomy":"product_brand","embeddable":true,"href":"https:\/\/shop.bantam.ch\/de\/wp-json\/wp\/v2\/product_brand?post=212064"},{"taxonomy":"product_cat","embeddable":true,"href":"https:\/\/shop.bantam.ch\/de\/wp-json\/wp\/v2\/product_cat?post=212064"},{"taxonomy":"product_tag","embeddable":true,"href":"https:\/\/shop.bantam.ch\/de\/wp-json\/wp\/v2\/product_tag?post=212064"}],"curies":[{"name":"wp","href":"https:\/\/api.w.org\/{rel}","templated":true}]}}