{"id":212050,"date":"2025-03-14T14:51:47","date_gmt":"2025-03-14T13:51:47","guid":{"rendered":"https:\/\/shop.bantam.ch\/produit\/trinkflasche-stan-grow-paw-patrol\/"},"modified":"2026-05-10T23:21:27","modified_gmt":"2026-05-10T21:21:27","slug":"trinkflasche-stan-grow-paw-patrol","status":"publish","type":"product","link":"https:\/\/shop.bantam.ch\/de\/produkt\/trinkflasche-stan-grow-paw-patrol\/","title":{"rendered":"Trinkflasche Stan Grow Paw Patrol"},"content":{"rendered":"<p>Nichts verschwenden, wiederverwenden! Die wiederbef\u00fcllbare Flasche ist leicht und stabil und einfach der ideale Begleiter f\u00fcr Kindergarten und Schule. Die schmale Form l\u00e4sst sich gut von Kinderh\u00e4nden greifen und passt mit ihrem Leichtgewicht wirklich in jede Schultasche oder Rucksack. Sie hat einen praktischen Clipverschluss zum einfachen \u00d6ffnen und Schlie\u00dfen, der zum Trinken arretiert werden kann. Besonders praktisch ist die gro\u00dfe \u00d6ffnung zum Bef\u00fcllen. Die Flasche kann komplett zerlegt und besonders hygienisch in der Sp\u00fclmaschine gereinigt werden. STAN GROW PAW PATROL ist immer wieder bef\u00fcllbar, spart so jede Menge Einwegflaschen und die Umwelt freut sich.<\/p>\n","protected":false},"excerpt":{"rendered":"<p>Nichts verschwenden, wiederverwenden! Die wiederbef\u00fcllbare Flasche ist leicht und stabil und einfach der ideale Begleiter f\u00fcr Kindergarten und Schule. Die schmale Form l\u00e4sst sich gut von Kinderh\u00e4nden greifen und passt mit ihrem Leichtgewicht wirklich in jede Schultasche oder Rucksack. Sie hat einen praktischen Clipverschluss zum einfachen \u00d6ffnen und Schlie\u00dfen, der zum Trinken arretiert werden kann. [&hellip;]<\/p>\n","protected":false},"featured_media":212048,"template":"","meta":{"_acf_changed":false},"product_featured_cat":[],"product_brand":[],"product_cat":[4330],"product_tag":[],"class_list":{"0":"post-212050","1":"product","2":"type-product","3":"status-publish","4":"has-post-thumbnail","6":"product_cat-trink-wasserflaschen","8":"first","9":"instock","10":"taxable","11":"shipping-taxable","12":"purchasable","13":"product-type-simple"},"acf":[],"yoast_head":"<!-- This site is optimized with the Yoast SEO plugin v27.5 - https:\/\/yoast.com\/product\/yoast-seo-wordpress\/ -->\n<title>Trinkflasche Stan Grow Paw Patrol - Bantam<\/title>\n<meta name=\"robots\" content=\"index, follow, max-snippet:-1, max-image-preview:large, max-video-preview:-1\" \/>\n<link rel=\"canonical\" href=\"https:\/\/shop.bantam.ch\/de\/produkt\/trinkflasche-stan-grow-paw-patrol\/\" \/>\n<meta property=\"og:locale\" content=\"de_DE\" \/>\n<meta property=\"og:type\" content=\"article\" \/>\n<meta property=\"og:title\" content=\"Trinkflasche Stan Grow Paw Patrol - Bantam\" \/>\n<meta property=\"og:description\" content=\"Nichts verschwenden, wiederverwenden! Die wiederbef\u00fcllbare Flasche ist leicht und stabil und einfach der ideale Begleiter f\u00fcr Kindergarten und Schule. Die schmale Form l\u00e4sst sich gut von Kinderh\u00e4nden greifen und passt mit ihrem Leichtgewicht wirklich in jede Schultasche oder Rucksack. Sie hat einen praktischen Clipverschluss zum einfachen \u00d6ffnen und Schlie\u00dfen, der zum Trinken arretiert werden kann. [&hellip;]\" \/>\n<meta property=\"og:url\" content=\"https:\/\/shop.bantam.ch\/de\/produkt\/trinkflasche-stan-grow-paw-patrol\/\" \/>\n<meta property=\"og:site_name\" content=\"Bantam\" \/>\n<meta property=\"article:modified_time\" content=\"2026-05-10T21:21:27+00:00\" \/>\n<meta name=\"twitter:card\" content=\"summary_large_image\" \/>\n<meta name=\"twitter:label1\" content=\"Gesch\u00e4tzte Lesezeit\" \/>\n\t<meta name=\"twitter:data1\" content=\"1\u00a0Minute\" \/>\n<script type=\"application\/ld+json\" class=\"yoast-schema-graph\">{\"@context\":\"https:\\\/\\\/schema.org\",\"@graph\":[{\"@type\":\"WebPage\",\"@id\":\"https:\\\/\\\/shop.bantam.ch\\\/de\\\/produkt\\\/trinkflasche-stan-grow-paw-patrol\\\/\",\"url\":\"https:\\\/\\\/shop.bantam.ch\\\/de\\\/produkt\\\/trinkflasche-stan-grow-paw-patrol\\\/\",\"name\":\"Trinkflasche Stan Grow Paw Patrol - Bantam\",\"isPartOf\":{\"@id\":\"https:\\\/\\\/shop.bantam.ch\\\/de\\\/#website\"},\"primaryImageOfPage\":{\"@id\":\"https:\\\/\\\/shop.bantam.ch\\\/de\\\/produkt\\\/trinkflasche-stan-grow-paw-patrol\\\/#primaryimage\"},\"image\":{\"@id\":\"https:\\\/\\\/shop.bantam.ch\\\/de\\\/produkt\\\/trinkflasche-stan-grow-paw-patrol\\\/#primaryimage\"},\"thumbnailUrl\":\"https:\\\/\\\/shop.bantam.ch\\\/wp-content\\\/uploads\\\/2025\\\/03\\\/Movera-L-9958457100.jpg\",\"datePublished\":\"2025-03-14T13:51:47+00:00\",\"dateModified\":\"2026-05-10T21:21:27+00:00\",\"breadcrumb\":{\"@id\":\"https:\\\/\\\/shop.bantam.ch\\\/de\\\/produkt\\\/trinkflasche-stan-grow-paw-patrol\\\/#breadcrumb\"},\"inLanguage\":\"de\",\"potentialAction\":[{\"@type\":\"ReadAction\",\"target\":[\"https:\\\/\\\/shop.bantam.ch\\\/de\\\/produkt\\\/trinkflasche-stan-grow-paw-patrol\\\/\"]}]},{\"@type\":\"ImageObject\",\"inLanguage\":\"de\",\"@id\":\"https:\\\/\\\/shop.bantam.ch\\\/de\\\/produkt\\\/trinkflasche-stan-grow-paw-patrol\\\/#primaryimage\",\"url\":\"https:\\\/\\\/shop.bantam.ch\\\/wp-content\\\/uploads\\\/2025\\\/03\\\/Movera-L-9958457100.jpg\",\"contentUrl\":\"https:\\\/\\\/shop.bantam.ch\\\/wp-content\\\/uploads\\\/2025\\\/03\\\/Movera-L-9958457100.jpg\",\"width\":640,\"height\":640},{\"@type\":\"BreadcrumbList\",\"@id\":\"https:\\\/\\\/shop.bantam.ch\\\/de\\\/produkt\\\/trinkflasche-stan-grow-paw-patrol\\\/#breadcrumb\",\"itemListElement\":[{\"@type\":\"ListItem\",\"position\":1,\"name\":\"Accueil\",\"item\":\"https:\\\/\\\/shop.bantam.ch\\\/de\\\/\"},{\"@type\":\"ListItem\",\"position\":2,\"name\":\"Shop\",\"item\":\"https:\\\/\\\/shop.bantam.ch\\\/de\\\/shop\\\/\"},{\"@type\":\"ListItem\",\"position\":3,\"name\":\"Trinkflasche Stan Grow Paw Patrol\"}]},{\"@type\":\"WebSite\",\"@id\":\"https:\\\/\\\/shop.bantam.ch\\\/de\\\/#website\",\"url\":\"https:\\\/\\\/shop.bantam.ch\\\/de\\\/\",\"name\":\"Bantam\",\"description\":\"\",\"publisher\":{\"@id\":\"https:\\\/\\\/shop.bantam.ch\\\/de\\\/#organization\"},\"inLanguage\":\"de\"},{\"@type\":\"Organization\",\"@id\":\"https:\\\/\\\/shop.bantam.ch\\\/de\\\/#organization\",\"name\":\"Bantam\",\"url\":\"https:\\\/\\\/shop.bantam.ch\\\/de\\\/\",\"logo\":{\"@type\":\"ImageObject\",\"inLanguage\":\"de\",\"@id\":\"https:\\\/\\\/shop.bantam.ch\\\/de\\\/#\\\/schema\\\/logo\\\/image\\\/\",\"url\":\"https:\\\/\\\/shop.bantam.ch\\\/wp-content\\\/uploads\\\/2022\\\/12\\\/bantam-logo.png\",\"contentUrl\":\"https:\\\/\\\/shop.bantam.ch\\\/wp-content\\\/uploads\\\/2022\\\/12\\\/bantam-logo.png\",\"width\":320,\"height\":71,\"caption\":\"Bantam\"},\"image\":{\"@id\":\"https:\\\/\\\/shop.bantam.ch\\\/de\\\/#\\\/schema\\\/logo\\\/image\\\/\"}}]}<\/script>\n<!-- \/ Yoast SEO plugin. -->","yoast_head_json":{"title":"Trinkflasche Stan Grow Paw Patrol - Bantam","robots":{"index":"index","follow":"follow","max-snippet":"max-snippet:-1","max-image-preview":"max-image-preview:large","max-video-preview":"max-video-preview:-1"},"canonical":"https:\/\/shop.bantam.ch\/de\/produkt\/trinkflasche-stan-grow-paw-patrol\/","og_locale":"de_DE","og_type":"article","og_title":"Trinkflasche Stan Grow Paw Patrol - Bantam","og_description":"Nichts verschwenden, wiederverwenden! Die wiederbef\u00fcllbare Flasche ist leicht und stabil und einfach der ideale Begleiter f\u00fcr Kindergarten und Schule. Die schmale Form l\u00e4sst sich gut von Kinderh\u00e4nden greifen und passt mit ihrem Leichtgewicht wirklich in jede Schultasche oder Rucksack. Sie hat einen praktischen Clipverschluss zum einfachen \u00d6ffnen und Schlie\u00dfen, der zum Trinken arretiert werden kann. [&hellip;]","og_url":"https:\/\/shop.bantam.ch\/de\/produkt\/trinkflasche-stan-grow-paw-patrol\/","og_site_name":"Bantam","article_modified_time":"2026-05-10T21:21:27+00:00","twitter_card":"summary_large_image","twitter_misc":{"Gesch\u00e4tzte Lesezeit":"1\u00a0Minute"},"schema":{"@context":"https:\/\/schema.org","@graph":[{"@type":"WebPage","@id":"https:\/\/shop.bantam.ch\/de\/produkt\/trinkflasche-stan-grow-paw-patrol\/","url":"https:\/\/shop.bantam.ch\/de\/produkt\/trinkflasche-stan-grow-paw-patrol\/","name":"Trinkflasche Stan Grow Paw Patrol - Bantam","isPartOf":{"@id":"https:\/\/shop.bantam.ch\/de\/#website"},"primaryImageOfPage":{"@id":"https:\/\/shop.bantam.ch\/de\/produkt\/trinkflasche-stan-grow-paw-patrol\/#primaryimage"},"image":{"@id":"https:\/\/shop.bantam.ch\/de\/produkt\/trinkflasche-stan-grow-paw-patrol\/#primaryimage"},"thumbnailUrl":"https:\/\/shop.bantam.ch\/wp-content\/uploads\/2025\/03\/Movera-L-9958457100.jpg","datePublished":"2025-03-14T13:51:47+00:00","dateModified":"2026-05-10T21:21:27+00:00","breadcrumb":{"@id":"https:\/\/shop.bantam.ch\/de\/produkt\/trinkflasche-stan-grow-paw-patrol\/#breadcrumb"},"inLanguage":"de","potentialAction":[{"@type":"ReadAction","target":["https:\/\/shop.bantam.ch\/de\/produkt\/trinkflasche-stan-grow-paw-patrol\/"]}]},{"@type":"ImageObject","inLanguage":"de","@id":"https:\/\/shop.bantam.ch\/de\/produkt\/trinkflasche-stan-grow-paw-patrol\/#primaryimage","url":"https:\/\/shop.bantam.ch\/wp-content\/uploads\/2025\/03\/Movera-L-9958457100.jpg","contentUrl":"https:\/\/shop.bantam.ch\/wp-content\/uploads\/2025\/03\/Movera-L-9958457100.jpg","width":640,"height":640},{"@type":"BreadcrumbList","@id":"https:\/\/shop.bantam.ch\/de\/produkt\/trinkflasche-stan-grow-paw-patrol\/#breadcrumb","itemListElement":[{"@type":"ListItem","position":1,"name":"Accueil","item":"https:\/\/shop.bantam.ch\/de\/"},{"@type":"ListItem","position":2,"name":"Shop","item":"https:\/\/shop.bantam.ch\/de\/shop\/"},{"@type":"ListItem","position":3,"name":"Trinkflasche Stan Grow Paw Patrol"}]},{"@type":"WebSite","@id":"https:\/\/shop.bantam.ch\/de\/#website","url":"https:\/\/shop.bantam.ch\/de\/","name":"Bantam","description":"","publisher":{"@id":"https:\/\/shop.bantam.ch\/de\/#organization"},"inLanguage":"de"},{"@type":"Organization","@id":"https:\/\/shop.bantam.ch\/de\/#organization","name":"Bantam","url":"https:\/\/shop.bantam.ch\/de\/","logo":{"@type":"ImageObject","inLanguage":"de","@id":"https:\/\/shop.bantam.ch\/de\/#\/schema\/logo\/image\/","url":"https:\/\/shop.bantam.ch\/wp-content\/uploads\/2022\/12\/bantam-logo.png","contentUrl":"https:\/\/shop.bantam.ch\/wp-content\/uploads\/2022\/12\/bantam-logo.png","width":320,"height":71,"caption":"Bantam"},"image":{"@id":"https:\/\/shop.bantam.ch\/de\/#\/schema\/logo\/image\/"}}]}},"_links":{"self":[{"href":"https:\/\/shop.bantam.ch\/de\/wp-json\/wp\/v2\/product\/212050","targetHints":{"allow":["GET"]}}],"collection":[{"href":"https:\/\/shop.bantam.ch\/de\/wp-json\/wp\/v2\/product"}],"about":[{"href":"https:\/\/shop.bantam.ch\/de\/wp-json\/wp\/v2\/types\/product"}],"wp:featuredmedia":[{"embeddable":true,"href":"https:\/\/shop.bantam.ch\/de\/wp-json\/wp\/v2\/media\/212048"}],"wp:attachment":[{"href":"https:\/\/shop.bantam.ch\/de\/wp-json\/wp\/v2\/media?parent=212050"}],"wp:term":[{"taxonomy":"product_featured_cat","embeddable":true,"href":"https:\/\/shop.bantam.ch\/de\/wp-json\/wp\/v2\/product_featured_cat?post=212050"},{"taxonomy":"product_brand","embeddable":true,"href":"https:\/\/shop.bantam.ch\/de\/wp-json\/wp\/v2\/product_brand?post=212050"},{"taxonomy":"product_cat","embeddable":true,"href":"https:\/\/shop.bantam.ch\/de\/wp-json\/wp\/v2\/product_cat?post=212050"},{"taxonomy":"product_tag","embeddable":true,"href":"https:\/\/shop.bantam.ch\/de\/wp-json\/wp\/v2\/product_tag?post=212050"}],"curies":[{"name":"wp","href":"https:\/\/api.w.org\/{rel}","templated":true}]}}