{"id":211931,"date":"2025-03-14T14:47:59","date_gmt":"2025-03-14T13:47:59","guid":{"rendered":"https:\/\/shop.bantam.ch\/produit\/geschirrset-vivid-line-12-tlg\/"},"modified":"2026-05-03T01:36:29","modified_gmt":"2026-05-02T23:36:29","slug":"geschirrset-vivid-line-12-tlg","status":"publish","type":"product","link":"https:\/\/shop.bantam.ch\/de\/produkt\/geschirrset-vivid-line-12-tlg\/","title":{"rendered":"Geschirrset Vivid Line 12-tlg."},"content":{"rendered":"<p>Ein stilvolles Geschirrset aus der Kollektion Vivid Line. 100 % hochwertiges Melamin, praktisch unzerbrechlich und kratzfest. Das Set besteht aus 12 Teilen. Das Geschirr ist ger\u00e4uscharm und hygienisch durch die austauschbare Anti-Rutsch-L\u00f6sung. Au\u00dferdem wird das Geschirrset mit einem praktischen und luxuri\u00f6sen Beutel geliefert. Ideal f\u00fcr Camping, zu Hause oder auf dem Boot. Au\u00dferdem ist das Geschirr leicht, f\u00fcr die Sp\u00fclmaschine geeignet und lebensmittelecht.<\/p>\n<p>12-tlg. Set bestehend aus:<br \/>\n4x Essteller Durchmesser 25 cm<br \/>\n4x Fr\u00fchst\u00fccksteller Durchmesser 20,5 cm<br \/>\n4x Sch\u00fcssel Durchmesser 15,5 cm<\/p>\n","protected":false},"excerpt":{"rendered":"<p>Ein stilvolles Geschirrset aus der Kollektion Vivid Line. 100 % hochwertiges Melamin, praktisch unzerbrechlich und kratzfest. Das Set besteht aus 12 Teilen. Das Geschirr ist ger\u00e4uscharm und hygienisch durch die austauschbare Anti-Rutsch-L\u00f6sung. Au\u00dferdem wird das Geschirrset mit einem praktischen und luxuri\u00f6sen Beutel geliefert. Ideal f\u00fcr Camping, zu Hause oder auf dem Boot. Au\u00dferdem ist das [&hellip;]<\/p>\n","protected":false},"featured_media":211926,"template":"","meta":{"_acf_changed":false},"product_featured_cat":[],"product_brand":[],"product_cat":[4274],"product_tag":[],"class_list":{"0":"post-211931","1":"product","2":"type-product","3":"status-publish","4":"has-post-thumbnail","6":"product_cat-geschirrsets","8":"first","9":"instock","10":"taxable","11":"shipping-taxable","12":"purchasable","13":"product-type-variable"},"acf":[],"yoast_head":"<!-- This site is optimized with the Yoast SEO plugin v27.5 - https:\/\/yoast.com\/product\/yoast-seo-wordpress\/ -->\n<title>Geschirrset Vivid Line 12-tlg. - Bantam<\/title>\n<meta name=\"robots\" content=\"index, follow, max-snippet:-1, max-image-preview:large, max-video-preview:-1\" \/>\n<link rel=\"canonical\" href=\"https:\/\/shop.bantam.ch\/de\/produkt\/geschirrset-vivid-line-12-tlg\/\" \/>\n<meta property=\"og:locale\" content=\"de_DE\" \/>\n<meta property=\"og:type\" content=\"article\" \/>\n<meta property=\"og:title\" content=\"Geschirrset Vivid Line 12-tlg. - Bantam\" \/>\n<meta property=\"og:description\" content=\"Ein stilvolles Geschirrset aus der Kollektion Vivid Line. 100 % hochwertiges Melamin, praktisch unzerbrechlich und kratzfest. Das Set besteht aus 12 Teilen. Das Geschirr ist ger\u00e4uscharm und hygienisch durch die austauschbare Anti-Rutsch-L\u00f6sung. Au\u00dferdem wird das Geschirrset mit einem praktischen und luxuri\u00f6sen Beutel geliefert. Ideal f\u00fcr Camping, zu Hause oder auf dem Boot. Au\u00dferdem ist das [&hellip;]\" \/>\n<meta property=\"og:url\" content=\"https:\/\/shop.bantam.ch\/de\/produkt\/geschirrset-vivid-line-12-tlg\/\" \/>\n<meta property=\"og:site_name\" content=\"Bantam\" \/>\n<meta property=\"article:modified_time\" content=\"2026-05-02T23:36:29+00:00\" \/>\n<meta name=\"twitter:card\" content=\"summary_large_image\" \/>\n<script type=\"application\/ld+json\" class=\"yoast-schema-graph\">{\"@context\":\"https:\\\/\\\/schema.org\",\"@graph\":[{\"@type\":\"WebPage\",\"@id\":\"https:\\\/\\\/shop.bantam.ch\\\/de\\\/produkt\\\/geschirrset-vivid-line-12-tlg\\\/\",\"url\":\"https:\\\/\\\/shop.bantam.ch\\\/de\\\/produkt\\\/geschirrset-vivid-line-12-tlg\\\/\",\"name\":\"Geschirrset Vivid Line 12-tlg. - Bantam\",\"isPartOf\":{\"@id\":\"https:\\\/\\\/shop.bantam.ch\\\/de\\\/#website\"},\"primaryImageOfPage\":{\"@id\":\"https:\\\/\\\/shop.bantam.ch\\\/de\\\/produkt\\\/geschirrset-vivid-line-12-tlg\\\/#primaryimage\"},\"image\":{\"@id\":\"https:\\\/\\\/shop.bantam.ch\\\/de\\\/produkt\\\/geschirrset-vivid-line-12-tlg\\\/#primaryimage\"},\"thumbnailUrl\":\"https:\\\/\\\/shop.bantam.ch\\\/wp-content\\\/uploads\\\/2025\\\/03\\\/Movera-L-9958424100.jpg\",\"datePublished\":\"2025-03-14T13:47:59+00:00\",\"dateModified\":\"2026-05-02T23:36:29+00:00\",\"breadcrumb\":{\"@id\":\"https:\\\/\\\/shop.bantam.ch\\\/de\\\/produkt\\\/geschirrset-vivid-line-12-tlg\\\/#breadcrumb\"},\"inLanguage\":\"de\",\"potentialAction\":[{\"@type\":\"ReadAction\",\"target\":[\"https:\\\/\\\/shop.bantam.ch\\\/de\\\/produkt\\\/geschirrset-vivid-line-12-tlg\\\/\"]}]},{\"@type\":\"ImageObject\",\"inLanguage\":\"de\",\"@id\":\"https:\\\/\\\/shop.bantam.ch\\\/de\\\/produkt\\\/geschirrset-vivid-line-12-tlg\\\/#primaryimage\",\"url\":\"https:\\\/\\\/shop.bantam.ch\\\/wp-content\\\/uploads\\\/2025\\\/03\\\/Movera-L-9958424100.jpg\",\"contentUrl\":\"https:\\\/\\\/shop.bantam.ch\\\/wp-content\\\/uploads\\\/2025\\\/03\\\/Movera-L-9958424100.jpg\",\"width\":640,\"height\":807},{\"@type\":\"BreadcrumbList\",\"@id\":\"https:\\\/\\\/shop.bantam.ch\\\/de\\\/produkt\\\/geschirrset-vivid-line-12-tlg\\\/#breadcrumb\",\"itemListElement\":[{\"@type\":\"ListItem\",\"position\":1,\"name\":\"Accueil\",\"item\":\"https:\\\/\\\/shop.bantam.ch\\\/de\\\/\"},{\"@type\":\"ListItem\",\"position\":2,\"name\":\"Shop\",\"item\":\"https:\\\/\\\/shop.bantam.ch\\\/de\\\/shop\\\/\"},{\"@type\":\"ListItem\",\"position\":3,\"name\":\"Geschirrset Vivid Line 12-tlg.\"}]},{\"@type\":\"WebSite\",\"@id\":\"https:\\\/\\\/shop.bantam.ch\\\/de\\\/#website\",\"url\":\"https:\\\/\\\/shop.bantam.ch\\\/de\\\/\",\"name\":\"Bantam\",\"description\":\"\",\"publisher\":{\"@id\":\"https:\\\/\\\/shop.bantam.ch\\\/de\\\/#organization\"},\"inLanguage\":\"de\"},{\"@type\":\"Organization\",\"@id\":\"https:\\\/\\\/shop.bantam.ch\\\/de\\\/#organization\",\"name\":\"Bantam\",\"url\":\"https:\\\/\\\/shop.bantam.ch\\\/de\\\/\",\"logo\":{\"@type\":\"ImageObject\",\"inLanguage\":\"de\",\"@id\":\"https:\\\/\\\/shop.bantam.ch\\\/de\\\/#\\\/schema\\\/logo\\\/image\\\/\",\"url\":\"https:\\\/\\\/shop.bantam.ch\\\/wp-content\\\/uploads\\\/2022\\\/12\\\/bantam-logo.png\",\"contentUrl\":\"https:\\\/\\\/shop.bantam.ch\\\/wp-content\\\/uploads\\\/2022\\\/12\\\/bantam-logo.png\",\"width\":320,\"height\":71,\"caption\":\"Bantam\"},\"image\":{\"@id\":\"https:\\\/\\\/shop.bantam.ch\\\/de\\\/#\\\/schema\\\/logo\\\/image\\\/\"}}]}<\/script>\n<!-- \/ Yoast SEO plugin. -->","yoast_head_json":{"title":"Geschirrset Vivid Line 12-tlg. - Bantam","robots":{"index":"index","follow":"follow","max-snippet":"max-snippet:-1","max-image-preview":"max-image-preview:large","max-video-preview":"max-video-preview:-1"},"canonical":"https:\/\/shop.bantam.ch\/de\/produkt\/geschirrset-vivid-line-12-tlg\/","og_locale":"de_DE","og_type":"article","og_title":"Geschirrset Vivid Line 12-tlg. - Bantam","og_description":"Ein stilvolles Geschirrset aus der Kollektion Vivid Line. 100 % hochwertiges Melamin, praktisch unzerbrechlich und kratzfest. Das Set besteht aus 12 Teilen. Das Geschirr ist ger\u00e4uscharm und hygienisch durch die austauschbare Anti-Rutsch-L\u00f6sung. Au\u00dferdem wird das Geschirrset mit einem praktischen und luxuri\u00f6sen Beutel geliefert. Ideal f\u00fcr Camping, zu Hause oder auf dem Boot. Au\u00dferdem ist das [&hellip;]","og_url":"https:\/\/shop.bantam.ch\/de\/produkt\/geschirrset-vivid-line-12-tlg\/","og_site_name":"Bantam","article_modified_time":"2026-05-02T23:36:29+00:00","twitter_card":"summary_large_image","schema":{"@context":"https:\/\/schema.org","@graph":[{"@type":"WebPage","@id":"https:\/\/shop.bantam.ch\/de\/produkt\/geschirrset-vivid-line-12-tlg\/","url":"https:\/\/shop.bantam.ch\/de\/produkt\/geschirrset-vivid-line-12-tlg\/","name":"Geschirrset Vivid Line 12-tlg. - Bantam","isPartOf":{"@id":"https:\/\/shop.bantam.ch\/de\/#website"},"primaryImageOfPage":{"@id":"https:\/\/shop.bantam.ch\/de\/produkt\/geschirrset-vivid-line-12-tlg\/#primaryimage"},"image":{"@id":"https:\/\/shop.bantam.ch\/de\/produkt\/geschirrset-vivid-line-12-tlg\/#primaryimage"},"thumbnailUrl":"https:\/\/shop.bantam.ch\/wp-content\/uploads\/2025\/03\/Movera-L-9958424100.jpg","datePublished":"2025-03-14T13:47:59+00:00","dateModified":"2026-05-02T23:36:29+00:00","breadcrumb":{"@id":"https:\/\/shop.bantam.ch\/de\/produkt\/geschirrset-vivid-line-12-tlg\/#breadcrumb"},"inLanguage":"de","potentialAction":[{"@type":"ReadAction","target":["https:\/\/shop.bantam.ch\/de\/produkt\/geschirrset-vivid-line-12-tlg\/"]}]},{"@type":"ImageObject","inLanguage":"de","@id":"https:\/\/shop.bantam.ch\/de\/produkt\/geschirrset-vivid-line-12-tlg\/#primaryimage","url":"https:\/\/shop.bantam.ch\/wp-content\/uploads\/2025\/03\/Movera-L-9958424100.jpg","contentUrl":"https:\/\/shop.bantam.ch\/wp-content\/uploads\/2025\/03\/Movera-L-9958424100.jpg","width":640,"height":807},{"@type":"BreadcrumbList","@id":"https:\/\/shop.bantam.ch\/de\/produkt\/geschirrset-vivid-line-12-tlg\/#breadcrumb","itemListElement":[{"@type":"ListItem","position":1,"name":"Accueil","item":"https:\/\/shop.bantam.ch\/de\/"},{"@type":"ListItem","position":2,"name":"Shop","item":"https:\/\/shop.bantam.ch\/de\/shop\/"},{"@type":"ListItem","position":3,"name":"Geschirrset Vivid Line 12-tlg."}]},{"@type":"WebSite","@id":"https:\/\/shop.bantam.ch\/de\/#website","url":"https:\/\/shop.bantam.ch\/de\/","name":"Bantam","description":"","publisher":{"@id":"https:\/\/shop.bantam.ch\/de\/#organization"},"inLanguage":"de"},{"@type":"Organization","@id":"https:\/\/shop.bantam.ch\/de\/#organization","name":"Bantam","url":"https:\/\/shop.bantam.ch\/de\/","logo":{"@type":"ImageObject","inLanguage":"de","@id":"https:\/\/shop.bantam.ch\/de\/#\/schema\/logo\/image\/","url":"https:\/\/shop.bantam.ch\/wp-content\/uploads\/2022\/12\/bantam-logo.png","contentUrl":"https:\/\/shop.bantam.ch\/wp-content\/uploads\/2022\/12\/bantam-logo.png","width":320,"height":71,"caption":"Bantam"},"image":{"@id":"https:\/\/shop.bantam.ch\/de\/#\/schema\/logo\/image\/"}}]}},"_links":{"self":[{"href":"https:\/\/shop.bantam.ch\/de\/wp-json\/wp\/v2\/product\/211931","targetHints":{"allow":["GET"]}}],"collection":[{"href":"https:\/\/shop.bantam.ch\/de\/wp-json\/wp\/v2\/product"}],"about":[{"href":"https:\/\/shop.bantam.ch\/de\/wp-json\/wp\/v2\/types\/product"}],"wp:featuredmedia":[{"embeddable":true,"href":"https:\/\/shop.bantam.ch\/de\/wp-json\/wp\/v2\/media\/211926"}],"wp:attachment":[{"href":"https:\/\/shop.bantam.ch\/de\/wp-json\/wp\/v2\/media?parent=211931"}],"wp:term":[{"taxonomy":"product_featured_cat","embeddable":true,"href":"https:\/\/shop.bantam.ch\/de\/wp-json\/wp\/v2\/product_featured_cat?post=211931"},{"taxonomy":"product_brand","embeddable":true,"href":"https:\/\/shop.bantam.ch\/de\/wp-json\/wp\/v2\/product_brand?post=211931"},{"taxonomy":"product_cat","embeddable":true,"href":"https:\/\/shop.bantam.ch\/de\/wp-json\/wp\/v2\/product_cat?post=211931"},{"taxonomy":"product_tag","embeddable":true,"href":"https:\/\/shop.bantam.ch\/de\/wp-json\/wp\/v2\/product_tag?post=211931"}],"curies":[{"name":"wp","href":"https:\/\/api.w.org\/{rel}","templated":true}]}}