{"id":211924,"date":"2025-03-14T14:47:54","date_gmt":"2025-03-14T13:47:54","guid":{"rendered":"https:\/\/shop.bantam.ch\/produit\/geschirrset-bo-camp-mix-and-match-16-tlg-farbe-blau\/"},"modified":"2026-05-01T23:18:35","modified_gmt":"2026-05-01T21:18:35","slug":"geschirrset-bo-camp-mix-and-match-16-tlg-farbe-blau","status":"publish","type":"product","link":"https:\/\/shop.bantam.ch\/de\/produkt\/geschirrset-bo-camp-mix-and-match-16-tlg-farbe-blau\/","title":{"rendered":"Geschirrset Bo-Camp Mix and Match 16-tlg. Farbe blau"},"content":{"rendered":"<p>Ein luxuri\u00f6ser und trendiger 16-teiliger Service aus 100 % Melamin im Mix-and-Match-Stil. Das Melamin-Geschirr ist praktisch unzerbrechlich und sehr leicht. Dar\u00fcber hinaus ist das Geschirr kratzfest und sp\u00fclmaschinenfest. Dieses stilvolle Set ist f\u00fcr 4 Personen geeignet.<\/p>\n<p>16-tlg. Set bestehend aus:<br \/>\n4 Fr\u00fchst\u00fccksteller<br \/>\n4 Speisetellern<br \/>\n4 Schalen<br \/>\n4 Bechern<\/p>\n","protected":false},"excerpt":{"rendered":"<p>Ein luxuri\u00f6ser und trendiger 16-teiliger Service aus 100 % Melamin im Mix-and-Match-Stil. Das Melamin-Geschirr ist praktisch unzerbrechlich und sehr leicht. Dar\u00fcber hinaus ist das Geschirr kratzfest und sp\u00fclmaschinenfest. Dieses stilvolle Set ist f\u00fcr 4 Personen geeignet. 16-tlg. Set bestehend aus: 4 Fr\u00fchst\u00fccksteller 4 Speisetellern 4 Schalen 4 Bechern<\/p>\n","protected":false},"featured_media":211922,"template":"","meta":{"_acf_changed":false},"product_featured_cat":[],"product_brand":[],"product_cat":[4274],"product_tag":[],"class_list":{"0":"post-211924","1":"product","2":"type-product","3":"status-publish","4":"has-post-thumbnail","6":"product_cat-geschirrsets","8":"first","9":"instock","10":"taxable","11":"shipping-taxable","12":"purchasable","13":"product-type-simple"},"acf":[],"yoast_head":"<!-- This site is optimized with the Yoast SEO plugin v27.5 - https:\/\/yoast.com\/product\/yoast-seo-wordpress\/ -->\n<title>Geschirrset Bo-Camp Mix and Match 16-tlg. Farbe blau - Bantam<\/title>\n<meta name=\"robots\" content=\"index, follow, max-snippet:-1, max-image-preview:large, max-video-preview:-1\" \/>\n<link rel=\"canonical\" href=\"https:\/\/shop.bantam.ch\/de\/produkt\/geschirrset-bo-camp-mix-and-match-16-tlg-farbe-blau\/\" \/>\n<meta property=\"og:locale\" content=\"de_DE\" \/>\n<meta property=\"og:type\" content=\"article\" \/>\n<meta property=\"og:title\" content=\"Geschirrset Bo-Camp Mix and Match 16-tlg. Farbe blau - Bantam\" \/>\n<meta property=\"og:description\" content=\"Ein luxuri\u00f6ser und trendiger 16-teiliger Service aus 100 % Melamin im Mix-and-Match-Stil. Das Melamin-Geschirr ist praktisch unzerbrechlich und sehr leicht. Dar\u00fcber hinaus ist das Geschirr kratzfest und sp\u00fclmaschinenfest. Dieses stilvolle Set ist f\u00fcr 4 Personen geeignet. 16-tlg. Set bestehend aus: 4 Fr\u00fchst\u00fccksteller 4 Speisetellern 4 Schalen 4 Bechern\" \/>\n<meta property=\"og:url\" content=\"https:\/\/shop.bantam.ch\/de\/produkt\/geschirrset-bo-camp-mix-and-match-16-tlg-farbe-blau\/\" \/>\n<meta property=\"og:site_name\" content=\"Bantam\" \/>\n<meta property=\"article:modified_time\" content=\"2026-05-01T21:18:35+00:00\" \/>\n<meta name=\"twitter:card\" content=\"summary_large_image\" \/>\n<script type=\"application\/ld+json\" class=\"yoast-schema-graph\">{\"@context\":\"https:\\\/\\\/schema.org\",\"@graph\":[{\"@type\":\"WebPage\",\"@id\":\"https:\\\/\\\/shop.bantam.ch\\\/de\\\/produkt\\\/geschirrset-bo-camp-mix-and-match-16-tlg-farbe-blau\\\/\",\"url\":\"https:\\\/\\\/shop.bantam.ch\\\/de\\\/produkt\\\/geschirrset-bo-camp-mix-and-match-16-tlg-farbe-blau\\\/\",\"name\":\"Geschirrset Bo-Camp Mix and Match 16-tlg. Farbe blau - Bantam\",\"isPartOf\":{\"@id\":\"https:\\\/\\\/shop.bantam.ch\\\/de\\\/#website\"},\"primaryImageOfPage\":{\"@id\":\"https:\\\/\\\/shop.bantam.ch\\\/de\\\/produkt\\\/geschirrset-bo-camp-mix-and-match-16-tlg-farbe-blau\\\/#primaryimage\"},\"image\":{\"@id\":\"https:\\\/\\\/shop.bantam.ch\\\/de\\\/produkt\\\/geschirrset-bo-camp-mix-and-match-16-tlg-farbe-blau\\\/#primaryimage\"},\"thumbnailUrl\":\"https:\\\/\\\/shop.bantam.ch\\\/wp-content\\\/uploads\\\/2025\\\/03\\\/Movera-L-9958423100.jpg\",\"datePublished\":\"2025-03-14T13:47:54+00:00\",\"dateModified\":\"2026-05-01T21:18:35+00:00\",\"breadcrumb\":{\"@id\":\"https:\\\/\\\/shop.bantam.ch\\\/de\\\/produkt\\\/geschirrset-bo-camp-mix-and-match-16-tlg-farbe-blau\\\/#breadcrumb\"},\"inLanguage\":\"de\",\"potentialAction\":[{\"@type\":\"ReadAction\",\"target\":[\"https:\\\/\\\/shop.bantam.ch\\\/de\\\/produkt\\\/geschirrset-bo-camp-mix-and-match-16-tlg-farbe-blau\\\/\"]}]},{\"@type\":\"ImageObject\",\"inLanguage\":\"de\",\"@id\":\"https:\\\/\\\/shop.bantam.ch\\\/de\\\/produkt\\\/geschirrset-bo-camp-mix-and-match-16-tlg-farbe-blau\\\/#primaryimage\",\"url\":\"https:\\\/\\\/shop.bantam.ch\\\/wp-content\\\/uploads\\\/2025\\\/03\\\/Movera-L-9958423100.jpg\",\"contentUrl\":\"https:\\\/\\\/shop.bantam.ch\\\/wp-content\\\/uploads\\\/2025\\\/03\\\/Movera-L-9958423100.jpg\",\"width\":640,\"height\":424},{\"@type\":\"BreadcrumbList\",\"@id\":\"https:\\\/\\\/shop.bantam.ch\\\/de\\\/produkt\\\/geschirrset-bo-camp-mix-and-match-16-tlg-farbe-blau\\\/#breadcrumb\",\"itemListElement\":[{\"@type\":\"ListItem\",\"position\":1,\"name\":\"Accueil\",\"item\":\"https:\\\/\\\/shop.bantam.ch\\\/de\\\/\"},{\"@type\":\"ListItem\",\"position\":2,\"name\":\"Shop\",\"item\":\"https:\\\/\\\/shop.bantam.ch\\\/de\\\/shop\\\/\"},{\"@type\":\"ListItem\",\"position\":3,\"name\":\"Geschirrset Bo-Camp Mix and Match 16-tlg. Farbe blau\"}]},{\"@type\":\"WebSite\",\"@id\":\"https:\\\/\\\/shop.bantam.ch\\\/de\\\/#website\",\"url\":\"https:\\\/\\\/shop.bantam.ch\\\/de\\\/\",\"name\":\"Bantam\",\"description\":\"\",\"publisher\":{\"@id\":\"https:\\\/\\\/shop.bantam.ch\\\/de\\\/#organization\"},\"inLanguage\":\"de\"},{\"@type\":\"Organization\",\"@id\":\"https:\\\/\\\/shop.bantam.ch\\\/de\\\/#organization\",\"name\":\"Bantam\",\"url\":\"https:\\\/\\\/shop.bantam.ch\\\/de\\\/\",\"logo\":{\"@type\":\"ImageObject\",\"inLanguage\":\"de\",\"@id\":\"https:\\\/\\\/shop.bantam.ch\\\/de\\\/#\\\/schema\\\/logo\\\/image\\\/\",\"url\":\"https:\\\/\\\/shop.bantam.ch\\\/wp-content\\\/uploads\\\/2022\\\/12\\\/bantam-logo.png\",\"contentUrl\":\"https:\\\/\\\/shop.bantam.ch\\\/wp-content\\\/uploads\\\/2022\\\/12\\\/bantam-logo.png\",\"width\":320,\"height\":71,\"caption\":\"Bantam\"},\"image\":{\"@id\":\"https:\\\/\\\/shop.bantam.ch\\\/de\\\/#\\\/schema\\\/logo\\\/image\\\/\"}}]}<\/script>\n<!-- \/ Yoast SEO plugin. -->","yoast_head_json":{"title":"Geschirrset Bo-Camp Mix and Match 16-tlg. Farbe blau - Bantam","robots":{"index":"index","follow":"follow","max-snippet":"max-snippet:-1","max-image-preview":"max-image-preview:large","max-video-preview":"max-video-preview:-1"},"canonical":"https:\/\/shop.bantam.ch\/de\/produkt\/geschirrset-bo-camp-mix-and-match-16-tlg-farbe-blau\/","og_locale":"de_DE","og_type":"article","og_title":"Geschirrset Bo-Camp Mix and Match 16-tlg. Farbe blau - Bantam","og_description":"Ein luxuri\u00f6ser und trendiger 16-teiliger Service aus 100 % Melamin im Mix-and-Match-Stil. Das Melamin-Geschirr ist praktisch unzerbrechlich und sehr leicht. Dar\u00fcber hinaus ist das Geschirr kratzfest und sp\u00fclmaschinenfest. Dieses stilvolle Set ist f\u00fcr 4 Personen geeignet. 16-tlg. Set bestehend aus: 4 Fr\u00fchst\u00fccksteller 4 Speisetellern 4 Schalen 4 Bechern","og_url":"https:\/\/shop.bantam.ch\/de\/produkt\/geschirrset-bo-camp-mix-and-match-16-tlg-farbe-blau\/","og_site_name":"Bantam","article_modified_time":"2026-05-01T21:18:35+00:00","twitter_card":"summary_large_image","schema":{"@context":"https:\/\/schema.org","@graph":[{"@type":"WebPage","@id":"https:\/\/shop.bantam.ch\/de\/produkt\/geschirrset-bo-camp-mix-and-match-16-tlg-farbe-blau\/","url":"https:\/\/shop.bantam.ch\/de\/produkt\/geschirrset-bo-camp-mix-and-match-16-tlg-farbe-blau\/","name":"Geschirrset Bo-Camp Mix and Match 16-tlg. Farbe blau - Bantam","isPartOf":{"@id":"https:\/\/shop.bantam.ch\/de\/#website"},"primaryImageOfPage":{"@id":"https:\/\/shop.bantam.ch\/de\/produkt\/geschirrset-bo-camp-mix-and-match-16-tlg-farbe-blau\/#primaryimage"},"image":{"@id":"https:\/\/shop.bantam.ch\/de\/produkt\/geschirrset-bo-camp-mix-and-match-16-tlg-farbe-blau\/#primaryimage"},"thumbnailUrl":"https:\/\/shop.bantam.ch\/wp-content\/uploads\/2025\/03\/Movera-L-9958423100.jpg","datePublished":"2025-03-14T13:47:54+00:00","dateModified":"2026-05-01T21:18:35+00:00","breadcrumb":{"@id":"https:\/\/shop.bantam.ch\/de\/produkt\/geschirrset-bo-camp-mix-and-match-16-tlg-farbe-blau\/#breadcrumb"},"inLanguage":"de","potentialAction":[{"@type":"ReadAction","target":["https:\/\/shop.bantam.ch\/de\/produkt\/geschirrset-bo-camp-mix-and-match-16-tlg-farbe-blau\/"]}]},{"@type":"ImageObject","inLanguage":"de","@id":"https:\/\/shop.bantam.ch\/de\/produkt\/geschirrset-bo-camp-mix-and-match-16-tlg-farbe-blau\/#primaryimage","url":"https:\/\/shop.bantam.ch\/wp-content\/uploads\/2025\/03\/Movera-L-9958423100.jpg","contentUrl":"https:\/\/shop.bantam.ch\/wp-content\/uploads\/2025\/03\/Movera-L-9958423100.jpg","width":640,"height":424},{"@type":"BreadcrumbList","@id":"https:\/\/shop.bantam.ch\/de\/produkt\/geschirrset-bo-camp-mix-and-match-16-tlg-farbe-blau\/#breadcrumb","itemListElement":[{"@type":"ListItem","position":1,"name":"Accueil","item":"https:\/\/shop.bantam.ch\/de\/"},{"@type":"ListItem","position":2,"name":"Shop","item":"https:\/\/shop.bantam.ch\/de\/shop\/"},{"@type":"ListItem","position":3,"name":"Geschirrset Bo-Camp Mix and Match 16-tlg. Farbe blau"}]},{"@type":"WebSite","@id":"https:\/\/shop.bantam.ch\/de\/#website","url":"https:\/\/shop.bantam.ch\/de\/","name":"Bantam","description":"","publisher":{"@id":"https:\/\/shop.bantam.ch\/de\/#organization"},"inLanguage":"de"},{"@type":"Organization","@id":"https:\/\/shop.bantam.ch\/de\/#organization","name":"Bantam","url":"https:\/\/shop.bantam.ch\/de\/","logo":{"@type":"ImageObject","inLanguage":"de","@id":"https:\/\/shop.bantam.ch\/de\/#\/schema\/logo\/image\/","url":"https:\/\/shop.bantam.ch\/wp-content\/uploads\/2022\/12\/bantam-logo.png","contentUrl":"https:\/\/shop.bantam.ch\/wp-content\/uploads\/2022\/12\/bantam-logo.png","width":320,"height":71,"caption":"Bantam"},"image":{"@id":"https:\/\/shop.bantam.ch\/de\/#\/schema\/logo\/image\/"}}]}},"_links":{"self":[{"href":"https:\/\/shop.bantam.ch\/de\/wp-json\/wp\/v2\/product\/211924","targetHints":{"allow":["GET"]}}],"collection":[{"href":"https:\/\/shop.bantam.ch\/de\/wp-json\/wp\/v2\/product"}],"about":[{"href":"https:\/\/shop.bantam.ch\/de\/wp-json\/wp\/v2\/types\/product"}],"wp:featuredmedia":[{"embeddable":true,"href":"https:\/\/shop.bantam.ch\/de\/wp-json\/wp\/v2\/media\/211922"}],"wp:attachment":[{"href":"https:\/\/shop.bantam.ch\/de\/wp-json\/wp\/v2\/media?parent=211924"}],"wp:term":[{"taxonomy":"product_featured_cat","embeddable":true,"href":"https:\/\/shop.bantam.ch\/de\/wp-json\/wp\/v2\/product_featured_cat?post=211924"},{"taxonomy":"product_brand","embeddable":true,"href":"https:\/\/shop.bantam.ch\/de\/wp-json\/wp\/v2\/product_brand?post=211924"},{"taxonomy":"product_cat","embeddable":true,"href":"https:\/\/shop.bantam.ch\/de\/wp-json\/wp\/v2\/product_cat?post=211924"},{"taxonomy":"product_tag","embeddable":true,"href":"https:\/\/shop.bantam.ch\/de\/wp-json\/wp\/v2\/product_tag?post=211924"}],"curies":[{"name":"wp","href":"https:\/\/api.w.org\/{rel}","templated":true}]}}