{"id":211876,"date":"2025-03-14T14:46:53","date_gmt":"2025-03-14T13:46:53","guid":{"rendered":"https:\/\/shop.bantam.ch\/produit\/messerset-outwell-chena-mit-sparschaeler-und-schere\/"},"modified":"2026-04-18T23:24:52","modified_gmt":"2026-04-18T21:24:52","slug":"messerset-outwell-chena-mit-sparschaeler-und-schere","status":"publish","type":"product","link":"https:\/\/shop.bantam.ch\/de\/produkt\/messerset-outwell-chena-mit-sparschaeler-und-schere\/","title":{"rendered":"Messerset Outwell Chena mit Sparsch\u00e4ler und Schere"},"content":{"rendered":"<p>Das Messerset Chena \u00fcberzeugt durch seine hochwertigen Materialien und durchdachte Funktionalit\u00e4t. Die Messer und die Schere sind aus rostfreiem Edelstahl gefertigt, w\u00e4hrend die Griffe aus rutschfestem TPR (Thermoplastischer Gummi) bestehen. Dieses vielseitige Set eignet sich perfekt f\u00fcr jede K\u00fcche und macht das Schneiden, Sch\u00e4len und Zerkleinern von Lebensmitteln zum Kinderspiel.<\/p>\n<p>4-tlg. Set bestehend aus:<br \/>\nUniversalmesser, 20 cm<br \/>\nBrotmesser, 19,5 cm<br \/>\nSch\u00e4lmesser, 8 cm<br \/>\nSchere, 7 cm<\/p>\n<ul>\n<li>Klingenabdeckung f\u00fcr sicheren Transport und Lagerung<\/li>\n<li>Soft-Touch rutschfeste Griffe f\u00fcr komfortables Arbeiten<\/li>\n<li>Schere mit integriertem Nussknacker<\/li>\n<\/ul>\n","protected":false},"excerpt":{"rendered":"<p>Das Messerset Chena \u00fcberzeugt durch seine hochwertigen Materialien und durchdachte Funktionalit\u00e4t. Die Messer und die Schere sind aus rostfreiem Edelstahl gefertigt, w\u00e4hrend die Griffe aus rutschfestem TPR (Thermoplastischer Gummi) bestehen. Dieses vielseitige Set eignet sich perfekt f\u00fcr jede K\u00fcche und macht das Schneiden, Sch\u00e4len und Zerkleinern von Lebensmitteln zum Kinderspiel. 4-tlg. Set bestehend aus: Universalmesser, [&hellip;]<\/p>\n","protected":false},"featured_media":211874,"template":"","meta":{"_acf_changed":false},"product_featured_cat":[],"product_brand":[],"product_cat":[4286],"product_tag":[],"class_list":{"0":"post-211876","1":"product","2":"type-product","3":"status-publish","4":"has-post-thumbnail","6":"product_cat-kuechenhelfer","8":"first","9":"instock","10":"taxable","11":"shipping-taxable","12":"purchasable","13":"product-type-simple"},"acf":[],"yoast_head":"<!-- This site is optimized with the Yoast SEO plugin v27.4 - https:\/\/yoast.com\/product\/yoast-seo-wordpress\/ -->\n<title>Messerset Outwell Chena mit Sparsch\u00e4ler und Schere - Bantam Camping AG<\/title>\n<meta name=\"robots\" content=\"index, follow, max-snippet:-1, max-image-preview:large, max-video-preview:-1\" \/>\n<link rel=\"canonical\" href=\"https:\/\/shop.bantam.ch\/de\/produkt\/messerset-outwell-chena-mit-sparschaeler-und-schere\/\" \/>\n<meta property=\"og:locale\" content=\"de_DE\" \/>\n<meta property=\"og:type\" content=\"article\" \/>\n<meta property=\"og:title\" content=\"Messerset Outwell Chena mit Sparsch\u00e4ler und Schere - Bantam Camping AG\" \/>\n<meta property=\"og:description\" content=\"Das Messerset Chena \u00fcberzeugt durch seine hochwertigen Materialien und durchdachte Funktionalit\u00e4t. Die Messer und die Schere sind aus rostfreiem Edelstahl gefertigt, w\u00e4hrend die Griffe aus rutschfestem TPR (Thermoplastischer Gummi) bestehen. Dieses vielseitige Set eignet sich perfekt f\u00fcr jede K\u00fcche und macht das Schneiden, Sch\u00e4len und Zerkleinern von Lebensmitteln zum Kinderspiel. 4-tlg. Set bestehend aus: Universalmesser, [&hellip;]\" \/>\n<meta property=\"og:url\" content=\"https:\/\/shop.bantam.ch\/de\/produkt\/messerset-outwell-chena-mit-sparschaeler-und-schere\/\" \/>\n<meta property=\"og:site_name\" content=\"Bantam Camping AG\" \/>\n<meta property=\"article:modified_time\" content=\"2026-04-18T21:24:52+00:00\" \/>\n<meta name=\"twitter:card\" content=\"summary_large_image\" \/>\n<script type=\"application\/ld+json\" class=\"yoast-schema-graph\">{\"@context\":\"https:\\\/\\\/schema.org\",\"@graph\":[{\"@type\":\"WebPage\",\"@id\":\"https:\\\/\\\/shop.bantam.ch\\\/de\\\/produkt\\\/messerset-outwell-chena-mit-sparschaeler-und-schere\\\/\",\"url\":\"https:\\\/\\\/shop.bantam.ch\\\/de\\\/produkt\\\/messerset-outwell-chena-mit-sparschaeler-und-schere\\\/\",\"name\":\"Messerset Outwell Chena mit Sparsch\u00e4ler und Schere - Bantam Camping AG\",\"isPartOf\":{\"@id\":\"https:\\\/\\\/shop.bantam.ch\\\/de\\\/#website\"},\"primaryImageOfPage\":{\"@id\":\"https:\\\/\\\/shop.bantam.ch\\\/de\\\/produkt\\\/messerset-outwell-chena-mit-sparschaeler-und-schere\\\/#primaryimage\"},\"image\":{\"@id\":\"https:\\\/\\\/shop.bantam.ch\\\/de\\\/produkt\\\/messerset-outwell-chena-mit-sparschaeler-und-schere\\\/#primaryimage\"},\"thumbnailUrl\":\"https:\\\/\\\/shop.bantam.ch\\\/wp-content\\\/uploads\\\/2025\\\/03\\\/Movera-L-9958413100.jpg\",\"datePublished\":\"2025-03-14T13:46:53+00:00\",\"dateModified\":\"2026-04-18T21:24:52+00:00\",\"breadcrumb\":{\"@id\":\"https:\\\/\\\/shop.bantam.ch\\\/de\\\/produkt\\\/messerset-outwell-chena-mit-sparschaeler-und-schere\\\/#breadcrumb\"},\"inLanguage\":\"de\",\"potentialAction\":[{\"@type\":\"ReadAction\",\"target\":[\"https:\\\/\\\/shop.bantam.ch\\\/de\\\/produkt\\\/messerset-outwell-chena-mit-sparschaeler-und-schere\\\/\"]}]},{\"@type\":\"ImageObject\",\"inLanguage\":\"de\",\"@id\":\"https:\\\/\\\/shop.bantam.ch\\\/de\\\/produkt\\\/messerset-outwell-chena-mit-sparschaeler-und-schere\\\/#primaryimage\",\"url\":\"https:\\\/\\\/shop.bantam.ch\\\/wp-content\\\/uploads\\\/2025\\\/03\\\/Movera-L-9958413100.jpg\",\"contentUrl\":\"https:\\\/\\\/shop.bantam.ch\\\/wp-content\\\/uploads\\\/2025\\\/03\\\/Movera-L-9958413100.jpg\",\"width\":640,\"height\":360},{\"@type\":\"BreadcrumbList\",\"@id\":\"https:\\\/\\\/shop.bantam.ch\\\/de\\\/produkt\\\/messerset-outwell-chena-mit-sparschaeler-und-schere\\\/#breadcrumb\",\"itemListElement\":[{\"@type\":\"ListItem\",\"position\":1,\"name\":\"Accueil\",\"item\":\"https:\\\/\\\/shop.bantam.ch\\\/de\\\/\"},{\"@type\":\"ListItem\",\"position\":2,\"name\":\"Shop\",\"item\":\"https:\\\/\\\/shop.bantam.ch\\\/de\\\/shop\\\/\"},{\"@type\":\"ListItem\",\"position\":3,\"name\":\"Messerset Outwell Chena mit Sparsch\u00e4ler und Schere\"}]},{\"@type\":\"WebSite\",\"@id\":\"https:\\\/\\\/shop.bantam.ch\\\/de\\\/#website\",\"url\":\"https:\\\/\\\/shop.bantam.ch\\\/de\\\/\",\"name\":\"Bantam Camping AG\",\"description\":\"\",\"publisher\":{\"@id\":\"https:\\\/\\\/shop.bantam.ch\\\/de\\\/#organization\"},\"inLanguage\":\"de\"},{\"@type\":\"Organization\",\"@id\":\"https:\\\/\\\/shop.bantam.ch\\\/de\\\/#organization\",\"name\":\"Bantam Camping AG\",\"url\":\"https:\\\/\\\/shop.bantam.ch\\\/de\\\/\",\"logo\":{\"@type\":\"ImageObject\",\"inLanguage\":\"de\",\"@id\":\"https:\\\/\\\/shop.bantam.ch\\\/de\\\/#\\\/schema\\\/logo\\\/image\\\/\",\"url\":\"https:\\\/\\\/shop.bantam.ch\\\/wp-content\\\/uploads\\\/2022\\\/12\\\/bantam-logo.png\",\"contentUrl\":\"https:\\\/\\\/shop.bantam.ch\\\/wp-content\\\/uploads\\\/2022\\\/12\\\/bantam-logo.png\",\"width\":320,\"height\":71,\"caption\":\"Bantam Camping AG\"},\"image\":{\"@id\":\"https:\\\/\\\/shop.bantam.ch\\\/de\\\/#\\\/schema\\\/logo\\\/image\\\/\"}}]}<\/script>\n<!-- \/ Yoast SEO plugin. -->","yoast_head_json":{"title":"Messerset Outwell Chena mit Sparsch\u00e4ler und Schere - Bantam Camping AG","robots":{"index":"index","follow":"follow","max-snippet":"max-snippet:-1","max-image-preview":"max-image-preview:large","max-video-preview":"max-video-preview:-1"},"canonical":"https:\/\/shop.bantam.ch\/de\/produkt\/messerset-outwell-chena-mit-sparschaeler-und-schere\/","og_locale":"de_DE","og_type":"article","og_title":"Messerset Outwell Chena mit Sparsch\u00e4ler und Schere - Bantam Camping AG","og_description":"Das Messerset Chena \u00fcberzeugt durch seine hochwertigen Materialien und durchdachte Funktionalit\u00e4t. Die Messer und die Schere sind aus rostfreiem Edelstahl gefertigt, w\u00e4hrend die Griffe aus rutschfestem TPR (Thermoplastischer Gummi) bestehen. Dieses vielseitige Set eignet sich perfekt f\u00fcr jede K\u00fcche und macht das Schneiden, Sch\u00e4len und Zerkleinern von Lebensmitteln zum Kinderspiel. 4-tlg. Set bestehend aus: Universalmesser, [&hellip;]","og_url":"https:\/\/shop.bantam.ch\/de\/produkt\/messerset-outwell-chena-mit-sparschaeler-und-schere\/","og_site_name":"Bantam Camping AG","article_modified_time":"2026-04-18T21:24:52+00:00","twitter_card":"summary_large_image","schema":{"@context":"https:\/\/schema.org","@graph":[{"@type":"WebPage","@id":"https:\/\/shop.bantam.ch\/de\/produkt\/messerset-outwell-chena-mit-sparschaeler-und-schere\/","url":"https:\/\/shop.bantam.ch\/de\/produkt\/messerset-outwell-chena-mit-sparschaeler-und-schere\/","name":"Messerset Outwell Chena mit Sparsch\u00e4ler und Schere - Bantam Camping AG","isPartOf":{"@id":"https:\/\/shop.bantam.ch\/de\/#website"},"primaryImageOfPage":{"@id":"https:\/\/shop.bantam.ch\/de\/produkt\/messerset-outwell-chena-mit-sparschaeler-und-schere\/#primaryimage"},"image":{"@id":"https:\/\/shop.bantam.ch\/de\/produkt\/messerset-outwell-chena-mit-sparschaeler-und-schere\/#primaryimage"},"thumbnailUrl":"https:\/\/shop.bantam.ch\/wp-content\/uploads\/2025\/03\/Movera-L-9958413100.jpg","datePublished":"2025-03-14T13:46:53+00:00","dateModified":"2026-04-18T21:24:52+00:00","breadcrumb":{"@id":"https:\/\/shop.bantam.ch\/de\/produkt\/messerset-outwell-chena-mit-sparschaeler-und-schere\/#breadcrumb"},"inLanguage":"de","potentialAction":[{"@type":"ReadAction","target":["https:\/\/shop.bantam.ch\/de\/produkt\/messerset-outwell-chena-mit-sparschaeler-und-schere\/"]}]},{"@type":"ImageObject","inLanguage":"de","@id":"https:\/\/shop.bantam.ch\/de\/produkt\/messerset-outwell-chena-mit-sparschaeler-und-schere\/#primaryimage","url":"https:\/\/shop.bantam.ch\/wp-content\/uploads\/2025\/03\/Movera-L-9958413100.jpg","contentUrl":"https:\/\/shop.bantam.ch\/wp-content\/uploads\/2025\/03\/Movera-L-9958413100.jpg","width":640,"height":360},{"@type":"BreadcrumbList","@id":"https:\/\/shop.bantam.ch\/de\/produkt\/messerset-outwell-chena-mit-sparschaeler-und-schere\/#breadcrumb","itemListElement":[{"@type":"ListItem","position":1,"name":"Accueil","item":"https:\/\/shop.bantam.ch\/de\/"},{"@type":"ListItem","position":2,"name":"Shop","item":"https:\/\/shop.bantam.ch\/de\/shop\/"},{"@type":"ListItem","position":3,"name":"Messerset Outwell Chena mit Sparsch\u00e4ler und Schere"}]},{"@type":"WebSite","@id":"https:\/\/shop.bantam.ch\/de\/#website","url":"https:\/\/shop.bantam.ch\/de\/","name":"Bantam Camping AG","description":"","publisher":{"@id":"https:\/\/shop.bantam.ch\/de\/#organization"},"inLanguage":"de"},{"@type":"Organization","@id":"https:\/\/shop.bantam.ch\/de\/#organization","name":"Bantam Camping AG","url":"https:\/\/shop.bantam.ch\/de\/","logo":{"@type":"ImageObject","inLanguage":"de","@id":"https:\/\/shop.bantam.ch\/de\/#\/schema\/logo\/image\/","url":"https:\/\/shop.bantam.ch\/wp-content\/uploads\/2022\/12\/bantam-logo.png","contentUrl":"https:\/\/shop.bantam.ch\/wp-content\/uploads\/2022\/12\/bantam-logo.png","width":320,"height":71,"caption":"Bantam Camping AG"},"image":{"@id":"https:\/\/shop.bantam.ch\/de\/#\/schema\/logo\/image\/"}}]}},"_links":{"self":[{"href":"https:\/\/shop.bantam.ch\/de\/wp-json\/wp\/v2\/product\/211876","targetHints":{"allow":["GET"]}}],"collection":[{"href":"https:\/\/shop.bantam.ch\/de\/wp-json\/wp\/v2\/product"}],"about":[{"href":"https:\/\/shop.bantam.ch\/de\/wp-json\/wp\/v2\/types\/product"}],"wp:featuredmedia":[{"embeddable":true,"href":"https:\/\/shop.bantam.ch\/de\/wp-json\/wp\/v2\/media\/211874"}],"wp:attachment":[{"href":"https:\/\/shop.bantam.ch\/de\/wp-json\/wp\/v2\/media?parent=211876"}],"wp:term":[{"taxonomy":"product_featured_cat","embeddable":true,"href":"https:\/\/shop.bantam.ch\/de\/wp-json\/wp\/v2\/product_featured_cat?post=211876"},{"taxonomy":"product_brand","embeddable":true,"href":"https:\/\/shop.bantam.ch\/de\/wp-json\/wp\/v2\/product_brand?post=211876"},{"taxonomy":"product_cat","embeddable":true,"href":"https:\/\/shop.bantam.ch\/de\/wp-json\/wp\/v2\/product_cat?post=211876"},{"taxonomy":"product_tag","embeddable":true,"href":"https:\/\/shop.bantam.ch\/de\/wp-json\/wp\/v2\/product_tag?post=211876"}],"curies":[{"name":"wp","href":"https:\/\/api.w.org\/{rel}","templated":true}]}}