{"id":211826,"date":"2025-03-14T14:45:37","date_gmt":"2025-03-14T13:45:37","guid":{"rendered":"https:\/\/shop.bantam.ch\/produit\/schuessel-set-outwell-cookout-mit-deckeln-6-tlg-farbe-beige-blau\/"},"modified":"2026-05-10T23:20:46","modified_gmt":"2026-05-10T21:20:46","slug":"schuessel-set-outwell-cookout-mit-deckeln-6-tlg-farbe-beige-blau","status":"publish","type":"product","link":"https:\/\/shop.bantam.ch\/de\/produkt\/schuessel-set-outwell-cookout-mit-deckeln-6-tlg-farbe-beige-blau\/","title":{"rendered":"Sch\u00fcssel Set Outwell Cookout mit Deckeln 6-tlg. Farbe beige \/ blau"},"content":{"rendered":"<p>Das Sch\u00fcssel Set Cookout mit Deckeln ist ideal f\u00fcr jede K\u00fcche, ob zu Hause oder unterwegs. Das Set besteht aus drei Sch\u00fcsseln und drei passenden Deckeln, gefertigt aus robustem Polypropylen und TPR. Dank der transparenten Deckel kannst du den Inhalt problemlos erkennen, ohne die Sch\u00fcssel \u00f6ffnen zu m\u00fcssen. Die Sch\u00fcsseln lassen sich ineinander stapeln und erm\u00f6glichen so eine platzsparende Aufbewahrung. Dieses Set bietet dir praktische und langlebige L\u00f6sungen f\u00fcr deine K\u00fcchenbed\u00fcrfnisse.<\/p>\n<p>6-tlg. Set bestehend aus:<br \/>\nSch\u00fcssel S, 0,73 l<br \/>\nSch\u00fcssel M, 1,25 l<br \/>\nSch\u00fcssel L, 2,2 l<br \/>\n3 Deckel<\/p>\n","protected":false},"excerpt":{"rendered":"<p>Das Sch\u00fcssel Set Cookout mit Deckeln ist ideal f\u00fcr jede K\u00fcche, ob zu Hause oder unterwegs. Das Set besteht aus drei Sch\u00fcsseln und drei passenden Deckeln, gefertigt aus robustem Polypropylen und TPR. Dank der transparenten Deckel kannst du den Inhalt problemlos erkennen, ohne die Sch\u00fcssel \u00f6ffnen zu m\u00fcssen. Die Sch\u00fcsseln lassen sich ineinander stapeln und [&hellip;]<\/p>\n","protected":false},"featured_media":211824,"template":"","meta":{"_acf_changed":false},"product_featured_cat":[],"product_brand":[],"product_cat":[4012],"product_tag":[],"class_list":{"0":"post-211826","1":"product","2":"type-product","3":"status-publish","4":"has-post-thumbnail","6":"product_cat-dosen-flaschen","8":"first","9":"instock","10":"taxable","11":"shipping-taxable","12":"purchasable","13":"product-type-simple"},"acf":[],"yoast_head":"<!-- This site is optimized with the Yoast SEO plugin v27.5 - https:\/\/yoast.com\/product\/yoast-seo-wordpress\/ -->\n<title>Sch\u00fcssel Set Outwell Cookout mit Deckeln 6-tlg. Farbe beige \/ blau - Bantam<\/title>\n<meta name=\"robots\" content=\"index, follow, max-snippet:-1, max-image-preview:large, max-video-preview:-1\" \/>\n<link rel=\"canonical\" href=\"https:\/\/shop.bantam.ch\/de\/produkt\/schuessel-set-outwell-cookout-mit-deckeln-6-tlg-farbe-beige-blau\/\" \/>\n<meta property=\"og:locale\" content=\"de_DE\" \/>\n<meta property=\"og:type\" content=\"article\" \/>\n<meta property=\"og:title\" content=\"Sch\u00fcssel Set Outwell Cookout mit Deckeln 6-tlg. Farbe beige \/ blau - Bantam\" \/>\n<meta property=\"og:description\" content=\"Das Sch\u00fcssel Set Cookout mit Deckeln ist ideal f\u00fcr jede K\u00fcche, ob zu Hause oder unterwegs. Das Set besteht aus drei Sch\u00fcsseln und drei passenden Deckeln, gefertigt aus robustem Polypropylen und TPR. Dank der transparenten Deckel kannst du den Inhalt problemlos erkennen, ohne die Sch\u00fcssel \u00f6ffnen zu m\u00fcssen. Die Sch\u00fcsseln lassen sich ineinander stapeln und [&hellip;]\" \/>\n<meta property=\"og:url\" content=\"https:\/\/shop.bantam.ch\/de\/produkt\/schuessel-set-outwell-cookout-mit-deckeln-6-tlg-farbe-beige-blau\/\" \/>\n<meta property=\"og:site_name\" content=\"Bantam\" \/>\n<meta property=\"article:modified_time\" content=\"2026-05-10T21:20:46+00:00\" \/>\n<meta name=\"twitter:card\" content=\"summary_large_image\" \/>\n<meta name=\"twitter:label1\" content=\"Gesch\u00e4tzte Lesezeit\" \/>\n\t<meta name=\"twitter:data1\" content=\"1\u00a0Minute\" \/>\n<script type=\"application\/ld+json\" class=\"yoast-schema-graph\">{\"@context\":\"https:\\\/\\\/schema.org\",\"@graph\":[{\"@type\":\"WebPage\",\"@id\":\"https:\\\/\\\/shop.bantam.ch\\\/de\\\/produkt\\\/schuessel-set-outwell-cookout-mit-deckeln-6-tlg-farbe-beige-blau\\\/\",\"url\":\"https:\\\/\\\/shop.bantam.ch\\\/de\\\/produkt\\\/schuessel-set-outwell-cookout-mit-deckeln-6-tlg-farbe-beige-blau\\\/\",\"name\":\"Sch\u00fcssel Set Outwell Cookout mit Deckeln 6-tlg. Farbe beige \\\/ blau - Bantam\",\"isPartOf\":{\"@id\":\"https:\\\/\\\/shop.bantam.ch\\\/de\\\/#website\"},\"primaryImageOfPage\":{\"@id\":\"https:\\\/\\\/shop.bantam.ch\\\/de\\\/produkt\\\/schuessel-set-outwell-cookout-mit-deckeln-6-tlg-farbe-beige-blau\\\/#primaryimage\"},\"image\":{\"@id\":\"https:\\\/\\\/shop.bantam.ch\\\/de\\\/produkt\\\/schuessel-set-outwell-cookout-mit-deckeln-6-tlg-farbe-beige-blau\\\/#primaryimage\"},\"thumbnailUrl\":\"https:\\\/\\\/shop.bantam.ch\\\/wp-content\\\/uploads\\\/2025\\\/03\\\/Movera-L-9958401100.jpg\",\"datePublished\":\"2025-03-14T13:45:37+00:00\",\"dateModified\":\"2026-05-10T21:20:46+00:00\",\"breadcrumb\":{\"@id\":\"https:\\\/\\\/shop.bantam.ch\\\/de\\\/produkt\\\/schuessel-set-outwell-cookout-mit-deckeln-6-tlg-farbe-beige-blau\\\/#breadcrumb\"},\"inLanguage\":\"de\",\"potentialAction\":[{\"@type\":\"ReadAction\",\"target\":[\"https:\\\/\\\/shop.bantam.ch\\\/de\\\/produkt\\\/schuessel-set-outwell-cookout-mit-deckeln-6-tlg-farbe-beige-blau\\\/\"]}]},{\"@type\":\"ImageObject\",\"inLanguage\":\"de\",\"@id\":\"https:\\\/\\\/shop.bantam.ch\\\/de\\\/produkt\\\/schuessel-set-outwell-cookout-mit-deckeln-6-tlg-farbe-beige-blau\\\/#primaryimage\",\"url\":\"https:\\\/\\\/shop.bantam.ch\\\/wp-content\\\/uploads\\\/2025\\\/03\\\/Movera-L-9958401100.jpg\",\"contentUrl\":\"https:\\\/\\\/shop.bantam.ch\\\/wp-content\\\/uploads\\\/2025\\\/03\\\/Movera-L-9958401100.jpg\",\"width\":640,\"height\":360},{\"@type\":\"BreadcrumbList\",\"@id\":\"https:\\\/\\\/shop.bantam.ch\\\/de\\\/produkt\\\/schuessel-set-outwell-cookout-mit-deckeln-6-tlg-farbe-beige-blau\\\/#breadcrumb\",\"itemListElement\":[{\"@type\":\"ListItem\",\"position\":1,\"name\":\"Accueil\",\"item\":\"https:\\\/\\\/shop.bantam.ch\\\/de\\\/\"},{\"@type\":\"ListItem\",\"position\":2,\"name\":\"Shop\",\"item\":\"https:\\\/\\\/shop.bantam.ch\\\/de\\\/shop\\\/\"},{\"@type\":\"ListItem\",\"position\":3,\"name\":\"Sch\u00fcssel Set Outwell Cookout mit Deckeln 6-tlg. Farbe beige \\\/ blau\"}]},{\"@type\":\"WebSite\",\"@id\":\"https:\\\/\\\/shop.bantam.ch\\\/de\\\/#website\",\"url\":\"https:\\\/\\\/shop.bantam.ch\\\/de\\\/\",\"name\":\"Bantam\",\"description\":\"\",\"publisher\":{\"@id\":\"https:\\\/\\\/shop.bantam.ch\\\/de\\\/#organization\"},\"inLanguage\":\"de\"},{\"@type\":\"Organization\",\"@id\":\"https:\\\/\\\/shop.bantam.ch\\\/de\\\/#organization\",\"name\":\"Bantam\",\"url\":\"https:\\\/\\\/shop.bantam.ch\\\/de\\\/\",\"logo\":{\"@type\":\"ImageObject\",\"inLanguage\":\"de\",\"@id\":\"https:\\\/\\\/shop.bantam.ch\\\/de\\\/#\\\/schema\\\/logo\\\/image\\\/\",\"url\":\"https:\\\/\\\/shop.bantam.ch\\\/wp-content\\\/uploads\\\/2022\\\/12\\\/bantam-logo.png\",\"contentUrl\":\"https:\\\/\\\/shop.bantam.ch\\\/wp-content\\\/uploads\\\/2022\\\/12\\\/bantam-logo.png\",\"width\":320,\"height\":71,\"caption\":\"Bantam\"},\"image\":{\"@id\":\"https:\\\/\\\/shop.bantam.ch\\\/de\\\/#\\\/schema\\\/logo\\\/image\\\/\"}}]}<\/script>\n<!-- \/ Yoast SEO plugin. -->","yoast_head_json":{"title":"Sch\u00fcssel Set Outwell Cookout mit Deckeln 6-tlg. Farbe beige \/ blau - Bantam","robots":{"index":"index","follow":"follow","max-snippet":"max-snippet:-1","max-image-preview":"max-image-preview:large","max-video-preview":"max-video-preview:-1"},"canonical":"https:\/\/shop.bantam.ch\/de\/produkt\/schuessel-set-outwell-cookout-mit-deckeln-6-tlg-farbe-beige-blau\/","og_locale":"de_DE","og_type":"article","og_title":"Sch\u00fcssel Set Outwell Cookout mit Deckeln 6-tlg. Farbe beige \/ blau - Bantam","og_description":"Das Sch\u00fcssel Set Cookout mit Deckeln ist ideal f\u00fcr jede K\u00fcche, ob zu Hause oder unterwegs. Das Set besteht aus drei Sch\u00fcsseln und drei passenden Deckeln, gefertigt aus robustem Polypropylen und TPR. Dank der transparenten Deckel kannst du den Inhalt problemlos erkennen, ohne die Sch\u00fcssel \u00f6ffnen zu m\u00fcssen. Die Sch\u00fcsseln lassen sich ineinander stapeln und [&hellip;]","og_url":"https:\/\/shop.bantam.ch\/de\/produkt\/schuessel-set-outwell-cookout-mit-deckeln-6-tlg-farbe-beige-blau\/","og_site_name":"Bantam","article_modified_time":"2026-05-10T21:20:46+00:00","twitter_card":"summary_large_image","twitter_misc":{"Gesch\u00e4tzte Lesezeit":"1\u00a0Minute"},"schema":{"@context":"https:\/\/schema.org","@graph":[{"@type":"WebPage","@id":"https:\/\/shop.bantam.ch\/de\/produkt\/schuessel-set-outwell-cookout-mit-deckeln-6-tlg-farbe-beige-blau\/","url":"https:\/\/shop.bantam.ch\/de\/produkt\/schuessel-set-outwell-cookout-mit-deckeln-6-tlg-farbe-beige-blau\/","name":"Sch\u00fcssel Set Outwell Cookout mit Deckeln 6-tlg. Farbe beige \/ blau - Bantam","isPartOf":{"@id":"https:\/\/shop.bantam.ch\/de\/#website"},"primaryImageOfPage":{"@id":"https:\/\/shop.bantam.ch\/de\/produkt\/schuessel-set-outwell-cookout-mit-deckeln-6-tlg-farbe-beige-blau\/#primaryimage"},"image":{"@id":"https:\/\/shop.bantam.ch\/de\/produkt\/schuessel-set-outwell-cookout-mit-deckeln-6-tlg-farbe-beige-blau\/#primaryimage"},"thumbnailUrl":"https:\/\/shop.bantam.ch\/wp-content\/uploads\/2025\/03\/Movera-L-9958401100.jpg","datePublished":"2025-03-14T13:45:37+00:00","dateModified":"2026-05-10T21:20:46+00:00","breadcrumb":{"@id":"https:\/\/shop.bantam.ch\/de\/produkt\/schuessel-set-outwell-cookout-mit-deckeln-6-tlg-farbe-beige-blau\/#breadcrumb"},"inLanguage":"de","potentialAction":[{"@type":"ReadAction","target":["https:\/\/shop.bantam.ch\/de\/produkt\/schuessel-set-outwell-cookout-mit-deckeln-6-tlg-farbe-beige-blau\/"]}]},{"@type":"ImageObject","inLanguage":"de","@id":"https:\/\/shop.bantam.ch\/de\/produkt\/schuessel-set-outwell-cookout-mit-deckeln-6-tlg-farbe-beige-blau\/#primaryimage","url":"https:\/\/shop.bantam.ch\/wp-content\/uploads\/2025\/03\/Movera-L-9958401100.jpg","contentUrl":"https:\/\/shop.bantam.ch\/wp-content\/uploads\/2025\/03\/Movera-L-9958401100.jpg","width":640,"height":360},{"@type":"BreadcrumbList","@id":"https:\/\/shop.bantam.ch\/de\/produkt\/schuessel-set-outwell-cookout-mit-deckeln-6-tlg-farbe-beige-blau\/#breadcrumb","itemListElement":[{"@type":"ListItem","position":1,"name":"Accueil","item":"https:\/\/shop.bantam.ch\/de\/"},{"@type":"ListItem","position":2,"name":"Shop","item":"https:\/\/shop.bantam.ch\/de\/shop\/"},{"@type":"ListItem","position":3,"name":"Sch\u00fcssel Set Outwell Cookout mit Deckeln 6-tlg. Farbe beige \/ blau"}]},{"@type":"WebSite","@id":"https:\/\/shop.bantam.ch\/de\/#website","url":"https:\/\/shop.bantam.ch\/de\/","name":"Bantam","description":"","publisher":{"@id":"https:\/\/shop.bantam.ch\/de\/#organization"},"inLanguage":"de"},{"@type":"Organization","@id":"https:\/\/shop.bantam.ch\/de\/#organization","name":"Bantam","url":"https:\/\/shop.bantam.ch\/de\/","logo":{"@type":"ImageObject","inLanguage":"de","@id":"https:\/\/shop.bantam.ch\/de\/#\/schema\/logo\/image\/","url":"https:\/\/shop.bantam.ch\/wp-content\/uploads\/2022\/12\/bantam-logo.png","contentUrl":"https:\/\/shop.bantam.ch\/wp-content\/uploads\/2022\/12\/bantam-logo.png","width":320,"height":71,"caption":"Bantam"},"image":{"@id":"https:\/\/shop.bantam.ch\/de\/#\/schema\/logo\/image\/"}}]}},"_links":{"self":[{"href":"https:\/\/shop.bantam.ch\/de\/wp-json\/wp\/v2\/product\/211826","targetHints":{"allow":["GET"]}}],"collection":[{"href":"https:\/\/shop.bantam.ch\/de\/wp-json\/wp\/v2\/product"}],"about":[{"href":"https:\/\/shop.bantam.ch\/de\/wp-json\/wp\/v2\/types\/product"}],"wp:featuredmedia":[{"embeddable":true,"href":"https:\/\/shop.bantam.ch\/de\/wp-json\/wp\/v2\/media\/211824"}],"wp:attachment":[{"href":"https:\/\/shop.bantam.ch\/de\/wp-json\/wp\/v2\/media?parent=211826"}],"wp:term":[{"taxonomy":"product_featured_cat","embeddable":true,"href":"https:\/\/shop.bantam.ch\/de\/wp-json\/wp\/v2\/product_featured_cat?post=211826"},{"taxonomy":"product_brand","embeddable":true,"href":"https:\/\/shop.bantam.ch\/de\/wp-json\/wp\/v2\/product_brand?post=211826"},{"taxonomy":"product_cat","embeddable":true,"href":"https:\/\/shop.bantam.ch\/de\/wp-json\/wp\/v2\/product_cat?post=211826"},{"taxonomy":"product_tag","embeddable":true,"href":"https:\/\/shop.bantam.ch\/de\/wp-json\/wp\/v2\/product_tag?post=211826"}],"curies":[{"name":"wp","href":"https:\/\/api.w.org\/{rel}","templated":true}]}}