{"id":211728,"date":"2025-03-14T14:42:37","date_gmt":"2025-03-14T13:42:37","guid":{"rendered":"https:\/\/shop.bantam.ch\/produit\/spuelbuerste-gefu-mit-spuelmittelspender-swift-farbe-schwarz-silber\/"},"modified":"2026-05-02T23:17:29","modified_gmt":"2026-05-02T21:17:29","slug":"spuelbuerste-gefu-mit-spuelmittelspender-swift-farbe-schwarz-silber","status":"publish","type":"product","link":"https:\/\/shop.bantam.ch\/de\/produkt\/spuelbuerste-gefu-mit-spuelmittelspender-swift-farbe-schwarz-silber\/","title":{"rendered":"Sp\u00fclb\u00fcrste GEFU mit Sp\u00fclmittelspender SWIFT Farbe schwarz \/ silber"},"content":{"rendered":"<p>So macht der Abwasch endlich Spa\u00df! Die kr\u00e4ftige Nylonb\u00fcrste s\u00e4ubert schmutzige T\u00f6pfe und Geschirr besonders kraftvoll und schonend, das Sp\u00fclmittel im integrierten Spender l\u00e4sst sich per Knopfdruck perfekt dosieren bis alles sauber gl\u00e4nzt und strahlt.<\/p>\n","protected":false},"excerpt":{"rendered":"<p>So macht der Abwasch endlich Spa\u00df! Die kr\u00e4ftige Nylonb\u00fcrste s\u00e4ubert schmutzige T\u00f6pfe und Geschirr besonders kraftvoll und schonend, das Sp\u00fclmittel im integrierten Spender l\u00e4sst sich per Knopfdruck perfekt dosieren bis alles sauber gl\u00e4nzt und strahlt.<\/p>\n","protected":false},"featured_media":211724,"template":"","meta":{"_acf_changed":false},"product_featured_cat":[],"product_brand":[],"product_cat":[4290],"product_tag":[],"class_list":{"0":"post-211728","1":"product","2":"type-product","3":"status-publish","4":"has-post-thumbnail","6":"product_cat-spuelen-putzen","8":"first","9":"instock","10":"taxable","11":"shipping-taxable","12":"purchasable","13":"product-type-simple"},"acf":[],"yoast_head":"<!-- This site is optimized with the Yoast SEO plugin v27.5 - https:\/\/yoast.com\/product\/yoast-seo-wordpress\/ -->\n<title>Sp\u00fclb\u00fcrste GEFU mit Sp\u00fclmittelspender SWIFT Farbe schwarz \/ silber - Bantam<\/title>\n<meta name=\"robots\" content=\"index, follow, max-snippet:-1, max-image-preview:large, max-video-preview:-1\" \/>\n<link rel=\"canonical\" href=\"https:\/\/shop.bantam.ch\/de\/produkt\/spuelbuerste-gefu-mit-spuelmittelspender-swift-farbe-schwarz-silber\/\" \/>\n<meta property=\"og:locale\" content=\"de_DE\" \/>\n<meta property=\"og:type\" content=\"article\" \/>\n<meta property=\"og:title\" content=\"Sp\u00fclb\u00fcrste GEFU mit Sp\u00fclmittelspender SWIFT Farbe schwarz \/ silber - Bantam\" \/>\n<meta property=\"og:description\" content=\"So macht der Abwasch endlich Spa\u00df! Die kr\u00e4ftige Nylonb\u00fcrste s\u00e4ubert schmutzige T\u00f6pfe und Geschirr besonders kraftvoll und schonend, das Sp\u00fclmittel im integrierten Spender l\u00e4sst sich per Knopfdruck perfekt dosieren bis alles sauber gl\u00e4nzt und strahlt.\" \/>\n<meta property=\"og:url\" content=\"https:\/\/shop.bantam.ch\/de\/produkt\/spuelbuerste-gefu-mit-spuelmittelspender-swift-farbe-schwarz-silber\/\" \/>\n<meta property=\"og:site_name\" content=\"Bantam\" \/>\n<meta property=\"article:modified_time\" content=\"2026-05-02T21:17:29+00:00\" \/>\n<meta name=\"twitter:card\" content=\"summary_large_image\" \/>\n<script type=\"application\/ld+json\" class=\"yoast-schema-graph\">{\"@context\":\"https:\\\/\\\/schema.org\",\"@graph\":[{\"@type\":\"WebPage\",\"@id\":\"https:\\\/\\\/shop.bantam.ch\\\/de\\\/produkt\\\/spuelbuerste-gefu-mit-spuelmittelspender-swift-farbe-schwarz-silber\\\/\",\"url\":\"https:\\\/\\\/shop.bantam.ch\\\/de\\\/produkt\\\/spuelbuerste-gefu-mit-spuelmittelspender-swift-farbe-schwarz-silber\\\/\",\"name\":\"Sp\u00fclb\u00fcrste GEFU mit Sp\u00fclmittelspender SWIFT Farbe schwarz \\\/ silber - Bantam\",\"isPartOf\":{\"@id\":\"https:\\\/\\\/shop.bantam.ch\\\/de\\\/#website\"},\"primaryImageOfPage\":{\"@id\":\"https:\\\/\\\/shop.bantam.ch\\\/de\\\/produkt\\\/spuelbuerste-gefu-mit-spuelmittelspender-swift-farbe-schwarz-silber\\\/#primaryimage\"},\"image\":{\"@id\":\"https:\\\/\\\/shop.bantam.ch\\\/de\\\/produkt\\\/spuelbuerste-gefu-mit-spuelmittelspender-swift-farbe-schwarz-silber\\\/#primaryimage\"},\"thumbnailUrl\":\"https:\\\/\\\/shop.bantam.ch\\\/wp-content\\\/uploads\\\/2025\\\/03\\\/Movera-L-9958381100.jpg\",\"datePublished\":\"2025-03-14T13:42:37+00:00\",\"dateModified\":\"2026-05-02T21:17:29+00:00\",\"breadcrumb\":{\"@id\":\"https:\\\/\\\/shop.bantam.ch\\\/de\\\/produkt\\\/spuelbuerste-gefu-mit-spuelmittelspender-swift-farbe-schwarz-silber\\\/#breadcrumb\"},\"inLanguage\":\"de\",\"potentialAction\":[{\"@type\":\"ReadAction\",\"target\":[\"https:\\\/\\\/shop.bantam.ch\\\/de\\\/produkt\\\/spuelbuerste-gefu-mit-spuelmittelspender-swift-farbe-schwarz-silber\\\/\"]}]},{\"@type\":\"ImageObject\",\"inLanguage\":\"de\",\"@id\":\"https:\\\/\\\/shop.bantam.ch\\\/de\\\/produkt\\\/spuelbuerste-gefu-mit-spuelmittelspender-swift-farbe-schwarz-silber\\\/#primaryimage\",\"url\":\"https:\\\/\\\/shop.bantam.ch\\\/wp-content\\\/uploads\\\/2025\\\/03\\\/Movera-L-9958381100.jpg\",\"contentUrl\":\"https:\\\/\\\/shop.bantam.ch\\\/wp-content\\\/uploads\\\/2025\\\/03\\\/Movera-L-9958381100.jpg\",\"width\":640,\"height\":959},{\"@type\":\"BreadcrumbList\",\"@id\":\"https:\\\/\\\/shop.bantam.ch\\\/de\\\/produkt\\\/spuelbuerste-gefu-mit-spuelmittelspender-swift-farbe-schwarz-silber\\\/#breadcrumb\",\"itemListElement\":[{\"@type\":\"ListItem\",\"position\":1,\"name\":\"Accueil\",\"item\":\"https:\\\/\\\/shop.bantam.ch\\\/de\\\/\"},{\"@type\":\"ListItem\",\"position\":2,\"name\":\"Shop\",\"item\":\"https:\\\/\\\/shop.bantam.ch\\\/de\\\/shop\\\/\"},{\"@type\":\"ListItem\",\"position\":3,\"name\":\"Sp\u00fclb\u00fcrste GEFU mit Sp\u00fclmittelspender SWIFT Farbe schwarz \\\/ silber\"}]},{\"@type\":\"WebSite\",\"@id\":\"https:\\\/\\\/shop.bantam.ch\\\/de\\\/#website\",\"url\":\"https:\\\/\\\/shop.bantam.ch\\\/de\\\/\",\"name\":\"Bantam\",\"description\":\"\",\"publisher\":{\"@id\":\"https:\\\/\\\/shop.bantam.ch\\\/de\\\/#organization\"},\"inLanguage\":\"de\"},{\"@type\":\"Organization\",\"@id\":\"https:\\\/\\\/shop.bantam.ch\\\/de\\\/#organization\",\"name\":\"Bantam\",\"url\":\"https:\\\/\\\/shop.bantam.ch\\\/de\\\/\",\"logo\":{\"@type\":\"ImageObject\",\"inLanguage\":\"de\",\"@id\":\"https:\\\/\\\/shop.bantam.ch\\\/de\\\/#\\\/schema\\\/logo\\\/image\\\/\",\"url\":\"https:\\\/\\\/shop.bantam.ch\\\/wp-content\\\/uploads\\\/2022\\\/12\\\/bantam-logo.png\",\"contentUrl\":\"https:\\\/\\\/shop.bantam.ch\\\/wp-content\\\/uploads\\\/2022\\\/12\\\/bantam-logo.png\",\"width\":320,\"height\":71,\"caption\":\"Bantam\"},\"image\":{\"@id\":\"https:\\\/\\\/shop.bantam.ch\\\/de\\\/#\\\/schema\\\/logo\\\/image\\\/\"}}]}<\/script>\n<!-- \/ Yoast SEO plugin. -->","yoast_head_json":{"title":"Sp\u00fclb\u00fcrste GEFU mit Sp\u00fclmittelspender SWIFT Farbe schwarz \/ silber - Bantam","robots":{"index":"index","follow":"follow","max-snippet":"max-snippet:-1","max-image-preview":"max-image-preview:large","max-video-preview":"max-video-preview:-1"},"canonical":"https:\/\/shop.bantam.ch\/de\/produkt\/spuelbuerste-gefu-mit-spuelmittelspender-swift-farbe-schwarz-silber\/","og_locale":"de_DE","og_type":"article","og_title":"Sp\u00fclb\u00fcrste GEFU mit Sp\u00fclmittelspender SWIFT Farbe schwarz \/ silber - Bantam","og_description":"So macht der Abwasch endlich Spa\u00df! Die kr\u00e4ftige Nylonb\u00fcrste s\u00e4ubert schmutzige T\u00f6pfe und Geschirr besonders kraftvoll und schonend, das Sp\u00fclmittel im integrierten Spender l\u00e4sst sich per Knopfdruck perfekt dosieren bis alles sauber gl\u00e4nzt und strahlt.","og_url":"https:\/\/shop.bantam.ch\/de\/produkt\/spuelbuerste-gefu-mit-spuelmittelspender-swift-farbe-schwarz-silber\/","og_site_name":"Bantam","article_modified_time":"2026-05-02T21:17:29+00:00","twitter_card":"summary_large_image","schema":{"@context":"https:\/\/schema.org","@graph":[{"@type":"WebPage","@id":"https:\/\/shop.bantam.ch\/de\/produkt\/spuelbuerste-gefu-mit-spuelmittelspender-swift-farbe-schwarz-silber\/","url":"https:\/\/shop.bantam.ch\/de\/produkt\/spuelbuerste-gefu-mit-spuelmittelspender-swift-farbe-schwarz-silber\/","name":"Sp\u00fclb\u00fcrste GEFU mit Sp\u00fclmittelspender SWIFT Farbe schwarz \/ silber - Bantam","isPartOf":{"@id":"https:\/\/shop.bantam.ch\/de\/#website"},"primaryImageOfPage":{"@id":"https:\/\/shop.bantam.ch\/de\/produkt\/spuelbuerste-gefu-mit-spuelmittelspender-swift-farbe-schwarz-silber\/#primaryimage"},"image":{"@id":"https:\/\/shop.bantam.ch\/de\/produkt\/spuelbuerste-gefu-mit-spuelmittelspender-swift-farbe-schwarz-silber\/#primaryimage"},"thumbnailUrl":"https:\/\/shop.bantam.ch\/wp-content\/uploads\/2025\/03\/Movera-L-9958381100.jpg","datePublished":"2025-03-14T13:42:37+00:00","dateModified":"2026-05-02T21:17:29+00:00","breadcrumb":{"@id":"https:\/\/shop.bantam.ch\/de\/produkt\/spuelbuerste-gefu-mit-spuelmittelspender-swift-farbe-schwarz-silber\/#breadcrumb"},"inLanguage":"de","potentialAction":[{"@type":"ReadAction","target":["https:\/\/shop.bantam.ch\/de\/produkt\/spuelbuerste-gefu-mit-spuelmittelspender-swift-farbe-schwarz-silber\/"]}]},{"@type":"ImageObject","inLanguage":"de","@id":"https:\/\/shop.bantam.ch\/de\/produkt\/spuelbuerste-gefu-mit-spuelmittelspender-swift-farbe-schwarz-silber\/#primaryimage","url":"https:\/\/shop.bantam.ch\/wp-content\/uploads\/2025\/03\/Movera-L-9958381100.jpg","contentUrl":"https:\/\/shop.bantam.ch\/wp-content\/uploads\/2025\/03\/Movera-L-9958381100.jpg","width":640,"height":959},{"@type":"BreadcrumbList","@id":"https:\/\/shop.bantam.ch\/de\/produkt\/spuelbuerste-gefu-mit-spuelmittelspender-swift-farbe-schwarz-silber\/#breadcrumb","itemListElement":[{"@type":"ListItem","position":1,"name":"Accueil","item":"https:\/\/shop.bantam.ch\/de\/"},{"@type":"ListItem","position":2,"name":"Shop","item":"https:\/\/shop.bantam.ch\/de\/shop\/"},{"@type":"ListItem","position":3,"name":"Sp\u00fclb\u00fcrste GEFU mit Sp\u00fclmittelspender SWIFT Farbe schwarz \/ silber"}]},{"@type":"WebSite","@id":"https:\/\/shop.bantam.ch\/de\/#website","url":"https:\/\/shop.bantam.ch\/de\/","name":"Bantam","description":"","publisher":{"@id":"https:\/\/shop.bantam.ch\/de\/#organization"},"inLanguage":"de"},{"@type":"Organization","@id":"https:\/\/shop.bantam.ch\/de\/#organization","name":"Bantam","url":"https:\/\/shop.bantam.ch\/de\/","logo":{"@type":"ImageObject","inLanguage":"de","@id":"https:\/\/shop.bantam.ch\/de\/#\/schema\/logo\/image\/","url":"https:\/\/shop.bantam.ch\/wp-content\/uploads\/2022\/12\/bantam-logo.png","contentUrl":"https:\/\/shop.bantam.ch\/wp-content\/uploads\/2022\/12\/bantam-logo.png","width":320,"height":71,"caption":"Bantam"},"image":{"@id":"https:\/\/shop.bantam.ch\/de\/#\/schema\/logo\/image\/"}}]}},"_links":{"self":[{"href":"https:\/\/shop.bantam.ch\/de\/wp-json\/wp\/v2\/product\/211728","targetHints":{"allow":["GET"]}}],"collection":[{"href":"https:\/\/shop.bantam.ch\/de\/wp-json\/wp\/v2\/product"}],"about":[{"href":"https:\/\/shop.bantam.ch\/de\/wp-json\/wp\/v2\/types\/product"}],"wp:featuredmedia":[{"embeddable":true,"href":"https:\/\/shop.bantam.ch\/de\/wp-json\/wp\/v2\/media\/211724"}],"wp:attachment":[{"href":"https:\/\/shop.bantam.ch\/de\/wp-json\/wp\/v2\/media?parent=211728"}],"wp:term":[{"taxonomy":"product_featured_cat","embeddable":true,"href":"https:\/\/shop.bantam.ch\/de\/wp-json\/wp\/v2\/product_featured_cat?post=211728"},{"taxonomy":"product_brand","embeddable":true,"href":"https:\/\/shop.bantam.ch\/de\/wp-json\/wp\/v2\/product_brand?post=211728"},{"taxonomy":"product_cat","embeddable":true,"href":"https:\/\/shop.bantam.ch\/de\/wp-json\/wp\/v2\/product_cat?post=211728"},{"taxonomy":"product_tag","embeddable":true,"href":"https:\/\/shop.bantam.ch\/de\/wp-json\/wp\/v2\/product_tag?post=211728"}],"curies":[{"name":"wp","href":"https:\/\/api.w.org\/{rel}","templated":true}]}}