{"id":211562,"date":"2025-03-14T14:38:41","date_gmt":"2025-03-14T13:38:41","guid":{"rendered":"https:\/\/shop.bantam.ch\/produit\/batterie-exide-equipment-li-ion-ev\/"},"modified":"2026-04-19T01:43:16","modified_gmt":"2026-04-18T23:43:16","slug":"batterie-exide-equipment-li-ion-ev","status":"publish","type":"product","link":"https:\/\/shop.bantam.ch\/de\/produkt\/batterie-exide-equipment-li-ion-ev\/","title":{"rendered":"Batterie Exide Equipment Li-Ion EV"},"content":{"rendered":"<p>Vorteile:<\/p>\n<ul>\n<li>Ultraleicht<\/li>\n<li>\u00dcberlegene Zyklenleistung<\/li>\n<li>Bis zu 50 Prozent schnelleres Aufladen<\/li>\n<li>Sofort einsatzbereit<\/li>\n<li>V\u00f6llig wartungsfrei<\/li>\n<li>Geeignet f\u00fcr lange Ruhezeiten<\/li>\n<li>Batteriemanagementsysteme im sicheren Betrieb und beste Leistung<\/li>\n<li>Optimales Laden auch bei kalten Temperaturen<\/li>\n<li>Aufladen auch \u00fcber Solarpanel m\u00f6glich<\/li>\n<li>Bluetooth-Verbindung und mobile App<\/li>\n<li>Der Ruhemodus erh\u00e4lt die Ladung der Batterie w\u00e4hrend der Ruhephasen<\/li>\n<\/ul>\n","protected":false},"excerpt":{"rendered":"<p>Vorteile: Ultraleicht \u00dcberlegene Zyklenleistung Bis zu 50 Prozent schnelleres Aufladen Sofort einsatzbereit V\u00f6llig wartungsfrei Geeignet f\u00fcr lange Ruhezeiten Batteriemanagementsysteme im sicheren Betrieb und beste Leistung Optimales Laden auch bei kalten Temperaturen Aufladen auch \u00fcber Solarpanel m\u00f6glich Bluetooth-Verbindung und mobile App Der Ruhemodus erh\u00e4lt die Ladung der Batterie w\u00e4hrend der Ruhephasen<\/p>\n","protected":false},"featured_media":211554,"template":"","meta":{"_acf_changed":false},"product_featured_cat":[],"product_brand":[],"product_cat":[5108,4188],"product_tag":[],"class_list":{"0":"post-211562","1":"product","2":"type-product","3":"status-publish","4":"has-post-thumbnail","6":"product_cat-agm-batterien","7":"product_cat-batterien","9":"first","10":"instock","11":"taxable","12":"shipping-taxable","13":"purchasable","14":"product-type-variable"},"acf":[],"yoast_head":"<!-- This site is optimized with the Yoast SEO plugin v27.4 - https:\/\/yoast.com\/product\/yoast-seo-wordpress\/ -->\n<title>Batterie Exide Equipment Li-Ion EV - Bantam Camping AG<\/title>\n<meta name=\"robots\" content=\"index, follow, max-snippet:-1, max-image-preview:large, max-video-preview:-1\" \/>\n<link rel=\"canonical\" href=\"https:\/\/shop.bantam.ch\/de\/produkt\/batterie-exide-equipment-li-ion-ev\/\" \/>\n<meta property=\"og:locale\" content=\"de_DE\" \/>\n<meta property=\"og:type\" content=\"article\" \/>\n<meta property=\"og:title\" content=\"Batterie Exide Equipment Li-Ion EV - Bantam Camping AG\" \/>\n<meta property=\"og:description\" content=\"Vorteile: Ultraleicht \u00dcberlegene Zyklenleistung Bis zu 50 Prozent schnelleres Aufladen Sofort einsatzbereit V\u00f6llig wartungsfrei Geeignet f\u00fcr lange Ruhezeiten Batteriemanagementsysteme im sicheren Betrieb und beste Leistung Optimales Laden auch bei kalten Temperaturen Aufladen auch \u00fcber Solarpanel m\u00f6glich Bluetooth-Verbindung und mobile App Der Ruhemodus erh\u00e4lt die Ladung der Batterie w\u00e4hrend der Ruhephasen\" \/>\n<meta property=\"og:url\" content=\"https:\/\/shop.bantam.ch\/de\/produkt\/batterie-exide-equipment-li-ion-ev\/\" \/>\n<meta property=\"og:site_name\" content=\"Bantam Camping AG\" \/>\n<meta property=\"article:modified_time\" content=\"2026-04-18T23:43:16+00:00\" \/>\n<meta name=\"twitter:card\" content=\"summary_large_image\" \/>\n<script type=\"application\/ld+json\" class=\"yoast-schema-graph\">{\"@context\":\"https:\\\/\\\/schema.org\",\"@graph\":[{\"@type\":\"WebPage\",\"@id\":\"https:\\\/\\\/shop.bantam.ch\\\/de\\\/produkt\\\/batterie-exide-equipment-li-ion-ev\\\/\",\"url\":\"https:\\\/\\\/shop.bantam.ch\\\/de\\\/produkt\\\/batterie-exide-equipment-li-ion-ev\\\/\",\"name\":\"Batterie Exide Equipment Li-Ion EV - Bantam Camping AG\",\"isPartOf\":{\"@id\":\"https:\\\/\\\/shop.bantam.ch\\\/de\\\/#website\"},\"primaryImageOfPage\":{\"@id\":\"https:\\\/\\\/shop.bantam.ch\\\/de\\\/produkt\\\/batterie-exide-equipment-li-ion-ev\\\/#primaryimage\"},\"image\":{\"@id\":\"https:\\\/\\\/shop.bantam.ch\\\/de\\\/produkt\\\/batterie-exide-equipment-li-ion-ev\\\/#primaryimage\"},\"thumbnailUrl\":\"https:\\\/\\\/shop.bantam.ch\\\/wp-content\\\/uploads\\\/2025\\\/03\\\/Movera-L-9957574100.jpg\",\"datePublished\":\"2025-03-14T13:38:41+00:00\",\"dateModified\":\"2026-04-18T23:43:16+00:00\",\"breadcrumb\":{\"@id\":\"https:\\\/\\\/shop.bantam.ch\\\/de\\\/produkt\\\/batterie-exide-equipment-li-ion-ev\\\/#breadcrumb\"},\"inLanguage\":\"de\",\"potentialAction\":[{\"@type\":\"ReadAction\",\"target\":[\"https:\\\/\\\/shop.bantam.ch\\\/de\\\/produkt\\\/batterie-exide-equipment-li-ion-ev\\\/\"]}]},{\"@type\":\"ImageObject\",\"inLanguage\":\"de\",\"@id\":\"https:\\\/\\\/shop.bantam.ch\\\/de\\\/produkt\\\/batterie-exide-equipment-li-ion-ev\\\/#primaryimage\",\"url\":\"https:\\\/\\\/shop.bantam.ch\\\/wp-content\\\/uploads\\\/2025\\\/03\\\/Movera-L-9957574100.jpg\",\"contentUrl\":\"https:\\\/\\\/shop.bantam.ch\\\/wp-content\\\/uploads\\\/2025\\\/03\\\/Movera-L-9957574100.jpg\",\"width\":640,\"height\":529},{\"@type\":\"BreadcrumbList\",\"@id\":\"https:\\\/\\\/shop.bantam.ch\\\/de\\\/produkt\\\/batterie-exide-equipment-li-ion-ev\\\/#breadcrumb\",\"itemListElement\":[{\"@type\":\"ListItem\",\"position\":1,\"name\":\"Accueil\",\"item\":\"https:\\\/\\\/shop.bantam.ch\\\/de\\\/\"},{\"@type\":\"ListItem\",\"position\":2,\"name\":\"Shop\",\"item\":\"https:\\\/\\\/shop.bantam.ch\\\/de\\\/shop\\\/\"},{\"@type\":\"ListItem\",\"position\":3,\"name\":\"Batterie Exide Equipment Li-Ion EV\"}]},{\"@type\":\"WebSite\",\"@id\":\"https:\\\/\\\/shop.bantam.ch\\\/de\\\/#website\",\"url\":\"https:\\\/\\\/shop.bantam.ch\\\/de\\\/\",\"name\":\"Bantam Camping AG\",\"description\":\"\",\"publisher\":{\"@id\":\"https:\\\/\\\/shop.bantam.ch\\\/de\\\/#organization\"},\"inLanguage\":\"de\"},{\"@type\":\"Organization\",\"@id\":\"https:\\\/\\\/shop.bantam.ch\\\/de\\\/#organization\",\"name\":\"Bantam Camping AG\",\"url\":\"https:\\\/\\\/shop.bantam.ch\\\/de\\\/\",\"logo\":{\"@type\":\"ImageObject\",\"inLanguage\":\"de\",\"@id\":\"https:\\\/\\\/shop.bantam.ch\\\/de\\\/#\\\/schema\\\/logo\\\/image\\\/\",\"url\":\"https:\\\/\\\/shop.bantam.ch\\\/wp-content\\\/uploads\\\/2022\\\/12\\\/bantam-logo.png\",\"contentUrl\":\"https:\\\/\\\/shop.bantam.ch\\\/wp-content\\\/uploads\\\/2022\\\/12\\\/bantam-logo.png\",\"width\":320,\"height\":71,\"caption\":\"Bantam Camping AG\"},\"image\":{\"@id\":\"https:\\\/\\\/shop.bantam.ch\\\/de\\\/#\\\/schema\\\/logo\\\/image\\\/\"}}]}<\/script>\n<!-- \/ Yoast SEO plugin. -->","yoast_head_json":{"title":"Batterie Exide Equipment Li-Ion EV - Bantam Camping AG","robots":{"index":"index","follow":"follow","max-snippet":"max-snippet:-1","max-image-preview":"max-image-preview:large","max-video-preview":"max-video-preview:-1"},"canonical":"https:\/\/shop.bantam.ch\/de\/produkt\/batterie-exide-equipment-li-ion-ev\/","og_locale":"de_DE","og_type":"article","og_title":"Batterie Exide Equipment Li-Ion EV - Bantam Camping AG","og_description":"Vorteile: Ultraleicht \u00dcberlegene Zyklenleistung Bis zu 50 Prozent schnelleres Aufladen Sofort einsatzbereit V\u00f6llig wartungsfrei Geeignet f\u00fcr lange Ruhezeiten Batteriemanagementsysteme im sicheren Betrieb und beste Leistung Optimales Laden auch bei kalten Temperaturen Aufladen auch \u00fcber Solarpanel m\u00f6glich Bluetooth-Verbindung und mobile App Der Ruhemodus erh\u00e4lt die Ladung der Batterie w\u00e4hrend der Ruhephasen","og_url":"https:\/\/shop.bantam.ch\/de\/produkt\/batterie-exide-equipment-li-ion-ev\/","og_site_name":"Bantam Camping AG","article_modified_time":"2026-04-18T23:43:16+00:00","twitter_card":"summary_large_image","schema":{"@context":"https:\/\/schema.org","@graph":[{"@type":"WebPage","@id":"https:\/\/shop.bantam.ch\/de\/produkt\/batterie-exide-equipment-li-ion-ev\/","url":"https:\/\/shop.bantam.ch\/de\/produkt\/batterie-exide-equipment-li-ion-ev\/","name":"Batterie Exide Equipment Li-Ion EV - Bantam Camping AG","isPartOf":{"@id":"https:\/\/shop.bantam.ch\/de\/#website"},"primaryImageOfPage":{"@id":"https:\/\/shop.bantam.ch\/de\/produkt\/batterie-exide-equipment-li-ion-ev\/#primaryimage"},"image":{"@id":"https:\/\/shop.bantam.ch\/de\/produkt\/batterie-exide-equipment-li-ion-ev\/#primaryimage"},"thumbnailUrl":"https:\/\/shop.bantam.ch\/wp-content\/uploads\/2025\/03\/Movera-L-9957574100.jpg","datePublished":"2025-03-14T13:38:41+00:00","dateModified":"2026-04-18T23:43:16+00:00","breadcrumb":{"@id":"https:\/\/shop.bantam.ch\/de\/produkt\/batterie-exide-equipment-li-ion-ev\/#breadcrumb"},"inLanguage":"de","potentialAction":[{"@type":"ReadAction","target":["https:\/\/shop.bantam.ch\/de\/produkt\/batterie-exide-equipment-li-ion-ev\/"]}]},{"@type":"ImageObject","inLanguage":"de","@id":"https:\/\/shop.bantam.ch\/de\/produkt\/batterie-exide-equipment-li-ion-ev\/#primaryimage","url":"https:\/\/shop.bantam.ch\/wp-content\/uploads\/2025\/03\/Movera-L-9957574100.jpg","contentUrl":"https:\/\/shop.bantam.ch\/wp-content\/uploads\/2025\/03\/Movera-L-9957574100.jpg","width":640,"height":529},{"@type":"BreadcrumbList","@id":"https:\/\/shop.bantam.ch\/de\/produkt\/batterie-exide-equipment-li-ion-ev\/#breadcrumb","itemListElement":[{"@type":"ListItem","position":1,"name":"Accueil","item":"https:\/\/shop.bantam.ch\/de\/"},{"@type":"ListItem","position":2,"name":"Shop","item":"https:\/\/shop.bantam.ch\/de\/shop\/"},{"@type":"ListItem","position":3,"name":"Batterie Exide Equipment Li-Ion EV"}]},{"@type":"WebSite","@id":"https:\/\/shop.bantam.ch\/de\/#website","url":"https:\/\/shop.bantam.ch\/de\/","name":"Bantam Camping AG","description":"","publisher":{"@id":"https:\/\/shop.bantam.ch\/de\/#organization"},"inLanguage":"de"},{"@type":"Organization","@id":"https:\/\/shop.bantam.ch\/de\/#organization","name":"Bantam Camping AG","url":"https:\/\/shop.bantam.ch\/de\/","logo":{"@type":"ImageObject","inLanguage":"de","@id":"https:\/\/shop.bantam.ch\/de\/#\/schema\/logo\/image\/","url":"https:\/\/shop.bantam.ch\/wp-content\/uploads\/2022\/12\/bantam-logo.png","contentUrl":"https:\/\/shop.bantam.ch\/wp-content\/uploads\/2022\/12\/bantam-logo.png","width":320,"height":71,"caption":"Bantam Camping AG"},"image":{"@id":"https:\/\/shop.bantam.ch\/de\/#\/schema\/logo\/image\/"}}]}},"_links":{"self":[{"href":"https:\/\/shop.bantam.ch\/de\/wp-json\/wp\/v2\/product\/211562","targetHints":{"allow":["GET"]}}],"collection":[{"href":"https:\/\/shop.bantam.ch\/de\/wp-json\/wp\/v2\/product"}],"about":[{"href":"https:\/\/shop.bantam.ch\/de\/wp-json\/wp\/v2\/types\/product"}],"wp:featuredmedia":[{"embeddable":true,"href":"https:\/\/shop.bantam.ch\/de\/wp-json\/wp\/v2\/media\/211554"}],"wp:attachment":[{"href":"https:\/\/shop.bantam.ch\/de\/wp-json\/wp\/v2\/media?parent=211562"}],"wp:term":[{"taxonomy":"product_featured_cat","embeddable":true,"href":"https:\/\/shop.bantam.ch\/de\/wp-json\/wp\/v2\/product_featured_cat?post=211562"},{"taxonomy":"product_brand","embeddable":true,"href":"https:\/\/shop.bantam.ch\/de\/wp-json\/wp\/v2\/product_brand?post=211562"},{"taxonomy":"product_cat","embeddable":true,"href":"https:\/\/shop.bantam.ch\/de\/wp-json\/wp\/v2\/product_cat?post=211562"},{"taxonomy":"product_tag","embeddable":true,"href":"https:\/\/shop.bantam.ch\/de\/wp-json\/wp\/v2\/product_tag?post=211562"}],"curies":[{"name":"wp","href":"https:\/\/api.w.org\/{rel}","templated":true}]}}