{"id":211504,"date":"2025-03-14T14:37:27","date_gmt":"2025-03-14T13:37:27","guid":{"rendered":"https:\/\/shop.bantam.ch\/produit\/fussraumisolierung-passend-fuer-vw-crafter-ab-2017-man-tge-ab-2018-wannenform-nicht-fuer-getraenkehalter\/"},"modified":"2026-04-22T23:20:58","modified_gmt":"2026-04-22T21:20:58","slug":"fussraumisolierung-passend-fuer-vw-crafter-ab-2017-man-tge-ab-2018-wannenform-nicht-fuer-getraenkehalter","status":"publish","type":"product","link":"https:\/\/shop.bantam.ch\/de\/produkt\/fussraumisolierung-passend-fuer-vw-crafter-ab-2017-man-tge-ab-2018-wannenform-nicht-fuer-getraenkehalter\/","title":{"rendered":"Fu\u00dfraumisolierung passend f\u00fcr VW Crafter ab 2017 MAN TGE ab 2018, Wannenform nicht f\u00fcr Getr\u00e4nkehalter"},"content":{"rendered":"<p>Die Fu\u00dfraumisolierung PREMIO sch\u00fctzt wirksam vor eindringender K\u00e4lte im Fu\u00dfraum und bremst den W\u00e4rmeverlust. Ausf\u00fchrung je nach Wunsch und Fahrzeugtyp in Wannenform, mit oder ohne Aussparung f\u00fcr Getr\u00e4nkehalter sowie mit Abdeckung des Fu\u00dfraums zwischen den Sitzen. In Kombination mit einem Thermovorhang ist die Thermomatte ein ideales Mittel, den Innenraum angenehm zu temperieren. Die wohnliche Oberfl\u00e4che ist unempfindlich und l\u00e4sst sich leicht reinigen.<\/p>\n<p>Dreidimensionale Wannenform, ohne Aussparung f\u00fcr Getr\u00e4nkehalter.<\/p>\n<ul>\n<li>Schutz vor K\u00e4lteeinstrahlung und W\u00e4rmeverlust<\/li>\n<li>unempfindliche Oberfl\u00e4che, leicht zu reinigen<\/li>\n<li>alubeschichtete Polyesterfolie (Unterseite)<\/li>\n<li>wohnlicher Polyestervelours (Oberseite)<\/li>\n<li>innenliegende Isolierung aus 8-mm-PU-Schaum<\/li>\n<\/ul>\n","protected":false},"excerpt":{"rendered":"<p>Die Fu\u00dfraumisolierung PREMIO sch\u00fctzt wirksam vor eindringender K\u00e4lte im Fu\u00dfraum und bremst den W\u00e4rmeverlust. Ausf\u00fchrung je nach Wunsch und Fahrzeugtyp in Wannenform, mit oder ohne Aussparung f\u00fcr Getr\u00e4nkehalter sowie mit Abdeckung des Fu\u00dfraums zwischen den Sitzen. In Kombination mit einem Thermovorhang ist die Thermomatte ein ideales Mittel, den Innenraum angenehm zu temperieren. Die wohnliche Oberfl\u00e4che [&hellip;]<\/p>\n","protected":false},"featured_media":211498,"template":"","meta":{"_acf_changed":false},"product_featured_cat":[],"product_brand":[],"product_cat":[4638],"product_tag":[],"class_list":{"0":"post-211504","1":"product","2":"type-product","3":"status-publish","4":"has-post-thumbnail","6":"product_cat-fussraumisolierung","8":"first","9":"instock","10":"taxable","11":"shipping-taxable","12":"purchasable","13":"product-type-simple"},"acf":[],"yoast_head":"<!-- This site is optimized with the Yoast SEO plugin v27.4 - https:\/\/yoast.com\/product\/yoast-seo-wordpress\/ -->\n<title>Fu\u00dfraumisolierung passend f\u00fcr VW Crafter ab 2017 MAN TGE ab 2018, Wannenform nicht f\u00fcr Getr\u00e4nkehalter - Bantam Camping AG<\/title>\n<meta name=\"robots\" content=\"index, follow, max-snippet:-1, max-image-preview:large, max-video-preview:-1\" \/>\n<link rel=\"canonical\" href=\"https:\/\/shop.bantam.ch\/de\/produkt\/fussraumisolierung-passend-fuer-vw-crafter-ab-2017-man-tge-ab-2018-wannenform-nicht-fuer-getraenkehalter\/\" \/>\n<meta property=\"og:locale\" content=\"de_DE\" \/>\n<meta property=\"og:type\" content=\"article\" \/>\n<meta property=\"og:title\" content=\"Fu\u00dfraumisolierung passend f\u00fcr VW Crafter ab 2017 MAN TGE ab 2018, Wannenform nicht f\u00fcr Getr\u00e4nkehalter - Bantam Camping AG\" \/>\n<meta property=\"og:description\" content=\"Die Fu\u00dfraumisolierung PREMIO sch\u00fctzt wirksam vor eindringender K\u00e4lte im Fu\u00dfraum und bremst den W\u00e4rmeverlust. Ausf\u00fchrung je nach Wunsch und Fahrzeugtyp in Wannenform, mit oder ohne Aussparung f\u00fcr Getr\u00e4nkehalter sowie mit Abdeckung des Fu\u00dfraums zwischen den Sitzen. In Kombination mit einem Thermovorhang ist die Thermomatte ein ideales Mittel, den Innenraum angenehm zu temperieren. Die wohnliche Oberfl\u00e4che [&hellip;]\" \/>\n<meta property=\"og:url\" content=\"https:\/\/shop.bantam.ch\/de\/produkt\/fussraumisolierung-passend-fuer-vw-crafter-ab-2017-man-tge-ab-2018-wannenform-nicht-fuer-getraenkehalter\/\" \/>\n<meta property=\"og:site_name\" content=\"Bantam Camping AG\" \/>\n<meta property=\"article:modified_time\" content=\"2026-04-22T21:20:58+00:00\" \/>\n<meta name=\"twitter:card\" content=\"summary_large_image\" \/>\n<meta name=\"twitter:label1\" content=\"Gesch\u00e4tzte Lesezeit\" \/>\n\t<meta name=\"twitter:data1\" content=\"1\u00a0Minute\" \/>\n<script type=\"application\/ld+json\" class=\"yoast-schema-graph\">{\"@context\":\"https:\\\/\\\/schema.org\",\"@graph\":[{\"@type\":\"WebPage\",\"@id\":\"https:\\\/\\\/shop.bantam.ch\\\/de\\\/produkt\\\/fussraumisolierung-passend-fuer-vw-crafter-ab-2017-man-tge-ab-2018-wannenform-nicht-fuer-getraenkehalter\\\/\",\"url\":\"https:\\\/\\\/shop.bantam.ch\\\/de\\\/produkt\\\/fussraumisolierung-passend-fuer-vw-crafter-ab-2017-man-tge-ab-2018-wannenform-nicht-fuer-getraenkehalter\\\/\",\"name\":\"Fu\u00dfraumisolierung passend f\u00fcr VW Crafter ab 2017 MAN TGE ab 2018, Wannenform nicht f\u00fcr Getr\u00e4nkehalter - Bantam Camping AG\",\"isPartOf\":{\"@id\":\"https:\\\/\\\/shop.bantam.ch\\\/de\\\/#website\"},\"primaryImageOfPage\":{\"@id\":\"https:\\\/\\\/shop.bantam.ch\\\/de\\\/produkt\\\/fussraumisolierung-passend-fuer-vw-crafter-ab-2017-man-tge-ab-2018-wannenform-nicht-fuer-getraenkehalter\\\/#primaryimage\"},\"image\":{\"@id\":\"https:\\\/\\\/shop.bantam.ch\\\/de\\\/produkt\\\/fussraumisolierung-passend-fuer-vw-crafter-ab-2017-man-tge-ab-2018-wannenform-nicht-fuer-getraenkehalter\\\/#primaryimage\"},\"thumbnailUrl\":\"https:\\\/\\\/shop.bantam.ch\\\/wp-content\\\/uploads\\\/2025\\\/03\\\/Movera-L-9949631100.jpg\",\"datePublished\":\"2025-03-14T13:37:27+00:00\",\"dateModified\":\"2026-04-22T21:20:58+00:00\",\"breadcrumb\":{\"@id\":\"https:\\\/\\\/shop.bantam.ch\\\/de\\\/produkt\\\/fussraumisolierung-passend-fuer-vw-crafter-ab-2017-man-tge-ab-2018-wannenform-nicht-fuer-getraenkehalter\\\/#breadcrumb\"},\"inLanguage\":\"de\",\"potentialAction\":[{\"@type\":\"ReadAction\",\"target\":[\"https:\\\/\\\/shop.bantam.ch\\\/de\\\/produkt\\\/fussraumisolierung-passend-fuer-vw-crafter-ab-2017-man-tge-ab-2018-wannenform-nicht-fuer-getraenkehalter\\\/\"]}]},{\"@type\":\"ImageObject\",\"inLanguage\":\"de\",\"@id\":\"https:\\\/\\\/shop.bantam.ch\\\/de\\\/produkt\\\/fussraumisolierung-passend-fuer-vw-crafter-ab-2017-man-tge-ab-2018-wannenform-nicht-fuer-getraenkehalter\\\/#primaryimage\",\"url\":\"https:\\\/\\\/shop.bantam.ch\\\/wp-content\\\/uploads\\\/2025\\\/03\\\/Movera-L-9949631100.jpg\",\"contentUrl\":\"https:\\\/\\\/shop.bantam.ch\\\/wp-content\\\/uploads\\\/2025\\\/03\\\/Movera-L-9949631100.jpg\",\"width\":640,\"height\":517},{\"@type\":\"BreadcrumbList\",\"@id\":\"https:\\\/\\\/shop.bantam.ch\\\/de\\\/produkt\\\/fussraumisolierung-passend-fuer-vw-crafter-ab-2017-man-tge-ab-2018-wannenform-nicht-fuer-getraenkehalter\\\/#breadcrumb\",\"itemListElement\":[{\"@type\":\"ListItem\",\"position\":1,\"name\":\"Accueil\",\"item\":\"https:\\\/\\\/shop.bantam.ch\\\/de\\\/\"},{\"@type\":\"ListItem\",\"position\":2,\"name\":\"Shop\",\"item\":\"https:\\\/\\\/shop.bantam.ch\\\/de\\\/shop\\\/\"},{\"@type\":\"ListItem\",\"position\":3,\"name\":\"Fu\u00dfraumisolierung passend f\u00fcr VW Crafter ab 2017 MAN TGE ab 2018, Wannenform nicht f\u00fcr Getr\u00e4nkehalter\"}]},{\"@type\":\"WebSite\",\"@id\":\"https:\\\/\\\/shop.bantam.ch\\\/de\\\/#website\",\"url\":\"https:\\\/\\\/shop.bantam.ch\\\/de\\\/\",\"name\":\"Bantam Camping AG\",\"description\":\"\",\"publisher\":{\"@id\":\"https:\\\/\\\/shop.bantam.ch\\\/de\\\/#organization\"},\"inLanguage\":\"de\"},{\"@type\":\"Organization\",\"@id\":\"https:\\\/\\\/shop.bantam.ch\\\/de\\\/#organization\",\"name\":\"Bantam Camping AG\",\"url\":\"https:\\\/\\\/shop.bantam.ch\\\/de\\\/\",\"logo\":{\"@type\":\"ImageObject\",\"inLanguage\":\"de\",\"@id\":\"https:\\\/\\\/shop.bantam.ch\\\/de\\\/#\\\/schema\\\/logo\\\/image\\\/\",\"url\":\"https:\\\/\\\/shop.bantam.ch\\\/wp-content\\\/uploads\\\/2022\\\/12\\\/bantam-logo.png\",\"contentUrl\":\"https:\\\/\\\/shop.bantam.ch\\\/wp-content\\\/uploads\\\/2022\\\/12\\\/bantam-logo.png\",\"width\":320,\"height\":71,\"caption\":\"Bantam Camping AG\"},\"image\":{\"@id\":\"https:\\\/\\\/shop.bantam.ch\\\/de\\\/#\\\/schema\\\/logo\\\/image\\\/\"}}]}<\/script>\n<!-- \/ Yoast SEO plugin. -->","yoast_head_json":{"title":"Fu\u00dfraumisolierung passend f\u00fcr VW Crafter ab 2017 MAN TGE ab 2018, Wannenform nicht f\u00fcr Getr\u00e4nkehalter - Bantam Camping AG","robots":{"index":"index","follow":"follow","max-snippet":"max-snippet:-1","max-image-preview":"max-image-preview:large","max-video-preview":"max-video-preview:-1"},"canonical":"https:\/\/shop.bantam.ch\/de\/produkt\/fussraumisolierung-passend-fuer-vw-crafter-ab-2017-man-tge-ab-2018-wannenform-nicht-fuer-getraenkehalter\/","og_locale":"de_DE","og_type":"article","og_title":"Fu\u00dfraumisolierung passend f\u00fcr VW Crafter ab 2017 MAN TGE ab 2018, Wannenform nicht f\u00fcr Getr\u00e4nkehalter - Bantam Camping AG","og_description":"Die Fu\u00dfraumisolierung PREMIO sch\u00fctzt wirksam vor eindringender K\u00e4lte im Fu\u00dfraum und bremst den W\u00e4rmeverlust. Ausf\u00fchrung je nach Wunsch und Fahrzeugtyp in Wannenform, mit oder ohne Aussparung f\u00fcr Getr\u00e4nkehalter sowie mit Abdeckung des Fu\u00dfraums zwischen den Sitzen. In Kombination mit einem Thermovorhang ist die Thermomatte ein ideales Mittel, den Innenraum angenehm zu temperieren. Die wohnliche Oberfl\u00e4che [&hellip;]","og_url":"https:\/\/shop.bantam.ch\/de\/produkt\/fussraumisolierung-passend-fuer-vw-crafter-ab-2017-man-tge-ab-2018-wannenform-nicht-fuer-getraenkehalter\/","og_site_name":"Bantam Camping AG","article_modified_time":"2026-04-22T21:20:58+00:00","twitter_card":"summary_large_image","twitter_misc":{"Gesch\u00e4tzte Lesezeit":"1\u00a0Minute"},"schema":{"@context":"https:\/\/schema.org","@graph":[{"@type":"WebPage","@id":"https:\/\/shop.bantam.ch\/de\/produkt\/fussraumisolierung-passend-fuer-vw-crafter-ab-2017-man-tge-ab-2018-wannenform-nicht-fuer-getraenkehalter\/","url":"https:\/\/shop.bantam.ch\/de\/produkt\/fussraumisolierung-passend-fuer-vw-crafter-ab-2017-man-tge-ab-2018-wannenform-nicht-fuer-getraenkehalter\/","name":"Fu\u00dfraumisolierung passend f\u00fcr VW Crafter ab 2017 MAN TGE ab 2018, Wannenform nicht f\u00fcr Getr\u00e4nkehalter - Bantam Camping AG","isPartOf":{"@id":"https:\/\/shop.bantam.ch\/de\/#website"},"primaryImageOfPage":{"@id":"https:\/\/shop.bantam.ch\/de\/produkt\/fussraumisolierung-passend-fuer-vw-crafter-ab-2017-man-tge-ab-2018-wannenform-nicht-fuer-getraenkehalter\/#primaryimage"},"image":{"@id":"https:\/\/shop.bantam.ch\/de\/produkt\/fussraumisolierung-passend-fuer-vw-crafter-ab-2017-man-tge-ab-2018-wannenform-nicht-fuer-getraenkehalter\/#primaryimage"},"thumbnailUrl":"https:\/\/shop.bantam.ch\/wp-content\/uploads\/2025\/03\/Movera-L-9949631100.jpg","datePublished":"2025-03-14T13:37:27+00:00","dateModified":"2026-04-22T21:20:58+00:00","breadcrumb":{"@id":"https:\/\/shop.bantam.ch\/de\/produkt\/fussraumisolierung-passend-fuer-vw-crafter-ab-2017-man-tge-ab-2018-wannenform-nicht-fuer-getraenkehalter\/#breadcrumb"},"inLanguage":"de","potentialAction":[{"@type":"ReadAction","target":["https:\/\/shop.bantam.ch\/de\/produkt\/fussraumisolierung-passend-fuer-vw-crafter-ab-2017-man-tge-ab-2018-wannenform-nicht-fuer-getraenkehalter\/"]}]},{"@type":"ImageObject","inLanguage":"de","@id":"https:\/\/shop.bantam.ch\/de\/produkt\/fussraumisolierung-passend-fuer-vw-crafter-ab-2017-man-tge-ab-2018-wannenform-nicht-fuer-getraenkehalter\/#primaryimage","url":"https:\/\/shop.bantam.ch\/wp-content\/uploads\/2025\/03\/Movera-L-9949631100.jpg","contentUrl":"https:\/\/shop.bantam.ch\/wp-content\/uploads\/2025\/03\/Movera-L-9949631100.jpg","width":640,"height":517},{"@type":"BreadcrumbList","@id":"https:\/\/shop.bantam.ch\/de\/produkt\/fussraumisolierung-passend-fuer-vw-crafter-ab-2017-man-tge-ab-2018-wannenform-nicht-fuer-getraenkehalter\/#breadcrumb","itemListElement":[{"@type":"ListItem","position":1,"name":"Accueil","item":"https:\/\/shop.bantam.ch\/de\/"},{"@type":"ListItem","position":2,"name":"Shop","item":"https:\/\/shop.bantam.ch\/de\/shop\/"},{"@type":"ListItem","position":3,"name":"Fu\u00dfraumisolierung passend f\u00fcr VW Crafter ab 2017 MAN TGE ab 2018, Wannenform nicht f\u00fcr Getr\u00e4nkehalter"}]},{"@type":"WebSite","@id":"https:\/\/shop.bantam.ch\/de\/#website","url":"https:\/\/shop.bantam.ch\/de\/","name":"Bantam Camping AG","description":"","publisher":{"@id":"https:\/\/shop.bantam.ch\/de\/#organization"},"inLanguage":"de"},{"@type":"Organization","@id":"https:\/\/shop.bantam.ch\/de\/#organization","name":"Bantam Camping AG","url":"https:\/\/shop.bantam.ch\/de\/","logo":{"@type":"ImageObject","inLanguage":"de","@id":"https:\/\/shop.bantam.ch\/de\/#\/schema\/logo\/image\/","url":"https:\/\/shop.bantam.ch\/wp-content\/uploads\/2022\/12\/bantam-logo.png","contentUrl":"https:\/\/shop.bantam.ch\/wp-content\/uploads\/2022\/12\/bantam-logo.png","width":320,"height":71,"caption":"Bantam Camping AG"},"image":{"@id":"https:\/\/shop.bantam.ch\/de\/#\/schema\/logo\/image\/"}}]}},"_links":{"self":[{"href":"https:\/\/shop.bantam.ch\/de\/wp-json\/wp\/v2\/product\/211504","targetHints":{"allow":["GET"]}}],"collection":[{"href":"https:\/\/shop.bantam.ch\/de\/wp-json\/wp\/v2\/product"}],"about":[{"href":"https:\/\/shop.bantam.ch\/de\/wp-json\/wp\/v2\/types\/product"}],"wp:featuredmedia":[{"embeddable":true,"href":"https:\/\/shop.bantam.ch\/de\/wp-json\/wp\/v2\/media\/211498"}],"wp:attachment":[{"href":"https:\/\/shop.bantam.ch\/de\/wp-json\/wp\/v2\/media?parent=211504"}],"wp:term":[{"taxonomy":"product_featured_cat","embeddable":true,"href":"https:\/\/shop.bantam.ch\/de\/wp-json\/wp\/v2\/product_featured_cat?post=211504"},{"taxonomy":"product_brand","embeddable":true,"href":"https:\/\/shop.bantam.ch\/de\/wp-json\/wp\/v2\/product_brand?post=211504"},{"taxonomy":"product_cat","embeddable":true,"href":"https:\/\/shop.bantam.ch\/de\/wp-json\/wp\/v2\/product_cat?post=211504"},{"taxonomy":"product_tag","embeddable":true,"href":"https:\/\/shop.bantam.ch\/de\/wp-json\/wp\/v2\/product_tag?post=211504"}],"curies":[{"name":"wp","href":"https:\/\/api.w.org\/{rel}","templated":true}]}}