{"id":211482,"date":"2025-03-14T14:36:03","date_gmt":"2025-03-14T13:36:03","guid":{"rendered":"https:\/\/shop.bantam.ch\/produit\/dachmarkise-fiamma-f80s\/"},"modified":"2026-04-18T01:40:48","modified_gmt":"2026-04-17T23:40:48","slug":"dachmarkise-fiamma-f80s","status":"publish","type":"product","link":"https:\/\/shop.bantam.ch\/de\/produkt\/dachmarkise-fiamma-f80s\/","title":{"rendered":"Dachmarkise Fiamma F80S"},"content":{"rendered":"<p>Mit ihrem stark reduzierten Querschnitt passt sich diese Markise noch besser der Fahrzeugform an. Die technischen L\u00f6sungen, die hier zum Einsatz kommen, sorgen f\u00fcr einen kompakteren Markisenquerschnitt, w\u00e4hrend neu eingef\u00fchrte Innovationen wie eine serienm\u00e4\u00dfige LED-Lichtleiste (nicht im Lieferumfang enthalten) vorne und auf dem Geh\u00e4use sowie die drei Schienen auf der Vorderseite die F80s zum Produkt der Wahl f\u00fcr jede Art von Dachmontage machen.<\/p>\n<p>Ausstattung und Funktionen:<\/p>\n<ul>\n<li>Aerodynamisch<\/li>\n<li>Kompakt, zuverl\u00e4ssig und robust<\/li>\n<li>Doppelte LED-Vorbereitung<\/li>\n<li>Dreifache Kederschiene in der Frontblende<\/li>\n<li>Endkappen aus Aluminium f\u00fcr maximale Widerstandsf\u00e4higkeit<\/li>\n<li>Motor Kit Compact, Front- und Seitenw\u00e4nde, Privacy Room und vieles mehr, als Zubeh\u00f6r erh\u00e4ltlich<\/li>\n<\/ul>\n<p>\nLieferumfang:<br \/>\nLED-Lichtleiste nicht enthalten<\/p>\n<p>Material:<br \/>\nTuch 100 % Polychlorid (PVC)<br \/>\n&nbsp;<\/p>\n","protected":false},"excerpt":{"rendered":"<p>Mit ihrem stark reduzierten Querschnitt passt sich diese Markise noch besser der Fahrzeugform an. Die technischen L\u00f6sungen, die hier zum Einsatz kommen, sorgen f\u00fcr einen kompakteren Markisenquerschnitt, w\u00e4hrend neu eingef\u00fchrte Innovationen wie eine serienm\u00e4\u00dfige LED-Lichtleiste (nicht im Lieferumfang enthalten) vorne und auf dem Geh\u00e4use sowie die drei Schienen auf der Vorderseite die F80s zum Produkt [&hellip;]<\/p>\n","protected":false},"featured_media":211430,"template":"","meta":{"_acf_changed":false},"product_featured_cat":[],"product_brand":[],"product_cat":[4214],"product_tag":[],"class_list":{"0":"post-211482","1":"product","2":"type-product","3":"status-publish","4":"has-post-thumbnail","6":"product_cat-markisen-dachseitenwand","8":"first","9":"instock","10":"taxable","11":"shipping-taxable","12":"purchasable","13":"product-type-variable"},"acf":[],"yoast_head":"<!-- This site is optimized with the Yoast SEO plugin v27.4 - https:\/\/yoast.com\/product\/yoast-seo-wordpress\/ -->\n<title>Dachmarkise Fiamma F80S - Bantam Camping AG<\/title>\n<meta name=\"robots\" content=\"index, follow, max-snippet:-1, max-image-preview:large, max-video-preview:-1\" \/>\n<link rel=\"canonical\" href=\"https:\/\/shop.bantam.ch\/de\/produkt\/dachmarkise-fiamma-f80s\/\" \/>\n<meta property=\"og:locale\" content=\"de_DE\" \/>\n<meta property=\"og:type\" content=\"article\" \/>\n<meta property=\"og:title\" content=\"Dachmarkise Fiamma F80S - Bantam Camping AG\" \/>\n<meta property=\"og:description\" content=\"Mit ihrem stark reduzierten Querschnitt passt sich diese Markise noch besser der Fahrzeugform an. Die technischen L\u00f6sungen, die hier zum Einsatz kommen, sorgen f\u00fcr einen kompakteren Markisenquerschnitt, w\u00e4hrend neu eingef\u00fchrte Innovationen wie eine serienm\u00e4\u00dfige LED-Lichtleiste (nicht im Lieferumfang enthalten) vorne und auf dem Geh\u00e4use sowie die drei Schienen auf der Vorderseite die F80s zum Produkt [&hellip;]\" \/>\n<meta property=\"og:url\" content=\"https:\/\/shop.bantam.ch\/de\/produkt\/dachmarkise-fiamma-f80s\/\" \/>\n<meta property=\"og:site_name\" content=\"Bantam Camping AG\" \/>\n<meta property=\"article:modified_time\" content=\"2026-04-17T23:40:48+00:00\" \/>\n<meta name=\"twitter:card\" content=\"summary_large_image\" \/>\n<meta name=\"twitter:label1\" content=\"Gesch\u00e4tzte Lesezeit\" \/>\n\t<meta name=\"twitter:data1\" content=\"1\u00a0Minute\" \/>\n<script type=\"application\/ld+json\" class=\"yoast-schema-graph\">{\"@context\":\"https:\\\/\\\/schema.org\",\"@graph\":[{\"@type\":\"WebPage\",\"@id\":\"https:\\\/\\\/shop.bantam.ch\\\/de\\\/produkt\\\/dachmarkise-fiamma-f80s\\\/\",\"url\":\"https:\\\/\\\/shop.bantam.ch\\\/de\\\/produkt\\\/dachmarkise-fiamma-f80s\\\/\",\"name\":\"Dachmarkise Fiamma F80S - Bantam Camping AG\",\"isPartOf\":{\"@id\":\"https:\\\/\\\/shop.bantam.ch\\\/de\\\/#website\"},\"primaryImageOfPage\":{\"@id\":\"https:\\\/\\\/shop.bantam.ch\\\/de\\\/produkt\\\/dachmarkise-fiamma-f80s\\\/#primaryimage\"},\"image\":{\"@id\":\"https:\\\/\\\/shop.bantam.ch\\\/de\\\/produkt\\\/dachmarkise-fiamma-f80s\\\/#primaryimage\"},\"thumbnailUrl\":\"https:\\\/\\\/shop.bantam.ch\\\/wp-content\\\/uploads\\\/2025\\\/03\\\/Movera-L-9949629100.jpg\",\"datePublished\":\"2025-03-14T13:36:03+00:00\",\"dateModified\":\"2026-04-17T23:40:48+00:00\",\"breadcrumb\":{\"@id\":\"https:\\\/\\\/shop.bantam.ch\\\/de\\\/produkt\\\/dachmarkise-fiamma-f80s\\\/#breadcrumb\"},\"inLanguage\":\"de\",\"potentialAction\":[{\"@type\":\"ReadAction\",\"target\":[\"https:\\\/\\\/shop.bantam.ch\\\/de\\\/produkt\\\/dachmarkise-fiamma-f80s\\\/\"]}]},{\"@type\":\"ImageObject\",\"inLanguage\":\"de\",\"@id\":\"https:\\\/\\\/shop.bantam.ch\\\/de\\\/produkt\\\/dachmarkise-fiamma-f80s\\\/#primaryimage\",\"url\":\"https:\\\/\\\/shop.bantam.ch\\\/wp-content\\\/uploads\\\/2025\\\/03\\\/Movera-L-9949629100.jpg\",\"contentUrl\":\"https:\\\/\\\/shop.bantam.ch\\\/wp-content\\\/uploads\\\/2025\\\/03\\\/Movera-L-9949629100.jpg\",\"width\":640,\"height\":426},{\"@type\":\"BreadcrumbList\",\"@id\":\"https:\\\/\\\/shop.bantam.ch\\\/de\\\/produkt\\\/dachmarkise-fiamma-f80s\\\/#breadcrumb\",\"itemListElement\":[{\"@type\":\"ListItem\",\"position\":1,\"name\":\"Accueil\",\"item\":\"https:\\\/\\\/shop.bantam.ch\\\/de\\\/\"},{\"@type\":\"ListItem\",\"position\":2,\"name\":\"Shop\",\"item\":\"https:\\\/\\\/shop.bantam.ch\\\/de\\\/shop\\\/\"},{\"@type\":\"ListItem\",\"position\":3,\"name\":\"Dachmarkise Fiamma F80S\"}]},{\"@type\":\"WebSite\",\"@id\":\"https:\\\/\\\/shop.bantam.ch\\\/de\\\/#website\",\"url\":\"https:\\\/\\\/shop.bantam.ch\\\/de\\\/\",\"name\":\"Bantam Camping AG\",\"description\":\"\",\"publisher\":{\"@id\":\"https:\\\/\\\/shop.bantam.ch\\\/de\\\/#organization\"},\"inLanguage\":\"de\"},{\"@type\":\"Organization\",\"@id\":\"https:\\\/\\\/shop.bantam.ch\\\/de\\\/#organization\",\"name\":\"Bantam Camping AG\",\"url\":\"https:\\\/\\\/shop.bantam.ch\\\/de\\\/\",\"logo\":{\"@type\":\"ImageObject\",\"inLanguage\":\"de\",\"@id\":\"https:\\\/\\\/shop.bantam.ch\\\/de\\\/#\\\/schema\\\/logo\\\/image\\\/\",\"url\":\"https:\\\/\\\/shop.bantam.ch\\\/wp-content\\\/uploads\\\/2022\\\/12\\\/bantam-logo.png\",\"contentUrl\":\"https:\\\/\\\/shop.bantam.ch\\\/wp-content\\\/uploads\\\/2022\\\/12\\\/bantam-logo.png\",\"width\":320,\"height\":71,\"caption\":\"Bantam Camping AG\"},\"image\":{\"@id\":\"https:\\\/\\\/shop.bantam.ch\\\/de\\\/#\\\/schema\\\/logo\\\/image\\\/\"}}]}<\/script>\n<!-- \/ Yoast SEO plugin. -->","yoast_head_json":{"title":"Dachmarkise Fiamma F80S - Bantam Camping AG","robots":{"index":"index","follow":"follow","max-snippet":"max-snippet:-1","max-image-preview":"max-image-preview:large","max-video-preview":"max-video-preview:-1"},"canonical":"https:\/\/shop.bantam.ch\/de\/produkt\/dachmarkise-fiamma-f80s\/","og_locale":"de_DE","og_type":"article","og_title":"Dachmarkise Fiamma F80S - Bantam Camping AG","og_description":"Mit ihrem stark reduzierten Querschnitt passt sich diese Markise noch besser der Fahrzeugform an. Die technischen L\u00f6sungen, die hier zum Einsatz kommen, sorgen f\u00fcr einen kompakteren Markisenquerschnitt, w\u00e4hrend neu eingef\u00fchrte Innovationen wie eine serienm\u00e4\u00dfige LED-Lichtleiste (nicht im Lieferumfang enthalten) vorne und auf dem Geh\u00e4use sowie die drei Schienen auf der Vorderseite die F80s zum Produkt [&hellip;]","og_url":"https:\/\/shop.bantam.ch\/de\/produkt\/dachmarkise-fiamma-f80s\/","og_site_name":"Bantam Camping AG","article_modified_time":"2026-04-17T23:40:48+00:00","twitter_card":"summary_large_image","twitter_misc":{"Gesch\u00e4tzte Lesezeit":"1\u00a0Minute"},"schema":{"@context":"https:\/\/schema.org","@graph":[{"@type":"WebPage","@id":"https:\/\/shop.bantam.ch\/de\/produkt\/dachmarkise-fiamma-f80s\/","url":"https:\/\/shop.bantam.ch\/de\/produkt\/dachmarkise-fiamma-f80s\/","name":"Dachmarkise Fiamma F80S - Bantam Camping AG","isPartOf":{"@id":"https:\/\/shop.bantam.ch\/de\/#website"},"primaryImageOfPage":{"@id":"https:\/\/shop.bantam.ch\/de\/produkt\/dachmarkise-fiamma-f80s\/#primaryimage"},"image":{"@id":"https:\/\/shop.bantam.ch\/de\/produkt\/dachmarkise-fiamma-f80s\/#primaryimage"},"thumbnailUrl":"https:\/\/shop.bantam.ch\/wp-content\/uploads\/2025\/03\/Movera-L-9949629100.jpg","datePublished":"2025-03-14T13:36:03+00:00","dateModified":"2026-04-17T23:40:48+00:00","breadcrumb":{"@id":"https:\/\/shop.bantam.ch\/de\/produkt\/dachmarkise-fiamma-f80s\/#breadcrumb"},"inLanguage":"de","potentialAction":[{"@type":"ReadAction","target":["https:\/\/shop.bantam.ch\/de\/produkt\/dachmarkise-fiamma-f80s\/"]}]},{"@type":"ImageObject","inLanguage":"de","@id":"https:\/\/shop.bantam.ch\/de\/produkt\/dachmarkise-fiamma-f80s\/#primaryimage","url":"https:\/\/shop.bantam.ch\/wp-content\/uploads\/2025\/03\/Movera-L-9949629100.jpg","contentUrl":"https:\/\/shop.bantam.ch\/wp-content\/uploads\/2025\/03\/Movera-L-9949629100.jpg","width":640,"height":426},{"@type":"BreadcrumbList","@id":"https:\/\/shop.bantam.ch\/de\/produkt\/dachmarkise-fiamma-f80s\/#breadcrumb","itemListElement":[{"@type":"ListItem","position":1,"name":"Accueil","item":"https:\/\/shop.bantam.ch\/de\/"},{"@type":"ListItem","position":2,"name":"Shop","item":"https:\/\/shop.bantam.ch\/de\/shop\/"},{"@type":"ListItem","position":3,"name":"Dachmarkise Fiamma F80S"}]},{"@type":"WebSite","@id":"https:\/\/shop.bantam.ch\/de\/#website","url":"https:\/\/shop.bantam.ch\/de\/","name":"Bantam Camping AG","description":"","publisher":{"@id":"https:\/\/shop.bantam.ch\/de\/#organization"},"inLanguage":"de"},{"@type":"Organization","@id":"https:\/\/shop.bantam.ch\/de\/#organization","name":"Bantam Camping AG","url":"https:\/\/shop.bantam.ch\/de\/","logo":{"@type":"ImageObject","inLanguage":"de","@id":"https:\/\/shop.bantam.ch\/de\/#\/schema\/logo\/image\/","url":"https:\/\/shop.bantam.ch\/wp-content\/uploads\/2022\/12\/bantam-logo.png","contentUrl":"https:\/\/shop.bantam.ch\/wp-content\/uploads\/2022\/12\/bantam-logo.png","width":320,"height":71,"caption":"Bantam Camping AG"},"image":{"@id":"https:\/\/shop.bantam.ch\/de\/#\/schema\/logo\/image\/"}}]}},"_links":{"self":[{"href":"https:\/\/shop.bantam.ch\/de\/wp-json\/wp\/v2\/product\/211482","targetHints":{"allow":["GET"]}}],"collection":[{"href":"https:\/\/shop.bantam.ch\/de\/wp-json\/wp\/v2\/product"}],"about":[{"href":"https:\/\/shop.bantam.ch\/de\/wp-json\/wp\/v2\/types\/product"}],"wp:featuredmedia":[{"embeddable":true,"href":"https:\/\/shop.bantam.ch\/de\/wp-json\/wp\/v2\/media\/211430"}],"wp:attachment":[{"href":"https:\/\/shop.bantam.ch\/de\/wp-json\/wp\/v2\/media?parent=211482"}],"wp:term":[{"taxonomy":"product_featured_cat","embeddable":true,"href":"https:\/\/shop.bantam.ch\/de\/wp-json\/wp\/v2\/product_featured_cat?post=211482"},{"taxonomy":"product_brand","embeddable":true,"href":"https:\/\/shop.bantam.ch\/de\/wp-json\/wp\/v2\/product_brand?post=211482"},{"taxonomy":"product_cat","embeddable":true,"href":"https:\/\/shop.bantam.ch\/de\/wp-json\/wp\/v2\/product_cat?post=211482"},{"taxonomy":"product_tag","embeddable":true,"href":"https:\/\/shop.bantam.ch\/de\/wp-json\/wp\/v2\/product_tag?post=211482"}],"curies":[{"name":"wp","href":"https:\/\/api.w.org\/{rel}","templated":true}]}}