{"id":211400,"date":"2025-03-14T14:35:08","date_gmt":"2025-03-14T13:35:08","guid":{"rendered":"https:\/\/shop.bantam.ch\/produit\/vernetzungsmodul-connect\/"},"modified":"2026-04-22T23:20:51","modified_gmt":"2026-04-22T21:20:51","slug":"vernetzungsmodul-connect","status":"publish","type":"product","link":"https:\/\/shop.bantam.ch\/de\/produkt\/vernetzungsmodul-connect\/","title":{"rendered":"Vernetzungsmodul connect"},"content":{"rendered":"<p>Freiheit f\u00fchlen bedeutet sorgenfrei sein &#8211; mit dem Kontrollsystem f\u00fcr Wohnwagen und Wohnmobile von easysdriver erleben Sie unbeschwerte Urlaubsmomente. Vernetzen Sie ganz einfach Ihren mobilen Wohnraum und behalten Sie Ihr Zuhause auf R\u00e4dern \u00fcberall im Blick &#8211; ohne selbst vor Ort sein zu m\u00fcssen.<\/p>\n<p>easydriver connect verbindet Dich!<br \/>\nDas smarte Kontrollsystem f\u00fcr<br \/>\nDein Zuhause auf R\u00e4dern &#8211; Mehr Zeit f\u00fcr Auszeit<br \/>\nFreiheit f\u00fchlen bedeutet sorgenfrei sein \u2013 mit unserem Kontrollsystem f\u00fcr Wohnwagen und Wohnmobile erlebst Du unbeschwerte Urlaubsmomente. Vernetze ganz einfach Deinen mobilen Wohnraum und behalte Dein Zuhause auf R\u00e4dern \u00fcberall im Blick \u2013 ohne selbst vor Ort sein zu m\u00fcssen. Sei Dir sicher \u2013 mit easydriver connect<\/p>\n<ul>\n<li>GPS Ortungssystem: \u00dcber die kostenlosen easydriver Apps myCaravaning und connect kannst Du die genaue Position Deines mobilen Zuhauses jederzeit in Echtzeit abrufen.<\/li>\n<li>Diebstahlschutz: Verl\u00e4sst das Fahrzeug au\u00dferplanm\u00e4\u00dfig eine zuvor definierte, individuell festlegbare Sicherheitszone, wirst Du unmittelbar \u00fcber Dein Smartphone gewarnt.<\/li>\n<li>Assistance Service: In enger Zusammenarbeit mit der Polizei wird die Spur des gestohlenen Fahrzeugs ermittelt.<\/li>\n<li>\u00dcberall mit Dir verbunden: Wichtige Informationen zum Fahrzeug (z.B. Temperatur, Tankinhalt u.v.m.) lassen sich von Dir auch aus gro\u00dfer Entfernung einfach aufrufen und via App \u00fcberwachen.<\/li>\n<li>Clevere Sensoren f\u00fcr die \u00dcberwachung einzelner Fahrzeugkomponenten sind beliebig erweiterbar und sorgen f\u00fcr noch mehr Gelassenheit on tour<\/li>\n<\/ul>\n<p>Mehrere Fahrzeugprofile w\u00e4hlbar<br \/>\nVerbindung zum Elektronischen Stabilisierungssystem m\u00f6glich<br \/>\nF\u00fcr die App-Steuerung der easydriver Rangierhilfe ist ein zus\u00e4tzlicher Appcontroller notwendig<\/p>\n<p>PS Ortungssystem \u00fcber die kostenlosen easydriver Apps my Caravaning und connect kann die genauer Position des Fahrzeugs jederzeit in Echtzeit abgerufen werden<br \/>\nDiebstahlschutz &#8211; Verl\u00e4sst das Fahrzeug au\u00dferplanm\u00e4\u00dfig eine zuvor definierte, individuell festlegbare Sicherheitszone, wird unmittelbar \u00fcber das Smartphone gewarnt<br \/>\nAssistance Service: In enger Zusammenarbeit mit der Polizei wird die Spur des gestohlenen Fahrzeugs ermittelt<br \/>\n\u00dcberall verbunden: Wichtige Informationen lassen sich auch aus gro\u00dfer Entfernung abrufen (Temperatur, Tankinhalt etc.) Clevere Sensoren f\u00fcr die \u00dcberwachung einzelner Fahrzeugkomponenten sind beliebig erweiterbar.<\/p>\n<p>&nbsp;<\/p>\n<ul>\n<li>Ma\u00dfe: 8,9 x 4,8 x 13 cm (B x H x T)<\/li>\n<li>Batterietyp: Lithium<br \/>\n\t&nbsp;<\/li>\n<\/ul>\n","protected":false},"excerpt":{"rendered":"<p>Freiheit f\u00fchlen bedeutet sorgenfrei sein &#8211; mit dem Kontrollsystem f\u00fcr Wohnwagen und Wohnmobile von easysdriver erleben Sie unbeschwerte Urlaubsmomente. Vernetzen Sie ganz einfach Ihren mobilen Wohnraum und behalten Sie Ihr Zuhause auf R\u00e4dern \u00fcberall im Blick &#8211; ohne selbst vor Ort sein zu m\u00fcssen. easydriver connect verbindet Dich! Das smarte Kontrollsystem f\u00fcr Dein Zuhause auf [&hellip;]<\/p>\n","protected":false},"featured_media":211396,"template":"","meta":{"_acf_changed":false},"product_featured_cat":[],"product_brand":[],"product_cat":[4662],"product_tag":[],"class_list":{"0":"post-211400","1":"product","2":"type-product","3":"status-publish","4":"has-post-thumbnail","6":"product_cat-smart-home","8":"first","9":"instock","10":"taxable","11":"shipping-taxable","12":"purchasable","13":"product-type-simple"},"acf":[],"yoast_head":"<!-- This site is optimized with the Yoast SEO plugin v27.4 - https:\/\/yoast.com\/product\/yoast-seo-wordpress\/ -->\n<title>Vernetzungsmodul connect - Bantam Camping AG<\/title>\n<meta name=\"robots\" content=\"index, follow, max-snippet:-1, max-image-preview:large, max-video-preview:-1\" \/>\n<link rel=\"canonical\" href=\"https:\/\/shop.bantam.ch\/de\/produkt\/vernetzungsmodul-connect\/\" \/>\n<meta property=\"og:locale\" content=\"de_DE\" \/>\n<meta property=\"og:type\" content=\"article\" \/>\n<meta property=\"og:title\" content=\"Vernetzungsmodul connect - Bantam Camping AG\" \/>\n<meta property=\"og:description\" content=\"Freiheit f\u00fchlen bedeutet sorgenfrei sein &#8211; mit dem Kontrollsystem f\u00fcr Wohnwagen und Wohnmobile von easysdriver erleben Sie unbeschwerte Urlaubsmomente. Vernetzen Sie ganz einfach Ihren mobilen Wohnraum und behalten Sie Ihr Zuhause auf R\u00e4dern \u00fcberall im Blick &#8211; ohne selbst vor Ort sein zu m\u00fcssen. easydriver connect verbindet Dich! Das smarte Kontrollsystem f\u00fcr Dein Zuhause auf [&hellip;]\" \/>\n<meta property=\"og:url\" content=\"https:\/\/shop.bantam.ch\/de\/produkt\/vernetzungsmodul-connect\/\" \/>\n<meta property=\"og:site_name\" content=\"Bantam Camping AG\" \/>\n<meta property=\"article:modified_time\" content=\"2026-04-22T21:20:51+00:00\" \/>\n<meta name=\"twitter:card\" content=\"summary_large_image\" \/>\n<meta name=\"twitter:label1\" content=\"Gesch\u00e4tzte Lesezeit\" \/>\n\t<meta name=\"twitter:data1\" content=\"2\u00a0Minuten\" \/>\n<script type=\"application\/ld+json\" class=\"yoast-schema-graph\">{\"@context\":\"https:\\\/\\\/schema.org\",\"@graph\":[{\"@type\":\"WebPage\",\"@id\":\"https:\\\/\\\/shop.bantam.ch\\\/de\\\/produkt\\\/vernetzungsmodul-connect\\\/\",\"url\":\"https:\\\/\\\/shop.bantam.ch\\\/de\\\/produkt\\\/vernetzungsmodul-connect\\\/\",\"name\":\"Vernetzungsmodul connect - Bantam Camping AG\",\"isPartOf\":{\"@id\":\"https:\\\/\\\/shop.bantam.ch\\\/de\\\/#website\"},\"primaryImageOfPage\":{\"@id\":\"https:\\\/\\\/shop.bantam.ch\\\/de\\\/produkt\\\/vernetzungsmodul-connect\\\/#primaryimage\"},\"image\":{\"@id\":\"https:\\\/\\\/shop.bantam.ch\\\/de\\\/produkt\\\/vernetzungsmodul-connect\\\/#primaryimage\"},\"thumbnailUrl\":\"https:\\\/\\\/shop.bantam.ch\\\/wp-content\\\/uploads\\\/2025\\\/03\\\/Movera-L-9949605100.jpg\",\"datePublished\":\"2025-03-14T13:35:08+00:00\",\"dateModified\":\"2026-04-22T21:20:51+00:00\",\"breadcrumb\":{\"@id\":\"https:\\\/\\\/shop.bantam.ch\\\/de\\\/produkt\\\/vernetzungsmodul-connect\\\/#breadcrumb\"},\"inLanguage\":\"de\",\"potentialAction\":[{\"@type\":\"ReadAction\",\"target\":[\"https:\\\/\\\/shop.bantam.ch\\\/de\\\/produkt\\\/vernetzungsmodul-connect\\\/\"]}]},{\"@type\":\"ImageObject\",\"inLanguage\":\"de\",\"@id\":\"https:\\\/\\\/shop.bantam.ch\\\/de\\\/produkt\\\/vernetzungsmodul-connect\\\/#primaryimage\",\"url\":\"https:\\\/\\\/shop.bantam.ch\\\/wp-content\\\/uploads\\\/2025\\\/03\\\/Movera-L-9949605100.jpg\",\"contentUrl\":\"https:\\\/\\\/shop.bantam.ch\\\/wp-content\\\/uploads\\\/2025\\\/03\\\/Movera-L-9949605100.jpg\",\"width\":640,\"height\":427},{\"@type\":\"BreadcrumbList\",\"@id\":\"https:\\\/\\\/shop.bantam.ch\\\/de\\\/produkt\\\/vernetzungsmodul-connect\\\/#breadcrumb\",\"itemListElement\":[{\"@type\":\"ListItem\",\"position\":1,\"name\":\"Accueil\",\"item\":\"https:\\\/\\\/shop.bantam.ch\\\/de\\\/\"},{\"@type\":\"ListItem\",\"position\":2,\"name\":\"Shop\",\"item\":\"https:\\\/\\\/shop.bantam.ch\\\/de\\\/shop\\\/\"},{\"@type\":\"ListItem\",\"position\":3,\"name\":\"Vernetzungsmodul connect\"}]},{\"@type\":\"WebSite\",\"@id\":\"https:\\\/\\\/shop.bantam.ch\\\/de\\\/#website\",\"url\":\"https:\\\/\\\/shop.bantam.ch\\\/de\\\/\",\"name\":\"Bantam Camping AG\",\"description\":\"\",\"publisher\":{\"@id\":\"https:\\\/\\\/shop.bantam.ch\\\/de\\\/#organization\"},\"inLanguage\":\"de\"},{\"@type\":\"Organization\",\"@id\":\"https:\\\/\\\/shop.bantam.ch\\\/de\\\/#organization\",\"name\":\"Bantam Camping AG\",\"url\":\"https:\\\/\\\/shop.bantam.ch\\\/de\\\/\",\"logo\":{\"@type\":\"ImageObject\",\"inLanguage\":\"de\",\"@id\":\"https:\\\/\\\/shop.bantam.ch\\\/de\\\/#\\\/schema\\\/logo\\\/image\\\/\",\"url\":\"https:\\\/\\\/shop.bantam.ch\\\/wp-content\\\/uploads\\\/2022\\\/12\\\/bantam-logo.png\",\"contentUrl\":\"https:\\\/\\\/shop.bantam.ch\\\/wp-content\\\/uploads\\\/2022\\\/12\\\/bantam-logo.png\",\"width\":320,\"height\":71,\"caption\":\"Bantam Camping AG\"},\"image\":{\"@id\":\"https:\\\/\\\/shop.bantam.ch\\\/de\\\/#\\\/schema\\\/logo\\\/image\\\/\"}}]}<\/script>\n<!-- \/ Yoast SEO plugin. -->","yoast_head_json":{"title":"Vernetzungsmodul connect - Bantam Camping AG","robots":{"index":"index","follow":"follow","max-snippet":"max-snippet:-1","max-image-preview":"max-image-preview:large","max-video-preview":"max-video-preview:-1"},"canonical":"https:\/\/shop.bantam.ch\/de\/produkt\/vernetzungsmodul-connect\/","og_locale":"de_DE","og_type":"article","og_title":"Vernetzungsmodul connect - Bantam Camping AG","og_description":"Freiheit f\u00fchlen bedeutet sorgenfrei sein &#8211; mit dem Kontrollsystem f\u00fcr Wohnwagen und Wohnmobile von easysdriver erleben Sie unbeschwerte Urlaubsmomente. Vernetzen Sie ganz einfach Ihren mobilen Wohnraum und behalten Sie Ihr Zuhause auf R\u00e4dern \u00fcberall im Blick &#8211; ohne selbst vor Ort sein zu m\u00fcssen. easydriver connect verbindet Dich! Das smarte Kontrollsystem f\u00fcr Dein Zuhause auf [&hellip;]","og_url":"https:\/\/shop.bantam.ch\/de\/produkt\/vernetzungsmodul-connect\/","og_site_name":"Bantam Camping AG","article_modified_time":"2026-04-22T21:20:51+00:00","twitter_card":"summary_large_image","twitter_misc":{"Gesch\u00e4tzte Lesezeit":"2\u00a0Minuten"},"schema":{"@context":"https:\/\/schema.org","@graph":[{"@type":"WebPage","@id":"https:\/\/shop.bantam.ch\/de\/produkt\/vernetzungsmodul-connect\/","url":"https:\/\/shop.bantam.ch\/de\/produkt\/vernetzungsmodul-connect\/","name":"Vernetzungsmodul connect - Bantam Camping AG","isPartOf":{"@id":"https:\/\/shop.bantam.ch\/de\/#website"},"primaryImageOfPage":{"@id":"https:\/\/shop.bantam.ch\/de\/produkt\/vernetzungsmodul-connect\/#primaryimage"},"image":{"@id":"https:\/\/shop.bantam.ch\/de\/produkt\/vernetzungsmodul-connect\/#primaryimage"},"thumbnailUrl":"https:\/\/shop.bantam.ch\/wp-content\/uploads\/2025\/03\/Movera-L-9949605100.jpg","datePublished":"2025-03-14T13:35:08+00:00","dateModified":"2026-04-22T21:20:51+00:00","breadcrumb":{"@id":"https:\/\/shop.bantam.ch\/de\/produkt\/vernetzungsmodul-connect\/#breadcrumb"},"inLanguage":"de","potentialAction":[{"@type":"ReadAction","target":["https:\/\/shop.bantam.ch\/de\/produkt\/vernetzungsmodul-connect\/"]}]},{"@type":"ImageObject","inLanguage":"de","@id":"https:\/\/shop.bantam.ch\/de\/produkt\/vernetzungsmodul-connect\/#primaryimage","url":"https:\/\/shop.bantam.ch\/wp-content\/uploads\/2025\/03\/Movera-L-9949605100.jpg","contentUrl":"https:\/\/shop.bantam.ch\/wp-content\/uploads\/2025\/03\/Movera-L-9949605100.jpg","width":640,"height":427},{"@type":"BreadcrumbList","@id":"https:\/\/shop.bantam.ch\/de\/produkt\/vernetzungsmodul-connect\/#breadcrumb","itemListElement":[{"@type":"ListItem","position":1,"name":"Accueil","item":"https:\/\/shop.bantam.ch\/de\/"},{"@type":"ListItem","position":2,"name":"Shop","item":"https:\/\/shop.bantam.ch\/de\/shop\/"},{"@type":"ListItem","position":3,"name":"Vernetzungsmodul connect"}]},{"@type":"WebSite","@id":"https:\/\/shop.bantam.ch\/de\/#website","url":"https:\/\/shop.bantam.ch\/de\/","name":"Bantam Camping AG","description":"","publisher":{"@id":"https:\/\/shop.bantam.ch\/de\/#organization"},"inLanguage":"de"},{"@type":"Organization","@id":"https:\/\/shop.bantam.ch\/de\/#organization","name":"Bantam Camping AG","url":"https:\/\/shop.bantam.ch\/de\/","logo":{"@type":"ImageObject","inLanguage":"de","@id":"https:\/\/shop.bantam.ch\/de\/#\/schema\/logo\/image\/","url":"https:\/\/shop.bantam.ch\/wp-content\/uploads\/2022\/12\/bantam-logo.png","contentUrl":"https:\/\/shop.bantam.ch\/wp-content\/uploads\/2022\/12\/bantam-logo.png","width":320,"height":71,"caption":"Bantam Camping AG"},"image":{"@id":"https:\/\/shop.bantam.ch\/de\/#\/schema\/logo\/image\/"}}]}},"_links":{"self":[{"href":"https:\/\/shop.bantam.ch\/de\/wp-json\/wp\/v2\/product\/211400","targetHints":{"allow":["GET"]}}],"collection":[{"href":"https:\/\/shop.bantam.ch\/de\/wp-json\/wp\/v2\/product"}],"about":[{"href":"https:\/\/shop.bantam.ch\/de\/wp-json\/wp\/v2\/types\/product"}],"wp:featuredmedia":[{"embeddable":true,"href":"https:\/\/shop.bantam.ch\/de\/wp-json\/wp\/v2\/media\/211396"}],"wp:attachment":[{"href":"https:\/\/shop.bantam.ch\/de\/wp-json\/wp\/v2\/media?parent=211400"}],"wp:term":[{"taxonomy":"product_featured_cat","embeddable":true,"href":"https:\/\/shop.bantam.ch\/de\/wp-json\/wp\/v2\/product_featured_cat?post=211400"},{"taxonomy":"product_brand","embeddable":true,"href":"https:\/\/shop.bantam.ch\/de\/wp-json\/wp\/v2\/product_brand?post=211400"},{"taxonomy":"product_cat","embeddable":true,"href":"https:\/\/shop.bantam.ch\/de\/wp-json\/wp\/v2\/product_cat?post=211400"},{"taxonomy":"product_tag","embeddable":true,"href":"https:\/\/shop.bantam.ch\/de\/wp-json\/wp\/v2\/product_tag?post=211400"}],"curies":[{"name":"wp","href":"https:\/\/api.w.org\/{rel}","templated":true}]}}