{"id":211318,"date":"2025-03-14T14:32:49","date_gmt":"2025-03-14T13:32:49","guid":{"rendered":"https:\/\/shop.bantam.ch\/produit\/funk-gaswarner-g-a-s-connect\/"},"modified":"2026-05-11T23:18:12","modified_gmt":"2026-05-11T21:18:12","slug":"funk-gaswarner-g-a-s-connect","status":"publish","type":"product","link":"https:\/\/shop.bantam.ch\/de\/produkt\/funk-gaswarner-g-a-s-connect\/","title":{"rendered":"Funk-Gaswarner G.A.S. connect"},"content":{"rendered":"<p>G.A.S.-connect ist die ideale Erg\u00e4nzung zum Alarmsystem. Er erkennt schon kleinste Mengen Propan- und Butan und Narkosegase in der Atemluft und alarmiert zuverl\u00e4ssig. Der Funk-Gaswarner ben\u00f6tigt lediglich einen Anschluss an eine Spannungsversorgung. Das Alarmsignal sendet er kabellos \u00fcber Funk an die Zentrale. Er l\u00e4sst sich durch die Bohrschablone einfach auf der richtigen H\u00f6he installieren. Durch den Ein-\/Aus-Schalter kann er bei Nichtbedarf ausgeschaltet werden. Durch seinen Anschluss ans Bord-Stromnetz ist er dauerhaft einsatzbereit \u2013 ganz ohne Tausch von Batterien.<\/p>\n<p>Als Erweiterung der WiPro III (safe.lock). Alarmiert bei Narkosegas\u00fcberf\u00e4llen und Undichtigkeiten der bordeigenen Gasanlage. Die intelligente, dynamische Temperaturanpassung und der st\u00e4ndige Sensorselbsttest gew\u00e4hrleisten eine einwandfreie Funktion unter verschiedensten, klimatischen Bedingungen.<\/p>\n","protected":false},"excerpt":{"rendered":"<p>G.A.S.-connect ist die ideale Erg\u00e4nzung zum Alarmsystem. Er erkennt schon kleinste Mengen Propan- und Butan und Narkosegase in der Atemluft und alarmiert zuverl\u00e4ssig. Der Funk-Gaswarner ben\u00f6tigt lediglich einen Anschluss an eine Spannungsversorgung. Das Alarmsignal sendet er kabellos \u00fcber Funk an die Zentrale. Er l\u00e4sst sich durch die Bohrschablone einfach auf der richtigen H\u00f6he installieren. Durch [&hellip;]<\/p>\n","protected":false},"featured_media":211316,"template":"","meta":{"_acf_changed":false},"product_featured_cat":[],"product_brand":[],"product_cat":[5054],"product_tag":[],"class_list":{"0":"post-211318","1":"product","2":"type-product","3":"status-publish","4":"has-post-thumbnail","6":"product_cat-gaswarner","8":"first","9":"instock","10":"taxable","11":"shipping-taxable","12":"purchasable","13":"product-type-simple"},"acf":[],"yoast_head":"<!-- This site is optimized with the Yoast SEO plugin v27.5 - https:\/\/yoast.com\/product\/yoast-seo-wordpress\/ -->\n<title>Funk-Gaswarner G.A.S. connect - Bantam<\/title>\n<meta name=\"robots\" content=\"index, follow, max-snippet:-1, max-image-preview:large, max-video-preview:-1\" \/>\n<link rel=\"canonical\" href=\"https:\/\/shop.bantam.ch\/de\/produkt\/funk-gaswarner-g-a-s-connect\/\" \/>\n<meta property=\"og:locale\" content=\"de_DE\" \/>\n<meta property=\"og:type\" content=\"article\" \/>\n<meta property=\"og:title\" content=\"Funk-Gaswarner G.A.S. connect - Bantam\" \/>\n<meta property=\"og:description\" content=\"G.A.S.-connect ist die ideale Erg\u00e4nzung zum Alarmsystem. Er erkennt schon kleinste Mengen Propan- und Butan und Narkosegase in der Atemluft und alarmiert zuverl\u00e4ssig. Der Funk-Gaswarner ben\u00f6tigt lediglich einen Anschluss an eine Spannungsversorgung. Das Alarmsignal sendet er kabellos \u00fcber Funk an die Zentrale. Er l\u00e4sst sich durch die Bohrschablone einfach auf der richtigen H\u00f6he installieren. Durch [&hellip;]\" \/>\n<meta property=\"og:url\" content=\"https:\/\/shop.bantam.ch\/de\/produkt\/funk-gaswarner-g-a-s-connect\/\" \/>\n<meta property=\"og:site_name\" content=\"Bantam\" \/>\n<meta property=\"article:modified_time\" content=\"2026-05-11T21:18:12+00:00\" \/>\n<meta name=\"twitter:card\" content=\"summary_large_image\" \/>\n<meta name=\"twitter:label1\" content=\"Gesch\u00e4tzte Lesezeit\" \/>\n\t<meta name=\"twitter:data1\" content=\"1\u00a0Minute\" \/>\n<script type=\"application\/ld+json\" class=\"yoast-schema-graph\">{\"@context\":\"https:\\\/\\\/schema.org\",\"@graph\":[{\"@type\":\"WebPage\",\"@id\":\"https:\\\/\\\/shop.bantam.ch\\\/de\\\/produkt\\\/funk-gaswarner-g-a-s-connect\\\/\",\"url\":\"https:\\\/\\\/shop.bantam.ch\\\/de\\\/produkt\\\/funk-gaswarner-g-a-s-connect\\\/\",\"name\":\"Funk-Gaswarner G.A.S. connect - Bantam\",\"isPartOf\":{\"@id\":\"https:\\\/\\\/shop.bantam.ch\\\/de\\\/#website\"},\"primaryImageOfPage\":{\"@id\":\"https:\\\/\\\/shop.bantam.ch\\\/de\\\/produkt\\\/funk-gaswarner-g-a-s-connect\\\/#primaryimage\"},\"image\":{\"@id\":\"https:\\\/\\\/shop.bantam.ch\\\/de\\\/produkt\\\/funk-gaswarner-g-a-s-connect\\\/#primaryimage\"},\"thumbnailUrl\":\"https:\\\/\\\/shop.bantam.ch\\\/wp-content\\\/uploads\\\/2025\\\/03\\\/Movera-L-9949574100.jpg\",\"datePublished\":\"2025-03-14T13:32:49+00:00\",\"dateModified\":\"2026-05-11T21:18:12+00:00\",\"breadcrumb\":{\"@id\":\"https:\\\/\\\/shop.bantam.ch\\\/de\\\/produkt\\\/funk-gaswarner-g-a-s-connect\\\/#breadcrumb\"},\"inLanguage\":\"de\",\"potentialAction\":[{\"@type\":\"ReadAction\",\"target\":[\"https:\\\/\\\/shop.bantam.ch\\\/de\\\/produkt\\\/funk-gaswarner-g-a-s-connect\\\/\"]}]},{\"@type\":\"ImageObject\",\"inLanguage\":\"de\",\"@id\":\"https:\\\/\\\/shop.bantam.ch\\\/de\\\/produkt\\\/funk-gaswarner-g-a-s-connect\\\/#primaryimage\",\"url\":\"https:\\\/\\\/shop.bantam.ch\\\/wp-content\\\/uploads\\\/2025\\\/03\\\/Movera-L-9949574100.jpg\",\"contentUrl\":\"https:\\\/\\\/shop.bantam.ch\\\/wp-content\\\/uploads\\\/2025\\\/03\\\/Movera-L-9949574100.jpg\",\"width\":640,\"height\":427},{\"@type\":\"BreadcrumbList\",\"@id\":\"https:\\\/\\\/shop.bantam.ch\\\/de\\\/produkt\\\/funk-gaswarner-g-a-s-connect\\\/#breadcrumb\",\"itemListElement\":[{\"@type\":\"ListItem\",\"position\":1,\"name\":\"Accueil\",\"item\":\"https:\\\/\\\/shop.bantam.ch\\\/de\\\/\"},{\"@type\":\"ListItem\",\"position\":2,\"name\":\"Shop\",\"item\":\"https:\\\/\\\/shop.bantam.ch\\\/de\\\/shop\\\/\"},{\"@type\":\"ListItem\",\"position\":3,\"name\":\"Funk-Gaswarner G.A.S. connect\"}]},{\"@type\":\"WebSite\",\"@id\":\"https:\\\/\\\/shop.bantam.ch\\\/de\\\/#website\",\"url\":\"https:\\\/\\\/shop.bantam.ch\\\/de\\\/\",\"name\":\"Bantam\",\"description\":\"\",\"publisher\":{\"@id\":\"https:\\\/\\\/shop.bantam.ch\\\/de\\\/#organization\"},\"inLanguage\":\"de\"},{\"@type\":\"Organization\",\"@id\":\"https:\\\/\\\/shop.bantam.ch\\\/de\\\/#organization\",\"name\":\"Bantam\",\"url\":\"https:\\\/\\\/shop.bantam.ch\\\/de\\\/\",\"logo\":{\"@type\":\"ImageObject\",\"inLanguage\":\"de\",\"@id\":\"https:\\\/\\\/shop.bantam.ch\\\/de\\\/#\\\/schema\\\/logo\\\/image\\\/\",\"url\":\"https:\\\/\\\/shop.bantam.ch\\\/wp-content\\\/uploads\\\/2022\\\/12\\\/bantam-logo.png\",\"contentUrl\":\"https:\\\/\\\/shop.bantam.ch\\\/wp-content\\\/uploads\\\/2022\\\/12\\\/bantam-logo.png\",\"width\":320,\"height\":71,\"caption\":\"Bantam\"},\"image\":{\"@id\":\"https:\\\/\\\/shop.bantam.ch\\\/de\\\/#\\\/schema\\\/logo\\\/image\\\/\"}}]}<\/script>\n<!-- \/ Yoast SEO plugin. -->","yoast_head_json":{"title":"Funk-Gaswarner G.A.S. connect - Bantam","robots":{"index":"index","follow":"follow","max-snippet":"max-snippet:-1","max-image-preview":"max-image-preview:large","max-video-preview":"max-video-preview:-1"},"canonical":"https:\/\/shop.bantam.ch\/de\/produkt\/funk-gaswarner-g-a-s-connect\/","og_locale":"de_DE","og_type":"article","og_title":"Funk-Gaswarner G.A.S. connect - Bantam","og_description":"G.A.S.-connect ist die ideale Erg\u00e4nzung zum Alarmsystem. Er erkennt schon kleinste Mengen Propan- und Butan und Narkosegase in der Atemluft und alarmiert zuverl\u00e4ssig. Der Funk-Gaswarner ben\u00f6tigt lediglich einen Anschluss an eine Spannungsversorgung. Das Alarmsignal sendet er kabellos \u00fcber Funk an die Zentrale. Er l\u00e4sst sich durch die Bohrschablone einfach auf der richtigen H\u00f6he installieren. Durch [&hellip;]","og_url":"https:\/\/shop.bantam.ch\/de\/produkt\/funk-gaswarner-g-a-s-connect\/","og_site_name":"Bantam","article_modified_time":"2026-05-11T21:18:12+00:00","twitter_card":"summary_large_image","twitter_misc":{"Gesch\u00e4tzte Lesezeit":"1\u00a0Minute"},"schema":{"@context":"https:\/\/schema.org","@graph":[{"@type":"WebPage","@id":"https:\/\/shop.bantam.ch\/de\/produkt\/funk-gaswarner-g-a-s-connect\/","url":"https:\/\/shop.bantam.ch\/de\/produkt\/funk-gaswarner-g-a-s-connect\/","name":"Funk-Gaswarner G.A.S. connect - Bantam","isPartOf":{"@id":"https:\/\/shop.bantam.ch\/de\/#website"},"primaryImageOfPage":{"@id":"https:\/\/shop.bantam.ch\/de\/produkt\/funk-gaswarner-g-a-s-connect\/#primaryimage"},"image":{"@id":"https:\/\/shop.bantam.ch\/de\/produkt\/funk-gaswarner-g-a-s-connect\/#primaryimage"},"thumbnailUrl":"https:\/\/shop.bantam.ch\/wp-content\/uploads\/2025\/03\/Movera-L-9949574100.jpg","datePublished":"2025-03-14T13:32:49+00:00","dateModified":"2026-05-11T21:18:12+00:00","breadcrumb":{"@id":"https:\/\/shop.bantam.ch\/de\/produkt\/funk-gaswarner-g-a-s-connect\/#breadcrumb"},"inLanguage":"de","potentialAction":[{"@type":"ReadAction","target":["https:\/\/shop.bantam.ch\/de\/produkt\/funk-gaswarner-g-a-s-connect\/"]}]},{"@type":"ImageObject","inLanguage":"de","@id":"https:\/\/shop.bantam.ch\/de\/produkt\/funk-gaswarner-g-a-s-connect\/#primaryimage","url":"https:\/\/shop.bantam.ch\/wp-content\/uploads\/2025\/03\/Movera-L-9949574100.jpg","contentUrl":"https:\/\/shop.bantam.ch\/wp-content\/uploads\/2025\/03\/Movera-L-9949574100.jpg","width":640,"height":427},{"@type":"BreadcrumbList","@id":"https:\/\/shop.bantam.ch\/de\/produkt\/funk-gaswarner-g-a-s-connect\/#breadcrumb","itemListElement":[{"@type":"ListItem","position":1,"name":"Accueil","item":"https:\/\/shop.bantam.ch\/de\/"},{"@type":"ListItem","position":2,"name":"Shop","item":"https:\/\/shop.bantam.ch\/de\/shop\/"},{"@type":"ListItem","position":3,"name":"Funk-Gaswarner G.A.S. connect"}]},{"@type":"WebSite","@id":"https:\/\/shop.bantam.ch\/de\/#website","url":"https:\/\/shop.bantam.ch\/de\/","name":"Bantam","description":"","publisher":{"@id":"https:\/\/shop.bantam.ch\/de\/#organization"},"inLanguage":"de"},{"@type":"Organization","@id":"https:\/\/shop.bantam.ch\/de\/#organization","name":"Bantam","url":"https:\/\/shop.bantam.ch\/de\/","logo":{"@type":"ImageObject","inLanguage":"de","@id":"https:\/\/shop.bantam.ch\/de\/#\/schema\/logo\/image\/","url":"https:\/\/shop.bantam.ch\/wp-content\/uploads\/2022\/12\/bantam-logo.png","contentUrl":"https:\/\/shop.bantam.ch\/wp-content\/uploads\/2022\/12\/bantam-logo.png","width":320,"height":71,"caption":"Bantam"},"image":{"@id":"https:\/\/shop.bantam.ch\/de\/#\/schema\/logo\/image\/"}}]}},"_links":{"self":[{"href":"https:\/\/shop.bantam.ch\/de\/wp-json\/wp\/v2\/product\/211318","targetHints":{"allow":["GET"]}}],"collection":[{"href":"https:\/\/shop.bantam.ch\/de\/wp-json\/wp\/v2\/product"}],"about":[{"href":"https:\/\/shop.bantam.ch\/de\/wp-json\/wp\/v2\/types\/product"}],"wp:featuredmedia":[{"embeddable":true,"href":"https:\/\/shop.bantam.ch\/de\/wp-json\/wp\/v2\/media\/211316"}],"wp:attachment":[{"href":"https:\/\/shop.bantam.ch\/de\/wp-json\/wp\/v2\/media?parent=211318"}],"wp:term":[{"taxonomy":"product_featured_cat","embeddable":true,"href":"https:\/\/shop.bantam.ch\/de\/wp-json\/wp\/v2\/product_featured_cat?post=211318"},{"taxonomy":"product_brand","embeddable":true,"href":"https:\/\/shop.bantam.ch\/de\/wp-json\/wp\/v2\/product_brand?post=211318"},{"taxonomy":"product_cat","embeddable":true,"href":"https:\/\/shop.bantam.ch\/de\/wp-json\/wp\/v2\/product_cat?post=211318"},{"taxonomy":"product_tag","embeddable":true,"href":"https:\/\/shop.bantam.ch\/de\/wp-json\/wp\/v2\/product_tag?post=211318"}],"curies":[{"name":"wp","href":"https:\/\/api.w.org\/{rel}","templated":true}]}}