{"id":211314,"date":"2025-03-14T14:32:43","date_gmt":"2025-03-14T13:32:43","guid":{"rendered":"https:\/\/shop.bantam.ch\/produit\/bewegungsmelder-e-movement\/"},"modified":"2026-05-11T23:18:11","modified_gmt":"2026-05-11T21:18:11","slug":"bewegungsmelder-e-movement","status":"publish","type":"product","link":"https:\/\/shop.bantam.ch\/de\/produkt\/bewegungsmelder-e-movement\/","title":{"rendered":"Bewegungsmelder E-Movement"},"content":{"rendered":"<p>Die drahtlosen Sensoren von E-Movement behalten das Wohnmobil f\u00fcr den Besitzer im Auge. Sobald ein Sensor eine Bewegung im Campingfahrzeug feststellt, wird sofort eine Benachrichtigung an das Smartphone gesendet und es k\u00f6nnen sofort Ma\u00dfnahmen ergriffen werden.<\/p>\n<p>* Nur in Kombination mit einem Starterpaket Plus und einem g\u00fcltigen Abonnement zu verwenden.<\/p>\n<p>Ma\u00dfe: 10 x 3,5 cm (\u00f8 x H)<\/p>\n<p>Lieferumfang:<br \/>\nInklusive 2 Batterien<\/p>\n","protected":false},"excerpt":{"rendered":"<p>Die drahtlosen Sensoren von E-Movement behalten das Wohnmobil f\u00fcr den Besitzer im Auge. Sobald ein Sensor eine Bewegung im Campingfahrzeug feststellt, wird sofort eine Benachrichtigung an das Smartphone gesendet und es k\u00f6nnen sofort Ma\u00dfnahmen ergriffen werden. * Nur in Kombination mit einem Starterpaket Plus und einem g\u00fcltigen Abonnement zu verwenden. Ma\u00dfe: 10 x 3,5 cm [&hellip;]<\/p>\n","protected":false},"featured_media":211308,"template":"","meta":{"_acf_changed":false},"product_featured_cat":[],"product_brand":[],"product_cat":[4662],"product_tag":[],"class_list":{"0":"post-211314","1":"product","2":"type-product","3":"status-publish","4":"has-post-thumbnail","6":"product_cat-smart-home","8":"first","9":"instock","10":"taxable","11":"shipping-taxable","12":"purchasable","13":"product-type-simple"},"acf":[],"yoast_head":"<!-- This site is optimized with the Yoast SEO plugin v27.5 - https:\/\/yoast.com\/product\/yoast-seo-wordpress\/ -->\n<title>Bewegungsmelder E-Movement - Bantam<\/title>\n<meta name=\"robots\" content=\"index, follow, max-snippet:-1, max-image-preview:large, max-video-preview:-1\" \/>\n<link rel=\"canonical\" href=\"https:\/\/shop.bantam.ch\/de\/produkt\/bewegungsmelder-e-movement\/\" \/>\n<meta property=\"og:locale\" content=\"de_DE\" \/>\n<meta property=\"og:type\" content=\"article\" \/>\n<meta property=\"og:title\" content=\"Bewegungsmelder E-Movement - Bantam\" \/>\n<meta property=\"og:description\" content=\"Die drahtlosen Sensoren von E-Movement behalten das Wohnmobil f\u00fcr den Besitzer im Auge. Sobald ein Sensor eine Bewegung im Campingfahrzeug feststellt, wird sofort eine Benachrichtigung an das Smartphone gesendet und es k\u00f6nnen sofort Ma\u00dfnahmen ergriffen werden. * Nur in Kombination mit einem Starterpaket Plus und einem g\u00fcltigen Abonnement zu verwenden. Ma\u00dfe: 10 x 3,5 cm [&hellip;]\" \/>\n<meta property=\"og:url\" content=\"https:\/\/shop.bantam.ch\/de\/produkt\/bewegungsmelder-e-movement\/\" \/>\n<meta property=\"og:site_name\" content=\"Bantam\" \/>\n<meta property=\"article:modified_time\" content=\"2026-05-11T21:18:11+00:00\" \/>\n<meta name=\"twitter:card\" content=\"summary_large_image\" \/>\n<script type=\"application\/ld+json\" class=\"yoast-schema-graph\">{\"@context\":\"https:\\\/\\\/schema.org\",\"@graph\":[{\"@type\":\"WebPage\",\"@id\":\"https:\\\/\\\/shop.bantam.ch\\\/de\\\/produkt\\\/bewegungsmelder-e-movement\\\/\",\"url\":\"https:\\\/\\\/shop.bantam.ch\\\/de\\\/produkt\\\/bewegungsmelder-e-movement\\\/\",\"name\":\"Bewegungsmelder E-Movement - Bantam\",\"isPartOf\":{\"@id\":\"https:\\\/\\\/shop.bantam.ch\\\/de\\\/#website\"},\"primaryImageOfPage\":{\"@id\":\"https:\\\/\\\/shop.bantam.ch\\\/de\\\/produkt\\\/bewegungsmelder-e-movement\\\/#primaryimage\"},\"image\":{\"@id\":\"https:\\\/\\\/shop.bantam.ch\\\/de\\\/produkt\\\/bewegungsmelder-e-movement\\\/#primaryimage\"},\"thumbnailUrl\":\"https:\\\/\\\/shop.bantam.ch\\\/wp-content\\\/uploads\\\/2025\\\/03\\\/Movera-L-9949572100.jpg\",\"datePublished\":\"2025-03-14T13:32:43+00:00\",\"dateModified\":\"2026-05-11T21:18:11+00:00\",\"breadcrumb\":{\"@id\":\"https:\\\/\\\/shop.bantam.ch\\\/de\\\/produkt\\\/bewegungsmelder-e-movement\\\/#breadcrumb\"},\"inLanguage\":\"de\",\"potentialAction\":[{\"@type\":\"ReadAction\",\"target\":[\"https:\\\/\\\/shop.bantam.ch\\\/de\\\/produkt\\\/bewegungsmelder-e-movement\\\/\"]}]},{\"@type\":\"ImageObject\",\"inLanguage\":\"de\",\"@id\":\"https:\\\/\\\/shop.bantam.ch\\\/de\\\/produkt\\\/bewegungsmelder-e-movement\\\/#primaryimage\",\"url\":\"https:\\\/\\\/shop.bantam.ch\\\/wp-content\\\/uploads\\\/2025\\\/03\\\/Movera-L-9949572100.jpg\",\"contentUrl\":\"https:\\\/\\\/shop.bantam.ch\\\/wp-content\\\/uploads\\\/2025\\\/03\\\/Movera-L-9949572100.jpg\",\"width\":640,\"height\":512},{\"@type\":\"BreadcrumbList\",\"@id\":\"https:\\\/\\\/shop.bantam.ch\\\/de\\\/produkt\\\/bewegungsmelder-e-movement\\\/#breadcrumb\",\"itemListElement\":[{\"@type\":\"ListItem\",\"position\":1,\"name\":\"Accueil\",\"item\":\"https:\\\/\\\/shop.bantam.ch\\\/de\\\/\"},{\"@type\":\"ListItem\",\"position\":2,\"name\":\"Shop\",\"item\":\"https:\\\/\\\/shop.bantam.ch\\\/de\\\/shop\\\/\"},{\"@type\":\"ListItem\",\"position\":3,\"name\":\"Bewegungsmelder E-Movement\"}]},{\"@type\":\"WebSite\",\"@id\":\"https:\\\/\\\/shop.bantam.ch\\\/de\\\/#website\",\"url\":\"https:\\\/\\\/shop.bantam.ch\\\/de\\\/\",\"name\":\"Bantam\",\"description\":\"\",\"publisher\":{\"@id\":\"https:\\\/\\\/shop.bantam.ch\\\/de\\\/#organization\"},\"inLanguage\":\"de\"},{\"@type\":\"Organization\",\"@id\":\"https:\\\/\\\/shop.bantam.ch\\\/de\\\/#organization\",\"name\":\"Bantam\",\"url\":\"https:\\\/\\\/shop.bantam.ch\\\/de\\\/\",\"logo\":{\"@type\":\"ImageObject\",\"inLanguage\":\"de\",\"@id\":\"https:\\\/\\\/shop.bantam.ch\\\/de\\\/#\\\/schema\\\/logo\\\/image\\\/\",\"url\":\"https:\\\/\\\/shop.bantam.ch\\\/wp-content\\\/uploads\\\/2022\\\/12\\\/bantam-logo.png\",\"contentUrl\":\"https:\\\/\\\/shop.bantam.ch\\\/wp-content\\\/uploads\\\/2022\\\/12\\\/bantam-logo.png\",\"width\":320,\"height\":71,\"caption\":\"Bantam\"},\"image\":{\"@id\":\"https:\\\/\\\/shop.bantam.ch\\\/de\\\/#\\\/schema\\\/logo\\\/image\\\/\"}}]}<\/script>\n<!-- \/ Yoast SEO plugin. -->","yoast_head_json":{"title":"Bewegungsmelder E-Movement - Bantam","robots":{"index":"index","follow":"follow","max-snippet":"max-snippet:-1","max-image-preview":"max-image-preview:large","max-video-preview":"max-video-preview:-1"},"canonical":"https:\/\/shop.bantam.ch\/de\/produkt\/bewegungsmelder-e-movement\/","og_locale":"de_DE","og_type":"article","og_title":"Bewegungsmelder E-Movement - Bantam","og_description":"Die drahtlosen Sensoren von E-Movement behalten das Wohnmobil f\u00fcr den Besitzer im Auge. Sobald ein Sensor eine Bewegung im Campingfahrzeug feststellt, wird sofort eine Benachrichtigung an das Smartphone gesendet und es k\u00f6nnen sofort Ma\u00dfnahmen ergriffen werden. * Nur in Kombination mit einem Starterpaket Plus und einem g\u00fcltigen Abonnement zu verwenden. Ma\u00dfe: 10 x 3,5 cm [&hellip;]","og_url":"https:\/\/shop.bantam.ch\/de\/produkt\/bewegungsmelder-e-movement\/","og_site_name":"Bantam","article_modified_time":"2026-05-11T21:18:11+00:00","twitter_card":"summary_large_image","schema":{"@context":"https:\/\/schema.org","@graph":[{"@type":"WebPage","@id":"https:\/\/shop.bantam.ch\/de\/produkt\/bewegungsmelder-e-movement\/","url":"https:\/\/shop.bantam.ch\/de\/produkt\/bewegungsmelder-e-movement\/","name":"Bewegungsmelder E-Movement - Bantam","isPartOf":{"@id":"https:\/\/shop.bantam.ch\/de\/#website"},"primaryImageOfPage":{"@id":"https:\/\/shop.bantam.ch\/de\/produkt\/bewegungsmelder-e-movement\/#primaryimage"},"image":{"@id":"https:\/\/shop.bantam.ch\/de\/produkt\/bewegungsmelder-e-movement\/#primaryimage"},"thumbnailUrl":"https:\/\/shop.bantam.ch\/wp-content\/uploads\/2025\/03\/Movera-L-9949572100.jpg","datePublished":"2025-03-14T13:32:43+00:00","dateModified":"2026-05-11T21:18:11+00:00","breadcrumb":{"@id":"https:\/\/shop.bantam.ch\/de\/produkt\/bewegungsmelder-e-movement\/#breadcrumb"},"inLanguage":"de","potentialAction":[{"@type":"ReadAction","target":["https:\/\/shop.bantam.ch\/de\/produkt\/bewegungsmelder-e-movement\/"]}]},{"@type":"ImageObject","inLanguage":"de","@id":"https:\/\/shop.bantam.ch\/de\/produkt\/bewegungsmelder-e-movement\/#primaryimage","url":"https:\/\/shop.bantam.ch\/wp-content\/uploads\/2025\/03\/Movera-L-9949572100.jpg","contentUrl":"https:\/\/shop.bantam.ch\/wp-content\/uploads\/2025\/03\/Movera-L-9949572100.jpg","width":640,"height":512},{"@type":"BreadcrumbList","@id":"https:\/\/shop.bantam.ch\/de\/produkt\/bewegungsmelder-e-movement\/#breadcrumb","itemListElement":[{"@type":"ListItem","position":1,"name":"Accueil","item":"https:\/\/shop.bantam.ch\/de\/"},{"@type":"ListItem","position":2,"name":"Shop","item":"https:\/\/shop.bantam.ch\/de\/shop\/"},{"@type":"ListItem","position":3,"name":"Bewegungsmelder E-Movement"}]},{"@type":"WebSite","@id":"https:\/\/shop.bantam.ch\/de\/#website","url":"https:\/\/shop.bantam.ch\/de\/","name":"Bantam","description":"","publisher":{"@id":"https:\/\/shop.bantam.ch\/de\/#organization"},"inLanguage":"de"},{"@type":"Organization","@id":"https:\/\/shop.bantam.ch\/de\/#organization","name":"Bantam","url":"https:\/\/shop.bantam.ch\/de\/","logo":{"@type":"ImageObject","inLanguage":"de","@id":"https:\/\/shop.bantam.ch\/de\/#\/schema\/logo\/image\/","url":"https:\/\/shop.bantam.ch\/wp-content\/uploads\/2022\/12\/bantam-logo.png","contentUrl":"https:\/\/shop.bantam.ch\/wp-content\/uploads\/2022\/12\/bantam-logo.png","width":320,"height":71,"caption":"Bantam"},"image":{"@id":"https:\/\/shop.bantam.ch\/de\/#\/schema\/logo\/image\/"}}]}},"_links":{"self":[{"href":"https:\/\/shop.bantam.ch\/de\/wp-json\/wp\/v2\/product\/211314","targetHints":{"allow":["GET"]}}],"collection":[{"href":"https:\/\/shop.bantam.ch\/de\/wp-json\/wp\/v2\/product"}],"about":[{"href":"https:\/\/shop.bantam.ch\/de\/wp-json\/wp\/v2\/types\/product"}],"wp:featuredmedia":[{"embeddable":true,"href":"https:\/\/shop.bantam.ch\/de\/wp-json\/wp\/v2\/media\/211308"}],"wp:attachment":[{"href":"https:\/\/shop.bantam.ch\/de\/wp-json\/wp\/v2\/media?parent=211314"}],"wp:term":[{"taxonomy":"product_featured_cat","embeddable":true,"href":"https:\/\/shop.bantam.ch\/de\/wp-json\/wp\/v2\/product_featured_cat?post=211314"},{"taxonomy":"product_brand","embeddable":true,"href":"https:\/\/shop.bantam.ch\/de\/wp-json\/wp\/v2\/product_brand?post=211314"},{"taxonomy":"product_cat","embeddable":true,"href":"https:\/\/shop.bantam.ch\/de\/wp-json\/wp\/v2\/product_cat?post=211314"},{"taxonomy":"product_tag","embeddable":true,"href":"https:\/\/shop.bantam.ch\/de\/wp-json\/wp\/v2\/product_tag?post=211314"}],"curies":[{"name":"wp","href":"https:\/\/api.w.org\/{rel}","templated":true}]}}