{"id":211274,"date":"2025-03-14T14:31:56","date_gmt":"2025-03-14T13:31:56","guid":{"rendered":"https:\/\/shop.bantam.ch\/produit\/blendschutz-fuer-markisen-peggy-peg\/"},"modified":"2026-04-20T01:49:09","modified_gmt":"2026-04-19T23:49:09","slug":"blendschutz-fuer-markisen-peggy-peg","status":"publish","type":"product","link":"https:\/\/shop.bantam.ch\/de\/produkt\/blendschutz-fuer-markisen-peggy-peg\/","title":{"rendered":"Blendschutz f\u00fcr Markisen Peggy Peg"},"content":{"rendered":"<p>Modularer Schutz, genau da, wo er gerade gebraucht wird: Das SunBreak wird einfach in die Markisenleiste eingef\u00fchrt, der Rei\u00dfverschluss ge\u00f6ffnet und das Panel stufenlos ausgezogen. So entsteht durch das feinmaschige, luftdurchl\u00e4ssige Mesh genau der Sicht- oder Sonnenschutz, den man sich w\u00fcnscht. Dank des cleveren Designs kann das SunBreak-Panel schnell und ohne gro\u00dfen Aufwand angepasst werden, wenn sich zum Beispiel der Sonnenstand \u00e4ndert. Per im Lieferumfang enthaltener Abspannung l\u00e4sst sich das SunBreak spannen, damit es bei leichtem Wind nicht flattert. Durch die einfach handzuhabende Einh\u00e4ngung gleitet das Panel leicht in jede gew\u00fcnschte Position. Hinweis: Damit Besch\u00e4digungen vermieden werden, das SunBreak bei st\u00e4rkerem Wind wieder in der Tasche verstauen. Wird mehr Sonnenschutz gew\u00fcnscht, k\u00f6nnen weitere SunBreak in der Markisenleiste nebeneinander per Magnetverschluss zusammenf\u00fcgt werden. Das SunBreak ist in erh\u00e4ltlich in Schwarz und Wei\u00df.<br \/>\nDas SunBreak wird wie eine Sackmarkise direkt in den Keder eingezogen. Der Keder am SunBreak ist 5mm und passt in alle g\u00e4ngigen Markisen. Maximal ausrollbar auf 2 m. Innerhalb des Covers ist eine Utensielentasche vern\u00e4htm nut folgende Inhalt.<\/p>\n<ul>\n<li>2 x Peg&amp;Stop Schraubhering S (blau) mit Kontermutter 2.0 (orange)<\/li>\n<li>2 x Zeltleine zum F\u00fchrungsspannen 2m (wei\u00df)<\/li>\n<li>2 x T-Connector (schwarz)<\/li>\n<li>2 x TieStrap mini (komplett schwarz)<\/li>\n<\/ul>\n<p>Technische Daten:<\/p>\n<ul>\n<li>Modulbreite: 1,10 m<\/li>\n<li>Bahnbreite: 1,0 6m<\/li>\n<li>Ausrolll\u00e4nge: 2,0 0m max.<\/li>\n<li>Produktbreite: 1,15m ca.<\/li>\n<li>Keder: 5mm<\/li>\n<li>Leinenl\u00e4nge: 2,00m max<\/li>\n<li>Mini TieStrap: 0,45m inkl. \u00d6sen<\/li>\n<\/ul>\n","protected":false},"excerpt":{"rendered":"<p>Modularer Schutz, genau da, wo er gerade gebraucht wird: Das SunBreak wird einfach in die Markisenleiste eingef\u00fchrt, der Rei\u00dfverschluss ge\u00f6ffnet und das Panel stufenlos ausgezogen. So entsteht durch das feinmaschige, luftdurchl\u00e4ssige Mesh genau der Sicht- oder Sonnenschutz, den man sich w\u00fcnscht. Dank des cleveren Designs kann das SunBreak-Panel schnell und ohne gro\u00dfen Aufwand angepasst werden, [&hellip;]<\/p>\n","protected":false},"featured_media":211258,"template":"","meta":{"_acf_changed":false},"product_featured_cat":[],"product_brand":[],"product_cat":[4220,4252],"product_tag":[],"class_list":{"0":"post-211274","1":"product","2":"type-product","3":"status-publish","4":"has-post-thumbnail","6":"product_cat-markisen-vorderwaende","7":"product_cat-sonnensegel-fuer-campingfahrzeuge","9":"first","10":"instock","11":"taxable","12":"shipping-taxable","13":"purchasable","14":"product-type-variable"},"acf":[],"yoast_head":"<!-- This site is optimized with the Yoast SEO plugin v27.4 - https:\/\/yoast.com\/product\/yoast-seo-wordpress\/ -->\n<title>Blendschutz f\u00fcr Markisen Peggy Peg - Bantam Camping AG<\/title>\n<meta name=\"robots\" content=\"index, follow, max-snippet:-1, max-image-preview:large, max-video-preview:-1\" \/>\n<link rel=\"canonical\" href=\"https:\/\/shop.bantam.ch\/de\/produkt\/blendschutz-fuer-markisen-peggy-peg\/\" \/>\n<meta property=\"og:locale\" content=\"de_DE\" \/>\n<meta property=\"og:type\" content=\"article\" \/>\n<meta property=\"og:title\" content=\"Blendschutz f\u00fcr Markisen Peggy Peg - Bantam Camping AG\" \/>\n<meta property=\"og:description\" content=\"Modularer Schutz, genau da, wo er gerade gebraucht wird: Das SunBreak wird einfach in die Markisenleiste eingef\u00fchrt, der Rei\u00dfverschluss ge\u00f6ffnet und das Panel stufenlos ausgezogen. So entsteht durch das feinmaschige, luftdurchl\u00e4ssige Mesh genau der Sicht- oder Sonnenschutz, den man sich w\u00fcnscht. Dank des cleveren Designs kann das SunBreak-Panel schnell und ohne gro\u00dfen Aufwand angepasst werden, [&hellip;]\" \/>\n<meta property=\"og:url\" content=\"https:\/\/shop.bantam.ch\/de\/produkt\/blendschutz-fuer-markisen-peggy-peg\/\" \/>\n<meta property=\"og:site_name\" content=\"Bantam Camping AG\" \/>\n<meta property=\"article:modified_time\" content=\"2026-04-19T23:49:09+00:00\" \/>\n<meta name=\"twitter:card\" content=\"summary_large_image\" \/>\n<meta name=\"twitter:label1\" content=\"Gesch\u00e4tzte Lesezeit\" \/>\n\t<meta name=\"twitter:data1\" content=\"1\u00a0Minute\" \/>\n<script type=\"application\/ld+json\" class=\"yoast-schema-graph\">{\"@context\":\"https:\\\/\\\/schema.org\",\"@graph\":[{\"@type\":\"WebPage\",\"@id\":\"https:\\\/\\\/shop.bantam.ch\\\/de\\\/produkt\\\/blendschutz-fuer-markisen-peggy-peg\\\/\",\"url\":\"https:\\\/\\\/shop.bantam.ch\\\/de\\\/produkt\\\/blendschutz-fuer-markisen-peggy-peg\\\/\",\"name\":\"Blendschutz f\u00fcr Markisen Peggy Peg - Bantam Camping AG\",\"isPartOf\":{\"@id\":\"https:\\\/\\\/shop.bantam.ch\\\/de\\\/#website\"},\"primaryImageOfPage\":{\"@id\":\"https:\\\/\\\/shop.bantam.ch\\\/de\\\/produkt\\\/blendschutz-fuer-markisen-peggy-peg\\\/#primaryimage\"},\"image\":{\"@id\":\"https:\\\/\\\/shop.bantam.ch\\\/de\\\/produkt\\\/blendschutz-fuer-markisen-peggy-peg\\\/#primaryimage\"},\"thumbnailUrl\":\"https:\\\/\\\/shop.bantam.ch\\\/wp-content\\\/uploads\\\/2025\\\/03\\\/Movera-L-9949526100.jpg\",\"datePublished\":\"2025-03-14T13:31:56+00:00\",\"dateModified\":\"2026-04-19T23:49:09+00:00\",\"breadcrumb\":{\"@id\":\"https:\\\/\\\/shop.bantam.ch\\\/de\\\/produkt\\\/blendschutz-fuer-markisen-peggy-peg\\\/#breadcrumb\"},\"inLanguage\":\"de\",\"potentialAction\":[{\"@type\":\"ReadAction\",\"target\":[\"https:\\\/\\\/shop.bantam.ch\\\/de\\\/produkt\\\/blendschutz-fuer-markisen-peggy-peg\\\/\"]}]},{\"@type\":\"ImageObject\",\"inLanguage\":\"de\",\"@id\":\"https:\\\/\\\/shop.bantam.ch\\\/de\\\/produkt\\\/blendschutz-fuer-markisen-peggy-peg\\\/#primaryimage\",\"url\":\"https:\\\/\\\/shop.bantam.ch\\\/wp-content\\\/uploads\\\/2025\\\/03\\\/Movera-L-9949526100.jpg\",\"contentUrl\":\"https:\\\/\\\/shop.bantam.ch\\\/wp-content\\\/uploads\\\/2025\\\/03\\\/Movera-L-9949526100.jpg\",\"width\":640,\"height\":640},{\"@type\":\"BreadcrumbList\",\"@id\":\"https:\\\/\\\/shop.bantam.ch\\\/de\\\/produkt\\\/blendschutz-fuer-markisen-peggy-peg\\\/#breadcrumb\",\"itemListElement\":[{\"@type\":\"ListItem\",\"position\":1,\"name\":\"Accueil\",\"item\":\"https:\\\/\\\/shop.bantam.ch\\\/de\\\/\"},{\"@type\":\"ListItem\",\"position\":2,\"name\":\"Shop\",\"item\":\"https:\\\/\\\/shop.bantam.ch\\\/de\\\/shop\\\/\"},{\"@type\":\"ListItem\",\"position\":3,\"name\":\"Blendschutz f\u00fcr Markisen Peggy Peg\"}]},{\"@type\":\"WebSite\",\"@id\":\"https:\\\/\\\/shop.bantam.ch\\\/de\\\/#website\",\"url\":\"https:\\\/\\\/shop.bantam.ch\\\/de\\\/\",\"name\":\"Bantam Camping AG\",\"description\":\"\",\"publisher\":{\"@id\":\"https:\\\/\\\/shop.bantam.ch\\\/de\\\/#organization\"},\"inLanguage\":\"de\"},{\"@type\":\"Organization\",\"@id\":\"https:\\\/\\\/shop.bantam.ch\\\/de\\\/#organization\",\"name\":\"Bantam Camping AG\",\"url\":\"https:\\\/\\\/shop.bantam.ch\\\/de\\\/\",\"logo\":{\"@type\":\"ImageObject\",\"inLanguage\":\"de\",\"@id\":\"https:\\\/\\\/shop.bantam.ch\\\/de\\\/#\\\/schema\\\/logo\\\/image\\\/\",\"url\":\"https:\\\/\\\/shop.bantam.ch\\\/wp-content\\\/uploads\\\/2022\\\/12\\\/bantam-logo.png\",\"contentUrl\":\"https:\\\/\\\/shop.bantam.ch\\\/wp-content\\\/uploads\\\/2022\\\/12\\\/bantam-logo.png\",\"width\":320,\"height\":71,\"caption\":\"Bantam Camping AG\"},\"image\":{\"@id\":\"https:\\\/\\\/shop.bantam.ch\\\/de\\\/#\\\/schema\\\/logo\\\/image\\\/\"}}]}<\/script>\n<!-- \/ Yoast SEO plugin. -->","yoast_head_json":{"title":"Blendschutz f\u00fcr Markisen Peggy Peg - Bantam Camping AG","robots":{"index":"index","follow":"follow","max-snippet":"max-snippet:-1","max-image-preview":"max-image-preview:large","max-video-preview":"max-video-preview:-1"},"canonical":"https:\/\/shop.bantam.ch\/de\/produkt\/blendschutz-fuer-markisen-peggy-peg\/","og_locale":"de_DE","og_type":"article","og_title":"Blendschutz f\u00fcr Markisen Peggy Peg - Bantam Camping AG","og_description":"Modularer Schutz, genau da, wo er gerade gebraucht wird: Das SunBreak wird einfach in die Markisenleiste eingef\u00fchrt, der Rei\u00dfverschluss ge\u00f6ffnet und das Panel stufenlos ausgezogen. So entsteht durch das feinmaschige, luftdurchl\u00e4ssige Mesh genau der Sicht- oder Sonnenschutz, den man sich w\u00fcnscht. Dank des cleveren Designs kann das SunBreak-Panel schnell und ohne gro\u00dfen Aufwand angepasst werden, [&hellip;]","og_url":"https:\/\/shop.bantam.ch\/de\/produkt\/blendschutz-fuer-markisen-peggy-peg\/","og_site_name":"Bantam Camping AG","article_modified_time":"2026-04-19T23:49:09+00:00","twitter_card":"summary_large_image","twitter_misc":{"Gesch\u00e4tzte Lesezeit":"1\u00a0Minute"},"schema":{"@context":"https:\/\/schema.org","@graph":[{"@type":"WebPage","@id":"https:\/\/shop.bantam.ch\/de\/produkt\/blendschutz-fuer-markisen-peggy-peg\/","url":"https:\/\/shop.bantam.ch\/de\/produkt\/blendschutz-fuer-markisen-peggy-peg\/","name":"Blendschutz f\u00fcr Markisen Peggy Peg - Bantam Camping AG","isPartOf":{"@id":"https:\/\/shop.bantam.ch\/de\/#website"},"primaryImageOfPage":{"@id":"https:\/\/shop.bantam.ch\/de\/produkt\/blendschutz-fuer-markisen-peggy-peg\/#primaryimage"},"image":{"@id":"https:\/\/shop.bantam.ch\/de\/produkt\/blendschutz-fuer-markisen-peggy-peg\/#primaryimage"},"thumbnailUrl":"https:\/\/shop.bantam.ch\/wp-content\/uploads\/2025\/03\/Movera-L-9949526100.jpg","datePublished":"2025-03-14T13:31:56+00:00","dateModified":"2026-04-19T23:49:09+00:00","breadcrumb":{"@id":"https:\/\/shop.bantam.ch\/de\/produkt\/blendschutz-fuer-markisen-peggy-peg\/#breadcrumb"},"inLanguage":"de","potentialAction":[{"@type":"ReadAction","target":["https:\/\/shop.bantam.ch\/de\/produkt\/blendschutz-fuer-markisen-peggy-peg\/"]}]},{"@type":"ImageObject","inLanguage":"de","@id":"https:\/\/shop.bantam.ch\/de\/produkt\/blendschutz-fuer-markisen-peggy-peg\/#primaryimage","url":"https:\/\/shop.bantam.ch\/wp-content\/uploads\/2025\/03\/Movera-L-9949526100.jpg","contentUrl":"https:\/\/shop.bantam.ch\/wp-content\/uploads\/2025\/03\/Movera-L-9949526100.jpg","width":640,"height":640},{"@type":"BreadcrumbList","@id":"https:\/\/shop.bantam.ch\/de\/produkt\/blendschutz-fuer-markisen-peggy-peg\/#breadcrumb","itemListElement":[{"@type":"ListItem","position":1,"name":"Accueil","item":"https:\/\/shop.bantam.ch\/de\/"},{"@type":"ListItem","position":2,"name":"Shop","item":"https:\/\/shop.bantam.ch\/de\/shop\/"},{"@type":"ListItem","position":3,"name":"Blendschutz f\u00fcr Markisen Peggy Peg"}]},{"@type":"WebSite","@id":"https:\/\/shop.bantam.ch\/de\/#website","url":"https:\/\/shop.bantam.ch\/de\/","name":"Bantam Camping AG","description":"","publisher":{"@id":"https:\/\/shop.bantam.ch\/de\/#organization"},"inLanguage":"de"},{"@type":"Organization","@id":"https:\/\/shop.bantam.ch\/de\/#organization","name":"Bantam Camping AG","url":"https:\/\/shop.bantam.ch\/de\/","logo":{"@type":"ImageObject","inLanguage":"de","@id":"https:\/\/shop.bantam.ch\/de\/#\/schema\/logo\/image\/","url":"https:\/\/shop.bantam.ch\/wp-content\/uploads\/2022\/12\/bantam-logo.png","contentUrl":"https:\/\/shop.bantam.ch\/wp-content\/uploads\/2022\/12\/bantam-logo.png","width":320,"height":71,"caption":"Bantam Camping AG"},"image":{"@id":"https:\/\/shop.bantam.ch\/de\/#\/schema\/logo\/image\/"}}]}},"_links":{"self":[{"href":"https:\/\/shop.bantam.ch\/de\/wp-json\/wp\/v2\/product\/211274","targetHints":{"allow":["GET"]}}],"collection":[{"href":"https:\/\/shop.bantam.ch\/de\/wp-json\/wp\/v2\/product"}],"about":[{"href":"https:\/\/shop.bantam.ch\/de\/wp-json\/wp\/v2\/types\/product"}],"wp:featuredmedia":[{"embeddable":true,"href":"https:\/\/shop.bantam.ch\/de\/wp-json\/wp\/v2\/media\/211258"}],"wp:attachment":[{"href":"https:\/\/shop.bantam.ch\/de\/wp-json\/wp\/v2\/media?parent=211274"}],"wp:term":[{"taxonomy":"product_featured_cat","embeddable":true,"href":"https:\/\/shop.bantam.ch\/de\/wp-json\/wp\/v2\/product_featured_cat?post=211274"},{"taxonomy":"product_brand","embeddable":true,"href":"https:\/\/shop.bantam.ch\/de\/wp-json\/wp\/v2\/product_brand?post=211274"},{"taxonomy":"product_cat","embeddable":true,"href":"https:\/\/shop.bantam.ch\/de\/wp-json\/wp\/v2\/product_cat?post=211274"},{"taxonomy":"product_tag","embeddable":true,"href":"https:\/\/shop.bantam.ch\/de\/wp-json\/wp\/v2\/product_tag?post=211274"}],"curies":[{"name":"wp","href":"https:\/\/api.w.org\/{rel}","templated":true}]}}