{"id":211256,"date":"2025-03-14T14:31:48","date_gmt":"2025-03-14T13:31:48","guid":{"rendered":"https:\/\/shop.bantam.ch\/produit\/petpeg-2-0-bodenanker-fuer-haustiere\/"},"modified":"2026-05-11T23:18:04","modified_gmt":"2026-05-11T21:18:04","slug":"petpeg-2-0-bodenanker-fuer-haustiere","status":"publish","type":"product","link":"https:\/\/shop.bantam.ch\/de\/produkt\/petpeg-2-0-bodenanker-fuer-haustiere\/","title":{"rendered":"PetPeg  2.0 Bodenanker f\u00fcr Haustiere"},"content":{"rendered":"<p>PetPeg 2.0 aus recyceltem Edelstahl in Marinequalit\u00e4t ist ein Erdbodenanker mit Sto\u00dfd\u00e4mpfer zum Anleinen von Hunden, Katzen etc., der in sehr vielen B\u00f6den eingesetzt werden kann. Durch die flexible H\u00f6henverstellung wirkt die Zugkraft immer in Bodenn\u00e4he und der PetPeg bleibt fest verankert. Einfach Feder auf den Boden legen, Schraube durch das offene Auge der Feder, so tief wie m\u00f6glich, manuell oder maschinell einschrauben. Anschlie\u00dfend auf festen Sitz pr\u00fcfen. Der PetPeg 2.0 ist geeignet f\u00fcr Tiere bis ca. 45 kg. Der Ruckd\u00e4mpfer verhindert, dass sich das angeleinte Tier durch die eigene Kraft verletzt.<\/p>\n","protected":false},"excerpt":{"rendered":"<p>PetPeg 2.0 aus recyceltem Edelstahl in Marinequalit\u00e4t ist ein Erdbodenanker mit Sto\u00dfd\u00e4mpfer zum Anleinen von Hunden, Katzen etc., der in sehr vielen B\u00f6den eingesetzt werden kann. Durch die flexible H\u00f6henverstellung wirkt die Zugkraft immer in Bodenn\u00e4he und der PetPeg bleibt fest verankert. Einfach Feder auf den Boden legen, Schraube durch das offene Auge der Feder, [&hellip;]<\/p>\n","protected":false},"featured_media":211252,"template":"","meta":{"_acf_changed":false},"product_featured_cat":[],"product_brand":[],"product_cat":[4254],"product_tag":[],"class_list":{"0":"post-211256","1":"product","2":"type-product","3":"status-publish","4":"has-post-thumbnail","6":"product_cat-aufbau-zubehoer","8":"first","9":"instock","10":"taxable","11":"shipping-taxable","12":"purchasable","13":"product-type-simple"},"acf":[],"yoast_head":"<!-- This site is optimized with the Yoast SEO plugin v27.5 - https:\/\/yoast.com\/product\/yoast-seo-wordpress\/ -->\n<title>PetPeg 2.0 Bodenanker f\u00fcr Haustiere - Bantam<\/title>\n<meta name=\"robots\" content=\"index, follow, max-snippet:-1, max-image-preview:large, max-video-preview:-1\" \/>\n<link rel=\"canonical\" href=\"https:\/\/shop.bantam.ch\/de\/produkt\/petpeg-2-0-bodenanker-fuer-haustiere\/\" \/>\n<meta property=\"og:locale\" content=\"de_DE\" \/>\n<meta property=\"og:type\" content=\"article\" \/>\n<meta property=\"og:title\" content=\"PetPeg 2.0 Bodenanker f\u00fcr Haustiere - Bantam\" \/>\n<meta property=\"og:description\" content=\"PetPeg 2.0 aus recyceltem Edelstahl in Marinequalit\u00e4t ist ein Erdbodenanker mit Sto\u00dfd\u00e4mpfer zum Anleinen von Hunden, Katzen etc., der in sehr vielen B\u00f6den eingesetzt werden kann. Durch die flexible H\u00f6henverstellung wirkt die Zugkraft immer in Bodenn\u00e4he und der PetPeg bleibt fest verankert. Einfach Feder auf den Boden legen, Schraube durch das offene Auge der Feder, [&hellip;]\" \/>\n<meta property=\"og:url\" content=\"https:\/\/shop.bantam.ch\/de\/produkt\/petpeg-2-0-bodenanker-fuer-haustiere\/\" \/>\n<meta property=\"og:site_name\" content=\"Bantam\" \/>\n<meta property=\"article:modified_time\" content=\"2026-05-11T21:18:04+00:00\" \/>\n<meta name=\"twitter:card\" content=\"summary_large_image\" \/>\n<meta name=\"twitter:label1\" content=\"Gesch\u00e4tzte Lesezeit\" \/>\n\t<meta name=\"twitter:data1\" content=\"1\u00a0Minute\" \/>\n<script type=\"application\/ld+json\" class=\"yoast-schema-graph\">{\"@context\":\"https:\\\/\\\/schema.org\",\"@graph\":[{\"@type\":\"WebPage\",\"@id\":\"https:\\\/\\\/shop.bantam.ch\\\/de\\\/produkt\\\/petpeg-2-0-bodenanker-fuer-haustiere\\\/\",\"url\":\"https:\\\/\\\/shop.bantam.ch\\\/de\\\/produkt\\\/petpeg-2-0-bodenanker-fuer-haustiere\\\/\",\"name\":\"PetPeg 2.0 Bodenanker f\u00fcr Haustiere - Bantam\",\"isPartOf\":{\"@id\":\"https:\\\/\\\/shop.bantam.ch\\\/de\\\/#website\"},\"primaryImageOfPage\":{\"@id\":\"https:\\\/\\\/shop.bantam.ch\\\/de\\\/produkt\\\/petpeg-2-0-bodenanker-fuer-haustiere\\\/#primaryimage\"},\"image\":{\"@id\":\"https:\\\/\\\/shop.bantam.ch\\\/de\\\/produkt\\\/petpeg-2-0-bodenanker-fuer-haustiere\\\/#primaryimage\"},\"thumbnailUrl\":\"https:\\\/\\\/shop.bantam.ch\\\/wp-content\\\/uploads\\\/2025\\\/03\\\/Movera-L-9949525100.png\",\"datePublished\":\"2025-03-14T13:31:48+00:00\",\"dateModified\":\"2026-05-11T21:18:04+00:00\",\"breadcrumb\":{\"@id\":\"https:\\\/\\\/shop.bantam.ch\\\/de\\\/produkt\\\/petpeg-2-0-bodenanker-fuer-haustiere\\\/#breadcrumb\"},\"inLanguage\":\"de\",\"potentialAction\":[{\"@type\":\"ReadAction\",\"target\":[\"https:\\\/\\\/shop.bantam.ch\\\/de\\\/produkt\\\/petpeg-2-0-bodenanker-fuer-haustiere\\\/\"]}]},{\"@type\":\"ImageObject\",\"inLanguage\":\"de\",\"@id\":\"https:\\\/\\\/shop.bantam.ch\\\/de\\\/produkt\\\/petpeg-2-0-bodenanker-fuer-haustiere\\\/#primaryimage\",\"url\":\"https:\\\/\\\/shop.bantam.ch\\\/wp-content\\\/uploads\\\/2025\\\/03\\\/Movera-L-9949525100.png\",\"contentUrl\":\"https:\\\/\\\/shop.bantam.ch\\\/wp-content\\\/uploads\\\/2025\\\/03\\\/Movera-L-9949525100.png\",\"width\":640,\"height\":427},{\"@type\":\"BreadcrumbList\",\"@id\":\"https:\\\/\\\/shop.bantam.ch\\\/de\\\/produkt\\\/petpeg-2-0-bodenanker-fuer-haustiere\\\/#breadcrumb\",\"itemListElement\":[{\"@type\":\"ListItem\",\"position\":1,\"name\":\"Accueil\",\"item\":\"https:\\\/\\\/shop.bantam.ch\\\/de\\\/\"},{\"@type\":\"ListItem\",\"position\":2,\"name\":\"Shop\",\"item\":\"https:\\\/\\\/shop.bantam.ch\\\/de\\\/shop\\\/\"},{\"@type\":\"ListItem\",\"position\":3,\"name\":\"PetPeg 2.0 Bodenanker f\u00fcr Haustiere\"}]},{\"@type\":\"WebSite\",\"@id\":\"https:\\\/\\\/shop.bantam.ch\\\/de\\\/#website\",\"url\":\"https:\\\/\\\/shop.bantam.ch\\\/de\\\/\",\"name\":\"Bantam\",\"description\":\"\",\"publisher\":{\"@id\":\"https:\\\/\\\/shop.bantam.ch\\\/de\\\/#organization\"},\"inLanguage\":\"de\"},{\"@type\":\"Organization\",\"@id\":\"https:\\\/\\\/shop.bantam.ch\\\/de\\\/#organization\",\"name\":\"Bantam\",\"url\":\"https:\\\/\\\/shop.bantam.ch\\\/de\\\/\",\"logo\":{\"@type\":\"ImageObject\",\"inLanguage\":\"de\",\"@id\":\"https:\\\/\\\/shop.bantam.ch\\\/de\\\/#\\\/schema\\\/logo\\\/image\\\/\",\"url\":\"https:\\\/\\\/shop.bantam.ch\\\/wp-content\\\/uploads\\\/2022\\\/12\\\/bantam-logo.png\",\"contentUrl\":\"https:\\\/\\\/shop.bantam.ch\\\/wp-content\\\/uploads\\\/2022\\\/12\\\/bantam-logo.png\",\"width\":320,\"height\":71,\"caption\":\"Bantam\"},\"image\":{\"@id\":\"https:\\\/\\\/shop.bantam.ch\\\/de\\\/#\\\/schema\\\/logo\\\/image\\\/\"}}]}<\/script>\n<!-- \/ Yoast SEO plugin. -->","yoast_head_json":{"title":"PetPeg 2.0 Bodenanker f\u00fcr Haustiere - Bantam","robots":{"index":"index","follow":"follow","max-snippet":"max-snippet:-1","max-image-preview":"max-image-preview:large","max-video-preview":"max-video-preview:-1"},"canonical":"https:\/\/shop.bantam.ch\/de\/produkt\/petpeg-2-0-bodenanker-fuer-haustiere\/","og_locale":"de_DE","og_type":"article","og_title":"PetPeg 2.0 Bodenanker f\u00fcr Haustiere - Bantam","og_description":"PetPeg 2.0 aus recyceltem Edelstahl in Marinequalit\u00e4t ist ein Erdbodenanker mit Sto\u00dfd\u00e4mpfer zum Anleinen von Hunden, Katzen etc., der in sehr vielen B\u00f6den eingesetzt werden kann. Durch die flexible H\u00f6henverstellung wirkt die Zugkraft immer in Bodenn\u00e4he und der PetPeg bleibt fest verankert. Einfach Feder auf den Boden legen, Schraube durch das offene Auge der Feder, [&hellip;]","og_url":"https:\/\/shop.bantam.ch\/de\/produkt\/petpeg-2-0-bodenanker-fuer-haustiere\/","og_site_name":"Bantam","article_modified_time":"2026-05-11T21:18:04+00:00","twitter_card":"summary_large_image","twitter_misc":{"Gesch\u00e4tzte Lesezeit":"1\u00a0Minute"},"schema":{"@context":"https:\/\/schema.org","@graph":[{"@type":"WebPage","@id":"https:\/\/shop.bantam.ch\/de\/produkt\/petpeg-2-0-bodenanker-fuer-haustiere\/","url":"https:\/\/shop.bantam.ch\/de\/produkt\/petpeg-2-0-bodenanker-fuer-haustiere\/","name":"PetPeg 2.0 Bodenanker f\u00fcr Haustiere - Bantam","isPartOf":{"@id":"https:\/\/shop.bantam.ch\/de\/#website"},"primaryImageOfPage":{"@id":"https:\/\/shop.bantam.ch\/de\/produkt\/petpeg-2-0-bodenanker-fuer-haustiere\/#primaryimage"},"image":{"@id":"https:\/\/shop.bantam.ch\/de\/produkt\/petpeg-2-0-bodenanker-fuer-haustiere\/#primaryimage"},"thumbnailUrl":"https:\/\/shop.bantam.ch\/wp-content\/uploads\/2025\/03\/Movera-L-9949525100.png","datePublished":"2025-03-14T13:31:48+00:00","dateModified":"2026-05-11T21:18:04+00:00","breadcrumb":{"@id":"https:\/\/shop.bantam.ch\/de\/produkt\/petpeg-2-0-bodenanker-fuer-haustiere\/#breadcrumb"},"inLanguage":"de","potentialAction":[{"@type":"ReadAction","target":["https:\/\/shop.bantam.ch\/de\/produkt\/petpeg-2-0-bodenanker-fuer-haustiere\/"]}]},{"@type":"ImageObject","inLanguage":"de","@id":"https:\/\/shop.bantam.ch\/de\/produkt\/petpeg-2-0-bodenanker-fuer-haustiere\/#primaryimage","url":"https:\/\/shop.bantam.ch\/wp-content\/uploads\/2025\/03\/Movera-L-9949525100.png","contentUrl":"https:\/\/shop.bantam.ch\/wp-content\/uploads\/2025\/03\/Movera-L-9949525100.png","width":640,"height":427},{"@type":"BreadcrumbList","@id":"https:\/\/shop.bantam.ch\/de\/produkt\/petpeg-2-0-bodenanker-fuer-haustiere\/#breadcrumb","itemListElement":[{"@type":"ListItem","position":1,"name":"Accueil","item":"https:\/\/shop.bantam.ch\/de\/"},{"@type":"ListItem","position":2,"name":"Shop","item":"https:\/\/shop.bantam.ch\/de\/shop\/"},{"@type":"ListItem","position":3,"name":"PetPeg 2.0 Bodenanker f\u00fcr Haustiere"}]},{"@type":"WebSite","@id":"https:\/\/shop.bantam.ch\/de\/#website","url":"https:\/\/shop.bantam.ch\/de\/","name":"Bantam","description":"","publisher":{"@id":"https:\/\/shop.bantam.ch\/de\/#organization"},"inLanguage":"de"},{"@type":"Organization","@id":"https:\/\/shop.bantam.ch\/de\/#organization","name":"Bantam","url":"https:\/\/shop.bantam.ch\/de\/","logo":{"@type":"ImageObject","inLanguage":"de","@id":"https:\/\/shop.bantam.ch\/de\/#\/schema\/logo\/image\/","url":"https:\/\/shop.bantam.ch\/wp-content\/uploads\/2022\/12\/bantam-logo.png","contentUrl":"https:\/\/shop.bantam.ch\/wp-content\/uploads\/2022\/12\/bantam-logo.png","width":320,"height":71,"caption":"Bantam"},"image":{"@id":"https:\/\/shop.bantam.ch\/de\/#\/schema\/logo\/image\/"}}]}},"_links":{"self":[{"href":"https:\/\/shop.bantam.ch\/de\/wp-json\/wp\/v2\/product\/211256","targetHints":{"allow":["GET"]}}],"collection":[{"href":"https:\/\/shop.bantam.ch\/de\/wp-json\/wp\/v2\/product"}],"about":[{"href":"https:\/\/shop.bantam.ch\/de\/wp-json\/wp\/v2\/types\/product"}],"wp:featuredmedia":[{"embeddable":true,"href":"https:\/\/shop.bantam.ch\/de\/wp-json\/wp\/v2\/media\/211252"}],"wp:attachment":[{"href":"https:\/\/shop.bantam.ch\/de\/wp-json\/wp\/v2\/media?parent=211256"}],"wp:term":[{"taxonomy":"product_featured_cat","embeddable":true,"href":"https:\/\/shop.bantam.ch\/de\/wp-json\/wp\/v2\/product_featured_cat?post=211256"},{"taxonomy":"product_brand","embeddable":true,"href":"https:\/\/shop.bantam.ch\/de\/wp-json\/wp\/v2\/product_brand?post=211256"},{"taxonomy":"product_cat","embeddable":true,"href":"https:\/\/shop.bantam.ch\/de\/wp-json\/wp\/v2\/product_cat?post=211256"},{"taxonomy":"product_tag","embeddable":true,"href":"https:\/\/shop.bantam.ch\/de\/wp-json\/wp\/v2\/product_tag?post=211256"}],"curies":[{"name":"wp","href":"https:\/\/api.w.org\/{rel}","templated":true}]}}