{"id":211192,"date":"2025-03-14T14:30:11","date_gmt":"2025-03-14T13:30:11","guid":{"rendered":"https:\/\/shop.bantam.ch\/produit\/markisenteppich-isabella\/"},"modified":"2026-04-18T01:39:33","modified_gmt":"2026-04-17T23:39:33","slug":"markisenteppich-isabella","status":"publish","type":"product","link":"https:\/\/shop.bantam.ch\/de\/produkt\/markisenteppich-isabella\/","title":{"rendered":"Markisenteppich Isabella"},"content":{"rendered":"<p>Der Isabella Markisenteppich ist komplett konfektioniert. Als Basis dient der sehr strapazierf\u00e4hige und bew\u00e4hrte IsabellaCarpet. Dieser ist zus\u00e4tzlich auf allen Seiten eingefasst und mit einer Abspann\u00f6se in jeder Ecke versehen.<\/p>\n<p>Die Basis (Isabella Carpet) f\u00fcr diesen Markisenteppich wird unter den h\u00f6chsten Umweltauflagen (v\u00f6llig frei von Phthalaten) und mit 100% erneuerbaren Energien in Schweden hergestellt und in D\u00e4nemark weiterverarbeitet. Beim Gewicht haben wir auf ein gutes Verh\u00e4ltnis zwischen Webgewicht (entscheidet mit der Webart \u00fcber die Lebensdauer) und m\u00f6glichst geringem Transportgewicht geachtet. Ein angenehmes Gef\u00fchl unter ihren F\u00fc\u00dfen ist nat\u00fcrlich eine Selbstverst\u00e4ndlichkeit!<\/p>\n<ul>\n<li>Umweltgerecht und frei von Phthalaten hergestellt<\/li>\n<li>Sehr leicht zu reinigen und Robust<\/li>\n<li>Wasser- und feuerbest\u00e4ndig<\/li>\n<li>UV-best\u00e4ndig<\/li>\n<li>Ideales Verh\u00e4ltnis von Packma\u00df zu Langlebigkeit<\/li>\n<\/ul>\n<p>Material:&nbsp;<br \/>\nNutzschicht 100 % Polychlorid<\/p>\n","protected":false},"excerpt":{"rendered":"<p>Der Isabella Markisenteppich ist komplett konfektioniert. Als Basis dient der sehr strapazierf\u00e4hige und bew\u00e4hrte IsabellaCarpet. Dieser ist zus\u00e4tzlich auf allen Seiten eingefasst und mit einer Abspann\u00f6se in jeder Ecke versehen. Die Basis (Isabella Carpet) f\u00fcr diesen Markisenteppich wird unter den h\u00f6chsten Umweltauflagen (v\u00f6llig frei von Phthalaten) und mit 100% erneuerbaren Energien in Schweden hergestellt und [&hellip;]<\/p>\n","protected":false},"featured_media":211176,"template":"","meta":{"_acf_changed":false},"product_featured_cat":[],"product_brand":[],"product_cat":[4262],"product_tag":[],"class_list":{"0":"post-211192","1":"product","2":"type-product","3":"status-publish","4":"has-post-thumbnail","6":"product_cat-zeltteppiche-boeden","8":"first","9":"instock","10":"taxable","11":"shipping-taxable","12":"purchasable","13":"product-type-variable"},"acf":[],"yoast_head":"<!-- This site is optimized with the Yoast SEO plugin v27.4 - https:\/\/yoast.com\/product\/yoast-seo-wordpress\/ -->\n<title>Markisenteppich Isabella - Bantam Camping AG<\/title>\n<meta name=\"robots\" content=\"index, follow, max-snippet:-1, max-image-preview:large, max-video-preview:-1\" \/>\n<link rel=\"canonical\" href=\"https:\/\/shop.bantam.ch\/de\/produkt\/markisenteppich-isabella\/\" \/>\n<meta property=\"og:locale\" content=\"de_DE\" \/>\n<meta property=\"og:type\" content=\"article\" \/>\n<meta property=\"og:title\" content=\"Markisenteppich Isabella - Bantam Camping AG\" \/>\n<meta property=\"og:description\" content=\"Der Isabella Markisenteppich ist komplett konfektioniert. Als Basis dient der sehr strapazierf\u00e4hige und bew\u00e4hrte IsabellaCarpet. Dieser ist zus\u00e4tzlich auf allen Seiten eingefasst und mit einer Abspann\u00f6se in jeder Ecke versehen. Die Basis (Isabella Carpet) f\u00fcr diesen Markisenteppich wird unter den h\u00f6chsten Umweltauflagen (v\u00f6llig frei von Phthalaten) und mit 100% erneuerbaren Energien in Schweden hergestellt und [&hellip;]\" \/>\n<meta property=\"og:url\" content=\"https:\/\/shop.bantam.ch\/de\/produkt\/markisenteppich-isabella\/\" \/>\n<meta property=\"og:site_name\" content=\"Bantam Camping AG\" \/>\n<meta property=\"article:modified_time\" content=\"2026-04-17T23:39:33+00:00\" \/>\n<meta name=\"twitter:card\" content=\"summary_large_image\" \/>\n<meta name=\"twitter:label1\" content=\"Gesch\u00e4tzte Lesezeit\" \/>\n\t<meta name=\"twitter:data1\" content=\"1\u00a0Minute\" \/>\n<script type=\"application\/ld+json\" class=\"yoast-schema-graph\">{\"@context\":\"https:\\\/\\\/schema.org\",\"@graph\":[{\"@type\":\"WebPage\",\"@id\":\"https:\\\/\\\/shop.bantam.ch\\\/de\\\/produkt\\\/markisenteppich-isabella\\\/\",\"url\":\"https:\\\/\\\/shop.bantam.ch\\\/de\\\/produkt\\\/markisenteppich-isabella\\\/\",\"name\":\"Markisenteppich Isabella - Bantam Camping AG\",\"isPartOf\":{\"@id\":\"https:\\\/\\\/shop.bantam.ch\\\/de\\\/#website\"},\"primaryImageOfPage\":{\"@id\":\"https:\\\/\\\/shop.bantam.ch\\\/de\\\/produkt\\\/markisenteppich-isabella\\\/#primaryimage\"},\"image\":{\"@id\":\"https:\\\/\\\/shop.bantam.ch\\\/de\\\/produkt\\\/markisenteppich-isabella\\\/#primaryimage\"},\"thumbnailUrl\":\"https:\\\/\\\/shop.bantam.ch\\\/wp-content\\\/uploads\\\/2025\\\/03\\\/Movera-L-0107106100.jpg\",\"datePublished\":\"2025-03-14T13:30:11+00:00\",\"dateModified\":\"2026-04-17T23:39:33+00:00\",\"breadcrumb\":{\"@id\":\"https:\\\/\\\/shop.bantam.ch\\\/de\\\/produkt\\\/markisenteppich-isabella\\\/#breadcrumb\"},\"inLanguage\":\"de\",\"potentialAction\":[{\"@type\":\"ReadAction\",\"target\":[\"https:\\\/\\\/shop.bantam.ch\\\/de\\\/produkt\\\/markisenteppich-isabella\\\/\"]}]},{\"@type\":\"ImageObject\",\"inLanguage\":\"de\",\"@id\":\"https:\\\/\\\/shop.bantam.ch\\\/de\\\/produkt\\\/markisenteppich-isabella\\\/#primaryimage\",\"url\":\"https:\\\/\\\/shop.bantam.ch\\\/wp-content\\\/uploads\\\/2025\\\/03\\\/Movera-L-0107106100.jpg\",\"contentUrl\":\"https:\\\/\\\/shop.bantam.ch\\\/wp-content\\\/uploads\\\/2025\\\/03\\\/Movera-L-0107106100.jpg\",\"width\":640,\"height\":419},{\"@type\":\"BreadcrumbList\",\"@id\":\"https:\\\/\\\/shop.bantam.ch\\\/de\\\/produkt\\\/markisenteppich-isabella\\\/#breadcrumb\",\"itemListElement\":[{\"@type\":\"ListItem\",\"position\":1,\"name\":\"Accueil\",\"item\":\"https:\\\/\\\/shop.bantam.ch\\\/de\\\/\"},{\"@type\":\"ListItem\",\"position\":2,\"name\":\"Shop\",\"item\":\"https:\\\/\\\/shop.bantam.ch\\\/de\\\/shop\\\/\"},{\"@type\":\"ListItem\",\"position\":3,\"name\":\"Markisenteppich Isabella\"}]},{\"@type\":\"WebSite\",\"@id\":\"https:\\\/\\\/shop.bantam.ch\\\/de\\\/#website\",\"url\":\"https:\\\/\\\/shop.bantam.ch\\\/de\\\/\",\"name\":\"Bantam Camping AG\",\"description\":\"\",\"publisher\":{\"@id\":\"https:\\\/\\\/shop.bantam.ch\\\/de\\\/#organization\"},\"inLanguage\":\"de\"},{\"@type\":\"Organization\",\"@id\":\"https:\\\/\\\/shop.bantam.ch\\\/de\\\/#organization\",\"name\":\"Bantam Camping AG\",\"url\":\"https:\\\/\\\/shop.bantam.ch\\\/de\\\/\",\"logo\":{\"@type\":\"ImageObject\",\"inLanguage\":\"de\",\"@id\":\"https:\\\/\\\/shop.bantam.ch\\\/de\\\/#\\\/schema\\\/logo\\\/image\\\/\",\"url\":\"https:\\\/\\\/shop.bantam.ch\\\/wp-content\\\/uploads\\\/2022\\\/12\\\/bantam-logo.png\",\"contentUrl\":\"https:\\\/\\\/shop.bantam.ch\\\/wp-content\\\/uploads\\\/2022\\\/12\\\/bantam-logo.png\",\"width\":320,\"height\":71,\"caption\":\"Bantam Camping AG\"},\"image\":{\"@id\":\"https:\\\/\\\/shop.bantam.ch\\\/de\\\/#\\\/schema\\\/logo\\\/image\\\/\"}}]}<\/script>\n<!-- \/ Yoast SEO plugin. -->","yoast_head_json":{"title":"Markisenteppich Isabella - Bantam Camping AG","robots":{"index":"index","follow":"follow","max-snippet":"max-snippet:-1","max-image-preview":"max-image-preview:large","max-video-preview":"max-video-preview:-1"},"canonical":"https:\/\/shop.bantam.ch\/de\/produkt\/markisenteppich-isabella\/","og_locale":"de_DE","og_type":"article","og_title":"Markisenteppich Isabella - Bantam Camping AG","og_description":"Der Isabella Markisenteppich ist komplett konfektioniert. Als Basis dient der sehr strapazierf\u00e4hige und bew\u00e4hrte IsabellaCarpet. Dieser ist zus\u00e4tzlich auf allen Seiten eingefasst und mit einer Abspann\u00f6se in jeder Ecke versehen. Die Basis (Isabella Carpet) f\u00fcr diesen Markisenteppich wird unter den h\u00f6chsten Umweltauflagen (v\u00f6llig frei von Phthalaten) und mit 100% erneuerbaren Energien in Schweden hergestellt und [&hellip;]","og_url":"https:\/\/shop.bantam.ch\/de\/produkt\/markisenteppich-isabella\/","og_site_name":"Bantam Camping AG","article_modified_time":"2026-04-17T23:39:33+00:00","twitter_card":"summary_large_image","twitter_misc":{"Gesch\u00e4tzte Lesezeit":"1\u00a0Minute"},"schema":{"@context":"https:\/\/schema.org","@graph":[{"@type":"WebPage","@id":"https:\/\/shop.bantam.ch\/de\/produkt\/markisenteppich-isabella\/","url":"https:\/\/shop.bantam.ch\/de\/produkt\/markisenteppich-isabella\/","name":"Markisenteppich Isabella - Bantam Camping AG","isPartOf":{"@id":"https:\/\/shop.bantam.ch\/de\/#website"},"primaryImageOfPage":{"@id":"https:\/\/shop.bantam.ch\/de\/produkt\/markisenteppich-isabella\/#primaryimage"},"image":{"@id":"https:\/\/shop.bantam.ch\/de\/produkt\/markisenteppich-isabella\/#primaryimage"},"thumbnailUrl":"https:\/\/shop.bantam.ch\/wp-content\/uploads\/2025\/03\/Movera-L-0107106100.jpg","datePublished":"2025-03-14T13:30:11+00:00","dateModified":"2026-04-17T23:39:33+00:00","breadcrumb":{"@id":"https:\/\/shop.bantam.ch\/de\/produkt\/markisenteppich-isabella\/#breadcrumb"},"inLanguage":"de","potentialAction":[{"@type":"ReadAction","target":["https:\/\/shop.bantam.ch\/de\/produkt\/markisenteppich-isabella\/"]}]},{"@type":"ImageObject","inLanguage":"de","@id":"https:\/\/shop.bantam.ch\/de\/produkt\/markisenteppich-isabella\/#primaryimage","url":"https:\/\/shop.bantam.ch\/wp-content\/uploads\/2025\/03\/Movera-L-0107106100.jpg","contentUrl":"https:\/\/shop.bantam.ch\/wp-content\/uploads\/2025\/03\/Movera-L-0107106100.jpg","width":640,"height":419},{"@type":"BreadcrumbList","@id":"https:\/\/shop.bantam.ch\/de\/produkt\/markisenteppich-isabella\/#breadcrumb","itemListElement":[{"@type":"ListItem","position":1,"name":"Accueil","item":"https:\/\/shop.bantam.ch\/de\/"},{"@type":"ListItem","position":2,"name":"Shop","item":"https:\/\/shop.bantam.ch\/de\/shop\/"},{"@type":"ListItem","position":3,"name":"Markisenteppich Isabella"}]},{"@type":"WebSite","@id":"https:\/\/shop.bantam.ch\/de\/#website","url":"https:\/\/shop.bantam.ch\/de\/","name":"Bantam Camping AG","description":"","publisher":{"@id":"https:\/\/shop.bantam.ch\/de\/#organization"},"inLanguage":"de"},{"@type":"Organization","@id":"https:\/\/shop.bantam.ch\/de\/#organization","name":"Bantam Camping AG","url":"https:\/\/shop.bantam.ch\/de\/","logo":{"@type":"ImageObject","inLanguage":"de","@id":"https:\/\/shop.bantam.ch\/de\/#\/schema\/logo\/image\/","url":"https:\/\/shop.bantam.ch\/wp-content\/uploads\/2022\/12\/bantam-logo.png","contentUrl":"https:\/\/shop.bantam.ch\/wp-content\/uploads\/2022\/12\/bantam-logo.png","width":320,"height":71,"caption":"Bantam Camping AG"},"image":{"@id":"https:\/\/shop.bantam.ch\/de\/#\/schema\/logo\/image\/"}}]}},"_links":{"self":[{"href":"https:\/\/shop.bantam.ch\/de\/wp-json\/wp\/v2\/product\/211192","targetHints":{"allow":["GET"]}}],"collection":[{"href":"https:\/\/shop.bantam.ch\/de\/wp-json\/wp\/v2\/product"}],"about":[{"href":"https:\/\/shop.bantam.ch\/de\/wp-json\/wp\/v2\/types\/product"}],"wp:featuredmedia":[{"embeddable":true,"href":"https:\/\/shop.bantam.ch\/de\/wp-json\/wp\/v2\/media\/211176"}],"wp:attachment":[{"href":"https:\/\/shop.bantam.ch\/de\/wp-json\/wp\/v2\/media?parent=211192"}],"wp:term":[{"taxonomy":"product_featured_cat","embeddable":true,"href":"https:\/\/shop.bantam.ch\/de\/wp-json\/wp\/v2\/product_featured_cat?post=211192"},{"taxonomy":"product_brand","embeddable":true,"href":"https:\/\/shop.bantam.ch\/de\/wp-json\/wp\/v2\/product_brand?post=211192"},{"taxonomy":"product_cat","embeddable":true,"href":"https:\/\/shop.bantam.ch\/de\/wp-json\/wp\/v2\/product_cat?post=211192"},{"taxonomy":"product_tag","embeddable":true,"href":"https:\/\/shop.bantam.ch\/de\/wp-json\/wp\/v2\/product_tag?post=211192"}],"curies":[{"name":"wp","href":"https:\/\/api.w.org\/{rel}","templated":true}]}}