{"id":211132,"date":"2025-03-14T14:28:49","date_gmt":"2025-03-14T13:28:49","guid":{"rendered":"https:\/\/shop.bantam.ch\/produit\/fahrradtraeger-strada-e-bike-schwarz\/"},"modified":"2026-04-19T23:26:02","modified_gmt":"2026-04-19T21:26:02","slug":"fahrradtraeger-strada-e-bike-schwarz","status":"publish","type":"product","link":"https:\/\/shop.bantam.ch\/de\/produkt\/fahrradtraeger-strada-e-bike-schwarz\/","title":{"rendered":"Fahrradtr\u00e4ger Strada E-Bike schwarz"},"content":{"rendered":"<ul>\n<li>F\u00fcr 2 Fahrr\u00e4der oder 2 E-Bikes<\/li>\n<li>Erweiterbar auf 3 R\u00e4der<\/li>\n<li>Alle Fahrrad-\/Reifengr\u00f6\u00dfen<\/li>\n<li>Basisrahmen Stahl<\/li>\n<li>Rahmenst\u00e4rke 25 \u2013 80 mm<\/li>\n<li>2 schwarze Aluminium Fahrradschienen<\/li>\n<li>Fahrradschienen Abstand 230 mm<\/li>\n<li>2 abschlie\u00dfbare Abstandshalter<\/li>\n<li>Auszieh- u. Ausklappbar<\/li>\n<li>Traglast max. 60 kg<\/li>\n<li>Extragro\u00dfe Abst\u00e4nde zwischen den Fahrradschienen f\u00fcr ausladende Elektromotoren und Akkus.<\/li>\n<li>Gesicherter Abklappmechanismus f\u00fcr schnellen Zugang zum Kofferraum, selbst im beladenen Zustand<\/li>\n<li>Anh\u00e4ngerkupplung voreingestellter Schnellverschluss<\/li>\n<li>Komplett ausgestattet und vormontiert<\/li>\n<li>Passt in Kofferraum mit umgeklapptem Halteb\u00fcgel<\/li>\n<li>Diebstahl gesch\u00fctzter Tr\u00e4ger<\/li>\n<li>Diebstahl gesch\u00fctzte Fahrr\u00e4der<\/li>\n<li>Greifarme gepolstert und abschlie\u00dfbar<\/li>\n<li>Rastb\u00e4nder mit Spannkraftschutz<\/li>\n<li>Frei positionierbare Radschalen<\/li>\n<li>Beleuchtungsanlage mit Leuchtenschutz<\/li>\n<\/ul>\n","protected":false},"excerpt":{"rendered":"<p>F\u00fcr 2 Fahrr\u00e4der oder 2 E-Bikes Erweiterbar auf 3 R\u00e4der Alle Fahrrad-\/Reifengr\u00f6\u00dfen Basisrahmen Stahl Rahmenst\u00e4rke 25 \u2013 80 mm 2 schwarze Aluminium Fahrradschienen Fahrradschienen Abstand 230 mm 2 abschlie\u00dfbare Abstandshalter Auszieh- u. Ausklappbar Traglast max. 60 kg Extragro\u00dfe Abst\u00e4nde zwischen den Fahrradschienen f\u00fcr ausladende Elektromotoren und Akkus. Gesicherter Abklappmechanismus f\u00fcr schnellen Zugang zum Kofferraum, selbst [&hellip;]<\/p>\n","protected":false},"featured_media":211128,"template":"","meta":{"_acf_changed":false},"product_featured_cat":[],"product_brand":[],"product_cat":[5138],"product_tag":[],"class_list":{"0":"post-211132","1":"product","2":"type-product","3":"status-publish","4":"has-post-thumbnail","6":"product_cat-heck-fahrradtraeger","8":"first","9":"instock","10":"taxable","11":"shipping-taxable","12":"purchasable","13":"product-type-simple"},"acf":[],"yoast_head":"<!-- This site is optimized with the Yoast SEO plugin v27.4 - https:\/\/yoast.com\/product\/yoast-seo-wordpress\/ -->\n<title>Fahrradtr\u00e4ger Strada E-Bike schwarz - Bantam Camping AG<\/title>\n<meta name=\"robots\" content=\"index, follow, max-snippet:-1, max-image-preview:large, max-video-preview:-1\" \/>\n<link rel=\"canonical\" href=\"https:\/\/shop.bantam.ch\/de\/produkt\/fahrradtraeger-strada-e-bike-schwarz\/\" \/>\n<meta property=\"og:locale\" content=\"de_DE\" \/>\n<meta property=\"og:type\" content=\"article\" \/>\n<meta property=\"og:title\" content=\"Fahrradtr\u00e4ger Strada E-Bike schwarz - Bantam Camping AG\" \/>\n<meta property=\"og:description\" content=\"F\u00fcr 2 Fahrr\u00e4der oder 2 E-Bikes Erweiterbar auf 3 R\u00e4der Alle Fahrrad-\/Reifengr\u00f6\u00dfen Basisrahmen Stahl Rahmenst\u00e4rke 25 \u2013 80 mm 2 schwarze Aluminium Fahrradschienen Fahrradschienen Abstand 230 mm 2 abschlie\u00dfbare Abstandshalter Auszieh- u. Ausklappbar Traglast max. 60 kg Extragro\u00dfe Abst\u00e4nde zwischen den Fahrradschienen f\u00fcr ausladende Elektromotoren und Akkus. Gesicherter Abklappmechanismus f\u00fcr schnellen Zugang zum Kofferraum, selbst [&hellip;]\" \/>\n<meta property=\"og:url\" content=\"https:\/\/shop.bantam.ch\/de\/produkt\/fahrradtraeger-strada-e-bike-schwarz\/\" \/>\n<meta property=\"og:site_name\" content=\"Bantam Camping AG\" \/>\n<meta property=\"article:modified_time\" content=\"2026-04-19T21:26:02+00:00\" \/>\n<meta name=\"twitter:card\" content=\"summary_large_image\" \/>\n<script type=\"application\/ld+json\" class=\"yoast-schema-graph\">{\"@context\":\"https:\\\/\\\/schema.org\",\"@graph\":[{\"@type\":\"WebPage\",\"@id\":\"https:\\\/\\\/shop.bantam.ch\\\/de\\\/produkt\\\/fahrradtraeger-strada-e-bike-schwarz\\\/\",\"url\":\"https:\\\/\\\/shop.bantam.ch\\\/de\\\/produkt\\\/fahrradtraeger-strada-e-bike-schwarz\\\/\",\"name\":\"Fahrradtr\u00e4ger Strada E-Bike schwarz - Bantam Camping AG\",\"isPartOf\":{\"@id\":\"https:\\\/\\\/shop.bantam.ch\\\/de\\\/#website\"},\"primaryImageOfPage\":{\"@id\":\"https:\\\/\\\/shop.bantam.ch\\\/de\\\/produkt\\\/fahrradtraeger-strada-e-bike-schwarz\\\/#primaryimage\"},\"image\":{\"@id\":\"https:\\\/\\\/shop.bantam.ch\\\/de\\\/produkt\\\/fahrradtraeger-strada-e-bike-schwarz\\\/#primaryimage\"},\"thumbnailUrl\":\"https:\\\/\\\/shop.bantam.ch\\\/wp-content\\\/uploads\\\/2025\\\/03\\\/Movera-L-9947775100.jpg\",\"datePublished\":\"2025-03-14T13:28:49+00:00\",\"dateModified\":\"2026-04-19T21:26:02+00:00\",\"breadcrumb\":{\"@id\":\"https:\\\/\\\/shop.bantam.ch\\\/de\\\/produkt\\\/fahrradtraeger-strada-e-bike-schwarz\\\/#breadcrumb\"},\"inLanguage\":\"de\",\"potentialAction\":[{\"@type\":\"ReadAction\",\"target\":[\"https:\\\/\\\/shop.bantam.ch\\\/de\\\/produkt\\\/fahrradtraeger-strada-e-bike-schwarz\\\/\"]}]},{\"@type\":\"ImageObject\",\"inLanguage\":\"de\",\"@id\":\"https:\\\/\\\/shop.bantam.ch\\\/de\\\/produkt\\\/fahrradtraeger-strada-e-bike-schwarz\\\/#primaryimage\",\"url\":\"https:\\\/\\\/shop.bantam.ch\\\/wp-content\\\/uploads\\\/2025\\\/03\\\/Movera-L-9947775100.jpg\",\"contentUrl\":\"https:\\\/\\\/shop.bantam.ch\\\/wp-content\\\/uploads\\\/2025\\\/03\\\/Movera-L-9947775100.jpg\",\"width\":640,\"height\":403},{\"@type\":\"BreadcrumbList\",\"@id\":\"https:\\\/\\\/shop.bantam.ch\\\/de\\\/produkt\\\/fahrradtraeger-strada-e-bike-schwarz\\\/#breadcrumb\",\"itemListElement\":[{\"@type\":\"ListItem\",\"position\":1,\"name\":\"Accueil\",\"item\":\"https:\\\/\\\/shop.bantam.ch\\\/de\\\/\"},{\"@type\":\"ListItem\",\"position\":2,\"name\":\"Shop\",\"item\":\"https:\\\/\\\/shop.bantam.ch\\\/de\\\/shop\\\/\"},{\"@type\":\"ListItem\",\"position\":3,\"name\":\"Fahrradtr\u00e4ger Strada E-Bike schwarz\"}]},{\"@type\":\"WebSite\",\"@id\":\"https:\\\/\\\/shop.bantam.ch\\\/de\\\/#website\",\"url\":\"https:\\\/\\\/shop.bantam.ch\\\/de\\\/\",\"name\":\"Bantam Camping AG\",\"description\":\"\",\"publisher\":{\"@id\":\"https:\\\/\\\/shop.bantam.ch\\\/de\\\/#organization\"},\"inLanguage\":\"de\"},{\"@type\":\"Organization\",\"@id\":\"https:\\\/\\\/shop.bantam.ch\\\/de\\\/#organization\",\"name\":\"Bantam Camping AG\",\"url\":\"https:\\\/\\\/shop.bantam.ch\\\/de\\\/\",\"logo\":{\"@type\":\"ImageObject\",\"inLanguage\":\"de\",\"@id\":\"https:\\\/\\\/shop.bantam.ch\\\/de\\\/#\\\/schema\\\/logo\\\/image\\\/\",\"url\":\"https:\\\/\\\/shop.bantam.ch\\\/wp-content\\\/uploads\\\/2022\\\/12\\\/bantam-logo.png\",\"contentUrl\":\"https:\\\/\\\/shop.bantam.ch\\\/wp-content\\\/uploads\\\/2022\\\/12\\\/bantam-logo.png\",\"width\":320,\"height\":71,\"caption\":\"Bantam Camping AG\"},\"image\":{\"@id\":\"https:\\\/\\\/shop.bantam.ch\\\/de\\\/#\\\/schema\\\/logo\\\/image\\\/\"}}]}<\/script>\n<!-- \/ Yoast SEO plugin. -->","yoast_head_json":{"title":"Fahrradtr\u00e4ger Strada E-Bike schwarz - Bantam Camping AG","robots":{"index":"index","follow":"follow","max-snippet":"max-snippet:-1","max-image-preview":"max-image-preview:large","max-video-preview":"max-video-preview:-1"},"canonical":"https:\/\/shop.bantam.ch\/de\/produkt\/fahrradtraeger-strada-e-bike-schwarz\/","og_locale":"de_DE","og_type":"article","og_title":"Fahrradtr\u00e4ger Strada E-Bike schwarz - Bantam Camping AG","og_description":"F\u00fcr 2 Fahrr\u00e4der oder 2 E-Bikes Erweiterbar auf 3 R\u00e4der Alle Fahrrad-\/Reifengr\u00f6\u00dfen Basisrahmen Stahl Rahmenst\u00e4rke 25 \u2013 80 mm 2 schwarze Aluminium Fahrradschienen Fahrradschienen Abstand 230 mm 2 abschlie\u00dfbare Abstandshalter Auszieh- u. Ausklappbar Traglast max. 60 kg Extragro\u00dfe Abst\u00e4nde zwischen den Fahrradschienen f\u00fcr ausladende Elektromotoren und Akkus. Gesicherter Abklappmechanismus f\u00fcr schnellen Zugang zum Kofferraum, selbst [&hellip;]","og_url":"https:\/\/shop.bantam.ch\/de\/produkt\/fahrradtraeger-strada-e-bike-schwarz\/","og_site_name":"Bantam Camping AG","article_modified_time":"2026-04-19T21:26:02+00:00","twitter_card":"summary_large_image","schema":{"@context":"https:\/\/schema.org","@graph":[{"@type":"WebPage","@id":"https:\/\/shop.bantam.ch\/de\/produkt\/fahrradtraeger-strada-e-bike-schwarz\/","url":"https:\/\/shop.bantam.ch\/de\/produkt\/fahrradtraeger-strada-e-bike-schwarz\/","name":"Fahrradtr\u00e4ger Strada E-Bike schwarz - Bantam Camping AG","isPartOf":{"@id":"https:\/\/shop.bantam.ch\/de\/#website"},"primaryImageOfPage":{"@id":"https:\/\/shop.bantam.ch\/de\/produkt\/fahrradtraeger-strada-e-bike-schwarz\/#primaryimage"},"image":{"@id":"https:\/\/shop.bantam.ch\/de\/produkt\/fahrradtraeger-strada-e-bike-schwarz\/#primaryimage"},"thumbnailUrl":"https:\/\/shop.bantam.ch\/wp-content\/uploads\/2025\/03\/Movera-L-9947775100.jpg","datePublished":"2025-03-14T13:28:49+00:00","dateModified":"2026-04-19T21:26:02+00:00","breadcrumb":{"@id":"https:\/\/shop.bantam.ch\/de\/produkt\/fahrradtraeger-strada-e-bike-schwarz\/#breadcrumb"},"inLanguage":"de","potentialAction":[{"@type":"ReadAction","target":["https:\/\/shop.bantam.ch\/de\/produkt\/fahrradtraeger-strada-e-bike-schwarz\/"]}]},{"@type":"ImageObject","inLanguage":"de","@id":"https:\/\/shop.bantam.ch\/de\/produkt\/fahrradtraeger-strada-e-bike-schwarz\/#primaryimage","url":"https:\/\/shop.bantam.ch\/wp-content\/uploads\/2025\/03\/Movera-L-9947775100.jpg","contentUrl":"https:\/\/shop.bantam.ch\/wp-content\/uploads\/2025\/03\/Movera-L-9947775100.jpg","width":640,"height":403},{"@type":"BreadcrumbList","@id":"https:\/\/shop.bantam.ch\/de\/produkt\/fahrradtraeger-strada-e-bike-schwarz\/#breadcrumb","itemListElement":[{"@type":"ListItem","position":1,"name":"Accueil","item":"https:\/\/shop.bantam.ch\/de\/"},{"@type":"ListItem","position":2,"name":"Shop","item":"https:\/\/shop.bantam.ch\/de\/shop\/"},{"@type":"ListItem","position":3,"name":"Fahrradtr\u00e4ger Strada E-Bike schwarz"}]},{"@type":"WebSite","@id":"https:\/\/shop.bantam.ch\/de\/#website","url":"https:\/\/shop.bantam.ch\/de\/","name":"Bantam Camping AG","description":"","publisher":{"@id":"https:\/\/shop.bantam.ch\/de\/#organization"},"inLanguage":"de"},{"@type":"Organization","@id":"https:\/\/shop.bantam.ch\/de\/#organization","name":"Bantam Camping AG","url":"https:\/\/shop.bantam.ch\/de\/","logo":{"@type":"ImageObject","inLanguage":"de","@id":"https:\/\/shop.bantam.ch\/de\/#\/schema\/logo\/image\/","url":"https:\/\/shop.bantam.ch\/wp-content\/uploads\/2022\/12\/bantam-logo.png","contentUrl":"https:\/\/shop.bantam.ch\/wp-content\/uploads\/2022\/12\/bantam-logo.png","width":320,"height":71,"caption":"Bantam Camping AG"},"image":{"@id":"https:\/\/shop.bantam.ch\/de\/#\/schema\/logo\/image\/"}}]}},"_links":{"self":[{"href":"https:\/\/shop.bantam.ch\/de\/wp-json\/wp\/v2\/product\/211132","targetHints":{"allow":["GET"]}}],"collection":[{"href":"https:\/\/shop.bantam.ch\/de\/wp-json\/wp\/v2\/product"}],"about":[{"href":"https:\/\/shop.bantam.ch\/de\/wp-json\/wp\/v2\/types\/product"}],"wp:featuredmedia":[{"embeddable":true,"href":"https:\/\/shop.bantam.ch\/de\/wp-json\/wp\/v2\/media\/211128"}],"wp:attachment":[{"href":"https:\/\/shop.bantam.ch\/de\/wp-json\/wp\/v2\/media?parent=211132"}],"wp:term":[{"taxonomy":"product_featured_cat","embeddable":true,"href":"https:\/\/shop.bantam.ch\/de\/wp-json\/wp\/v2\/product_featured_cat?post=211132"},{"taxonomy":"product_brand","embeddable":true,"href":"https:\/\/shop.bantam.ch\/de\/wp-json\/wp\/v2\/product_brand?post=211132"},{"taxonomy":"product_cat","embeddable":true,"href":"https:\/\/shop.bantam.ch\/de\/wp-json\/wp\/v2\/product_cat?post=211132"},{"taxonomy":"product_tag","embeddable":true,"href":"https:\/\/shop.bantam.ch\/de\/wp-json\/wp\/v2\/product_tag?post=211132"}],"curies":[{"name":"wp","href":"https:\/\/api.w.org\/{rel}","templated":true}]}}