{"id":211126,"date":"2025-03-14T14:28:40","date_gmt":"2025-03-14T13:28:40","guid":{"rendered":"https:\/\/shop.bantam.ch\/produit\/ranghierhilfe-go2\/"},"modified":"2026-04-18T23:23:11","modified_gmt":"2026-04-18T21:23:11","slug":"ranghierhilfe-go2","status":"publish","type":"product","link":"https:\/\/shop.bantam.ch\/de\/produkt\/ranghierhilfe-go2\/","title":{"rendered":"Ranghierhilfe GO2"},"content":{"rendered":"<p>GO2, die kleine Rangierhilfe mit dem Charme einer Gro\u00dfen. Bewegen Sie Ihren Wohnwagen m\u00fchelos an die gew\u00fcnschte Stelle:<\/p>\n<ul>\n<li>Die Rangierhilfe GO2 erm\u00f6glicht exaktes Rangieren und pr\u00e4zises Ankuppeln. Den GO2 k\u00f6nnen Sie einfach von einer Seite an- und abschwenken. Dank der ausgekl\u00fcgelten Mechanik ist dies ohne gro\u00dfen Kraftaufwand m\u00f6glich.<\/li>\n<li>Die Fernbedienung ist ergonomisch und l\u00e4sst sich intuitiv bedienen. Das Symbol eines Wohnwagens erleichtert das Rangieren.<\/li>\n<li>Sanft anfahren, pr\u00e4zise rangieren und exakt stoppen<\/li>\n<li>Steuerung mit ergonomischer und intuitiver Fernbedienung<\/li>\n<li>Unkomplizierte Montage mit bew\u00e4hrtem Schnell-Befestigungssystem<\/li>\n<li>Mit 33 kg ein Leichtgewicht<\/li>\n<\/ul>\n<p>Einbau Mit dem Befestigungssatz, der im Lieferumfang enthalten ist, wird die Rangierhilfe GO2 an allen g\u00e4ngigen Rahmen mit L- oder U-Profil montiert. Weiteres Zubeh\u00f6r ist in den meisten F\u00e4llen nicht erforderlich. F\u00fcr alle anderen Chassis (z. B. f\u00fcr AL-KO, BPW, Knott und Eriba Touring Chassis) ist umfangreiches Montage Zubeh\u00f6r erh\u00e4ltlich.<\/p>\n<p>Technische Daten<\/p>\n<ul>\n<li>Der GO2 ist geeignet f\u00fcr einachsige Caravans mit einem zul\u00e4ssigen Gesamtgewicht von 1800 kg<\/li>\n<li>Max. Steigf\u00e4higkeit 13 %<\/li>\n<li>Spannungsversorgung 12 V<\/li>\n<li>Stromaufnahme maximal 100 A<\/li>\n<li>Stromaufnahme durchschnittlich 28 A (in der Ebene bei einem zul\u00e4ssigen Gesamtgewicht von 1800 kg)<\/li>\n<li>Maximale Geschwindigkeit 9 m\/min<\/li>\n<li>Gewicht 33 kg<\/li>\n<\/ul>\n","protected":false},"excerpt":{"rendered":"<p>GO2, die kleine Rangierhilfe mit dem Charme einer Gro\u00dfen. Bewegen Sie Ihren Wohnwagen m\u00fchelos an die gew\u00fcnschte Stelle: Die Rangierhilfe GO2 erm\u00f6glicht exaktes Rangieren und pr\u00e4zises Ankuppeln. Den GO2 k\u00f6nnen Sie einfach von einer Seite an- und abschwenken. Dank der ausgekl\u00fcgelten Mechanik ist dies ohne gro\u00dfen Kraftaufwand m\u00f6glich. Die Fernbedienung ist ergonomisch und l\u00e4sst sich [&hellip;]<\/p>\n","protected":false},"featured_media":211124,"template":"","meta":{"_acf_changed":false},"product_featured_cat":[],"product_brand":[],"product_cat":[4822],"product_tag":[],"class_list":{"0":"post-211126","1":"product","2":"type-product","3":"status-publish","4":"has-post-thumbnail","6":"product_cat-rangierhilfen","8":"first","9":"instock","10":"taxable","11":"shipping-taxable","12":"purchasable","13":"product-type-simple"},"acf":[],"yoast_head":"<!-- This site is optimized with the Yoast SEO plugin v27.4 - https:\/\/yoast.com\/product\/yoast-seo-wordpress\/ -->\n<title>Ranghierhilfe GO2 - Bantam Camping AG<\/title>\n<meta name=\"robots\" content=\"index, follow, max-snippet:-1, max-image-preview:large, max-video-preview:-1\" \/>\n<link rel=\"canonical\" href=\"https:\/\/shop.bantam.ch\/de\/produkt\/ranghierhilfe-go2\/\" \/>\n<meta property=\"og:locale\" content=\"de_DE\" \/>\n<meta property=\"og:type\" content=\"article\" \/>\n<meta property=\"og:title\" content=\"Ranghierhilfe GO2 - Bantam Camping AG\" \/>\n<meta property=\"og:description\" content=\"GO2, die kleine Rangierhilfe mit dem Charme einer Gro\u00dfen. Bewegen Sie Ihren Wohnwagen m\u00fchelos an die gew\u00fcnschte Stelle: Die Rangierhilfe GO2 erm\u00f6glicht exaktes Rangieren und pr\u00e4zises Ankuppeln. Den GO2 k\u00f6nnen Sie einfach von einer Seite an- und abschwenken. Dank der ausgekl\u00fcgelten Mechanik ist dies ohne gro\u00dfen Kraftaufwand m\u00f6glich. Die Fernbedienung ist ergonomisch und l\u00e4sst sich [&hellip;]\" \/>\n<meta property=\"og:url\" content=\"https:\/\/shop.bantam.ch\/de\/produkt\/ranghierhilfe-go2\/\" \/>\n<meta property=\"og:site_name\" content=\"Bantam Camping AG\" \/>\n<meta property=\"article:modified_time\" content=\"2026-04-18T21:23:11+00:00\" \/>\n<meta name=\"twitter:card\" content=\"summary_large_image\" \/>\n<meta name=\"twitter:label1\" content=\"Gesch\u00e4tzte Lesezeit\" \/>\n\t<meta name=\"twitter:data1\" content=\"1\u00a0Minute\" \/>\n<script type=\"application\/ld+json\" class=\"yoast-schema-graph\">{\"@context\":\"https:\\\/\\\/schema.org\",\"@graph\":[{\"@type\":\"WebPage\",\"@id\":\"https:\\\/\\\/shop.bantam.ch\\\/de\\\/produkt\\\/ranghierhilfe-go2\\\/\",\"url\":\"https:\\\/\\\/shop.bantam.ch\\\/de\\\/produkt\\\/ranghierhilfe-go2\\\/\",\"name\":\"Ranghierhilfe GO2 - Bantam Camping AG\",\"isPartOf\":{\"@id\":\"https:\\\/\\\/shop.bantam.ch\\\/de\\\/#website\"},\"primaryImageOfPage\":{\"@id\":\"https:\\\/\\\/shop.bantam.ch\\\/de\\\/produkt\\\/ranghierhilfe-go2\\\/#primaryimage\"},\"image\":{\"@id\":\"https:\\\/\\\/shop.bantam.ch\\\/de\\\/produkt\\\/ranghierhilfe-go2\\\/#primaryimage\"},\"thumbnailUrl\":\"https:\\\/\\\/shop.bantam.ch\\\/wp-content\\\/uploads\\\/2025\\\/03\\\/Movera-L-9943712100.jpg\",\"datePublished\":\"2025-03-14T13:28:40+00:00\",\"dateModified\":\"2026-04-18T21:23:11+00:00\",\"breadcrumb\":{\"@id\":\"https:\\\/\\\/shop.bantam.ch\\\/de\\\/produkt\\\/ranghierhilfe-go2\\\/#breadcrumb\"},\"inLanguage\":\"de\",\"potentialAction\":[{\"@type\":\"ReadAction\",\"target\":[\"https:\\\/\\\/shop.bantam.ch\\\/de\\\/produkt\\\/ranghierhilfe-go2\\\/\"]}]},{\"@type\":\"ImageObject\",\"inLanguage\":\"de\",\"@id\":\"https:\\\/\\\/shop.bantam.ch\\\/de\\\/produkt\\\/ranghierhilfe-go2\\\/#primaryimage\",\"url\":\"https:\\\/\\\/shop.bantam.ch\\\/wp-content\\\/uploads\\\/2025\\\/03\\\/Movera-L-9943712100.jpg\",\"contentUrl\":\"https:\\\/\\\/shop.bantam.ch\\\/wp-content\\\/uploads\\\/2025\\\/03\\\/Movera-L-9943712100.jpg\",\"width\":640,\"height\":573},{\"@type\":\"BreadcrumbList\",\"@id\":\"https:\\\/\\\/shop.bantam.ch\\\/de\\\/produkt\\\/ranghierhilfe-go2\\\/#breadcrumb\",\"itemListElement\":[{\"@type\":\"ListItem\",\"position\":1,\"name\":\"Accueil\",\"item\":\"https:\\\/\\\/shop.bantam.ch\\\/de\\\/\"},{\"@type\":\"ListItem\",\"position\":2,\"name\":\"Shop\",\"item\":\"https:\\\/\\\/shop.bantam.ch\\\/de\\\/shop\\\/\"},{\"@type\":\"ListItem\",\"position\":3,\"name\":\"Ranghierhilfe GO2\"}]},{\"@type\":\"WebSite\",\"@id\":\"https:\\\/\\\/shop.bantam.ch\\\/de\\\/#website\",\"url\":\"https:\\\/\\\/shop.bantam.ch\\\/de\\\/\",\"name\":\"Bantam Camping AG\",\"description\":\"\",\"publisher\":{\"@id\":\"https:\\\/\\\/shop.bantam.ch\\\/de\\\/#organization\"},\"inLanguage\":\"de\"},{\"@type\":\"Organization\",\"@id\":\"https:\\\/\\\/shop.bantam.ch\\\/de\\\/#organization\",\"name\":\"Bantam Camping AG\",\"url\":\"https:\\\/\\\/shop.bantam.ch\\\/de\\\/\",\"logo\":{\"@type\":\"ImageObject\",\"inLanguage\":\"de\",\"@id\":\"https:\\\/\\\/shop.bantam.ch\\\/de\\\/#\\\/schema\\\/logo\\\/image\\\/\",\"url\":\"https:\\\/\\\/shop.bantam.ch\\\/wp-content\\\/uploads\\\/2022\\\/12\\\/bantam-logo.png\",\"contentUrl\":\"https:\\\/\\\/shop.bantam.ch\\\/wp-content\\\/uploads\\\/2022\\\/12\\\/bantam-logo.png\",\"width\":320,\"height\":71,\"caption\":\"Bantam Camping AG\"},\"image\":{\"@id\":\"https:\\\/\\\/shop.bantam.ch\\\/de\\\/#\\\/schema\\\/logo\\\/image\\\/\"}}]}<\/script>\n<!-- \/ Yoast SEO plugin. -->","yoast_head_json":{"title":"Ranghierhilfe GO2 - Bantam Camping AG","robots":{"index":"index","follow":"follow","max-snippet":"max-snippet:-1","max-image-preview":"max-image-preview:large","max-video-preview":"max-video-preview:-1"},"canonical":"https:\/\/shop.bantam.ch\/de\/produkt\/ranghierhilfe-go2\/","og_locale":"de_DE","og_type":"article","og_title":"Ranghierhilfe GO2 - Bantam Camping AG","og_description":"GO2, die kleine Rangierhilfe mit dem Charme einer Gro\u00dfen. Bewegen Sie Ihren Wohnwagen m\u00fchelos an die gew\u00fcnschte Stelle: Die Rangierhilfe GO2 erm\u00f6glicht exaktes Rangieren und pr\u00e4zises Ankuppeln. Den GO2 k\u00f6nnen Sie einfach von einer Seite an- und abschwenken. Dank der ausgekl\u00fcgelten Mechanik ist dies ohne gro\u00dfen Kraftaufwand m\u00f6glich. Die Fernbedienung ist ergonomisch und l\u00e4sst sich [&hellip;]","og_url":"https:\/\/shop.bantam.ch\/de\/produkt\/ranghierhilfe-go2\/","og_site_name":"Bantam Camping AG","article_modified_time":"2026-04-18T21:23:11+00:00","twitter_card":"summary_large_image","twitter_misc":{"Gesch\u00e4tzte Lesezeit":"1\u00a0Minute"},"schema":{"@context":"https:\/\/schema.org","@graph":[{"@type":"WebPage","@id":"https:\/\/shop.bantam.ch\/de\/produkt\/ranghierhilfe-go2\/","url":"https:\/\/shop.bantam.ch\/de\/produkt\/ranghierhilfe-go2\/","name":"Ranghierhilfe GO2 - Bantam Camping AG","isPartOf":{"@id":"https:\/\/shop.bantam.ch\/de\/#website"},"primaryImageOfPage":{"@id":"https:\/\/shop.bantam.ch\/de\/produkt\/ranghierhilfe-go2\/#primaryimage"},"image":{"@id":"https:\/\/shop.bantam.ch\/de\/produkt\/ranghierhilfe-go2\/#primaryimage"},"thumbnailUrl":"https:\/\/shop.bantam.ch\/wp-content\/uploads\/2025\/03\/Movera-L-9943712100.jpg","datePublished":"2025-03-14T13:28:40+00:00","dateModified":"2026-04-18T21:23:11+00:00","breadcrumb":{"@id":"https:\/\/shop.bantam.ch\/de\/produkt\/ranghierhilfe-go2\/#breadcrumb"},"inLanguage":"de","potentialAction":[{"@type":"ReadAction","target":["https:\/\/shop.bantam.ch\/de\/produkt\/ranghierhilfe-go2\/"]}]},{"@type":"ImageObject","inLanguage":"de","@id":"https:\/\/shop.bantam.ch\/de\/produkt\/ranghierhilfe-go2\/#primaryimage","url":"https:\/\/shop.bantam.ch\/wp-content\/uploads\/2025\/03\/Movera-L-9943712100.jpg","contentUrl":"https:\/\/shop.bantam.ch\/wp-content\/uploads\/2025\/03\/Movera-L-9943712100.jpg","width":640,"height":573},{"@type":"BreadcrumbList","@id":"https:\/\/shop.bantam.ch\/de\/produkt\/ranghierhilfe-go2\/#breadcrumb","itemListElement":[{"@type":"ListItem","position":1,"name":"Accueil","item":"https:\/\/shop.bantam.ch\/de\/"},{"@type":"ListItem","position":2,"name":"Shop","item":"https:\/\/shop.bantam.ch\/de\/shop\/"},{"@type":"ListItem","position":3,"name":"Ranghierhilfe GO2"}]},{"@type":"WebSite","@id":"https:\/\/shop.bantam.ch\/de\/#website","url":"https:\/\/shop.bantam.ch\/de\/","name":"Bantam Camping AG","description":"","publisher":{"@id":"https:\/\/shop.bantam.ch\/de\/#organization"},"inLanguage":"de"},{"@type":"Organization","@id":"https:\/\/shop.bantam.ch\/de\/#organization","name":"Bantam Camping AG","url":"https:\/\/shop.bantam.ch\/de\/","logo":{"@type":"ImageObject","inLanguage":"de","@id":"https:\/\/shop.bantam.ch\/de\/#\/schema\/logo\/image\/","url":"https:\/\/shop.bantam.ch\/wp-content\/uploads\/2022\/12\/bantam-logo.png","contentUrl":"https:\/\/shop.bantam.ch\/wp-content\/uploads\/2022\/12\/bantam-logo.png","width":320,"height":71,"caption":"Bantam Camping AG"},"image":{"@id":"https:\/\/shop.bantam.ch\/de\/#\/schema\/logo\/image\/"}}]}},"_links":{"self":[{"href":"https:\/\/shop.bantam.ch\/de\/wp-json\/wp\/v2\/product\/211126","targetHints":{"allow":["GET"]}}],"collection":[{"href":"https:\/\/shop.bantam.ch\/de\/wp-json\/wp\/v2\/product"}],"about":[{"href":"https:\/\/shop.bantam.ch\/de\/wp-json\/wp\/v2\/types\/product"}],"wp:featuredmedia":[{"embeddable":true,"href":"https:\/\/shop.bantam.ch\/de\/wp-json\/wp\/v2\/media\/211124"}],"wp:attachment":[{"href":"https:\/\/shop.bantam.ch\/de\/wp-json\/wp\/v2\/media?parent=211126"}],"wp:term":[{"taxonomy":"product_featured_cat","embeddable":true,"href":"https:\/\/shop.bantam.ch\/de\/wp-json\/wp\/v2\/product_featured_cat?post=211126"},{"taxonomy":"product_brand","embeddable":true,"href":"https:\/\/shop.bantam.ch\/de\/wp-json\/wp\/v2\/product_brand?post=211126"},{"taxonomy":"product_cat","embeddable":true,"href":"https:\/\/shop.bantam.ch\/de\/wp-json\/wp\/v2\/product_cat?post=211126"},{"taxonomy":"product_tag","embeddable":true,"href":"https:\/\/shop.bantam.ch\/de\/wp-json\/wp\/v2\/product_tag?post=211126"}],"curies":[{"name":"wp","href":"https:\/\/api.w.org\/{rel}","templated":true}]}}