{"id":211112,"date":"2025-03-14T14:28:24","date_gmt":"2025-03-14T13:28:24","guid":{"rendered":"https:\/\/shop.bantam.ch\/produit\/mini-kuehlschrank-polarys\/"},"modified":"2026-05-08T23:20:40","modified_gmt":"2026-05-08T21:20:40","slug":"mini-kuehlschrank-polarys","status":"publish","type":"product","link":"https:\/\/shop.bantam.ch\/de\/produkt\/mini-kuehlschrank-polarys\/","title":{"rendered":"Mini K\u00fchlschrank Polarys"},"content":{"rendered":"<p>Der kompakte Mini-K\u00fchlschrank Polarys Home ist die ideale L\u00f6sung f\u00fcr kleine R\u00e4ume,wie Vorzelte, Mobilheime oder Ferienh\u00e4user. Er hat ein Fassungsverm\u00f6gen von 42 Litern und bietet Platz f\u00fcr alle wichtigen Lebensmittel und Getr\u00e4nke. Das integrierte Kaltlagerfach mit 4 Litern Fassungsverm\u00f6gen ist ideal f\u00fcr die kurzzeitige Aufbewahrung von frischem Fleisch und Fisch. Die T\u00fcrablage bietet Platz f\u00fcr 2-Liter-Flaschen und das praktische Ablagerost sorgt f\u00fcr Ordnung im Innenraum. Der K\u00fchlschrank hat eine regelbare Temperatur (0\u00b0\/10\u00b0), die sich optimal an die Umgebungstemperatur anpassen l\u00e4sst. Er ist in der Klimaklasse N-ST. Der K\u00fchlschrank ist angenehm leise und hat einen minimalen Ger\u00e4uschpegel von 43 dB. Er ist mit einem wechselbaren T\u00fcranschlag ausgestattet, sodass er in jeden Raum integriert werden kann. Das robuste Kunststoffgeh\u00e4use sorgt f\u00fcr eine lange Lebensdauer.<\/p>\n<p>Material:&nbsp;Aluminium\/PP<\/p>\n","protected":false},"excerpt":{"rendered":"<p>Der kompakte Mini-K\u00fchlschrank Polarys Home ist die ideale L\u00f6sung f\u00fcr kleine R\u00e4ume,wie Vorzelte, Mobilheime oder Ferienh\u00e4user. Er hat ein Fassungsverm\u00f6gen von 42 Litern und bietet Platz f\u00fcr alle wichtigen Lebensmittel und Getr\u00e4nke. Das integrierte Kaltlagerfach mit 4 Litern Fassungsverm\u00f6gen ist ideal f\u00fcr die kurzzeitige Aufbewahrung von frischem Fleisch und Fisch. Die T\u00fcrablage bietet Platz f\u00fcr [&hellip;]<\/p>\n","protected":false},"featured_media":211108,"template":"","meta":{"_acf_changed":false},"product_featured_cat":[],"product_brand":[],"product_cat":[4552],"product_tag":[],"class_list":{"0":"post-211112","1":"product","2":"type-product","3":"status-publish","4":"has-post-thumbnail","6":"product_cat-absorber-kuehlschraenke","8":"first","9":"instock","10":"taxable","11":"shipping-taxable","12":"purchasable","13":"product-type-simple"},"acf":[],"yoast_head":"<!-- This site is optimized with the Yoast SEO plugin v27.5 - https:\/\/yoast.com\/product\/yoast-seo-wordpress\/ -->\n<title>Mini K\u00fchlschrank Polarys - Bantam<\/title>\n<meta name=\"robots\" content=\"index, follow, max-snippet:-1, max-image-preview:large, max-video-preview:-1\" \/>\n<link rel=\"canonical\" href=\"https:\/\/shop.bantam.ch\/de\/produkt\/mini-kuehlschrank-polarys\/\" \/>\n<meta property=\"og:locale\" content=\"de_DE\" \/>\n<meta property=\"og:type\" content=\"article\" \/>\n<meta property=\"og:title\" content=\"Mini K\u00fchlschrank Polarys - Bantam\" \/>\n<meta property=\"og:description\" content=\"Der kompakte Mini-K\u00fchlschrank Polarys Home ist die ideale L\u00f6sung f\u00fcr kleine R\u00e4ume,wie Vorzelte, Mobilheime oder Ferienh\u00e4user. Er hat ein Fassungsverm\u00f6gen von 42 Litern und bietet Platz f\u00fcr alle wichtigen Lebensmittel und Getr\u00e4nke. Das integrierte Kaltlagerfach mit 4 Litern Fassungsverm\u00f6gen ist ideal f\u00fcr die kurzzeitige Aufbewahrung von frischem Fleisch und Fisch. Die T\u00fcrablage bietet Platz f\u00fcr [&hellip;]\" \/>\n<meta property=\"og:url\" content=\"https:\/\/shop.bantam.ch\/de\/produkt\/mini-kuehlschrank-polarys\/\" \/>\n<meta property=\"og:site_name\" content=\"Bantam\" \/>\n<meta property=\"article:modified_time\" content=\"2026-05-08T21:20:40+00:00\" \/>\n<meta name=\"twitter:card\" content=\"summary_large_image\" \/>\n<meta name=\"twitter:label1\" content=\"Gesch\u00e4tzte Lesezeit\" \/>\n\t<meta name=\"twitter:data1\" content=\"1\u00a0Minute\" \/>\n<script type=\"application\/ld+json\" class=\"yoast-schema-graph\">{\"@context\":\"https:\\\/\\\/schema.org\",\"@graph\":[{\"@type\":\"WebPage\",\"@id\":\"https:\\\/\\\/shop.bantam.ch\\\/de\\\/produkt\\\/mini-kuehlschrank-polarys\\\/\",\"url\":\"https:\\\/\\\/shop.bantam.ch\\\/de\\\/produkt\\\/mini-kuehlschrank-polarys\\\/\",\"name\":\"Mini K\u00fchlschrank Polarys - Bantam\",\"isPartOf\":{\"@id\":\"https:\\\/\\\/shop.bantam.ch\\\/de\\\/#website\"},\"primaryImageOfPage\":{\"@id\":\"https:\\\/\\\/shop.bantam.ch\\\/de\\\/produkt\\\/mini-kuehlschrank-polarys\\\/#primaryimage\"},\"image\":{\"@id\":\"https:\\\/\\\/shop.bantam.ch\\\/de\\\/produkt\\\/mini-kuehlschrank-polarys\\\/#primaryimage\"},\"thumbnailUrl\":\"https:\\\/\\\/shop.bantam.ch\\\/wp-content\\\/uploads\\\/2025\\\/03\\\/Movera-L-9947733100.jpg\",\"datePublished\":\"2025-03-14T13:28:24+00:00\",\"dateModified\":\"2026-05-08T21:20:40+00:00\",\"breadcrumb\":{\"@id\":\"https:\\\/\\\/shop.bantam.ch\\\/de\\\/produkt\\\/mini-kuehlschrank-polarys\\\/#breadcrumb\"},\"inLanguage\":\"de\",\"potentialAction\":[{\"@type\":\"ReadAction\",\"target\":[\"https:\\\/\\\/shop.bantam.ch\\\/de\\\/produkt\\\/mini-kuehlschrank-polarys\\\/\"]}]},{\"@type\":\"ImageObject\",\"inLanguage\":\"de\",\"@id\":\"https:\\\/\\\/shop.bantam.ch\\\/de\\\/produkt\\\/mini-kuehlschrank-polarys\\\/#primaryimage\",\"url\":\"https:\\\/\\\/shop.bantam.ch\\\/wp-content\\\/uploads\\\/2025\\\/03\\\/Movera-L-9947733100.jpg\",\"contentUrl\":\"https:\\\/\\\/shop.bantam.ch\\\/wp-content\\\/uploads\\\/2025\\\/03\\\/Movera-L-9947733100.jpg\",\"width\":640,\"height\":563},{\"@type\":\"BreadcrumbList\",\"@id\":\"https:\\\/\\\/shop.bantam.ch\\\/de\\\/produkt\\\/mini-kuehlschrank-polarys\\\/#breadcrumb\",\"itemListElement\":[{\"@type\":\"ListItem\",\"position\":1,\"name\":\"Accueil\",\"item\":\"https:\\\/\\\/shop.bantam.ch\\\/de\\\/\"},{\"@type\":\"ListItem\",\"position\":2,\"name\":\"Shop\",\"item\":\"https:\\\/\\\/shop.bantam.ch\\\/de\\\/shop\\\/\"},{\"@type\":\"ListItem\",\"position\":3,\"name\":\"Mini K\u00fchlschrank Polarys\"}]},{\"@type\":\"WebSite\",\"@id\":\"https:\\\/\\\/shop.bantam.ch\\\/de\\\/#website\",\"url\":\"https:\\\/\\\/shop.bantam.ch\\\/de\\\/\",\"name\":\"Bantam\",\"description\":\"\",\"publisher\":{\"@id\":\"https:\\\/\\\/shop.bantam.ch\\\/de\\\/#organization\"},\"inLanguage\":\"de\"},{\"@type\":\"Organization\",\"@id\":\"https:\\\/\\\/shop.bantam.ch\\\/de\\\/#organization\",\"name\":\"Bantam\",\"url\":\"https:\\\/\\\/shop.bantam.ch\\\/de\\\/\",\"logo\":{\"@type\":\"ImageObject\",\"inLanguage\":\"de\",\"@id\":\"https:\\\/\\\/shop.bantam.ch\\\/de\\\/#\\\/schema\\\/logo\\\/image\\\/\",\"url\":\"https:\\\/\\\/shop.bantam.ch\\\/wp-content\\\/uploads\\\/2022\\\/12\\\/bantam-logo.png\",\"contentUrl\":\"https:\\\/\\\/shop.bantam.ch\\\/wp-content\\\/uploads\\\/2022\\\/12\\\/bantam-logo.png\",\"width\":320,\"height\":71,\"caption\":\"Bantam\"},\"image\":{\"@id\":\"https:\\\/\\\/shop.bantam.ch\\\/de\\\/#\\\/schema\\\/logo\\\/image\\\/\"}}]}<\/script>\n<!-- \/ Yoast SEO plugin. -->","yoast_head_json":{"title":"Mini K\u00fchlschrank Polarys - Bantam","robots":{"index":"index","follow":"follow","max-snippet":"max-snippet:-1","max-image-preview":"max-image-preview:large","max-video-preview":"max-video-preview:-1"},"canonical":"https:\/\/shop.bantam.ch\/de\/produkt\/mini-kuehlschrank-polarys\/","og_locale":"de_DE","og_type":"article","og_title":"Mini K\u00fchlschrank Polarys - Bantam","og_description":"Der kompakte Mini-K\u00fchlschrank Polarys Home ist die ideale L\u00f6sung f\u00fcr kleine R\u00e4ume,wie Vorzelte, Mobilheime oder Ferienh\u00e4user. Er hat ein Fassungsverm\u00f6gen von 42 Litern und bietet Platz f\u00fcr alle wichtigen Lebensmittel und Getr\u00e4nke. Das integrierte Kaltlagerfach mit 4 Litern Fassungsverm\u00f6gen ist ideal f\u00fcr die kurzzeitige Aufbewahrung von frischem Fleisch und Fisch. Die T\u00fcrablage bietet Platz f\u00fcr [&hellip;]","og_url":"https:\/\/shop.bantam.ch\/de\/produkt\/mini-kuehlschrank-polarys\/","og_site_name":"Bantam","article_modified_time":"2026-05-08T21:20:40+00:00","twitter_card":"summary_large_image","twitter_misc":{"Gesch\u00e4tzte Lesezeit":"1\u00a0Minute"},"schema":{"@context":"https:\/\/schema.org","@graph":[{"@type":"WebPage","@id":"https:\/\/shop.bantam.ch\/de\/produkt\/mini-kuehlschrank-polarys\/","url":"https:\/\/shop.bantam.ch\/de\/produkt\/mini-kuehlschrank-polarys\/","name":"Mini K\u00fchlschrank Polarys - Bantam","isPartOf":{"@id":"https:\/\/shop.bantam.ch\/de\/#website"},"primaryImageOfPage":{"@id":"https:\/\/shop.bantam.ch\/de\/produkt\/mini-kuehlschrank-polarys\/#primaryimage"},"image":{"@id":"https:\/\/shop.bantam.ch\/de\/produkt\/mini-kuehlschrank-polarys\/#primaryimage"},"thumbnailUrl":"https:\/\/shop.bantam.ch\/wp-content\/uploads\/2025\/03\/Movera-L-9947733100.jpg","datePublished":"2025-03-14T13:28:24+00:00","dateModified":"2026-05-08T21:20:40+00:00","breadcrumb":{"@id":"https:\/\/shop.bantam.ch\/de\/produkt\/mini-kuehlschrank-polarys\/#breadcrumb"},"inLanguage":"de","potentialAction":[{"@type":"ReadAction","target":["https:\/\/shop.bantam.ch\/de\/produkt\/mini-kuehlschrank-polarys\/"]}]},{"@type":"ImageObject","inLanguage":"de","@id":"https:\/\/shop.bantam.ch\/de\/produkt\/mini-kuehlschrank-polarys\/#primaryimage","url":"https:\/\/shop.bantam.ch\/wp-content\/uploads\/2025\/03\/Movera-L-9947733100.jpg","contentUrl":"https:\/\/shop.bantam.ch\/wp-content\/uploads\/2025\/03\/Movera-L-9947733100.jpg","width":640,"height":563},{"@type":"BreadcrumbList","@id":"https:\/\/shop.bantam.ch\/de\/produkt\/mini-kuehlschrank-polarys\/#breadcrumb","itemListElement":[{"@type":"ListItem","position":1,"name":"Accueil","item":"https:\/\/shop.bantam.ch\/de\/"},{"@type":"ListItem","position":2,"name":"Shop","item":"https:\/\/shop.bantam.ch\/de\/shop\/"},{"@type":"ListItem","position":3,"name":"Mini K\u00fchlschrank Polarys"}]},{"@type":"WebSite","@id":"https:\/\/shop.bantam.ch\/de\/#website","url":"https:\/\/shop.bantam.ch\/de\/","name":"Bantam","description":"","publisher":{"@id":"https:\/\/shop.bantam.ch\/de\/#organization"},"inLanguage":"de"},{"@type":"Organization","@id":"https:\/\/shop.bantam.ch\/de\/#organization","name":"Bantam","url":"https:\/\/shop.bantam.ch\/de\/","logo":{"@type":"ImageObject","inLanguage":"de","@id":"https:\/\/shop.bantam.ch\/de\/#\/schema\/logo\/image\/","url":"https:\/\/shop.bantam.ch\/wp-content\/uploads\/2022\/12\/bantam-logo.png","contentUrl":"https:\/\/shop.bantam.ch\/wp-content\/uploads\/2022\/12\/bantam-logo.png","width":320,"height":71,"caption":"Bantam"},"image":{"@id":"https:\/\/shop.bantam.ch\/de\/#\/schema\/logo\/image\/"}}]}},"_links":{"self":[{"href":"https:\/\/shop.bantam.ch\/de\/wp-json\/wp\/v2\/product\/211112","targetHints":{"allow":["GET"]}}],"collection":[{"href":"https:\/\/shop.bantam.ch\/de\/wp-json\/wp\/v2\/product"}],"about":[{"href":"https:\/\/shop.bantam.ch\/de\/wp-json\/wp\/v2\/types\/product"}],"wp:featuredmedia":[{"embeddable":true,"href":"https:\/\/shop.bantam.ch\/de\/wp-json\/wp\/v2\/media\/211108"}],"wp:attachment":[{"href":"https:\/\/shop.bantam.ch\/de\/wp-json\/wp\/v2\/media?parent=211112"}],"wp:term":[{"taxonomy":"product_featured_cat","embeddable":true,"href":"https:\/\/shop.bantam.ch\/de\/wp-json\/wp\/v2\/product_featured_cat?post=211112"},{"taxonomy":"product_brand","embeddable":true,"href":"https:\/\/shop.bantam.ch\/de\/wp-json\/wp\/v2\/product_brand?post=211112"},{"taxonomy":"product_cat","embeddable":true,"href":"https:\/\/shop.bantam.ch\/de\/wp-json\/wp\/v2\/product_cat?post=211112"},{"taxonomy":"product_tag","embeddable":true,"href":"https:\/\/shop.bantam.ch\/de\/wp-json\/wp\/v2\/product_tag?post=211112"}],"curies":[{"name":"wp","href":"https:\/\/api.w.org\/{rel}","templated":true}]}}