{"id":211091,"date":"2025-03-14T14:27:45","date_gmt":"2025-03-14T13:27:45","guid":{"rendered":"https:\/\/shop.bantam.ch\/produit\/batterie-bulltron-polar\/"},"modified":"2026-04-19T01:41:13","modified_gmt":"2026-04-18T23:41:13","slug":"batterie-bulltron-polar","status":"publish","type":"product","link":"https:\/\/shop.bantam.ch\/de\/produkt\/batterie-bulltron-polar\/","title":{"rendered":"Batterie BullTron Polar"},"content":{"rendered":"<p>Optimaler Bleibatterie-Ersatz mit bis zu 10-facher Lebensdauer<br \/>\nBullTron LifePO4 Batterien sind ein optimaler Bleibatterie-Ersatz mit allen Vorteilen von Lithium-Eisenphosphat-Batterien.<br \/>\nSie bieten eine Gewichtsreduzierung bis zu 80%, hohe Energiereserven und stabile Spannung auch bei extremen Belastungen.<br \/>\nDie Batterien wurden speziell daf\u00fcr entwickelt, ein optimales Verh\u00e4ltnis aus Gr\u00f6\u00dfe, Gewicht, Leistung und Lebensdauer zu erreichen.<br \/>\nEine extrem lange Lebensdauer ist auch bei regelm\u00e4\u00dfig tiefer Entladung (4000 Zyklen bei 100% DOD\/Entladungstiefe oder<br \/>\n7000 Zyklen bei 80% DOD\/Entladungstiefe), dank neuster<br \/>\nLithium-Technologie garantiert und macht die BullTron\u00ae Batterien zur optimalen Versorgungsbatterie.<\/p>\n<ul>\n<li>Parallelschaltung ist m\u00f6glich (Erh\u00f6hung der Kapazit\u00e4t)<\/li>\n<li>Reihenschaltung 24V, 36V, 48V ist auch m\u00f6glich<\/li>\n<\/ul>\n<p>Vorteile von BullTron Batterien<\/p>\n<ul>\n<li>Konfektionierung &amp; Montage in Deutschland<\/li>\n<li>5 Jahre deutsche Herstellergarantie<\/li>\n<li>Service, Wartung und Reparatur in Deutschland (innerhalb 1 Tag)<\/li>\n<li>verschraubtes Geh\u00e4use (kann ge\u00f6ffnet werden)<\/li>\n<li>Kabel und elektronische Komponenten auswechselbar (geschraubt)<\/li>\n<li>Verwendung hochwertiger &amp; langlebiger Komponenten<\/li>\n<li>bis 75% h\u00f6here Zyklen-Lebensdauer als andere LiFePO4 Batterien<\/li>\n<li>bis 45% kleiner und bis 35% leichter als andere LiFePO4 Batterien<\/li>\n<li>Batterie-Gr\u00f6\u00dfen bis 540Ah f\u00fcr die Untersitzmontage geeignet<\/li>\n<li>Automatische Abschaltung der Batterie bei Kurzschluss<\/li>\n<\/ul>\n<p>Sicherste Lithium-Technologie (LiFePO4)<br \/>\nBullTron Batterien verwenden die Lithium-Eisenphosphat-Technologie (LiFePO4), die derzeit sicherste Lithium-Technologie am Markt. Alle Batterien bestehen aus leistungsf\u00e4higen und sehr langlebigen (LiFePo4) Zellen und einem integrierten Batterie-Management-System (BMS). Das BMS sch\u00fctzt permanent die einzelnen Zellen sowie die gesamte Batterie vor \u00dcber-\/Unterspannung, \u00dcber-\/Untertemperatur, \u00dcberlastung und Kurzschluss (automatische Abschaltung ohne Schaden).<br \/>\nEin vorzeitiger Ausfall der Batterie durch \u00e4u\u00dfere Einfl\u00fcsse oder falschen Gebrauch wird durch das BMS effektiv verhindert.<\/p>\n","protected":false},"excerpt":{"rendered":"<p>Optimaler Bleibatterie-Ersatz mit bis zu 10-facher Lebensdauer BullTron LifePO4 Batterien sind ein optimaler Bleibatterie-Ersatz mit allen Vorteilen von Lithium-Eisenphosphat-Batterien. Sie bieten eine Gewichtsreduzierung bis zu 80%, hohe Energiereserven und stabile Spannung auch bei extremen Belastungen. Die Batterien wurden speziell daf\u00fcr entwickelt, ein optimales Verh\u00e4ltnis aus Gr\u00f6\u00dfe, Gewicht, Leistung und Lebensdauer zu erreichen. Eine extrem lange [&hellip;]<\/p>\n","protected":false},"featured_media":211078,"template":"","meta":{"_acf_changed":false},"product_featured_cat":[],"product_brand":[],"product_cat":[4188],"product_tag":[],"class_list":{"0":"post-211091","1":"product","2":"type-product","3":"status-publish","4":"has-post-thumbnail","6":"product_cat-batterien","8":"first","9":"instock","10":"taxable","11":"shipping-taxable","12":"purchasable","13":"product-type-variable"},"acf":[],"yoast_head":"<!-- This site is optimized with the Yoast SEO plugin v27.4 - https:\/\/yoast.com\/product\/yoast-seo-wordpress\/ -->\n<title>Batterie BullTron Polar - Bantam Camping AG<\/title>\n<meta name=\"robots\" content=\"index, follow, max-snippet:-1, max-image-preview:large, max-video-preview:-1\" \/>\n<link rel=\"canonical\" href=\"https:\/\/shop.bantam.ch\/de\/produkt\/batterie-bulltron-polar\/\" \/>\n<meta property=\"og:locale\" content=\"de_DE\" \/>\n<meta property=\"og:type\" content=\"article\" \/>\n<meta property=\"og:title\" content=\"Batterie BullTron Polar - Bantam Camping AG\" \/>\n<meta property=\"og:description\" content=\"Optimaler Bleibatterie-Ersatz mit bis zu 10-facher Lebensdauer BullTron LifePO4 Batterien sind ein optimaler Bleibatterie-Ersatz mit allen Vorteilen von Lithium-Eisenphosphat-Batterien. Sie bieten eine Gewichtsreduzierung bis zu 80%, hohe Energiereserven und stabile Spannung auch bei extremen Belastungen. Die Batterien wurden speziell daf\u00fcr entwickelt, ein optimales Verh\u00e4ltnis aus Gr\u00f6\u00dfe, Gewicht, Leistung und Lebensdauer zu erreichen. Eine extrem lange [&hellip;]\" \/>\n<meta property=\"og:url\" content=\"https:\/\/shop.bantam.ch\/de\/produkt\/batterie-bulltron-polar\/\" \/>\n<meta property=\"og:site_name\" content=\"Bantam Camping AG\" \/>\n<meta property=\"article:modified_time\" content=\"2026-04-18T23:41:13+00:00\" \/>\n<meta name=\"twitter:card\" content=\"summary_large_image\" \/>\n<meta name=\"twitter:label1\" content=\"Gesch\u00e4tzte Lesezeit\" \/>\n\t<meta name=\"twitter:data1\" content=\"1\u00a0Minute\" \/>\n<script type=\"application\/ld+json\" class=\"yoast-schema-graph\">{\"@context\":\"https:\\\/\\\/schema.org\",\"@graph\":[{\"@type\":\"WebPage\",\"@id\":\"https:\\\/\\\/shop.bantam.ch\\\/de\\\/produkt\\\/batterie-bulltron-polar\\\/\",\"url\":\"https:\\\/\\\/shop.bantam.ch\\\/de\\\/produkt\\\/batterie-bulltron-polar\\\/\",\"name\":\"Batterie BullTron Polar - Bantam Camping AG\",\"isPartOf\":{\"@id\":\"https:\\\/\\\/shop.bantam.ch\\\/de\\\/#website\"},\"primaryImageOfPage\":{\"@id\":\"https:\\\/\\\/shop.bantam.ch\\\/de\\\/produkt\\\/batterie-bulltron-polar\\\/#primaryimage\"},\"image\":{\"@id\":\"https:\\\/\\\/shop.bantam.ch\\\/de\\\/produkt\\\/batterie-bulltron-polar\\\/#primaryimage\"},\"thumbnailUrl\":\"https:\\\/\\\/shop.bantam.ch\\\/wp-content\\\/uploads\\\/2025\\\/03\\\/Movera-L-9947604100.png\",\"datePublished\":\"2025-03-14T13:27:45+00:00\",\"dateModified\":\"2026-04-18T23:41:13+00:00\",\"breadcrumb\":{\"@id\":\"https:\\\/\\\/shop.bantam.ch\\\/de\\\/produkt\\\/batterie-bulltron-polar\\\/#breadcrumb\"},\"inLanguage\":\"de\",\"potentialAction\":[{\"@type\":\"ReadAction\",\"target\":[\"https:\\\/\\\/shop.bantam.ch\\\/de\\\/produkt\\\/batterie-bulltron-polar\\\/\"]}]},{\"@type\":\"ImageObject\",\"inLanguage\":\"de\",\"@id\":\"https:\\\/\\\/shop.bantam.ch\\\/de\\\/produkt\\\/batterie-bulltron-polar\\\/#primaryimage\",\"url\":\"https:\\\/\\\/shop.bantam.ch\\\/wp-content\\\/uploads\\\/2025\\\/03\\\/Movera-L-9947604100.png\",\"contentUrl\":\"https:\\\/\\\/shop.bantam.ch\\\/wp-content\\\/uploads\\\/2025\\\/03\\\/Movera-L-9947604100.png\",\"width\":640,\"height\":399},{\"@type\":\"BreadcrumbList\",\"@id\":\"https:\\\/\\\/shop.bantam.ch\\\/de\\\/produkt\\\/batterie-bulltron-polar\\\/#breadcrumb\",\"itemListElement\":[{\"@type\":\"ListItem\",\"position\":1,\"name\":\"Accueil\",\"item\":\"https:\\\/\\\/shop.bantam.ch\\\/de\\\/\"},{\"@type\":\"ListItem\",\"position\":2,\"name\":\"Shop\",\"item\":\"https:\\\/\\\/shop.bantam.ch\\\/de\\\/shop\\\/\"},{\"@type\":\"ListItem\",\"position\":3,\"name\":\"Batterie BullTron Polar\"}]},{\"@type\":\"WebSite\",\"@id\":\"https:\\\/\\\/shop.bantam.ch\\\/de\\\/#website\",\"url\":\"https:\\\/\\\/shop.bantam.ch\\\/de\\\/\",\"name\":\"Bantam Camping AG\",\"description\":\"\",\"publisher\":{\"@id\":\"https:\\\/\\\/shop.bantam.ch\\\/de\\\/#organization\"},\"inLanguage\":\"de\"},{\"@type\":\"Organization\",\"@id\":\"https:\\\/\\\/shop.bantam.ch\\\/de\\\/#organization\",\"name\":\"Bantam Camping AG\",\"url\":\"https:\\\/\\\/shop.bantam.ch\\\/de\\\/\",\"logo\":{\"@type\":\"ImageObject\",\"inLanguage\":\"de\",\"@id\":\"https:\\\/\\\/shop.bantam.ch\\\/de\\\/#\\\/schema\\\/logo\\\/image\\\/\",\"url\":\"https:\\\/\\\/shop.bantam.ch\\\/wp-content\\\/uploads\\\/2022\\\/12\\\/bantam-logo.png\",\"contentUrl\":\"https:\\\/\\\/shop.bantam.ch\\\/wp-content\\\/uploads\\\/2022\\\/12\\\/bantam-logo.png\",\"width\":320,\"height\":71,\"caption\":\"Bantam Camping AG\"},\"image\":{\"@id\":\"https:\\\/\\\/shop.bantam.ch\\\/de\\\/#\\\/schema\\\/logo\\\/image\\\/\"}}]}<\/script>\n<!-- \/ Yoast SEO plugin. -->","yoast_head_json":{"title":"Batterie BullTron Polar - Bantam Camping AG","robots":{"index":"index","follow":"follow","max-snippet":"max-snippet:-1","max-image-preview":"max-image-preview:large","max-video-preview":"max-video-preview:-1"},"canonical":"https:\/\/shop.bantam.ch\/de\/produkt\/batterie-bulltron-polar\/","og_locale":"de_DE","og_type":"article","og_title":"Batterie BullTron Polar - Bantam Camping AG","og_description":"Optimaler Bleibatterie-Ersatz mit bis zu 10-facher Lebensdauer BullTron LifePO4 Batterien sind ein optimaler Bleibatterie-Ersatz mit allen Vorteilen von Lithium-Eisenphosphat-Batterien. Sie bieten eine Gewichtsreduzierung bis zu 80%, hohe Energiereserven und stabile Spannung auch bei extremen Belastungen. Die Batterien wurden speziell daf\u00fcr entwickelt, ein optimales Verh\u00e4ltnis aus Gr\u00f6\u00dfe, Gewicht, Leistung und Lebensdauer zu erreichen. Eine extrem lange [&hellip;]","og_url":"https:\/\/shop.bantam.ch\/de\/produkt\/batterie-bulltron-polar\/","og_site_name":"Bantam Camping AG","article_modified_time":"2026-04-18T23:41:13+00:00","twitter_card":"summary_large_image","twitter_misc":{"Gesch\u00e4tzte Lesezeit":"1\u00a0Minute"},"schema":{"@context":"https:\/\/schema.org","@graph":[{"@type":"WebPage","@id":"https:\/\/shop.bantam.ch\/de\/produkt\/batterie-bulltron-polar\/","url":"https:\/\/shop.bantam.ch\/de\/produkt\/batterie-bulltron-polar\/","name":"Batterie BullTron Polar - Bantam Camping AG","isPartOf":{"@id":"https:\/\/shop.bantam.ch\/de\/#website"},"primaryImageOfPage":{"@id":"https:\/\/shop.bantam.ch\/de\/produkt\/batterie-bulltron-polar\/#primaryimage"},"image":{"@id":"https:\/\/shop.bantam.ch\/de\/produkt\/batterie-bulltron-polar\/#primaryimage"},"thumbnailUrl":"https:\/\/shop.bantam.ch\/wp-content\/uploads\/2025\/03\/Movera-L-9947604100.png","datePublished":"2025-03-14T13:27:45+00:00","dateModified":"2026-04-18T23:41:13+00:00","breadcrumb":{"@id":"https:\/\/shop.bantam.ch\/de\/produkt\/batterie-bulltron-polar\/#breadcrumb"},"inLanguage":"de","potentialAction":[{"@type":"ReadAction","target":["https:\/\/shop.bantam.ch\/de\/produkt\/batterie-bulltron-polar\/"]}]},{"@type":"ImageObject","inLanguage":"de","@id":"https:\/\/shop.bantam.ch\/de\/produkt\/batterie-bulltron-polar\/#primaryimage","url":"https:\/\/shop.bantam.ch\/wp-content\/uploads\/2025\/03\/Movera-L-9947604100.png","contentUrl":"https:\/\/shop.bantam.ch\/wp-content\/uploads\/2025\/03\/Movera-L-9947604100.png","width":640,"height":399},{"@type":"BreadcrumbList","@id":"https:\/\/shop.bantam.ch\/de\/produkt\/batterie-bulltron-polar\/#breadcrumb","itemListElement":[{"@type":"ListItem","position":1,"name":"Accueil","item":"https:\/\/shop.bantam.ch\/de\/"},{"@type":"ListItem","position":2,"name":"Shop","item":"https:\/\/shop.bantam.ch\/de\/shop\/"},{"@type":"ListItem","position":3,"name":"Batterie BullTron Polar"}]},{"@type":"WebSite","@id":"https:\/\/shop.bantam.ch\/de\/#website","url":"https:\/\/shop.bantam.ch\/de\/","name":"Bantam Camping AG","description":"","publisher":{"@id":"https:\/\/shop.bantam.ch\/de\/#organization"},"inLanguage":"de"},{"@type":"Organization","@id":"https:\/\/shop.bantam.ch\/de\/#organization","name":"Bantam Camping AG","url":"https:\/\/shop.bantam.ch\/de\/","logo":{"@type":"ImageObject","inLanguage":"de","@id":"https:\/\/shop.bantam.ch\/de\/#\/schema\/logo\/image\/","url":"https:\/\/shop.bantam.ch\/wp-content\/uploads\/2022\/12\/bantam-logo.png","contentUrl":"https:\/\/shop.bantam.ch\/wp-content\/uploads\/2022\/12\/bantam-logo.png","width":320,"height":71,"caption":"Bantam Camping AG"},"image":{"@id":"https:\/\/shop.bantam.ch\/de\/#\/schema\/logo\/image\/"}}]}},"_links":{"self":[{"href":"https:\/\/shop.bantam.ch\/de\/wp-json\/wp\/v2\/product\/211091","targetHints":{"allow":["GET"]}}],"collection":[{"href":"https:\/\/shop.bantam.ch\/de\/wp-json\/wp\/v2\/product"}],"about":[{"href":"https:\/\/shop.bantam.ch\/de\/wp-json\/wp\/v2\/types\/product"}],"wp:featuredmedia":[{"embeddable":true,"href":"https:\/\/shop.bantam.ch\/de\/wp-json\/wp\/v2\/media\/211078"}],"wp:attachment":[{"href":"https:\/\/shop.bantam.ch\/de\/wp-json\/wp\/v2\/media?parent=211091"}],"wp:term":[{"taxonomy":"product_featured_cat","embeddable":true,"href":"https:\/\/shop.bantam.ch\/de\/wp-json\/wp\/v2\/product_featured_cat?post=211091"},{"taxonomy":"product_brand","embeddable":true,"href":"https:\/\/shop.bantam.ch\/de\/wp-json\/wp\/v2\/product_brand?post=211091"},{"taxonomy":"product_cat","embeddable":true,"href":"https:\/\/shop.bantam.ch\/de\/wp-json\/wp\/v2\/product_cat?post=211091"},{"taxonomy":"product_tag","embeddable":true,"href":"https:\/\/shop.bantam.ch\/de\/wp-json\/wp\/v2\/product_tag?post=211091"}],"curies":[{"name":"wp","href":"https:\/\/api.w.org\/{rel}","templated":true}]}}