{"id":211070,"date":"2025-03-14T14:27:28","date_gmt":"2025-03-14T13:27:28","guid":{"rendered":"https:\/\/shop.bantam.ch\/produit\/frischluefter-seitenfenster-hkg-frischluefter-rechts-links-passend-fuer-renault-mercedes-benz-t-klasse-citan-nissan\/"},"modified":"2026-04-21T23:24:23","modified_gmt":"2026-04-21T21:24:23","slug":"frischluefter-seitenfenster-hkg-frischluefter-rechts-links-passend-fuer-renault-mercedes-benz-t-klasse-citan-nissan","status":"publish","type":"product","link":"https:\/\/shop.bantam.ch\/de\/produkt\/frischluefter-seitenfenster-hkg-frischluefter-rechts-links-passend-fuer-renault-mercedes-benz-t-klasse-citan-nissan\/","title":{"rendered":"Frischl\u00fcfter Seitenfenster HKG Frischl\u00fcfter rechts\/links passend f\u00fcr Renault\/Mercedes- Benz T-Klasse\/Citan Nissan"},"content":{"rendered":"<p>F\u00fcr alle Fahrzeugbesitzer, die problemlos und sicher ihren Gel\u00e4ndewagen, SUV oder Small Van mit Frischluft versorgen m\u00f6chten. Zum Beispiel um einen Hund f\u00fcr kurze Zeit im Fahrzeug alleinlassen zu<br \/>\nk\u00f6nnen, und dies nicht nur im Sommer.<\/p>\n<p>Problemlos, da umst\u00e4ndliche Montagearbeiten oder l\u00e4stige T\u00dcV-Pr\u00fcfungen nicht notwendig sind. Bei Bedarf senken Sie die Fensterscheibe ab, setzen dabei den Frischl\u00fcfter diagonal in die Fensterf\u00fchrung ein und fahren das Fenster wieder hoch. Fertig!<\/p>\n<p>Sicher, denn die Frischl\u00fcfter sind stabil. Ein unbefugtes \u00d6ffnen der Fahrzeugt\u00fcren ist nur mit erheblichem Kraftaufwand m\u00f6glich, was dem gewaltsamen Aufhebeln oder Zerschlagen des Fensters<br \/>\ngleichk\u00e4me.<\/p>\n<p>Hochwertig, denn sie bestehen aus stabilem Aluminium, in der Struktur-Beschichtung schwarz. Somit sind die Frischl\u00fcfter weitgehend unempfindlich gegen Kratzer. M\u00fccken haben keinen Zutritt, da die Frischl\u00fcfter mit einem feinen Moskitonetz versehen sind.<\/p>\n<p>Typenerg<\/p>\n","protected":false},"excerpt":{"rendered":"<p>F\u00fcr alle Fahrzeugbesitzer, die problemlos und sicher ihren Gel\u00e4ndewagen, SUV oder Small Van mit Frischluft versorgen m\u00f6chten. Zum Beispiel um einen Hund f\u00fcr kurze Zeit im Fahrzeug alleinlassen zu k\u00f6nnen, und dies nicht nur im Sommer. Problemlos, da umst\u00e4ndliche Montagearbeiten oder l\u00e4stige T\u00dcV-Pr\u00fcfungen nicht notwendig sind. Bei Bedarf senken Sie die Fensterscheibe ab, setzen dabei [&hellip;]<\/p>\n","protected":false},"featured_media":211068,"template":"","meta":{"_acf_changed":false},"product_featured_cat":[],"product_brand":[],"product_cat":[4138],"product_tag":[],"class_list":{"0":"post-211070","1":"product","2":"type-product","3":"status-publish","4":"has-post-thumbnail","6":"product_cat-windabweiser-lueftungsgitter","8":"first","9":"instock","10":"taxable","11":"shipping-taxable","12":"purchasable","13":"product-type-simple"},"acf":[],"yoast_head":"<!-- This site is optimized with the Yoast SEO plugin v27.4 - https:\/\/yoast.com\/product\/yoast-seo-wordpress\/ -->\n<title>Frischl\u00fcfter Seitenfenster HKG Frischl\u00fcfter rechts\/links passend f\u00fcr Renault\/Mercedes- Benz T-Klasse\/Citan Nissan - Bantam Camping AG<\/title>\n<meta name=\"robots\" content=\"index, follow, max-snippet:-1, max-image-preview:large, max-video-preview:-1\" \/>\n<link rel=\"canonical\" href=\"https:\/\/shop.bantam.ch\/de\/produkt\/frischluefter-seitenfenster-hkg-frischluefter-rechts-links-passend-fuer-renault-mercedes-benz-t-klasse-citan-nissan\/\" \/>\n<meta property=\"og:locale\" content=\"de_DE\" \/>\n<meta property=\"og:type\" content=\"article\" \/>\n<meta property=\"og:title\" content=\"Frischl\u00fcfter Seitenfenster HKG Frischl\u00fcfter rechts\/links passend f\u00fcr Renault\/Mercedes- Benz T-Klasse\/Citan Nissan - Bantam Camping AG\" \/>\n<meta property=\"og:description\" content=\"F\u00fcr alle Fahrzeugbesitzer, die problemlos und sicher ihren Gel\u00e4ndewagen, SUV oder Small Van mit Frischluft versorgen m\u00f6chten. Zum Beispiel um einen Hund f\u00fcr kurze Zeit im Fahrzeug alleinlassen zu k\u00f6nnen, und dies nicht nur im Sommer. Problemlos, da umst\u00e4ndliche Montagearbeiten oder l\u00e4stige T\u00dcV-Pr\u00fcfungen nicht notwendig sind. Bei Bedarf senken Sie die Fensterscheibe ab, setzen dabei [&hellip;]\" \/>\n<meta property=\"og:url\" content=\"https:\/\/shop.bantam.ch\/de\/produkt\/frischluefter-seitenfenster-hkg-frischluefter-rechts-links-passend-fuer-renault-mercedes-benz-t-klasse-citan-nissan\/\" \/>\n<meta property=\"og:site_name\" content=\"Bantam Camping AG\" \/>\n<meta property=\"article:modified_time\" content=\"2026-04-21T21:24:23+00:00\" \/>\n<meta name=\"twitter:card\" content=\"summary_large_image\" \/>\n<meta name=\"twitter:label1\" content=\"Gesch\u00e4tzte Lesezeit\" \/>\n\t<meta name=\"twitter:data1\" content=\"1\u00a0Minute\" \/>\n<script type=\"application\/ld+json\" class=\"yoast-schema-graph\">{\"@context\":\"https:\\\/\\\/schema.org\",\"@graph\":[{\"@type\":\"WebPage\",\"@id\":\"https:\\\/\\\/shop.bantam.ch\\\/de\\\/produkt\\\/frischluefter-seitenfenster-hkg-frischluefter-rechts-links-passend-fuer-renault-mercedes-benz-t-klasse-citan-nissan\\\/\",\"url\":\"https:\\\/\\\/shop.bantam.ch\\\/de\\\/produkt\\\/frischluefter-seitenfenster-hkg-frischluefter-rechts-links-passend-fuer-renault-mercedes-benz-t-klasse-citan-nissan\\\/\",\"name\":\"Frischl\u00fcfter Seitenfenster HKG Frischl\u00fcfter rechts\\\/links passend f\u00fcr Renault\\\/Mercedes- Benz T-Klasse\\\/Citan Nissan - Bantam Camping AG\",\"isPartOf\":{\"@id\":\"https:\\\/\\\/shop.bantam.ch\\\/de\\\/#website\"},\"primaryImageOfPage\":{\"@id\":\"https:\\\/\\\/shop.bantam.ch\\\/de\\\/produkt\\\/frischluefter-seitenfenster-hkg-frischluefter-rechts-links-passend-fuer-renault-mercedes-benz-t-klasse-citan-nissan\\\/#primaryimage\"},\"image\":{\"@id\":\"https:\\\/\\\/shop.bantam.ch\\\/de\\\/produkt\\\/frischluefter-seitenfenster-hkg-frischluefter-rechts-links-passend-fuer-renault-mercedes-benz-t-klasse-citan-nissan\\\/#primaryimage\"},\"thumbnailUrl\":\"https:\\\/\\\/shop.bantam.ch\\\/wp-content\\\/uploads\\\/2025\\\/03\\\/Movera-L-9949394100.jpg\",\"datePublished\":\"2025-03-14T13:27:28+00:00\",\"dateModified\":\"2026-04-21T21:24:23+00:00\",\"breadcrumb\":{\"@id\":\"https:\\\/\\\/shop.bantam.ch\\\/de\\\/produkt\\\/frischluefter-seitenfenster-hkg-frischluefter-rechts-links-passend-fuer-renault-mercedes-benz-t-klasse-citan-nissan\\\/#breadcrumb\"},\"inLanguage\":\"de\",\"potentialAction\":[{\"@type\":\"ReadAction\",\"target\":[\"https:\\\/\\\/shop.bantam.ch\\\/de\\\/produkt\\\/frischluefter-seitenfenster-hkg-frischluefter-rechts-links-passend-fuer-renault-mercedes-benz-t-klasse-citan-nissan\\\/\"]}]},{\"@type\":\"ImageObject\",\"inLanguage\":\"de\",\"@id\":\"https:\\\/\\\/shop.bantam.ch\\\/de\\\/produkt\\\/frischluefter-seitenfenster-hkg-frischluefter-rechts-links-passend-fuer-renault-mercedes-benz-t-klasse-citan-nissan\\\/#primaryimage\",\"url\":\"https:\\\/\\\/shop.bantam.ch\\\/wp-content\\\/uploads\\\/2025\\\/03\\\/Movera-L-9949394100.jpg\",\"contentUrl\":\"https:\\\/\\\/shop.bantam.ch\\\/wp-content\\\/uploads\\\/2025\\\/03\\\/Movera-L-9949394100.jpg\",\"width\":640,\"height\":480},{\"@type\":\"BreadcrumbList\",\"@id\":\"https:\\\/\\\/shop.bantam.ch\\\/de\\\/produkt\\\/frischluefter-seitenfenster-hkg-frischluefter-rechts-links-passend-fuer-renault-mercedes-benz-t-klasse-citan-nissan\\\/#breadcrumb\",\"itemListElement\":[{\"@type\":\"ListItem\",\"position\":1,\"name\":\"Accueil\",\"item\":\"https:\\\/\\\/shop.bantam.ch\\\/de\\\/\"},{\"@type\":\"ListItem\",\"position\":2,\"name\":\"Shop\",\"item\":\"https:\\\/\\\/shop.bantam.ch\\\/de\\\/shop\\\/\"},{\"@type\":\"ListItem\",\"position\":3,\"name\":\"Frischl\u00fcfter Seitenfenster HKG Frischl\u00fcfter rechts\\\/links passend f\u00fcr Renault\\\/Mercedes- Benz T-Klasse\\\/Citan Nissan\"}]},{\"@type\":\"WebSite\",\"@id\":\"https:\\\/\\\/shop.bantam.ch\\\/de\\\/#website\",\"url\":\"https:\\\/\\\/shop.bantam.ch\\\/de\\\/\",\"name\":\"Bantam Camping AG\",\"description\":\"\",\"publisher\":{\"@id\":\"https:\\\/\\\/shop.bantam.ch\\\/de\\\/#organization\"},\"inLanguage\":\"de\"},{\"@type\":\"Organization\",\"@id\":\"https:\\\/\\\/shop.bantam.ch\\\/de\\\/#organization\",\"name\":\"Bantam Camping AG\",\"url\":\"https:\\\/\\\/shop.bantam.ch\\\/de\\\/\",\"logo\":{\"@type\":\"ImageObject\",\"inLanguage\":\"de\",\"@id\":\"https:\\\/\\\/shop.bantam.ch\\\/de\\\/#\\\/schema\\\/logo\\\/image\\\/\",\"url\":\"https:\\\/\\\/shop.bantam.ch\\\/wp-content\\\/uploads\\\/2022\\\/12\\\/bantam-logo.png\",\"contentUrl\":\"https:\\\/\\\/shop.bantam.ch\\\/wp-content\\\/uploads\\\/2022\\\/12\\\/bantam-logo.png\",\"width\":320,\"height\":71,\"caption\":\"Bantam Camping AG\"},\"image\":{\"@id\":\"https:\\\/\\\/shop.bantam.ch\\\/de\\\/#\\\/schema\\\/logo\\\/image\\\/\"}}]}<\/script>\n<!-- \/ Yoast SEO plugin. -->","yoast_head_json":{"title":"Frischl\u00fcfter Seitenfenster HKG Frischl\u00fcfter rechts\/links passend f\u00fcr Renault\/Mercedes- Benz T-Klasse\/Citan Nissan - Bantam Camping AG","robots":{"index":"index","follow":"follow","max-snippet":"max-snippet:-1","max-image-preview":"max-image-preview:large","max-video-preview":"max-video-preview:-1"},"canonical":"https:\/\/shop.bantam.ch\/de\/produkt\/frischluefter-seitenfenster-hkg-frischluefter-rechts-links-passend-fuer-renault-mercedes-benz-t-klasse-citan-nissan\/","og_locale":"de_DE","og_type":"article","og_title":"Frischl\u00fcfter Seitenfenster HKG Frischl\u00fcfter rechts\/links passend f\u00fcr Renault\/Mercedes- Benz T-Klasse\/Citan Nissan - Bantam Camping AG","og_description":"F\u00fcr alle Fahrzeugbesitzer, die problemlos und sicher ihren Gel\u00e4ndewagen, SUV oder Small Van mit Frischluft versorgen m\u00f6chten. Zum Beispiel um einen Hund f\u00fcr kurze Zeit im Fahrzeug alleinlassen zu k\u00f6nnen, und dies nicht nur im Sommer. Problemlos, da umst\u00e4ndliche Montagearbeiten oder l\u00e4stige T\u00dcV-Pr\u00fcfungen nicht notwendig sind. Bei Bedarf senken Sie die Fensterscheibe ab, setzen dabei [&hellip;]","og_url":"https:\/\/shop.bantam.ch\/de\/produkt\/frischluefter-seitenfenster-hkg-frischluefter-rechts-links-passend-fuer-renault-mercedes-benz-t-klasse-citan-nissan\/","og_site_name":"Bantam Camping AG","article_modified_time":"2026-04-21T21:24:23+00:00","twitter_card":"summary_large_image","twitter_misc":{"Gesch\u00e4tzte Lesezeit":"1\u00a0Minute"},"schema":{"@context":"https:\/\/schema.org","@graph":[{"@type":"WebPage","@id":"https:\/\/shop.bantam.ch\/de\/produkt\/frischluefter-seitenfenster-hkg-frischluefter-rechts-links-passend-fuer-renault-mercedes-benz-t-klasse-citan-nissan\/","url":"https:\/\/shop.bantam.ch\/de\/produkt\/frischluefter-seitenfenster-hkg-frischluefter-rechts-links-passend-fuer-renault-mercedes-benz-t-klasse-citan-nissan\/","name":"Frischl\u00fcfter Seitenfenster HKG Frischl\u00fcfter rechts\/links passend f\u00fcr Renault\/Mercedes- Benz T-Klasse\/Citan Nissan - Bantam Camping AG","isPartOf":{"@id":"https:\/\/shop.bantam.ch\/de\/#website"},"primaryImageOfPage":{"@id":"https:\/\/shop.bantam.ch\/de\/produkt\/frischluefter-seitenfenster-hkg-frischluefter-rechts-links-passend-fuer-renault-mercedes-benz-t-klasse-citan-nissan\/#primaryimage"},"image":{"@id":"https:\/\/shop.bantam.ch\/de\/produkt\/frischluefter-seitenfenster-hkg-frischluefter-rechts-links-passend-fuer-renault-mercedes-benz-t-klasse-citan-nissan\/#primaryimage"},"thumbnailUrl":"https:\/\/shop.bantam.ch\/wp-content\/uploads\/2025\/03\/Movera-L-9949394100.jpg","datePublished":"2025-03-14T13:27:28+00:00","dateModified":"2026-04-21T21:24:23+00:00","breadcrumb":{"@id":"https:\/\/shop.bantam.ch\/de\/produkt\/frischluefter-seitenfenster-hkg-frischluefter-rechts-links-passend-fuer-renault-mercedes-benz-t-klasse-citan-nissan\/#breadcrumb"},"inLanguage":"de","potentialAction":[{"@type":"ReadAction","target":["https:\/\/shop.bantam.ch\/de\/produkt\/frischluefter-seitenfenster-hkg-frischluefter-rechts-links-passend-fuer-renault-mercedes-benz-t-klasse-citan-nissan\/"]}]},{"@type":"ImageObject","inLanguage":"de","@id":"https:\/\/shop.bantam.ch\/de\/produkt\/frischluefter-seitenfenster-hkg-frischluefter-rechts-links-passend-fuer-renault-mercedes-benz-t-klasse-citan-nissan\/#primaryimage","url":"https:\/\/shop.bantam.ch\/wp-content\/uploads\/2025\/03\/Movera-L-9949394100.jpg","contentUrl":"https:\/\/shop.bantam.ch\/wp-content\/uploads\/2025\/03\/Movera-L-9949394100.jpg","width":640,"height":480},{"@type":"BreadcrumbList","@id":"https:\/\/shop.bantam.ch\/de\/produkt\/frischluefter-seitenfenster-hkg-frischluefter-rechts-links-passend-fuer-renault-mercedes-benz-t-klasse-citan-nissan\/#breadcrumb","itemListElement":[{"@type":"ListItem","position":1,"name":"Accueil","item":"https:\/\/shop.bantam.ch\/de\/"},{"@type":"ListItem","position":2,"name":"Shop","item":"https:\/\/shop.bantam.ch\/de\/shop\/"},{"@type":"ListItem","position":3,"name":"Frischl\u00fcfter Seitenfenster HKG Frischl\u00fcfter rechts\/links passend f\u00fcr Renault\/Mercedes- Benz T-Klasse\/Citan Nissan"}]},{"@type":"WebSite","@id":"https:\/\/shop.bantam.ch\/de\/#website","url":"https:\/\/shop.bantam.ch\/de\/","name":"Bantam Camping AG","description":"","publisher":{"@id":"https:\/\/shop.bantam.ch\/de\/#organization"},"inLanguage":"de"},{"@type":"Organization","@id":"https:\/\/shop.bantam.ch\/de\/#organization","name":"Bantam Camping AG","url":"https:\/\/shop.bantam.ch\/de\/","logo":{"@type":"ImageObject","inLanguage":"de","@id":"https:\/\/shop.bantam.ch\/de\/#\/schema\/logo\/image\/","url":"https:\/\/shop.bantam.ch\/wp-content\/uploads\/2022\/12\/bantam-logo.png","contentUrl":"https:\/\/shop.bantam.ch\/wp-content\/uploads\/2022\/12\/bantam-logo.png","width":320,"height":71,"caption":"Bantam Camping AG"},"image":{"@id":"https:\/\/shop.bantam.ch\/de\/#\/schema\/logo\/image\/"}}]}},"_links":{"self":[{"href":"https:\/\/shop.bantam.ch\/de\/wp-json\/wp\/v2\/product\/211070","targetHints":{"allow":["GET"]}}],"collection":[{"href":"https:\/\/shop.bantam.ch\/de\/wp-json\/wp\/v2\/product"}],"about":[{"href":"https:\/\/shop.bantam.ch\/de\/wp-json\/wp\/v2\/types\/product"}],"wp:featuredmedia":[{"embeddable":true,"href":"https:\/\/shop.bantam.ch\/de\/wp-json\/wp\/v2\/media\/211068"}],"wp:attachment":[{"href":"https:\/\/shop.bantam.ch\/de\/wp-json\/wp\/v2\/media?parent=211070"}],"wp:term":[{"taxonomy":"product_featured_cat","embeddable":true,"href":"https:\/\/shop.bantam.ch\/de\/wp-json\/wp\/v2\/product_featured_cat?post=211070"},{"taxonomy":"product_brand","embeddable":true,"href":"https:\/\/shop.bantam.ch\/de\/wp-json\/wp\/v2\/product_brand?post=211070"},{"taxonomy":"product_cat","embeddable":true,"href":"https:\/\/shop.bantam.ch\/de\/wp-json\/wp\/v2\/product_cat?post=211070"},{"taxonomy":"product_tag","embeddable":true,"href":"https:\/\/shop.bantam.ch\/de\/wp-json\/wp\/v2\/product_tag?post=211070"}],"curies":[{"name":"wp","href":"https:\/\/api.w.org\/{rel}","templated":true}]}}