{"id":211056,"date":"2025-03-14T14:26:54","date_gmt":"2025-03-14T13:26:54","guid":{"rendered":"https:\/\/shop.bantam.ch\/produit\/lueftung-schiebefenster-vw-t7-ab-06-2021\/"},"modified":"2026-04-18T01:39:01","modified_gmt":"2026-04-17T23:39:01","slug":"lueftung-schiebefenster-vw-t7-ab-06-2021","status":"publish","type":"product","link":"https:\/\/shop.bantam.ch\/de\/produkt\/lueftung-schiebefenster-vw-t7-ab-06-2021\/","title":{"rendered":"L\u00fcftung Schiebefenster &#8211; VW T7 ab 06\/2021"},"content":{"rendered":"<p>Der L\u00fcftungseinsatz f\u00fcr Schiebefenster kann f\u00fcr alle Original-Schiebefenster diverser Hersteller verwendet werden. Er wird einfach in den Fensterrahmen eingesetzt und anschlie\u00dfend arretiert.<\/p>\n<p>Bei dieser breiten Variante wird ein Verriegelungshaken mitgeliefert, so das eine feste Arretierung erreicht wird und das Schiebefenster von au\u00dfen nicht ge\u00f6ffnet werden kann.<\/p>\n<p>Inhalt:<br \/>\n2 St\u00fcck<\/p>\n","protected":false},"excerpt":{"rendered":"<p>Der L\u00fcftungseinsatz f\u00fcr Schiebefenster kann f\u00fcr alle Original-Schiebefenster diverser Hersteller verwendet werden. Er wird einfach in den Fensterrahmen eingesetzt und anschlie\u00dfend arretiert. Bei dieser breiten Variante wird ein Verriegelungshaken mitgeliefert, so das eine feste Arretierung erreicht wird und das Schiebefenster von au\u00dfen nicht ge\u00f6ffnet werden kann. Inhalt: 2 St\u00fcck<\/p>\n","protected":false},"featured_media":211052,"template":"","meta":{"_acf_changed":false},"product_featured_cat":[],"product_brand":[],"product_cat":[4138],"product_tag":[],"class_list":{"0":"post-211056","1":"product","2":"type-product","3":"status-publish","4":"has-post-thumbnail","6":"product_cat-windabweiser-lueftungsgitter","8":"first","9":"instock","10":"taxable","11":"shipping-taxable","12":"purchasable","13":"product-type-variable"},"acf":[],"yoast_head":"<!-- This site is optimized with the Yoast SEO plugin v27.4 - https:\/\/yoast.com\/product\/yoast-seo-wordpress\/ -->\n<title>L\u00fcftung Schiebefenster - VW T7 ab 06\/2021 - Bantam Camping AG<\/title>\n<meta name=\"robots\" content=\"index, follow, max-snippet:-1, max-image-preview:large, max-video-preview:-1\" \/>\n<link rel=\"canonical\" href=\"https:\/\/shop.bantam.ch\/de\/produkt\/lueftung-schiebefenster-vw-t7-ab-06-2021\/\" \/>\n<meta property=\"og:locale\" content=\"de_DE\" \/>\n<meta property=\"og:type\" content=\"article\" \/>\n<meta property=\"og:title\" content=\"L\u00fcftung Schiebefenster - VW T7 ab 06\/2021 - Bantam Camping AG\" \/>\n<meta property=\"og:description\" content=\"Der L\u00fcftungseinsatz f\u00fcr Schiebefenster kann f\u00fcr alle Original-Schiebefenster diverser Hersteller verwendet werden. Er wird einfach in den Fensterrahmen eingesetzt und anschlie\u00dfend arretiert. Bei dieser breiten Variante wird ein Verriegelungshaken mitgeliefert, so das eine feste Arretierung erreicht wird und das Schiebefenster von au\u00dfen nicht ge\u00f6ffnet werden kann. Inhalt: 2 St\u00fcck\" \/>\n<meta property=\"og:url\" content=\"https:\/\/shop.bantam.ch\/de\/produkt\/lueftung-schiebefenster-vw-t7-ab-06-2021\/\" \/>\n<meta property=\"og:site_name\" content=\"Bantam Camping AG\" \/>\n<meta property=\"article:modified_time\" content=\"2026-04-17T23:39:01+00:00\" \/>\n<meta name=\"twitter:card\" content=\"summary_large_image\" \/>\n<script type=\"application\/ld+json\" class=\"yoast-schema-graph\">{\"@context\":\"https:\\\/\\\/schema.org\",\"@graph\":[{\"@type\":\"WebPage\",\"@id\":\"https:\\\/\\\/shop.bantam.ch\\\/de\\\/produkt\\\/lueftung-schiebefenster-vw-t7-ab-06-2021\\\/\",\"url\":\"https:\\\/\\\/shop.bantam.ch\\\/de\\\/produkt\\\/lueftung-schiebefenster-vw-t7-ab-06-2021\\\/\",\"name\":\"L\u00fcftung Schiebefenster - VW T7 ab 06\\\/2021 - Bantam Camping AG\",\"isPartOf\":{\"@id\":\"https:\\\/\\\/shop.bantam.ch\\\/de\\\/#website\"},\"primaryImageOfPage\":{\"@id\":\"https:\\\/\\\/shop.bantam.ch\\\/de\\\/produkt\\\/lueftung-schiebefenster-vw-t7-ab-06-2021\\\/#primaryimage\"},\"image\":{\"@id\":\"https:\\\/\\\/shop.bantam.ch\\\/de\\\/produkt\\\/lueftung-schiebefenster-vw-t7-ab-06-2021\\\/#primaryimage\"},\"thumbnailUrl\":\"https:\\\/\\\/shop.bantam.ch\\\/wp-content\\\/uploads\\\/2025\\\/03\\\/Movera-L-0106999100.jpg\",\"datePublished\":\"2025-03-14T13:26:54+00:00\",\"dateModified\":\"2026-04-17T23:39:01+00:00\",\"breadcrumb\":{\"@id\":\"https:\\\/\\\/shop.bantam.ch\\\/de\\\/produkt\\\/lueftung-schiebefenster-vw-t7-ab-06-2021\\\/#breadcrumb\"},\"inLanguage\":\"de\",\"potentialAction\":[{\"@type\":\"ReadAction\",\"target\":[\"https:\\\/\\\/shop.bantam.ch\\\/de\\\/produkt\\\/lueftung-schiebefenster-vw-t7-ab-06-2021\\\/\"]}]},{\"@type\":\"ImageObject\",\"inLanguage\":\"de\",\"@id\":\"https:\\\/\\\/shop.bantam.ch\\\/de\\\/produkt\\\/lueftung-schiebefenster-vw-t7-ab-06-2021\\\/#primaryimage\",\"url\":\"https:\\\/\\\/shop.bantam.ch\\\/wp-content\\\/uploads\\\/2025\\\/03\\\/Movera-L-0106999100.jpg\",\"contentUrl\":\"https:\\\/\\\/shop.bantam.ch\\\/wp-content\\\/uploads\\\/2025\\\/03\\\/Movera-L-0106999100.jpg\",\"width\":640,\"height\":589},{\"@type\":\"BreadcrumbList\",\"@id\":\"https:\\\/\\\/shop.bantam.ch\\\/de\\\/produkt\\\/lueftung-schiebefenster-vw-t7-ab-06-2021\\\/#breadcrumb\",\"itemListElement\":[{\"@type\":\"ListItem\",\"position\":1,\"name\":\"Accueil\",\"item\":\"https:\\\/\\\/shop.bantam.ch\\\/de\\\/\"},{\"@type\":\"ListItem\",\"position\":2,\"name\":\"Shop\",\"item\":\"https:\\\/\\\/shop.bantam.ch\\\/de\\\/shop\\\/\"},{\"@type\":\"ListItem\",\"position\":3,\"name\":\"L\u00fcftung Schiebefenster &#8211; VW T7 ab 06\\\/2021\"}]},{\"@type\":\"WebSite\",\"@id\":\"https:\\\/\\\/shop.bantam.ch\\\/de\\\/#website\",\"url\":\"https:\\\/\\\/shop.bantam.ch\\\/de\\\/\",\"name\":\"Bantam Camping AG\",\"description\":\"\",\"publisher\":{\"@id\":\"https:\\\/\\\/shop.bantam.ch\\\/de\\\/#organization\"},\"inLanguage\":\"de\"},{\"@type\":\"Organization\",\"@id\":\"https:\\\/\\\/shop.bantam.ch\\\/de\\\/#organization\",\"name\":\"Bantam Camping AG\",\"url\":\"https:\\\/\\\/shop.bantam.ch\\\/de\\\/\",\"logo\":{\"@type\":\"ImageObject\",\"inLanguage\":\"de\",\"@id\":\"https:\\\/\\\/shop.bantam.ch\\\/de\\\/#\\\/schema\\\/logo\\\/image\\\/\",\"url\":\"https:\\\/\\\/shop.bantam.ch\\\/wp-content\\\/uploads\\\/2022\\\/12\\\/bantam-logo.png\",\"contentUrl\":\"https:\\\/\\\/shop.bantam.ch\\\/wp-content\\\/uploads\\\/2022\\\/12\\\/bantam-logo.png\",\"width\":320,\"height\":71,\"caption\":\"Bantam Camping AG\"},\"image\":{\"@id\":\"https:\\\/\\\/shop.bantam.ch\\\/de\\\/#\\\/schema\\\/logo\\\/image\\\/\"}}]}<\/script>\n<!-- \/ Yoast SEO plugin. -->","yoast_head_json":{"title":"L\u00fcftung Schiebefenster - VW T7 ab 06\/2021 - Bantam Camping AG","robots":{"index":"index","follow":"follow","max-snippet":"max-snippet:-1","max-image-preview":"max-image-preview:large","max-video-preview":"max-video-preview:-1"},"canonical":"https:\/\/shop.bantam.ch\/de\/produkt\/lueftung-schiebefenster-vw-t7-ab-06-2021\/","og_locale":"de_DE","og_type":"article","og_title":"L\u00fcftung Schiebefenster - VW T7 ab 06\/2021 - Bantam Camping AG","og_description":"Der L\u00fcftungseinsatz f\u00fcr Schiebefenster kann f\u00fcr alle Original-Schiebefenster diverser Hersteller verwendet werden. Er wird einfach in den Fensterrahmen eingesetzt und anschlie\u00dfend arretiert. Bei dieser breiten Variante wird ein Verriegelungshaken mitgeliefert, so das eine feste Arretierung erreicht wird und das Schiebefenster von au\u00dfen nicht ge\u00f6ffnet werden kann. Inhalt: 2 St\u00fcck","og_url":"https:\/\/shop.bantam.ch\/de\/produkt\/lueftung-schiebefenster-vw-t7-ab-06-2021\/","og_site_name":"Bantam Camping AG","article_modified_time":"2026-04-17T23:39:01+00:00","twitter_card":"summary_large_image","schema":{"@context":"https:\/\/schema.org","@graph":[{"@type":"WebPage","@id":"https:\/\/shop.bantam.ch\/de\/produkt\/lueftung-schiebefenster-vw-t7-ab-06-2021\/","url":"https:\/\/shop.bantam.ch\/de\/produkt\/lueftung-schiebefenster-vw-t7-ab-06-2021\/","name":"L\u00fcftung Schiebefenster - VW T7 ab 06\/2021 - Bantam Camping AG","isPartOf":{"@id":"https:\/\/shop.bantam.ch\/de\/#website"},"primaryImageOfPage":{"@id":"https:\/\/shop.bantam.ch\/de\/produkt\/lueftung-schiebefenster-vw-t7-ab-06-2021\/#primaryimage"},"image":{"@id":"https:\/\/shop.bantam.ch\/de\/produkt\/lueftung-schiebefenster-vw-t7-ab-06-2021\/#primaryimage"},"thumbnailUrl":"https:\/\/shop.bantam.ch\/wp-content\/uploads\/2025\/03\/Movera-L-0106999100.jpg","datePublished":"2025-03-14T13:26:54+00:00","dateModified":"2026-04-17T23:39:01+00:00","breadcrumb":{"@id":"https:\/\/shop.bantam.ch\/de\/produkt\/lueftung-schiebefenster-vw-t7-ab-06-2021\/#breadcrumb"},"inLanguage":"de","potentialAction":[{"@type":"ReadAction","target":["https:\/\/shop.bantam.ch\/de\/produkt\/lueftung-schiebefenster-vw-t7-ab-06-2021\/"]}]},{"@type":"ImageObject","inLanguage":"de","@id":"https:\/\/shop.bantam.ch\/de\/produkt\/lueftung-schiebefenster-vw-t7-ab-06-2021\/#primaryimage","url":"https:\/\/shop.bantam.ch\/wp-content\/uploads\/2025\/03\/Movera-L-0106999100.jpg","contentUrl":"https:\/\/shop.bantam.ch\/wp-content\/uploads\/2025\/03\/Movera-L-0106999100.jpg","width":640,"height":589},{"@type":"BreadcrumbList","@id":"https:\/\/shop.bantam.ch\/de\/produkt\/lueftung-schiebefenster-vw-t7-ab-06-2021\/#breadcrumb","itemListElement":[{"@type":"ListItem","position":1,"name":"Accueil","item":"https:\/\/shop.bantam.ch\/de\/"},{"@type":"ListItem","position":2,"name":"Shop","item":"https:\/\/shop.bantam.ch\/de\/shop\/"},{"@type":"ListItem","position":3,"name":"L\u00fcftung Schiebefenster &#8211; VW T7 ab 06\/2021"}]},{"@type":"WebSite","@id":"https:\/\/shop.bantam.ch\/de\/#website","url":"https:\/\/shop.bantam.ch\/de\/","name":"Bantam Camping AG","description":"","publisher":{"@id":"https:\/\/shop.bantam.ch\/de\/#organization"},"inLanguage":"de"},{"@type":"Organization","@id":"https:\/\/shop.bantam.ch\/de\/#organization","name":"Bantam Camping AG","url":"https:\/\/shop.bantam.ch\/de\/","logo":{"@type":"ImageObject","inLanguage":"de","@id":"https:\/\/shop.bantam.ch\/de\/#\/schema\/logo\/image\/","url":"https:\/\/shop.bantam.ch\/wp-content\/uploads\/2022\/12\/bantam-logo.png","contentUrl":"https:\/\/shop.bantam.ch\/wp-content\/uploads\/2022\/12\/bantam-logo.png","width":320,"height":71,"caption":"Bantam Camping AG"},"image":{"@id":"https:\/\/shop.bantam.ch\/de\/#\/schema\/logo\/image\/"}}]}},"_links":{"self":[{"href":"https:\/\/shop.bantam.ch\/de\/wp-json\/wp\/v2\/product\/211056","targetHints":{"allow":["GET"]}}],"collection":[{"href":"https:\/\/shop.bantam.ch\/de\/wp-json\/wp\/v2\/product"}],"about":[{"href":"https:\/\/shop.bantam.ch\/de\/wp-json\/wp\/v2\/types\/product"}],"wp:featuredmedia":[{"embeddable":true,"href":"https:\/\/shop.bantam.ch\/de\/wp-json\/wp\/v2\/media\/211052"}],"wp:attachment":[{"href":"https:\/\/shop.bantam.ch\/de\/wp-json\/wp\/v2\/media?parent=211056"}],"wp:term":[{"taxonomy":"product_featured_cat","embeddable":true,"href":"https:\/\/shop.bantam.ch\/de\/wp-json\/wp\/v2\/product_featured_cat?post=211056"},{"taxonomy":"product_brand","embeddable":true,"href":"https:\/\/shop.bantam.ch\/de\/wp-json\/wp\/v2\/product_brand?post=211056"},{"taxonomy":"product_cat","embeddable":true,"href":"https:\/\/shop.bantam.ch\/de\/wp-json\/wp\/v2\/product_cat?post=211056"},{"taxonomy":"product_tag","embeddable":true,"href":"https:\/\/shop.bantam.ch\/de\/wp-json\/wp\/v2\/product_tag?post=211056"}],"curies":[{"name":"wp","href":"https:\/\/api.w.org\/{rel}","templated":true}]}}