{"id":210940,"date":"2025-03-14T14:21:50","date_gmt":"2025-03-14T13:21:50","guid":{"rendered":"https:\/\/shop.bantam.ch\/produit\/radkralle-milenco-wraith-3-wheel-lock-reisemobil\/"},"modified":"2026-04-21T23:24:02","modified_gmt":"2026-04-21T21:24:02","slug":"radkralle-milenco-wraith-3-wheel-lock-reisemobil","status":"publish","type":"product","link":"https:\/\/shop.bantam.ch\/de\/produkt\/radkralle-milenco-wraith-3-wheel-lock-reisemobil\/","title":{"rendered":"Radkralle Milenco Wraith 3 Wheel Lock &#8211; Reisemobil"},"content":{"rendered":"<p>Entwickelt, um kompakt, leicht und einfach zu montieren zu sein und gleichzeitig kompromisslose Sicherheit f\u00fcr Ihren Wohnwagen zu gew\u00e4hrleisten. Der&nbsp; Wraith 3 rastet auf einer speziellen Radschraube mit integriertem Bein ein, das sich um den Reifen legt, um ein Drehen zu verhindern. Dies bietet eine starke visuelle Diebstahlabschreckung und bietet eine au\u00dfergew\u00f6hnliche, un\u00fcbertroffene Angriffsresistenz.<\/p>\n","protected":false},"excerpt":{"rendered":"<p>Entwickelt, um kompakt, leicht und einfach zu montieren zu sein und gleichzeitig kompromisslose Sicherheit f\u00fcr Ihren Wohnwagen zu gew\u00e4hrleisten. Der&nbsp; Wraith 3 rastet auf einer speziellen Radschraube mit integriertem Bein ein, das sich um den Reifen legt, um ein Drehen zu verhindern. Dies bietet eine starke visuelle Diebstahlabschreckung und bietet eine au\u00dfergew\u00f6hnliche, un\u00fcbertroffene Angriffsresistenz.<\/p>\n","protected":false},"featured_media":210938,"template":"","meta":{"_acf_changed":false},"product_featured_cat":[],"product_brand":[],"product_cat":[4672],"product_tag":[],"class_list":{"0":"post-210940","1":"product","2":"type-product","3":"status-publish","4":"has-post-thumbnail","6":"product_cat-wegfahrsperren","8":"first","9":"instock","10":"taxable","11":"shipping-taxable","12":"purchasable","13":"product-type-simple"},"acf":[],"yoast_head":"<!-- This site is optimized with the Yoast SEO plugin v27.4 - https:\/\/yoast.com\/product\/yoast-seo-wordpress\/ -->\n<title>Radkralle Milenco Wraith 3 Wheel Lock - Reisemobil - Bantam Camping AG<\/title>\n<meta name=\"robots\" content=\"index, follow, max-snippet:-1, max-image-preview:large, max-video-preview:-1\" \/>\n<link rel=\"canonical\" href=\"https:\/\/shop.bantam.ch\/de\/produkt\/radkralle-milenco-wraith-3-wheel-lock-reisemobil\/\" \/>\n<meta property=\"og:locale\" content=\"de_DE\" \/>\n<meta property=\"og:type\" content=\"article\" \/>\n<meta property=\"og:title\" content=\"Radkralle Milenco Wraith 3 Wheel Lock - Reisemobil - Bantam Camping AG\" \/>\n<meta property=\"og:description\" content=\"Entwickelt, um kompakt, leicht und einfach zu montieren zu sein und gleichzeitig kompromisslose Sicherheit f\u00fcr Ihren Wohnwagen zu gew\u00e4hrleisten. Der&nbsp; Wraith 3 rastet auf einer speziellen Radschraube mit integriertem Bein ein, das sich um den Reifen legt, um ein Drehen zu verhindern. Dies bietet eine starke visuelle Diebstahlabschreckung und bietet eine au\u00dfergew\u00f6hnliche, un\u00fcbertroffene Angriffsresistenz.\" \/>\n<meta property=\"og:url\" content=\"https:\/\/shop.bantam.ch\/de\/produkt\/radkralle-milenco-wraith-3-wheel-lock-reisemobil\/\" \/>\n<meta property=\"og:site_name\" content=\"Bantam Camping AG\" \/>\n<meta property=\"article:modified_time\" content=\"2026-04-21T21:24:02+00:00\" \/>\n<meta name=\"twitter:card\" content=\"summary_large_image\" \/>\n<script type=\"application\/ld+json\" class=\"yoast-schema-graph\">{\"@context\":\"https:\\\/\\\/schema.org\",\"@graph\":[{\"@type\":\"WebPage\",\"@id\":\"https:\\\/\\\/shop.bantam.ch\\\/de\\\/produkt\\\/radkralle-milenco-wraith-3-wheel-lock-reisemobil\\\/\",\"url\":\"https:\\\/\\\/shop.bantam.ch\\\/de\\\/produkt\\\/radkralle-milenco-wraith-3-wheel-lock-reisemobil\\\/\",\"name\":\"Radkralle Milenco Wraith 3 Wheel Lock - Reisemobil - Bantam Camping AG\",\"isPartOf\":{\"@id\":\"https:\\\/\\\/shop.bantam.ch\\\/de\\\/#website\"},\"primaryImageOfPage\":{\"@id\":\"https:\\\/\\\/shop.bantam.ch\\\/de\\\/produkt\\\/radkralle-milenco-wraith-3-wheel-lock-reisemobil\\\/#primaryimage\"},\"image\":{\"@id\":\"https:\\\/\\\/shop.bantam.ch\\\/de\\\/produkt\\\/radkralle-milenco-wraith-3-wheel-lock-reisemobil\\\/#primaryimage\"},\"thumbnailUrl\":\"https:\\\/\\\/shop.bantam.ch\\\/wp-content\\\/uploads\\\/2025\\\/03\\\/Movera-L-9949343100.jpg\",\"datePublished\":\"2025-03-14T13:21:50+00:00\",\"dateModified\":\"2026-04-21T21:24:02+00:00\",\"breadcrumb\":{\"@id\":\"https:\\\/\\\/shop.bantam.ch\\\/de\\\/produkt\\\/radkralle-milenco-wraith-3-wheel-lock-reisemobil\\\/#breadcrumb\"},\"inLanguage\":\"de\",\"potentialAction\":[{\"@type\":\"ReadAction\",\"target\":[\"https:\\\/\\\/shop.bantam.ch\\\/de\\\/produkt\\\/radkralle-milenco-wraith-3-wheel-lock-reisemobil\\\/\"]}]},{\"@type\":\"ImageObject\",\"inLanguage\":\"de\",\"@id\":\"https:\\\/\\\/shop.bantam.ch\\\/de\\\/produkt\\\/radkralle-milenco-wraith-3-wheel-lock-reisemobil\\\/#primaryimage\",\"url\":\"https:\\\/\\\/shop.bantam.ch\\\/wp-content\\\/uploads\\\/2025\\\/03\\\/Movera-L-9949343100.jpg\",\"contentUrl\":\"https:\\\/\\\/shop.bantam.ch\\\/wp-content\\\/uploads\\\/2025\\\/03\\\/Movera-L-9949343100.jpg\",\"width\":640,\"height\":853},{\"@type\":\"BreadcrumbList\",\"@id\":\"https:\\\/\\\/shop.bantam.ch\\\/de\\\/produkt\\\/radkralle-milenco-wraith-3-wheel-lock-reisemobil\\\/#breadcrumb\",\"itemListElement\":[{\"@type\":\"ListItem\",\"position\":1,\"name\":\"Accueil\",\"item\":\"https:\\\/\\\/shop.bantam.ch\\\/de\\\/\"},{\"@type\":\"ListItem\",\"position\":2,\"name\":\"Shop\",\"item\":\"https:\\\/\\\/shop.bantam.ch\\\/de\\\/shop\\\/\"},{\"@type\":\"ListItem\",\"position\":3,\"name\":\"Radkralle Milenco Wraith 3 Wheel Lock &#8211; Reisemobil\"}]},{\"@type\":\"WebSite\",\"@id\":\"https:\\\/\\\/shop.bantam.ch\\\/de\\\/#website\",\"url\":\"https:\\\/\\\/shop.bantam.ch\\\/de\\\/\",\"name\":\"Bantam Camping AG\",\"description\":\"\",\"publisher\":{\"@id\":\"https:\\\/\\\/shop.bantam.ch\\\/de\\\/#organization\"},\"inLanguage\":\"de\"},{\"@type\":\"Organization\",\"@id\":\"https:\\\/\\\/shop.bantam.ch\\\/de\\\/#organization\",\"name\":\"Bantam Camping AG\",\"url\":\"https:\\\/\\\/shop.bantam.ch\\\/de\\\/\",\"logo\":{\"@type\":\"ImageObject\",\"inLanguage\":\"de\",\"@id\":\"https:\\\/\\\/shop.bantam.ch\\\/de\\\/#\\\/schema\\\/logo\\\/image\\\/\",\"url\":\"https:\\\/\\\/shop.bantam.ch\\\/wp-content\\\/uploads\\\/2022\\\/12\\\/bantam-logo.png\",\"contentUrl\":\"https:\\\/\\\/shop.bantam.ch\\\/wp-content\\\/uploads\\\/2022\\\/12\\\/bantam-logo.png\",\"width\":320,\"height\":71,\"caption\":\"Bantam Camping AG\"},\"image\":{\"@id\":\"https:\\\/\\\/shop.bantam.ch\\\/de\\\/#\\\/schema\\\/logo\\\/image\\\/\"}}]}<\/script>\n<!-- \/ Yoast SEO plugin. -->","yoast_head_json":{"title":"Radkralle Milenco Wraith 3 Wheel Lock - Reisemobil - Bantam Camping AG","robots":{"index":"index","follow":"follow","max-snippet":"max-snippet:-1","max-image-preview":"max-image-preview:large","max-video-preview":"max-video-preview:-1"},"canonical":"https:\/\/shop.bantam.ch\/de\/produkt\/radkralle-milenco-wraith-3-wheel-lock-reisemobil\/","og_locale":"de_DE","og_type":"article","og_title":"Radkralle Milenco Wraith 3 Wheel Lock - Reisemobil - Bantam Camping AG","og_description":"Entwickelt, um kompakt, leicht und einfach zu montieren zu sein und gleichzeitig kompromisslose Sicherheit f\u00fcr Ihren Wohnwagen zu gew\u00e4hrleisten. Der&nbsp; Wraith 3 rastet auf einer speziellen Radschraube mit integriertem Bein ein, das sich um den Reifen legt, um ein Drehen zu verhindern. Dies bietet eine starke visuelle Diebstahlabschreckung und bietet eine au\u00dfergew\u00f6hnliche, un\u00fcbertroffene Angriffsresistenz.","og_url":"https:\/\/shop.bantam.ch\/de\/produkt\/radkralle-milenco-wraith-3-wheel-lock-reisemobil\/","og_site_name":"Bantam Camping AG","article_modified_time":"2026-04-21T21:24:02+00:00","twitter_card":"summary_large_image","schema":{"@context":"https:\/\/schema.org","@graph":[{"@type":"WebPage","@id":"https:\/\/shop.bantam.ch\/de\/produkt\/radkralle-milenco-wraith-3-wheel-lock-reisemobil\/","url":"https:\/\/shop.bantam.ch\/de\/produkt\/radkralle-milenco-wraith-3-wheel-lock-reisemobil\/","name":"Radkralle Milenco Wraith 3 Wheel Lock - Reisemobil - Bantam Camping AG","isPartOf":{"@id":"https:\/\/shop.bantam.ch\/de\/#website"},"primaryImageOfPage":{"@id":"https:\/\/shop.bantam.ch\/de\/produkt\/radkralle-milenco-wraith-3-wheel-lock-reisemobil\/#primaryimage"},"image":{"@id":"https:\/\/shop.bantam.ch\/de\/produkt\/radkralle-milenco-wraith-3-wheel-lock-reisemobil\/#primaryimage"},"thumbnailUrl":"https:\/\/shop.bantam.ch\/wp-content\/uploads\/2025\/03\/Movera-L-9949343100.jpg","datePublished":"2025-03-14T13:21:50+00:00","dateModified":"2026-04-21T21:24:02+00:00","breadcrumb":{"@id":"https:\/\/shop.bantam.ch\/de\/produkt\/radkralle-milenco-wraith-3-wheel-lock-reisemobil\/#breadcrumb"},"inLanguage":"de","potentialAction":[{"@type":"ReadAction","target":["https:\/\/shop.bantam.ch\/de\/produkt\/radkralle-milenco-wraith-3-wheel-lock-reisemobil\/"]}]},{"@type":"ImageObject","inLanguage":"de","@id":"https:\/\/shop.bantam.ch\/de\/produkt\/radkralle-milenco-wraith-3-wheel-lock-reisemobil\/#primaryimage","url":"https:\/\/shop.bantam.ch\/wp-content\/uploads\/2025\/03\/Movera-L-9949343100.jpg","contentUrl":"https:\/\/shop.bantam.ch\/wp-content\/uploads\/2025\/03\/Movera-L-9949343100.jpg","width":640,"height":853},{"@type":"BreadcrumbList","@id":"https:\/\/shop.bantam.ch\/de\/produkt\/radkralle-milenco-wraith-3-wheel-lock-reisemobil\/#breadcrumb","itemListElement":[{"@type":"ListItem","position":1,"name":"Accueil","item":"https:\/\/shop.bantam.ch\/de\/"},{"@type":"ListItem","position":2,"name":"Shop","item":"https:\/\/shop.bantam.ch\/de\/shop\/"},{"@type":"ListItem","position":3,"name":"Radkralle Milenco Wraith 3 Wheel Lock &#8211; Reisemobil"}]},{"@type":"WebSite","@id":"https:\/\/shop.bantam.ch\/de\/#website","url":"https:\/\/shop.bantam.ch\/de\/","name":"Bantam Camping AG","description":"","publisher":{"@id":"https:\/\/shop.bantam.ch\/de\/#organization"},"inLanguage":"de"},{"@type":"Organization","@id":"https:\/\/shop.bantam.ch\/de\/#organization","name":"Bantam Camping AG","url":"https:\/\/shop.bantam.ch\/de\/","logo":{"@type":"ImageObject","inLanguage":"de","@id":"https:\/\/shop.bantam.ch\/de\/#\/schema\/logo\/image\/","url":"https:\/\/shop.bantam.ch\/wp-content\/uploads\/2022\/12\/bantam-logo.png","contentUrl":"https:\/\/shop.bantam.ch\/wp-content\/uploads\/2022\/12\/bantam-logo.png","width":320,"height":71,"caption":"Bantam Camping AG"},"image":{"@id":"https:\/\/shop.bantam.ch\/de\/#\/schema\/logo\/image\/"}}]}},"_links":{"self":[{"href":"https:\/\/shop.bantam.ch\/de\/wp-json\/wp\/v2\/product\/210940","targetHints":{"allow":["GET"]}}],"collection":[{"href":"https:\/\/shop.bantam.ch\/de\/wp-json\/wp\/v2\/product"}],"about":[{"href":"https:\/\/shop.bantam.ch\/de\/wp-json\/wp\/v2\/types\/product"}],"wp:featuredmedia":[{"embeddable":true,"href":"https:\/\/shop.bantam.ch\/de\/wp-json\/wp\/v2\/media\/210938"}],"wp:attachment":[{"href":"https:\/\/shop.bantam.ch\/de\/wp-json\/wp\/v2\/media?parent=210940"}],"wp:term":[{"taxonomy":"product_featured_cat","embeddable":true,"href":"https:\/\/shop.bantam.ch\/de\/wp-json\/wp\/v2\/product_featured_cat?post=210940"},{"taxonomy":"product_brand","embeddable":true,"href":"https:\/\/shop.bantam.ch\/de\/wp-json\/wp\/v2\/product_brand?post=210940"},{"taxonomy":"product_cat","embeddable":true,"href":"https:\/\/shop.bantam.ch\/de\/wp-json\/wp\/v2\/product_cat?post=210940"},{"taxonomy":"product_tag","embeddable":true,"href":"https:\/\/shop.bantam.ch\/de\/wp-json\/wp\/v2\/product_tag?post=210940"}],"curies":[{"name":"wp","href":"https:\/\/api.w.org\/{rel}","templated":true}]}}