{"id":210877,"date":"2025-03-14T14:19:50","date_gmt":"2025-03-14T13:19:50","guid":{"rendered":"https:\/\/shop.bantam.ch\/produit\/e-waterlevel-e-trailer-wasserfuellstandsmesser\/"},"modified":"2026-04-19T01:40:15","modified_gmt":"2026-04-18T23:40:15","slug":"e-waterlevel-e-trailer-wasserfuellstandsmesser","status":"publish","type":"product","link":"https:\/\/shop.bantam.ch\/de\/produkt\/e-waterlevel-e-trailer-wasserfuellstandsmesser\/","title":{"rendered":"E-Waterlevel E-Trailer Wasserf\u00fcllstandsmesser"},"content":{"rendered":"<p>Wissen Sie immer wie viel Wasser sich in Ihrem Wassertank befindet oder ob er fast leer ist. Dann erhalten Sie sofort eine Benachrichtigung auf Ihrem Smartphone.<br \/>\nHaben Sie es satt, den Inhalt Ihres Wassertanks manuell zu \u00fcberpr\u00fcfen? Mit dem E-Water Level wissen Sie immer, wie viel Wasser sich in Ihrem Wassertank befindet. Auf diese Weise leiden Sie nie wieder unter einem leeren Wassertank und nehmen nicht mehr zu viel oder zu wenig Wasser mit. Das Bef\u00fcllen des Wassertanks ist auch mit dem E-Waterlevel ein Kinderspiel, da Sie w\u00e4hrend des Bef\u00fcllens den aktuellen F\u00fcllstand auf Ihrem Telefon ablesen k\u00f6nnen.<br \/>\nDie Installation ist schnell und einfach. Alles was Sie tun m\u00fcssen, ist den E-Waterlevel in Ihren Wassertank zu h\u00e4ngen.<\/p>\n<ul>\n<li>Der E-Waterlevel ist f\u00fcr jeden Caravan und jedes Reisemobil geeignet<\/li>\n<li>Bestimmen Sie die Tiefe Ihres Wassertanks, passen Sie den E-Waterlevel an und h\u00e4ngen Sie ihn in den Wassertank<\/li>\n<li>Nach dem Aufh\u00e4ngen k\u00f6nnen Sie in der E-Trailer-App festlegen, wie voll der Wassertank sein soll<\/li>\n<li>Sie erhalten sofort eine Warnung auf Ihrem Smartphone, wenn der Inhalt unter oder \u00fcber Ihrem gew\u00fcnschten Level liegt<\/li>\n<li>Dank des E-Connect Bluetooth-Empf\u00e4ngers ben\u00f6tigen Sie daf\u00fcr keine Internetverbindung<\/li>\n<li>Die Batterie h\u00e4lt mindestens 2 Jahre und ist leicht auszutauschen<\/li>\n<li>Alle Updates sind kostenlos<\/li>\n<\/ul>\n","protected":false},"excerpt":{"rendered":"<p>Wissen Sie immer wie viel Wasser sich in Ihrem Wassertank befindet oder ob er fast leer ist. Dann erhalten Sie sofort eine Benachrichtigung auf Ihrem Smartphone. Haben Sie es satt, den Inhalt Ihres Wassertanks manuell zu \u00fcberpr\u00fcfen? Mit dem E-Water Level wissen Sie immer, wie viel Wasser sich in Ihrem Wassertank befindet. Auf diese Weise [&hellip;]<\/p>\n","protected":false},"featured_media":210868,"template":"","meta":{"_acf_changed":false},"product_featured_cat":[],"product_brand":[],"product_cat":[4124],"product_tag":[],"class_list":{"0":"post-210877","1":"product","2":"type-product","3":"status-publish","4":"has-post-thumbnail","6":"product_cat-wasser-sanitaer-zubehoer","8":"first","9":"instock","10":"taxable","11":"shipping-taxable","12":"purchasable","13":"product-type-variable"},"acf":[],"yoast_head":"<!-- This site is optimized with the Yoast SEO plugin v27.4 - https:\/\/yoast.com\/product\/yoast-seo-wordpress\/ -->\n<title>E-Waterlevel E-Trailer Wasserf\u00fcllstandsmesser - Bantam Camping AG<\/title>\n<meta name=\"robots\" content=\"index, follow, max-snippet:-1, max-image-preview:large, max-video-preview:-1\" \/>\n<link rel=\"canonical\" href=\"https:\/\/shop.bantam.ch\/de\/produkt\/e-waterlevel-e-trailer-wasserfuellstandsmesser\/\" \/>\n<meta property=\"og:locale\" content=\"de_DE\" \/>\n<meta property=\"og:type\" content=\"article\" \/>\n<meta property=\"og:title\" content=\"E-Waterlevel E-Trailer Wasserf\u00fcllstandsmesser - Bantam Camping AG\" \/>\n<meta property=\"og:description\" content=\"Wissen Sie immer wie viel Wasser sich in Ihrem Wassertank befindet oder ob er fast leer ist. Dann erhalten Sie sofort eine Benachrichtigung auf Ihrem Smartphone. Haben Sie es satt, den Inhalt Ihres Wassertanks manuell zu \u00fcberpr\u00fcfen? Mit dem E-Water Level wissen Sie immer, wie viel Wasser sich in Ihrem Wassertank befindet. Auf diese Weise [&hellip;]\" \/>\n<meta property=\"og:url\" content=\"https:\/\/shop.bantam.ch\/de\/produkt\/e-waterlevel-e-trailer-wasserfuellstandsmesser\/\" \/>\n<meta property=\"og:site_name\" content=\"Bantam Camping AG\" \/>\n<meta property=\"article:modified_time\" content=\"2026-04-18T23:40:15+00:00\" \/>\n<meta name=\"twitter:card\" content=\"summary_large_image\" \/>\n<meta name=\"twitter:label1\" content=\"Gesch\u00e4tzte Lesezeit\" \/>\n\t<meta name=\"twitter:data1\" content=\"1\u00a0Minute\" \/>\n<script type=\"application\/ld+json\" class=\"yoast-schema-graph\">{\"@context\":\"https:\\\/\\\/schema.org\",\"@graph\":[{\"@type\":\"WebPage\",\"@id\":\"https:\\\/\\\/shop.bantam.ch\\\/de\\\/produkt\\\/e-waterlevel-e-trailer-wasserfuellstandsmesser\\\/\",\"url\":\"https:\\\/\\\/shop.bantam.ch\\\/de\\\/produkt\\\/e-waterlevel-e-trailer-wasserfuellstandsmesser\\\/\",\"name\":\"E-Waterlevel E-Trailer Wasserf\u00fcllstandsmesser - Bantam Camping AG\",\"isPartOf\":{\"@id\":\"https:\\\/\\\/shop.bantam.ch\\\/de\\\/#website\"},\"primaryImageOfPage\":{\"@id\":\"https:\\\/\\\/shop.bantam.ch\\\/de\\\/produkt\\\/e-waterlevel-e-trailer-wasserfuellstandsmesser\\\/#primaryimage\"},\"image\":{\"@id\":\"https:\\\/\\\/shop.bantam.ch\\\/de\\\/produkt\\\/e-waterlevel-e-trailer-wasserfuellstandsmesser\\\/#primaryimage\"},\"thumbnailUrl\":\"https:\\\/\\\/shop.bantam.ch\\\/wp-content\\\/uploads\\\/2025\\\/03\\\/Movera-L-0106882100.jpg\",\"datePublished\":\"2025-03-14T13:19:50+00:00\",\"dateModified\":\"2026-04-18T23:40:15+00:00\",\"breadcrumb\":{\"@id\":\"https:\\\/\\\/shop.bantam.ch\\\/de\\\/produkt\\\/e-waterlevel-e-trailer-wasserfuellstandsmesser\\\/#breadcrumb\"},\"inLanguage\":\"de\",\"potentialAction\":[{\"@type\":\"ReadAction\",\"target\":[\"https:\\\/\\\/shop.bantam.ch\\\/de\\\/produkt\\\/e-waterlevel-e-trailer-wasserfuellstandsmesser\\\/\"]}]},{\"@type\":\"ImageObject\",\"inLanguage\":\"de\",\"@id\":\"https:\\\/\\\/shop.bantam.ch\\\/de\\\/produkt\\\/e-waterlevel-e-trailer-wasserfuellstandsmesser\\\/#primaryimage\",\"url\":\"https:\\\/\\\/shop.bantam.ch\\\/wp-content\\\/uploads\\\/2025\\\/03\\\/Movera-L-0106882100.jpg\",\"contentUrl\":\"https:\\\/\\\/shop.bantam.ch\\\/wp-content\\\/uploads\\\/2025\\\/03\\\/Movera-L-0106882100.jpg\",\"width\":640,\"height\":397},{\"@type\":\"BreadcrumbList\",\"@id\":\"https:\\\/\\\/shop.bantam.ch\\\/de\\\/produkt\\\/e-waterlevel-e-trailer-wasserfuellstandsmesser\\\/#breadcrumb\",\"itemListElement\":[{\"@type\":\"ListItem\",\"position\":1,\"name\":\"Accueil\",\"item\":\"https:\\\/\\\/shop.bantam.ch\\\/de\\\/\"},{\"@type\":\"ListItem\",\"position\":2,\"name\":\"Shop\",\"item\":\"https:\\\/\\\/shop.bantam.ch\\\/de\\\/shop\\\/\"},{\"@type\":\"ListItem\",\"position\":3,\"name\":\"E-Waterlevel E-Trailer Wasserf\u00fcllstandsmesser\"}]},{\"@type\":\"WebSite\",\"@id\":\"https:\\\/\\\/shop.bantam.ch\\\/de\\\/#website\",\"url\":\"https:\\\/\\\/shop.bantam.ch\\\/de\\\/\",\"name\":\"Bantam Camping AG\",\"description\":\"\",\"publisher\":{\"@id\":\"https:\\\/\\\/shop.bantam.ch\\\/de\\\/#organization\"},\"inLanguage\":\"de\"},{\"@type\":\"Organization\",\"@id\":\"https:\\\/\\\/shop.bantam.ch\\\/de\\\/#organization\",\"name\":\"Bantam Camping AG\",\"url\":\"https:\\\/\\\/shop.bantam.ch\\\/de\\\/\",\"logo\":{\"@type\":\"ImageObject\",\"inLanguage\":\"de\",\"@id\":\"https:\\\/\\\/shop.bantam.ch\\\/de\\\/#\\\/schema\\\/logo\\\/image\\\/\",\"url\":\"https:\\\/\\\/shop.bantam.ch\\\/wp-content\\\/uploads\\\/2022\\\/12\\\/bantam-logo.png\",\"contentUrl\":\"https:\\\/\\\/shop.bantam.ch\\\/wp-content\\\/uploads\\\/2022\\\/12\\\/bantam-logo.png\",\"width\":320,\"height\":71,\"caption\":\"Bantam Camping AG\"},\"image\":{\"@id\":\"https:\\\/\\\/shop.bantam.ch\\\/de\\\/#\\\/schema\\\/logo\\\/image\\\/\"}}]}<\/script>\n<!-- \/ Yoast SEO plugin. -->","yoast_head_json":{"title":"E-Waterlevel E-Trailer Wasserf\u00fcllstandsmesser - Bantam Camping AG","robots":{"index":"index","follow":"follow","max-snippet":"max-snippet:-1","max-image-preview":"max-image-preview:large","max-video-preview":"max-video-preview:-1"},"canonical":"https:\/\/shop.bantam.ch\/de\/produkt\/e-waterlevel-e-trailer-wasserfuellstandsmesser\/","og_locale":"de_DE","og_type":"article","og_title":"E-Waterlevel E-Trailer Wasserf\u00fcllstandsmesser - Bantam Camping AG","og_description":"Wissen Sie immer wie viel Wasser sich in Ihrem Wassertank befindet oder ob er fast leer ist. Dann erhalten Sie sofort eine Benachrichtigung auf Ihrem Smartphone. Haben Sie es satt, den Inhalt Ihres Wassertanks manuell zu \u00fcberpr\u00fcfen? Mit dem E-Water Level wissen Sie immer, wie viel Wasser sich in Ihrem Wassertank befindet. Auf diese Weise [&hellip;]","og_url":"https:\/\/shop.bantam.ch\/de\/produkt\/e-waterlevel-e-trailer-wasserfuellstandsmesser\/","og_site_name":"Bantam Camping AG","article_modified_time":"2026-04-18T23:40:15+00:00","twitter_card":"summary_large_image","twitter_misc":{"Gesch\u00e4tzte Lesezeit":"1\u00a0Minute"},"schema":{"@context":"https:\/\/schema.org","@graph":[{"@type":"WebPage","@id":"https:\/\/shop.bantam.ch\/de\/produkt\/e-waterlevel-e-trailer-wasserfuellstandsmesser\/","url":"https:\/\/shop.bantam.ch\/de\/produkt\/e-waterlevel-e-trailer-wasserfuellstandsmesser\/","name":"E-Waterlevel E-Trailer Wasserf\u00fcllstandsmesser - Bantam Camping AG","isPartOf":{"@id":"https:\/\/shop.bantam.ch\/de\/#website"},"primaryImageOfPage":{"@id":"https:\/\/shop.bantam.ch\/de\/produkt\/e-waterlevel-e-trailer-wasserfuellstandsmesser\/#primaryimage"},"image":{"@id":"https:\/\/shop.bantam.ch\/de\/produkt\/e-waterlevel-e-trailer-wasserfuellstandsmesser\/#primaryimage"},"thumbnailUrl":"https:\/\/shop.bantam.ch\/wp-content\/uploads\/2025\/03\/Movera-L-0106882100.jpg","datePublished":"2025-03-14T13:19:50+00:00","dateModified":"2026-04-18T23:40:15+00:00","breadcrumb":{"@id":"https:\/\/shop.bantam.ch\/de\/produkt\/e-waterlevel-e-trailer-wasserfuellstandsmesser\/#breadcrumb"},"inLanguage":"de","potentialAction":[{"@type":"ReadAction","target":["https:\/\/shop.bantam.ch\/de\/produkt\/e-waterlevel-e-trailer-wasserfuellstandsmesser\/"]}]},{"@type":"ImageObject","inLanguage":"de","@id":"https:\/\/shop.bantam.ch\/de\/produkt\/e-waterlevel-e-trailer-wasserfuellstandsmesser\/#primaryimage","url":"https:\/\/shop.bantam.ch\/wp-content\/uploads\/2025\/03\/Movera-L-0106882100.jpg","contentUrl":"https:\/\/shop.bantam.ch\/wp-content\/uploads\/2025\/03\/Movera-L-0106882100.jpg","width":640,"height":397},{"@type":"BreadcrumbList","@id":"https:\/\/shop.bantam.ch\/de\/produkt\/e-waterlevel-e-trailer-wasserfuellstandsmesser\/#breadcrumb","itemListElement":[{"@type":"ListItem","position":1,"name":"Accueil","item":"https:\/\/shop.bantam.ch\/de\/"},{"@type":"ListItem","position":2,"name":"Shop","item":"https:\/\/shop.bantam.ch\/de\/shop\/"},{"@type":"ListItem","position":3,"name":"E-Waterlevel E-Trailer Wasserf\u00fcllstandsmesser"}]},{"@type":"WebSite","@id":"https:\/\/shop.bantam.ch\/de\/#website","url":"https:\/\/shop.bantam.ch\/de\/","name":"Bantam Camping AG","description":"","publisher":{"@id":"https:\/\/shop.bantam.ch\/de\/#organization"},"inLanguage":"de"},{"@type":"Organization","@id":"https:\/\/shop.bantam.ch\/de\/#organization","name":"Bantam Camping AG","url":"https:\/\/shop.bantam.ch\/de\/","logo":{"@type":"ImageObject","inLanguage":"de","@id":"https:\/\/shop.bantam.ch\/de\/#\/schema\/logo\/image\/","url":"https:\/\/shop.bantam.ch\/wp-content\/uploads\/2022\/12\/bantam-logo.png","contentUrl":"https:\/\/shop.bantam.ch\/wp-content\/uploads\/2022\/12\/bantam-logo.png","width":320,"height":71,"caption":"Bantam Camping AG"},"image":{"@id":"https:\/\/shop.bantam.ch\/de\/#\/schema\/logo\/image\/"}}]}},"_links":{"self":[{"href":"https:\/\/shop.bantam.ch\/de\/wp-json\/wp\/v2\/product\/210877","targetHints":{"allow":["GET"]}}],"collection":[{"href":"https:\/\/shop.bantam.ch\/de\/wp-json\/wp\/v2\/product"}],"about":[{"href":"https:\/\/shop.bantam.ch\/de\/wp-json\/wp\/v2\/types\/product"}],"wp:featuredmedia":[{"embeddable":true,"href":"https:\/\/shop.bantam.ch\/de\/wp-json\/wp\/v2\/media\/210868"}],"wp:attachment":[{"href":"https:\/\/shop.bantam.ch\/de\/wp-json\/wp\/v2\/media?parent=210877"}],"wp:term":[{"taxonomy":"product_featured_cat","embeddable":true,"href":"https:\/\/shop.bantam.ch\/de\/wp-json\/wp\/v2\/product_featured_cat?post=210877"},{"taxonomy":"product_brand","embeddable":true,"href":"https:\/\/shop.bantam.ch\/de\/wp-json\/wp\/v2\/product_brand?post=210877"},{"taxonomy":"product_cat","embeddable":true,"href":"https:\/\/shop.bantam.ch\/de\/wp-json\/wp\/v2\/product_cat?post=210877"},{"taxonomy":"product_tag","embeddable":true,"href":"https:\/\/shop.bantam.ch\/de\/wp-json\/wp\/v2\/product_tag?post=210877"}],"curies":[{"name":"wp","href":"https:\/\/api.w.org\/{rel}","templated":true}]}}