{"id":210441,"date":"2025-03-12T15:00:57","date_gmt":"2025-03-12T14:00:57","guid":{"rendered":"https:\/\/shop.bantam.ch\/produit\/dometic-sturm-fussplatte-fuer-veranda\/"},"modified":"2026-05-10T23:16:56","modified_gmt":"2026-05-10T21:16:56","slug":"dometic-sturm-fussplatte-fuer-veranda","status":"publish","type":"product","link":"https:\/\/shop.bantam.ch\/de\/produkt\/dometic-sturm-fussplatte-fuer-veranda\/","title":{"rendered":"Dometic Sturm-Fu\u00dfplatte f\u00fcr Veranda"},"content":{"rendered":"<p>Ein Zubeh\u00f6r f\u00fcr die Dometic Veranda Storm Pole. Befestigen Sie einfach den Saugfu\u00df der Stange am Aluminiumpfosten, um zu verhindern, dass er in feuchten Boden einsinkt, und um zus\u00e4tzliche Stabilit\u00e4t f\u00fcr das Vorzelt zu bieten.<\/p>\n","protected":false},"excerpt":{"rendered":"<p>Ein Zubeh\u00f6r f\u00fcr die Dometic Veranda Storm Pole. Befestigen Sie einfach den Saugfu\u00df der Stange am Aluminiumpfosten, um zu verhindern, dass er in feuchten Boden einsinkt, und um zus\u00e4tzliche Stabilit\u00e4t f\u00fcr das Vorzelt zu bieten.<\/p>\n","protected":false},"featured_media":210439,"template":"","meta":{"_acf_changed":false},"product_featured_cat":[5308],"product_brand":[3029],"product_cat":[3988],"product_tag":[],"class_list":{"0":"post-210441","1":"product","2":"type-product","3":"status-publish","4":"has-post-thumbnail","6":"product_featured_cat-sonderangebote-vorzelte-hindelbank-urdorf","7":"product_brand-dometic-de","8":"product_cat-zelte-vorzelte-zubehoer","10":"first","11":"instock","12":"sale","13":"taxable","14":"shipping-taxable","15":"purchasable","16":"product-type-simple"},"acf":[],"yoast_head":"<!-- This site is optimized with the Yoast SEO plugin v27.5 - https:\/\/yoast.com\/product\/yoast-seo-wordpress\/ -->\n<title>Dometic Sturm-Fu\u00dfplatte f\u00fcr Veranda - Bantam<\/title>\n<meta name=\"robots\" content=\"index, follow, max-snippet:-1, max-image-preview:large, max-video-preview:-1\" \/>\n<link rel=\"canonical\" href=\"https:\/\/shop.bantam.ch\/de\/produkt\/dometic-sturm-fussplatte-fuer-veranda\/\" \/>\n<meta property=\"og:locale\" content=\"de_DE\" \/>\n<meta property=\"og:type\" content=\"article\" \/>\n<meta property=\"og:title\" content=\"Dometic Sturm-Fu\u00dfplatte f\u00fcr Veranda - Bantam\" \/>\n<meta property=\"og:description\" content=\"Ein Zubeh\u00f6r f\u00fcr die Dometic Veranda Storm Pole. Befestigen Sie einfach den Saugfu\u00df der Stange am Aluminiumpfosten, um zu verhindern, dass er in feuchten Boden einsinkt, und um zus\u00e4tzliche Stabilit\u00e4t f\u00fcr das Vorzelt zu bieten.\" \/>\n<meta property=\"og:url\" content=\"https:\/\/shop.bantam.ch\/de\/produkt\/dometic-sturm-fussplatte-fuer-veranda\/\" \/>\n<meta property=\"og:site_name\" content=\"Bantam\" \/>\n<meta property=\"article:modified_time\" content=\"2026-05-10T21:16:56+00:00\" \/>\n<meta property=\"og:image\" content=\"https:\/\/shop.bantam.ch\/wp-content\/uploads\/2025\/03\/9120002157.jpg\" \/>\n\t<meta property=\"og:image:width\" content=\"640\" \/>\n\t<meta property=\"og:image:height\" content=\"640\" \/>\n\t<meta property=\"og:image:type\" content=\"image\/jpeg\" \/>\n<meta name=\"twitter:card\" content=\"summary_large_image\" \/>\n<script type=\"application\/ld+json\" class=\"yoast-schema-graph\">{\"@context\":\"https:\\\/\\\/schema.org\",\"@graph\":[{\"@type\":\"WebPage\",\"@id\":\"https:\\\/\\\/shop.bantam.ch\\\/de\\\/produkt\\\/dometic-sturm-fussplatte-fuer-veranda\\\/\",\"url\":\"https:\\\/\\\/shop.bantam.ch\\\/de\\\/produkt\\\/dometic-sturm-fussplatte-fuer-veranda\\\/\",\"name\":\"Dometic Sturm-Fu\u00dfplatte f\u00fcr Veranda - Bantam\",\"isPartOf\":{\"@id\":\"https:\\\/\\\/shop.bantam.ch\\\/de\\\/#website\"},\"primaryImageOfPage\":{\"@id\":\"https:\\\/\\\/shop.bantam.ch\\\/de\\\/produkt\\\/dometic-sturm-fussplatte-fuer-veranda\\\/#primaryimage\"},\"image\":{\"@id\":\"https:\\\/\\\/shop.bantam.ch\\\/de\\\/produkt\\\/dometic-sturm-fussplatte-fuer-veranda\\\/#primaryimage\"},\"thumbnailUrl\":\"https:\\\/\\\/shop.bantam.ch\\\/wp-content\\\/uploads\\\/2025\\\/03\\\/9120002157.jpg\",\"datePublished\":\"2025-03-12T14:00:57+00:00\",\"dateModified\":\"2026-05-10T21:16:56+00:00\",\"breadcrumb\":{\"@id\":\"https:\\\/\\\/shop.bantam.ch\\\/de\\\/produkt\\\/dometic-sturm-fussplatte-fuer-veranda\\\/#breadcrumb\"},\"inLanguage\":\"de\",\"potentialAction\":[{\"@type\":\"ReadAction\",\"target\":[\"https:\\\/\\\/shop.bantam.ch\\\/de\\\/produkt\\\/dometic-sturm-fussplatte-fuer-veranda\\\/\"]}]},{\"@type\":\"ImageObject\",\"inLanguage\":\"de\",\"@id\":\"https:\\\/\\\/shop.bantam.ch\\\/de\\\/produkt\\\/dometic-sturm-fussplatte-fuer-veranda\\\/#primaryimage\",\"url\":\"https:\\\/\\\/shop.bantam.ch\\\/wp-content\\\/uploads\\\/2025\\\/03\\\/9120002157.jpg\",\"contentUrl\":\"https:\\\/\\\/shop.bantam.ch\\\/wp-content\\\/uploads\\\/2025\\\/03\\\/9120002157.jpg\",\"width\":640,\"height\":640},{\"@type\":\"BreadcrumbList\",\"@id\":\"https:\\\/\\\/shop.bantam.ch\\\/de\\\/produkt\\\/dometic-sturm-fussplatte-fuer-veranda\\\/#breadcrumb\",\"itemListElement\":[{\"@type\":\"ListItem\",\"position\":1,\"name\":\"Accueil\",\"item\":\"https:\\\/\\\/shop.bantam.ch\\\/de\\\/\"},{\"@type\":\"ListItem\",\"position\":2,\"name\":\"Shop\",\"item\":\"https:\\\/\\\/shop.bantam.ch\\\/de\\\/shop\\\/\"},{\"@type\":\"ListItem\",\"position\":3,\"name\":\"Dometic Sturm-Fu\u00dfplatte f\u00fcr Veranda\"}]},{\"@type\":\"WebSite\",\"@id\":\"https:\\\/\\\/shop.bantam.ch\\\/de\\\/#website\",\"url\":\"https:\\\/\\\/shop.bantam.ch\\\/de\\\/\",\"name\":\"Bantam\",\"description\":\"\",\"publisher\":{\"@id\":\"https:\\\/\\\/shop.bantam.ch\\\/de\\\/#organization\"},\"inLanguage\":\"de\"},{\"@type\":\"Organization\",\"@id\":\"https:\\\/\\\/shop.bantam.ch\\\/de\\\/#organization\",\"name\":\"Bantam\",\"url\":\"https:\\\/\\\/shop.bantam.ch\\\/de\\\/\",\"logo\":{\"@type\":\"ImageObject\",\"inLanguage\":\"de\",\"@id\":\"https:\\\/\\\/shop.bantam.ch\\\/de\\\/#\\\/schema\\\/logo\\\/image\\\/\",\"url\":\"https:\\\/\\\/shop.bantam.ch\\\/wp-content\\\/uploads\\\/2022\\\/12\\\/bantam-logo.png\",\"contentUrl\":\"https:\\\/\\\/shop.bantam.ch\\\/wp-content\\\/uploads\\\/2022\\\/12\\\/bantam-logo.png\",\"width\":320,\"height\":71,\"caption\":\"Bantam\"},\"image\":{\"@id\":\"https:\\\/\\\/shop.bantam.ch\\\/de\\\/#\\\/schema\\\/logo\\\/image\\\/\"}}]}<\/script>\n<!-- \/ Yoast SEO plugin. -->","yoast_head_json":{"title":"Dometic Sturm-Fu\u00dfplatte f\u00fcr Veranda - Bantam","robots":{"index":"index","follow":"follow","max-snippet":"max-snippet:-1","max-image-preview":"max-image-preview:large","max-video-preview":"max-video-preview:-1"},"canonical":"https:\/\/shop.bantam.ch\/de\/produkt\/dometic-sturm-fussplatte-fuer-veranda\/","og_locale":"de_DE","og_type":"article","og_title":"Dometic Sturm-Fu\u00dfplatte f\u00fcr Veranda - Bantam","og_description":"Ein Zubeh\u00f6r f\u00fcr die Dometic Veranda Storm Pole. Befestigen Sie einfach den Saugfu\u00df der Stange am Aluminiumpfosten, um zu verhindern, dass er in feuchten Boden einsinkt, und um zus\u00e4tzliche Stabilit\u00e4t f\u00fcr das Vorzelt zu bieten.","og_url":"https:\/\/shop.bantam.ch\/de\/produkt\/dometic-sturm-fussplatte-fuer-veranda\/","og_site_name":"Bantam","article_modified_time":"2026-05-10T21:16:56+00:00","og_image":[{"width":640,"height":640,"url":"https:\/\/shop.bantam.ch\/wp-content\/uploads\/2025\/03\/9120002157.jpg","type":"image\/jpeg"}],"twitter_card":"summary_large_image","schema":{"@context":"https:\/\/schema.org","@graph":[{"@type":"WebPage","@id":"https:\/\/shop.bantam.ch\/de\/produkt\/dometic-sturm-fussplatte-fuer-veranda\/","url":"https:\/\/shop.bantam.ch\/de\/produkt\/dometic-sturm-fussplatte-fuer-veranda\/","name":"Dometic Sturm-Fu\u00dfplatte f\u00fcr Veranda - Bantam","isPartOf":{"@id":"https:\/\/shop.bantam.ch\/de\/#website"},"primaryImageOfPage":{"@id":"https:\/\/shop.bantam.ch\/de\/produkt\/dometic-sturm-fussplatte-fuer-veranda\/#primaryimage"},"image":{"@id":"https:\/\/shop.bantam.ch\/de\/produkt\/dometic-sturm-fussplatte-fuer-veranda\/#primaryimage"},"thumbnailUrl":"https:\/\/shop.bantam.ch\/wp-content\/uploads\/2025\/03\/9120002157.jpg","datePublished":"2025-03-12T14:00:57+00:00","dateModified":"2026-05-10T21:16:56+00:00","breadcrumb":{"@id":"https:\/\/shop.bantam.ch\/de\/produkt\/dometic-sturm-fussplatte-fuer-veranda\/#breadcrumb"},"inLanguage":"de","potentialAction":[{"@type":"ReadAction","target":["https:\/\/shop.bantam.ch\/de\/produkt\/dometic-sturm-fussplatte-fuer-veranda\/"]}]},{"@type":"ImageObject","inLanguage":"de","@id":"https:\/\/shop.bantam.ch\/de\/produkt\/dometic-sturm-fussplatte-fuer-veranda\/#primaryimage","url":"https:\/\/shop.bantam.ch\/wp-content\/uploads\/2025\/03\/9120002157.jpg","contentUrl":"https:\/\/shop.bantam.ch\/wp-content\/uploads\/2025\/03\/9120002157.jpg","width":640,"height":640},{"@type":"BreadcrumbList","@id":"https:\/\/shop.bantam.ch\/de\/produkt\/dometic-sturm-fussplatte-fuer-veranda\/#breadcrumb","itemListElement":[{"@type":"ListItem","position":1,"name":"Accueil","item":"https:\/\/shop.bantam.ch\/de\/"},{"@type":"ListItem","position":2,"name":"Shop","item":"https:\/\/shop.bantam.ch\/de\/shop\/"},{"@type":"ListItem","position":3,"name":"Dometic Sturm-Fu\u00dfplatte f\u00fcr Veranda"}]},{"@type":"WebSite","@id":"https:\/\/shop.bantam.ch\/de\/#website","url":"https:\/\/shop.bantam.ch\/de\/","name":"Bantam","description":"","publisher":{"@id":"https:\/\/shop.bantam.ch\/de\/#organization"},"inLanguage":"de"},{"@type":"Organization","@id":"https:\/\/shop.bantam.ch\/de\/#organization","name":"Bantam","url":"https:\/\/shop.bantam.ch\/de\/","logo":{"@type":"ImageObject","inLanguage":"de","@id":"https:\/\/shop.bantam.ch\/de\/#\/schema\/logo\/image\/","url":"https:\/\/shop.bantam.ch\/wp-content\/uploads\/2022\/12\/bantam-logo.png","contentUrl":"https:\/\/shop.bantam.ch\/wp-content\/uploads\/2022\/12\/bantam-logo.png","width":320,"height":71,"caption":"Bantam"},"image":{"@id":"https:\/\/shop.bantam.ch\/de\/#\/schema\/logo\/image\/"}}]}},"_links":{"self":[{"href":"https:\/\/shop.bantam.ch\/de\/wp-json\/wp\/v2\/product\/210441","targetHints":{"allow":["GET"]}}],"collection":[{"href":"https:\/\/shop.bantam.ch\/de\/wp-json\/wp\/v2\/product"}],"about":[{"href":"https:\/\/shop.bantam.ch\/de\/wp-json\/wp\/v2\/types\/product"}],"wp:featuredmedia":[{"embeddable":true,"href":"https:\/\/shop.bantam.ch\/de\/wp-json\/wp\/v2\/media\/210439"}],"wp:attachment":[{"href":"https:\/\/shop.bantam.ch\/de\/wp-json\/wp\/v2\/media?parent=210441"}],"wp:term":[{"taxonomy":"product_featured_cat","embeddable":true,"href":"https:\/\/shop.bantam.ch\/de\/wp-json\/wp\/v2\/product_featured_cat?post=210441"},{"taxonomy":"product_brand","embeddable":true,"href":"https:\/\/shop.bantam.ch\/de\/wp-json\/wp\/v2\/product_brand?post=210441"},{"taxonomy":"product_cat","embeddable":true,"href":"https:\/\/shop.bantam.ch\/de\/wp-json\/wp\/v2\/product_cat?post=210441"},{"taxonomy":"product_tag","embeddable":true,"href":"https:\/\/shop.bantam.ch\/de\/wp-json\/wp\/v2\/product_tag?post=210441"}],"curies":[{"name":"wp","href":"https:\/\/api.w.org\/{rel}","templated":true}]}}