{"id":210384,"date":"2025-03-11T16:56:56","date_gmt":"2025-03-11T15:56:56","guid":{"rendered":"https:\/\/shop.bantam.ch\/produit\/dometic-kampa-mesh-panel-set-ace-air-400-moskitonetz-paneele\/"},"modified":"2026-05-02T23:13:50","modified_gmt":"2026-05-02T21:13:50","slug":"dometic-kampa-mesh-panel-set-ace-air-400-moskitonetz-paneele","status":"publish","type":"product","link":"https:\/\/shop.bantam.ch\/de\/produkt\/dometic-kampa-mesh-panel-set-ace-air-400-moskitonetz-paneele\/","title":{"rendered":"Dometic-Kampa Mesh Panel Set Ace Air 400 Moskitonetz-Paneele"},"content":{"rendered":"<p>Dometic-Kampa Mesh Panel Ace Air 400 ist ein Set aus Moskitonetzen, das verwendet werden kann, ohne die transparenten Kristall-Fensterpaneele der Front zu entfernen. Das Ace Air 400-Vorzelt verf\u00fcgt \u00fcber drei Rei\u00dfverschlusssysteme \u2013 eines au\u00dfen und eines innen. Dadurch kann das Moskitonetz beispielsweise innen positioniert werden, w\u00e4hrend das Fensterpaneel in Balkonstellung geklappt wird, um eine maximale Bel\u00fcftung zu erm\u00f6glichen und gleichzeitig Schutz vor Insekten zu bieten. Dieses Set besteht aus drei Paneelen und ist kompatibel mit dem Modell Ace Air 400. Material: Polyester. Farbe: Schwarz<\/p>\n","protected":false},"excerpt":{"rendered":"<p>Dometic-Kampa Mesh Panel Ace Air 400 ist ein Set aus Moskitonetzen, das verwendet werden kann, ohne die transparenten Kristall-Fensterpaneele der Front zu entfernen. Das Ace Air 400-Vorzelt verf\u00fcgt \u00fcber drei Rei\u00dfverschlusssysteme \u2013 eines au\u00dfen und eines innen. Dadurch kann das Moskitonetz beispielsweise innen positioniert werden, w\u00e4hrend das Fensterpaneel in Balkonstellung geklappt wird, um eine maximale [&hellip;]<\/p>\n","protected":false},"featured_media":210386,"template":"","meta":{"_acf_changed":false},"product_featured_cat":[5308],"product_brand":[3559],"product_cat":[3988],"product_tag":[],"class_list":{"0":"post-210384","1":"product","2":"type-product","3":"status-publish","4":"has-post-thumbnail","6":"product_featured_cat-sonderangebote-vorzelte-hindelbank-urdorf","7":"product_brand-kampa-de","8":"product_cat-zelte-vorzelte-zubehoer","10":"first","11":"instock","12":"sale","13":"taxable","14":"shipping-taxable","15":"purchasable","16":"product-type-simple"},"acf":[],"yoast_head":"<!-- This site is optimized with the Yoast SEO plugin v27.5 - https:\/\/yoast.com\/product\/yoast-seo-wordpress\/ -->\n<title>Dometic-Kampa Mesh Panel Set Ace Air 400 Moskitonetz-Paneele - Bantam<\/title>\n<meta name=\"robots\" content=\"index, follow, max-snippet:-1, max-image-preview:large, max-video-preview:-1\" \/>\n<link rel=\"canonical\" href=\"https:\/\/shop.bantam.ch\/de\/produkt\/dometic-kampa-mesh-panel-set-ace-air-400-moskitonetz-paneele\/\" \/>\n<meta property=\"og:locale\" content=\"de_DE\" \/>\n<meta property=\"og:type\" content=\"article\" \/>\n<meta property=\"og:title\" content=\"Dometic-Kampa Mesh Panel Set Ace Air 400 Moskitonetz-Paneele - Bantam\" \/>\n<meta property=\"og:description\" content=\"Dometic-Kampa Mesh Panel Ace Air 400 ist ein Set aus Moskitonetzen, das verwendet werden kann, ohne die transparenten Kristall-Fensterpaneele der Front zu entfernen. Das Ace Air 400-Vorzelt verf\u00fcgt \u00fcber drei Rei\u00dfverschlusssysteme \u2013 eines au\u00dfen und eines innen. Dadurch kann das Moskitonetz beispielsweise innen positioniert werden, w\u00e4hrend das Fensterpaneel in Balkonstellung geklappt wird, um eine maximale [&hellip;]\" \/>\n<meta property=\"og:url\" content=\"https:\/\/shop.bantam.ch\/de\/produkt\/dometic-kampa-mesh-panel-set-ace-air-400-moskitonetz-paneele\/\" \/>\n<meta property=\"og:site_name\" content=\"Bantam\" \/>\n<meta property=\"article:modified_time\" content=\"2026-05-02T21:13:50+00:00\" \/>\n<meta property=\"og:image\" content=\"https:\/\/shop.bantam.ch\/wp-content\/uploads\/2025\/03\/mesh-panel-set_9120001304.jpg\" \/>\n\t<meta property=\"og:image:width\" content=\"640\" \/>\n\t<meta property=\"og:image:height\" content=\"640\" \/>\n\t<meta property=\"og:image:type\" content=\"image\/jpeg\" \/>\n<meta name=\"twitter:card\" content=\"summary_large_image\" \/>\n<script type=\"application\/ld+json\" class=\"yoast-schema-graph\">{\"@context\":\"https:\\\/\\\/schema.org\",\"@graph\":[{\"@type\":\"WebPage\",\"@id\":\"https:\\\/\\\/shop.bantam.ch\\\/de\\\/produkt\\\/dometic-kampa-mesh-panel-set-ace-air-400-moskitonetz-paneele\\\/\",\"url\":\"https:\\\/\\\/shop.bantam.ch\\\/de\\\/produkt\\\/dometic-kampa-mesh-panel-set-ace-air-400-moskitonetz-paneele\\\/\",\"name\":\"Dometic-Kampa Mesh Panel Set Ace Air 400 Moskitonetz-Paneele - Bantam\",\"isPartOf\":{\"@id\":\"https:\\\/\\\/shop.bantam.ch\\\/de\\\/#website\"},\"primaryImageOfPage\":{\"@id\":\"https:\\\/\\\/shop.bantam.ch\\\/de\\\/produkt\\\/dometic-kampa-mesh-panel-set-ace-air-400-moskitonetz-paneele\\\/#primaryimage\"},\"image\":{\"@id\":\"https:\\\/\\\/shop.bantam.ch\\\/de\\\/produkt\\\/dometic-kampa-mesh-panel-set-ace-air-400-moskitonetz-paneele\\\/#primaryimage\"},\"thumbnailUrl\":\"https:\\\/\\\/shop.bantam.ch\\\/wp-content\\\/uploads\\\/2025\\\/03\\\/mesh-panel-set_9120001304.jpg\",\"datePublished\":\"2025-03-11T15:56:56+00:00\",\"dateModified\":\"2026-05-02T21:13:50+00:00\",\"breadcrumb\":{\"@id\":\"https:\\\/\\\/shop.bantam.ch\\\/de\\\/produkt\\\/dometic-kampa-mesh-panel-set-ace-air-400-moskitonetz-paneele\\\/#breadcrumb\"},\"inLanguage\":\"de\",\"potentialAction\":[{\"@type\":\"ReadAction\",\"target\":[\"https:\\\/\\\/shop.bantam.ch\\\/de\\\/produkt\\\/dometic-kampa-mesh-panel-set-ace-air-400-moskitonetz-paneele\\\/\"]}]},{\"@type\":\"ImageObject\",\"inLanguage\":\"de\",\"@id\":\"https:\\\/\\\/shop.bantam.ch\\\/de\\\/produkt\\\/dometic-kampa-mesh-panel-set-ace-air-400-moskitonetz-paneele\\\/#primaryimage\",\"url\":\"https:\\\/\\\/shop.bantam.ch\\\/wp-content\\\/uploads\\\/2025\\\/03\\\/mesh-panel-set_9120001304.jpg\",\"contentUrl\":\"https:\\\/\\\/shop.bantam.ch\\\/wp-content\\\/uploads\\\/2025\\\/03\\\/mesh-panel-set_9120001304.jpg\",\"width\":640,\"height\":640},{\"@type\":\"BreadcrumbList\",\"@id\":\"https:\\\/\\\/shop.bantam.ch\\\/de\\\/produkt\\\/dometic-kampa-mesh-panel-set-ace-air-400-moskitonetz-paneele\\\/#breadcrumb\",\"itemListElement\":[{\"@type\":\"ListItem\",\"position\":1,\"name\":\"Accueil\",\"item\":\"https:\\\/\\\/shop.bantam.ch\\\/de\\\/\"},{\"@type\":\"ListItem\",\"position\":2,\"name\":\"Shop\",\"item\":\"https:\\\/\\\/shop.bantam.ch\\\/de\\\/shop\\\/\"},{\"@type\":\"ListItem\",\"position\":3,\"name\":\"Dometic-Kampa Mesh Panel Set Ace Air 400 Moskitonetz-Paneele\"}]},{\"@type\":\"WebSite\",\"@id\":\"https:\\\/\\\/shop.bantam.ch\\\/de\\\/#website\",\"url\":\"https:\\\/\\\/shop.bantam.ch\\\/de\\\/\",\"name\":\"Bantam\",\"description\":\"\",\"publisher\":{\"@id\":\"https:\\\/\\\/shop.bantam.ch\\\/de\\\/#organization\"},\"inLanguage\":\"de\"},{\"@type\":\"Organization\",\"@id\":\"https:\\\/\\\/shop.bantam.ch\\\/de\\\/#organization\",\"name\":\"Bantam\",\"url\":\"https:\\\/\\\/shop.bantam.ch\\\/de\\\/\",\"logo\":{\"@type\":\"ImageObject\",\"inLanguage\":\"de\",\"@id\":\"https:\\\/\\\/shop.bantam.ch\\\/de\\\/#\\\/schema\\\/logo\\\/image\\\/\",\"url\":\"https:\\\/\\\/shop.bantam.ch\\\/wp-content\\\/uploads\\\/2022\\\/12\\\/bantam-logo.png\",\"contentUrl\":\"https:\\\/\\\/shop.bantam.ch\\\/wp-content\\\/uploads\\\/2022\\\/12\\\/bantam-logo.png\",\"width\":320,\"height\":71,\"caption\":\"Bantam\"},\"image\":{\"@id\":\"https:\\\/\\\/shop.bantam.ch\\\/de\\\/#\\\/schema\\\/logo\\\/image\\\/\"}}]}<\/script>\n<!-- \/ Yoast SEO plugin. -->","yoast_head_json":{"title":"Dometic-Kampa Mesh Panel Set Ace Air 400 Moskitonetz-Paneele - Bantam","robots":{"index":"index","follow":"follow","max-snippet":"max-snippet:-1","max-image-preview":"max-image-preview:large","max-video-preview":"max-video-preview:-1"},"canonical":"https:\/\/shop.bantam.ch\/de\/produkt\/dometic-kampa-mesh-panel-set-ace-air-400-moskitonetz-paneele\/","og_locale":"de_DE","og_type":"article","og_title":"Dometic-Kampa Mesh Panel Set Ace Air 400 Moskitonetz-Paneele - Bantam","og_description":"Dometic-Kampa Mesh Panel Ace Air 400 ist ein Set aus Moskitonetzen, das verwendet werden kann, ohne die transparenten Kristall-Fensterpaneele der Front zu entfernen. Das Ace Air 400-Vorzelt verf\u00fcgt \u00fcber drei Rei\u00dfverschlusssysteme \u2013 eines au\u00dfen und eines innen. Dadurch kann das Moskitonetz beispielsweise innen positioniert werden, w\u00e4hrend das Fensterpaneel in Balkonstellung geklappt wird, um eine maximale [&hellip;]","og_url":"https:\/\/shop.bantam.ch\/de\/produkt\/dometic-kampa-mesh-panel-set-ace-air-400-moskitonetz-paneele\/","og_site_name":"Bantam","article_modified_time":"2026-05-02T21:13:50+00:00","og_image":[{"width":640,"height":640,"url":"https:\/\/shop.bantam.ch\/wp-content\/uploads\/2025\/03\/mesh-panel-set_9120001304.jpg","type":"image\/jpeg"}],"twitter_card":"summary_large_image","schema":{"@context":"https:\/\/schema.org","@graph":[{"@type":"WebPage","@id":"https:\/\/shop.bantam.ch\/de\/produkt\/dometic-kampa-mesh-panel-set-ace-air-400-moskitonetz-paneele\/","url":"https:\/\/shop.bantam.ch\/de\/produkt\/dometic-kampa-mesh-panel-set-ace-air-400-moskitonetz-paneele\/","name":"Dometic-Kampa Mesh Panel Set Ace Air 400 Moskitonetz-Paneele - Bantam","isPartOf":{"@id":"https:\/\/shop.bantam.ch\/de\/#website"},"primaryImageOfPage":{"@id":"https:\/\/shop.bantam.ch\/de\/produkt\/dometic-kampa-mesh-panel-set-ace-air-400-moskitonetz-paneele\/#primaryimage"},"image":{"@id":"https:\/\/shop.bantam.ch\/de\/produkt\/dometic-kampa-mesh-panel-set-ace-air-400-moskitonetz-paneele\/#primaryimage"},"thumbnailUrl":"https:\/\/shop.bantam.ch\/wp-content\/uploads\/2025\/03\/mesh-panel-set_9120001304.jpg","datePublished":"2025-03-11T15:56:56+00:00","dateModified":"2026-05-02T21:13:50+00:00","breadcrumb":{"@id":"https:\/\/shop.bantam.ch\/de\/produkt\/dometic-kampa-mesh-panel-set-ace-air-400-moskitonetz-paneele\/#breadcrumb"},"inLanguage":"de","potentialAction":[{"@type":"ReadAction","target":["https:\/\/shop.bantam.ch\/de\/produkt\/dometic-kampa-mesh-panel-set-ace-air-400-moskitonetz-paneele\/"]}]},{"@type":"ImageObject","inLanguage":"de","@id":"https:\/\/shop.bantam.ch\/de\/produkt\/dometic-kampa-mesh-panel-set-ace-air-400-moskitonetz-paneele\/#primaryimage","url":"https:\/\/shop.bantam.ch\/wp-content\/uploads\/2025\/03\/mesh-panel-set_9120001304.jpg","contentUrl":"https:\/\/shop.bantam.ch\/wp-content\/uploads\/2025\/03\/mesh-panel-set_9120001304.jpg","width":640,"height":640},{"@type":"BreadcrumbList","@id":"https:\/\/shop.bantam.ch\/de\/produkt\/dometic-kampa-mesh-panel-set-ace-air-400-moskitonetz-paneele\/#breadcrumb","itemListElement":[{"@type":"ListItem","position":1,"name":"Accueil","item":"https:\/\/shop.bantam.ch\/de\/"},{"@type":"ListItem","position":2,"name":"Shop","item":"https:\/\/shop.bantam.ch\/de\/shop\/"},{"@type":"ListItem","position":3,"name":"Dometic-Kampa Mesh Panel Set Ace Air 400 Moskitonetz-Paneele"}]},{"@type":"WebSite","@id":"https:\/\/shop.bantam.ch\/de\/#website","url":"https:\/\/shop.bantam.ch\/de\/","name":"Bantam","description":"","publisher":{"@id":"https:\/\/shop.bantam.ch\/de\/#organization"},"inLanguage":"de"},{"@type":"Organization","@id":"https:\/\/shop.bantam.ch\/de\/#organization","name":"Bantam","url":"https:\/\/shop.bantam.ch\/de\/","logo":{"@type":"ImageObject","inLanguage":"de","@id":"https:\/\/shop.bantam.ch\/de\/#\/schema\/logo\/image\/","url":"https:\/\/shop.bantam.ch\/wp-content\/uploads\/2022\/12\/bantam-logo.png","contentUrl":"https:\/\/shop.bantam.ch\/wp-content\/uploads\/2022\/12\/bantam-logo.png","width":320,"height":71,"caption":"Bantam"},"image":{"@id":"https:\/\/shop.bantam.ch\/de\/#\/schema\/logo\/image\/"}}]}},"_links":{"self":[{"href":"https:\/\/shop.bantam.ch\/de\/wp-json\/wp\/v2\/product\/210384","targetHints":{"allow":["GET"]}}],"collection":[{"href":"https:\/\/shop.bantam.ch\/de\/wp-json\/wp\/v2\/product"}],"about":[{"href":"https:\/\/shop.bantam.ch\/de\/wp-json\/wp\/v2\/types\/product"}],"wp:featuredmedia":[{"embeddable":true,"href":"https:\/\/shop.bantam.ch\/de\/wp-json\/wp\/v2\/media\/210386"}],"wp:attachment":[{"href":"https:\/\/shop.bantam.ch\/de\/wp-json\/wp\/v2\/media?parent=210384"}],"wp:term":[{"taxonomy":"product_featured_cat","embeddable":true,"href":"https:\/\/shop.bantam.ch\/de\/wp-json\/wp\/v2\/product_featured_cat?post=210384"},{"taxonomy":"product_brand","embeddable":true,"href":"https:\/\/shop.bantam.ch\/de\/wp-json\/wp\/v2\/product_brand?post=210384"},{"taxonomy":"product_cat","embeddable":true,"href":"https:\/\/shop.bantam.ch\/de\/wp-json\/wp\/v2\/product_cat?post=210384"},{"taxonomy":"product_tag","embeddable":true,"href":"https:\/\/shop.bantam.ch\/de\/wp-json\/wp\/v2\/product_tag?post=210384"}],"curies":[{"name":"wp","href":"https:\/\/api.w.org\/{rel}","templated":true}]}}