{"id":210364,"date":"2025-03-11T16:22:19","date_gmt":"2025-03-11T15:22:19","guid":{"rendered":"https:\/\/shop.bantam.ch\/produit\/rally-air-200-200-x-250-cm\/"},"modified":"2026-05-02T23:13:50","modified_gmt":"2026-05-02T21:13:50","slug":"rally-air-200-200-x-250-cm","status":"publish","type":"product","link":"https:\/\/shop.bantam.ch\/de\/produkt\/rally-air-200-200-x-250-cm\/","title":{"rendered":"Rally AIR 200 &#8211; 200 x 250 cm"},"content":{"rendered":"<p>Aktualisierte Version unseres Bestseller-Modells. Der Rally AIR Pro ist schlichtweg das meistverkaufte aufblasbare Vorzelt der Welt. Diese aktualisierte Version der Serie 5 bietet noch mehr Funktionen und stellt sicher, dass der Rally AIR Pro weiterhin marktf\u00fchrend bleibt. Es handelt sich um ein komplett ausgestattetes und durchdachtes Vorzelt. Die austauschbaren und herausnehmbaren Seitenpaneele erm\u00f6glichen die Anbringung eines Anbaus oder Wintergartens sowie das Umdrehen der Seitent\u00fcren, die sowohl vorne als auch hinten ge\u00f6ffnet werden k\u00f6nnen. F\u00fcr 2018 haben wir den Rally AIR Pro komplett \u00fcberarbeitet. Er verf\u00fcgt nun \u00fcber ein Dual-Pitch-Dachsystem sowie ein gro\u00dfes Mesh-Fensterpanel auf der rechten Seitenwand. Alle Rally AIR Pro-Modelle k\u00f6nnen optional mit vorderen Mesh-Panels ausgestattet werden, die eine optimale Bel\u00fcftung erm\u00f6glichen, w\u00e4hrend sie gleichzeitig Insekten fernhalten. Die Rally AIR Pro-Modelle sind zudem mit unserem Limpet-System kompatibel \u2013 einer innovativen Methode zur sicheren Befestigung der Seitenw\u00e4nde an der Wohnwagenwand. Erh\u00e4ltlich in verschiedenen Gr\u00f6\u00dfen: 200, 260, 330 und 390. Der Rally AIR Pro wird aus unserem hochwertigen Weathershield\u00ae Pro-Material gefertigt, das f\u00fcr hervorragende Wetterbest\u00e4ndigkeit und Langlebigkeit sorgt, dabei aber dennoch leicht und einfach zu handhaben bleibt. Breite: 200 cm. Tiefe: 250 cm. Packma\u00df (cm): 95 x 32 x 32. Gewicht: 15,9 kg. Mindestgewicht: 11,8 kg<\/p>\n","protected":false},"excerpt":{"rendered":"<p>Aktualisierte Version unseres Bestseller-Modells. Der Rally AIR Pro ist schlichtweg das meistverkaufte aufblasbare Vorzelt der Welt. Diese aktualisierte Version der Serie 5 bietet noch mehr Funktionen und stellt sicher, dass der Rally AIR Pro weiterhin marktf\u00fchrend bleibt. Es handelt sich um ein komplett ausgestattetes und durchdachtes Vorzelt. Die austauschbaren und herausnehmbaren Seitenpaneele erm\u00f6glichen die Anbringung [&hellip;]<\/p>\n","protected":false},"featured_media":210372,"template":"","meta":{"_acf_changed":false},"product_featured_cat":[5307],"product_brand":[3559],"product_cat":[4248],"product_tag":[],"class_list":{"0":"post-210364","1":"product","2":"type-product","3":"status-publish","4":"has-post-thumbnail","6":"product_featured_cat-auvents-etagniere-de","7":"product_brand-kampa-de","8":"product_cat-vorzelte-zelte","10":"first","11":"instock","12":"sale","13":"taxable","14":"shipping-taxable","15":"purchasable","16":"product-type-simple"},"acf":[],"yoast_head":"<!-- This site is optimized with the Yoast SEO plugin v27.5 - https:\/\/yoast.com\/product\/yoast-seo-wordpress\/ -->\n<title>Rally AIR 200 - 200 x 250 cm - Bantam<\/title>\n<meta name=\"robots\" content=\"index, follow, max-snippet:-1, max-image-preview:large, max-video-preview:-1\" \/>\n<link rel=\"canonical\" href=\"https:\/\/shop.bantam.ch\/de\/produkt\/rally-air-200-200-x-250-cm\/\" \/>\n<meta property=\"og:locale\" content=\"de_DE\" \/>\n<meta property=\"og:type\" content=\"article\" \/>\n<meta property=\"og:title\" content=\"Rally AIR 200 - 200 x 250 cm - Bantam\" \/>\n<meta property=\"og:description\" content=\"Aktualisierte Version unseres Bestseller-Modells. Der Rally AIR Pro ist schlichtweg das meistverkaufte aufblasbare Vorzelt der Welt. Diese aktualisierte Version der Serie 5 bietet noch mehr Funktionen und stellt sicher, dass der Rally AIR Pro weiterhin marktf\u00fchrend bleibt. Es handelt sich um ein komplett ausgestattetes und durchdachtes Vorzelt. Die austauschbaren und herausnehmbaren Seitenpaneele erm\u00f6glichen die Anbringung [&hellip;]\" \/>\n<meta property=\"og:url\" content=\"https:\/\/shop.bantam.ch\/de\/produkt\/rally-air-200-200-x-250-cm\/\" \/>\n<meta property=\"og:site_name\" content=\"Bantam\" \/>\n<meta property=\"article:modified_time\" content=\"2026-05-02T21:13:50+00:00\" \/>\n<meta property=\"og:image\" content=\"https:\/\/shop.bantam.ch\/wp-content\/uploads\/2025\/03\/CE7184.jpg\" \/>\n\t<meta property=\"og:image:width\" content=\"709\" \/>\n\t<meta property=\"og:image:height\" content=\"523\" \/>\n\t<meta property=\"og:image:type\" content=\"image\/jpeg\" \/>\n<meta name=\"twitter:card\" content=\"summary_large_image\" \/>\n<meta name=\"twitter:label1\" content=\"Gesch\u00e4tzte Lesezeit\" \/>\n\t<meta name=\"twitter:data1\" content=\"1\u00a0Minute\" \/>\n<script type=\"application\/ld+json\" class=\"yoast-schema-graph\">{\"@context\":\"https:\\\/\\\/schema.org\",\"@graph\":[{\"@type\":\"WebPage\",\"@id\":\"https:\\\/\\\/shop.bantam.ch\\\/de\\\/produkt\\\/rally-air-200-200-x-250-cm\\\/\",\"url\":\"https:\\\/\\\/shop.bantam.ch\\\/de\\\/produkt\\\/rally-air-200-200-x-250-cm\\\/\",\"name\":\"Rally AIR 200 - 200 x 250 cm - Bantam\",\"isPartOf\":{\"@id\":\"https:\\\/\\\/shop.bantam.ch\\\/de\\\/#website\"},\"primaryImageOfPage\":{\"@id\":\"https:\\\/\\\/shop.bantam.ch\\\/de\\\/produkt\\\/rally-air-200-200-x-250-cm\\\/#primaryimage\"},\"image\":{\"@id\":\"https:\\\/\\\/shop.bantam.ch\\\/de\\\/produkt\\\/rally-air-200-200-x-250-cm\\\/#primaryimage\"},\"thumbnailUrl\":\"https:\\\/\\\/shop.bantam.ch\\\/wp-content\\\/uploads\\\/2025\\\/03\\\/CE7184.jpg\",\"datePublished\":\"2025-03-11T15:22:19+00:00\",\"dateModified\":\"2026-05-02T21:13:50+00:00\",\"breadcrumb\":{\"@id\":\"https:\\\/\\\/shop.bantam.ch\\\/de\\\/produkt\\\/rally-air-200-200-x-250-cm\\\/#breadcrumb\"},\"inLanguage\":\"de\",\"potentialAction\":[{\"@type\":\"ReadAction\",\"target\":[\"https:\\\/\\\/shop.bantam.ch\\\/de\\\/produkt\\\/rally-air-200-200-x-250-cm\\\/\"]}]},{\"@type\":\"ImageObject\",\"inLanguage\":\"de\",\"@id\":\"https:\\\/\\\/shop.bantam.ch\\\/de\\\/produkt\\\/rally-air-200-200-x-250-cm\\\/#primaryimage\",\"url\":\"https:\\\/\\\/shop.bantam.ch\\\/wp-content\\\/uploads\\\/2025\\\/03\\\/CE7184.jpg\",\"contentUrl\":\"https:\\\/\\\/shop.bantam.ch\\\/wp-content\\\/uploads\\\/2025\\\/03\\\/CE7184.jpg\",\"width\":709,\"height\":523},{\"@type\":\"BreadcrumbList\",\"@id\":\"https:\\\/\\\/shop.bantam.ch\\\/de\\\/produkt\\\/rally-air-200-200-x-250-cm\\\/#breadcrumb\",\"itemListElement\":[{\"@type\":\"ListItem\",\"position\":1,\"name\":\"Accueil\",\"item\":\"https:\\\/\\\/shop.bantam.ch\\\/de\\\/\"},{\"@type\":\"ListItem\",\"position\":2,\"name\":\"Shop\",\"item\":\"https:\\\/\\\/shop.bantam.ch\\\/de\\\/shop\\\/\"},{\"@type\":\"ListItem\",\"position\":3,\"name\":\"Rally AIR 200 &#8211; 200 x 250 cm\"}]},{\"@type\":\"WebSite\",\"@id\":\"https:\\\/\\\/shop.bantam.ch\\\/de\\\/#website\",\"url\":\"https:\\\/\\\/shop.bantam.ch\\\/de\\\/\",\"name\":\"Bantam\",\"description\":\"\",\"publisher\":{\"@id\":\"https:\\\/\\\/shop.bantam.ch\\\/de\\\/#organization\"},\"inLanguage\":\"de\"},{\"@type\":\"Organization\",\"@id\":\"https:\\\/\\\/shop.bantam.ch\\\/de\\\/#organization\",\"name\":\"Bantam\",\"url\":\"https:\\\/\\\/shop.bantam.ch\\\/de\\\/\",\"logo\":{\"@type\":\"ImageObject\",\"inLanguage\":\"de\",\"@id\":\"https:\\\/\\\/shop.bantam.ch\\\/de\\\/#\\\/schema\\\/logo\\\/image\\\/\",\"url\":\"https:\\\/\\\/shop.bantam.ch\\\/wp-content\\\/uploads\\\/2022\\\/12\\\/bantam-logo.png\",\"contentUrl\":\"https:\\\/\\\/shop.bantam.ch\\\/wp-content\\\/uploads\\\/2022\\\/12\\\/bantam-logo.png\",\"width\":320,\"height\":71,\"caption\":\"Bantam\"},\"image\":{\"@id\":\"https:\\\/\\\/shop.bantam.ch\\\/de\\\/#\\\/schema\\\/logo\\\/image\\\/\"}}]}<\/script>\n<!-- \/ Yoast SEO plugin. -->","yoast_head_json":{"title":"Rally AIR 200 - 200 x 250 cm - Bantam","robots":{"index":"index","follow":"follow","max-snippet":"max-snippet:-1","max-image-preview":"max-image-preview:large","max-video-preview":"max-video-preview:-1"},"canonical":"https:\/\/shop.bantam.ch\/de\/produkt\/rally-air-200-200-x-250-cm\/","og_locale":"de_DE","og_type":"article","og_title":"Rally AIR 200 - 200 x 250 cm - Bantam","og_description":"Aktualisierte Version unseres Bestseller-Modells. Der Rally AIR Pro ist schlichtweg das meistverkaufte aufblasbare Vorzelt der Welt. Diese aktualisierte Version der Serie 5 bietet noch mehr Funktionen und stellt sicher, dass der Rally AIR Pro weiterhin marktf\u00fchrend bleibt. Es handelt sich um ein komplett ausgestattetes und durchdachtes Vorzelt. Die austauschbaren und herausnehmbaren Seitenpaneele erm\u00f6glichen die Anbringung [&hellip;]","og_url":"https:\/\/shop.bantam.ch\/de\/produkt\/rally-air-200-200-x-250-cm\/","og_site_name":"Bantam","article_modified_time":"2026-05-02T21:13:50+00:00","og_image":[{"width":709,"height":523,"url":"https:\/\/shop.bantam.ch\/wp-content\/uploads\/2025\/03\/CE7184.jpg","type":"image\/jpeg"}],"twitter_card":"summary_large_image","twitter_misc":{"Gesch\u00e4tzte Lesezeit":"1\u00a0Minute"},"schema":{"@context":"https:\/\/schema.org","@graph":[{"@type":"WebPage","@id":"https:\/\/shop.bantam.ch\/de\/produkt\/rally-air-200-200-x-250-cm\/","url":"https:\/\/shop.bantam.ch\/de\/produkt\/rally-air-200-200-x-250-cm\/","name":"Rally AIR 200 - 200 x 250 cm - Bantam","isPartOf":{"@id":"https:\/\/shop.bantam.ch\/de\/#website"},"primaryImageOfPage":{"@id":"https:\/\/shop.bantam.ch\/de\/produkt\/rally-air-200-200-x-250-cm\/#primaryimage"},"image":{"@id":"https:\/\/shop.bantam.ch\/de\/produkt\/rally-air-200-200-x-250-cm\/#primaryimage"},"thumbnailUrl":"https:\/\/shop.bantam.ch\/wp-content\/uploads\/2025\/03\/CE7184.jpg","datePublished":"2025-03-11T15:22:19+00:00","dateModified":"2026-05-02T21:13:50+00:00","breadcrumb":{"@id":"https:\/\/shop.bantam.ch\/de\/produkt\/rally-air-200-200-x-250-cm\/#breadcrumb"},"inLanguage":"de","potentialAction":[{"@type":"ReadAction","target":["https:\/\/shop.bantam.ch\/de\/produkt\/rally-air-200-200-x-250-cm\/"]}]},{"@type":"ImageObject","inLanguage":"de","@id":"https:\/\/shop.bantam.ch\/de\/produkt\/rally-air-200-200-x-250-cm\/#primaryimage","url":"https:\/\/shop.bantam.ch\/wp-content\/uploads\/2025\/03\/CE7184.jpg","contentUrl":"https:\/\/shop.bantam.ch\/wp-content\/uploads\/2025\/03\/CE7184.jpg","width":709,"height":523},{"@type":"BreadcrumbList","@id":"https:\/\/shop.bantam.ch\/de\/produkt\/rally-air-200-200-x-250-cm\/#breadcrumb","itemListElement":[{"@type":"ListItem","position":1,"name":"Accueil","item":"https:\/\/shop.bantam.ch\/de\/"},{"@type":"ListItem","position":2,"name":"Shop","item":"https:\/\/shop.bantam.ch\/de\/shop\/"},{"@type":"ListItem","position":3,"name":"Rally AIR 200 &#8211; 200 x 250 cm"}]},{"@type":"WebSite","@id":"https:\/\/shop.bantam.ch\/de\/#website","url":"https:\/\/shop.bantam.ch\/de\/","name":"Bantam","description":"","publisher":{"@id":"https:\/\/shop.bantam.ch\/de\/#organization"},"inLanguage":"de"},{"@type":"Organization","@id":"https:\/\/shop.bantam.ch\/de\/#organization","name":"Bantam","url":"https:\/\/shop.bantam.ch\/de\/","logo":{"@type":"ImageObject","inLanguage":"de","@id":"https:\/\/shop.bantam.ch\/de\/#\/schema\/logo\/image\/","url":"https:\/\/shop.bantam.ch\/wp-content\/uploads\/2022\/12\/bantam-logo.png","contentUrl":"https:\/\/shop.bantam.ch\/wp-content\/uploads\/2022\/12\/bantam-logo.png","width":320,"height":71,"caption":"Bantam"},"image":{"@id":"https:\/\/shop.bantam.ch\/de\/#\/schema\/logo\/image\/"}}]}},"_links":{"self":[{"href":"https:\/\/shop.bantam.ch\/de\/wp-json\/wp\/v2\/product\/210364","targetHints":{"allow":["GET"]}}],"collection":[{"href":"https:\/\/shop.bantam.ch\/de\/wp-json\/wp\/v2\/product"}],"about":[{"href":"https:\/\/shop.bantam.ch\/de\/wp-json\/wp\/v2\/types\/product"}],"wp:featuredmedia":[{"embeddable":true,"href":"https:\/\/shop.bantam.ch\/de\/wp-json\/wp\/v2\/media\/210372"}],"wp:attachment":[{"href":"https:\/\/shop.bantam.ch\/de\/wp-json\/wp\/v2\/media?parent=210364"}],"wp:term":[{"taxonomy":"product_featured_cat","embeddable":true,"href":"https:\/\/shop.bantam.ch\/de\/wp-json\/wp\/v2\/product_featured_cat?post=210364"},{"taxonomy":"product_brand","embeddable":true,"href":"https:\/\/shop.bantam.ch\/de\/wp-json\/wp\/v2\/product_brand?post=210364"},{"taxonomy":"product_cat","embeddable":true,"href":"https:\/\/shop.bantam.ch\/de\/wp-json\/wp\/v2\/product_cat?post=210364"},{"taxonomy":"product_tag","embeddable":true,"href":"https:\/\/shop.bantam.ch\/de\/wp-json\/wp\/v2\/product_tag?post=210364"}],"curies":[{"name":"wp","href":"https:\/\/api.w.org\/{rel}","templated":true}]}}